{"id":1599,"date":"2024-12-23T06:59:20","date_gmt":"2024-12-23T06:59:20","guid":{"rendered":"https:\/\/fmp-components.com\/product\/customized-double-acting-telescopic-hydraulic-cylinder-for-dump-trailer\/"},"modified":"2024-12-23T08:26:07","modified_gmt":"2024-12-23T08:26:07","slug":"customized-double-acting-telescopic-hydraulic-cylinder-for-dump-trailer","status":"publish","type":"product","link":"https:\/\/fmp-components.com\/pt\/product\/customized-double-acting-telescopic-hydraulic-cylinder-for-dump-trailer\/","title":{"rendered":"Cilindro hidr\u00e1ulico telesc\u00f3pico de dupla a\u00e7\u00e3o personalizado para reboque basculante"},"content":{"rendered":"<h2>Apresentando o cilindro hidr\u00e1ulico telesc\u00f3pico de dupla a\u00e7\u00e3o personalizado para reboque basculante:<\/h2>\n<p>O Cilindro Hidr\u00e1ulico Telesc\u00f3pico de Dupla A\u00e7\u00e3o Personalizado foi projetado especificamente para reboques basculantes, proporcionando excelente desempenho e durabilidade. Este cilindro hidr\u00e1ulico de alta qualidade foi projetado para suportar cargas pesadas e condi\u00e7\u00f5es de trabalho adversas.<\/p>\n<p>Principais caracter\u00edsticas:<\/p>\n<p>1. Dupla a\u00e7\u00e3o: o cilindro foi projetado para funcionar tanto em a\u00e7\u00f5es de extens\u00e3o quanto de retra\u00e7\u00e3o, garantindo uma opera\u00e7\u00e3o eficiente e vers\u00e1til.<\/p>\n<p>2. Design telesc\u00f3pico: com sua estrutura telesc\u00f3pica, este cilindro hidr\u00e1ulico oferece v\u00e1rios est\u00e1gios de extens\u00e3o, permitindo maiores capacidades de eleva\u00e7\u00e3o e melhor controle.<\/p>\n<p>3. Personaliz\u00e1vel: O cilindro pode ser adaptado para atender a requisitos espec\u00edficos, incluindo curso, op\u00e7\u00f5es de montagem e classifica\u00e7\u00f5es de press\u00e3o. Essa flexibilidade garante integra\u00e7\u00e3o perfeita em diversas aplica\u00e7\u00f5es de reboques basculantes.<\/p>\n<p>4. Resist\u00eancia superior: constru\u00eddo com materiais premium, o cilindro apresenta resist\u00eancia e resili\u00eancia excepcionais, proporcionando desempenho ideal mesmo sob cargas extremas.<\/p>\n<p>5. Engenharia de precis\u00e3o: cada cilindro \u00e9 meticulosamente trabalhado para garantir movimento preciso e opera\u00e7\u00e3o suave, garantindo desempenho confi\u00e1vel e consistente.<\/p>\n<p>6. F\u00e1cil instala\u00e7\u00e3o: O cilindro foi projetado para instala\u00e7\u00e3o simples, minimizando o tempo de inatividade e maximizando a produtividade.<\/p>\n<p>Aplica\u00e7\u00f5es:<\/p>\n<p>O Cilindro Hidr\u00e1ulico Telesc\u00f3pico de Dupla A\u00e7\u00e3o Personalizado \u00e9 adequado para uma ampla gama de aplica\u00e7\u00f5es com reboques basculantes, incluindo canteiros de obras, opera\u00e7\u00f5es de minera\u00e7\u00e3o, agricultura e transporte. Seu design robusto e desempenho confi\u00e1vel o tornam a escolha ideal para ambientes de trabalho pesados.<\/p>\n<table style=\"width: 100%;\" border=\"1\" width=\"100%\" cellspacing=\"0\" cellpadding=\"0\">\n<tbody>\n<tr>\n<th>Nome do produto<\/th>\n<td>Cilindro hidr\u00e1ulico telesc\u00f3pico de dupla a\u00e7\u00e3o personalizado para reboque basculante<\/td>\n<\/tr>\n<tr>\n<th>Doen\u00e7a<\/th>\n<td>Novo<\/td>\n<\/tr>\n<tr>\n<th>Garantia<\/th>\n<td>1 ano<\/td>\n<\/tr>\n<tr>\n<th>Impulso m\u00e1ximo<\/th>\n<td>3000<\/td>\n<\/tr>\n<tr>\n<th>Puxada M\u00e1xima<\/th>\n<td>20 toneladas<\/td>\n<\/tr>\n<tr>\n<th>Projeto<\/th>\n<td>Cilindro telesc\u00f3pico de dupla a\u00e7\u00e3o<\/td>\n<\/tr>\n<tr>\n<th>Componentes principais<\/th>\n<td>Cilindro de rolamento e \u00eambolo<\/td>\n<\/tr>\n<tr>\n<th>Material<\/th>\n<td>A\u00e7o Robusto<\/td>\n<\/tr>\n<tr>\n<th>Fonte de energia<\/th>\n<td>Hidr\u00e1ulico<\/td>\n<\/tr>\n<tr>\n<th>Certifica\u00e7\u00e3o<\/th>\n<td>ISO9001:2000<\/td>\n<\/tr>\n<tr>\n<th>Desempenho<\/th>\n<td>Durabilidade e versatilidade excepcionais<\/td>\n<\/tr>\n<tr>\n<th>Ind\u00fastrias aplic\u00e1veis<\/th>\n<td>F\u00e1bricas, Oficinas de Reparo de M\u00e1quinas, Fazendas, Energia e Minera\u00e7\u00e3o, Fabrica\u00e7\u00e3o de M\u00e1quinas, F\u00e1bricas de M\u00e1quinas<\/td>\n<\/tr>\n<\/tbody>\n<\/table>\n<p><img decoding=\"async\" src=\"https:\/\/hzpt.com\/wp-content\/uploads\/2023\/11\/Inverted-Telescopic-Cylinder-10.webp\" alt=\"\" title=\"\"><\/p>\n<h2>Caracter\u00edsticas do Cilindro Hidr\u00e1ulico Telesc\u00f3pico de Dupla A\u00e7\u00e3o<\/h2>\n<p>Este cilindro hidr\u00e1ulico inovador est\u00e1 repleto de recursos de primeira linha que o tornam um produto de destaque:<\/p>\n<ul>\n<li><b>Estrutura padr\u00e3o:<\/b> O produto vem com uma estrutura de cilindro de pist\u00e3o padr\u00e3o, garantindo um desempenho confi\u00e1vel.<\/li>\n<li><b>Impulso e tra\u00e7\u00e3o m\u00e1ximos:<\/b> Ele oferece um empuxo m\u00e1ximo de 3.000 e uma tra\u00e7\u00e3o m\u00e1xima de 20 toneladas, proporcionando desempenho de alto desempenho.<\/li>\n<li><b>Materiais de qualidade:<\/b> Feito com a\u00e7o resistente, o cilindro garante durabilidade e uso a longo prazo.<\/li>\n<li><b>Personaliza\u00e7\u00e3o:<\/b> O cilindro vem na cor preta, com tamanho de furo, tamanho de haste, tamanho de curso e tamanho de pino personaliz\u00e1veis.<\/li>\n<li><b>Certificado:<\/b> O cilindro possui certifica\u00e7\u00e3o ISO9001:2000, garantindo qualidade e conformidade com os padr\u00f5es da ind\u00fastria.<\/li>\n<\/ul>\n<h2>Aplica\u00e7\u00f5es do Cilindro Hidr\u00e1ulico<\/h2>\n<p>O Cilindro Hidr\u00e1ulico Telesc\u00f3pico de Dupla A\u00e7\u00e3o \u00e9 ideal para uma variedade de ind\u00fastrias e aplica\u00e7\u00f5es. \u00c9 particularmente \u00fatil em f\u00e1bricas, oficinas de reparo de m\u00e1quinas, fazendas, setores de energia e minera\u00e7\u00e3o, fabrica\u00e7\u00e3o de m\u00e1quinas e f\u00e1bricas de m\u00e1quinas.<\/p>\n<p><img decoding=\"async\" src=\"https:\/\/hzpt.com\/wp-content\/uploads\/2023\/11\/Inverted-Telescopic-Cylinder-Applications.webp\" alt=\"Aplica\u00e7\u00f5es de Cilindro Telesc\u00f3pico Invertido\" title=\"\"><\/p>\n<h2>Princ\u00edpio de funcionamento e manuten\u00e7\u00e3o do cilindro hidr\u00e1ulico<\/h2>\n<p>O Cilindro Hidr\u00e1ulico Telesc\u00f3pico de Dupla A\u00e7\u00e3o opera com base nos princ\u00edpios da mec\u00e2nica dos fluidos, onde a press\u00e3o hidr\u00e1ulica cria uma for\u00e7a que move o pist\u00e3o do cilindro. Essa a\u00e7\u00e3o pode produzir um impulso ou tra\u00e7\u00e3o potente, adequado para diversas aplica\u00e7\u00f5es industriais. Aqui est\u00e3o algumas dicas essenciais de manuten\u00e7\u00e3o para garantir a longevidade do cilindro:<\/p>\n<p><img decoding=\"async\" src=\"https:\/\/hzpt.com\/wp-content\/uploads\/2023\/11\/Inverted-Telescopic-Cylinder-17.webp\" alt=\"\" title=\"\"><\/p>\n<ul>\n<li><b>Inspe\u00e7\u00f5es regulares:<\/b> Verifique regularmente o cilindro quanto a desgaste, rasgos ou danos. A detec\u00e7\u00e3o precoce pode evitar problemas futuros.<\/li>\n<li><b>Limpeza:<\/b> Mantenha o cilindro limpo para evitar qualquer ac\u00famulo que possa prejudicar seu desempenho.<\/li>\n<li><b>Lubrifica\u00e7\u00e3o:<\/b> Lubrifique regularmente o cilindro para garantir uma opera\u00e7\u00e3o suave e reduzir o atrito.<\/li>\n<li><b>Reparo e Substitui\u00e7\u00e3o:<\/b> Em caso de qualquer dano, garanta reparos ou substitui\u00e7\u00f5es em tempo h\u00e1bil para evitar interrup\u00e7\u00f5es operacionais.<\/li>\n<li><b>Siga o Manual:<\/b> Siga sempre o manual do operador para obter diretrizes precisas de opera\u00e7\u00e3o e manuten\u00e7\u00e3o.<\/li>\n<\/ul>\n<h2>Cilindro Telesc\u00f3pico Invertido<\/h2>\n<p>O Cilindro Hidr\u00e1ulico Telesc\u00f3pico de Dupla A\u00e7\u00e3o Personalizado para Reboque Basculante \u00e9 um tipo espec\u00edfico de cilindro hidr\u00e1ulico amplamente utilizado em diversos setores, especialmente nos setores de constru\u00e7\u00e3o e transporte. Este design inovador oferece in\u00fameras vantagens, incluindo maior capacidade de eleva\u00e7\u00e3o, maior estabilidade e maior controle sobre a movimenta\u00e7\u00e3o de cargas pesadas.<\/p>\n<p>Uma das principais caracter\u00edsticas do Cilindro Hidr\u00e1ulico Telesc\u00f3pico de Dupla A\u00e7\u00e3o Personalizado para Reboque Basculante \u00e9 seu design telesc\u00f3pico invertido. Isso significa que o est\u00e1gio mais externo do cilindro \u00e9 o maior e cada est\u00e1gio subsequente \u00e9 progressivamente menor. Esse arranjo exclusivo permite um comprimento retra\u00eddo compacto, ao mesmo tempo em que proporciona um curso estendido quando necess\u00e1rio. A configura\u00e7\u00e3o telesc\u00f3pica invertida tamb\u00e9m contribui para a estabilidade e durabilidade geral do cilindro.<\/p>\n<p>Agora, vamos explorar as vantagens do Cilindro Hidr\u00e1ulico Telesc\u00f3pico de Dupla A\u00e7\u00e3o Personalizado para Reboque Basculante:<\/p>\n<ol>\n<li><strong>Capacidade de eleva\u00e7\u00e3o aumentada:<\/strong> O design telesc\u00f3pico invertido permite que o cilindro suporte cargas mais pesadas em compara\u00e7\u00e3o aos cilindros hidr\u00e1ulicos convencionais. Isso se deve \u00e0 maior \u00e1rea de superf\u00edcie do est\u00e1gio externo, que \u00e9 maior, o que permite melhor distribui\u00e7\u00e3o de peso e capacidade de carga.<\/li>\n<li><strong>Controle aprimorado:<\/strong> O Cilindro Hidr\u00e1ulico Telesc\u00f3pico de Dupla A\u00e7\u00e3o Personalizado para Reboque Basculante oferece controle excepcional sobre o movimento do reboque basculante. O design multiest\u00e1gio permite posicionamento preciso e opera\u00e7\u00e3o suave, garantindo carga e descarga seguras e eficientes de materiais.<\/li>\n<li><strong>Estabilidade melhorada:<\/strong> O arranjo telesc\u00f3pico invertido proporciona maior estabilidade durante o processo de eleva\u00e7\u00e3o e abaixamento. O est\u00e1gio externo maior oferece uma base de apoio s\u00f3lida, minimizando o risco de tombamento ou tombamento ao manusear cargas pesadas.<\/li>\n<li><strong>Op\u00e7\u00f5es de personaliza\u00e7\u00e3o:<\/strong> O Cilindro Hidr\u00e1ulico Telesc\u00f3pico de Dupla A\u00e7\u00e3o Personalizado para Reboques Basculantes pode ser adaptado para atender a requisitos espec\u00edficos. Isso inclui a personaliza\u00e7\u00e3o do curso, do di\u00e2metro interno e das configura\u00e7\u00f5es de montagem. Essas op\u00e7\u00f5es garantem compatibilidade com diferentes designs e aplica\u00e7\u00f5es de reboques basculantes.<\/li>\n<\/ol>\n<p>Concluindo, o Cilindro Hidr\u00e1ulico Telesc\u00f3pico de Dupla A\u00e7\u00e3o Personalizado para Reboque Basculante \u00e9 uma solu\u00e7\u00e3o de cilindro hidr\u00e1ulico vers\u00e1til e confi\u00e1vel. Seu design telesc\u00f3pico invertido, juntamente com sua maior capacidade de eleva\u00e7\u00e3o, controle aprimorado, estabilidade aprimorada e op\u00e7\u00f5es de personaliza\u00e7\u00e3o, o tornam a escolha ideal para diversos setores. Seja no setor de constru\u00e7\u00e3o ou transporte, este cilindro oferece desempenho e efici\u00eancia superiores, garantindo produtividade e seguran\u00e7a ideais nas opera\u00e7\u00f5es com reboque basculante.<\/p>\n<h3>Sobre o Cilindro Hidr\u00e1ulico FMP<\/h3>\n<p>A FMP \u00e9 uma empresa l\u00edder especializada na venda e manuten\u00e7\u00e3o de pe\u00e7as e m\u00e1quinas completas de alta qualidade para m\u00e1quinas de constru\u00e7\u00e3o. Nosso cilindro hidr\u00e1ulico \u00e9 um dos nossos produtos mais vendidos e temos orgulho de apresentar suas caracter\u00edsticas e vantagens aos nossos clientes:<\/p>\n<ol>\n<li><strong>Robusto e dur\u00e1vel:<\/strong> Nosso cilindro hidr\u00e1ulico \u00e9 feito de materiais de alta qualidade que garantem sua durabilidade e longevidade. Ele foi projetado para suportar ambientes adversos e opera\u00e7\u00f5es pesadas, tornando-o a escolha ideal para m\u00e1quinas de constru\u00e7\u00e3o.<\/li>\n<li><strong>Personaliz\u00e1vel:<\/strong> Oferecemos uma ampla gama de tipos de cilindros hidr\u00e1ulicos, incluindo cilindros do tipo manilha ajust\u00e1vel, cilindros com tirante e cilindros soldados. Nossa equipe de especialistas tamb\u00e9m pode personalizar os cilindros de acordo com suas necessidades e especifica\u00e7\u00f5es espec\u00edficas.<\/li>\n<li><strong>Suave e eficiente:<\/strong> Nosso cilindro hidr\u00e1ulico possui veda\u00e7\u00e3o de pist\u00e3o e haste de alta qualidade que garante uma opera\u00e7\u00e3o suave e eficiente. Al\u00e9m disso, possui um design compacto que economiza espa\u00e7o de instala\u00e7\u00e3o e reduz o consumo de energia.<\/li>\n<li><strong>Custo-benef\u00edcio:<\/strong> Nosso cilindro hidr\u00e1ulico tem pre\u00e7o competitivo e mant\u00e9m altos padr\u00f5es de qualidade. Sua baixa necessidade de manuten\u00e7\u00e3o e longa vida \u00fatil tamb\u00e9m reduzem os custos operacionais para nossos clientes.<\/li>\n<li><strong>Excelente atendimento ao cliente:<\/strong> Na FMP, contamos com uma equipe de representantes de vendas experientes e profissionais que oferecem consultoria especializada sobre produtos e sugest\u00f5es de compra inteligentes. Tamb\u00e9m contamos com um sistema de distribui\u00e7\u00e3o log\u00edstica eficiente que garante a entrega pontual e precisa dos nossos produtos aos nossos clientes.<\/li>\n<\/ol>\n<p>Como uma empresa com muitos anos de experi\u00eancia no setor, temos o compromisso de fornecer aos nossos clientes os melhores produtos e servi\u00e7os. Com o cilindro hidr\u00e1ulico FMP, voc\u00ea pode ter a garantia de um sistema hidr\u00e1ulico confi\u00e1vel e de alto desempenho para suas necessidades de m\u00e1quinas de constru\u00e7\u00e3o.<\/p>\n<p><img decoding=\"async\" src=\"https:\/\/fmp-components.com\/wp-content\/uploads\/2024\/12\/Adjustable-Clevis-Type-Cylinders-6.webp\" alt=\"Cilindro tipo manilha ajust\u00e1vel\" width=\"801\" title=\"\"><br \/>\nAutor: CX<\/p>","protected":false},"excerpt":{"rendered":"<p>Introducing the Customized Double Acting Telescopic Hydraulic Cylinder For Dump Trailer: The Customized Double Acting Telescopic Hydraulic Cylinder is specifically designed for dump trailers, providing excellent performance and durability. This high-quality hydraulic cylinder is engineered to withstand heavy loads and harsh working conditions. Key Features: 1. Double Acting: The cylinder is designed to function in [&hellip;]<\/p>","protected":false},"featured_media":1600,"comment_status":"closed","ping_status":"closed","template":"","meta":{"_et_pb_use_builder":"","_et_pb_old_content":"","_et_gb_content_width":""},"product_brand":[],"product_cat":[45],"product_tag":[34,48],"class_list":{"0":"post-1599","1":"product","2":"type-product","3":"status-publish","4":"has-post-thumbnail","6":"product_cat-inverted-telescopic-cylinder","7":"product_tag-hydraulic-cylinder","8":"product_tag-inverted-telescopic-cylinder","10":"first","11":"instock","12":"product-type-simple"},"_links":{"self":[{"href":"https:\/\/fmp-components.com\/pt\/wp-json\/wp\/v2\/product\/1599","targetHints":{"allow":["GET"]}}],"collection":[{"href":"https:\/\/fmp-components.com\/pt\/wp-json\/wp\/v2\/product"}],"about":[{"href":"https:\/\/fmp-components.com\/pt\/wp-json\/wp\/v2\/types\/product"}],"replies":[{"embeddable":true,"href":"https:\/\/fmp-components.com\/pt\/wp-json\/wp\/v2\/comments?post=1599"}],"wp:featuredmedia":[{"embeddable":true,"href":"https:\/\/fmp-components.com\/pt\/wp-json\/wp\/v2\/media\/1600"}],"wp:attachment":[{"href":"https:\/\/fmp-components.com\/pt\/wp-json\/wp\/v2\/media?parent=1599"}],"wp:term":[{"taxonomy":"product_brand","embeddable":true,"href":"https:\/\/fmp-components.com\/pt\/wp-json\/wp\/v2\/product_brand?post=1599"},{"taxonomy":"product_cat","embeddable":true,"href":"https:\/\/fmp-components.com\/pt\/wp-json\/wp\/v2\/product_cat?post=1599"},{"taxonomy":"product_tag","embeddable":true,"href":"https:\/\/fmp-components.com\/pt\/wp-json\/wp\/v2\/product_tag?post=1599"}],"curies":[{"name":"wp","href":"https:\/\/api.w.org\/{rel}","templated":true}]}}