{"id":1532,"date":"2024-12-23T05:51:36","date_gmt":"2024-12-23T05:51:36","guid":{"rendered":"https:\/\/fmp-components.com\/product\/customized-two-way-double-effect-hydraulic-piston-cylinder\/"},"modified":"2024-12-23T06:02:52","modified_gmt":"2024-12-23T06:02:52","slug":"customized-two-way-double-effect-hydraulic-piston-cylinder","status":"publish","type":"product","link":"https:\/\/fmp-components.com\/pt\/product\/customized-two-way-double-effect-hydraulic-piston-cylinder\/","title":{"rendered":"Cilindro de pist\u00e3o hidr\u00e1ulico de duplo efeito bidirecional personalizado"},"content":{"rendered":"<p>Cilindro Hidr\u00e1ulico de Pist\u00e3o de Duplo Efeito Bidirecional Personalizado. O Cilindro Hidr\u00e1ulico de Pist\u00e3o de Duplo Efeito Bidirecional Personalizado \u00e9 um produto de alta qualidade projetado para atender \u00e0s demandas de diversas aplica\u00e7\u00f5es industriais. Com sua tecnologia hidr\u00e1ulica avan\u00e7ada, este cilindro de pist\u00e3o oferece desempenho e confiabilidade superiores.<\/p>\n<p>Com um design de dupla a\u00e7\u00e3o e duas vias, este cilindro hidr\u00e1ulico de pist\u00e3o permite um controle eficiente e preciso de sistemas hidr\u00e1ulicos. Ele possibilita tanto a extens\u00e3o quanto a retra\u00e7\u00e3o do pist\u00e3o, garantindo um movimento suave e preciso.<\/p>\n<p>O cilindro \u00e9 fabricado com materiais dur\u00e1veis \u200b\u200bque garantem longa vida \u00fatil e resist\u00eancia ao desgaste. Ele foi projetado para suportar alta press\u00e3o e cargas pesadas, tornando-o adequado para ambientes industriais exigentes.<\/p>\n<p><img loading=\"lazy\" decoding=\"async\" class=\"\" title=\"Cilindro hidr\u00e1ulico para limpa-neve\" src=\"https:\/\/hzpt.com\/wp-content\/uploads\/2023\/11\/Snow-Plow-Hydraulic-Cylinder-3.webp\" alt=\"Cilindro hidr\u00e1ulico para limpa-neve\" width=\"922\" height=\"922\" \/><\/p>\n<p>O cilindro hidr\u00e1ulico de pist\u00e3o de duplo efeito bidirecional personalizado \u00e9 altamente adapt\u00e1vel para atender a requisitos espec\u00edficos. Ele pode ser ajustado para diferentes comprimentos de curso, di\u00e2metros de furo e op\u00e7\u00f5es de montagem. Essa versatilidade permite a integra\u00e7\u00e3o perfeita em sistemas hidr\u00e1ulicos existentes ou a cria\u00e7\u00e3o de novos sistemas.<\/p>\n<p>Al\u00e9m do seu desempenho excepcional, este cilindro de pist\u00e3o foi projetado com foco na seguran\u00e7a. Ele incorpora recursos como veda\u00e7\u00f5es e amortecedores para evitar vazamentos e minimizar vibra\u00e7\u00f5es, garantindo uma opera\u00e7\u00e3o segura e est\u00e1vel.<\/p>\n<p>Em resumo, o cilindro hidr\u00e1ulico de pist\u00e3o de duplo efeito bidirecional personalizado \u00e9 uma solu\u00e7\u00e3o confi\u00e1vel e eficiente para diversas aplica\u00e7\u00f5es industriais. Sua natureza personaliz\u00e1vel, desempenho superior e recursos de seguran\u00e7a o tornam a escolha ideal para empresas que buscam aprimorar seus sistemas hidr\u00e1ulicos.<\/p>\n<div>\n<p>Aprimore suas m\u00e1quinas com o Cilindro Hidr\u00e1ulico de Pist\u00e3o de Duplo Efeito Bidirecional para m\u00e1xima personaliza\u00e7\u00e3o e efici\u00eancia. Fabricado com precis\u00e3o e expertise, este cilindro hidr\u00e1ulico de pist\u00e3o garante desempenho e confiabilidade de alto n\u00edvel.<\/p>\n<p><img decoding=\"async\" title=\"Cilindro hidr\u00e1ulico para limpa-neve\" src=\"https:\/\/hzpt.com\/wp-content\/uploads\/2023\/11\/Snow-Plow-Hydraulic-Cylinder-2.webp\" alt=\"Cilindro hidr\u00e1ulico para limpa-neve\" \/><\/p>\n<h2>Caracter\u00edsticas do produto<\/h2>\n<table style=\"width: 100%;\" border=\"1\" width=\"100%\" cellspacing=\"0\" cellpadding=\"0\">\n<tbody>\n<tr>\n<th>Nome do produto<\/th>\n<td>Cilindro hidr\u00e1ulico para limpa-neve<\/td>\n<\/tr>\n<tr>\n<th>Doen\u00e7a<\/th>\n<td>Novo<\/td>\n<\/tr>\n<tr>\n<th>Garantia<\/th>\n<td>1 ano<\/td>\n<\/tr>\n<tr>\n<th>Ind\u00fastrias aplic\u00e1veis<\/th>\n<td>Oficinas de reparo de m\u00e1quinas, fazendas, energia e minera\u00e7\u00e3o, fabrica\u00e7\u00e3o de m\u00e1quinas, f\u00e1brica de m\u00e1quinas<\/td>\n<\/tr>\n<tr>\n<th>Peso (KG)<\/th>\n<td>6.4<\/td>\n<\/tr>\n<tr>\n<th>Tipo de marketing<\/th>\n<td>Novo produto 2023<\/td>\n<\/tr>\n<tr>\n<th>Componentes principais<\/th>\n<td>Rolamento, Cilindro Hidr\u00e1ulico<\/td>\n<\/tr>\n<tr>\n<th>Estrutura<\/th>\n<td>Cilindro de pist\u00e3o<\/td>\n<\/tr>\n<tr>\n<th>Fonte de energia<\/th>\n<td>Hidr\u00e1ulico<\/td>\n<\/tr>\n<\/tbody>\n<\/table>\n<h2>Manuten\u00e7\u00e3o e Cuidados<\/h2>\n<p>Com garantia de um ano e componentes principais como rolamentos e cilindros hidr\u00e1ulicos, este cilindro hidr\u00e1ulico de pist\u00e3o foi projetado para durar. Seu corpo em a\u00e7o aumenta sua durabilidade, permitindo que ele suporte at\u00e9 mesmo as condi\u00e7\u00f5es mais adversas. Com um empuxo m\u00e1ximo de 3000 e uma for\u00e7a de tra\u00e7\u00e3o m\u00e1xima de 20 toneladas, ele \u00e9 uma pot\u00eancia em termos de efici\u00eancia.<\/p>\n<h2>Aplica\u00e7\u00f5es<\/h2>\n<p>Com seu tamanho compacto e peso leve de 6,4 kg, este cilindro hidr\u00e1ulico de pist\u00e3o \u00e9 adequado para uso em oficinas de reparo de m\u00e1quinas, fazendas, ind\u00fastrias de energia e minera\u00e7\u00e3o, fabrica\u00e7\u00e3o de m\u00e1quinas e f\u00e1bricas de maquin\u00e1rio. Sua versatilidade de aplica\u00e7\u00f5es o torna uma escolha ideal para diversas configura\u00e7\u00f5es de m\u00e1quinas.<\/p>\n<p><img decoding=\"async\" src=\"https:\/\/hzpt.com\/wp-content\/uploads\/2023\/11\/Snow-Plow-Hydraulic-Cylinder-4Factory.webp\" alt=\"Imagem de F\u00e1brica\" title=\"\"><\/p>\n<\/div>\n<h2>Vantagens dos Cilindros Tipo Clevis Ajust\u00e1veis<\/h2>\n<ul>\n<li style=\"list-style-type: none;\">\n<ul>\n<li>Maior versatilidade<\/li>\n<\/ul>\n<\/li>\n<\/ul>\n<p>O cilindro ajust\u00e1vel tipo garfo oferece ampla flexibilidade de aplica\u00e7\u00e3o, pois pode ser personalizado para atender a casos de uso espec\u00edficos. Isso \u00e9 especialmente verdadeiro para o Cilindro Hidr\u00e1ulico de Pist\u00e3o de Duplo Efeito Bidirecional Personalizado. A possibilidade de ajustar os pontos de montagem facilita a instala\u00e7\u00e3o e o uso em diversas aplica\u00e7\u00f5es.<\/p>\n<ul>\n<li style=\"list-style-type: none;\">\n<ul>\n<li>Efici\u00eancia melhorada<\/li>\n<\/ul>\n<\/li>\n<\/ul>\n<p>A utiliza\u00e7\u00e3o de cilindros ajust\u00e1veis \u200b\u200bdo tipo garfo garante a otimiza\u00e7\u00e3o do cilindro para a sua aplica\u00e7\u00e3o espec\u00edfica. Isso significa que o cilindro n\u00e3o \u00e9 subutilizado nem sobrecarregado, resultando em maior efici\u00eancia. Isso \u00e9 especialmente importante para o Cilindro Hidr\u00e1ulico de Pist\u00e3o de Duplo Efeito Bidirecional Personalizado, pois ele pode ser otimizado para uso bidirecional, proporcionando maior controle sobre a carga.<\/p>\n<ul>\n<li style=\"list-style-type: none;\">\n<ul>\n<li>Seguran\u00e7a aprimorada<\/li>\n<\/ul>\n<\/li>\n<\/ul>\n<p>Os cilindros ajust\u00e1veis \u200b\u200btipo garfo s\u00e3o projetados para serem facilmente ajust\u00e1veis, o que reduz consideravelmente o potencial de acidentes. Isso \u00e9 especialmente importante para o Cilindro Hidr\u00e1ulico de Pist\u00e3o de Duplo Efeito Bidirecional Personalizado, que pode ser otimizado para seguran\u00e7a em aplica\u00e7\u00f5es bidirecionais. Al\u00e9m disso, o uso de materiais de alta qualidade garante que esses cilindros sejam confi\u00e1veis \u200b\u200be seguros para uso.<\/p>\n<ul>\n<li style=\"list-style-type: none;\">\n<ul>\n<li>Maior durabilidade<\/li>\n<\/ul>\n<\/li>\n<\/ul>\n<p>Os cilindros ajust\u00e1veis \u200b\u200btipo garfo s\u00e3o constru\u00eddos para durar. S\u00e3o fabricados com materiais de alta qualidade que suportam o rigor do uso pesado. Isso \u00e9 especialmente verdadeiro para o Cilindro Hidr\u00e1ulico de Pist\u00e3o de Duplo Efeito Bidirecional Personalizado, projetado para suportar as press\u00f5es de aplica\u00e7\u00f5es bidirecionais. Isso garante maior durabilidade ao cilindro e menor necessidade de substitui\u00e7\u00f5es, resultando em economia de custos ao longo do tempo.<\/p>\n<ul>\n<li style=\"list-style-type: none;\">\n<ul>\n<li>Desempenho aprimorado<\/li>\n<\/ul>\n<\/li>\n<\/ul>\n<p>Os cilindros ajust\u00e1veis \u200b\u200bcom fixa\u00e7\u00e3o por garfo s\u00e3o projetados para otimizar o desempenho. A possibilidade de ajustar os pontos de montagem permite maior controle sobre a carga, resultando em melhor desempenho. Isso \u00e9 especialmente importante para o Cilindro Hidr\u00e1ulico de Pist\u00e3o de Duplo Efeito Bidirecional Personalizado, que pode ser otimizado para melhor desempenho em aplica\u00e7\u00f5es bidirecionais. Al\u00e9m disso, o uso de materiais de alta qualidade garante que esses cilindros ter\u00e3o o melhor desempenho por per\u00edodos mais longos.<\/p>\n<p>Em conclus\u00e3o, o uso de cilindros ajust\u00e1veis \u200b\u200bcom olhal, especificamente o cilindro hidr\u00e1ulico de pist\u00e3o de duplo efeito bidirecional personalizado, oferece uma ampla gama de benef\u00edcios. Esses cilindros s\u00e3o vers\u00e1teis, eficientes, seguros, dur\u00e1veis \u200b\u200be oferecem desempenho superior. Com a possibilidade de serem personalizados para atender a casos de uso espec\u00edficos, esses cilindros s\u00e3o uma excelente escolha para qualquer aplica\u00e7\u00e3o de servi\u00e7o pesado.<\/p>\n<h3>Sobre a FMP \u2013 Seu Fornecedor Profissional de Cilindros Hidr\u00e1ulicos<\/h3>\n<p>Na FMP, somos especializados na venda e assist\u00eancia t\u00e9cnica de pe\u00e7as e m\u00e1quinas completas para constru\u00e7\u00e3o civil e nos orgulhamos de ser um fornecedor l\u00edder de cilindros hidr\u00e1ulicos confi\u00e1veis \u200b\u200be de alta qualidade. Aqui est\u00e3o alguns motivos pelos quais acreditamos que nossos cilindros hidr\u00e1ulicos s\u00e3o os melhores do mercado:<\/p>\n<p>1. Engenharia de Precis\u00e3o \u2013 Nossos cilindros hidr\u00e1ulicos s\u00e3o projetados com engenharia de precis\u00e3o, garantindo que sejam dur\u00e1veis \u200b\u200be confi\u00e1veis \u200b\u200bmesmo nas condi\u00e7\u00f5es mais adversas.<\/p>\n<p>2. Ampla gama de aplica\u00e7\u00f5es \u2013 Nossos cilindros hidr\u00e1ulicos podem ser usados \u200b\u200bem uma ampla gama de aplica\u00e7\u00f5es, incluindo m\u00e1quinas agr\u00edcolas, equipamentos industriais e m\u00e1quinas de constru\u00e7\u00e3o.<\/p>\n<p>3. Design personalizado \u2013 Podemos personalizar o design de nossos cilindros hidr\u00e1ulicos para atender \u00e0s necessidades espec\u00edficas de nossos clientes, garantindo que eles obtenham o melhor desempenho poss\u00edvel de nossos produtos.<\/p>\n<p>4. Materiais de alta qualidade \u2013 Utilizamos apenas materiais da mais alta qualidade na produ\u00e7\u00e3o de nossos cilindros hidr\u00e1ulicos, garantindo que eles sejam capazes de resistir ao desgaste ao longo do tempo.<\/p>\n<p>5. Excelente suporte ao cliente \u2013 Na FMP, orgulhamo-nos de oferecer um excelente suporte a todos os nossos clientes. Desde consultoria de produtos at\u00e9 sugest\u00f5es de compras inteligentes, nossa experiente equipe de vendas est\u00e1 sempre \u00e0 disposi\u00e7\u00e3o para ajudar.<\/p>\n<p>Se voc\u00ea busca um fornecedor confi\u00e1vel e dur\u00e1vel de cilindros hidr\u00e1ulicos, a FMP \u00e9 a solu\u00e7\u00e3o ideal. Entre em contato conosco hoje mesmo para saber mais sobre nossos produtos e servi\u00e7os e como podemos atender \u00e0s suas necessidades de m\u00e1quinas de constru\u00e7\u00e3o!<\/p>\n<p><img decoding=\"async\" src=\"https:\/\/fmp-components.com\/wp-content\/uploads\/2024\/12\/Adjustable-Clevis-Type-Cylinders-6.webp\" alt=\"Cilindro tipo manilha ajust\u00e1vel\" width=\"844\" title=\"\"><\/p>\n<h2>Perguntas frequentes<\/h2>\n<ol>\n<li><strong>P: Voc\u00ea \u00e9 uma empresa comercial ou um fabricante?<\/strong>R: Somos uma f\u00e1brica.<\/li>\n<li><strong>P: Quanto tempo demora a entrega?<\/strong>R: Geralmente, leva de 25 a 35 dias.<\/li>\n<li><strong>P: Voc\u00eas fornecem amostras? \u00c9 gr\u00e1tis ou extra?<\/strong>R: Sim, podemos oferecer a amostra, mas n\u00e3o \u00e9 gr\u00e1tis.<\/li>\n<\/ol>\n<p>Autor: CX<\/p>","protected":false},"excerpt":{"rendered":"<p>Cilindro Hidr\u00e1ulico de Pist\u00e3o de Duplo Efeito Bidirecional PersonalizadoO Cilindro Hidr\u00e1ulico de Pist\u00e3o de Duplo Efeito Bidirecional Personalizado \u00e9 um produto de alta qualidade projetado para atender \u00e0s demandas de diversas aplica\u00e7\u00f5es industriais. Com sua tecnologia hidr\u00e1ulica avan\u00e7ada, este cilindro de pist\u00e3o oferece desempenho e confiabilidade superiores. Apresentando um design de duplo efeito bidirecional, este cilindro hidr\u00e1ulico de pist\u00e3o permite um funcionamento eficiente e [\u2026]<\/p>","protected":false},"featured_media":1533,"comment_status":"closed","ping_status":"closed","template":"","meta":{"_et_pb_use_builder":"","_et_pb_old_content":"","_et_gb_content_width":""},"product_brand":[],"product_cat":[42],"product_tag":[34,44],"class_list":{"0":"post-1532","1":"product","2":"type-product","3":"status-publish","4":"has-post-thumbnail","6":"product_cat-snow-plow-hydraulic-cylinder","7":"product_tag-hydraulic-cylinder","8":"product_tag-snow-plow-hydraulic-cylinder","10":"first","11":"instock","12":"product-type-simple"},"_links":{"self":[{"href":"https:\/\/fmp-components.com\/pt\/wp-json\/wp\/v2\/product\/1532","targetHints":{"allow":["GET"]}}],"collection":[{"href":"https:\/\/fmp-components.com\/pt\/wp-json\/wp\/v2\/product"}],"about":[{"href":"https:\/\/fmp-components.com\/pt\/wp-json\/wp\/v2\/types\/product"}],"replies":[{"embeddable":true,"href":"https:\/\/fmp-components.com\/pt\/wp-json\/wp\/v2\/comments?post=1532"}],"wp:featuredmedia":[{"embeddable":true,"href":"https:\/\/fmp-components.com\/pt\/wp-json\/wp\/v2\/media\/1533"}],"wp:attachment":[{"href":"https:\/\/fmp-components.com\/pt\/wp-json\/wp\/v2\/media?parent=1532"}],"wp:term":[{"taxonomy":"product_brand","embeddable":true,"href":"https:\/\/fmp-components.com\/pt\/wp-json\/wp\/v2\/product_brand?post=1532"},{"taxonomy":"product_cat","embeddable":true,"href":"https:\/\/fmp-components.com\/pt\/wp-json\/wp\/v2\/product_cat?post=1532"},{"taxonomy":"product_tag","embeddable":true,"href":"https:\/\/fmp-components.com\/pt\/wp-json\/wp\/v2\/product_tag?post=1532"}],"curies":[{"name":"wp","href":"https:\/\/api.w.org\/{rel}","templated":true}]}}