{"id":1514,"date":"2024-12-23T05:50:37","date_gmt":"2024-12-23T05:50:37","guid":{"rendered":"https:\/\/fmp-components.com\/product\/factory-direct-sale-2-ton-double-effect-small-snow-plow-hydraulic-cylinder\/"},"modified":"2025-05-10T13:02:11","modified_gmt":"2025-05-10T13:02:11","slug":"factory-direct-sale-2-ton-double-effect-small-snow-plow-hydraulic-cylinder","status":"publish","type":"product","link":"https:\/\/fmp-components.com\/pt\/product\/factory-direct-sale-2-ton-double-effect-small-snow-plow-hydraulic-cylinder\/","title":{"rendered":"Cilindro hidr\u00e1ulico pequeno para limpa-neve de 2 toneladas e duplo efeito, venda direta da f\u00e1brica"},"content":{"rendered":"<h2>Apresentamos o cilindro hidr\u00e1ulico para arado de neve de pequeno porte, de 2 toneladas e duplo efeito, com venda direta da f\u00e1brica.<\/h2>\n<p>Se voc\u00ea precisa de uma ferramenta confi\u00e1vel e eficiente para remover neve, o nosso Cilindro Hidr\u00e1ulico para Arado de Neve \u00e9 \u200b\u200ba solu\u00e7\u00e3o ideal. Com sua excelente constru\u00e7\u00e3o e alta capacidade, ele \u00e9 a escolha perfeita para quem busca uma solu\u00e7\u00e3o de alta qualidade para suas necessidades de remo\u00e7\u00e3o de neve.<\/p>\n<h3>Caracter\u00edsticas do produto<\/h3>\n<p>Nosso cilindro hidr\u00e1ulico para limpa-neve \u00e9 \u200b\u200bum produto totalmente novo, com uma s\u00e9rie de caracter\u00edsticas impressionantes que o destacam da concorr\u00eancia. Oferece um ano de garantia e uma for\u00e7a m\u00e1xima de 3000. Este cilindro de pist\u00e3o padr\u00e3o \u00e9 acionado hidraulicamente e fabricado em a\u00e7o resistente para garantir longa vida \u00fatil.<\/p>\n<h3>Especifica\u00e7\u00f5es do produto<\/h3>\n<p>O cilindro hidr\u00e1ulico possui di\u00e2metro interno de 2 a 6 polegadas, haste com di\u00e2metro de 1,125 a 4 polegadas e curso de 4 a 100 polegadas. O di\u00e2metro do pino varia de 0,5 a 2 polegadas e a capacidade m\u00e1xima de tra\u00e7\u00e3o \u00e9 de 20 toneladas. Possui certifica\u00e7\u00e3o ISO 9001:2000, garantindo sua alta qualidade e desempenho confi\u00e1vel.<\/p>\n<h3>Manuten\u00e7\u00e3o do produto<\/h3>\n<p>Nosso cilindro hidr\u00e1ulico para limpa-neve n\u00e3o \u00e9 apenas f\u00e1cil de instalar, mas tamb\u00e9m de manter. Com um peso de apenas 10 kg, a garantia cobre os componentes principais, incluindo o rolamento e o pr\u00f3prio cilindro hidr\u00e1ulico. Para sua comodidade, fornecemos v\u00eddeo de inspe\u00e7\u00e3o e relat\u00f3rio de teste da m\u00e1quina.<\/p>\n<h3>Ind\u00fastrias aplic\u00e1veis<\/h3>\n<p>Nosso cilindro hidr\u00e1ulico para arado de neve \u00e9 \u200b\u200bvers\u00e1til, atendendo a uma variedade de setores, incluindo oficinas de reparo de m\u00e1quinas, fazendas, energia e minera\u00e7\u00e3o, fabrica\u00e7\u00e3o de m\u00e1quinas e f\u00e1bricas de m\u00e1quinas. Seu alto desempenho e durabilidade o tornam uma adi\u00e7\u00e3o valiosa para qualquer conjunto de m\u00e1quinas pesadas.<\/p>\n<h2>Vantagens dos Cilindros Tipo Clevis Ajust\u00e1veis<\/h2>\n<p><strong>Cilindro hidr\u00e1ulico pequeno para limpa-neve de 2 toneladas e duplo efeito, venda direta da f\u00e1brica<\/strong><\/p>\n<p>Cilindros ajust\u00e1veis \u200b\u200bdo tipo garfo s\u00e3o componentes hidr\u00e1ulicos altamente eficientes e vers\u00e1teis que oferecem diversas vantagens em v\u00e1rias aplica\u00e7\u00f5es industriais. Neste artigo, exploraremos os principais benef\u00edcios do uso de cilindros ajust\u00e1veis \u200b\u200bdo tipo garfo e por que eles s\u00e3o preferidos em diferentes sistemas hidr\u00e1ulicos.<\/p>\n<p><strong>1. Versatilidade Aprimorada<\/strong><\/p>\n<p>Uma das principais vantagens dos cilindros ajust\u00e1veis \u200b\u200bcom olhal \u00e9 a sua versatilidade. Esses cilindros s\u00e3o projetados para serem ajust\u00e1veis, permitindo f\u00e1cil personaliza\u00e7\u00e3o e adapta\u00e7\u00e3o a diferentes requisitos operacionais. Ao simplesmente ajustar a posi\u00e7\u00e3o do olhal, o comprimento do curso do cilindro pode ser modificado, possibilitando um controle preciso do desempenho do sistema hidr\u00e1ulico. Essa versatilidade torna os cilindros ajust\u00e1veis \u200b\u200bcom olhal adequados para uma ampla gama de aplica\u00e7\u00f5es, desde sistemas de arado de neve at\u00e9 equipamentos de movimenta\u00e7\u00e3o de materiais.<\/p>\n<p><strong>2. Desempenho \u00d3timo<\/strong><\/p>\n<p>Os cilindros ajust\u00e1veis \u200b\u200btipo garfo s\u00e3o projetados para oferecer desempenho ideal em sistemas hidr\u00e1ulicos. Com seus ajustes precisos, esses cilindros permitem que os operadores otimizem a for\u00e7a hidr\u00e1ulica, a velocidade e o curso, maximizando assim a efici\u00eancia e a produtividade. Seja para levantar cargas pesadas ou para opera\u00e7\u00f5es de empurrar\/puxar, os cilindros ajust\u00e1veis \u200b\u200btipo garfo proporcionam desempenho excepcional, garantindo uma transmiss\u00e3o de pot\u00eancia hidr\u00e1ulica suave e confi\u00e1vel.<\/p>\n<p><strong>3. Maior durabilidade<\/strong><\/p>\n<p>Outra vantagem not\u00e1vel dos cilindros ajust\u00e1veis \u200b\u200bcom olhal \u00e9 sua constru\u00e7\u00e3o robusta e durabilidade. Esses cilindros s\u00e3o projetados para suportar ambientes de alta press\u00e3o e aplica\u00e7\u00f5es pesadas. O uso de materiais de alta qualidade, t\u00e9cnicas avan\u00e7adas de fabrica\u00e7\u00e3o e rigorosos processos de controle de qualidade garantem que os cilindros suportem condi\u00e7\u00f5es extremas, resistam ao desgaste e tenham uma vida \u00fatil mais longa. Essa durabilidade torna os cilindros ajust\u00e1veis \u200b\u200bcom olhal uma solu\u00e7\u00e3o econ\u00f4mica, reduzindo a necessidade de substitui\u00e7\u00f5es frequentes e minimizando o tempo de inatividade.<\/p>\n<p><strong>4. Controle de Precis\u00e3o<\/strong><\/p>\n<p>Cilindros ajust\u00e1veis \u200b\u200bdo tipo garfo oferecem controle preciso sobre sistemas hidr\u00e1ulicos, sendo ideais para aplica\u00e7\u00f5es que exigem posicionamento e controle exatos. A capacidade de ajustar o comprimento do curso permite o ajuste fino do movimento do cilindro, garantindo opera\u00e7\u00f5es precisas e repet\u00edveis. Esse n\u00edvel de controle \u00e9 crucial em setores como constru\u00e7\u00e3o civil, agricultura e ind\u00fastria, onde movimentos precisos s\u00e3o necess\u00e1rios para resultados \u00f3timos.<\/p>\n<p><strong>5. F\u00e1cil instala\u00e7\u00e3o e manuten\u00e7\u00e3o<\/strong><\/p>\n<p>A instala\u00e7\u00e3o e a manuten\u00e7\u00e3o de cilindros ajust\u00e1veis \u200b\u200bdo tipo garfo s\u00e3o relativamente simples. Esses cilindros s\u00e3o projetados para f\u00e1cil integra\u00e7\u00e3o em sistemas hidr\u00e1ulicos, com dimens\u00f5es e op\u00e7\u00f5es de montagem padronizadas. Al\u00e9m disso, exigem manuten\u00e7\u00e3o m\u00ednima, gra\u00e7as \u00e0 sua constru\u00e7\u00e3o robusta e componentes de alta qualidade. Inspe\u00e7\u00f5es e lubrifica\u00e7\u00e3o regulares geralmente s\u00e3o suficientes para manter esses cilindros em \u00f3timas condi\u00e7\u00f5es de funcionamento, reduzindo custos de manuten\u00e7\u00e3o e tempo de inatividade.<\/p>\n<p>De modo geral, os cilindros ajust\u00e1veis \u200b\u200btipo garfo oferecem in\u00fameras vantagens em termos de versatilidade, desempenho, durabilidade, controle preciso e facilidade de instala\u00e7\u00e3o e manuten\u00e7\u00e3o. Sua natureza ajust\u00e1vel e capacidade de atender a diversos requisitos operacionais os tornam uma escolha popular em uma ampla gama de aplica\u00e7\u00f5es hidr\u00e1ulicas. Seja um pequeno limpa-neve ou um sistema de movimenta\u00e7\u00e3o de materiais pesados, os cilindros ajust\u00e1veis \u200b\u200btipo garfo proporcionam a confiabilidade e a efici\u00eancia necess\u00e1rias para um desempenho ideal.<\/p>\n<h3>Sobre a FMP<\/h3>\n<p>A FMP \u00e9 uma empresa l\u00edder especializada na produ\u00e7\u00e3o e venda de Cilindros Hidr\u00e1ulicos. Com nossa vasta experi\u00eancia no setor e uma equipe profissional, nos dedicamos a fornecer aos clientes cilindros hidr\u00e1ulicos confi\u00e1veis \u200b\u200be de alta qualidade para diversas aplica\u00e7\u00f5es em m\u00e1quinas de constru\u00e7\u00e3o.<\/p>\n<p><img decoding=\"async\" class=\"aligncenter\" src=\"https:\/\/fmp-components.com\/wp-content\/uploads\/2024\/12\/Adjustable-Clevis-Type-Cylinders-6.webp\" alt=\"Cilindro tipo manilha ajust\u00e1vel\" width=\"835\" title=\"\"><\/p>\n<p>Aqui est\u00e3o cinco raz\u00f5es pelas quais escolher a FMP para suas necessidades de cilindros hidr\u00e1ulicos \u00e9 a decis\u00e3o certa:<\/p>\n<ol>\n<li><strong>Ampla gama de produtos:<\/strong> Oferecemos uma gama diversificada de cilindros hidr\u00e1ulicos adequados para diversas aplica\u00e7\u00f5es na ind\u00fastria de m\u00e1quinas de constru\u00e7\u00e3o. Se voc\u00ea precisa de cilindros para m\u00e1quinas agr\u00edcolas, caixas de engrenagens industriais ou caixas de engrenagens planet\u00e1rias, n\u00f3s temos o que voc\u00ea precisa.<\/li>\n<li><strong>Padr\u00f5es de qualidade rigorosos:<\/strong> Na FMP, priorizamos a qualidade e garantimos que todos os cilindros hidr\u00e1ulicos fornecidos atendam a rigorosos padr\u00f5es de qualidade. Por meio de parcerias est\u00e1veis \u200b\u200be de longo prazo com fornecedores de alta qualidade, garantimos a confiabilidade e a durabilidade dos nossos produtos.<\/li>\n<li><strong>Equipe de vendas experiente:<\/strong> Nossa experiente equipe de vendas est\u00e1 atenta \u00e0s \u00faltimas tend\u00eancias e demandas dos clientes no setor de m\u00e1quinas para constru\u00e7\u00e3o. Eles podem oferecer consultoria profissional sobre produtos, auxiliando voc\u00ea a tomar decis\u00f5es informadas e encontrar o cilindro hidr\u00e1ulico perfeito para suas necessidades espec\u00edficas.<\/li>\n<li><strong>Distribui\u00e7\u00e3o Log\u00edstica Eficiente:<\/strong> Entendemos a import\u00e2ncia da entrega pontual. Nosso eficiente sistema de distribui\u00e7\u00e3o log\u00edstica garante que voc\u00ea receba os cilindros hidr\u00e1ulicos necess\u00e1rios de forma r\u00e1pida e precisa, minimizando o tempo de inatividade e mantendo suas opera\u00e7\u00f5es funcionando sem problemas.<\/li>\n<li><strong>Suporte p\u00f3s-venda abrangente:<\/strong> Na FMP, valorizamos a satisfa\u00e7\u00e3o do cliente. Nossa dedicada equipe de suporte est\u00e1 sempre pronta para ajudar com quaisquer d\u00favidas ou preocupa\u00e7\u00f5es que voc\u00ea possa ter, oferecendo suporte p\u00f3s-venda abrangente para garantir sua m\u00e1xima satisfa\u00e7\u00e3o com nossos cilindros hidr\u00e1ulicos.<\/li>\n<\/ol>\n<p>Seja um parceiro da FMP hoje mesmo e comprove a qualidade, a confiabilidade e o desempenho excepcional dos nossos cilindros hidr\u00e1ulicos. Entre em contato conosco agora mesmo para discutir suas necessidades espec\u00edficas e iniciar uma colabora\u00e7\u00e3o produtiva.<\/p>\n<h2>Perguntas frequentes<\/h2>\n<p><img decoding=\"async\" class=\"aligncenter\" title=\"Cilindro hidr\u00e1ulico para limpa-neve\" src=\"https:\/\/hzpt.com\/wp-content\/uploads\/2023\/11\/Snow-Plow-Hydraulic-Cylinder-1.webp\" alt=\"Cilindro hidr\u00e1ulico para limpa-neve\" \/><\/p>\n<h3>P: Qual \u00e9 o prazo de entrega dos seus cilindros hidr\u00e1ulicos?<\/h3>\n<p>R: O prazo geral de entrega \u00e9 de 25 a 35 dias.<\/p>\n<h3>P: Posso solicitar uma amostra do seu produto?<\/h3>\n<p>A: Sim, oferecemos amostras de produtos, mas elas n\u00e3o s\u00e3o gratuitas.<\/p>\n<h3>P: Voc\u00eas conseguem produzir cilindros hidr\u00e1ulicos de acordo com amostras espec\u00edficas ou desenhos t\u00e9cnicos?<\/h3>\n<p>A: Sim, podemos produzir produtos de acordo com suas amostras ou desenhos t\u00e9cnicos. Tamb\u00e9m podemos construir os moldes e dispositivos de fixa\u00e7\u00e3o.<\/p>\n<p>Autor: CX<\/p>","protected":false},"excerpt":{"rendered":"<p>Introducing the Factory Direct Sale 2 Ton Double Effect Small Snow Plow Hydraulic Cylinder If you are in need of a reliable and efficient snow plowing tool, look no further than our Snow Plow Hydraulic Cylinder. With its excellent construction and high capacity, it is an ideal choice for those in need of a top-notch [&hellip;]<\/p>","protected":false},"featured_media":1515,"comment_status":"closed","ping_status":"closed","template":"","meta":{"_et_pb_use_builder":"","_et_pb_old_content":"","_et_gb_content_width":""},"product_brand":[],"product_cat":[42],"product_tag":[34,44],"class_list":{"0":"post-1514","1":"product","2":"type-product","3":"status-publish","4":"has-post-thumbnail","6":"product_cat-snow-plow-hydraulic-cylinder","7":"product_tag-hydraulic-cylinder","8":"product_tag-snow-plow-hydraulic-cylinder","10":"first","11":"instock","12":"product-type-simple"},"_links":{"self":[{"href":"https:\/\/fmp-components.com\/pt\/wp-json\/wp\/v2\/product\/1514","targetHints":{"allow":["GET"]}}],"collection":[{"href":"https:\/\/fmp-components.com\/pt\/wp-json\/wp\/v2\/product"}],"about":[{"href":"https:\/\/fmp-components.com\/pt\/wp-json\/wp\/v2\/types\/product"}],"replies":[{"embeddable":true,"href":"https:\/\/fmp-components.com\/pt\/wp-json\/wp\/v2\/comments?post=1514"}],"wp:featuredmedia":[{"embeddable":true,"href":"https:\/\/fmp-components.com\/pt\/wp-json\/wp\/v2\/media\/1515"}],"wp:attachment":[{"href":"https:\/\/fmp-components.com\/pt\/wp-json\/wp\/v2\/media?parent=1514"}],"wp:term":[{"taxonomy":"product_brand","embeddable":true,"href":"https:\/\/fmp-components.com\/pt\/wp-json\/wp\/v2\/product_brand?post=1514"},{"taxonomy":"product_cat","embeddable":true,"href":"https:\/\/fmp-components.com\/pt\/wp-json\/wp\/v2\/product_cat?post=1514"},{"taxonomy":"product_tag","embeddable":true,"href":"https:\/\/fmp-components.com\/pt\/wp-json\/wp\/v2\/product_tag?post=1514"}],"curies":[{"name":"wp","href":"https:\/\/api.w.org\/{rel}","templated":true}]}}