{"id":1498,"date":"2024-12-23T05:50:37","date_gmt":"2024-12-23T05:50:37","guid":{"rendered":"https:\/\/fmp-components.com\/product\/factory-provide-customized-hydraulic-ram-cylinder-for-snow-plow\/"},"modified":"2025-03-18T02:09:18","modified_gmt":"2025-03-18T02:09:18","slug":"factory-provide-customized-hydraulic-ram-cylinder-for-snow-plow","status":"publish","type":"product","link":"https:\/\/fmp-components.com\/pt\/product\/factory-provide-customized-hydraulic-ram-cylinder-for-snow-plow\/","title":{"rendered":"A f\u00e1brica fornece cilindro hidr\u00e1ulico personalizado para limpa-neve"},"content":{"rendered":"<h2>A f\u00e1brica fornece cilindro hidr\u00e1ulico personalizado para limpa-neve<\/h2>\n<p>O cilindro hidr\u00e1ulico personalizado para limpa-neve da Factory Provide \u00e9 um produto altamente vers\u00e1til e eficiente, projetado para aprimorar o desempenho de limpa-neves. Este cilindro hidr\u00e1ulico oferece resist\u00eancia e durabilidade excepcionais, tornando-o a escolha ideal para aplica\u00e7\u00f5es pesadas no setor de manuten\u00e7\u00e3o de inverno.<\/p>\n<p>Com seu design personalizado, este cilindro hidr\u00e1ulico \u00e9 especialmente desenvolvido para atender aos requisitos exclusivos dos limpa-neves. Ele foi projetado para oferecer desempenho superior em condi\u00e7\u00f5es clim\u00e1ticas adversas, permitindo opera\u00e7\u00f5es eficientes de remo\u00e7\u00e3o de neve. A capacidade do cilindro de suportar temperaturas extremas garante uma opera\u00e7\u00e3o confi\u00e1vel mesmo nos ambientes mais frios.<\/p>\n<p>O cilindro hidr\u00e1ulico personalizado para limpa-neve fornecido pela f\u00e1brica conta com tecnologia hidr\u00e1ulica avan\u00e7ada, proporcionando controle potente e preciso sobre os movimentos do limpa-neve. Sua constru\u00e7\u00e3o de alta qualidade e mecanismos de veda\u00e7\u00e3o confi\u00e1veis \u200b\u200bminimizam o risco de vazamentos ou falhas, garantindo um desempenho consistente ao longo de sua vida \u00fatil.<\/p>\n<p>Uma das principais vantagens deste cilindro hidr\u00e1ulico \u00e9 a sua adaptabilidade. Ele pode ser facilmente integrado a diversos sistemas de limpa-neve, oferecendo encaixe e compatibilidade perfeitos. A natureza personaliz\u00e1vel deste produto permite flexibilidade para atender a requisitos espec\u00edficos, tornando-o uma op\u00e7\u00e3o muito procurada por fabricantes e operadores de limpa-neve.<\/p>\n<p>Al\u00e9m disso, este cilindro hidr\u00e1ulico foi projetado pensando na facilidade de manuten\u00e7\u00e3o. Sua constru\u00e7\u00e3o robusta reduz a necessidade de reparos ou substitui\u00e7\u00f5es frequentes, minimizando o tempo de inatividade e maximizando a produtividade. Inspe\u00e7\u00f5es regulares e manuten\u00e7\u00f5es de rotina garantem o desempenho ideal, prolongando a vida \u00fatil e a efici\u00eancia geral do cilindro.<\/p>\n<p>Em resumo, o Cilindro Hidr\u00e1ulico Personalizado de F\u00e1brica para Limpa-Neve \u00e9 \u200b\u200buma solu\u00e7\u00e3o confi\u00e1vel e eficiente para aplica\u00e7\u00f5es de limpeza de neve. Sua resist\u00eancia, adaptabilidade e facilidade de manuten\u00e7\u00e3o superiores o tornam um componente essencial para aprimorar o desempenho e a confiabilidade dos limpa-neves em opera\u00e7\u00f5es de manuten\u00e7\u00e3o no inverno. Apresentamos nosso novo e inovador cilindro hidr\u00e1ulico para limpa-neve, projetado e fabricado especificamente pela FMP Transmission. Este produto \u00e9 robusto e projetado para aplica\u00e7\u00f5es industriais, proporcionando desempenho confi\u00e1vel, eficiente e de alta qualidade. Ele vem com garantia de 1 ano para seus principais componentes, que incluem rolamentos e o pr\u00f3prio cilindro hidr\u00e1ulico.<\/p>\n<p><img decoding=\"async\" title=\"Cilindro hidr\u00e1ulico para limpa-neve\" src=\"https:\/\/hzpt.com\/wp-content\/uploads\/2023\/11\/Snow-Plow-Hydraulic-Cylinder-2.webp\" alt=\"Cilindro hidr\u00e1ulico para limpa-neve\" \/><\/p>\n<h2>Especifica\u00e7\u00f5es do produto<\/h2>\n<p>O cilindro hidr\u00e1ulico para limpa-neve \u00e9 \u200b\u200bfabricado com uma estrutura de cilindro de pist\u00e3o padr\u00e3o, acionado por for\u00e7a hidr\u00e1ulica. O material do corpo \u00e9 feito de a\u00e7o, o que o torna resistente e dur\u00e1vel. Possui um empuxo m\u00e1ximo de 3.000 e uma tra\u00e7\u00e3o m\u00e1xima de 20 toneladas. Este produto possui a certifica\u00e7\u00e3o ISO9001:2000, garantindo sua qualidade e seguran\u00e7a.<\/p>\n<h3>Dimens\u00f5es e caracter\u00edsticas<\/h3>\n<p><img decoding=\"async\" title=\"Cilindro hidr\u00e1ulico para limpa-neve\" src=\"https:\/\/hzpt.com\/wp-content\/uploads\/2023\/11\/Snow-Plow-Hydraulic-Cylinder-3.webp\" alt=\"Cilindro hidr\u00e1ulico para limpa-neve\" \/><\/p>\n<ul>\n<li>Tamanho do furo: 2-6 polegadas<\/li>\n<li>Tamanho da haste: 1,125-4 polegadas<\/li>\n<li>Tamanho do curso: 4-100 polegadas<\/li>\n<li>Tamanho do pino: 0,5-2 polegadas<\/li>\n<li>Portas: G\/SAE\/NPT\/M<\/li>\n<\/ul>\n<h2>Vantagens dos Cilindros Tipo Clevis Ajust\u00e1veis<\/h2>\n<ul>\n<li style=\"list-style-type: none;\">\n<ul>\n<li>Flexibilidade e personaliza\u00e7\u00e3o aprimoradas<\/li>\n<\/ul>\n<\/li>\n<\/ul>\n<p>O cilindro tipo manilha ajust\u00e1vel \u00e9 um cilindro hidr\u00e1ulico de carneiro que oferece maior flexibilidade e personaliza\u00e7\u00e3o em compara\u00e7\u00e3o com outros tipos de cilindros. O cilindro \u00e9 altamente ajust\u00e1vel e pode ser personalizado para atender aos requisitos espec\u00edficos de diferentes aplica\u00e7\u00f5es. A capacidade de ajuste deste cilindro garante sua utiliza\u00e7\u00e3o em uma ampla gama de aplica\u00e7\u00f5es, incluindo limpa-neves, que exigem cilindros que possam ser facilmente ajustados para se adaptarem \u00e0s mudan\u00e7as de terreno e condi\u00e7\u00f5es.<\/p>\n<ul>\n<li style=\"list-style-type: none;\">\n<ul>\n<li>Efici\u00eancia e desempenho aprimorados<\/li>\n<\/ul>\n<\/li>\n<\/ul>\n<p>O cilindro tipo manilha ajust\u00e1vel foi projetado para proporcionar maior efici\u00eancia e desempenho em compara\u00e7\u00e3o com outros tipos de cilindros. Fabricado com materiais de alta qualidade, o cilindro foi projetado para oferecer m\u00e1xima resist\u00eancia e durabilidade. Isso garante que o cilindro resista aos rigores de aplica\u00e7\u00f5es pesadas e ofere\u00e7a um desempenho duradouro. A maior efici\u00eancia e desempenho do cilindro tipo manilha ajust\u00e1vel o tornam a escolha ideal para limpa-neves, que exigem cilindros que resistam \u00e0s duras condi\u00e7\u00f5es do inverno e ofere\u00e7am um desempenho confi\u00e1vel.<\/p>\n<ul>\n<li style=\"list-style-type: none;\">\n<ul>\n<li>Maior n\u00edvel de seguran\u00e7a e confiabilidade<\/li>\n<\/ul>\n<\/li>\n<\/ul>\n<p>O cilindro tipo manilha ajust\u00e1vel foi projetado com foco em seguran\u00e7a e confiabilidade. O cilindro \u00e9 equipado com recursos de seguran\u00e7a avan\u00e7ados e foi projetado para oferecer um n\u00edvel de confiabilidade superior ao de outros tipos de cilindros. O cilindro \u00e9 rigorosamente testado para garantir que atenda aos mais altos padr\u00f5es de seguran\u00e7a e confiabilidade. Isso torna o cilindro tipo manilha ajust\u00e1vel a escolha ideal para limpa-neves, que exigem cilindros que ofere\u00e7am alto n\u00edvel de seguran\u00e7a e confiabilidade em condi\u00e7\u00f5es extremas.<\/p>\n<ul>\n<li style=\"list-style-type: none;\">\n<ul>\n<li>Maior economia de custos e redu\u00e7\u00e3o de manuten\u00e7\u00e3o<\/li>\n<\/ul>\n<\/li>\n<\/ul>\n<p>O cilindro tipo manilha ajust\u00e1vel foi projetado para proporcionar maior economia de custos e manuten\u00e7\u00e3o reduzida em compara\u00e7\u00e3o com outros tipos de cilindros. O cilindro \u00e9 altamente dur\u00e1vel e requer manuten\u00e7\u00e3o m\u00ednima ao longo de sua vida \u00fatil. Isso reduz o custo total de propriedade e torna o cilindro uma op\u00e7\u00e3o econ\u00f4mica para limpa-neves, que exigem cilindros que possam fornecer desempenho confi\u00e1vel sem incorrer em altos custos de manuten\u00e7\u00e3o.<\/p>\n<ul>\n<li style=\"list-style-type: none;\">\n<ul>\n<li>A f\u00e1brica fornece cilindro hidr\u00e1ulico personalizado para limpa-neve<\/li>\n<\/ul>\n<\/li>\n<\/ul>\n<p>O cilindro tipo manilha ajust\u00e1vel \u00e9 um dos muitos cilindros hidr\u00e1ulicos dispon\u00edveis em fabricantes como a Factory Provide. Esses fabricantes s\u00e3o especializados no fornecimento de cilindros hidr\u00e1ulicos personalizados para limpa-neves e outras aplica\u00e7\u00f5es de servi\u00e7o pesado. Os cilindros s\u00e3o projetados para oferecer o mais alto n\u00edvel de desempenho e confiabilidade, podendo ser personalizados para atender aos requisitos espec\u00edficos de diferentes aplica\u00e7\u00f5es. Isso garante que limpa-neves e outros equipamentos de servi\u00e7o pesado operem em seu n\u00edvel ideal e ofere\u00e7am desempenho confi\u00e1vel em condi\u00e7\u00f5es extremas.<\/p>\n<h3>Sobre a FMP<\/h3>\n<p>A FMP \u00e9 uma empresa especializada na produ\u00e7\u00e3o e venda de Cilindros Hidr\u00e1ulicos. Localizada na It\u00e1lia, contamos com muitos anos de experi\u00eancia no setor e uma equipe profissional dedicada a fornecer aos clientes solu\u00e7\u00f5es em cilindros hidr\u00e1ulicos confi\u00e1veis \u200b\u200be de alta qualidade.<\/p>\n<p><img decoding=\"async\" src=\"https:\/\/fmp-components.com\/wp-content\/uploads\/2024\/12\/Adjustable-Clevis-Type-Cylinders-6.webp\" alt=\"Cilindro tipo manilha ajust\u00e1vel\" width=\"827\" title=\"\"><\/p>\n<h4>Nossos produtos e vantagens da empresa:<\/h4>\n<ol>\n<li>Ampla gama de cilindros hidr\u00e1ulicos: Oferecemos uma gama diversificada de cilindros hidr\u00e1ulicos, incluindo cilindros do tipo manilha ajust\u00e1vel, cilindros telesc\u00f3picos, cilindros de barra de dire\u00e7\u00e3o e muito mais. Nossa ampla sele\u00e7\u00e3o garante que tenhamos o cilindro certo para diversas aplica\u00e7\u00f5es.<\/li>\n<li>Constru\u00e7\u00e3o de alta qualidade: Nossos cilindros hidr\u00e1ulicos s\u00e3o fabricados com materiais de alta qualidade e t\u00e9cnicas de produ\u00e7\u00e3o avan\u00e7adas. Isso garante durabilidade, confiabilidade e longa vida \u00fatil, mesmo sob condi\u00e7\u00f5es de trabalho rigorosas.<\/li>\n<li>Rigoroso Controle de Qualidade: Na FMP, estabelecemos relacionamentos est\u00e1veis \u200b\u200be de longo prazo com fornecedores de alta qualidade. Inspecionamos e testamos rigorosamente todas as pe\u00e7as fornecidas para garantir que atendam aos nossos rigorosos padr\u00f5es de qualidade. Isso garante que nossos cilindros hidr\u00e1ulicos apresentem desempenho excepcional de forma consistente.<\/li>\n<li>Equipe de Vendas Especializada: Nossa equipe de vendas experiente e qualificada est\u00e1 bem familiarizada com as tend\u00eancias de desenvolvimento e as necessidades dos clientes do setor de m\u00e1quinas para constru\u00e7\u00e3o. Eles oferecem consultoria profissional sobre produtos e sugest\u00f5es de compra inteligentes, garantindo que nossos clientes tomem decis\u00f5es informadas.<\/li>\n<li>Distribui\u00e7\u00e3o Log\u00edstica Eficiente: Possu\u00edmos um sistema de distribui\u00e7\u00e3o log\u00edstica eficiente para garantir a entrega pontual e precisa de nossos cilindros hidr\u00e1ulicos. Os clientes podem contar conosco para um servi\u00e7o r\u00e1pido e descomplicado, minimizando o tempo de inatividade e maximizando a produtividade.<\/li>\n<\/ol>\n<p>Escolha a FMP como sua parceira de confian\u00e7a para todas as suas necessidades em cilindros hidr\u00e1ulicos. Com nossa ampla gama de produtos de alta qualidade, rigoroso controle de qualidade, equipe de vendas experiente e log\u00edstica eficiente, estamos comprometidos em ajudar voc\u00ea a alcan\u00e7ar o sucesso em seus projetos de m\u00e1quinas de constru\u00e7\u00e3o.<\/p>\n<h2>Perguntas frequentes<\/h2>\n<h3>Voc\u00ea \u00e9 uma empresa comercial ou fabricante?<\/h3>\n<p>Somos um fabricante, com f\u00e1brica localizada na cidade de Lin Yi.<\/p>\n<h3>Quanto tempo demora a entrega?<\/h3>\n<p>Geralmente, a entrega demora de 25 a 35 dias.<\/p>\n<h3>Voc\u00ea pode produzir de acordo com as amostras?<\/h3>\n<p>Sim, podemos produzir com base em suas amostras ou desenhos t\u00e9cnicos. Podemos construir os moldes e acess\u00f3rios.<\/p>\n<p>Autor: CX<\/p>","protected":false},"excerpt":{"rendered":"<p>Factory Provide Customized Hydraulic Ram Cylinder for Snow Plow The Factory Provide Customized Hydraulic Ram Cylinder for Snow Plow is a highly versatile and efficient product designed to enhance the performance of snow plows. This hydraulic cylinder offers exceptional strength and durability, making it an ideal choice for heavy-duty applications in the winter maintenance industry. [&hellip;]<\/p>","protected":false},"featured_media":1499,"comment_status":"closed","ping_status":"closed","template":"","meta":{"_et_pb_use_builder":"","_et_pb_old_content":"","_et_gb_content_width":""},"product_brand":[],"product_cat":[42],"product_tag":[34,44],"class_list":{"0":"post-1498","1":"product","2":"type-product","3":"status-publish","4":"has-post-thumbnail","6":"product_cat-snow-plow-hydraulic-cylinder","7":"product_tag-hydraulic-cylinder","8":"product_tag-snow-plow-hydraulic-cylinder","10":"first","11":"instock","12":"product-type-simple"},"_links":{"self":[{"href":"https:\/\/fmp-components.com\/pt\/wp-json\/wp\/v2\/product\/1498","targetHints":{"allow":["GET"]}}],"collection":[{"href":"https:\/\/fmp-components.com\/pt\/wp-json\/wp\/v2\/product"}],"about":[{"href":"https:\/\/fmp-components.com\/pt\/wp-json\/wp\/v2\/types\/product"}],"replies":[{"embeddable":true,"href":"https:\/\/fmp-components.com\/pt\/wp-json\/wp\/v2\/comments?post=1498"}],"wp:featuredmedia":[{"embeddable":true,"href":"https:\/\/fmp-components.com\/pt\/wp-json\/wp\/v2\/media\/1499"}],"wp:attachment":[{"href":"https:\/\/fmp-components.com\/pt\/wp-json\/wp\/v2\/media?parent=1498"}],"wp:term":[{"taxonomy":"product_brand","embeddable":true,"href":"https:\/\/fmp-components.com\/pt\/wp-json\/wp\/v2\/product_brand?post=1498"},{"taxonomy":"product_cat","embeddable":true,"href":"https:\/\/fmp-components.com\/pt\/wp-json\/wp\/v2\/product_cat?post=1498"},{"taxonomy":"product_tag","embeddable":true,"href":"https:\/\/fmp-components.com\/pt\/wp-json\/wp\/v2\/product_tag?post=1498"}],"curies":[{"name":"wp","href":"https:\/\/api.w.org\/{rel}","templated":true}]}}