{"id":1478,"date":"2024-12-23T05:49:26","date_gmt":"2024-12-23T05:49:26","guid":{"rendered":"https:\/\/fmp-components.com\/product\/competitive-price-2-ton-double-effect-small-hydraulic-cylinder\/"},"modified":"2024-12-23T06:39:58","modified_gmt":"2024-12-23T06:39:58","slug":"competitive-price-2-ton-double-effect-small-hydraulic-cylinder","status":"publish","type":"product","link":"https:\/\/fmp-components.com\/pt\/product\/competitive-price-2-ton-double-effect-small-hydraulic-cylinder\/","title":{"rendered":"Pre\u00e7o competitivo Cilindro hidr\u00e1ulico pequeno de duplo efeito de 2 toneladas"},"content":{"rendered":"<h2>Pre\u00e7o competitivo Cilindro hidr\u00e1ulico pequeno de duplo efeito de 2 toneladas<\/h2>\n<p>Apresenta\u00e7\u00e3o do produto: Cilindro hidr\u00e1ulico compacto de duplo efeito de 2 toneladas com pre\u00e7o competitivo<\/p>\n<p>O cilindro hidr\u00e1ulico de dupla a\u00e7\u00e3o de 2 toneladas, com pre\u00e7o competitivo, \u00e9 um cilindro altamente eficiente e confi\u00e1vel, projetado para oferecer desempenho superior em uma ampla gama de aplica\u00e7\u00f5es industriais. Este cilindro hidr\u00e1ulico possui um design de dupla a\u00e7\u00e3o que proporciona movimentos suaves e precisos, tornando-o ideal para uso em aplica\u00e7\u00f5es onde precis\u00e3o e exatid\u00e3o s\u00e3o essenciais.<\/p>\n<p>Este cilindro hidr\u00e1ulico \u00e9 fabricado com materiais de alta qualidade e projetado para suportar os ambientes industriais mais exigentes. Possui um design compacto e leve que facilita a instala\u00e7\u00e3o e a opera\u00e7\u00e3o, al\u00e9m de ocupar o m\u00ednimo de espa\u00e7o poss\u00edvel.<\/p>\n<p>O cilindro hidr\u00e1ulico de pequeno porte com duplo efeito de 2 toneladas e pre\u00e7o competitivo tamb\u00e9m foi projetado para ser altamente dur\u00e1vel e de longa vida \u00fatil. Possui uma constru\u00e7\u00e3o robusta e resistente ao desgaste, o que garante que ele suporte anos de uso intenso sem a necessidade de manuten\u00e7\u00e3o ou reparos frequentes.<\/p>\n<p>Se voc\u00ea procura um cilindro hidr\u00e1ulico para uso em manufatura, constru\u00e7\u00e3o ou qualquer outra aplica\u00e7\u00e3o industrial, o Cilindro Hidr\u00e1ulico de Duplo Efeito de 2 Toneladas com Pre\u00e7o Competitivo \u00e9 a escolha ideal. Com seu desempenho superior, confiabilidade e durabilidade, este cilindro hidr\u00e1ulico certamente proporcionar\u00e1 os resultados necess\u00e1rios para manter suas opera\u00e7\u00f5es funcionando de forma eficiente e sem problemas.<\/p>\n<p>Apresentamos nosso cilindro hidr\u00e1ulico compacto de duplo efeito, com capacidade de 2 toneladas e pre\u00e7o competitivo. Este novo modelo padr\u00e3o de cilindro de pist\u00e3o oferece uma opera\u00e7\u00e3o hidr\u00e1ulica potente, ideal para diversos setores, incluindo oficinas de reparo de m\u00e1quinas, fazendas, energia e minera\u00e7\u00e3o, fabrica\u00e7\u00e3o de m\u00e1quinas e f\u00e1bricas de maquin\u00e1rio.<\/p>\n<h2>Caracter\u00edsticas e especifica\u00e7\u00f5es do produto<\/h2>\n<p>Nosso cilindro hidr\u00e1ulico \u00e9 conhecido por sua robustez e durabilidade, com um corpo em a\u00e7o para suportar os ambientes mais exigentes. Ele oferece um empuxo m\u00e1ximo de 3000 e uma for\u00e7a de tra\u00e7\u00e3o m\u00e1xima de 20 toneladas, proporcionando uma pot\u00eancia impressionante para seu tamanho. Este cilindro hidr\u00e1ulico foi projetado para uso em sistemas hidr\u00e1ulicos de limpa-neves, mas tamb\u00e9m pode ser utilizado em diversas outras aplica\u00e7\u00f5es.<\/p>\n<ul>\n<li><b>Material:<\/b> A\u00e7o<\/li>\n<li><b>Tipo:<\/b> Cilindros hidr\u00e1ulicos para limpa-neves<\/li>\n<li><b>Impulso m\u00e1ximo:<\/b> 3000<\/li>\n<li><b>Puxada m\u00e1xima:<\/b> 20 toneladas<\/li>\n<li><b>Tamanho do furo:<\/b> 2-6 polegadas<\/li>\n<li><b>Tamanho da haste:<\/b> 1,125-4 polegadas<\/li>\n<li><b>Tamanho do tra\u00e7o:<\/b> 4-100 polegadas<\/li>\n<li><b>Tamanho do pino:<\/b> 0,5-2 polegadas<\/li>\n<li><b>Cor:<\/b> Preto<\/li>\n<\/ul>\n<p><img decoding=\"async\" title=\"Cilindro hidr\u00e1ulico para limpa-neve\" src=\"https:\/\/hzpt.com\/wp-content\/uploads\/2023\/11\/Snow-Plow-Hydraulic-Cylinder-2.webp\" alt=\"Cilindro hidr\u00e1ulico para limpa-neve\" \/><\/p>\n<h2>Vantagens dos Cilindros Tipo Clevis Ajust\u00e1veis<\/h2>\n<ul>\n<li><b>Versatilidade aumentada:<\/b> Cilindros ajust\u00e1veis \u200b\u200bcom olhal oferecem maior amplitude de movimento e flexibilidade em compara\u00e7\u00e3o com cilindros de montagem fixa. Podem ser ajustados para se adaptarem a uma variedade de aplica\u00e7\u00f5es, tornando-os uma escolha popular em diversos setores, da constru\u00e7\u00e3o civil \u00e0 ind\u00fastria. A versatilidade desses cilindros pode ajudar a reduzir a necessidade de m\u00faltiplos cilindros e economizar custos.<\/li>\n<li><b>Melhor controle de carga:<\/b> Cilindros ajust\u00e1veis \u200b\u200btipo garfo proporcionam melhor controle de carga, permitindo movimenta\u00e7\u00e3o e posicionamento precisos de equipamentos ou materiais pesados. Isso \u00e9 especialmente importante em aplica\u00e7\u00f5es que exigem movimenta\u00e7\u00e3o precisa e controlada, como em linhas de produ\u00e7\u00e3o ou montagem. A capacidade de controlar a movimenta\u00e7\u00e3o da carga tamb\u00e9m garante a seguran\u00e7a do trabalhador e reduz o risco de acidentes ou danos aos equipamentos.<\/li>\n<li><b>Efici\u00eancia melhorada:<\/b> Com a capacidade de ajustar e calibrar o comprimento do curso do cilindro, os cilindros ajust\u00e1veis \u200b\u200bdo tipo garfo podem melhorar a efici\u00eancia geral. Ao reduzir a quantidade de movimento desperdi\u00e7ado, esses cilindros podem ajudar a aumentar as taxas de produ\u00e7\u00e3o e reduzir os custos operacionais. Isso \u00e9 particularmente vantajoso em aplica\u00e7\u00f5es que exigem um alto grau de precis\u00e3o e repetibilidade.<\/li>\n<li><b>Maior expectativa de vida:<\/b> Os cilindros ajust\u00e1veis \u200b\u200btipo garfo s\u00e3o constru\u00eddos para suportar uso intenso e ambientes exigentes. Fabricados com materiais de alta qualidade, s\u00e3o projetados para resistir ao desgaste. Com a devida manuten\u00e7\u00e3o e cuidado, esses cilindros podem durar muitos anos, oferecendo uma solu\u00e7\u00e3o confi\u00e1vel e econ\u00f4mica para uma ampla gama de aplica\u00e7\u00f5es. O pre\u00e7o competitivo de um cilindro hidr\u00e1ulico de pequeno porte com duplo efeito de 2 toneladas o torna uma escolha popular para quem busca uma solu\u00e7\u00e3o confi\u00e1vel e econ\u00f4mica.<\/li>\n<li><b>Tempo de inatividade reduzido:<\/b> Em caso de mau funcionamento ou avaria, os cilindros ajust\u00e1veis \u200b\u200bdo tipo garfo podem ser facilmente reparados ou substitu\u00eddos. O design modular desses cilindros permite uma manuten\u00e7\u00e3o r\u00e1pida e f\u00e1cil, reduzindo o tempo de inatividade e garantindo que o equipamento volte a funcionar o mais r\u00e1pido poss\u00edvel. Isso \u00e9 particularmente importante em setores onde o tempo de inatividade pode acarretar perdas financeiras significativas.<\/li>\n<\/ul>\n<p>De modo geral, os cilindros ajust\u00e1veis \u200b\u200bcom engate tipo garfo oferecem uma s\u00e9rie de vantagens em rela\u00e7\u00e3o aos cilindros de montagem fixa. Proporcionam maior versatilidade, melhor controle de carga, maior efici\u00eancia, vida \u00fatil mais longa e menor tempo de inatividade. O pre\u00e7o competitivo de um cilindro hidr\u00e1ulico de pequeno porte com duplo efeito de 2 toneladas tamb\u00e9m o torna uma escolha popular para quem busca uma solu\u00e7\u00e3o confi\u00e1vel e econ\u00f4mica.<\/p>\n<h3>Sobre a FMP<\/h3>\n<p>A FMP \u00e9 uma empresa especializada na produ\u00e7\u00e3o e venda de Cilindros Hidr\u00e1ulicos. Localizada na It\u00e1lia, oferecemos cilindros hidr\u00e1ulicos de alta qualidade e confiabilidade, com nossos muitos anos de experi\u00eancia no setor e nossa equipe profissional.<\/p>\n<p><img decoding=\"async\" src=\"https:\/\/fmp-components.com\/wp-content\/uploads\/2024\/12\/Adjustable-Clevis-Type-Cylinders-6.webp\" alt=\"Cilindro tipo manilha ajust\u00e1vel\" width=\"817\" title=\"\"><\/p>\n<ol>\n<li>Ampla gama de produtos: Fornecemos uma gama diversificada de cilindros hidr\u00e1ulicos adequados para diversas aplica\u00e7\u00f5es no setor de m\u00e1quinas de constru\u00e7\u00e3o.<\/li>\n<li>Qualidade superior: todos os nossos cilindros hidr\u00e1ulicos s\u00e3o fabricados com materiais de primeira qualidade e passam por rigorosos controles de qualidade para garantir sua durabilidade e desempenho.<\/li>\n<li>Op\u00e7\u00f5es de personaliza\u00e7\u00e3o: Oferecemos servi\u00e7os de personaliza\u00e7\u00e3o para atender aos requisitos espec\u00edficos de nossos clientes, fornecendo solu\u00e7\u00f5es personalizadas para suas necessidades de m\u00e1quinas de constru\u00e7\u00e3o.<\/li>\n<li>Equipe de vendas especializada: Nossa experiente equipe de vendas possui profundo conhecimento do setor de m\u00e1quinas de constru\u00e7\u00e3o e pode fornecer consultoria profissional sobre produtos para ajudar os clientes a tomar decis\u00f5es de compra informadas.<\/li>\n<li>Log\u00edstica eficiente: com nosso sistema de distribui\u00e7\u00e3o log\u00edstica eficiente, garantimos a entrega pontual e precisa de cilindros hidr\u00e1ulicos aos nossos clientes, garantindo que seus projetos possam prosseguir sem problemas e sem atrasos.<\/li>\n<\/ol>\n<p>Fa\u00e7a parceria com a FMP para todas as suas necessidades de cilindros hidr\u00e1ulicos e experimente a confiabilidade, a qualidade e o profissionalismo que nos diferenciam no setor de m\u00e1quinas de constru\u00e7\u00e3o.<\/p>\n<p>Autor: CX<\/p>","protected":false},"excerpt":{"rendered":"<p>Competitive Price 2 Ton Double Effect Small Hydraulic Cylinder Product Introduction: Competitive Price 2 Ton Double Effect Small Hydraulic Cylinder The Competitive Price 2 Ton Double Effect Small Hydraulic Cylinder is a highly efficient and reliable hydraulic cylinder that is designed to deliver superior performance for a wide range of industrial applications. This hydraulic cylinder [&hellip;]<\/p>","protected":false},"featured_media":1479,"comment_status":"closed","ping_status":"closed","template":"","meta":{"_et_pb_use_builder":"","_et_pb_old_content":"","_et_gb_content_width":""},"product_brand":[],"product_cat":[42],"product_tag":[34,44],"class_list":{"0":"post-1478","1":"product","2":"type-product","3":"status-publish","4":"has-post-thumbnail","6":"product_cat-snow-plow-hydraulic-cylinder","7":"product_tag-hydraulic-cylinder","8":"product_tag-snow-plow-hydraulic-cylinder","10":"first","11":"instock","12":"product-type-simple"},"_links":{"self":[{"href":"https:\/\/fmp-components.com\/pt\/wp-json\/wp\/v2\/product\/1478","targetHints":{"allow":["GET"]}}],"collection":[{"href":"https:\/\/fmp-components.com\/pt\/wp-json\/wp\/v2\/product"}],"about":[{"href":"https:\/\/fmp-components.com\/pt\/wp-json\/wp\/v2\/types\/product"}],"replies":[{"embeddable":true,"href":"https:\/\/fmp-components.com\/pt\/wp-json\/wp\/v2\/comments?post=1478"}],"wp:featuredmedia":[{"embeddable":true,"href":"https:\/\/fmp-components.com\/pt\/wp-json\/wp\/v2\/media\/1479"}],"wp:attachment":[{"href":"https:\/\/fmp-components.com\/pt\/wp-json\/wp\/v2\/media?parent=1478"}],"wp:term":[{"taxonomy":"product_brand","embeddable":true,"href":"https:\/\/fmp-components.com\/pt\/wp-json\/wp\/v2\/product_brand?post=1478"},{"taxonomy":"product_cat","embeddable":true,"href":"https:\/\/fmp-components.com\/pt\/wp-json\/wp\/v2\/product_cat?post=1478"},{"taxonomy":"product_tag","embeddable":true,"href":"https:\/\/fmp-components.com\/pt\/wp-json\/wp\/v2\/product_tag?post=1478"}],"curies":[{"name":"wp","href":"https:\/\/api.w.org\/{rel}","templated":true}]}}