{"id":1468,"date":"2024-12-23T05:49:26","date_gmt":"2024-12-23T05:49:26","guid":{"rendered":"https:\/\/fmp-components.com\/product\/new-arrival-small-stainless-steel-double-acting-hydraulic-cylinder\/"},"modified":"2024-12-23T06:36:32","modified_gmt":"2024-12-23T06:36:32","slug":"new-arrival-small-stainless-steel-double-acting-hydraulic-cylinder","status":"publish","type":"product","link":"https:\/\/fmp-components.com\/pt\/product\/new-arrival-small-stainless-steel-double-acting-hydraulic-cylinder\/","title":{"rendered":"Novo cilindro hidr\u00e1ulico pequeno de dupla a\u00e7\u00e3o em a\u00e7o inoxid\u00e1vel"},"content":{"rendered":"<h2>Novo cilindro hidr\u00e1ulico pequeno de dupla a\u00e7\u00e3o em a\u00e7o inoxid\u00e1vel<\/h2>\n<p>Apresentamos o novo cilindro hidr\u00e1ulico de dupla a\u00e7\u00e3o em a\u00e7o inoxid\u00e1vel de pequeno porte.<\/p>\n<p>O cilindro hidr\u00e1ulico de dupla a\u00e7\u00e3o em a\u00e7o inoxid\u00e1vel de pequeno porte \u00e9 o produto mais recente a integrar nosso cat\u00e1logo. Ele foi projetado para oferecer alto desempenho e durabilidade em um formato compacto e leve.<\/p>\n<p>Fabricado em a\u00e7o inoxid\u00e1vel de alta qualidade, este cilindro hidr\u00e1ulico \u00e9 resistente \u00e0 corros\u00e3o e suporta alta press\u00e3o e temperaturas extremas. Sua tecnologia de dupla a\u00e7\u00e3o garante uma opera\u00e7\u00e3o suave e consistente em ambas as dire\u00e7\u00f5es.<\/p>\n<p>Este cilindro hidr\u00e1ulico \u00e9 adequado para uma ampla gama de aplica\u00e7\u00f5es, incluindo m\u00e1quinas industriais, equipamentos agr\u00edcolas e ve\u00edculos de constru\u00e7\u00e3o. Seu tamanho compacto e f\u00e1cil instala\u00e7\u00e3o o tornam ideal para uso em espa\u00e7os reduzidos e equipamentos m\u00f3veis.<\/p>\n<p>Al\u00e9m do desempenho superior, o cilindro hidr\u00e1ulico de dupla a\u00e7\u00e3o de pequeno porte em a\u00e7o inoxid\u00e1vel tamb\u00e9m foi projetado para facilitar a manuten\u00e7\u00e3o e garantir longa vida \u00fatil. Acompanha garantia de um ano para sua maior tranquilidade.<\/p>\n<p>Em resumo, o Cilindro Hidr\u00e1ulico de Dupla A\u00e7\u00e3o em A\u00e7o Inoxid\u00e1vel de Pequeno Porte \u00e9 uma solu\u00e7\u00e3o confi\u00e1vel e eficiente para qualquer sistema hidr\u00e1ulico. Encomende o seu hoje mesmo e veja a diferen\u00e7a que ele pode fazer nas suas opera\u00e7\u00f5es. Apresentamos o nosso mais recente lan\u00e7amento: o Cilindro Hidr\u00e1ulico de Dupla A\u00e7\u00e3o em A\u00e7o Inoxid\u00e1vel de Pequeno Porte. Este produto rec\u00e9m-lan\u00e7ado \u00e9 perfeito para aplica\u00e7\u00f5es em oficinas de repara\u00e7\u00e3o de m\u00e1quinas, fazendas, energia e minera\u00e7\u00e3o, fabrica\u00e7\u00e3o de m\u00e1quinas e f\u00e1bricas de m\u00e1quinas.<\/p>\n<p><img decoding=\"async\" title=\"Cilindro hidr\u00e1ulico para limpa-neve\" src=\"https:\/\/hzpt.com\/wp-content\/uploads\/2023\/11\/Snow-Plow-Hydraulic-Cylinder-1.webp\" alt=\"Cilindro hidr\u00e1ulico para limpa-neve\" \/><\/p>\n<h2>Caracter\u00edsticas do produto<\/h2>\n<p>O produto foi projetado com a tecnologia mais avan\u00e7ada. Trata-se de um cilindro de pist\u00e3o padr\u00e3o, acionado por sistema hidr\u00e1ulico. O corpo \u00e9 feito de a\u00e7o, o que o torna dur\u00e1vel e resistente. Possui um empuxo m\u00e1ximo de 3000 e uma for\u00e7a de tra\u00e7\u00e3o m\u00e1xima de 20 toneladas, o que o torna extremamente eficiente.<\/p>\n<h3>Tipo: Cilindros hidr\u00e1ulicos para limpa-neves<\/h3>\n<p>Este cilindro hidr\u00e1ulico foi projetado especificamente para limpa-neves. \u00c9 um produto novo para 2023, com garantia de 1 ano para os componentes principais. Os componentes principais incluem o rolamento e o pr\u00f3prio cilindro hidr\u00e1ulico.<\/p>\n<h3>Pr\u00f3s: G\/SAE\/NPT\/M<\/h3>\n<p>As conex\u00f5es do cilindro hidr\u00e1ulico s\u00e3o G\/SAE\/NPT\/M. O di\u00e2metro do furo varia de 2 a 6 polegadas, o di\u00e2metro da haste de 1,125 a 4 polegadas, o curso de 4 a 100 polegadas e o di\u00e2metro do pino de 0,5 a 2 polegadas. Este produto possui certifica\u00e7\u00e3o ISO9001:2000.<\/p>\n<p><img decoding=\"async\" title=\"Cilindro hidr\u00e1ulico para limpa-neve\" src=\"https:\/\/hzpt.com\/wp-content\/uploads\/2023\/11\/Snow-Plow-Hydraulic-Cylinder-3.webp\" alt=\"Cilindro hidr\u00e1ulico para limpa-neve\" \/><\/p>\n<h2>Vantagens dos Cilindros Tipo Clevis Ajust\u00e1veis<\/h2>\n<p>Cilindros ajust\u00e1veis \u200b\u200bdo tipo garfo, como o novo Cilindro Hidr\u00e1ulico de Dupla A\u00e7\u00e3o em A\u00e7o Inoxid\u00e1vel de Pequeno Porte, oferecem diversas vantagens em rela\u00e7\u00e3o a outros tipos de cilindros. Abaixo est\u00e3o algumas das principais vantagens:<\/p>\n<ul>\n<li><strong>Flexibilidade na montagem:<\/strong> Cilindros ajust\u00e1veis \u200b\u200bdo tipo garfo oferecem grande flexibilidade de montagem. Podem ser montados em diversas dire\u00e7\u00f5es e \u00e2ngulos, proporcionando maior versatilidade em suas aplica\u00e7\u00f5es. Isso \u00e9 especialmente importante em aplica\u00e7\u00f5es onde o espa\u00e7o \u00e9 limitado e uma configura\u00e7\u00e3o de montagem espec\u00edfica \u00e9 necess\u00e1ria.<\/li>\n<li><strong>Estabilidade aumentada:<\/strong> O cilindro com fixa\u00e7\u00e3o ajust\u00e1vel por garfo proporciona maior estabilidade em compara\u00e7\u00e3o com outros tipos de cilindro. Isso se deve ao fato de a fixa\u00e7\u00e3o por garfo ser mais forte e r\u00edgida do que outros tipos de montagem. Essa maior estabilidade resulta em melhor desempenho e maior vida \u00fatil do cilindro.<\/li>\n<li><strong>F\u00e1cil manuten\u00e7\u00e3o:<\/strong> Os cilindros ajust\u00e1veis \u200b\u200btipo garfo s\u00e3o projetados com foco na facilidade de manuten\u00e7\u00e3o. Eles oferecem f\u00e1cil acesso ao pist\u00e3o e \u00e0s veda\u00e7\u00f5es, permitindo procedimentos de manuten\u00e7\u00e3o r\u00e1pidos e simples. Isso reduz o tempo de inatividade e aumenta a produtividade.<\/li>\n<li><strong>Comprimento do tra\u00e7o personaliz\u00e1vel:<\/strong> O curso dos cilindros ajust\u00e1veis \u200b\u200bdo tipo garfo pode ser facilmente personalizado para atender a requisitos espec\u00edficos da aplica\u00e7\u00e3o. Essa personaliza\u00e7\u00e3o garante que o cilindro seja otimizado para a aplica\u00e7\u00e3o pretendida e proporcione o melhor desempenho poss\u00edvel.<\/li>\n<li><strong>Maior efici\u00eancia:<\/strong> A utiliza\u00e7\u00e3o de cilindros ajust\u00e1veis \u200b\u200bdo tipo garfo pode levar a um aumento da efici\u00eancia em diversas aplica\u00e7\u00f5es. Isso se deve ao fato de o cilindro poder ser otimizado para a aplica\u00e7\u00e3o espec\u00edfica, resultando em melhor desempenho e menor consumo de energia.<\/li>\n<li><strong>Seguran\u00e7a aprimorada:<\/strong> Os cilindros ajust\u00e1veis \u200b\u200btipo garfo s\u00e3o projetados com foco na seguran\u00e7a. Eles oferecem excelente controle sobre o movimento do cilindro, permitindo uma opera\u00e7\u00e3o precisa e segura. Isso \u00e9 especialmente importante em aplica\u00e7\u00f5es onde a seguran\u00e7a \u00e9 prioridade m\u00e1xima.<\/li>\n<\/ul>\n<p>Em resumo, os cilindros ajust\u00e1veis \u200b\u200bcom olhal, como o novo Cilindro Hidr\u00e1ulico de Dupla A\u00e7\u00e3o em A\u00e7o Inoxid\u00e1vel de Pequeno Porte, oferecem uma ampla gama de vantagens em rela\u00e7\u00e3o a outros tipos de cilindros. Sua flexibilidade de montagem, maior estabilidade, facilidade de manuten\u00e7\u00e3o, curso personaliz\u00e1vel, maior efici\u00eancia e seguran\u00e7a aprimorada os tornam uma excelente escolha para diversas aplica\u00e7\u00f5es.<\/p>\n<h3>Sobre a FMP<\/h3>\n<p>A FMP \u00e9 uma empresa especializada na produ\u00e7\u00e3o e venda de cilindros hidr\u00e1ulicos. Com nossa vasta experi\u00eancia no setor e uma equipe profissional, fornecemos aos nossos clientes cilindros hidr\u00e1ulicos de alta qualidade e confi\u00e1veis \u200b\u200bpara m\u00e1quinas de constru\u00e7\u00e3o.<\/p>\n<p>1. Ampla gama de produtos:<\/p>\n<p>Nossa linha de produtos inclui uma variedade de cilindros hidr\u00e1ulicos para m\u00e1quinas de constru\u00e7\u00e3o. Seja qual for a sua necessidade \u2014 cilindros de a\u00e7\u00e3o simples ou dupla, cilindros telesc\u00f3picos ou cilindros projetados sob medida \u2014, temos a solu\u00e7\u00e3o perfeita para atender \u00e0s suas necessidades espec\u00edficas.<\/p>\n<p>2. Componentes de alta qualidade:<\/p>\n<p>Todos os nossos cilindros hidr\u00e1ulicos s\u00e3o fabricados com componentes de alta qualidade. Priorizamos a qualidade em nosso processo de fabrica\u00e7\u00e3o para garantir a durabilidade e o desempenho de nossos produtos.<\/p>\n<p>3. Especializa\u00e7\u00e3o e Consultoria:<\/p>\n<p>Nossa experiente equipe de vendas est\u00e1 bem informada sobre as tend\u00eancias de desenvolvimento e as necessidades dos clientes na ind\u00fastria de m\u00e1quinas de constru\u00e7\u00e3o. Eles podem fornecer consultoria profissional sobre os produtos, ajudando voc\u00ea a escolher o cilindro hidr\u00e1ulico certo para sua m\u00e1quina.<\/p>\n<p>4. Cadeia de suprimentos confi\u00e1vel:<\/p>\n<p>Ao estabelecer rela\u00e7\u00f5es de coopera\u00e7\u00e3o est\u00e1veis \u200b\u200be de longo prazo com fornecedores de alta qualidade, garantimos que todas as pe\u00e7as fornecidas atendam a rigorosos padr\u00f5es de qualidade. Isso assegura a confiabilidade e a durabilidade de nossos cilindros hidr\u00e1ulicos.<\/p>\n<p>5. Log\u00edstica eficiente e entrega pontual:<\/p>\n<p>Possu\u00edmos um sistema de distribui\u00e7\u00e3o log\u00edstica eficiente para garantir que os clientes recebam os cilindros hidr\u00e1ulicos necess\u00e1rios de forma r\u00e1pida e precisa. Entendemos a import\u00e2ncia de minimizar o tempo de inatividade e buscamos oferecer entregas \u00e1geis.<\/p>\n<p><img decoding=\"async\" src=\"https:\/\/fmp-components.com\/wp-content\/uploads\/2024\/12\/Adjustable-Clevis-Type-Cylinders-6.webp\" alt=\"Cilindro tipo manilha ajust\u00e1vel\" width=\"812\" title=\"\"><\/p>\n<p>Autor: CX<\/p>","protected":false},"excerpt":{"rendered":"<p>New Arrival Small Stainless Steel Double Acting Hydraulic Cylinder Introducing the New Arrival Small Stainless Steel Double Acting Hydraulic Cylinder The Small Stainless Steel Double Acting Hydraulic Cylinder is the latest product to join our inventory. It is designed to provide high performance and durability in a compact and lightweight package. Made with high-quality stainless [&hellip;]<\/p>","protected":false},"featured_media":1469,"comment_status":"closed","ping_status":"closed","template":"","meta":{"_et_pb_use_builder":"","_et_pb_old_content":"","_et_gb_content_width":""},"product_brand":[],"product_cat":[42],"product_tag":[34,44],"class_list":{"0":"post-1468","1":"product","2":"type-product","3":"status-publish","4":"has-post-thumbnail","6":"product_cat-snow-plow-hydraulic-cylinder","7":"product_tag-hydraulic-cylinder","8":"product_tag-snow-plow-hydraulic-cylinder","10":"first","11":"instock","12":"product-type-simple"},"_links":{"self":[{"href":"https:\/\/fmp-components.com\/pt\/wp-json\/wp\/v2\/product\/1468","targetHints":{"allow":["GET"]}}],"collection":[{"href":"https:\/\/fmp-components.com\/pt\/wp-json\/wp\/v2\/product"}],"about":[{"href":"https:\/\/fmp-components.com\/pt\/wp-json\/wp\/v2\/types\/product"}],"replies":[{"embeddable":true,"href":"https:\/\/fmp-components.com\/pt\/wp-json\/wp\/v2\/comments?post=1468"}],"wp:featuredmedia":[{"embeddable":true,"href":"https:\/\/fmp-components.com\/pt\/wp-json\/wp\/v2\/media\/1469"}],"wp:attachment":[{"href":"https:\/\/fmp-components.com\/pt\/wp-json\/wp\/v2\/media?parent=1468"}],"wp:term":[{"taxonomy":"product_brand","embeddable":true,"href":"https:\/\/fmp-components.com\/pt\/wp-json\/wp\/v2\/product_brand?post=1468"},{"taxonomy":"product_cat","embeddable":true,"href":"https:\/\/fmp-components.com\/pt\/wp-json\/wp\/v2\/product_cat?post=1468"},{"taxonomy":"product_tag","embeddable":true,"href":"https:\/\/fmp-components.com\/pt\/wp-json\/wp\/v2\/product_tag?post=1468"}],"curies":[{"name":"wp","href":"https:\/\/api.w.org\/{rel}","templated":true}]}}