{"id":1456,"date":"2024-12-23T05:49:26","date_gmt":"2024-12-23T05:49:26","guid":{"rendered":"https:\/\/fmp-components.com\/product\/factory-price-small-hydraulic-piston-cylinder-hydraulic-cylinder-double-acting-for-snow-plow\/"},"modified":"2024-12-23T06:41:55","modified_gmt":"2024-12-23T06:41:55","slug":"factory-price-small-hydraulic-piston-cylinder-hydraulic-cylinder-double-acting-for-snow-plow","status":"publish","type":"product","link":"https:\/\/fmp-components.com\/pt\/product\/factory-price-small-hydraulic-piston-cylinder-hydraulic-cylinder-double-acting-for-snow-plow\/","title":{"rendered":"Pre\u00e7o de f\u00e1brica Cilindro hidr\u00e1ulico de pist\u00e3o pequeno Cilindro hidr\u00e1ulico de dupla a\u00e7\u00e3o para limpa-neve"},"content":{"rendered":"<p>Cilindro Hidr\u00e1ulico de Pist\u00e3o Pequeno com Pre\u00e7o de F\u00e1brica, Cilindro Hidr\u00e1ulico de Dupla A\u00e7\u00e3o para Arado de Neve. Este cilindro hidr\u00e1ulico de alta qualidade foi projetado especificamente para uso em arados de neve. Sua dupla a\u00e7\u00e3o permite que ele forne\u00e7a for\u00e7a em ambas as dire\u00e7\u00f5es, tornando-o ideal para aplica\u00e7\u00f5es em arados onde s\u00e3o necess\u00e1rias for\u00e7as de empurrar e puxar.<\/p>\n<p><img decoding=\"async\" title=\"Cilindro hidr\u00e1ulico para limpa-neve\" src=\"https:\/\/hzpt.com\/wp-content\/uploads\/2023\/11\/Snow-Plow-Hydraulic-Cylinder-2.webp\" alt=\"Cilindro hidr\u00e1ulico para limpa-neve\" \/><\/p>\n<p>Fabricado com materiais dur\u00e1veis, o cilindro hidr\u00e1ulico foi projetado para suportar as condi\u00e7\u00f5es adversas encontradas durante a remo\u00e7\u00e3o de neve. Possui um design compacto, facilitando a instala\u00e7\u00e3o e o uso. O cilindro tamb\u00e9m oferece um funcionamento suave, garantindo um desempenho eficiente.<\/p>\n<p>Uma das principais vantagens deste cilindro hidr\u00e1ulico \u00e9 o seu pre\u00e7o de f\u00e1brica. Apesar da sua constru\u00e7\u00e3o de alta qualidade, tem um pre\u00e7o competitivo, tornando-se uma op\u00e7\u00e3o economicamente vi\u00e1vel para fabricantes e operadores de limpa-neves.<\/p>\n<p>Em resumo, o Cilindro Hidr\u00e1ulico de Pist\u00e3o Pequeno de F\u00e1brica com A\u00e7\u00e3o Dupla para Arados de Neve \u00e9 \u200b\u200bum cilindro hidr\u00e1ulico confi\u00e1vel, eficiente e econ\u00f4mico, perfeito para aplica\u00e7\u00f5es em arados de neve. Sua constru\u00e7\u00e3o robusta, opera\u00e7\u00e3o suave e pre\u00e7o competitivo o tornam uma escolha popular entre fabricantes e operadores de arados de neve. Apresentamos um produto que equilibra perfeitamente desempenho, durabilidade e pre\u00e7o acess\u00edvel. Nosso Cilindro Hidr\u00e1ulico de Pist\u00e3o Pequeno foi projetado especificamente para arados de neve, garantindo opera\u00e7\u00f5es suaves mesmo nas condi\u00e7\u00f5es clim\u00e1ticas mais adversas.<\/p>\n<h2>Principais caracter\u00edsticas<\/h2>\n<p>Este cilindro hidr\u00e1ulico de dupla a\u00e7\u00e3o vem com uma s\u00e9rie de caracter\u00edsticas impressionantes:<\/p>\n<ul>\n<li><strong>Poder:<\/strong> Hidr\u00e1ulico<\/li>\n<li><strong>Material do corpo:<\/strong> A\u00e7o<\/li>\n<li><strong>Impulso m\u00e1ximo:<\/strong> 3000<\/li>\n<li><strong>Portas:<\/strong> G\/SAE\/NPT\/M<\/li>\n<li><strong>Puxada m\u00e1xima:<\/strong> 20 toneladas<\/li>\n<li><strong>Certifica\u00e7\u00e3o:<\/strong> ISO9001:2000<\/li>\n<\/ul>\n<p><img decoding=\"async\" src=\"https:\/\/hzpt.com\/wp-content\/uploads\/2023\/11\/Snow-Plow-Hydraulic-Cylinder-4Factory.webp\" alt=\"\" title=\"\"><\/p>\n<h2>Vantagens dos Cilindros Tipo Clevis Ajust\u00e1veis<\/h2>\n<p>No mundo dos sistemas hidr\u00e1ulicos, os cilindros ajust\u00e1veis \u200b\u200bcom olhal est\u00e3o ganhando popularidade devido \u00e0s suas caracter\u00edsticas e benef\u00edcios exclusivos. Esses cilindros s\u00e3o projetados com precis\u00e3o e excel\u00eancia em engenharia, tornando-os a escolha ideal para diversas aplica\u00e7\u00f5es. Neste artigo, exploraremos as vantagens dos cilindros ajust\u00e1veis \u200b\u200bcom olhal e nos aprofundaremos em seus detalhes.<\/p>\n<p><strong>1. Flexibilidade aprimorada:<\/strong> Uma das vantagens significativas dos cilindros ajust\u00e1veis \u200b\u200bcom olhal \u00e9 a sua capacidade de proporcionar maior flexibilidade em sistemas hidr\u00e1ulicos. Esses cilindros s\u00e3o projetados para permitir o ajuste f\u00e1cil da posi\u00e7\u00e3o do olhal, o que possibilita o alinhamento e posicionamento precisos do cilindro.<\/p>\n<p><strong>2. Desempenho ideal:<\/strong> Os cilindros ajust\u00e1veis \u200b\u200btipo garfo oferecem desempenho otimizado gra\u00e7as ao seu design e constru\u00e7\u00e3o avan\u00e7ados. Projetados para suportar alta press\u00e3o e cargas pesadas, garantem opera\u00e7\u00e3o suave e eficiente em diversas aplica\u00e7\u00f5es. Seja para levantar m\u00e1quinas pesadas ou operar um limpa-neve, esses cilindros proporcionam desempenho excepcional.<\/p>\n<p><strong>3. Versatilidade:<\/strong> A versatilidade dos cilindros hidr\u00e1ulicos ajust\u00e1veis \u200b\u200bcom olhal \u00e9 outra vantagem not\u00e1vel. Esses cilindros podem ser usados \u200b\u200bem uma ampla gama de setores, incluindo constru\u00e7\u00e3o, agricultura e manufatura. Seja para um projeto de pequena escala ou para uma aplica\u00e7\u00e3o industrial de grande porte, os cilindros hidr\u00e1ulicos ajust\u00e1veis \u200b\u200bcom olhal atendem \u00e0s suas necessidades.<\/p>\n<p><strong>4. Durabilidade:<\/strong> Quando se trata de sistemas hidr\u00e1ulicos, a durabilidade \u00e9 de extrema import\u00e2ncia. Os cilindros ajust\u00e1veis \u200b\u200bdo tipo garfo s\u00e3o conhecidos por sua excepcional durabilidade e longa vida \u00fatil. Esses cilindros s\u00e3o constru\u00eddos com materiais de alta qualidade e submetidos a testes rigorosos para garantir que suportem condi\u00e7\u00f5es ambientais adversas e uso intenso.<\/p>\n<p><strong>5. F\u00e1cil manuten\u00e7\u00e3o:<\/strong> A manuten\u00e7\u00e3o de sistemas hidr\u00e1ulicos pode ser uma tarefa complexa, mas os cilindros ajust\u00e1veis \u200b\u200btipo garfo simplificam o processo. Esses cilindros s\u00e3o projetados para facilitar a manuten\u00e7\u00e3o, com recursos como graxeiras acess\u00edveis e kits de veda\u00e7\u00e3o. Isso torna a manuten\u00e7\u00e3o e os reparos de rotina descomplicados, economizando tempo e esfor\u00e7o.<\/p>\n<p><strong>6. Custo-benef\u00edcio:<\/strong> Por \u00faltimo, mas n\u00e3o menos importante, os cilindros ajust\u00e1veis \u200b\u200btipo garfo oferecem uma solu\u00e7\u00e3o econ\u00f4mica para aplica\u00e7\u00f5es hidr\u00e1ulicas. Esses cilindros v\u00eam com pre\u00e7os de f\u00e1brica vantajosos, tornando-os uma op\u00e7\u00e3o acess\u00edvel sem comprometer a qualidade e o desempenho. Sua longa vida \u00fatil e baixa necessidade de manuten\u00e7\u00e3o tamb\u00e9m contribuem para sua rela\u00e7\u00e3o custo-benef\u00edcio.<\/p>\n<p>Em resumo, os cilindros ajust\u00e1veis \u200b\u200btipo garfo oferecem in\u00fameras vantagens para sistemas hidr\u00e1ulicos. Sua flexibilidade, desempenho otimizado, versatilidade, durabilidade, facilidade de manuten\u00e7\u00e3o e custo-benef\u00edcio os tornam a melhor escolha para diversos setores. Seja para um pequeno cilindro hidr\u00e1ulico de pist\u00e3o ou um cilindro de dupla a\u00e7\u00e3o para um limpa-neve, os cilindros ajust\u00e1veis \u200b\u200btipo garfo s\u00e3o a solu\u00e7\u00e3o ideal.<\/p>\n<h3>Sobre a FMP \u2013 Sua solu\u00e7\u00e3o para cilindros hidr\u00e1ulicos de alta qualidade<\/h3>\n<p>Procura cilindros hidr\u00e1ulicos confi\u00e1veis \u200b\u200be de alta qualidade que suportem at\u00e9 os canteiros de obras mais exigentes? A FMP \u00e9 a solu\u00e7\u00e3o! Como fornecedora l\u00edder em vendas e servi\u00e7os de pe\u00e7as e m\u00e1quinas completas para constru\u00e7\u00e3o civil, somos especializados na produ\u00e7\u00e3o de cilindros hidr\u00e1ulicos de ponta para todas as suas necessidades na constru\u00e7\u00e3o.<\/p>\n<p>Aqui est\u00e3o alguns motivos pelos quais voc\u00ea deve escolher a FMP para suas necessidades de cilindros hidr\u00e1ulicos:<\/p>\n<p>1. <strong>Qualidade incompar\u00e1vel:<\/strong> Na FMP, levamos a qualidade a s\u00e9rio. Selecionamos nossos materiais apenas dos fornecedores mais conceituados e garantimos que cada cilindro que sai de nosso armaz\u00e9m atenda aos nossos rigorosos padr\u00f5es de qualidade.<\/p>\n<p>2. <strong>Ampla gama de produtos:<\/strong> Nossa linha de produtos \u00e9 ampla e variada, incluindo cilindros ajust\u00e1veis \u200b\u200btipo garfo, cilindros de a\u00e7\u00e3o simples, cilindros telesc\u00f3picos e muito mais. Quaisquer que sejam suas necessidades espec\u00edficas, temos um cilindro hidr\u00e1ulico que atender\u00e1 \u00e0s suas expectativas.<\/p>\n<p>3. <strong>Equipe profissional:<\/strong> Nossa equipe de especialistas possui vasta experi\u00eancia no setor de m\u00e1quinas para constru\u00e7\u00e3o e pode oferecer consultoria personalizada sobre produtos e sugest\u00f5es de compra para garantir que voc\u00ea obtenha o cilindro hidr\u00e1ulico certo para o seu projeto.<\/p>\n<p>4. <strong>Log\u00edstica Eficiente:<\/strong> Sabemos que tempo \u00e9 dinheiro na ind\u00fastria da constru\u00e7\u00e3o. Por isso, contamos com um sistema de distribui\u00e7\u00e3o log\u00edstica eficiente para garantir que voc\u00ea receba seus cilindros hidr\u00e1ulicos de forma r\u00e1pida e precisa.<\/p>\n<p>5. <strong>Pre\u00e7os competitivos:<\/strong> Na FMP, acreditamos que a qualidade n\u00e3o deve ser um fator determinante para o pre\u00e7o. Oferecemos pre\u00e7os competitivos em todos os nossos cilindros hidr\u00e1ulicos sem comprometer a qualidade ou a confiabilidade.<\/p>\n<p>Seja para cilindros hidr\u00e1ulicos ajust\u00e1veis \u200b\u200btipo garfo ou qualquer outro tipo de cilindro hidr\u00e1ulico para suas necessidades de constru\u00e7\u00e3o, confie na FMP para fornecer os melhores produtos e servi\u00e7os do setor. Entre em contato conosco hoje mesmo para saber mais e come\u00e7ar!<\/p>\n<p><img decoding=\"async\" src=\"https:\/\/fmp-components.com\/wp-content\/uploads\/2024\/12\/Adjustable-Clevis-Type-Cylinders-6.webp\" alt=\"Cilindro tipo manilha ajust\u00e1vel\" width=\"806\" title=\"\">Autor: CX<\/p>","protected":false},"excerpt":{"rendered":"<p>Factory Price Small Hydraulic Piston Cylinder Hydraulic Cylinder Double Acting For Snow PlowFactory Price Small Hydraulic Piston Cylinder Hydraulic Cylinder Double Acting For Snow Plow is a high-quality hydraulic cylinder designed specifically for use in snow plows. This cylinder is double-acting, which means it provides force in both directions, making it ideal for plow applications [&hellip;]<\/p>","protected":false},"featured_media":1457,"comment_status":"closed","ping_status":"closed","template":"","meta":{"_et_pb_use_builder":"","_et_pb_old_content":"","_et_gb_content_width":""},"product_brand":[],"product_cat":[42],"product_tag":[34,44],"class_list":{"0":"post-1456","1":"product","2":"type-product","3":"status-publish","4":"has-post-thumbnail","6":"product_cat-snow-plow-hydraulic-cylinder","7":"product_tag-hydraulic-cylinder","8":"product_tag-snow-plow-hydraulic-cylinder","10":"first","11":"instock","12":"product-type-simple"},"_links":{"self":[{"href":"https:\/\/fmp-components.com\/pt\/wp-json\/wp\/v2\/product\/1456","targetHints":{"allow":["GET"]}}],"collection":[{"href":"https:\/\/fmp-components.com\/pt\/wp-json\/wp\/v2\/product"}],"about":[{"href":"https:\/\/fmp-components.com\/pt\/wp-json\/wp\/v2\/types\/product"}],"replies":[{"embeddable":true,"href":"https:\/\/fmp-components.com\/pt\/wp-json\/wp\/v2\/comments?post=1456"}],"wp:featuredmedia":[{"embeddable":true,"href":"https:\/\/fmp-components.com\/pt\/wp-json\/wp\/v2\/media\/1457"}],"wp:attachment":[{"href":"https:\/\/fmp-components.com\/pt\/wp-json\/wp\/v2\/media?parent=1456"}],"wp:term":[{"taxonomy":"product_brand","embeddable":true,"href":"https:\/\/fmp-components.com\/pt\/wp-json\/wp\/v2\/product_brand?post=1456"},{"taxonomy":"product_cat","embeddable":true,"href":"https:\/\/fmp-components.com\/pt\/wp-json\/wp\/v2\/product_cat?post=1456"},{"taxonomy":"product_tag","embeddable":true,"href":"https:\/\/fmp-components.com\/pt\/wp-json\/wp\/v2\/product_tag?post=1456"}],"curies":[{"name":"wp","href":"https:\/\/api.w.org\/{rel}","templated":true}]}}