{"id":1446,"date":"2024-12-23T05:49:26","date_gmt":"2024-12-23T05:49:26","guid":{"rendered":"https:\/\/fmp-components.com\/product\/china-factory-supply-agricultural-machinery-hydraulic-cylinders-snow-plow-hydraulic-cylinder-double-acting\/"},"modified":"2024-12-23T08:48:27","modified_gmt":"2024-12-23T08:48:27","slug":"italy-factory-supply-agricultural-machinery-hydraulic-cylinders-snow-plow-hydraulic-cylinder-double-acting","status":"publish","type":"product","link":"https:\/\/fmp-components.com\/pt\/product\/italy-factory-supply-agricultural-machinery-hydraulic-cylinders-snow-plow-hydraulic-cylinder-double-acting\/","title":{"rendered":"F\u00e1brica de fornecimento de m\u00e1quinas agr\u00edcolas na It\u00e1lia Cilindros hidr\u00e1ulicos Limpa-neve Cilindro hidr\u00e1ulico de dupla a\u00e7\u00e3o"},"content":{"rendered":"<h2>F\u00e1brica de fornecimento de m\u00e1quinas agr\u00edcolas na It\u00e1lia Cilindros hidr\u00e1ulicos Limpa-neve Cilindro hidr\u00e1ulico de dupla a\u00e7\u00e3o<\/h2>\n<p>O Cilindro Hidr\u00e1ulico de Dupla A\u00e7\u00e3o para M\u00e1quinas Agr\u00edcolas, fornecido pela f\u00e1brica italiana, \u00e9 um cilindro hidr\u00e1ulico de alta qualidade e efici\u00eancia, projetado especificamente para m\u00e1quinas agr\u00edcolas. \u00c9 ideal para arados de neve e possui um mecanismo de dupla a\u00e7\u00e3o para maior funcionalidade.<\/p>\n<p>Este cilindro hidr\u00e1ulico \u00e9 fabricado na It\u00e1lia com foco em durabilidade e desempenho. \u00c9 feito com materiais de alta qualidade para garantir uso prolongado mesmo em condi\u00e7\u00f5es adversas. O cilindro foi projetado para suportar cargas pesadas e proporcionar uma opera\u00e7\u00e3o suave e confi\u00e1vel.<\/p>\n<p>O mecanismo de dupla a\u00e7\u00e3o permite que o cilindro hidr\u00e1ulico se estenda e retraia, proporcionando flexibilidade e controle durante as opera\u00e7\u00f5es de remo\u00e7\u00e3o de neve. Essa caracter\u00edstica garante a remo\u00e7\u00e3o eficiente da neve, permitindo que a l\u00e2mina empurre e levante a neve, tornando-a a escolha ideal para limpar ruas, cal\u00e7adas e outras superf\u00edcies.<\/p>\n<p><img decoding=\"async\" title=\"Cilindro hidr\u00e1ulico para limpa-neve\" src=\"https:\/\/hzpt.com\/wp-content\/uploads\/2023\/11\/Snow-Plow-Hydraulic-Cylinder-2.webp\" alt=\"Cilindro hidr\u00e1ulico para limpa-neve\" \/><\/p>\n<p>O cilindro hidr\u00e1ulico de dupla a\u00e7\u00e3o para m\u00e1quinas agr\u00edcolas, fornecido pela f\u00e1brica italiana, \u00e9 f\u00e1cil de instalar e compat\u00edvel com diversos modelos de m\u00e1quinas agr\u00edcolas. Ele foi projetado para se integrar perfeitamente aos sistemas hidr\u00e1ulicos existentes, minimizando o tempo de inatividade e maximizando a produtividade.<\/p>\n<p>Com sua constru\u00e7\u00e3o robusta, desempenho confi\u00e1vel e versatilidade, este cilindro hidr\u00e1ulico \u00e9 um componente essencial para qualquer m\u00e1quina agr\u00edcola equipada com l\u00e2mina de neve. Confie na Italy Factory Supply para fornecer um produto de alta qualidade que atenda \u00e0s suas necessidades de remo\u00e7\u00e3o eficiente de neve.<\/p>\n<h2>Vantagens dos Cilindros Tipo Clevis Ajust\u00e1veis<\/h2>\n<p>Cilindros hidr\u00e1ulicos ajust\u00e1veis \u200b\u200bcom olhal s\u00e3o um tipo de cilindro hidr\u00e1ulico que possui um suporte tipo olhal e um garfo ajust\u00e1vel. S\u00e3o comumente usados \u200b\u200bem m\u00e1quinas agr\u00edcolas, limpa-neves e outros equipamentos pesados. Neste artigo, discutiremos as vantagens de usar cilindros hidr\u00e1ulicos ajust\u00e1veis \u200b\u200bcom olhal.<\/p>\n<h3>1. Versatilidade<\/h3>\n<p>Uma das principais vantagens dos cilindros ajust\u00e1veis \u200b\u200btipo garfo \u00e9 a sua versatilidade. Eles podem ser usados \u200b\u200bem diversas aplica\u00e7\u00f5es, incluindo m\u00e1quinas agr\u00edcolas e limpa-neves. Seu garfo ajust\u00e1vel permite f\u00e1cil instala\u00e7\u00e3o e regulagem, tornando-os uma escolha popular entre os fabricantes.<\/p>\n<p>Por exemplo, os cilindros hidr\u00e1ulicos de dupla a\u00e7\u00e3o para m\u00e1quinas agr\u00edcolas, fornecidos pela f\u00e1brica italiana, s\u00e3o comumente usados \u200b\u200bem limpa-neves para ajustar o \u00e2ngulo da l\u00e2mina. Ao utilizar um cilindro ajust\u00e1vel tipo garfo, o operador pode facilmente ajustar o \u00e2ngulo da l\u00e2mina de acordo com as condi\u00e7\u00f5es da neve.<\/p>\n<h3>2. Durabilidade<\/h3>\n<p>Os cilindros ajust\u00e1veis \u200b\u200btipo garfo s\u00e3o projetados para suportar cargas pesadas e ambientes severos. S\u00e3o fabricados com materiais de alta qualidade, resistentes \u00e0 corros\u00e3o e ao desgaste. Isso os torna ideais para uso em m\u00e1quinas agr\u00edcolas e outros equipamentos pesados.<\/p>\n<p>Al\u00e9m disso, os cilindros hidr\u00e1ulicos de dupla a\u00e7\u00e3o para m\u00e1quinas agr\u00edcolas, fornecidos pela f\u00e1brica italiana, utilizam materiais de alta resist\u00eancia para garantir a durabilidade e a longa vida \u00fatil dos cilindros. Eles s\u00e3o projetados para suportar temperaturas extremas, altas press\u00f5es e cargas pesadas, tornando-os uma escolha confi\u00e1vel para uso em ambientes severos.<\/p>\n<h3>3. Precis\u00e3o<\/h3>\n<p>Os cilindros ajust\u00e1veis \u200b\u200bdo tipo garfo s\u00e3o conhecidos por sua precis\u00e3o. Eles proporcionam movimentos precisos e consistentes, o que \u00e9 essencial em muitas aplica\u00e7\u00f5es. Seu garfo ajust\u00e1vel permite um ajuste preciso, garantindo que o cilindro opere de forma suave e eficiente.<\/p>\n<p>Por exemplo, em m\u00e1quinas agr\u00edcolas, cilindros ajust\u00e1veis \u200b\u200bdo tipo garfo s\u00e3o usados \u200b\u200bpara controlar o movimento do arado. Ao usar um cilindro de precis\u00e3o, o operador pode garantir que o arado esteja se movendo na dire\u00e7\u00e3o correta e na velocidade adequada.<\/p>\n<h3>4. F\u00e1cil manuten\u00e7\u00e3o<\/h3>\n<p>Outra vantagem dos cilindros ajust\u00e1veis \u200b\u200bcom olhal \u00e9 a facilidade de manuten\u00e7\u00e3o. Eles s\u00e3o projetados para serem f\u00e1ceis de desmontar e reparar, o que \u00e9 importante em equipamentos pesados. Isso os torna uma op\u00e7\u00e3o economicamente vi\u00e1vel para fabricantes e operadores.<\/p>\n<p>Al\u00e9m disso, os cilindros hidr\u00e1ulicos de dupla a\u00e7\u00e3o para m\u00e1quinas agr\u00edcolas, fornecidos pela f\u00e1brica italiana, s\u00e3o projetados para facilitar a manuten\u00e7\u00e3o. Eles v\u00eam com veda\u00e7\u00f5es e outros componentes substitu\u00edveis, que podem ser trocados facilmente quando necess\u00e1rio.<\/p>\n<p>Os cilindros hidr\u00e1ulicos ajust\u00e1veis \u200b\u200btipo garfo s\u00e3o vers\u00e1teis, dur\u00e1veis, precisos e de f\u00e1cil manuten\u00e7\u00e3o. O uso de um garfo ajust\u00e1vel permite f\u00e1cil instala\u00e7\u00e3o e regulagem, tornando-os uma escolha popular em diversas aplica\u00e7\u00f5es, incluindo m\u00e1quinas agr\u00edcolas e limpa-neves. Ao utilizar os cilindros hidr\u00e1ulicos de dupla a\u00e7\u00e3o para m\u00e1quinas agr\u00edcolas e limpa-neves fornecidos pela f\u00e1brica italiana, os operadores podem garantir que seus equipamentos funcionem de forma suave e eficiente, mesmo nas condi\u00e7\u00f5es mais adversas.<\/p>\n<h3>Sobre o Cilindro Hidr\u00e1ulico FMP<\/h3>\n<p>A FMP \u00e9 uma empresa l\u00edder especializada na venda e manuten\u00e7\u00e3o de pe\u00e7as e m\u00e1quinas completas de alta qualidade para m\u00e1quinas de constru\u00e7\u00e3o. Nosso cilindro hidr\u00e1ulico \u00e9 um dos nossos produtos mais vendidos e temos orgulho de apresentar suas caracter\u00edsticas e vantagens aos nossos clientes:<\/p>\n<ol>\n<li><strong>Robusto e dur\u00e1vel:<\/strong> Nosso cilindro hidr\u00e1ulico \u00e9 feito de materiais de alta qualidade que garantem sua durabilidade e longevidade. Ele foi projetado para suportar ambientes adversos e opera\u00e7\u00f5es pesadas, tornando-o a escolha ideal para m\u00e1quinas de constru\u00e7\u00e3o.<\/li>\n<li><strong>Personaliz\u00e1vel:<\/strong> Oferecemos uma ampla gama de tipos de cilindros hidr\u00e1ulicos, incluindo cilindros do tipo manilha ajust\u00e1vel, cilindros com tirante e cilindros soldados. Nossa equipe de especialistas tamb\u00e9m pode personalizar os cilindros de acordo com suas necessidades e especifica\u00e7\u00f5es espec\u00edficas.<\/li>\n<li><strong>Suave e eficiente:<\/strong> Nosso cilindro hidr\u00e1ulico possui veda\u00e7\u00e3o de pist\u00e3o e haste de alta qualidade que garante uma opera\u00e7\u00e3o suave e eficiente. Al\u00e9m disso, possui um design compacto que economiza espa\u00e7o de instala\u00e7\u00e3o e reduz o consumo de energia.<\/li>\n<li><strong>Custo-benef\u00edcio:<\/strong> Nosso cilindro hidr\u00e1ulico tem pre\u00e7o competitivo e mant\u00e9m altos padr\u00f5es de qualidade. Sua baixa necessidade de manuten\u00e7\u00e3o e longa vida \u00fatil tamb\u00e9m reduzem os custos operacionais para nossos clientes.<\/li>\n<li><strong>Excelente atendimento ao cliente:<\/strong> Na FMP, contamos com uma equipe de representantes de vendas experientes e profissionais que oferecem consultoria especializada sobre produtos e sugest\u00f5es de compra inteligentes. Tamb\u00e9m contamos com um sistema de distribui\u00e7\u00e3o log\u00edstica eficiente que garante a entrega pontual e precisa dos nossos produtos aos nossos clientes.<\/li>\n<\/ol>\n<p>Como uma empresa com muitos anos de experi\u00eancia no setor, temos o compromisso de fornecer aos nossos clientes os melhores produtos e servi\u00e7os. Com o cilindro hidr\u00e1ulico FMP, voc\u00ea pode ter a garantia de um sistema hidr\u00e1ulico confi\u00e1vel e de alto desempenho para suas necessidades de m\u00e1quinas de constru\u00e7\u00e3o.<\/p>\n<p><img decoding=\"async\" src=\"https:\/\/fmp-components.com\/wp-content\/uploads\/2024\/12\/Adjustable-Clevis-Type-Cylinders-6.webp\" alt=\"Cilindro tipo manilha ajust\u00e1vel\" width=\"801\" title=\"\">Autor: CX<\/p>","protected":false},"excerpt":{"rendered":"<p>Italy Factory Supply Agricultural Machinery Hydraulic Cylinders Snow Plow Hydraulic Cylinder Double Acting Italy Factory Supply Agricultural Machinery Hydraulic Cylinders Snow Plow Hydraulic Cylinder Double Acting is a high-quality and efficient hydraulic cylinder designed for agricultural machinery. It is specifically designed for snow plows and features a double-acting mechanism for enhanced functionality. This hydraulic cylinder [&hellip;]<\/p>","protected":false},"featured_media":1447,"comment_status":"closed","ping_status":"closed","template":"","meta":{"_et_pb_use_builder":"","_et_pb_old_content":"","_et_gb_content_width":""},"product_brand":[],"product_cat":[42],"product_tag":[34,44],"class_list":{"0":"post-1446","1":"product","2":"type-product","3":"status-publish","4":"has-post-thumbnail","6":"product_cat-snow-plow-hydraulic-cylinder","7":"product_tag-hydraulic-cylinder","8":"product_tag-snow-plow-hydraulic-cylinder","10":"first","11":"instock","12":"product-type-simple"},"_links":{"self":[{"href":"https:\/\/fmp-components.com\/pt\/wp-json\/wp\/v2\/product\/1446","targetHints":{"allow":["GET"]}}],"collection":[{"href":"https:\/\/fmp-components.com\/pt\/wp-json\/wp\/v2\/product"}],"about":[{"href":"https:\/\/fmp-components.com\/pt\/wp-json\/wp\/v2\/types\/product"}],"replies":[{"embeddable":true,"href":"https:\/\/fmp-components.com\/pt\/wp-json\/wp\/v2\/comments?post=1446"}],"wp:featuredmedia":[{"embeddable":true,"href":"https:\/\/fmp-components.com\/pt\/wp-json\/wp\/v2\/media\/1447"}],"wp:attachment":[{"href":"https:\/\/fmp-components.com\/pt\/wp-json\/wp\/v2\/media?parent=1446"}],"wp:term":[{"taxonomy":"product_brand","embeddable":true,"href":"https:\/\/fmp-components.com\/pt\/wp-json\/wp\/v2\/product_brand?post=1446"},{"taxonomy":"product_cat","embeddable":true,"href":"https:\/\/fmp-components.com\/pt\/wp-json\/wp\/v2\/product_cat?post=1446"},{"taxonomy":"product_tag","embeddable":true,"href":"https:\/\/fmp-components.com\/pt\/wp-json\/wp\/v2\/product_tag?post=1446"}],"curies":[{"name":"wp","href":"https:\/\/api.w.org\/{rel}","templated":true}]}}