{"id":1387,"date":"2024-12-23T02:19:41","date_gmt":"2024-12-23T02:19:41","guid":{"rendered":"https:\/\/fmp-components.com\/product\/china-supplier-piston-double-acting-hydraulic-ram-cylinder-for-trailer\/"},"modified":"2024-12-23T08:51:38","modified_gmt":"2024-12-23T08:51:38","slug":"italy-supplier-piston-double-acting-hydraulic-ram-cylinder-for-trailer","status":"publish","type":"product","link":"https:\/\/fmp-components.com\/pt\/product\/italy-supplier-piston-double-acting-hydraulic-ram-cylinder-for-trailer\/","title":{"rendered":"Cilindro hidr\u00e1ulico de pist\u00e3o de dupla a\u00e7\u00e3o para reboque, fornecido na It\u00e1lia."},"content":{"rendered":"<p>O cilindro hidr\u00e1ulico de dupla a\u00e7\u00e3o com pist\u00e3o para reboque, fabricado por um fornecedor italiano renomado, \u00e9 um produto de alta qualidade projetado para oferecer desempenho e confiabilidade excepcionais.<\/p>\n<p>Com um design de pist\u00e3o, este cilindro hidr\u00e1ulico garante uma opera\u00e7\u00e3o eficiente em ambas as dire\u00e7\u00f5es. Permite um movimento suave e preciso, tornando-o ideal para diversas aplica\u00e7\u00f5es em reboques. Seja para levantar cargas pesadas ou proporcionar estabilidade durante o transporte, este cilindro est\u00e1 \u00e0 altura da tarefa.<\/p>\n<p>Projetado com foco na durabilidade, este cilindro hidr\u00e1ulico \u00e9 constru\u00eddo para suportar o uso rigoroso em ambientes exigentes. \u00c9 fabricado com materiais de alta qualidade que garantem desempenho duradouro e resist\u00eancia ao desgaste. Isso assegura que o cilindro continuar\u00e1 a fornecer resultados \u00f3timos, mesmo em condi\u00e7\u00f5es adversas.<\/p>\n<p>Com sua funcionalidade de dupla a\u00e7\u00e3o, este cilindro hidr\u00e1ulico oferece versatilidade e praticidade. Ele pode exercer for\u00e7a tanto na extens\u00e3o quanto na retra\u00e7\u00e3o, proporcionando maior controle e flexibilidade nas opera\u00e7\u00f5es com reboques. Essa caracter\u00edstica permite movimentos eficientes e precisos, resultando em maior produtividade e efici\u00eancia.<\/p>\n<p><img loading=\"lazy\" decoding=\"async\" class=\"alignnone size-full wp-image-1334\" src=\"https:\/\/fmp-components.com\/wp-content\/uploads\/2024\/12\/Adjustable-Clevis-Type-Cylinders-4.webp\" alt=\"Cilindros tipo manilha ajust\u00e1vel\" width=\"800\" height=\"800\" title=\"\" srcset=\"https:\/\/fmp-components.com\/wp-content\/uploads\/2024\/12\/Adjustable-Clevis-Type-Cylinders-4.webp 800w, https:\/\/fmp-components.com\/wp-content\/uploads\/2024\/12\/Adjustable-Clevis-Type-Cylinders-4-480x480.webp 480w\" sizes=\"(min-width: 0px) and (max-width: 480px) 480px, (min-width: 481px) 800px, 100vw\" \/><\/p>\n<p>Al\u00e9m de suas funcionalidades, este cilindro hidr\u00e1ulico tamb\u00e9m foi projetado com foco na seguran\u00e7a. Ele \u00e9 equipado com veda\u00e7\u00f5es confi\u00e1veis \u200b\u200be outros recursos de seguran\u00e7a para evitar vazamentos e garantir uma opera\u00e7\u00e3o suave. Isso assegura um desempenho seguro e confi\u00e1vel em que voc\u00ea pode confiar.<\/p>\n<p>Em resumo, o cilindro hidr\u00e1ulico de dupla a\u00e7\u00e3o com pist\u00e3o para reboque, fabricado na It\u00e1lia, \u00e9 um produto de alta qualidade que combina desempenho, durabilidade e seguran\u00e7a. Seu design e funcionalidade excepcionais o tornam uma excelente escolha para diversas aplica\u00e7\u00f5es em reboques. Confie neste cilindro para obter a confiabilidade e a efici\u00eancia necess\u00e1rias para as opera\u00e7\u00f5es do seu reboque.<\/p>\n<p>O Cilindro Hidr\u00e1ulico de Pist\u00e3o de Dupla A\u00e7\u00e3o \u00e9 um cilindro hidr\u00e1ulico vers\u00e1til de um fornecedor italiano de renome, otimizado para uso em reboques. Com garantia de um ano, \u00e9 ideal para ind\u00fastrias como oficinas de reparo de m\u00e1quinas, fazendas, energia e minera\u00e7\u00e3o, fabrica\u00e7\u00e3o de m\u00e1quinas e f\u00e1bricas de m\u00e1quinas. Com 47 kg, este novo produto de 2023 vem com inspe\u00e7\u00e3o de v\u00eddeo de sa\u00edda, relat\u00f3rio de teste de m\u00e1quina e os componentes principais s\u00e3o o rolamento e o cilindro hidr\u00e1ulico. Este Cilindro de Pist\u00e3o Padr\u00e3o opera com energia hidr\u00e1ulica e \u00e9 feito de a\u00e7o robusto. Possui empuxo m\u00e1ximo de 3000, tipo de garfo ajust\u00e1vel e vem com portas G\/SAE\/NPT\/M. O cilindro pode exercer uma for\u00e7a m\u00e1xima de 20 toneladas e possui certifica\u00e7\u00e3o ISO9001:2000. O cilindro tem di\u00e2metro, haste, curso e di\u00e2metro do pino vari\u00e1veis \u200b\u200be est\u00e1 dispon\u00edvel na elegante cor preta.<\/p>\n<table style=\"width: 100%;\" border=\"1\" width=\"100%\" cellspacing=\"0\" cellpadding=\"0\">\n<tbody>\n<tr>\n<th>Nome do produto<\/th>\n<td>Cilindro de pist\u00e3o de dupla a\u00e7\u00e3o<\/td>\n<\/tr>\n<tr>\n<th>Tipo<\/th>\n<td>Cilindro Hidr\u00e1ulico<\/td>\n<\/tr>\n<tr>\n<th>Fun\u00e7\u00e3o<\/th>\n<td>Estende-se e retrai-se utilizando energia hidr\u00e1ulica.<\/td>\n<\/tr>\n<tr>\n<th>Tipo de Cilindro<\/th>\n<td>Tipo de manilha ajust\u00e1vel<\/td>\n<\/tr>\n<tr>\n<th>Tamanho do furo<\/th>\n<td>2-6 polegadas<\/td>\n<\/tr>\n<tr>\n<th>Tamanho da haste<\/th>\n<td>1,125-4 polegadas<\/td>\n<\/tr>\n<tr>\n<th>Tamanho do tra\u00e7o<\/th>\n<td>4-100 polegadas<\/td>\n<\/tr>\n<tr>\n<th>Tamanho do pino<\/th>\n<td>0,5-2 polegadas<\/td>\n<\/tr>\n<tr>\n<th>Impulso m\u00e1ximo<\/th>\n<td>3000<\/td>\n<\/tr>\n<tr>\n<th>Capacidade m\u00e1xima de tra\u00e7\u00e3o<\/th>\n<td>20 toneladas<\/td>\n<\/tr>\n<tr>\n<th>Material do corpo<\/th>\n<td>A\u00e7o<\/td>\n<\/tr>\n<tr>\n<th>Durabilidade<\/th>\n<td>Alta resist\u00eancia e resist\u00eancia ao desgaste<\/td>\n<\/tr>\n<\/tbody>\n<\/table>\n<h2>Vantagens dos Cilindros Tipo Clevis Ajust\u00e1veis<\/h2>\n<p>Cilindros ajust\u00e1veis \u200b\u200bdo tipo garfo s\u00e3o uma escolha popular na ind\u00fastria hidr\u00e1ulica devido \u00e0s suas in\u00fameras vantagens e versatilidade. Esses cilindros, como o Cilindro Hidr\u00e1ulico de Dupla A\u00e7\u00e3o com Pist\u00e3o para Reboque, fornecido na It\u00e1lia, oferecem caracter\u00edsticas \u00fanicas que os tornam altamente eficientes e confi\u00e1veis \u200b\u200bem diversas aplica\u00e7\u00f5es. Neste artigo, exploraremos as vantagens do uso de cilindros ajust\u00e1veis \u200b\u200bdo tipo garfo em sistemas hidr\u00e1ulicos.<\/p>\n<h3>1. Maior flexibilidade e adaptabilidade<\/h3>\n<p>Uma das vantagens significativas dos cilindros ajust\u00e1veis \u200b\u200bcom pino de engate \u00e9 a sua capacidade de proporcionar maior flexibilidade e adaptabilidade em sistemas hidr\u00e1ulicos. Esses cilindros permitem o ajuste f\u00e1cil da posi\u00e7\u00e3o do pino de engate, possibilitando o ajuste fino do curso do cilindro. Essa capacidade de ajuste permite atender a diferentes condi\u00e7\u00f5es de opera\u00e7\u00e3o e varia\u00e7\u00f5es nas necessidades de carga, garantindo um desempenho ideal.<\/p>\n<h3>2. Posicionamento e controle precisos<\/h3>\n<p>Cilindros ajust\u00e1veis \u200b\u200bdo tipo garfo oferecem posicionamento e controle precisos, sendo ideais para aplica\u00e7\u00f5es que exigem movimentos exatos e controlados. A capacidade de ajustar o comprimento do curso permite o controle preciso da extens\u00e3o e retra\u00e7\u00e3o do cilindro, possibilitando o posicionamento exato de cargas ou componentes de m\u00e1quinas. Esse n\u00edvel de controle aumenta a efici\u00eancia operacional e minimiza o risco de danos ou acidentes.<\/p>\n<h3>3. Aumento da efici\u00eancia operacional<\/h3>\n<p>Ao permitir o ajuste do comprimento do curso, os cilindros ajust\u00e1veis \u200b\u200bdo tipo garfo contribuem para o aumento da efici\u00eancia operacional. Esses cilindros podem ser otimizados para atender \u00e0s necessidades espec\u00edficas de uma tarefa, eliminando movimentos desnecess\u00e1rios e reduzindo o consumo de energia. A capacidade de ajustar com precis\u00e3o o curso do cilindro tamb\u00e9m ajuda a minimizar o desgaste, prolongando sua vida \u00fatil e reduzindo os custos de manuten\u00e7\u00e3o.<\/p>\n<h3>4. Seguran\u00e7a e confiabilidade aprimoradas<\/h3>\n<p>Cilindros ajust\u00e1veis \u200b\u200bdo tipo garfo oferecem maior seguran\u00e7a e confiabilidade em compara\u00e7\u00e3o com cilindros de curso fixo. Com a possibilidade de ajustar o comprimento do curso, os operadores podem garantir que o cilindro opere dentro da faixa de trabalho segura. Isso ajuda a evitar sobreextens\u00e3o ou sobreretra\u00e7\u00e3o, que podem causar danos ao equipamento ou acidentes. A natureza ajust\u00e1vel desses cilindros tamb\u00e9m permite uma r\u00e1pida adapta\u00e7\u00e3o \u00e0s mudan\u00e7as nas necessidades de carga, aumentando a confiabilidade geral do sistema.<\/p>\n<h3>5. Aplica\u00e7\u00f5es vers\u00e1teis<\/h3>\n<p>Devido \u00e0 sua flexibilidade e adaptabilidade, os cilindros ajust\u00e1veis \u200b\u200btipo garfo encontram aplica\u00e7\u00f5es em uma ampla gama de ind\u00fastrias e setores. Seja em m\u00e1quinas industriais, equipamentos de constru\u00e7\u00e3o ou implementos agr\u00edcolas, esses cilindros se destacam em diversas tarefas. Sua capacidade de atender a diferentes requisitos de carga e condi\u00e7\u00f5es de opera\u00e7\u00e3o os torna uma escolha vers\u00e1til para muitas aplica\u00e7\u00f5es em sistemas hidr\u00e1ulicos.<\/p>\n<p>Em conclus\u00e3o, os cilindros ajust\u00e1veis \u200b\u200bdo tipo garfo, como o Cilindro Hidr\u00e1ulico de Dupla A\u00e7\u00e3o com Pist\u00e3o para Reboque, fornecido na It\u00e1lia, oferecem vantagens significativas em sistemas hidr\u00e1ulicos. Sua maior flexibilidade, posicionamento preciso, efici\u00eancia operacional aprimorada, seguran\u00e7a refor\u00e7ada e versatilidade os tornam uma escolha popular entre os profissionais da \u00e1rea hidr\u00e1ulica. Ao utilizar esses cilindros, os profissionais podem otimizar seus sistemas hidr\u00e1ulicos para obter o m\u00e1ximo desempenho e confiabilidade.<\/p>\n<p><img decoding=\"async\" src=\"https:\/\/fmp-components.com\/wp-content\/uploads\/2024\/12\/Adjustable-Clevis-Type-Cylinders5.webp\" alt=\"Cilindro tipo manilha ajust\u00e1vel\" width=\"800\" title=\"\"><\/p>\n<h2>Aplica\u00e7\u00e3o de Cilindros Tipo Clevis Ajust\u00e1veis<\/h2>\n<p>Cilindros ajust\u00e1veis \u200b\u200bdo tipo garfo s\u00e3o amplamente utilizados em diversos setores industriais devido \u00e0 sua versatilidade e adaptabilidade. Algumas das aplica\u00e7\u00f5es mais comuns desses cilindros s\u00e3o:<\/p>\n<h3>1. Equipamentos Agr\u00edcolas<\/h3>\n<p>Cilindros ajust\u00e1veis \u200b\u200btipo garfo desempenham um papel fundamental em equipamentos agr\u00edcolas modernos. Esses cilindros s\u00e3o comumente usados \u200b\u200bem tratores e outras m\u00e1quinas pesadas para levantar e movimentar cargas pesadas. Por exemplo, um cilindro hidr\u00e1ulico de pist\u00e3o de dupla a\u00e7\u00e3o para reboque, fabricado na It\u00e1lia, pode ser usado para levantar um arado ou grade, facilitando o preparo do solo para o plantio. Esses cilindros tamb\u00e9m podem ser usados \u200b\u200bpara levantar e movimentar outros equipamentos agr\u00edcolas pesados, como sistemas de irriga\u00e7\u00e3o e silos de gr\u00e3os.<\/p>\n<h3>2. Equipamentos de constru\u00e7\u00e3o<\/h3>\n<p>Cilindros ajust\u00e1veis \u200b\u200bdo tipo garfo tamb\u00e9m s\u00e3o comumente usados \u200b\u200bem equipamentos de constru\u00e7\u00e3o, como guindastes, escavadeiras e tratores de esteira. Esses cilindros s\u00e3o usados \u200b\u200bpara levantar e movimentar cargas pesadas, como blocos de concreto, vigas de a\u00e7o e outros materiais de constru\u00e7\u00e3o. Um cilindro hidr\u00e1ulico de pist\u00e3o de dupla a\u00e7\u00e3o para reboque, fornecido na It\u00e1lia, pode ser usado para levantar e movimentar a ca\u00e7amba de uma p\u00e1 carregadeira, facilitando a escava\u00e7\u00e3o e o transporte de terra e outros materiais. Esses cilindros tamb\u00e9m podem ser usados \u200b\u200bpara levantar e movimentar outros equipamentos pesados \u200b\u200bde constru\u00e7\u00e3o, como andaimes e f\u00f4rmas de concreto.<\/p>\n<h3>3. M\u00e1quinas Industriais<\/h3>\n<p>Cilindros ajust\u00e1veis \u200b\u200btipo garfo tamb\u00e9m s\u00e3o usados \u200b\u200bem diversas aplica\u00e7\u00f5es de m\u00e1quinas industriais, como prensas hidr\u00e1ulicas, m\u00e1quinas de estampagem e m\u00e1quinas de moldagem por inje\u00e7\u00e3o. Esses cilindros s\u00e3o usados \u200b\u200bpara aplicar for\u00e7a a materiais, como metal ou pl\u00e1stico, a fim de mold\u00e1-los ou dar-lhes forma. Um cilindro hidr\u00e1ulico de pist\u00e3o de dupla a\u00e7\u00e3o para reboque, fornecido na It\u00e1lia, pode ser usado para aplicar for\u00e7a a uma matriz em uma m\u00e1quina de estampagem, facilitando a cria\u00e7\u00e3o de formas e designs complexos. Esses cilindros tamb\u00e9m podem ser usados \u200b\u200bpara aplicar for\u00e7a a um molde em uma m\u00e1quina de moldagem por inje\u00e7\u00e3o, facilitando a cria\u00e7\u00e3o de pe\u00e7as e componentes pl\u00e1sticos.<\/p>\n<h3>4. Aplica\u00e7\u00f5es mar\u00edtimas e offshore<\/h3>\n<p>Cilindros ajust\u00e1veis \u200b\u200bdo tipo garfo tamb\u00e9m s\u00e3o usados \u200b\u200bem aplica\u00e7\u00f5es mar\u00edtimas e offshore, como plataformas de petr\u00f3leo, navios e submarinos. Esses cilindros s\u00e3o utilizados para diversas finalidades, como abrir e fechar portas e escotilhas, i\u00e7ar e abaixar equipamentos e controlar o movimento de ve\u00edculos subaqu\u00e1ticos. Um cilindro hidr\u00e1ulico de pist\u00e3o de dupla a\u00e7\u00e3o para reboque, fornecido na It\u00e1lia, pode ser usado para controlar o movimento de um ve\u00edculo submers\u00edvel, facilitando a navega\u00e7\u00e3o em ambientes subaqu\u00e1ticos. Esses cilindros tamb\u00e9m podem ser usados \u200b\u200bpara i\u00e7ar e abaixar equipamentos em uma plataforma de petr\u00f3leo, facilitando a realiza\u00e7\u00e3o de manuten\u00e7\u00e3o e reparos.<\/p>\n<p>Os cilindros ajust\u00e1veis \u200b\u200btipo garfo s\u00e3o vers\u00e1teis e adapt\u00e1veis, tornando-os \u00fateis em uma ampla gama de aplica\u00e7\u00f5es. Seja na agricultura, constru\u00e7\u00e3o civil, m\u00e1quinas industriais ou aplica\u00e7\u00f5es mar\u00edtimas e offshore, esses cilindros podem ajud\u00e1-lo a realizar o trabalho com mais efici\u00eancia e efic\u00e1cia. Com o cilindro hidr\u00e1ulico de pist\u00e3o de dupla a\u00e7\u00e3o para reboque, fornecido na It\u00e1lia, voc\u00ea pode melhorar o desempenho de seus equipamentos e obter maior sucesso em seu trabalho.<\/p>\n<p><img decoding=\"async\" src=\"https:\/\/fmp-components.com\/wp-content\/uploads\/2024\/12\/Application-of-Adjustable-Clevis-Type-Cylinders.webp\" alt=\"Cilindro tipo manilha ajust\u00e1vel\" width=\"800\" title=\"\"><\/p>\n<h3>Sobre a FMP<\/h3>\n<p>A FMP \u00e9 uma empresa especializada na produ\u00e7\u00e3o e comercializa\u00e7\u00e3o de Cilindros Hidr\u00e1ulicos. Com foco no fornecimento de pe\u00e7as de m\u00e1quinas de constru\u00e7\u00e3o de alta qualidade e solu\u00e7\u00f5es completas para m\u00e1quinas, nos consolidamos como um parceiro confi\u00e1vel no setor. Com sede na It\u00e1lia, nossos muitos anos de experi\u00eancia e equipe profissional garantem que oferecemos aos clientes produtos e servi\u00e7os de alta qualidade.<\/p>\n<p><strong>Nossa linha de produtos:<\/strong><\/p>\n<ol>\n<li><strong>Caixas de engrenagens para m\u00e1quinas agr\u00edcolas:<\/strong> Oferecemos uma ampla variedade de caixas de engrenagens projetadas especificamente para m\u00e1quinas agr\u00edcolas. Essas caixas de engrenagens s\u00e3o dur\u00e1veis \u200b\u200be eficientes, permitindo uma opera\u00e7\u00e3o suave e confi\u00e1vel.<\/li>\n<li><strong>Cilindros Hidr\u00e1ulicos:<\/strong> Nossos cilindros hidr\u00e1ulicos s\u00e3o fabricados de acordo com os mais altos padr\u00f5es para proporcionar desempenho e durabilidade superiores. S\u00e3o projetados para suportar cargas pesadas e condi\u00e7\u00f5es operacionais adversas, garantindo efici\u00eancia e confiabilidade ideais.<\/li>\n<li><strong>Caixas de engrenagens planet\u00e1rias:<\/strong> Fornecemos redutores planet\u00e1rios projetados para precis\u00e3o e durabilidade. Esses redutores oferecem alta capacidade de torque e opera\u00e7\u00e3o suave, tornando-os ideais para diversas aplica\u00e7\u00f5es no setor de m\u00e1quinas de constru\u00e7\u00e3o.<\/li>\n<li><strong>Caixas de engrenagens industriais:<\/strong> Nossa linha de redutores industriais foi projetada para atender \u00e0s diversas necessidades de diferentes setores. Esses redutores s\u00e3o conhecidos por sua confiabilidade, efici\u00eancia e longa vida \u00fatil.<\/li>\n<li><strong>Pe\u00e7as e acess\u00f3rios para m\u00e1quinas agr\u00edcolas:<\/strong> Al\u00e9m de caixas de engrenagens e cilindros hidr\u00e1ulicos, tamb\u00e9m oferecemos uma linha completa de pe\u00e7as e acess\u00f3rios para m\u00e1quinas agr\u00edcolas. Esses componentes s\u00e3o cuidadosamente selecionados para garantir compatibilidade e desempenho ideal.<\/li>\n<\/ol>\n<p><strong>Vantagens da nossa empresa:<\/strong><\/p>\n<ol>\n<li><strong>Padr\u00f5es de qualidade rigorosos:<\/strong> Estabelecemos relacionamentos est\u00e1veis \u200b\u200be de longo prazo com fornecedores de alta qualidade, tanto no mercado nacional quanto internacional. Isso nos permite garantir que todas as pe\u00e7as que fornecemos atendam aos mais rigorosos padr\u00f5es de qualidade.<\/li>\n<li><strong>Equipe de vendas experiente:<\/strong> Nossa equipe de vendas possui amplo conhecimento sobre as tend\u00eancias de desenvolvimento e as necessidades dos clientes no setor de m\u00e1quinas para constru\u00e7\u00e3o. Eles oferecem consultoria profissional sobre produtos e sugest\u00f5es de compra inteligentes para ajudar os clientes a tomar decis\u00f5es informadas.<\/li>\n<li><strong>Distribui\u00e7\u00e3o Log\u00edstica Eficiente:<\/strong> Contamos com um sistema de distribui\u00e7\u00e3o log\u00edstica eficiente, garantindo que os clientes recebam as pe\u00e7as necess\u00e1rias com pontualidade e precis\u00e3o. Isso permite tempo de inatividade m\u00ednimo e m\u00e1xima produtividade.<\/li>\n<li><strong>Servi\u00e7o confi\u00e1vel:<\/strong> Priorizamos a satisfa\u00e7\u00e3o do cliente e nos esfor\u00e7amos para oferecer um servi\u00e7o de excel\u00eancia em todos os momentos. Nossa equipe dedicada est\u00e1 sempre pronta para responder a quaisquer d\u00favidas ou preocupa\u00e7\u00f5es, garantindo uma experi\u00eancia tranquila e sem complica\u00e7\u00f5es para nossos clientes.<\/li>\n<li><strong>Melhoria Cont\u00ednua:<\/strong> Estamos comprometidos com a melhoria cont\u00ednua e em nos manter atualizados com os \u00faltimos avan\u00e7os do setor. Isso nos permite oferecer solu\u00e7\u00f5es inovadoras e manter nossa posi\u00e7\u00e3o como um fornecedor confi\u00e1vel de pe\u00e7as e m\u00e1quinas completas para m\u00e1quinas de constru\u00e7\u00e3o.<\/li>\n<\/ol>\n<p><img decoding=\"async\" src=\"https:\/\/fmp-components.com\/wp-content\/uploads\/2024\/12\/Adjustable-Clevis-Type-Cylinders-6.webp\" alt=\"Cilindro tipo manilha ajust\u00e1vel\" width=\"849\" title=\"\"><\/p>\n<h4>Perguntas frequentes<\/h4>\n<p><b>P: Voc\u00ea \u00e9 uma empresa comercial ou um fabricante?<\/b><br \/>\nR: Somos uma f\u00e1brica que fabrica e exporta cilindros hidr\u00e1ulicos.<\/p>\n<p><b>P: Qual \u00e9 o prazo de entrega do cilindro de pist\u00e3o de dupla a\u00e7\u00e3o?<\/b><br \/>\nR: Geralmente, o prazo de entrega \u00e9 de 25 a 35 dias.<\/p>\n<p><b>P: Voc\u00eas fornecem amostras? Se sim, s\u00e3o gratuitas ou pagas?<\/b><br \/>\nR: Sim, fornecemos amostras. No entanto, elas n\u00e3o s\u00e3o gratuitas.<\/p>\n<p><img decoding=\"async\" src=\"https:\/\/img.jiansujichilun.com\/img\/hydrauliccylinders\/C_hydrauliccylinders-4.webp\" alt=\"cilindro hidr\u00e1ulico\" width=\"800\" title=\"\"><\/p>\n<p>Autor: CX<\/p>","protected":false},"excerpt":{"rendered":"<p>Italy Supplier Piston Double Acting Hydraulic Ram Cylinder For Trailer is a top-notch product that is designed to provide exceptional performance and reliability. This cylinder is manufactured by a reputable supplier in Italy, known for their expertise in hydraulic systems. Featuring a piston design, this hydraulic ram cylinder ensures efficient operation in both directions. It [&hellip;]<\/p>","protected":false},"featured_media":1338,"comment_status":"closed","ping_status":"closed","template":"","meta":{"_et_pb_use_builder":"","_et_pb_old_content":"","_et_gb_content_width":""},"product_brand":[],"product_cat":[39],"product_tag":[41,34],"class_list":{"0":"post-1387","1":"product","2":"type-product","3":"status-publish","4":"has-post-thumbnail","6":"product_cat-adjustable-clevis-type-cylinders","7":"product_tag-adjustable-clevis-type-cylinders","8":"product_tag-hydraulic-cylinder","10":"first","11":"instock","12":"product-type-simple"},"_links":{"self":[{"href":"https:\/\/fmp-components.com\/pt\/wp-json\/wp\/v2\/product\/1387","targetHints":{"allow":["GET"]}}],"collection":[{"href":"https:\/\/fmp-components.com\/pt\/wp-json\/wp\/v2\/product"}],"about":[{"href":"https:\/\/fmp-components.com\/pt\/wp-json\/wp\/v2\/types\/product"}],"replies":[{"embeddable":true,"href":"https:\/\/fmp-components.com\/pt\/wp-json\/wp\/v2\/comments?post=1387"}],"wp:featuredmedia":[{"embeddable":true,"href":"https:\/\/fmp-components.com\/pt\/wp-json\/wp\/v2\/media\/1338"}],"wp:attachment":[{"href":"https:\/\/fmp-components.com\/pt\/wp-json\/wp\/v2\/media?parent=1387"}],"wp:term":[{"taxonomy":"product_brand","embeddable":true,"href":"https:\/\/fmp-components.com\/pt\/wp-json\/wp\/v2\/product_brand?post=1387"},{"taxonomy":"product_cat","embeddable":true,"href":"https:\/\/fmp-components.com\/pt\/wp-json\/wp\/v2\/product_cat?post=1387"},{"taxonomy":"product_tag","embeddable":true,"href":"https:\/\/fmp-components.com\/pt\/wp-json\/wp\/v2\/product_tag?post=1387"}],"curies":[{"name":"wp","href":"https:\/\/api.w.org\/{rel}","templated":true}]}}