{"id":1386,"date":"2024-12-23T02:19:41","date_gmt":"2024-12-23T02:19:41","guid":{"rendered":"https:\/\/fmp-components.com\/product\/customized-stainless-steel-hydraulic-cylinder-for-trailer\/"},"modified":"2024-12-23T02:48:23","modified_gmt":"2024-12-23T02:48:23","slug":"customized-stainless-steel-hydraulic-cylinder-for-trailer","status":"publish","type":"product","link":"https:\/\/fmp-components.com\/pt\/product\/customized-stainless-steel-hydraulic-cylinder-for-trailer\/","title":{"rendered":"Cilindro hidr\u00e1ulico de a\u00e7o inoxid\u00e1vel personalizado para reboque"},"content":{"rendered":"<h2>Apresentamos o cilindro hidr\u00e1ulico personalizado em a\u00e7o inoxid\u00e1vel para reboque:<\/h2>\n<p>O cilindro hidr\u00e1ulico personalizado em a\u00e7o inoxid\u00e1vel \u00e9 um produto de alta qualidade projetado especificamente para reboques. Este cilindro hidr\u00e1ulico \u00e9 fabricado em a\u00e7o inoxid\u00e1vel dur\u00e1vel, garantindo sua longevidade e resist\u00eancia \u00e0 ferrugem e \u00e0 corros\u00e3o.<\/p>\n<p>Com seu design personalizado, este cilindro hidr\u00e1ulico \u00e9 adequado para uma variedade de aplica\u00e7\u00f5es em reboques. Ele foi projetado especificamente para proporcionar uma opera\u00e7\u00e3o suave e eficiente, permitindo controle preciso e estabilidade durante o transporte.<\/p>\n<p>A constru\u00e7\u00e3o em a\u00e7o inoxid\u00e1vel aumenta a resist\u00eancia e a durabilidade do cilindro, tornando-o capaz de suportar cargas pesadas e condi\u00e7\u00f5es adversas. Isso garante que o cilindro continue a funcionar de forma confi\u00e1vel e eficaz durante toda a sua vida \u00fatil.<\/p>\n<p><img loading=\"lazy\" decoding=\"async\" class=\"alignnone size-full wp-image-1334\" src=\"https:\/\/fmp-components.com\/wp-content\/uploads\/2024\/12\/Adjustable-Clevis-Type-Cylinders-4.webp\" alt=\"Cilindros tipo manilha ajust\u00e1vel\" width=\"800\" height=\"800\" title=\"\" srcset=\"https:\/\/fmp-components.com\/wp-content\/uploads\/2024\/12\/Adjustable-Clevis-Type-Cylinders-4.webp 800w, https:\/\/fmp-components.com\/wp-content\/uploads\/2024\/12\/Adjustable-Clevis-Type-Cylinders-4-480x480.webp 480w\" sizes=\"(min-width: 0px) and (max-width: 480px) 480px, (min-width: 481px) 800px, 100vw\" \/><\/p>\n<p>O cilindro hidr\u00e1ulico personalizado em a\u00e7o inoxid\u00e1vel possui recursos avan\u00e7ados que aprimoram seu desempenho. Inclui um sistema hidr\u00e1ulico que permite o ajuste f\u00e1cil e pr\u00e1tico do curso e da press\u00e3o do cilindro, garantindo funcionalidade ideal para diferentes necessidades de reboques.<\/p>\n<p>Al\u00e9m disso, este cilindro hidr\u00e1ulico foi projetado para ser f\u00e1cil de instalar e manter. Ele foi desenvolvido com recursos intuitivos, permitindo uma instala\u00e7\u00e3o r\u00e1pida e descomplicada em reboques. Seu design de baixa manuten\u00e7\u00e3o reduz a necessidade de servi\u00e7os frequentes, economizando tempo e recursos.<\/p>\n<p>Em resumo, o Cilindro Hidr\u00e1ulico Personalizado em A\u00e7o Inoxid\u00e1vel para Reboque \u00e9 um produto de alta qualidade que oferece desempenho e confiabilidade excepcionais. Sua constru\u00e7\u00e3o superior, recursos avan\u00e7ados e facilidade de uso o tornam a escolha ideal para qualquer aplica\u00e7\u00e3o em reboques. Invista neste cilindro hidr\u00e1ulico para garantir a opera\u00e7\u00e3o suave e eficiente do seu reboque, aumentando a produtividade e a praticidade.<\/p>\n<table style=\"width: 100%;\" border=\"1\" width=\"100%\" cellspacing=\"0\" cellpadding=\"0\">\n<tbody>\n<tr>\n<th>Descri\u00e7\u00e3o do produto<\/th>\n<td>Cilindro hidr\u00e1ulico personalizado em a\u00e7o inoxid\u00e1vel para reboques.<\/td>\n<\/tr>\n<tr>\n<th>Doen\u00e7a<\/th>\n<td>Novo<\/td>\n<\/tr>\n<tr>\n<th>Garantia<\/th>\n<td>1 ano<\/td>\n<\/tr>\n<tr>\n<th>Ind\u00fastrias aplic\u00e1veis<\/th>\n<td>Oficinas de reparo de m\u00e1quinas, fazendas, energia e minera\u00e7\u00e3o, fabrica\u00e7\u00e3o de m\u00e1quinas, f\u00e1brica de m\u00e1quinas<\/td>\n<\/tr>\n<tr>\n<th>Peso (KG)<\/th>\n<td>47<\/td>\n<\/tr>\n<tr>\n<th>Material<\/th>\n<td>A\u00e7o inoxid\u00e1vel<\/td>\n<\/tr>\n<tr>\n<th>Impulso m\u00e1ximo<\/th>\n<td>3000<\/td>\n<\/tr>\n<tr>\n<th>Tipo<\/th>\n<td>Cilindro tipo manilha ajust\u00e1vel<\/td>\n<\/tr>\n<tr>\n<th>Portos<\/th>\n<td>G\/SAE\/NPT\/M<\/td>\n<\/tr>\n<tr>\n<th>Capacidade m\u00e1xima de tra\u00e7\u00e3o<\/th>\n<td>20 toneladas<\/td>\n<\/tr>\n<tr>\n<th>Certifica\u00e7\u00e3o<\/th>\n<td>ISO9001:2000<\/td>\n<\/tr>\n<tr>\n<th>Cor<\/th>\n<td>Preto<\/td>\n<\/tr>\n<tr>\n<th>Tamanho do furo<\/th>\n<td>2-6 polegadas<\/td>\n<\/tr>\n<tr>\n<th>Tamanho da haste<\/th>\n<td>1,125-4 polegadas<\/td>\n<\/tr>\n<tr>\n<th>Tamanho do tra\u00e7o<\/th>\n<td>4-100 polegadas<\/td>\n<\/tr>\n<tr>\n<th>Tamanho do pino<\/th>\n<td>0,5-2 polegadas<\/td>\n<\/tr>\n<\/tbody>\n<\/table>\n<p>&nbsp;<\/p>\n<h2>Detalhamento do Cilindro Hidr\u00e1ulico<\/h2>\n<p>Nosso cilindro hidr\u00e1ulico personalizado em a\u00e7o inoxid\u00e1vel \u00e9 um dos produtos exclusivos da nossa linha. Ele est\u00e1 dispon\u00edvel na variante com olhal ajust\u00e1vel, conhecida por sua versatilidade e estabilidade. O di\u00e2metro do cilindro varia de 2 a 6 polegadas, oferecendo uma ampla gama de op\u00e7\u00f5es para diferentes necessidades. O curso, que mede o movimento total do pist\u00e3o dentro do cilindro, varia de 4 a 100 polegadas. Isso permite uma ampla gama de movimentos, tornando-o adequado para aplica\u00e7\u00f5es de servi\u00e7o pesado. O di\u00e2metro da haste varia de 1,125 a 4 polegadas, e o di\u00e2metro do pino varia de 0,5 a 2 polegadas. Este cilindro hidr\u00e1ulico \u00e9 capaz de exercer um empuxo m\u00e1ximo de 3000 e pode tracionar at\u00e9 20 toneladas, demonstrando sua impressionante pot\u00eancia.<\/p>\n<p>O cilindro hidr\u00e1ulico \u00e9 fabricado em a\u00e7o inoxid\u00e1vel de alta qualidade, garantindo durabilidade e confiabilidade. Por ser feito de a\u00e7o, o corpo \u00e9 resistente \u00e0 corros\u00e3o e suporta condi\u00e7\u00f5es severas, sendo ideal para m\u00e1quinas pesadas e aplica\u00e7\u00f5es industriais. A cor preta confere um aspecto profissional e o corpo em a\u00e7o garante robustez.<\/p>\n<p>Nossos cilindros hidr\u00e1ulicos encontram aplica\u00e7\u00e3o em uma ampla gama de ind\u00fastrias. S\u00e3o utilizados em oficinas de reparo de m\u00e1quinas, fazendas, ind\u00fastrias de energia e minera\u00e7\u00e3o, fabrica\u00e7\u00e3o de m\u00e1quinas e f\u00e1bricas de maquin\u00e1rio. A versatilidade e a pot\u00eancia de nossos cilindros hidr\u00e1ulicos os tornam adequados para tarefas pesadas nesses setores.<\/p>\n<h2>Vantagens dos Cilindros Tipo Clevis Ajust\u00e1veis<\/h2>\n<p>Cilindros ajust\u00e1veis \u200b\u200btipo garfo s\u00e3o componentes vitais nos sistemas hidr\u00e1ulicos de m\u00e1quinas pesadas, incluindo equipamentos agr\u00edcolas, m\u00e1quinas de constru\u00e7\u00e3o e caminh\u00f5es. A seguir, algumas das vantagens de usar cilindros ajust\u00e1veis \u200b\u200btipo garfo nessas aplica\u00e7\u00f5es:<\/p>\n<h3>1. Desempenho aprimorado<\/h3>\n<p>Os cilindros ajust\u00e1veis \u200b\u200btipo garfo s\u00e3o projetados para oferecer alto desempenho em ambientes exigentes. Fabricados com materiais dur\u00e1veis, incluindo a\u00e7o inoxid\u00e1vel personalizado, esses cilindros proporcionam alta resist\u00eancia, resist\u00eancia \u00e0 corros\u00e3o e durabilidade. Gra\u00e7as ao seu alto desempenho, os cilindros ajust\u00e1veis \u200b\u200btipo garfo auxiliam m\u00e1quinas pesadas a operar com efici\u00eancia e efic\u00e1cia.<\/p>\n<h3>2. Op\u00e7\u00f5es de design personalizadas<\/h3>\n<p>Uma vantagem significativa dos cilindros ajust\u00e1veis \u200b\u200bcom olhal \u00e9 a possibilidade de personaliza\u00e7\u00e3o para atender a aplica\u00e7\u00f5es espec\u00edficas. Essa personaliza\u00e7\u00e3o inclui a sele\u00e7\u00e3o de materiais, o dimensionamento do cilindro e a configura\u00e7\u00e3o das op\u00e7\u00f5es de montagem. Essa flexibilidade de projeto garante que o cilindro se integre perfeitamente \u00e0 m\u00e1quina, facilitando seu uso e opera\u00e7\u00e3o.<\/p>\n<h3>3. Seguran\u00e7a aprimorada<\/h3>\n<p>Outra vantagem dos cilindros ajust\u00e1veis \u200b\u200bcom olhal \u00e9 a sua contribui\u00e7\u00e3o para a seguran\u00e7a em m\u00e1quinas pesadas. Esses cilindros s\u00e3o projetados para suportar altas cargas e press\u00f5es, tornando-os ideais para uso em m\u00e1quinas onde a seguran\u00e7a \u00e9 uma preocupa\u00e7\u00e3o fundamental. Com seus altos n\u00edveis de resist\u00eancia e durabilidade, eles ajudam a reduzir o risco de falhas na m\u00e1quina, que poderiam levar a acidentes ou ferimentos.<\/p>\n<h3>4. Redu\u00e7\u00e3o dos custos de manuten\u00e7\u00e3o<\/h3>\n<p>Os cilindros ajust\u00e1veis \u200b\u200btipo garfo s\u00e3o projetados para serem componentes de baixa manuten\u00e7\u00e3o. Com seus materiais dur\u00e1veis \u200b\u200be design robusto, esses cilindros exigem manuten\u00e7\u00e3o m\u00ednima, reduzindo custos e tempo de inatividade. Essa caracter\u00edstica os torna ideais para uso em ambientes remotos ou desafiadores, onde a manuten\u00e7\u00e3o \u00e9 dif\u00edcil ou cara.<\/p>\n<h3>5. Aumento da efici\u00eancia<\/h3>\n<p>A natureza ajust\u00e1vel dos cilindros tipo garfo permite um controle preciso das m\u00e1quinas em que s\u00e3o instalados. Essa caracter\u00edstica facilita o uso eficiente do equipamento, reduzindo o consumo de combust\u00edvel e melhorando o desempenho geral. A capacidade de controlar os movimentos da m\u00e1quina tamb\u00e9m significa que ela tem menor probabilidade de sofrer danos causados \u200b\u200bpor sobrecarga ou trabalho excessivo.<\/p>\n<p>Em conclus\u00e3o, os cilindros ajust\u00e1veis \u200b\u200bcom olhal oferecem muitas vantagens para m\u00e1quinas pesadas, incluindo desempenho aprimorado, op\u00e7\u00f5es de design personalizadas, maior seguran\u00e7a, custos de manuten\u00e7\u00e3o reduzidos e maior efici\u00eancia. Com seus altos n\u00edveis de resist\u00eancia e durabilidade, esses cilindros s\u00e3o ideais para uso em ambientes exigentes, proporcionando opera\u00e7\u00e3o confi\u00e1vel e eficiente.<img decoding=\"async\" src=\"https:\/\/fmp-components.com\/wp-content\/uploads\/2024\/12\/Adjustable-Clevis-Type-Cylinders5.webp\" alt=\"Cilindro tipo manilha ajust\u00e1vel\" width=\"800\" title=\"\"><\/p>\n<h2>Aplica\u00e7\u00e3o de Cilindros Tipo Clevis Ajust\u00e1veis<\/h2>\n<p>Cilindros ajust\u00e1veis \u200b\u200bdo tipo garfo s\u00e3o amplamente utilizados em diversos setores industriais devido \u00e0 sua capacidade de levantar cargas pesadas e manter press\u00e3o constante. Esses cilindros s\u00e3o particularmente \u00fateis em aplica\u00e7\u00f5es que exigem precis\u00e3o e controle, como nas ind\u00fastrias da constru\u00e7\u00e3o civil, automotiva e de manufatura.<\/p>\n<p>A seguir, algumas das aplica\u00e7\u00f5es comuns de cilindros ajust\u00e1veis \u200b\u200bdo tipo garfo:<\/p>\n<h3>1. M\u00e1quinas Pesadas<\/h3>\n<p>Cilindros ajust\u00e1veis \u200b\u200btipo garfo s\u00e3o frequentemente usados \u200b\u200bem m\u00e1quinas pesadas, como escavadeiras, guindastes e carregadeiras. Essas m\u00e1quinas exigem muita pot\u00eancia para levantar objetos pesados \u200b\u200be executar diversas tarefas. Os cilindros ajust\u00e1veis \u200b\u200btipo garfo s\u00e3o usados \u200b\u200bpara fornecer a pot\u00eancia e o controle necess\u00e1rios para movimentar as m\u00e1quinas com efici\u00eancia. Um exemplo de cilindro hidr\u00e1ulico personalizado em a\u00e7o inoxid\u00e1vel para reboque \u00e9 o uso de cilindros ajust\u00e1veis \u200b\u200btipo garfo em m\u00e1quinas pesadas.<\/p>\n<h3>2. Constru\u00e7\u00e3o<\/h3>\n<p>A ind\u00fastria da constru\u00e7\u00e3o civil depende muito de cilindros ajust\u00e1veis \u200b\u200bdo tipo garfo para diversas aplica\u00e7\u00f5es, como perfura\u00e7\u00e3o, demoli\u00e7\u00e3o e escava\u00e7\u00e3o. Esses cilindros s\u00e3o usados \u200b\u200bpara fornecer a for\u00e7a necess\u00e1ria para romper concreto e outros materiais de constru\u00e7\u00e3o. Eles tamb\u00e9m s\u00e3o usados \u200b\u200bpara levantar cargas pesadas, como vigas de a\u00e7o e outros materiais de constru\u00e7\u00e3o.<\/p>\n<h3>3. Automotivo<\/h3>\n<p>Cilindros ajust\u00e1veis \u200b\u200bdo tipo garfo s\u00e3o amplamente utilizados na ind\u00fastria automotiva para diversas aplica\u00e7\u00f5es, como levantar ve\u00edculos pesados \u200b\u200be movimentar componentes volumosos. Tamb\u00e9m s\u00e3o usados \u200b\u200bem processos de fabrica\u00e7\u00e3o para montar pe\u00e7as e executar outras tarefas. Esses cilindros s\u00e3o projetados para serem dur\u00e1veis \u200b\u200be suportarem as condi\u00e7\u00f5es severas da ind\u00fastria automotiva.<\/p>\n<h3>4. Fabrica\u00e7\u00e3o<\/h3>\n<p>Cilindros ajust\u00e1veis \u200b\u200bdo tipo garfo s\u00e3o amplamente utilizados na ind\u00fastria de manufatura para diversas aplica\u00e7\u00f5es, como prensagem, fixa\u00e7\u00e3o e conforma\u00e7\u00e3o. Esses cilindros s\u00e3o usados \u200b\u200bpara aplicar press\u00e3o consistente aos materiais, criando formas e contornos precisos. Tamb\u00e9m s\u00e3o utilizados para levantar cargas pesadas e movimentar materiais no ch\u00e3o de f\u00e1brica.<\/p>\n<p>Em resumo, os cilindros ajust\u00e1veis \u200b\u200bcom olhal s\u00e3o ferramentas vers\u00e1teis e \u00fateis, amplamente utilizadas em diversos setores. Eles fornecem a pot\u00eancia e o controle necess\u00e1rios para realizar v\u00e1rias tarefas, como levantar cargas pesadas, perfurar concreto e moldar formas precisas. Um exemplo de cilindro hidr\u00e1ulico personalizado em a\u00e7o inoxid\u00e1vel para reboque \u00e9 o uso desses cilindros em m\u00e1quinas pesadas. Seja na constru\u00e7\u00e3o civil, na ind\u00fastria automotiva ou na manufatura, os cilindros ajust\u00e1veis \u200b\u200bcom olhal podem ajud\u00e1-lo a executar suas tarefas com mais efic\u00e1cia e efici\u00eancia.<img decoding=\"async\" src=\"https:\/\/fmp-components.com\/wp-content\/uploads\/2024\/12\/Application-of-Adjustable-Clevis-Type-Cylinders.webp\" alt=\"Cilindro tipo manilha ajust\u00e1vel\" width=\"800\" title=\"\"><\/p>\n<h3>Sobre FMP \u2013 Cilindro Hidr\u00e1ulico<\/h3>\n<p>Se voc\u00ea procura cilindros hidr\u00e1ulicos confi\u00e1veis \u200b\u200be de alta qualidade, veio ao lugar certo. A FMP \u00e9 uma empresa conceituada, especializada na venda e manuten\u00e7\u00e3o de pe\u00e7as e m\u00e1quinas completas para m\u00e1quinas de constru\u00e7\u00e3o. Com muitos anos de experi\u00eancia no setor e uma equipe profissional, oferecemos aos nossos clientes cilindros hidr\u00e1ulicos de alta qualidade, projetados para atender \u00e0s suas necessidades espec\u00edficas.<\/p>\n<p>Aqui est\u00e3o cinco raz\u00f5es pelas quais voc\u00ea deve escolher a FMP para suas necessidades de cilindros hidr\u00e1ulicos:<\/p>\n<p>1. Ampla gama de produtos: Na FMP, oferecemos uma ampla gama de cilindros hidr\u00e1ulicos, incluindo cilindros do tipo manilha ajust\u00e1vel, cilindros do tipo manilha soldada e muito mais. Nossos produtos s\u00e3o adequados para diversos tipos de m\u00e1quinas de constru\u00e7\u00e3o, incluindo m\u00e1quinas agr\u00edcolas, m\u00e1quinas industriais e muito mais.<\/p>\n<p>2. Materiais de alta qualidade: Utilizamos apenas materiais de alta qualidade em nossos produtos, garantindo que atendam a rigorosos padr\u00f5es de qualidade. Nossos cilindros hidr\u00e1ulicos s\u00e3o feitos de a\u00e7o de alta qualidade, o que proporciona durabilidade e desempenho duradouro.<\/p>\n<p>3. Consultoria Profissional: Nossa experiente equipe de vendas est\u00e1 sempre pronta para fornecer consultoria e aconselhamento profissional. Compreendemos as tend\u00eancias de desenvolvimento e as necessidades dos clientes do setor de m\u00e1quinas de constru\u00e7\u00e3o e podemos ajud\u00e1-lo a escolher o cilindro hidr\u00e1ulico certo para suas necessidades.<\/p>\n<p>4. Sistema de Distribui\u00e7\u00e3o Log\u00edstica Eficiente: Possu\u00edmos um sistema de distribui\u00e7\u00e3o log\u00edstica eficiente que garante que nossos clientes recebam as pe\u00e7as necess\u00e1rias em tempo h\u00e1bil e com precis\u00e3o. Isso significa que voc\u00ea pode contar conosco para entregar seu cilindro hidr\u00e1ulico quando precisar.<\/p>\n<p>5. Pre\u00e7os competitivos: Na FMP, oferecemos nossos produtos a pre\u00e7os competitivos, sem abrir m\u00e3o da qualidade. Acreditamos que todos devem ter acesso a cilindros hidr\u00e1ulicos de alta qualidade a um pre\u00e7o acess\u00edvel.<\/p>\n<p>Ent\u00e3o, se voc\u00ea procura um fornecedor confi\u00e1vel e profissional de cilindros hidr\u00e1ulicos, a FMP \u00e9 a escolha certa. Entre em contato conosco hoje mesmo para saber mais sobre nossos produtos e servi\u00e7os.<\/p>\n<p><img decoding=\"async\" src=\"https:\/\/fmp-components.com\/wp-content\/uploads\/2024\/12\/Adjustable-Clevis-Type-Cylinders-6.webp\" alt=\"Cilindro tipo manilha ajust\u00e1vel\" width=\"848\" title=\"\"><\/p>\n<h2>Perguntas frequentes<\/h2>\n<p><b>P: Qual \u00e9 a capacidade m\u00e1xima de carga do cilindro hidr\u00e1ulico?<\/b><br \/>\nA: O cilindro hidr\u00e1ulico pode puxar uma carga m\u00e1xima de 20 toneladas.<\/p>\n<p><b>P: Qual \u00e9 o per\u00edodo de garantia do cilindro hidr\u00e1ulico?<\/b><br \/>\nR: O cilindro hidr\u00e1ulico vem com garantia de 1 ano.<\/p>\n<p><b>P: O cilindro hidr\u00e1ulico pode ser personalizado de acordo com requisitos espec\u00edficos?<\/b><br \/>\nA: Sim, oferecemos op\u00e7\u00f5es de personaliza\u00e7\u00e3o para atender \u00e0s suas necessidades espec\u00edficas.<\/p>\n<p><img decoding=\"async\" src=\"https:\/\/img.jiansujichilun.com\/img\/hydrauliccylinders\/T_hydrauliccylinders-3.webp\" alt=\"cilindro hidr\u00e1ulico\" width=\"800\" title=\"\"><\/p>\n<p>Autor: CX<\/p>","protected":false},"excerpt":{"rendered":"<p>Introducing the Customized Stainless Steel Hydraulic Cylinder For Trailer: The Customized Stainless Steel Hydraulic Cylinder is a high-quality product designed specifically for trailers. This hydraulic cylinder is made from durable stainless steel, ensuring its longevity and resistance to rust and corrosion. With its customized design, this hydraulic cylinder is suitable for a variety of trailer [&hellip;]<\/p>","protected":false},"featured_media":1336,"comment_status":"closed","ping_status":"closed","template":"","meta":{"_et_pb_use_builder":"","_et_pb_old_content":"","_et_gb_content_width":""},"product_brand":[],"product_cat":[39],"product_tag":[41,34],"class_list":{"0":"post-1386","1":"product","2":"type-product","3":"status-publish","4":"has-post-thumbnail","6":"product_cat-adjustable-clevis-type-cylinders","7":"product_tag-adjustable-clevis-type-cylinders","8":"product_tag-hydraulic-cylinder","10":"first","11":"instock","12":"product-type-simple"},"_links":{"self":[{"href":"https:\/\/fmp-components.com\/pt\/wp-json\/wp\/v2\/product\/1386","targetHints":{"allow":["GET"]}}],"collection":[{"href":"https:\/\/fmp-components.com\/pt\/wp-json\/wp\/v2\/product"}],"about":[{"href":"https:\/\/fmp-components.com\/pt\/wp-json\/wp\/v2\/types\/product"}],"replies":[{"embeddable":true,"href":"https:\/\/fmp-components.com\/pt\/wp-json\/wp\/v2\/comments?post=1386"}],"wp:featuredmedia":[{"embeddable":true,"href":"https:\/\/fmp-components.com\/pt\/wp-json\/wp\/v2\/media\/1336"}],"wp:attachment":[{"href":"https:\/\/fmp-components.com\/pt\/wp-json\/wp\/v2\/media?parent=1386"}],"wp:term":[{"taxonomy":"product_brand","embeddable":true,"href":"https:\/\/fmp-components.com\/pt\/wp-json\/wp\/v2\/product_brand?post=1386"},{"taxonomy":"product_cat","embeddable":true,"href":"https:\/\/fmp-components.com\/pt\/wp-json\/wp\/v2\/product_cat?post=1386"},{"taxonomy":"product_tag","embeddable":true,"href":"https:\/\/fmp-components.com\/pt\/wp-json\/wp\/v2\/product_tag?post=1386"}],"curies":[{"name":"wp","href":"https:\/\/api.w.org\/{rel}","templated":true}]}}