{"id":1360,"date":"2024-12-23T02:18:57","date_gmt":"2024-12-23T02:18:57","guid":{"rendered":"https:\/\/fmp-components.com\/product\/customized-welded-double-acting-trailer-hydraulic-cylinder-for-agriculture\/"},"modified":"2024-12-23T03:02:26","modified_gmt":"2024-12-23T03:02:26","slug":"customized-welded-double-acting-trailer-hydraulic-cylinder-for-agriculture","status":"publish","type":"product","link":"https:\/\/fmp-components.com\/pt\/product\/customized-welded-double-acting-trailer-hydraulic-cylinder-for-agriculture\/","title":{"rendered":"Cilindro hidr\u00e1ulico de dupla a\u00e7\u00e3o soldado personalizado para reboque agr\u00edcola"},"content":{"rendered":"<h2>Apresentando o Cilindro Hidr\u00e1ulico de Dupla A\u00e7\u00e3o Soldado Personalizado para Reboque Agr\u00edcola:<\/h2>\n<p>O Cilindro Hidr\u00e1ulico de Dupla A\u00e7\u00e3o Soldado Personalizado para Reboques Agr\u00edcolas \u00e9 um produto confi\u00e1vel e de alta qualidade, projetado especificamente para uso no setor agr\u00edcola. Este cilindro hidr\u00e1ulico foi projetado com precis\u00e3o e durabilidade em mente, tornando-o ideal para diversas aplica\u00e7\u00f5es agr\u00edcolas.<\/p>\n<p>Com design soldado, este cilindro hidr\u00e1ulico garante resist\u00eancia e estabilidade excepcionais, permitindo-lhe suportar as rigorosas demandas das opera\u00e7\u00f5es agr\u00edcolas. A funcionalidade de dupla a\u00e7\u00e3o permite movimentos suaves e eficientes em ambas as dire\u00e7\u00f5es, aumentando a produtividade e o desempenho.<\/p>\n<p>Com seu design personalizado, este cilindro hidr\u00e1ulico pode ser adaptado para atender aos requisitos espec\u00edficos de m\u00e1quinas e equipamentos agr\u00edcolas. Est\u00e1 dispon\u00edvel em diferentes tamanhos e configura\u00e7\u00f5es, permitindo integra\u00e7\u00e3o perfeita em diversos sistemas agr\u00edcolas.<\/p>\n<p>O Cilindro Hidr\u00e1ulico de Dupla A\u00e7\u00e3o Soldado Personalizado para Reboque Agr\u00edcola possui tecnologia hidr\u00e1ulica avan\u00e7ada, garantindo desempenho e confiabilidade ideais. Ele \u00e9 capaz de proporcionar movimentos precisos e controlados, contribuindo para maior efici\u00eancia e efic\u00e1cia nas opera\u00e7\u00f5es agr\u00edcolas.<\/p>\n<p><img loading=\"lazy\" decoding=\"async\" class=\"alignnone size-full wp-image-1334\" src=\"https:\/\/fmp-components.com\/wp-content\/uploads\/2024\/12\/Adjustable-Clevis-Type-Cylinders-4.webp\" alt=\"Cilindros tipo manilha ajust\u00e1vel\" width=\"800\" height=\"800\" title=\"\" srcset=\"https:\/\/fmp-components.com\/wp-content\/uploads\/2024\/12\/Adjustable-Clevis-Type-Cylinders-4.webp 800w, https:\/\/fmp-components.com\/wp-content\/uploads\/2024\/12\/Adjustable-Clevis-Type-Cylinders-4-480x480.webp 480w\" sizes=\"(min-width: 0px) and (max-width: 480px) 480px, (min-width: 481px) 800px, 100vw\" \/><\/p>\n<p>Este cilindro hidr\u00e1ulico \u00e9 fabricado com materiais de alta qualidade, garantindo longevidade e resist\u00eancia ao desgaste. Projetado para suportar condi\u00e7\u00f5es operacionais adversas, o que o torna uma escolha confi\u00e1vel para m\u00e1quinas e equipamentos agr\u00edcolas.<\/p>\n<p>Concluindo, o Cilindro Hidr\u00e1ulico de Dupla A\u00e7\u00e3o Soldado Personalizado para Reboque Agr\u00edcola \u00e9 um produto de primeira linha que oferece excelente desempenho e durabilidade em aplica\u00e7\u00f5es agr\u00edcolas. Seu design personalizado, tecnologia hidr\u00e1ulica avan\u00e7ada e qualidade superior o tornam um componente essencial para qualquer opera\u00e7\u00e3o agr\u00edcola que busque efici\u00eancia e produtividade ideais.<\/p>\n<table style=\"width: 100%;\" border=\"1\" width=\"100%\" cellspacing=\"0\" cellpadding=\"0\">\n<tbody>\n<tr>\n<th>Nome do produto<\/th>\n<td>Cilindros hidr\u00e1ulicos de dupla a\u00e7\u00e3o soldados personalizados para reboques<\/td>\n<\/tr>\n<tr>\n<th>Ind\u00fastria<\/th>\n<td>Agricultura<\/td>\n<\/tr>\n<tr>\n<th>Material<\/th>\n<td>A\u00e7o de alta qualidade<\/td>\n<\/tr>\n<tr>\n<th>Garantia<\/th>\n<td>1 ano (componentes principais)<\/td>\n<\/tr>\n<tr>\n<th>Componentes principais<\/th>\n<td>Rolamento, Cilindro Hidr\u00e1ulico<\/td>\n<\/tr>\n<tr>\n<th>Tipo<\/th>\n<td>Tipo de manilha ajust\u00e1vel<\/td>\n<\/tr>\n<tr>\n<th>Portos<\/th>\n<td>G\/SAE\/NPT\/M<\/td>\n<\/tr>\n<tr>\n<th>Capacidade m\u00e1xima de tra\u00e7\u00e3o<\/th>\n<td>20 toneladas<\/td>\n<\/tr>\n<tr>\n<th>Estrutura<\/th>\n<td>Cilindro de pist\u00e3o padr\u00e3o<\/td>\n<\/tr>\n<tr>\n<th>Tamanho do furo<\/th>\n<td>2 a 6 polegadas<\/td>\n<\/tr>\n<tr>\n<th>Tamanho da haste<\/th>\n<td>1,125 \u2013 4 polegadas<\/td>\n<\/tr>\n<tr>\n<th>Tamanho do tra\u00e7o<\/th>\n<td>4 \u2013 100 polegadas<\/td>\n<\/tr>\n<tr>\n<th>Tamanho do pino<\/th>\n<td>0,5 \u2013 2 polegadas<\/td>\n<\/tr>\n<\/tbody>\n<\/table>\n<h2>Vantagens dos Cilindros Tipo Clevis Ajust\u00e1veis<\/h2>\n<ul>\n<li style=\"list-style-type: none;\">\n<ul>\n<li>Maior flexibilidade e personaliza\u00e7\u00e3o<\/li>\n<\/ul>\n<\/li>\n<\/ul>\n<p>A personaliza\u00e7\u00e3o \u00e9 fundamental na ind\u00fastria de cilindros hidr\u00e1ulicos, e os cilindros do tipo manilha ajust\u00e1vel oferecem uma vantagem \u00fanica nesse sentido. Esses cilindros permitem o posicionamento ajust\u00e1vel do cabe\u00e7ote, o que pode ser especialmente \u00fatil em sistemas hidr\u00e1ulicos complexos onde o espa\u00e7o \u00e9 limitado. Ao permitir maior flexibilidade, os cilindros do tipo manilha ajust\u00e1vel podem permitir uma opera\u00e7\u00e3o mais precisa e eficiente de m\u00e1quinas hidr\u00e1ulicas.<\/p>\n<ul>\n<li style=\"list-style-type: none;\">\n<ul>\n<li>Redu\u00e7\u00e3o de custos de manuten\u00e7\u00e3o e reparo<\/li>\n<\/ul>\n<\/li>\n<\/ul>\n<p>Uma das vantagens mais significativas dos cilindros do tipo manilha ajust\u00e1vel \u00e9 sua durabilidade. O design da manilha ajust\u00e1vel ajuda a evitar danos \u00e0 haste do cilindro e reduz a tens\u00e3o no pist\u00e3o, o que pode aumentar a vida \u00fatil do cilindro. Essa durabilidade ajuda a reduzir os custos de manuten\u00e7\u00e3o e reparo a longo prazo, o que pode ser especialmente importante em ambientes industriais onde m\u00e1quinas hidr\u00e1ulicas s\u00e3o amplamente utilizadas.<\/p>\n<ul>\n<li style=\"list-style-type: none;\">\n<ul>\n<li>Desempenho e efici\u00eancia aprimorados<\/li>\n<\/ul>\n<\/li>\n<\/ul>\n<p>Cilindros com manilha ajust\u00e1vel tamb\u00e9m podem ajudar a melhorar o desempenho e a efici\u00eancia de m\u00e1quinas hidr\u00e1ulicas. Ao permitir um posicionamento mais preciso do cabe\u00e7ote, esses cilindros podem ajudar a prevenir vazamentos e reduzir a perda de energia. Al\u00e9m disso, o design da manilha ajust\u00e1vel pode ajudar a reduzir o risco de danos ao cilindro e a outros componentes hidr\u00e1ulicos, o que pode melhorar ainda mais a efici\u00eancia e o desempenho da m\u00e1quina.<\/p>\n<ul>\n<li style=\"list-style-type: none;\">\n<ul>\n<li>Maior seguran\u00e7a<\/li>\n<\/ul>\n<\/li>\n<\/ul>\n<p>Outra vantagem dos cilindros com manilha ajust\u00e1vel s\u00e3o seus recursos de seguran\u00e7a. O design da manilha ajust\u00e1vel ajuda a evitar danos \u00e0 haste do cilindro, o que pode reduzir o risco de acidentes e les\u00f5es no local de trabalho. Al\u00e9m disso, a durabilidade e a confiabilidade desses cilindros podem ajudar a prevenir falhas ou mau funcionamento inesperados, o que pode aumentar ainda mais a seguran\u00e7a no local de trabalho.<\/p>\n<ul>\n<li style=\"list-style-type: none;\">\n<ul>\n<li>Ampla gama de aplica\u00e7\u00f5es<\/li>\n<\/ul>\n<\/li>\n<\/ul>\n<p>Cilindros ajust\u00e1veis \u200b\u200bdo tipo manilha podem ser utilizados em uma ampla gama de aplica\u00e7\u00f5es em m\u00e1quinas hidr\u00e1ulicas. De cilindros hidr\u00e1ulicos de dupla a\u00e7\u00e3o soldados e personalizados para reboques agr\u00edcolas a m\u00e1quinas industriais e equipamentos de constru\u00e7\u00e3o, esses cilindros oferecem uma solu\u00e7\u00e3o vers\u00e1til para qualquer sistema hidr\u00e1ulico que exija flexibilidade, durabilidade e precis\u00e3o.<\/p>\n<p>Concluindo, os cilindros do tipo manilha ajust\u00e1vel oferecem uma gama \u00fanica de vantagens em rela\u00e7\u00e3o a outros cilindros hidr\u00e1ulicos. Sua flexibilidade, durabilidade, desempenho, recursos de seguran\u00e7a e versatilidade os tornam a solu\u00e7\u00e3o ideal para uma ampla gama de aplica\u00e7\u00f5es em m\u00e1quinas hidr\u00e1ulicas. Se voc\u00ea procura cilindros hidr\u00e1ulicos de dupla a\u00e7\u00e3o soldados personalizados para reboques agr\u00edcolas ou qualquer outro sistema hidr\u00e1ulico, os cilindros do tipo manilha ajust\u00e1vel s\u00e3o uma excelente escolha para otimizar suas m\u00e1quinas hidr\u00e1ulicas.<img decoding=\"async\" src=\"https:\/\/fmp-components.com\/wp-content\/uploads\/2024\/12\/Adjustable-Clevis-Type-Cylinders5.webp\" alt=\"Cilindro tipo manilha ajust\u00e1vel\" width=\"800\" title=\"\"><\/p>\n<h2>Aplica\u00e7\u00e3o de Cilindros Tipo Clevis Ajust\u00e1veis<\/h2>\n<p>Cilindros ajust\u00e1veis \u200b\u200bdo tipo manilha, como o Cilindro Hidr\u00e1ulico de Dupla A\u00e7\u00e3o Soldado Personalizado para Reboques Agr\u00edcolas, t\u00eam uma ampla gama de aplica\u00e7\u00f5es em diversos setores. Esses cilindros s\u00e3o conhecidos por sua versatilidade e durabilidade, tornando-os a escolha ideal para diversas tarefas. Neste artigo, exploraremos as diversas aplica\u00e7\u00f5es dos cilindros ajust\u00e1veis \u200b\u200bdo tipo manilha e discutiremos seus benef\u00edcios em detalhes.<\/p>\n<h3>1. M\u00e1quinas agr\u00edcolas<\/h3>\n<p>Uma das principais aplica\u00e7\u00f5es dos cilindros ajust\u00e1veis \u200b\u200bdo tipo manilha \u00e9 em m\u00e1quinas agr\u00edcolas. Esses cilindros s\u00e3o comumente utilizados em equipamentos agr\u00edcolas, como tratores, colheitadeiras e arados. Eles desempenham um papel crucial no controle do movimento de diferentes pe\u00e7as, como a eleva\u00e7\u00e3o e abaixamento de implementos ou o ajuste do \u00e2ngulo das l\u00e2minas. O Cilindro Hidr\u00e1ulico de Dupla A\u00e7\u00e3o Soldado Personalizado para Reboques Agr\u00edcolas oferece controle preciso e desempenho robusto, garantindo uma opera\u00e7\u00e3o eficiente e confi\u00e1vel em condi\u00e7\u00f5es agr\u00edcolas exigentes.<\/p>\n<h3>2. Equipamentos de constru\u00e7\u00e3o<\/h3>\n<p>Cilindros ajust\u00e1veis \u200b\u200bdo tipo manilha s\u00e3o amplamente utilizados na ind\u00fastria da constru\u00e7\u00e3o devido \u00e0 sua resist\u00eancia e versatilidade. S\u00e3o comumente encontrados em equipamentos como escavadeiras, carregadeiras e tratores de esteira. Esses cilindros s\u00e3o utilizados para tarefas como eleva\u00e7\u00e3o de cargas pesadas, extens\u00e3o e retra\u00e7\u00e3o de lan\u00e7as e controle do movimento de diversos acess\u00f3rios. Com sua alta capacidade de carga e design ajust\u00e1vel, o Cilindro Hidr\u00e1ulico de Dupla A\u00e7\u00e3o Soldado Personalizado para Reboque Agr\u00edcola demonstra ser uma excelente escolha para equipamentos de constru\u00e7\u00e3o.<\/p>\n<h3>3. Movimenta\u00e7\u00e3o de materiais<\/h3>\n<p>Os cilindros ajust\u00e1veis \u200b\u200bdo tipo manilha tamb\u00e9m s\u00e3o amplamente utilizados em aplica\u00e7\u00f5es de movimenta\u00e7\u00e3o de materiais. S\u00e3o empregados em empilhadeiras, guindastes e sistemas de transporte para facilitar a movimenta\u00e7\u00e3o e o posicionamento de mercadorias. Esses cilindros proporcionam movimentos precisos e controlados de eleva\u00e7\u00e3o, abaixamento e inclina\u00e7\u00e3o, permitindo opera\u00e7\u00f5es eficientes de movimenta\u00e7\u00e3o de materiais. Com seu design personalizado e funcionalidade de dupla a\u00e7\u00e3o, o Cilindro Hidr\u00e1ulico de Dupla A\u00e7\u00e3o Soldado Personalizado para Reboque Agr\u00edcola garante desempenho e confiabilidade ideais em tarefas de movimenta\u00e7\u00e3o de materiais.<\/p>\n<h3>4. Ind\u00fastria Automotiva<\/h3>\n<p>A ind\u00fastria automotiva se beneficia enormemente do uso de cilindros ajust\u00e1veis \u200b\u200bdo tipo manilha. Esses cilindros s\u00e3o empregados em diversos sistemas automotivos, incluindo sistemas de suspens\u00e3o, mecanismos de dire\u00e7\u00e3o e tetos convers\u00edveis. Eles permitem um controle suave e preciso dos movimentos, garantindo maior conforto e seguran\u00e7a para os ocupantes do ve\u00edculo. O Cilindro Hidr\u00e1ulico de Dupla A\u00e7\u00e3o Soldado Personalizado para Reboque Agr\u00edcola, com sua constru\u00e7\u00e3o soldada personalizada, oferece durabilidade e desempenho excepcionais em aplica\u00e7\u00f5es automotivas.<\/p>\n<h3>5. Fabrica\u00e7\u00e3o e Equipamentos Industriais<\/h3>\n<p>Cilindros ajust\u00e1veis \u200b\u200btipo manilha s\u00e3o amplamente utilizados em equipamentos industriais e de manufatura. S\u00e3o comumente utilizados em m\u00e1quinas como prensas, m\u00e1quinas de estampagem e rob\u00f4s industriais. Esses cilindros fornecem for\u00e7a e movimento controlados, permitindo processos de fabrica\u00e7\u00e3o precisos e eficientes. O Cilindro Hidr\u00e1ulico de Dupla A\u00e7\u00e3o Soldado Personalizado para Reboque Agr\u00edcola, com sua capacidade de dupla a\u00e7\u00e3o, garante desempenho confi\u00e1vel e preciso em ambientes industriais exigentes.<\/p>\n<p>Concluindo, cilindros ajust\u00e1veis \u200b\u200bdo tipo manilha, como o Cilindro Hidr\u00e1ulico de Dupla A\u00e7\u00e3o Soldado Personalizado para Reboques Agr\u00edcolas, t\u00eam diversas aplica\u00e7\u00f5es em diversos setores. Sua versatilidade, durabilidade e controle preciso os tornam uma excelente escolha para diversas tarefas, desde m\u00e1quinas agr\u00edcolas at\u00e9 sistemas automotivos. Ao incorporar esses cilindros em suas opera\u00e7\u00f5es, as empresas podem se beneficiar de maior efici\u00eancia, confiabilidade e produtividade.<\/p>\n<p><img decoding=\"async\" src=\"https:\/\/fmp-components.com\/wp-content\/uploads\/2024\/12\/Application-of-Adjustable-Clevis-Type-Cylinders.webp\" alt=\"Cilindro tipo manilha ajust\u00e1vel\" width=\"800\" title=\"\"><\/p>\n<h3>Sobre o Cilindro Hidr\u00e1ulico FMP<\/h3>\n<p>A FMP \u00e9 uma fornecedora l\u00edder de cilindros hidr\u00e1ulicos de alta qualidade para m\u00e1quinas de constru\u00e7\u00e3o. Nossos produtos s\u00e3o reconhecidos por sua durabilidade, confiabilidade e excelente desempenho. Aqui est\u00e3o alguns motivos pelos quais voc\u00ea deve escolher os Cilindros Hidr\u00e1ulicos FMP para suas necessidades em m\u00e1quinas de constru\u00e7\u00e3o:<\/p>\n<p>1. Qualidade: Nossos cilindros hidr\u00e1ulicos s\u00e3o feitos de materiais de alta qualidade que garantem durabilidade e desempenho superior.<\/p>\n<p>2. Ampla gama de produtos: A FMP oferece uma variedade de cilindros hidr\u00e1ulicos para diferentes tipos de m\u00e1quinas de constru\u00e7\u00e3o, incluindo cilindro tipo manilha ajust\u00e1vel (veja a imagem abaixo), cilindro tipo barra de dire\u00e7\u00e3o, cilindro tipo soldado e muito mais.<\/p>\n<p><img decoding=\"async\" src=\"https:\/\/fmp-components.com\/wp-content\/uploads\/2024\/12\/Adjustable-Clevis-Type-Cylinders-6.webp\" alt=\"Cilindro tipo manilha ajust\u00e1vel\" width=\"822\" title=\"\"><\/p>\n<p>3. Pre\u00e7os competitivos: a FMP oferece seus produtos a pre\u00e7os altamente competitivos, tornando-os acess\u00edveis a uma ampla gama de clientes.<\/p>\n<p>4. Equipe profissional: Nossa experiente equipe de vendas tem conhecimento sobre o setor de m\u00e1quinas de constru\u00e7\u00e3o e pode fornecer consultoria especializada e suporte aos clientes.<\/p>\n<p>5. Log\u00edstica eficiente: Temos um sistema de distribui\u00e7\u00e3o log\u00edstica bem estabelecido que garante entrega pontual e precisa dos produtos aos clientes.<\/p>\n<p>Em resumo, o Cilindro Hidr\u00e1ulico FMP \u00e9 uma escolha confi\u00e1vel e confi\u00e1vel para todas as suas necessidades em m\u00e1quinas de constru\u00e7\u00e3o. Entre em contato conosco hoje mesmo para saber mais sobre nossos produtos e servi\u00e7os.<\/p>\n<h2>Perguntas frequentes<\/h2>\n<p><strong>P: Que tipos de ind\u00fastrias podem se beneficiar desses cilindros hidr\u00e1ulicos?<\/strong><br \/>\nR: Nossos cilindros hidr\u00e1ulicos s\u00e3o ideais para v\u00e1rios setores, incluindo oficinas de reparo de m\u00e1quinas, fazendas, energia e minera\u00e7\u00e3o, fabrica\u00e7\u00e3o de m\u00e1quinas e f\u00e1bricas de m\u00e1quinas.<\/p>\n<p><strong>P: Quais s\u00e3o algumas das principais caracter\u00edsticas desses cilindros hidr\u00e1ulicos?<\/strong><br \/>\nR: Nossos cilindros hidr\u00e1ulicos oferecem um empuxo m\u00e1ximo de 3000, tipo manilha ajust\u00e1vel, conex\u00f5es G\/SAE\/NPT\/M e uma tra\u00e7\u00e3o m\u00e1xima de 20 toneladas. Eles tamb\u00e9m s\u00e3o certificados pela ISO9001:2000.<\/p>\n<p><strong>P: Qual \u00e9 o per\u00edodo de garantia desses cilindros hidr\u00e1ulicos?<\/strong><br \/>\nR: Nossos cilindros hidr\u00e1ulicos v\u00eam com garantia de 1 ano para componentes principais, garantindo que voc\u00ea possa comprar com confian\u00e7a.<\/p>\n<p><img decoding=\"async\" src=\"https:\/\/img.jiansujichilun.com\/img\/hydrauliccylinders\/C_hydrauliccylinders-2.webp\" alt=\"cilindro hidr\u00e1ulico\" width=\"800\" title=\"\"><\/p>\n<p>Autor: CX<\/p>","protected":false},"excerpt":{"rendered":"<p>Introducing the Customized Welded Double Acting Trailer Hydraulic Cylinder for Agriculture: The Customized Welded Double Acting Trailer Hydraulic Cylinder for Agriculture is a high-quality and reliable product designed specifically for use in the agriculture industry. This hydraulic cylinder is engineered with precision and durability in mind, making it ideal for various agricultural applications. Featuring a [&hellip;]<\/p>","protected":false},"featured_media":1338,"comment_status":"closed","ping_status":"closed","template":"","meta":{"_et_pb_use_builder":"","_et_pb_old_content":"","_et_gb_content_width":""},"product_brand":[],"product_cat":[39],"product_tag":[41,34],"class_list":{"0":"post-1360","1":"product","2":"type-product","3":"status-publish","4":"has-post-thumbnail","6":"product_cat-adjustable-clevis-type-cylinders","7":"product_tag-adjustable-clevis-type-cylinders","8":"product_tag-hydraulic-cylinder","10":"first","11":"instock","12":"product-type-simple"},"_links":{"self":[{"href":"https:\/\/fmp-components.com\/pt\/wp-json\/wp\/v2\/product\/1360","targetHints":{"allow":["GET"]}}],"collection":[{"href":"https:\/\/fmp-components.com\/pt\/wp-json\/wp\/v2\/product"}],"about":[{"href":"https:\/\/fmp-components.com\/pt\/wp-json\/wp\/v2\/types\/product"}],"replies":[{"embeddable":true,"href":"https:\/\/fmp-components.com\/pt\/wp-json\/wp\/v2\/comments?post=1360"}],"wp:featuredmedia":[{"embeddable":true,"href":"https:\/\/fmp-components.com\/pt\/wp-json\/wp\/v2\/media\/1338"}],"wp:attachment":[{"href":"https:\/\/fmp-components.com\/pt\/wp-json\/wp\/v2\/media?parent=1360"}],"wp:term":[{"taxonomy":"product_brand","embeddable":true,"href":"https:\/\/fmp-components.com\/pt\/wp-json\/wp\/v2\/product_brand?post=1360"},{"taxonomy":"product_cat","embeddable":true,"href":"https:\/\/fmp-components.com\/pt\/wp-json\/wp\/v2\/product_cat?post=1360"},{"taxonomy":"product_tag","embeddable":true,"href":"https:\/\/fmp-components.com\/pt\/wp-json\/wp\/v2\/product_tag?post=1360"}],"curies":[{"name":"wp","href":"https:\/\/api.w.org\/{rel}","templated":true}]}}