{"id":1345,"date":"2024-12-23T02:18:07","date_gmt":"2024-12-23T02:18:07","guid":{"rendered":"https:\/\/fmp-components.com\/product\/high-quality-double-acting-welded-hydraulic-cylinders-for-sale\/"},"modified":"2024-12-23T03:39:35","modified_gmt":"2024-12-23T03:39:35","slug":"high-quality-double-acting-welded-hydraulic-cylinders-for-sale","status":"publish","type":"product","link":"https:\/\/fmp-components.com\/pt\/product\/high-quality-double-acting-welded-hydraulic-cylinders-for-sale\/","title":{"rendered":"Cilindros hidr\u00e1ulicos soldados de dupla a\u00e7\u00e3o de alta qualidade \u00e0 venda"},"content":{"rendered":"<h2>Cilindros hidr\u00e1ulicos soldados de dupla a\u00e7\u00e3o de alta qualidade \u00e0 venda:<\/h2>\n<p>Nossos cilindros hidr\u00e1ulicos soldados de dupla a\u00e7\u00e3o de alta qualidade s\u00e3o a solu\u00e7\u00e3o perfeita para todas as suas necessidades de energia hidr\u00e1ulica. Esses cilindros s\u00e3o projetados para fornecer desempenho e confiabilidade excepcionais em uma ampla gama de aplica\u00e7\u00f5es.<\/p>\n<p>Com seu design de dupla a\u00e7\u00e3o, nossos cilindros hidr\u00e1ulicos oferecem funcionalidade e versatilidade superiores. Eles podem exercer for\u00e7a em ambas as dire\u00e7\u00f5es, permitindo uma opera\u00e7\u00e3o eficiente e um controle preciso. Seja para levantar cargas pesadas, movimentar m\u00e1quinas ou alimentar sistemas hidr\u00e1ulicos, nossos cilindros atendem \u00e0s suas necessidades.<\/p>\n<p>Projetados com foco na durabilidade, nossos cilindros hidr\u00e1ulicos s\u00e3o fabricados com materiais de alta qualidade e submetidos a testes rigorosos para garantir um desempenho de longa dura\u00e7\u00e3o. A constru\u00e7\u00e3o soldada confere maior resist\u00eancia e estabilidade, tornando-os capazes de suportar uso intenso e condi\u00e7\u00f5es extremas. Voc\u00ea pode confiar em nossos cilindros para fornecer energia hidr\u00e1ulica consistente e confi\u00e1vel quando mais precisar.<\/p>\n<p><img loading=\"lazy\" decoding=\"async\" class=\"alignnone size-full wp-image-1334\" src=\"https:\/\/fmp-components.com\/wp-content\/uploads\/2024\/12\/Adjustable-Clevis-Type-Cylinders-4.webp\" alt=\"Cilindros tipo manilha ajust\u00e1vel\" width=\"800\" height=\"800\" title=\"\" srcset=\"https:\/\/fmp-components.com\/wp-content\/uploads\/2024\/12\/Adjustable-Clevis-Type-Cylinders-4.webp 800w, https:\/\/fmp-components.com\/wp-content\/uploads\/2024\/12\/Adjustable-Clevis-Type-Cylinders-4-480x480.webp 480w\" sizes=\"(min-width: 0px) and (max-width: 480px) 480px, (min-width: 481px) 800px, 100vw\" \/><\/p>\n<p>Nossos cilindros hidr\u00e1ulicos soldados de dupla a\u00e7\u00e3o s\u00e3o f\u00e1ceis de instalar e manter. Eles v\u00eam com diversas op\u00e7\u00f5es de montagem para atender \u00e0s suas necessidades espec\u00edficas. Com os devidos cuidados e manuten\u00e7\u00e3o regular, esses cilindros proporcionar\u00e3o anos de servi\u00e7o sem problemas.<\/p>\n<p>Seja qual for o seu setor \u2014 constru\u00e7\u00e3o, agricultura ou ind\u00fastria \u2014, nossos cilindros hidr\u00e1ulicos soldados de dupla a\u00e7\u00e3o de alta qualidade s\u00e3o a escolha ideal para suas necessidades de energia hidr\u00e1ulica. N\u00e3o se contente com menos do que o melhor. Invista em nossos cilindros e experimente o desempenho e a confiabilidade que voc\u00ea merece.<\/p>\n<table style=\"width: 100%;\" border=\"1\" width=\"100%\" cellspacing=\"0\" cellpadding=\"0\">\n<tbody>\n<tr>\n<th>Nome do produto<\/th>\n<td>Novos cilindros hidr\u00e1ulicos soldados de dupla a\u00e7\u00e3o<\/td>\n<\/tr>\n<tr>\n<th>Garantia<\/th>\n<td>1 ano<\/td>\n<\/tr>\n<tr>\n<th>Ind\u00fastrias aplic\u00e1veis<\/th>\n<td>Oficinas de reparo de m\u00e1quinas, fazendas, energia e minera\u00e7\u00e3o, fabrica\u00e7\u00e3o de m\u00e1quinas, f\u00e1bricas de m\u00e1quinas<\/td>\n<\/tr>\n<tr>\n<th>Peso (KG)<\/th>\n<td>30<\/td>\n<\/tr>\n<tr>\n<th>Inspe\u00e7\u00e3o de sa\u00edda de v\u00eddeo<\/th>\n<td>Oferecido<\/td>\n<\/tr>\n<tr>\n<th>Relat\u00f3rio de Teste de M\u00e1quinas<\/th>\n<td>Oferecido<\/td>\n<\/tr>\n<tr>\n<th>Tipo de marketing<\/th>\n<td>Novo produto 2023<\/td>\n<\/tr>\n<tr>\n<th>Garantia dos Componentes Principais<\/th>\n<td>1 ano<\/td>\n<\/tr>\n<tr>\n<th>Componentes principais<\/th>\n<td>Rolamentos, Cilindros Hidr\u00e1ulicos<\/td>\n<\/tr>\n<tr>\n<th>Estrutura<\/th>\n<td>Cilindro de pist\u00e3o<\/td>\n<\/tr>\n<tr>\n<th>Poder<\/th>\n<td>Hidr\u00e1ulico<\/td>\n<\/tr>\n<tr>\n<th>Material do corpo<\/th>\n<td>A\u00e7o resistente<\/td>\n<\/tr>\n<tr>\n<th>Impulso m\u00e1ximo<\/th>\n<td>3000<\/td>\n<\/tr>\n<tr>\n<th>Tipo<\/th>\n<td>Cilindro tipo manilha ajust\u00e1vel<\/td>\n<\/tr>\n<tr>\n<th>Portos<\/th>\n<td>G\/SAE\/NPT\/M<\/td>\n<\/tr>\n<tr>\n<th>Puxada M\u00e1xima<\/th>\n<td>20 toneladas<\/td>\n<\/tr>\n<tr>\n<th>Certifica\u00e7\u00e3o<\/th>\n<td>ISO 9001:2000<\/td>\n<\/tr>\n<tr>\n<th>Tamanho do furo<\/th>\n<td>2 a 6 polegadas<\/td>\n<\/tr>\n<tr>\n<th>Tamanho da haste<\/th>\n<td>1,125 \u2013 4 polegadas<\/td>\n<\/tr>\n<tr>\n<th>Tamanho do tra\u00e7o<\/th>\n<td>4 \u2013 100 polegadas<\/td>\n<\/tr>\n<tr>\n<th>Tamanho do pino<\/th>\n<td>0,5 \u2013 2 polegadas<\/td>\n<\/tr>\n<tr>\n<th>Cor<\/th>\n<td>Preto<\/td>\n<\/tr>\n<\/tbody>\n<\/table>\n<h2>Explorando os cilindros hidr\u00e1ulicos soldados de dupla a\u00e7\u00e3o<\/h2>\n<p>O produto \u00e9 essencialmente um cilindro hidr\u00e1ulico de dupla a\u00e7\u00e3o, o que significa que utiliza energia hidr\u00e1ulica tanto para estender quanto para retrair a haste do pist\u00e3o, permitindo movimentos e controle precisos. Esses tipos de cilindros s\u00e3o comumente usados \u200b\u200bem m\u00e1quinas industriais e sistemas hidr\u00e1ulicos m\u00f3veis, bem como em equipamentos agr\u00edcolas e ve\u00edculos de constru\u00e7\u00e3o, devido \u00e0 sua alta pot\u00eancia e durabilidade.<\/p>\n<p>Nossos cilindros possuem especifica\u00e7\u00f5es e dados de desempenho impressionantes. Com di\u00e2metros de 2 a 6 polegadas, hastes de 1,125 a 4 polegadas, cursos de 4 a 100 polegadas e pinos de 0,5 a 2 polegadas, esses cilindros s\u00e3o projetados para lidar com uma variedade de tarefas pesadas. Os cilindros s\u00e3o capazes de exercer um empuxo m\u00e1ximo de 3000 e tracionar at\u00e9 20 toneladas, tornando-os um poderoso complemento para qualquer conjunto de m\u00e1quinas.<\/p>\n<p>Os cilindros hidr\u00e1ulicos de dupla a\u00e7\u00e3o s\u00e3o fabricados em a\u00e7o de alta qualidade, garantindo durabilidade e longa vida \u00fatil. Al\u00e9m disso, a cor preta dos cilindros confere uma camada de resist\u00eancia \u00e0 corros\u00e3o, aumentando ainda mais a vida \u00fatil e o desempenho do produto.<\/p>\n<p>Para quem necessita de uma solu\u00e7\u00e3o mais personalizada, oferecemos op\u00e7\u00f5es de customiza\u00e7\u00e3o para nossos cilindros hidr\u00e1ulicos. Seja qual for a sua necessidade \u2014 di\u00e2metro do cilindro, di\u00e2metro da haste ou curso \u2014, podemos atend\u00ea-la para garantir o desempenho ideal.<\/p>\n<h2>Vantagens dos Cilindros Tipo Clevis Ajust\u00e1veis<\/h2>\n<p>Cilindros ajust\u00e1veis \u200b\u200bcom olhal, como os cilindros hidr\u00e1ulicos soldados de dupla a\u00e7\u00e3o de alta qualidade dispon\u00edveis para venda, oferecem diversas vantagens em v\u00e1rias aplica\u00e7\u00f5es. Esses cilindros s\u00e3o projetados com precis\u00e3o e expertise para proporcionar desempenho e confiabilidade superiores. Neste artigo, exploraremos as caracter\u00edsticas e os benef\u00edcios exclusivos dos cilindros ajust\u00e1veis \u200b\u200bcom olhal.<\/p>\n<p>1. Maior flexibilidade e capacidade de ajuste<\/p>\n<p>Cilindros ajust\u00e1veis \u200b\u200bcom olhal s\u00e3o conhecidos por sua excepcional flexibilidade e capacidade de ajuste. Com a possibilidade de modificar o comprimento do cilindro e a posi\u00e7\u00e3o do olhal, esses cilindros podem ser facilmente personalizados para atender a requisitos espec\u00edficos. Essa flexibilidade permite uma integra\u00e7\u00e3o perfeita em diferentes sistemas e garante desempenho ideal em diversas aplica\u00e7\u00f5es.<\/p>\n<p>2. Capacidade de carga aumentada<\/p>\n<p>Uma das principais vantagens dos cilindros ajust\u00e1veis \u200b\u200bcom olhal \u00e9 a sua capacidade de lidar com cargas pesadas com facilidade. Esses cilindros s\u00e3o projetados para suportar altas press\u00f5es e proporcionar uma capacidade de eleva\u00e7\u00e3o robusta. O design e a constru\u00e7\u00e3o avan\u00e7ados desses cilindros permitem que eles suportem cargas extremas sem comprometer o desempenho ou a seguran\u00e7a.<\/p>\n<p>3. Posicionamento e controle precisos<\/p>\n<p>Os cilindros ajust\u00e1veis \u200b\u200btipo garfo se destacam por proporcionar posicionamento e controle precisos. Com seus sistemas hidr\u00e1ulicos finamente ajustados, esses cilindros oferecem movimento preciso e suave, permitindo um controle exato da carga. Esse n\u00edvel de controle \u00e9 crucial em aplica\u00e7\u00f5es que exigem posicionamento preciso, como em equipamentos de movimenta\u00e7\u00e3o de materiais ou m\u00e1quinas industriais.<\/p>\n<p>4. Durabilidade e longevidade excepcionais<\/p>\n<p>Cilindros hidr\u00e1ulicos soldados de dupla a\u00e7\u00e3o de alta qualidade, incluindo cilindros ajust\u00e1veis \u200b\u200bdo tipo garfo, s\u00e3o constru\u00eddos para durar. Esses cilindros s\u00e3o fabricados com materiais resistentes e submetidos a rigorosos controles de qualidade para garantir sua longevidade e confiabilidade. Eles s\u00e3o projetados para suportar condi\u00e7\u00f5es operacionais severas, incluindo temperaturas extremas, cargas pesadas e uso frequente, sem comprometer seu desempenho ou integridade estrutural.<\/p>\n<p>5. Efici\u00eancia e desempenho aprimorados<\/p>\n<p>Cilindros ajust\u00e1veis \u200b\u200bdo tipo garfo contribuem para o aumento da efici\u00eancia e do desempenho em diversos sistemas e aplica\u00e7\u00f5es. Ao proporcionar controle preciso e opera\u00e7\u00e3o confi\u00e1vel, esses cilindros ajudam a otimizar processos e a aumentar a produtividade. Sua capacidade de suportar cargas pesadas e se adaptar a diferentes requisitos garante uma opera\u00e7\u00e3o suave e eficiente, economizando tempo e reduzindo o tempo de inatividade.<\/p>\n<p>Em resumo, os cilindros ajust\u00e1veis \u200b\u200bcom olhal, como os cilindros hidr\u00e1ulicos soldados de dupla a\u00e7\u00e3o de alta qualidade dispon\u00edveis para venda, oferecem diversas vantagens em termos de flexibilidade, capacidade de carga, posicionamento, durabilidade e efici\u00eancia. Esses cilindros s\u00e3o projetados para atender aos mais altos padr\u00f5es de desempenho e confiabilidade, tornando-os uma excelente escolha para uma ampla gama de aplica\u00e7\u00f5es. Seja em equipamentos de movimenta\u00e7\u00e3o de materiais, m\u00e1quinas industriais ou outros sistemas hidr\u00e1ulicos, os cilindros ajust\u00e1veis \u200b\u200bcom olhal proporcionam a versatilidade e o desempenho necess\u00e1rios para resultados \u00f3timos.<img decoding=\"async\" src=\"https:\/\/fmp-components.com\/wp-content\/uploads\/2024\/12\/Adjustable-Clevis-Type-Cylinders5.webp\" alt=\"Cilindro tipo manilha ajust\u00e1vel\" width=\"800\" title=\"\"><\/p>\n<h2>Aplica\u00e7\u00e3o de Cilindros Tipo Clevis Ajust\u00e1veis<\/h2>\n<p>Cilindros ajust\u00e1veis \u200b\u200bdo tipo garfo s\u00e3o componentes hidr\u00e1ulicos vers\u00e1teis com ampla aplica\u00e7\u00e3o em diversos setores. A seguir, algumas das aplica\u00e7\u00f5es mais comuns desses cilindros:<\/p>\n<ul>\n<li><strong>Fabrica\u00e7\u00e3o:<\/strong> Cilindros ajust\u00e1veis \u200b\u200bdo tipo garfo s\u00e3o amplamente utilizados em processos de fabrica\u00e7\u00e3o, como estampagem, conforma\u00e7\u00e3o de metais e usinagem. Eles s\u00e3o usados \u200b\u200bpara aplicar for\u00e7a, manter pe\u00e7as no lugar e controlar o movimento. Cilindros hidr\u00e1ulicos soldados de dupla a\u00e7\u00e3o de alta qualidade s\u00e3o especialmente \u00fateis em ambientes de fabrica\u00e7\u00e3o, pois suportam alta press\u00e3o e oferecem desempenho consistente.<\/li>\n<li><strong>Constru\u00e7\u00e3o:<\/strong> Cilindros ajust\u00e1veis \u200b\u200bdo tipo garfo tamb\u00e9m s\u00e3o comumente usados \u200b\u200bem equipamentos de constru\u00e7\u00e3o, como escavadeiras, tratores e guindastes. Esses cilindros s\u00e3o usados \u200b\u200bpara acionar o movimento de m\u00e1quinas pesadas, levantar e abaixar cargas e manipular diversos acess\u00f3rios. Em ambientes de constru\u00e7\u00e3o, a durabilidade \u00e9 fundamental, e por isso cilindros hidr\u00e1ulicos soldados de dupla a\u00e7\u00e3o de alta qualidade s\u00e3o frequentemente a op\u00e7\u00e3o preferida.<\/li>\n<li><strong>Agricultura:<\/strong> Cilindros ajust\u00e1veis \u200b\u200bdo tipo garfo desempenham um papel fundamental em equipamentos agr\u00edcolas modernos, como tratores, colheitadeiras e arados. Esses cilindros s\u00e3o usados \u200b\u200bpara controlar o movimento de arados e outros implementos, permitindo que os agricultores lavrem o solo e plantem as culturas com mais efici\u00eancia. Cilindros hidr\u00e1ulicos soldados de dupla a\u00e7\u00e3o de alta qualidade tamb\u00e9m s\u00e3o preferidos em ambientes agr\u00edcolas devido \u00e0 sua confiabilidade e durabilidade.<\/li>\n<li><strong>Minera\u00e7\u00e3o:<\/strong> Cilindros ajust\u00e1veis \u200b\u200bdo tipo garfo s\u00e3o essenciais em equipamentos de minera\u00e7\u00e3o, onde s\u00e3o usados \u200b\u200bpara acionar perfuratrizes, escavadeiras e outras m\u00e1quinas pesadas. Esses cilindros devem ser capazes de suportar press\u00f5es extremas e operar em ambientes desafiadores, raz\u00e3o pela qual cilindros hidr\u00e1ulicos soldados de dupla a\u00e7\u00e3o de alta qualidade s\u00e3o frequentemente a escolha preferida.<\/li>\n<li><strong>Transporte:<\/strong> Cilindros ajust\u00e1veis \u200b\u200bdo tipo garfo tamb\u00e9m s\u00e3o usados \u200b\u200bem diversas aplica\u00e7\u00f5es de transporte, como caminh\u00f5es comerciais, \u00f4nibus e avi\u00f5es. Esses cilindros s\u00e3o usados \u200b\u200bpara acionar v\u00e1rios componentes, como trem de pouso, portas e rampas, permitindo uma opera\u00e7\u00e3o suave e eficiente. Cilindros hidr\u00e1ulicos soldados de dupla a\u00e7\u00e3o de alta qualidade s\u00e3o essenciais em ambientes de transporte onde confiabilidade e seguran\u00e7a s\u00e3o fundamentais.<\/li>\n<\/ul>\n<p>Em conclus\u00e3o, a aplica\u00e7\u00e3o de cilindros ajust\u00e1veis \u200b\u200bdo tipo garfo \u00e9 vasta e diversificada, com usos em manufatura, constru\u00e7\u00e3o, agricultura, minera\u00e7\u00e3o e transporte. Ao selecionar esses cilindros, \u00e9 importante escolher cilindros hidr\u00e1ulicos soldados de dupla a\u00e7\u00e3o de alta qualidade para garantir desempenho e durabilidade ideais em qualquer ambiente.<img decoding=\"async\" src=\"https:\/\/fmp-components.com\/wp-content\/uploads\/2024\/12\/Application-of-Adjustable-Clevis-Type-Cylinders.webp\" alt=\"Cilindro tipo manilha ajust\u00e1vel\" width=\"800\" title=\"\"><\/p>\n<h3>Sobre FMP \u2013 Cilindro Hidr\u00e1ulico<\/h3>\n<p>A FMP \u00e9 uma empresa l\u00edder na venda e assist\u00eancia t\u00e9cnica de pe\u00e7as e m\u00e1quinas completas para constru\u00e7\u00e3o civil. Contamos com anos de experi\u00eancia no setor e uma equipe de especialistas que fornecem pe\u00e7as e solu\u00e7\u00f5es completas de alta qualidade e confiabilidade para m\u00e1quinas de constru\u00e7\u00e3o. Nossa ampla gama de produtos inclui caixas de engrenagens para m\u00e1quinas agr\u00edcolas, caixas de engrenagens planet\u00e1rias, caixas de engrenagens industriais, pe\u00e7as para m\u00e1quinas agr\u00edcolas e uma s\u00e9rie de acess\u00f3rios de alta qualidade compat\u00edveis. Nosso compromisso \u00e9 oferecer aos clientes os melhores produtos e servi\u00e7os. Veja alguns motivos para escolher a FMP para cilindros hidr\u00e1ulicos:<\/p>\n<ol>\n<li><strong>Produtos de alta qualidade e confi\u00e1veis:<\/strong> Na FMP, priorizamos a qualidade de nossos produtos. Estabelecemos rela\u00e7\u00f5es de coopera\u00e7\u00e3o est\u00e1veis \u200b\u200be de longo prazo com fornecedores de alta qualidade em todo o mundo. Todas as pe\u00e7as fornecidas atendem a rigorosos padr\u00f5es de qualidade.<\/li>\n<li><strong>Ampla gama de produtos:<\/strong> Oferecemos uma ampla gama de cilindros hidr\u00e1ulicos, incluindo cilindros padr\u00e3o e personalizados. Nosso cilindro ajust\u00e1vel tipo garfo \u00e9 um produto popular, altamente dur\u00e1vel e ajust\u00e1vel para atender a diferentes necessidades.<\/li>\n<li><strong>Equipe de vendas profissional:<\/strong> Nossa equipe de vendas \u00e9 experiente e qualificada no setor de m\u00e1quinas para constru\u00e7\u00e3o. Eles est\u00e3o familiarizados com as \u00faltimas tend\u00eancias de desenvolvimento e necessidades dos clientes, podendo oferecer consultoria profissional sobre produtos e sugest\u00f5es de compra inteligentes.<\/li>\n<li><strong>Distribui\u00e7\u00e3o log\u00edstica eficiente:<\/strong> Entendemos que a entrega pontual \u00e9 crucial para nossos clientes. Portanto, estabelecemos um sistema de distribui\u00e7\u00e3o log\u00edstica eficiente para garantir que os clientes recebam as pe\u00e7as necess\u00e1rias de forma r\u00e1pida e precisa.<\/li>\n<li><strong>Pre\u00e7os competitivos:<\/strong> Na FMP, oferecemos pre\u00e7os competitivos sem comprometer a qualidade. Nosso objetivo \u00e9 proporcionar aos clientes o melhor custo-benef\u00edcio.<\/li>\n<\/ol>\n<p><img decoding=\"async\" src=\"https:\/\/fmp-components.com\/wp-content\/uploads\/2024\/12\/Adjustable-Clevis-Type-Cylinders-6.webp\" alt=\"Cilindro tipo manilha ajust\u00e1vel\" width=\"807\" title=\"\"><\/p>\n<p>Estamos empenhados em fornecer produtos e servi\u00e7os de alta qualidade aos nossos clientes e temos certeza de que podemos atender \u00e0s suas necessidades de cilindros hidr\u00e1ulicos. N\u00e3o hesite em nos contatar para quaisquer d\u00favidas ou para fazer um pedido.<\/p>\n<h2>Perguntas frequentes<\/h2>\n<p><strong>P: Os cilindros hidr\u00e1ulicos podem ser personalizados para atender a requisitos espec\u00edficos?<\/strong><br \/>\nA: Sim, oferecemos op\u00e7\u00f5es de personaliza\u00e7\u00e3o para nossos cilindros hidr\u00e1ulicos para atender \u00e0s suas necessidades espec\u00edficas.<\/p>\n<p><strong>P: Que tipo de garantia acompanha os cilindros hidr\u00e1ulicos?<\/strong><br \/>\nA: Nossos cilindros hidr\u00e1ulicos v\u00eam com garantia de um ano para os componentes principais \u2013 os rolamentos e o pr\u00f3prio cilindro hidr\u00e1ulico.<\/p>\n<p><strong>P: Qual \u00e9 o prazo de entrega dos cilindros hidr\u00e1ulicos?<\/strong><br \/>\nA: Geralmente, nosso prazo de entrega \u00e9 de 25 a 35 dias ap\u00f3s a confirma\u00e7\u00e3o do pedido.<\/p>\n<p><img decoding=\"async\" src=\"https:\/\/img.jiansujichilun.com\/img\/hydrauliccylinders\/T_hydrauliccylinders-5.webp\" alt=\"cilindro hidr\u00e1ulico\" width=\"800\" title=\"\"><\/p>\n<p>Autor: CX<\/p>","protected":false},"excerpt":{"rendered":"<p>High Quality Double Acting Welded Hydraulic Cylinders For Sale: Our High Quality Double Acting Welded Hydraulic Cylinders are the perfect solution for all your hydraulic power needs. These cylinders are designed to provide exceptional performance and reliability in a wide range of applications. With their double acting design, our hydraulic cylinders offer superior functionality and [&hellip;]<\/p>","protected":false},"featured_media":1338,"comment_status":"closed","ping_status":"closed","template":"","meta":{"_et_pb_use_builder":"","_et_pb_old_content":"","_et_gb_content_width":""},"product_brand":[],"product_cat":[39],"product_tag":[41,34],"class_list":{"0":"post-1345","1":"product","2":"type-product","3":"status-publish","4":"has-post-thumbnail","6":"product_cat-adjustable-clevis-type-cylinders","7":"product_tag-adjustable-clevis-type-cylinders","8":"product_tag-hydraulic-cylinder","10":"first","11":"instock","12":"product-type-simple"},"_links":{"self":[{"href":"https:\/\/fmp-components.com\/pt\/wp-json\/wp\/v2\/product\/1345","targetHints":{"allow":["GET"]}}],"collection":[{"href":"https:\/\/fmp-components.com\/pt\/wp-json\/wp\/v2\/product"}],"about":[{"href":"https:\/\/fmp-components.com\/pt\/wp-json\/wp\/v2\/types\/product"}],"replies":[{"embeddable":true,"href":"https:\/\/fmp-components.com\/pt\/wp-json\/wp\/v2\/comments?post=1345"}],"wp:featuredmedia":[{"embeddable":true,"href":"https:\/\/fmp-components.com\/pt\/wp-json\/wp\/v2\/media\/1338"}],"wp:attachment":[{"href":"https:\/\/fmp-components.com\/pt\/wp-json\/wp\/v2\/media?parent=1345"}],"wp:term":[{"taxonomy":"product_brand","embeddable":true,"href":"https:\/\/fmp-components.com\/pt\/wp-json\/wp\/v2\/product_brand?post=1345"},{"taxonomy":"product_cat","embeddable":true,"href":"https:\/\/fmp-components.com\/pt\/wp-json\/wp\/v2\/product_cat?post=1345"},{"taxonomy":"product_tag","embeddable":true,"href":"https:\/\/fmp-components.com\/pt\/wp-json\/wp\/v2\/product_tag?post=1345"}],"curies":[{"name":"wp","href":"https:\/\/api.w.org\/{rel}","templated":true}]}}