{"id":1024,"date":"2024-12-19T06:16:24","date_gmt":"2024-12-19T06:16:24","guid":{"rendered":"https:\/\/fmp-components.com\/product\/10016-factory-direct-sale-double-acting-small-hydraulic-cylinder-for-agriculture\/"},"modified":"2024-12-26T08:53:25","modified_gmt":"2024-12-26T08:53:25","slug":"10016-factory-direct-sale-double-acting-small-hydraulic-cylinder-for-agriculture","status":"publish","type":"product","link":"https:\/\/fmp-components.com\/pt\/product\/10016-factory-direct-sale-double-acting-small-hydraulic-cylinder-for-agriculture\/","title":{"rendered":"10016 Venda direta de f\u00e1brica Cilindro hidr\u00e1ulico pequeno de dupla a\u00e7\u00e3o para agricultura"},"content":{"rendered":"<h2>Introdu\u00e7\u00e3o do produto:<\/h2>\n<p>O Cilindro Hidr\u00e1ulico Pequeno de Dupla A\u00e7\u00e3o 10016, para Agricultura, Venda Direta da F\u00e1brica, \u00e9 um cilindro hidr\u00e1ulico vers\u00e1til e confi\u00e1vel, projetado para atender \u00e0s necessidades de diversas aplica\u00e7\u00f5es agr\u00edcolas. Este cilindro hidr\u00e1ulico \u00e9 constru\u00eddo com materiais de alta qualidade e tecnologia avan\u00e7ada para garantir excelente desempenho, durabilidade e confiabilidade.<\/p>\n<p>Caracter\u00edsticas:<\/p>\n<p>1. Design de dupla a\u00e7\u00e3o: Este cilindro hidr\u00e1ulico foi projetado para fornecer desempenho confi\u00e1vel e consistente em ambas as dire\u00e7\u00f5es.<\/p>\n<p>2. Tamanho pequeno: com um design compacto e leve, este cilindro hidr\u00e1ulico \u00e9 perfeito para uso em espa\u00e7os pequenos e apertados.<\/p>\n<p>3. Materiais de alta qualidade: O cilindro hidr\u00e1ulico 10016 \u00e9 constru\u00eddo com materiais de alta resist\u00eancia que s\u00e3o capazes de suportar as condi\u00e7\u00f5es adversas das aplica\u00e7\u00f5es agr\u00edcolas.<\/p>\n<p>4. F\u00e1cil instala\u00e7\u00e3o: Este cilindro hidr\u00e1ulico \u00e9 f\u00e1cil de instalar e requer manuten\u00e7\u00e3o m\u00ednima.<\/p>\n<p><img decoding=\"async\" src=\"https:\/\/hzpt.com\/wp-content\/uploads\/2023\/12\/insert-4.webp?v=1694163707\" alt=\"\" title=\"\"><\/p>\n<p>Concluindo, o Cilindro Hidr\u00e1ulico Pequeno de Dupla A\u00e7\u00e3o 10016, para Agricultura, Venda Direta da F\u00e1brica, \u00e9 uma excelente escolha para quem procura um cilindro hidr\u00e1ulico de alta qualidade, confi\u00e1vel e vers\u00e1til para aplica\u00e7\u00f5es agr\u00edcolas. Com seu design compacto, tecnologia avan\u00e7ada e constru\u00e7\u00e3o dur\u00e1vel, este cilindro hidr\u00e1ulico certamente atender\u00e1 \u00e0s necessidades de qualquer opera\u00e7\u00e3o agr\u00edcola.<\/p>\n<h2>Vantagens do Cilindro Tipo Clevis Soldado<\/h2>\n<p>Cilindros do tipo manilha soldada s\u00e3o uma escolha popular para muitas aplica\u00e7\u00f5es industriais devido \u00e0s suas vantagens e benef\u00edcios exclusivos. Aqui est\u00e3o algumas das principais vantagens dos cilindros do tipo manilha soldada:<\/p>\n<h3>1. Maior resist\u00eancia e durabilidade<\/h3>\n<p>Os cilindros do tipo manilha soldada s\u00e3o constru\u00eddos com uma tampa final soldada, o que proporciona maior resist\u00eancia e durabilidade em compara\u00e7\u00e3o com outros tipos de cilindros. Isso os torna ideais para aplica\u00e7\u00f5es pesadas que exigem alto n\u00edvel de resist\u00eancia e durabilidade.<\/p>\n<p>Al\u00e9m disso, o design soldado desses cilindros significa que eles t\u00eam menos probabilidade de vazar ou falhar, o que pode ajudar a reduzir o tempo de inatividade e os custos de manuten\u00e7\u00e3o.<\/p>\n<h3>2. Capacidade de lidar com alta press\u00e3o<\/h3>\n<p>Cilindros do tipo manilha soldada tamb\u00e9m s\u00e3o capazes de lidar com aplica\u00e7\u00f5es de alta press\u00e3o, tornando-os uma escolha popular em setores como constru\u00e7\u00e3o, minera\u00e7\u00e3o e petr\u00f3leo e g\u00e1s. Sua capacidade de lidar com altas press\u00f5es garante um desempenho confi\u00e1vel em ambientes exigentes.<\/p>\n<h3>3. Design personaliz\u00e1vel<\/h3>\n<p>Cilindros do tipo manilha soldada podem ser projetados sob medida para atender \u00e0s necessidades espec\u00edficas de uma aplica\u00e7\u00e3o. Isso significa que podem ser adaptados para atender a um determinado tamanho, formato ou requisito de desempenho. O design personaliz\u00e1vel tamb\u00e9m permite maior flexibilidade no processo de fabrica\u00e7\u00e3o, o que pode levar \u00e0 economia de custos.<\/p>\n<h3>4. F\u00e1cil instala\u00e7\u00e3o<\/h3>\n<p>Os cilindros do tipo manilha soldada s\u00e3o projetados para f\u00e1cil instala\u00e7\u00e3o, o que ajuda a reduzir o tempo de configura\u00e7\u00e3o e os custos de m\u00e3o de obra. Normalmente, s\u00e3o pr\u00e9-montados e prontos para uso imediato, minimizando a necessidade de pe\u00e7as ou componentes adicionais.<\/p>\n<h3>5. Desempenho aprimorado<\/h3>\n<p>O design dos cilindros do tipo manilha soldada permite um desempenho aprimorado em compara\u00e7\u00e3o com outros tipos de cilindros. Eles s\u00e3o capazes de gerar mais for\u00e7a por unidade de press\u00e3o, o que pode ajudar a melhorar a efici\u00eancia e a produtividade em aplica\u00e7\u00f5es industriais.<\/p>\n<p>No geral, os cilindros do tipo manilha soldada oferecem uma s\u00e9rie de vantagens e benef\u00edcios que os tornam uma escolha popular para diversas aplica\u00e7\u00f5es industriais. Sua maior resist\u00eancia e durabilidade, capacidade de lidar com altas press\u00f5es, design personaliz\u00e1vel, f\u00e1cil instala\u00e7\u00e3o e desempenho aprimorado os tornam a escolha ideal para ambientes exigentes onde confiabilidade e desempenho s\u00e3o essenciais.<\/p>\n<p><img decoding=\"async\" src=\"https:\/\/hzpt.com\/wp-content\/uploads\/2023\/12\/insert-1.webp\" alt=\"\" title=\"\"><\/p>\n<h2>Aplica\u00e7\u00e3o de Cilindro Tipo Clevis Soldado<\/h2>\n<ul>\n<li><strong>M\u00e1quinas Industriais:<\/strong> Cilindros do tipo manilha soldada s\u00e3o amplamente utilizados em diversas m\u00e1quinas industriais para aplica\u00e7\u00f5es pesadas. Esses cilindros s\u00e3o capazes de produzir alta for\u00e7a para levantar e prensar componentes no maquin\u00e1rio. O design da manilha soldada permite f\u00e1cil instala\u00e7\u00e3o e opera\u00e7\u00e3o eficiente, tornando-a uma escolha popular entre os fabricantes.\n<ul>\n<li>Na ind\u00fastria de manufatura, os cilindros do tipo manilha soldada s\u00e3o usados em prensas hidr\u00e1ulicas, m\u00e1quinas de moldagem por inje\u00e7\u00e3o e equipamentos de estampagem de metal para fornecer a for\u00e7a necess\u00e1ria para formar e moldar chapas de metal.<\/li>\n<li>Na ind\u00fastria automotiva, esses cilindros s\u00e3o usados em macacos, elevadores e m\u00e1quinas de montagem para levantar componentes pesados durante o processo de fabrica\u00e7\u00e3o.<\/li>\n<li>No setor de constru\u00e7\u00e3o, os cilindros do tipo manilha soldada s\u00e3o usados em guindastes, escavadeiras e tratores para alimentar os sistemas hidr\u00e1ulicos que levantam e movimentam cargas pesadas.<\/li>\n<\/ul>\n<\/li>\n<li><strong>Maquinaria agr\u00edcola:<\/strong> M\u00e1quinas agr\u00edcolas s\u00e3o uma das \u00e1reas mais importantes onde os Cilindros do Tipo Clivagem Soldada s\u00e3o utilizados. Esses cilindros s\u00e3o utilizados em diversas m\u00e1quinas agr\u00edcolas, incluindo tratores, colheitadeiras e arados, para fornecer a for\u00e7a necess\u00e1ria para o preparo do solo, plantio e colheita.\n<ul>\n<li>Na ind\u00fastria agr\u00edcola, os cilindros do tipo manilha soldada s\u00e3o usados em arados, cultivadores e semeadoras para fornecer a for\u00e7a necess\u00e1ria para o preparo do solo e o plantio de sementes.<\/li>\n<li>Na ind\u00fastria de colheita, esses cilindros s\u00e3o usados em colheitadeiras, enfardadeiras e cortadores de grama para alimentar os sistemas hidr\u00e1ulicos que coletam e transportam as colheitas.<\/li>\n<\/ul>\n<\/li>\n<li><strong>Aeroespacial e Defesa:<\/strong> Cilindros soldados do tipo Clevis tamb\u00e9m s\u00e3o usados na ind\u00fastria aeroespacial e de defesa, onde s\u00e3o empregados em uma ampla gama de aplica\u00e7\u00f5es para aeronaves, foguetes, m\u00edsseis e sistemas de defesa.\n<ul>\n<li>Na ind\u00fastria aeroespacial, cilindros do tipo manilha soldada s\u00e3o usados em trens de pouso, flaps e freios de aeronaves para fornecer a for\u00e7a necess\u00e1ria para decolagem e pouso.<\/li>\n<li>Na ind\u00fastria de defesa, esses cilindros s\u00e3o usados em lan\u00e7adores de m\u00edsseis, torres de armas e sistemas de tanques para alimentar os sistemas hidr\u00e1ulicos que controlam o movimento de armas e muni\u00e7\u00f5es.<\/li>\n<\/ul>\n<\/li>\n<li><strong>Ind\u00fastria Mar\u00edtima:<\/strong> Os cilindros soldados do tipo Clevis tamb\u00e9m s\u00e3o amplamente utilizados na ind\u00fastria mar\u00edtima, onde s\u00e3o utilizados em uma variedade de aplica\u00e7\u00f5es para navios, barcos e ve\u00edculos subaqu\u00e1ticos.\n<ul>\n<li>No setor de transporte mar\u00edtimo, os cilindros do tipo manilha soldada s\u00e3o usados em guindastes, guinchos e equipamentos de movimenta\u00e7\u00e3o de carga para fornecer a for\u00e7a necess\u00e1ria para carregar e descarregar a carga.<\/li>\n<li>Na ind\u00fastria n\u00e1utica, esses cilindros s\u00e3o usados em sistemas de dire\u00e7\u00e3o, h\u00e9lices e sistemas de ancoragem para fornecer a for\u00e7a necess\u00e1ria para controlar o movimento de barcos e navios.<\/li>\n<li>Na ind\u00fastria de ve\u00edculos subaqu\u00e1ticos, os cilindros do tipo manilha soldada s\u00e3o usados em submers\u00edveis, ve\u00edculos operados remotamente (ROVs) e equipamentos de mergulho para fornecer a for\u00e7a necess\u00e1ria para opera\u00e7\u00f5es subaqu\u00e1ticas.<\/li>\n<\/ul>\n<\/li>\n<li><strong>Ind\u00fastria de minera\u00e7\u00e3o:<\/strong> Cilindros soldados do tipo Clevis tamb\u00e9m s\u00e3o usados na ind\u00fastria de minera\u00e7\u00e3o, onde s\u00e3o empregados em uma variedade de aplica\u00e7\u00f5es para extra\u00e7\u00e3o de minerais e manuseio de materiais.\n<ul>\n<li>Na ind\u00fastria de minera\u00e7\u00e3o, os cilindros do tipo manilha soldada s\u00e3o usados em sistemas transportadores, m\u00e1quinas de perfura\u00e7\u00e3o e p\u00e1s hidr\u00e1ulicas para fornecer a for\u00e7a necess\u00e1ria para extrair minerais e materiais de minas e pedreiras.<\/li>\n<\/ul>\n<\/li>\n<\/ul>\n<h2>Sobre a FMP<\/h2>\n<p>A FMP ocupa uma posi\u00e7\u00e3o de lideran\u00e7a no submercado italiano de cilindros hidr\u00e1ulicos para m\u00e1quinas m\u00f3veis. Nossa linha de produtos inclui cilindros hidr\u00e1ulicos de inclina\u00e7\u00e3o, cilindros hidr\u00e1ulicos de dire\u00e7\u00e3o e cilindros hidr\u00e1ulicos de eleva\u00e7\u00e3o. Com uma capacidade projetada de 200.000 conjuntos, utilizamos 300 conjuntos de diversos equipamentos de produ\u00e7\u00e3o CNC autom\u00e1ticos, bem como equipamentos autom\u00e1ticos de montagem de cilindros hidr\u00e1ulicos.<\/p>\n<p>A FMP orgulha-se de oferecer produtos de alta qualidade a pre\u00e7os competitivos, apoiados por um servi\u00e7o excepcional. Tamb\u00e9m fornecemos cilindros para plataformas a\u00e9reas, cilindros hidr\u00e1ulicos para ve\u00edculos industriais, cilindros para perfuratrizes rotativas, cilindros para guindastes de caminh\u00e3o e cilindros hidr\u00e1ulicos para m\u00e1quinas de constru\u00e7\u00e3o. <b>Cilindros Hidr\u00e1ulicos para Empilhadeiras<\/b>, cilindros para caminh\u00f5es basculantes para minera\u00e7\u00e3o e cilindros hidr\u00e1ulicos para m\u00e1quinas de saneamento. Aceitamos encomendas personalizadas com base nas suas especifica\u00e7\u00f5es.<\/p>\n<p><img decoding=\"async\" src=\"https:\/\/hzpt.com\/wp-content\/uploads\/2023\/12\/insert-5.webp\" alt=\"Imagem de F\u00e1brica\" title=\"\"><\/p>\n<h2>Perguntas frequentes<\/h2>\n<ol>\n<li>P: Qual \u00e9 a capacidade de carga do cilindro hidr\u00e1ulico? R: Varia de acordo com o modelo espec\u00edfico.<\/li>\n<li>P: Como funciona um cilindro hidr\u00e1ulico de dupla a\u00e7\u00e3o? R: Ele exerce for\u00e7a em duas dire\u00e7\u00f5es gra\u00e7as ao fluido pressurizado dentro do cilindro.<\/li>\n<li>P: Qual \u00e9 a aplica\u00e7\u00e3o deste cilindro hidr\u00e1ulico? R: \u00c9 amplamente utilizado em m\u00e1quinas agr\u00edcolas.<\/li>\n<li>P: Como fa\u00e7o a manuten\u00e7\u00e3o do cilindro hidr\u00e1ulico? R: A inspe\u00e7\u00e3o regular e a sele\u00e7\u00e3o adequada do \u00f3leo hidr\u00e1ulico e das veda\u00e7\u00f5es garantir\u00e3o sua longevidade.<\/li>\n<li>P: Posso personalizar meu pedido? R: Sim, a FMP aceita pedidos personalizados com base nas suas especifica\u00e7\u00f5es.<\/li>\n<\/ol>\n<p>Autor: CX<\/p>","protected":false},"excerpt":{"rendered":"<p>Product Introduction: The 10016 Factory Direct Sale Double Acting Small Hydraulic Cylinder for Agriculture is a versatile and reliable hydraulic cylinder that is designed to meet the needs of various agricultural applications. This hydraulic cylinder is built with high-quality materials and advanced technology to ensure excellent performance, durability, and reliability. Features: 1. Double-acting design: This [&hellip;]<\/p>","protected":false},"featured_media":1127,"comment_status":"closed","ping_status":"closed","template":"","meta":{"_et_pb_use_builder":"","_et_pb_old_content":"","_et_gb_content_width":""},"product_brand":[],"product_cat":[36],"product_tag":[34,38],"class_list":{"0":"post-1024","1":"product","2":"type-product","3":"status-publish","4":"has-post-thumbnail","6":"product_cat-welded-clevis-type-cylinder","7":"product_tag-hydraulic-cylinder","8":"product_tag-welded-clevis-type-cylinder","10":"first","11":"instock","12":"product-type-simple"},"_links":{"self":[{"href":"https:\/\/fmp-components.com\/pt\/wp-json\/wp\/v2\/product\/1024","targetHints":{"allow":["GET"]}}],"collection":[{"href":"https:\/\/fmp-components.com\/pt\/wp-json\/wp\/v2\/product"}],"about":[{"href":"https:\/\/fmp-components.com\/pt\/wp-json\/wp\/v2\/types\/product"}],"replies":[{"embeddable":true,"href":"https:\/\/fmp-components.com\/pt\/wp-json\/wp\/v2\/comments?post=1024"}],"wp:featuredmedia":[{"embeddable":true,"href":"https:\/\/fmp-components.com\/pt\/wp-json\/wp\/v2\/media\/1127"}],"wp:attachment":[{"href":"https:\/\/fmp-components.com\/pt\/wp-json\/wp\/v2\/media?parent=1024"}],"wp:term":[{"taxonomy":"product_brand","embeddable":true,"href":"https:\/\/fmp-components.com\/pt\/wp-json\/wp\/v2\/product_brand?post=1024"},{"taxonomy":"product_cat","embeddable":true,"href":"https:\/\/fmp-components.com\/pt\/wp-json\/wp\/v2\/product_cat?post=1024"},{"taxonomy":"product_tag","embeddable":true,"href":"https:\/\/fmp-components.com\/pt\/wp-json\/wp\/v2\/product_tag?post=1024"}],"curies":[{"name":"wp","href":"https:\/\/api.w.org\/{rel}","templated":true}]}}