{"id":1014,"date":"2024-12-19T06:16:24","date_gmt":"2024-12-19T06:16:24","guid":{"rendered":"https:\/\/fmp-components.com\/product\/10007-premium-quality-tractor-hydraulic-cylinder-double-acting-hydraulic-cylinder\/"},"modified":"2024-12-26T08:55:53","modified_gmt":"2024-12-26T08:55:53","slug":"10007-premium-quality-tractor-hydraulic-cylinder-double-acting-hydraulic-cylinder","status":"publish","type":"product","link":"https:\/\/fmp-components.com\/pt\/product\/10007-premium-quality-tractor-hydraulic-cylinder-double-acting-hydraulic-cylinder\/","title":{"rendered":"10007 Cilindro hidr\u00e1ulico de trator de qualidade premium Cilindro hidr\u00e1ulico de dupla a\u00e7\u00e3o"},"content":{"rendered":"<h2>Produto 10007 Cilindro hidr\u00e1ulico de trator de qualidade premium Cilindro hidr\u00e1ulico de dupla a\u00e7\u00e3o:<\/h2>\n<p>Apresentamos nosso cilindro hidr\u00e1ulico para trator de qualidade premium, n\u00famero do produto 10007. Este cilindro hidr\u00e1ulico foi projetado com funcionalidade de dupla a\u00e7\u00e3o, garantindo desempenho eficiente e confi\u00e1vel.<\/p>\n<p>Nosso cilindro hidr\u00e1ulico \u00e9 projetado para suportar tarefas pesadas e fornecer pot\u00eancia hidr\u00e1ulica superior para tratores. Ele \u00e9 meticulosamente fabricado com materiais de alta qualidade para garantir durabilidade e longevidade.<\/p>\n<p>Principais caracter\u00edsticas:<br \/>\n\u2013 Funcionalidade de dupla a\u00e7\u00e3o para maior desempenho e versatilidade.<br \/>\n\u2013 Constru\u00e7\u00e3o robusta para suportar alta press\u00e3o e cargas pesadas.<br \/>\n\u2013 Opera\u00e7\u00e3o suave para integra\u00e7\u00e3o perfeita com tratores.<br \/>\n\u2013 Materiais de alta qualidade utilizados para desempenho duradouro.<br \/>\n\u2013 Engenharia de precis\u00e3o para pot\u00eancia hidr\u00e1ulica consistente e confi\u00e1vel.<br \/>\n\u2013 F\u00e1cil instala\u00e7\u00e3o e manuten\u00e7\u00e3o.<\/p>\n<p>Com nosso cilindro hidr\u00e1ulico para trator de alta qualidade, voc\u00ea pode esperar maior produtividade e efici\u00eancia em suas opera\u00e7\u00f5es agr\u00edcolas. Ele foi projetado para oferecer desempenho superior e suportar as condi\u00e7\u00f5es de trabalho mais dif\u00edceis.<\/p>\n<p><img decoding=\"async\" src=\"https:\/\/hzpt.com\/wp-content\/uploads\/2023\/12\/insert-1.webp\" alt=\"\" title=\"\"><\/p>\n<p>&nbsp;<\/p>\n<h2>Vantagens do Cilindro Tipo Clevis Soldado<\/h2>\n<p>Cilindros do tipo manilha soldada s\u00e3o uma escolha popular para muitas aplica\u00e7\u00f5es industriais devido \u00e0s suas vantagens e benef\u00edcios exclusivos. Aqui est\u00e3o algumas das principais vantagens dos cilindros do tipo manilha soldada:<\/p>\n<h3>1. Maior resist\u00eancia e durabilidade<\/h3>\n<p>Os cilindros do tipo manilha soldada s\u00e3o constru\u00eddos com uma tampa final soldada, o que proporciona maior resist\u00eancia e durabilidade em compara\u00e7\u00e3o com outros tipos de cilindros. Isso os torna ideais para aplica\u00e7\u00f5es pesadas que exigem alto n\u00edvel de resist\u00eancia e durabilidade.<\/p>\n<p>Al\u00e9m disso, o design soldado desses cilindros significa que eles t\u00eam menos probabilidade de vazar ou falhar, o que pode ajudar a reduzir o tempo de inatividade e os custos de manuten\u00e7\u00e3o.<\/p>\n<h3>2. Capacidade de lidar com alta press\u00e3o<\/h3>\n<p>Cilindros do tipo manilha soldada tamb\u00e9m s\u00e3o capazes de lidar com aplica\u00e7\u00f5es de alta press\u00e3o, tornando-os uma escolha popular em setores como constru\u00e7\u00e3o, minera\u00e7\u00e3o e petr\u00f3leo e g\u00e1s. Sua capacidade de lidar com altas press\u00f5es garante um desempenho confi\u00e1vel em ambientes exigentes.<\/p>\n<h3>3. Design personaliz\u00e1vel<\/h3>\n<p>Cilindros do tipo manilha soldada podem ser projetados sob medida para atender \u00e0s necessidades espec\u00edficas de uma aplica\u00e7\u00e3o. Isso significa que podem ser adaptados para atender a um determinado tamanho, formato ou requisito de desempenho. O design personaliz\u00e1vel tamb\u00e9m permite maior flexibilidade no processo de fabrica\u00e7\u00e3o, o que pode levar \u00e0 economia de custos.<\/p>\n<h3>4. F\u00e1cil instala\u00e7\u00e3o<\/h3>\n<p>Os cilindros do tipo manilha soldada s\u00e3o projetados para f\u00e1cil instala\u00e7\u00e3o, o que ajuda a reduzir o tempo de configura\u00e7\u00e3o e os custos de m\u00e3o de obra. Normalmente, s\u00e3o pr\u00e9-montados e prontos para uso imediato, minimizando a necessidade de pe\u00e7as ou componentes adicionais.<\/p>\n<h3>5. Desempenho aprimorado<\/h3>\n<p>O design dos cilindros do tipo manilha soldada permite um desempenho aprimorado em compara\u00e7\u00e3o com outros tipos de cilindros. Eles s\u00e3o capazes de gerar mais for\u00e7a por unidade de press\u00e3o, o que pode ajudar a melhorar a efici\u00eancia e a produtividade em aplica\u00e7\u00f5es industriais.<\/p>\n<p>No geral, os cilindros do tipo manilha soldada oferecem uma s\u00e9rie de vantagens e benef\u00edcios que os tornam uma escolha popular para diversas aplica\u00e7\u00f5es industriais. Sua maior resist\u00eancia e durabilidade, capacidade de lidar com altas press\u00f5es, design personaliz\u00e1vel, f\u00e1cil instala\u00e7\u00e3o e desempenho aprimorado os tornam a escolha ideal para ambientes exigentes onde confiabilidade e desempenho s\u00e3o essenciais.<\/p>\n<p><img decoding=\"async\" src=\"https:\/\/hzpt.com\/wp-content\/uploads\/2023\/12\/insert-4.webp?v=1694163707\" alt=\"\" title=\"\"><\/p>\n<h2>Aplica\u00e7\u00e3o de Cilindro Tipo Clevis Soldado<\/h2>\n<ul>\n<li><strong>M\u00e1quinas Industriais:<\/strong> Cilindros do tipo manilha soldada s\u00e3o amplamente utilizados em diversas m\u00e1quinas industriais para aplica\u00e7\u00f5es pesadas. Esses cilindros s\u00e3o capazes de produzir alta for\u00e7a para levantar e prensar componentes no maquin\u00e1rio. O design da manilha soldada permite f\u00e1cil instala\u00e7\u00e3o e opera\u00e7\u00e3o eficiente, tornando-a uma escolha popular entre os fabricantes.\n<ul>\n<li>Na ind\u00fastria de manufatura, os cilindros do tipo manilha soldada s\u00e3o usados em prensas hidr\u00e1ulicas, m\u00e1quinas de moldagem por inje\u00e7\u00e3o e equipamentos de estampagem de metal para fornecer a for\u00e7a necess\u00e1ria para formar e moldar chapas de metal.<\/li>\n<li>Na ind\u00fastria automotiva, esses cilindros s\u00e3o usados em macacos, elevadores e m\u00e1quinas de montagem para levantar componentes pesados durante o processo de fabrica\u00e7\u00e3o.<\/li>\n<li>No setor de constru\u00e7\u00e3o, os cilindros do tipo manilha soldada s\u00e3o usados em guindastes, escavadeiras e tratores para alimentar os sistemas hidr\u00e1ulicos que levantam e movimentam cargas pesadas.<\/li>\n<\/ul>\n<\/li>\n<li><strong>Maquinaria agr\u00edcola:<\/strong> M\u00e1quinas agr\u00edcolas s\u00e3o uma das \u00e1reas mais importantes onde os Cilindros do Tipo Clivagem Soldada s\u00e3o utilizados. Esses cilindros s\u00e3o utilizados em diversas m\u00e1quinas agr\u00edcolas, incluindo tratores, colheitadeiras e arados, para fornecer a for\u00e7a necess\u00e1ria para o preparo do solo, plantio e colheita.\n<ul>\n<li>Na ind\u00fastria agr\u00edcola, os cilindros do tipo manilha soldada s\u00e3o usados em arados, cultivadores e semeadoras para fornecer a for\u00e7a necess\u00e1ria para o preparo do solo e o plantio de sementes.<\/li>\n<li>Na ind\u00fastria de colheita, esses cilindros s\u00e3o usados em colheitadeiras, enfardadeiras e cortadores de grama para alimentar os sistemas hidr\u00e1ulicos que coletam e transportam as colheitas.<\/li>\n<\/ul>\n<\/li>\n<li><strong>Aeroespacial e Defesa:<\/strong> Cilindros soldados do tipo Clevis tamb\u00e9m s\u00e3o usados na ind\u00fastria aeroespacial e de defesa, onde s\u00e3o empregados em uma ampla gama de aplica\u00e7\u00f5es para aeronaves, foguetes, m\u00edsseis e sistemas de defesa.\n<ul>\n<li>Na ind\u00fastria aeroespacial, cilindros do tipo manilha soldada s\u00e3o usados em trens de pouso, flaps e freios de aeronaves para fornecer a for\u00e7a necess\u00e1ria para decolagem e pouso.<\/li>\n<li>Na ind\u00fastria de defesa, esses cilindros s\u00e3o usados em lan\u00e7adores de m\u00edsseis, torres de armas e sistemas de tanques para alimentar os sistemas hidr\u00e1ulicos que controlam o movimento de armas e muni\u00e7\u00f5es.<\/li>\n<\/ul>\n<\/li>\n<li><strong>Ind\u00fastria Mar\u00edtima:<\/strong> Os cilindros soldados do tipo Clevis tamb\u00e9m s\u00e3o amplamente utilizados na ind\u00fastria mar\u00edtima, onde s\u00e3o utilizados em uma variedade de aplica\u00e7\u00f5es para navios, barcos e ve\u00edculos subaqu\u00e1ticos.\n<ul>\n<li>No setor de transporte mar\u00edtimo, os cilindros do tipo manilha soldada s\u00e3o usados em guindastes, guinchos e equipamentos de movimenta\u00e7\u00e3o de carga para fornecer a for\u00e7a necess\u00e1ria para carregar e descarregar a carga.<\/li>\n<li>Na ind\u00fastria n\u00e1utica, esses cilindros s\u00e3o usados em sistemas de dire\u00e7\u00e3o, h\u00e9lices e sistemas de ancoragem para fornecer a for\u00e7a necess\u00e1ria para controlar o movimento de barcos e navios.<\/li>\n<li>Na ind\u00fastria de ve\u00edculos subaqu\u00e1ticos, os cilindros do tipo manilha soldada s\u00e3o usados em submers\u00edveis, ve\u00edculos operados remotamente (ROVs) e equipamentos de mergulho para fornecer a for\u00e7a necess\u00e1ria para opera\u00e7\u00f5es subaqu\u00e1ticas.<\/li>\n<\/ul>\n<\/li>\n<li><strong>Ind\u00fastria de minera\u00e7\u00e3o:<\/strong> Cilindros soldados do tipo Clevis tamb\u00e9m s\u00e3o usados na ind\u00fastria de minera\u00e7\u00e3o, onde s\u00e3o empregados em uma variedade de aplica\u00e7\u00f5es para extra\u00e7\u00e3o de minerais e manuseio de materiais.\n<ul>\n<li>Na ind\u00fastria de minera\u00e7\u00e3o, os cilindros do tipo manilha soldada s\u00e3o usados em sistemas transportadores, m\u00e1quinas de perfura\u00e7\u00e3o e p\u00e1s hidr\u00e1ulicas para fornecer a for\u00e7a necess\u00e1ria para extrair minerais e materiais de minas e pedreiras.<\/li>\n<\/ul>\n<\/li>\n<\/ul>\n<h2>Sobre a FMP<\/h2>\n<p>A FMP \u00e9 l\u00edder no submercado de cilindros hidr\u00e1ulicos na It\u00e1lia. Nossos produtos incluem cilindros hidr\u00e1ulicos de inclina\u00e7\u00e3o, cilindros hidr\u00e1ulicos de dire\u00e7\u00e3o e cilindros hidr\u00e1ulicos de eleva\u00e7\u00e3o. Com uma capacidade projetada de 200.000 conjuntos, possu\u00edmos 300 conjuntos de diversos tipos de equipamentos de produ\u00e7\u00e3o CNC totalmente automatizados e equipamentos de montagem de cilindros hidr\u00e1ulicos totalmente automatizados. Nos orgulhamos de nossos produtos de alta qualidade, pre\u00e7os competitivos e servi\u00e7o excepcional.<\/p>\n<p>Al\u00e9m do produto em destaque, tamb\u00e9m oferecemos cilindros para plataformas a\u00e9reas, cilindros hidr\u00e1ulicos para ve\u00edculos industriais, cilindros para plataformas de perfura\u00e7\u00e3o rotativas, cilindros para guindastes automotivos, cilindros hidr\u00e1ulicos para m\u00e1quinas de constru\u00e7\u00e3o, <b>Cilindros Hidr\u00e1ulicos para Empilhadeiras<\/b>, cilindros para caminh\u00f5es basculantes de minera\u00e7\u00e3o e cilindros hidr\u00e1ulicos para m\u00e1quinas de saneamento. Aceitamos encomendas personalizadas com base nos designs e amostras fornecidos.<\/p>\n<p><img decoding=\"async\" src=\"https:\/\/hzpt.com\/wp-content\/uploads\/2023\/12\/insert-5.webp\" alt=\"F\u00e1brica FMP\" title=\"\"><\/p>\n<h2>Perguntas frequentes<\/h2>\n<p>Q1: Qual \u00e9 o tamanho, a capacidade e a capacidade de carga do cilindro hidr\u00e1ulico?<\/p>\n<p>R1: Entre em contato com nossa equipe de vendas para obter especifica\u00e7\u00f5es detalhadas.<\/p>\n<p>Q2: Qual \u00e9 a efici\u00eancia energ\u00e9tica do cilindro hidr\u00e1ulico?<\/p>\n<p>A2: Nosso cilindro hidr\u00e1ulico foi projetado para ser energeticamente eficiente, ajudando voc\u00ea a economizar em custos operacionais.<\/p>\n<p>Q3: Como funciona o recurso de dupla a\u00e7\u00e3o do cilindro hidr\u00e1ulico?<\/p>\n<p>A3: O recurso de dupla a\u00e7\u00e3o permite que o cilindro hidr\u00e1ulico exer\u00e7a for\u00e7a em ambas as dire\u00e7\u00f5es, aumentando sua efici\u00eancia.<\/p>\n<p>Q4: Posso encomendar um cilindro hidr\u00e1ulico personalizado?<\/p>\n<p>R4: Sim, aceitamos pedidos personalizados com base nos designs e amostras fornecidos.<\/p>\n<p>Q5: Como posso visitar sua f\u00e1brica de VR?<\/p>\n<p>R5: Voc\u00ea pode visitar nossa f\u00e1brica de RV clicando no link fornecido acima.<\/p>\n<p>Autor: CX<\/p>","protected":false},"excerpt":{"rendered":"<p>Product 10007 Premium Quality Tractor Hydraulic Cylinder Double Acting Hydraulic Cylinder: Introducing our premium quality tractor hydraulic cylinder, product number 10007. This hydraulic cylinder is designed with double acting functionality, ensuring efficient and reliable performance. Our hydraulic cylinder is built to withstand heavy-duty tasks and provide superior hydraulic power for tractors. It is meticulously crafted [&hellip;]<\/p>","protected":false},"featured_media":1128,"comment_status":"closed","ping_status":"closed","template":"","meta":{"_et_pb_use_builder":"","_et_pb_old_content":"","_et_gb_content_width":""},"product_brand":[],"product_cat":[36],"product_tag":[34,38],"class_list":{"0":"post-1014","1":"product","2":"type-product","3":"status-publish","4":"has-post-thumbnail","6":"product_cat-welded-clevis-type-cylinder","7":"product_tag-hydraulic-cylinder","8":"product_tag-welded-clevis-type-cylinder","10":"first","11":"instock","12":"product-type-simple"},"_links":{"self":[{"href":"https:\/\/fmp-components.com\/pt\/wp-json\/wp\/v2\/product\/1014","targetHints":{"allow":["GET"]}}],"collection":[{"href":"https:\/\/fmp-components.com\/pt\/wp-json\/wp\/v2\/product"}],"about":[{"href":"https:\/\/fmp-components.com\/pt\/wp-json\/wp\/v2\/types\/product"}],"replies":[{"embeddable":true,"href":"https:\/\/fmp-components.com\/pt\/wp-json\/wp\/v2\/comments?post=1014"}],"wp:featuredmedia":[{"embeddable":true,"href":"https:\/\/fmp-components.com\/pt\/wp-json\/wp\/v2\/media\/1128"}],"wp:attachment":[{"href":"https:\/\/fmp-components.com\/pt\/wp-json\/wp\/v2\/media?parent=1014"}],"wp:term":[{"taxonomy":"product_brand","embeddable":true,"href":"https:\/\/fmp-components.com\/pt\/wp-json\/wp\/v2\/product_brand?post=1014"},{"taxonomy":"product_cat","embeddable":true,"href":"https:\/\/fmp-components.com\/pt\/wp-json\/wp\/v2\/product_cat?post=1014"},{"taxonomy":"product_tag","embeddable":true,"href":"https:\/\/fmp-components.com\/pt\/wp-json\/wp\/v2\/product_tag?post=1014"}],"curies":[{"name":"wp","href":"https:\/\/api.w.org\/{rel}","templated":true}]}}