{"id":838,"date":"2024-12-18T08:38:14","date_gmt":"2024-12-18T08:38:14","guid":{"rendered":"https:\/\/fmp-components.com\/?page_id=8"},"modified":"2025-03-07T08:50:50","modified_gmt":"2025-03-07T08:50:50","slug":"electric-motors","status":"publish","type":"page","link":"https:\/\/fmp-components.com\/pt\/electric-motors\/","title":{"rendered":"Motores el\u00e9tricos"},"content":{"rendered":"<p>[et_pb_section fb_built=&#8221;1&#8243; _builder_version=&#8221;4.27.4&#8243; _module_preset=&#8221;default&#8221; use_background_color_gradient=&#8221;on&#8221; background_color_gradient_stops=&#8221;rgba(8,40,9,0.19) 0%|rgba(8,40,9,0.33) 100%&#8221; background_color_gradient_overlays_image=&#8221;on&#8221; background_image=&#8221;https:\/\/fmp-components.com\/wp-content\/uploads\/2024\/12\/Electric-Motor-Banner.webp&#8221; min_height=&#8221;637px&#8221; global_colors_info=&#8221;{}&#8221;][et_pb_row _builder_version=&#8221;4.27.4&#8243; _module_preset=&#8221;default&#8221; custom_padding=&#8221;81px|||||&#8221; global_colors_info=&#8221;{}&#8221;][et_pb_column type=&#8221;4_4&#8243; _builder_version=&#8221;4.27.4&#8243; _module_preset=&#8221;default&#8221; global_colors_info=&#8221;{}&#8221;][et_pb_text _builder_version=&#8221;4.27.4&#8243; _module_preset=&#8221;default&#8221; header_font=&#8221;Frank Ruhl Libre|500|||||||&#8221; header_text_align=&#8221;center&#8221; header_text_color=&#8221;#FFFFFF&#8221; header_font_size=&#8221;65px&#8221; header_text_shadow_style=&#8221;preset1&#8243; global_colors_info=&#8221;{}&#8221;]<\/p>\n<h1>Motor el\u00e9trico<\/h1>\n<p>[\/et_pb_text][\/et_pb_column][\/et_pb_row][et_pb_row _builder_version=&#8221;4.27.4&#8243; _module_preset=&#8221;default&#8221; global_colors_info=&#8221;{}&#8221;][et_pb_column type=&#8221;4_4&#8243; _builder_version=&#8221;4.27.4&#8243; _module_preset=&#8221;default&#8221; global_colors_info=&#8221;{}&#8221;][et_pb_text _builder_version=&#8221;4.27.4&#8243; _module_preset=&#8221;default&#8221; text_text_color=&#8221;#FFFFFF&#8221; text_font_size=&#8221;16px&#8221; text_line_height=&#8221;1.8em&#8221; text_text_shadow_style=&#8221;preset4&#8243; global_colors_info=&#8221;{}&#8221;]<\/p>\n<p>Um motor el\u00e9trico \u00e9 um dispositivo vers\u00e1til que converte energia el\u00e9trica em energia mec\u00e2nica, alimentando uma ampla gama de aplica\u00e7\u00f5es, desde eletrodom\u00e9sticos at\u00e9 m\u00e1quinas industriais. Esses motores s\u00e3o conhecidos por sua efici\u00eancia, confiabilidade e facilidade de uso, tornando-os componentes essenciais em diversos setores.<\/p>\n<p>Na FMP, oferecemos uma sele\u00e7\u00e3o diversificada de motores el\u00e9tricos, incluindo motores CA, CC e motores de passo, adaptados para atender \u00e0s suas necessidades espec\u00edficas. Tamb\u00e9m aceitamos pedidos personalizados para garantir que voc\u00ea receba o motor perfeito para a sua aplica\u00e7\u00e3o. Sejam modelos padr\u00e3o ou solu\u00e7\u00f5es especializadas, a FMP est\u00e1 aqui para fornecer motores el\u00e9tricos de alta qualidade que atendem \u00e0s suas necessidades.<\/p>\n<p>[\/et_pb_text][\/et_pb_column][\/et_pb_row][\/et_pb_section][et_pb_section fb_built=&#8221;1&#8243; _builder_version=&#8221;4.27.4&#8243; _module_preset=&#8221;default&#8221; global_colors_info=&#8221;{}&#8221;][et_pb_row _builder_version=&#8221;4.27.4&#8243; _module_preset=&#8221;default&#8221; global_colors_info=&#8221;{}&#8221;][et_pb_column type=&#8221;4_4&#8243; _builder_version=&#8221;4.27.4&#8243; _module_preset=&#8221;default&#8221; global_colors_info=&#8221;{}&#8221;][et_pb_text _builder_version=&#8221;4.27.4&#8243; _module_preset=&#8221;default&#8221; header_2_font=&#8221;Frank Ruhl Libre||||||||&#8221; header_2_text_align=&#8221;center&#8221; header_2_font_size=&#8221;40px&#8221; hover_enabled=&#8221;0&#8243; global_colors_info=&#8221;{}&#8221; sticky_enabled=&#8221;0&#8243;]<\/p>\n<h2>Motor el\u00e9trico<\/h2>\n<p>[\/et_pb_text][\/et_pb_column][\/et_pb_row][et_pb_row column_structure=&#8221;1_3,1_3,1_3&#8243; _builder_version=&#8221;4.27.4&#8243; _module_preset=&#8221;default&#8221; global_colors_info=&#8221;{}&#8221;][et_pb_column type=&#8221;1_3&#8243; _builder_version=&#8221;4.27.4&#8243; _module_preset=&#8221;default&#8221; global_colors_info=&#8221;{}&#8221;][et_pb_image src=&#8221;https:\/\/fmp-components.com\/wp-content\/uploads\/2024\/12\/DC-Direct-Current-Motors.webp&#8221; alt=&#8221;DC (Direct Current) Motors&#8221; title_text=&#8221;DC (Direct Current) Motors&#8221; _builder_version=&#8221;4.27.4&#8243; _module_preset=&#8221;default&#8221; global_colors_info=&#8221;{}&#8221;][\/et_pb_image][et_pb_toggle title=&#8221;DC (Direct Current) Motors&#8221; _builder_version=&#8221;4.27.4&#8243; _module_preset=&#8221;default&#8221; global_colors_info=&#8221;{}&#8221;]<\/p>\n<ul>\n<li><a href=\"https:\/\/fmp-components.com\/pt\/product\/italy-supplier-mini-dc-motor-tgp01d-a130-plastic-gearbox-plus-a130\/\">Mini Motor DC TGP01D-A130 Caixa de engrenagens de pl\u00e1stico Plus A130d<\/a><\/li>\n<li><a href=\"https:\/\/fmp-components.com\/pt\/product\/plastic-gearbox-mini-geared-motor-tgp01s-a130\/\">Mini motorredutor de caixa de engrenagens de pl\u00e1stico TGP01S-A130<\/a><\/li>\n<li><a href=\"https:\/\/fmp-components.com\/pt\/product\/plastic-gearbox-motor-tgp02d-a130-for-toy-robot-remote-control-toy-cars\/\">Motor de caixa de engrenagens de pl\u00e1stico TGP02D-A130 para rob\u00f4s de brinquedo e carros de brinquedo com controle remoto<\/a><\/li>\n<li><a href=\"https:\/\/fmp-components.com\/pt\/product\/low-noise-basic-dc-toy-motor-for-toy-car-tgp02s-a130\/\">Motor de brinquedo DC b\u00e1sico de baixo ru\u00eddo para carrinho de brinquedo TGP02S-A130<\/a><\/li>\n<li><a href=\"https:\/\/fmp-components.com\/pt\/product\/zy-jb-dc-gear-motor-series\/\">S\u00e9rie de motores de engrenagem CC ZY\/JB<\/a><\/li>\n<li><a href=\"https:\/\/fmp-components.com\/pt\/product\/yyyn-jb-gear-reducer-single-three-phase-motor-series\/\">S\u00e9rie de motores redutores YY(YN)\/JB<\/a><\/li>\n<\/ul>\n<p>[\/et_pb_toggle][\/et_pb_column][et_pb_column type=&#8221;1_3&#8243; _builder_version=&#8221;4.27.4&#8243; _module_preset=&#8221;default&#8221; global_colors_info=&#8221;{}&#8221;][et_pb_image src=&#8221;https:\/\/fmp-components.com\/wp-content\/uploads\/2024\/12\/Asynchronous-Motors.webp&#8221; alt=&#8221;Asynchronous Motors&#8221; title_text=&#8221;Asynchronous Motors&#8221; _builder_version=&#8221;4.27.4&#8243; _module_preset=&#8221;default&#8221; global_colors_info=&#8221;{}&#8221;][\/et_pb_image][et_pb_toggle title=&#8221;AC Motors-Asynchronous Motors&#8221; _builder_version=&#8221;4.27.4&#8243; _module_preset=&#8221;default&#8221; global_colors_info=&#8221;{}&#8221;]<\/p>\n<ul>\n<li><a href=\"https:\/\/fmp-components.com\/pt\/product\/y-series-high-efficiency-three-phase-asynchronous-electric-motor\/\">Motor el\u00e9trico ass\u00edncrono trif\u00e1sico s\u00e9rie Y<\/a><\/li>\n<li><a href=\"https:\/\/fmp-components.com\/pt\/product\/y2-series-cast-iron-housing-three-phase-asynchronous-electric-motor\/\">Motor el\u00e9trico ass\u00edncrono trif\u00e1sico s\u00e9rie Y2<\/a><\/li>\n<li><a href=\"https:\/\/fmp-components.com\/pt\/product\/y3-series-low-voltage-high-power-three-phase-asynchronous-electric-motor\/\">Motor ass\u00edncrono trif\u00e1sico s\u00e9rie Y3<\/a><\/li>\n<li><a href=\"https:\/\/fmp-components.com\/pt\/product\/ys-series-electric-motor\/\">Motor ass\u00edncrono trif\u00e1sico de pequena pot\u00eancia da s\u00e9rie YS<\/a><\/li>\n<li><a href=\"https:\/\/fmp-components.com\/pt\/product\/nema-standard-premium-efficiency-three-phase-induction-electric-motor\/\">Motores de indu\u00e7\u00e3o trif\u00e1sicos de alta efici\u00eancia padr\u00e3o NEMA<\/a><\/li>\n<li><a href=\"https:\/\/fmp-components.com\/pt\/product\/yd-series-pole-changing-multi-speed-three-phase-asynchronous-electric-motor\/\">Motor el\u00e9trico ass\u00edncrono trif\u00e1sico multivelocidade com mudan\u00e7a de polos da s\u00e9rie YD<\/a><\/li>\n<li><a href=\"https:\/\/fmp-components.com\/pt\/product\/ydt-series-three-phase-consequent-poles-asynchronous-motor-for-fan-and-pump\/\">Motor ass\u00edncrono trif\u00e1sico multivelocidade de polo vari\u00e1vel da s\u00e9rie YDT para ventilador e bomba<\/a><\/li>\n<li><a href=\"https:\/\/fmp-components.com\/pt\/product\/yej-series-electromagnetic-braking-three-phase-asynchronous-motor\/\">Motor ass\u00edncrono trif\u00e1sico de frenagem eletromagn\u00e9tica s\u00e9rie YEJ<\/a><\/li>\n<li><a href=\"https:\/\/fmp-components.com\/pt\/product\/yvf2-series-frequency-variable-speed-regulation-three-phase-asynchronous-motor\/\">Motor ass\u00edncrono trif\u00e1sico com regula\u00e7\u00e3o de velocidade vari\u00e1vel de frequ\u00eancia s\u00e9rie YVF2<\/a><\/li>\n<li><a href=\"https:\/\/fmp-components.com\/pt\/product\/yb2-series-explosion-proof-three-phase-asynchronous-motor\/\">Motor ass\u00edncrono trif\u00e1sico \u00e0 prova de explos\u00e3o da s\u00e9rie YB<\/a><\/li>\n<li><a href=\"https:\/\/fmp-components.com\/pt\/product\/yc-series-heavy-duty-capacitors-start-single-phase-induction-motor\/\">Motores de indu\u00e7\u00e3o ass\u00edncronos monof\u00e1sicos da s\u00e9rie YC YL<\/a><\/li>\n<\/ul>\n<p>[\/et_pb_toggle][\/et_pb_column][et_pb_column type=&#8221;1_3&#8243; _builder_version=&#8221;4.27.4&#8243; _module_preset=&#8221;default&#8221; global_colors_info=&#8221;{}&#8221;][et_pb_image src=&#8221;https:\/\/fmp-components.com\/wp-content\/uploads\/2024\/12\/Brake-Motors.webp&#8221; alt=&#8221;Brake Motors&#8221; title_text=&#8221;Brake Motors&#8221; _builder_version=&#8221;4.27.4&#8243; _module_preset=&#8221;default&#8221; global_colors_info=&#8221;{}&#8221;][\/et_pb_image][et_pb_toggle title=&#8221;Brake Motors&#8221; _builder_version=&#8221;4.27.4&#8243; _module_preset=&#8221;default&#8221; global_colors_info=&#8221;{}&#8221;]<\/p>\n<ul>\n<li><a href=\"https:\/\/fmp-components.com\/pt\/product\/yej-series-electromagnetic-braking-three-phase-asynchronous-motor\/\">Motor ass\u00edncrono trif\u00e1sico de frenagem eletromagn\u00e9tica s\u00e9rie YEJ<\/a><\/li>\n<li><a href=\"https:\/\/fmp-components.com\/pt\/product\/yej2-series-electromagnetic-braking-three-phase-asynchronous-motor\/\">Motor ass\u00edncrono trif\u00e1sico de frenagem eletromagn\u00e9tica s\u00e9rie YEJ2<\/a><\/li>\n<li><a href=\"https:\/\/fmp-components.com\/pt\/product\/yeja-series-ac-electromagnetic-brake-three-phase-asynchronous-motor\/\">Motor ass\u00edncrono trif\u00e1sico com freio eletromagn\u00e9tico CA s\u00e9rie YEJA<\/a><\/li>\n<\/ul>\n<p>[\/et_pb_toggle][\/et_pb_column][\/et_pb_row][et_pb_row column_structure=&#8221;1_3,1_3,1_3&#8243; _builder_version=&#8221;4.27.4&#8243; _module_preset=&#8221;default&#8221; global_colors_info=&#8221;{}&#8221;][et_pb_column type=&#8221;1_3&#8243; _builder_version=&#8221;4.27.4&#8243; _module_preset=&#8221;default&#8221; global_colors_info=&#8221;{}&#8221;][et_pb_image src=&#8221;https:\/\/fmp-components.com\/wp-content\/uploads\/2024\/12\/Stainless-Steel-Motors.webp&#8221; alt=&#8221;Stainless Steel Motors&#8221; title_text=&#8221;Stainless Steel Motors&#8221; _builder_version=&#8221;4.27.4&#8243; _module_preset=&#8221;default&#8221; global_colors_info=&#8221;{}&#8221;][\/et_pb_image][et_pb_toggle title=&#8221;Stainless Steel Motors&#8221; _builder_version=&#8221;4.27.4&#8243; _module_preset=&#8221;default&#8221; global_colors_info=&#8221;{}&#8221;]<\/p>\n<ul>\n<li><a href=\"https:\/\/fmp-components.com\/pt\/product\/nema-stainless-steel-stepper-motor-with-double-capacitor\/\">Motor de passo de a\u00e7o inoxid\u00e1vel NEMA com capacitor duplo<\/a><\/li>\n<li><a href=\"https:\/\/fmp-components.com\/pt\/product\/tefc-stainless-steel-nema-washdown-electric-motor\/\">Motor el\u00e9trico de lavagem NEMA de a\u00e7o inoxid\u00e1vel TEFC<\/a><\/li>\n<li><a href=\"https:\/\/fmp-components.com\/pt\/product\/tenv-stainless-steel-washdown-nema-motor-with-single-capacitor\/\">Motor NEMA de lavagem de a\u00e7o inoxid\u00e1vel TENV com capacitor \u00fanico<\/a><\/li>\n<li><a href=\"https:\/\/fmp-components.com\/pt\/product\/tefc-nema-stainless-steel-motor\/\">Motor de a\u00e7o inoxid\u00e1vel TEFC NEMA<\/a><\/li>\n<li><a href=\"https:\/\/fmp-components.com\/pt\/product\/ip67-waterproof-nema-stainless-steel-motor-tenv\/\">Motor de a\u00e7o inoxid\u00e1vel NEMA \u00e0 prova d'\u00e1gua IP67 TENV<\/a><\/li>\n<li><a href=\"https:\/\/fmp-components.com\/pt\/product\/b5-flange-mounted-stainless-steel-motor-tefc-for-food-machinery\/\">Motor de a\u00e7o inoxid\u00e1vel montado em flange B5 - TEFC para m\u00e1quinas aliment\u00edcias<\/a><\/li>\n<li><a href=\"https:\/\/fmp-components.com\/pt\/product\/b14-face-mounted-stainless-steel-motor-tefc\/\">Motor de a\u00e7o inoxid\u00e1vel B14 montado na face TEFC<\/a><\/li>\n<li><a href=\"https:\/\/fmp-components.com\/pt\/product\/iec-stainless-steel-motor-b3-foot-mounted-tefc\/\">Motor IEC de a\u00e7o inoxid\u00e1vel B3 montado em p\u00e9 TEFC<\/a><\/li>\n<li><a href=\"https:\/\/fmp-components.com\/pt\/product\/iec-motor-b5t-flange-mounted-stainless-steel-motor-tenv-replacement-of-sew-motor\/\">Motor IEC B5T de a\u00e7o inoxid\u00e1vel montado em flange TENV substitui\u00e7\u00e3o do motor SEW<\/a><\/li>\n<li><a href=\"https:\/\/fmp-components.com\/pt\/product\/iec-b5-flange-mounted-stainless-steel-motor-tenv\/\">Motor de a\u00e7o inoxid\u00e1vel montado em flange IEC B5 -TENV<\/a><\/li>\n<li><a href=\"https:\/\/fmp-components.com\/pt\/product\/iec-b14-face-mounted-stainless-steel-motor-tenv\/\">Motor de a\u00e7o inoxid\u00e1vel de montagem frontal IEC B14 -TENV<\/a><\/li>\n<li><a href=\"https:\/\/fmp-components.com\/pt\/product\/iec-stainless-steel-motor-b3-foot-mounted-tenv\/\">Motor IEC de a\u00e7o inoxid\u00e1vel B3 montado em p\u00e9-TENV<\/a><\/li>\n<\/ul>\n<p>[\/et_pb_toggle][\/et_pb_column][et_pb_column type=&#8221;1_3&#8243; _builder_version=&#8221;4.27.4&#8243; _module_preset=&#8221;default&#8221; global_colors_info=&#8221;{}&#8221;][et_pb_image src=&#8221;https:\/\/fmp-components.com\/wp-content\/uploads\/2024\/12\/Spindle-Motors.webp&#8221; alt=&#8221;Spindle Motors&#8221; title_text=&#8221;Spindle Motors&#8221; _builder_version=&#8221;4.27.4&#8243; _module_preset=&#8221;default&#8221; global_colors_info=&#8221;{}&#8221;][\/et_pb_image][et_pb_toggle title=&#8221;Spindle Motors&#8221; _builder_version=&#8221;4.27.4&#8243; _module_preset=&#8221;default&#8221; global_colors_info=&#8221;{}&#8221;]<\/p>\n<ul>\n<li><a href=\"https:\/\/fmp-components.com\/pt\/product\/pneumatic-unclamp-cylinder\/\">Cilindro de desbloqueio pneum\u00e1tico<\/a><\/li>\n<li><a href=\"https:\/\/fmp-components.com\/pt\/product\/electrical-spindle-for-special-usage\/\">Fuso el\u00e9trico para uso especial<\/a><\/li>\n<li><a href=\"https:\/\/fmp-components.com\/pt\/product\/spindle-motor-used-for-lathe-jszd150t-jszd110j\/\">Motor de fuso usado para torno JSZD150T JSZD110J<\/a><\/li>\n<li><a href=\"https:\/\/fmp-components.com\/pt\/product\/spindle-motor-used-for-lathe-jszd150h\/\">Motor de fuso usado para torno JSZD280<\/a><\/li>\n<li><a href=\"https:\/\/fmp-components.com\/pt\/product\/spindle-motor-used-for-lathe-jszd150h\/\">Motor de fuso usado para torno JSZD150H<\/a><\/li>\n<li><a href=\"https:\/\/fmp-components.com\/pt\/product\/spindle-motor-used-for-cnc-spindle-jszd320\/\">Motor de fuso usado para fuso CNC JSZD320<\/a><\/li>\n<li><a href=\"https:\/\/fmp-components.com\/pt\/product\/spindle-motor-used-for-cnc-spindle-jszd240\/\">Motor de fuso usado para fuso CNC JSZD240<\/a><\/li>\n<li><a href=\"https:\/\/fmp-components.com\/pt\/product\/spindle-motor-used-for-cnc-spindle-jszd280a\/\">Motor de fuso usado para fuso CNC JSZD280A<\/a><\/li>\n<li><a href=\"https:\/\/fmp-components.com\/pt\/product\/spindle-motor-used-for-cnc-spindle-jszd220\/\">Motor de fuso usado para fuso CNC JSZD220<\/a><\/li>\n<li><a href=\"https:\/\/fmp-components.com\/pt\/product\/spindle-motor-used-for-cnc-spindle-jszd202\/\">Motor de fuso usado para fuso CNC JSZD202<\/a><\/li>\n<li><a href=\"https:\/\/fmp-components.com\/pt\/product\/spindle-motor-used-for-cnc-spindle-jszd170c\/\">Motor de fuso usado para fuso CNC JSZD170C<\/a><\/li>\n<li><a href=\"https:\/\/fmp-components.com\/pt\/product\/spindle-motor-used-for-cnc-spindle-jszd150c\/\">Motor de fuso usado para fuso CNC JSZD150C<\/a><\/li>\n<li><a href=\"https:\/\/fmp-components.com\/pt\/product\/spindle-motor-used-for-grinding-spindle\/\">Motor de fuso usado para retifica\u00e7\u00e3o de fuso<\/a><\/li>\n<li><a href=\"https:\/\/fmp-components.com\/pt\/product\/spindle-motor-used-for-engraving-and-milling\/\">Motor de fuso usado para grava\u00e7\u00e3o e fresagem<\/a><\/li>\n<\/ul>\n<p>[\/et_pb_toggle][\/et_pb_column][et_pb_column type=&#8221;1_3&#8243; _builder_version=&#8221;4.27.4&#8243; _module_preset=&#8221;default&#8221; global_colors_info=&#8221;{}&#8221;][et_pb_image src=&#8221;https:\/\/fmp-components.com\/wp-content\/uploads\/2024\/12\/Explosion-Proof-Motor.webp&#8221; alt=&#8221;Explosion Proof Motor&#8221; title_text=&#8221;Explosion Proof Motor&#8221; _builder_version=&#8221;4.27.4&#8243; _module_preset=&#8221;default&#8221; global_colors_info=&#8221;{}&#8221;][\/et_pb_image][et_pb_toggle title=&#8221;Explosion Proof Motor&#8221; _builder_version=&#8221;4.27.4&#8243; _module_preset=&#8221;default&#8221; global_colors_info=&#8221;{}&#8221;]<\/p>\n<ul>\n<li><a href=\"https:\/\/fmp-components.com\/pt\/product\/yb2-series-explosion-proof-three-phase-asynchronous-motor\/\">Motor ass\u00edncrono trif\u00e1sico \u00e0 prova de explos\u00e3o s\u00e9rie YB2<\/a><\/li>\n<li><a href=\"https:\/\/fmp-components.com\/pt\/product\/yb3-series-explosion-proof-three-phase-induction-motor\/\">Motor de indu\u00e7\u00e3o trif\u00e1sico \u00e0 prova de explos\u00e3o s\u00e9rie YB3<\/a><\/li>\n<li><a href=\"https:\/\/fmp-components.com\/pt\/product\/ybx3-series-explosion-proof-three-phase-asynchronous-motor\/\">Motor ass\u00edncrono trif\u00e1sico \u00e0 prova de explos\u00e3o s\u00e9rie YBX3<\/a><\/li>\n<li><a href=\"https:\/\/fmp-components.com\/pt\/product\/ybx4-series-explosion-proof-three-phase-asynchronous-motor\/\">Motor ass\u00edncrono trif\u00e1sico \u00e0 prova de explos\u00e3o s\u00e9rie YBX4<\/a><\/li>\n<li><a href=\"https:\/\/fmp-components.com\/pt\/product\/ybbp-series-explosion-proof-variable-frequency-adjustable-speed-three-phase-asynchronous-motor\/\">Motor ass\u00edncrono trif\u00e1sico de frequ\u00eancia vari\u00e1vel e velocidade ajust\u00e1vel \u00e0 prova de explos\u00e3o da s\u00e9rie YBBP<\/a><\/li>\n<\/ul>\n<p>[\/et_pb_toggle][\/et_pb_column][\/et_pb_row][\/et_pb_section]<\/p>","protected":false},"excerpt":{"rendered":"<p>Electric MotorAn electric motor is a versatile device that converts electrical energy into mechanical energy, powering a wide range of applications from household appliances to industrial machinery. These motors are known for their efficiency, reliability, and ease of use, making them essential components in various sectors. At FMP, we offer a diverse selection of electric [&hellip;]<\/p>","protected":false},"author":2,"featured_media":0,"parent":0,"menu_order":0,"comment_status":"closed","ping_status":"closed","template":"","meta":{"_et_pb_use_builder":"on","_et_pb_old_content":"","_et_gb_content_width":"","footnotes":""},"class_list":["post-838","page","type-page","status-publish","hentry"],"_links":{"self":[{"href":"https:\/\/fmp-components.com\/pt\/wp-json\/wp\/v2\/pages\/838","targetHints":{"allow":["GET"]}}],"collection":[{"href":"https:\/\/fmp-components.com\/pt\/wp-json\/wp\/v2\/pages"}],"about":[{"href":"https:\/\/fmp-components.com\/pt\/wp-json\/wp\/v2\/types\/page"}],"author":[{"embeddable":true,"href":"https:\/\/fmp-components.com\/pt\/wp-json\/wp\/v2\/users\/2"}],"replies":[{"embeddable":true,"href":"https:\/\/fmp-components.com\/pt\/wp-json\/wp\/v2\/comments?post=838"}],"version-history":[{"count":20,"href":"https:\/\/fmp-components.com\/pt\/wp-json\/wp\/v2\/pages\/838\/revisions"}],"predecessor-version":[{"id":6328,"href":"https:\/\/fmp-components.com\/pt\/wp-json\/wp\/v2\/pages\/838\/revisions\/6328"}],"wp:attachment":[{"href":"https:\/\/fmp-components.com\/pt\/wp-json\/wp\/v2\/media?parent=838"}],"curies":[{"name":"wp","href":"https:\/\/api.w.org\/{rel}","templated":true}]}}