{"id":7847,"date":"2025-04-08T08:44:24","date_gmt":"2025-04-08T08:44:24","guid":{"rendered":"https:\/\/fmp-components.com\/?page_id=7847"},"modified":"2025-04-09T05:38:24","modified_gmt":"2025-04-09T05:38:24","slug":"ring-and-pinion-gears","status":"publish","type":"page","link":"https:\/\/fmp-components.com\/pt\/ring-and-pinion-gears\/","title":{"rendered":"Engrenagens de anel e pinh\u00e3o"},"content":{"rendered":"<p>[et_pb_section fb_built=&#8221;1&#8243; _builder_version=&#8221;4.27.4&#8243; _module_preset=&#8221;default&#8221; use_background_color_gradient=&#8221;on&#8221; background_color_gradient_stops=&#8221;rgba(0,0,0,0.27) 0%|rgba(0,0,0,0.41) 100%&#8221; background_color_gradient_overlays_image=&#8221;on&#8221; background_image=&#8221;https:\/\/fmp-components.com\/wp-content\/uploads\/2025\/04\/ring-and-pinion-gears-banner-2.webp&#8221; min_height=&#8221;381px&#8221; global_colors_info=&#8221;{}&#8221;][et_pb_row _builder_version=&#8221;4.27.4&#8243; _module_preset=&#8221;default&#8221; global_colors_info=&#8221;{}&#8221;][et_pb_column type=&#8221;4_4&#8243; _builder_version=&#8221;4.27.4&#8243; _module_preset=&#8221;default&#8221; global_colors_info=&#8221;{}&#8221;][et_pb_text _builder_version=&#8221;4.27.4&#8243; _module_preset=&#8221;default&#8221; header_font=&#8221;Frank Ruhl Libre||||||||&#8221; header_text_align=&#8221;center&#8221; header_text_color=&#8221;#FFFFFF&#8221; header_font_size=&#8221;70px&#8221; header_text_shadow_style=&#8221;preset1&#8243; global_colors_info=&#8221;{}&#8221;]<\/p>\n<h1 style=\"text-align: center;\">Engrenagens de coroa e pinh\u00e3o<\/h1>\n<p>[\/et_pb_text][et_pb_text _builder_version=\u201d4.27.4\u2033 _module_preset=\u201ddefault\u201d text_font=\u201dFrank Ruhl Livre|600|||||||\u201d text_text_color=\u201d#FFFFFF\u201d text_font_size=\u201d18px\u201d text_line_height=\u201d1.8em\u201d text_orientation=\u201dcenter\u201d global_colors_info=\u201d{}\u201d]<\/p>\n<p>Se o produto que voc\u00ea precisa n\u00e3o estiver listado, v\u00e1 em frente e pe\u00e7a um or\u00e7amento gratuito!<\/p>\n<p>[\/et_pb_text][\/et_pb_column][\/et_pb_row][\/et_pb_section][et_pb_section fb_built=&#8221;1&#8243; _builder_version=&#8221;4.27.4&#8243; _module_preset=&#8221;default&#8221; global_colors_info=&#8221;{}&#8221;][et_pb_row _builder_version=&#8221;4.27.4&#8243; _module_preset=&#8221;default&#8221; global_colors_info=&#8221;{}&#8221;][et_pb_column type=&#8221;4_4&#8243; _builder_version=&#8221;4.27.4&#8243; _module_preset=&#8221;default&#8221; global_colors_info=&#8221;{}&#8221;][et_pb_text _builder_version=&#8221;4.27.4&#8243; _module_preset=&#8221;default&#8221; header_2_font=&#8221;Frank Ruhl Libre||||||||&#8221; header_2_font_size=&#8221;40px&#8221; global_colors_info=&#8221;{}&#8221;]<\/p>\n<h2 style=\"text-align: center;\">Melhores engrenagens de coroa e pinh\u00e3o<\/h2>\n<p>[\/et_pb_text][et_pb_shop type=&#8221;product_category&#8221; show_pagination=&#8221;on&#8221; include_categories=&#8221;115&#8243; _builder_version=&#8221;4.27.4&#8243; _module_preset=&#8221;default&#8221; title_font=&#8221;Frank Ruhl Libre||||||||&#8221; title_text_align=&#8221;center&#8221; title_font_size=&#8221;17px&#8221; global_colors_info=&#8221;{}&#8221;][\/et_pb_shop][\/et_pb_column][\/et_pb_row][et_pb_row _builder_version=&#8221;4.27.4&#8243; _module_preset=&#8221;default&#8221;][et_pb_column _builder_version=&#8221;4.27.4&#8243; _module_preset=&#8221;default&#8221; type=&#8221;4_4&#8243;][et_pb_divider _builder_version=&#8221;4.27.4&#8243; _module_preset=&#8221;default&#8221; color=&#8221;#E09900&#8243; hover_enabled=&#8221;0&#8243; sticky_enabled=&#8221;0&#8243;][\/et_pb_divider][\/et_pb_column][\/et_pb_row][et_pb_row _builder_version=&#8221;4.27.4&#8243; _module_preset=&#8221;default&#8221; column_structure=&#8221;1_2,1_2&#8243;][et_pb_column _builder_version=&#8221;4.27.4&#8243; _module_preset=&#8221;default&#8221; type=&#8221;1_2&#8243;][et_pb_image src=&#8221;https:\/\/fmp-components.com\/wp-content\/uploads\/2025\/04\/Ring_Pinion_2.gif&#8221; _builder_version=&#8221;4.27.4&#8243; _module_preset=&#8221;default&#8221; alt=&#8221;Ring_Pinion&#8221; title_text=&#8221;Ring_Pinion_2&#8243; hover_enabled=&#8221;0&#8243; sticky_enabled=&#8221;0&#8243;][\/et_pb_image][\/et_pb_column][et_pb_column _builder_version=&#8221;4.27.4&#8243; _module_preset=&#8221;default&#8221; type=&#8221;1_2&#8243;][et_pb_text _builder_version=&#8221;4.27.4&#8243; _module_preset=&#8221;default&#8221; header_3_font=&#8221;Frank Ruhl Libre||||||||&#8221; header_3_font_size=&#8221;30px&#8221; text_font_size=&#8221;16px&#8221; text_line_height=&#8221;1.8em&#8221; hover_enabled=&#8221;0&#8243; sticky_enabled=&#8221;0&#8243;]<\/p>\n<div>\n<h3 dir=\"auto\" class=\"\">Por que escolher engrenagens de coroa e pinh\u00e3o?<\/h3>\n<p dir=\"auto\" class=\"break-words\">As engrenagens de coroa e pinh\u00e3o s\u00e3o componentes essenciais na transmiss\u00e3o de um ve\u00edculo, transferindo o torque do motor para as rodas de forma eficiente, redirecionando a pot\u00eancia em 90 graus atrav\u00e9s do diferencial. Entre os diversos m\u00e9todos dispon\u00edveis, as engrenagens hipoides de coroa e pinh\u00e3o se destacam como a escolha preferida na ind\u00fastria automotiva devido \u00e0 sua resist\u00eancia superior, opera\u00e7\u00e3o mais silenciosa e capacidade de lidar com rela\u00e7\u00f5es de redu\u00e7\u00e3o mais elevadas. Na FMP, orgulhamo-nos de ser o melhor fabricante e fornecedor de engrenagens de coroa e pinh\u00e3o, oferecendo engrenagens personalizadas sob medida para suas necessidades espec\u00edficas. Seja para otimizar o desempenho nas ruas, a durabilidade fora de estrada ou a precis\u00e3o para pistas, os conjuntos de engrenagens da FMP garantem confiabilidade e efici\u00eancia incompar\u00e1veis.<\/p>\n<\/div>\n<p>[\/et_pb_text][\/et_pb_column][\/et_pb_row][et_pb_row _builder_version=&#8221;4.27.4&#8243; _module_preset=&#8221;default&#8221; column_structure=&#8221;1_2,1_2&#8243;][et_pb_column _builder_version=&#8221;4.27.4&#8243; _module_preset=&#8221;default&#8221; type=&#8221;1_2&#8243;][et_pb_text _builder_version=&#8221;4.27.4&#8243; _module_preset=&#8221;default&#8221; text_font_size=&#8221;16px&#8221; text_line_height=&#8221;1.8em&#8221; header_3_font=&#8221;Frank Ruhl Libre||||||||&#8221; header_3_font_size=&#8221;30px&#8221; hover_enabled=&#8221;0&#8243; sticky_enabled=&#8221;0&#8243;]<\/p>\n<div>\n<h3 dir=\"auto\" class=\"\">Qualidade superior da FMP<\/h3>\n<p dir=\"auto\" class=\"break-words\">O desempenho de engrenagens de coroa e pinh\u00e3o depende muito de seu projeto, materiais e precis\u00e3o de fabrica\u00e7\u00e3o \u2014 \u00e1reas em que a FMP se destaca como l\u00edder do setor. Nossas engrenagens de coroa e pinh\u00e3o personalizadas s\u00e3o projetadas com tecnologia de ponta e atendem aos mais altos padr\u00f5es, incluindo as certifica\u00e7\u00f5es TS16949, ISO9001 e ISO14001. Oferecendo uma variedade de rela\u00e7\u00f5es de transmiss\u00e3o e toler\u00e2ncias, a FMP fornece as melhores engrenagens de coroa e pinh\u00e3o para aplica\u00e7\u00f5es que v\u00e3o desde reboque pesado at\u00e9 corridas de alta velocidade. Com processos avan\u00e7ados de tratamento t\u00e9rmico e rigorosos testes de qualidade, nossos conjuntos de engrenagens oferecem durabilidade e transfer\u00eancia de pot\u00eancia excepcionais, tornando a FMP a principal escolha para fabricantes e entusiastas nos Estados Unidos, M\u00e9xico e Canad\u00e1.<\/p>\n<\/div>\n<p>[\/et_pb_text][\/et_pb_column][et_pb_column _builder_version=&#8221;4.27.4&#8243; _module_preset=&#8221;default&#8221; type=&#8221;1_2&#8243;][et_pb_image src=&#8221;https:\/\/fmp-components.com\/wp-content\/uploads\/2025\/04\/ring-and-pinion-gears-manufacturer.webp&#8221; _builder_version=&#8221;4.27.4&#8243; _module_preset=&#8221;default&#8221; alt=&#8221;ring-and-pinion-gears-manufacturer&#8221; title_text=&#8221;ring-and-pinion-gears-manufacturer&#8221; hover_enabled=&#8221;0&#8243; sticky_enabled=&#8221;0&#8243;][\/et_pb_image][\/et_pb_column][\/et_pb_row][\/et_pb_section][et_pb_section fb_built=&#8221;1&#8243; _builder_version=&#8221;4.27.4&#8243; _module_preset=&#8221;default&#8221; use_background_color_gradient=&#8221;on&#8221; background_color_gradient_stops=&#8221;rgba(0,0,0,0.37) 0%|rgba(0,0,0,0.26) 100%&#8221; background_color_gradient_overlays_image=&#8221;on&#8221; background_image=&#8221;https:\/\/fmp-components.com\/wp-content\/uploads\/2025\/04\/ring-and-pinion-gears-foot-1.webp&#8221; min_height=&#8221;386px&#8221; global_colors_info=&#8221;{}&#8221;][et_pb_row _builder_version=&#8221;4.27.4&#8243; _module_preset=&#8221;default&#8221; background_color=&#8221;#FFFFFF&#8221; custom_margin=&#8221;0px||0px||false|false&#8221; custom_padding=&#8221;20px|20px|20px|20px|false|false&#8221; box_shadow_style=&#8221;preset1&#8243; global_colors_info=&#8221;{}&#8221;][et_pb_column type=&#8221;4_4&#8243; _builder_version=&#8221;4.27.4&#8243; _module_preset=&#8221;default&#8221; global_colors_info=&#8221;{}&#8221;][et_pb_text _builder_version=&#8221;4.27.4&#8243; _module_preset=&#8221;default&#8221; header_font=&#8221;Frank Ruhl Libre||||||||&#8221; header_font_size=&#8221;40px&#8221; header_2_font=&#8221;Frank Ruhl Libre||||||||&#8221; header_2_font_size=&#8221;40px&#8221; global_colors_info=&#8221;{}&#8221;]<\/p>\n<h2 style=\"text-align: center;\">Engrenagens de coroa e pinh\u00e3o personalizadas<\/h2>\n<p>[\/et_pb_text][et_pb_text _builder_version=&#8221;4.27.4&#8243; _module_preset=&#8221;default&#8221; text_text_color=&#8221;#000000&#8243; text_font_size=&#8221;16px&#8221; text_line_height=&#8221;1.8em&#8221; global_colors_info=&#8221;{}&#8221;]<\/p>\n<p>Na FMP, somos especialistas na fabrica\u00e7\u00e3o de coroas e pinh\u00f5es personalizados de alta qualidade, projetados para maximizar o desempenho da sua transmiss\u00e3o, seja em Mil\u00e3o, Veneza, Floren\u00e7a, Bolonha ou em qualquer outro lugar da It\u00e1lia. Como fabricantes l\u00edderes, produzimos uma ampla gama de coroas e pinh\u00f5es com diversas rela\u00e7\u00f5es de transmiss\u00e3o, di\u00e2metros e n\u00fameros de estrias para atender a qualquer projeto de ve\u00edculo. Nossos produtos premium rivalizam com gigantes do setor como Yukon Gear &amp; Axle, Strange Engineering e Richmond Gear, oferecendo durabilidade e precis\u00e3o excepcionais por meio de design avan\u00e7ado e t\u00e9cnicas de tratamento t\u00e9rmico.<\/p>\n<p style=\"text-align: center;\">Oferecemos com orgulho solu\u00e7\u00f5es totalmente personalizadas, adaptadas \u00e0s suas necessidades espec\u00edficas. Se n\u00e3o encontrar o modelo que procura na nossa lista de produtos, n\u00e3o se preocupe. Significa apenas que ainda n\u00e3o tivemos oportunidade de o adicionar! Envie-nos um e-mail com os seus requisitos e os nossos engenheiros especializados responder\u00e3o dentro de 24 horas com uma solu\u00e7\u00e3o personalizada. A FMP \u00e9 a sua parceira de confian\u00e7a para engrenagens de coroa e pinh\u00e3o de alta qualidade em It\u00e1lia. Contacte-nos hoje mesmo e vamos dar in\u00edcio ao seu projeto!<\/p>\n<p>[\/et_pb_text][\/et_pb_column][\/et_pb_row][\/et_pb_section]<\/p>","protected":false},"excerpt":{"rendered":"<p>Ring and Pinion GearsIf the product you need is not listed, go ahead and get a free quote!Best Ring and Pinion Gears Why Choose Ring and Pinion Gears Ring and pinion gears are essential components in a vehicle\u2019s drivetrain, efficiently transferring torque from the engine to the wheels by redirecting power 90 degrees through the [&hellip;]<\/p>","protected":false},"author":2,"featured_media":0,"parent":0,"menu_order":0,"comment_status":"closed","ping_status":"closed","template":"","meta":{"_et_pb_use_builder":"on","_et_pb_old_content":"","_et_gb_content_width":"","footnotes":""},"class_list":["post-7847","page","type-page","status-publish","hentry"],"_links":{"self":[{"href":"https:\/\/fmp-components.com\/pt\/wp-json\/wp\/v2\/pages\/7847","targetHints":{"allow":["GET"]}}],"collection":[{"href":"https:\/\/fmp-components.com\/pt\/wp-json\/wp\/v2\/pages"}],"about":[{"href":"https:\/\/fmp-components.com\/pt\/wp-json\/wp\/v2\/types\/page"}],"author":[{"embeddable":true,"href":"https:\/\/fmp-components.com\/pt\/wp-json\/wp\/v2\/users\/2"}],"replies":[{"embeddable":true,"href":"https:\/\/fmp-components.com\/pt\/wp-json\/wp\/v2\/comments?post=7847"}],"version-history":[{"count":12,"href":"https:\/\/fmp-components.com\/pt\/wp-json\/wp\/v2\/pages\/7847\/revisions"}],"predecessor-version":[{"id":7900,"href":"https:\/\/fmp-components.com\/pt\/wp-json\/wp\/v2\/pages\/7847\/revisions\/7900"}],"wp:attachment":[{"href":"https:\/\/fmp-components.com\/pt\/wp-json\/wp\/v2\/media?parent=7847"}],"curies":[{"name":"wp","href":"https:\/\/api.w.org\/{rel}","templated":true}]}}