{"id":7689,"date":"2025-04-03T02:27:56","date_gmt":"2025-04-03T02:27:56","guid":{"rendered":"https:\/\/fmp-components.com\/?page_id=7689"},"modified":"2025-04-03T03:16:32","modified_gmt":"2025-04-03T03:16:32","slug":"energy-technology-hydraulic-cylinders-2","status":"publish","type":"page","link":"https:\/\/fmp-components.com\/pt\/energy-technology-hydraulic-cylinders-2\/","title":{"rendered":"Cilindros Hidr\u00e1ulicos de Tecnologia Energ\u00e9tica"},"content":{"rendered":"<p>[et_pb_section fb_built=&#8221;1&#8243; _builder_version=&#8221;4.27.4&#8243; _module_preset=&#8221;default&#8221; use_background_color_gradient=&#8221;on&#8221; background_color_gradient_stops=&#8221;rgba(0,0,0,0.34) 0%|#5e5e5e 100%&#8221; background_color_gradient_overlays_image=&#8221;on&#8221; background_image=&#8221;https:\/\/fmp-components.com\/wp-content\/uploads\/2025\/04\/Energy-Technology-Hydraulic-Cylinders-1.webp&#8221; custom_padding=&#8221;||214px|||&#8221; global_colors_info=&#8221;{}&#8221;][et_pb_row _builder_version=&#8221;4.27.4&#8243; _module_preset=&#8221;default&#8221; custom_margin=&#8221;70px||||false|false&#8221; global_colors_info=&#8221;{}&#8221;][et_pb_column type=&#8221;4_4&#8243; _builder_version=&#8221;4.27.4&#8243; _module_preset=&#8221;default&#8221; global_colors_info=&#8221;{}&#8221;][et_pb_text _builder_version=&#8221;4.27.4&#8243; _module_preset=&#8221;default&#8221; header_font=&#8221;Frank Ruhl Libre||||||||&#8221; header_text_color=&#8221;#FFFFFF&#8221; header_font_size=&#8221;60px&#8221; header_text_shadow_style=&#8221;preset1&#8243; global_colors_info=&#8221;{}&#8221;]<\/p>\n<h1 style=\"text-align: center;\">Cilindros Hidr\u00e1ulicos de Tecnologia Energ\u00e9tica<\/h1>\n<p>[\/et_pb_text][\/et_pb_column][\/et_pb_row][\/et_pb_section][et_pb_section fb_built=&#8221;1&#8243; _builder_version=&#8221;4.27.4&#8243; _module_preset=&#8221;default&#8221; min_height=&#8221;443px&#8221; custom_padding=&#8221;||8px|||&#8221; global_colors_info=&#8221;{}&#8221;][et_pb_row _builder_version=&#8221;4.27.4&#8243; _module_preset=&#8221;default&#8221;][et_pb_column _builder_version=&#8221;4.27.4&#8243; _module_preset=&#8221;default&#8221; type=&#8221;4_4&#8243;][et_pb_text _builder_version=&#8221;4.27.4&#8243; _module_preset=&#8221;default&#8221; header_2_font=&#8221;Frank Ruhl Libre||||||||&#8221; header_2_font_size=&#8221;30px&#8221; hover_enabled=&#8221;0&#8243; sticky_enabled=&#8221;0&#8243;]<\/p>\n<h2 style=\"text-align: center;\">Tipos de Cilindros Hidr\u00e1ulicos de Tecnologia Energ\u00e9tica<\/h2>\n<p>[\/et_pb_text][\/et_pb_column][\/et_pb_row][et_pb_row _builder_version=&#8221;4.27.4&#8243; _module_preset=&#8221;default&#8221; global_colors_info=&#8221;{}&#8221;][et_pb_column type=&#8221;4_4&#8243; _builder_version=&#8221;4.27.4&#8243; _module_preset=&#8221;default&#8221; global_colors_info=&#8221;{}&#8221;][et_pb_shop type=&#8221;product_category&#8221; include_categories=&#8221;29&#8243; columns_number=&#8221;3&#8243; _builder_version=&#8221;4.27.4&#8243; _module_preset=&#8221;default&#8221; title_font=&#8221;Frank Ruhl Libre||||||||&#8221; title_text_align=&#8221;center&#8221; title_font_size=&#8221;22px&#8221; global_colors_info=&#8221;{}&#8221;][\/et_pb_shop][\/et_pb_column][\/et_pb_row][\/et_pb_section][et_pb_section fb_built=&#8221;1&#8243; _builder_version=&#8221;4.27.4&#8243; _module_preset=&#8221;default&#8221; use_background_color_gradient=&#8221;on&#8221; background_color_gradient_stops=&#8221;rgba(0,0,0,0.4) 0%|rgba(0,0,0,0.4) 100%&#8221; background_color_gradient_overlays_image=&#8221;on&#8221; background_image=&#8221;https:\/\/fmp-components.com\/wp-content\/uploads\/2025\/04\/Energy-Technology-Hydraulic-Cylinders-1-1.webp&#8221; custom_padding=&#8221;||33px|||&#8221; global_colors_info=&#8221;{}&#8221;][et_pb_row _builder_version=&#8221;4.27.4&#8243; _module_preset=&#8221;default&#8221; global_colors_info=&#8221;{}&#8221;][et_pb_column type=&#8221;4_4&#8243; _builder_version=&#8221;4.27.4&#8243; _module_preset=&#8221;default&#8221; global_colors_info=&#8221;{}&#8221;][et_pb_text _builder_version=&#8221;4.27.4&#8243; _module_preset=&#8221;default&#8221; text_text_color=&#8221;#FFFFFF&#8221; text_font_size=&#8221;16px&#8221; text_line_height=&#8221;1.8em&#8221; header_2_font=&#8221;Frank Ruhl Libre||||||||&#8221; header_2_text_color=&#8221;#FFFFFF&#8221; header_2_font_size=&#8221;40px&#8221; text_text_shadow_style=&#8221;preset1&#8243; global_colors_info=&#8221;{}&#8221;]<\/p>\n<h2 style=\"text-align: center;\">Cilindros Hidr\u00e1ulicos de Tecnologia Energ\u00e9tica: Impulsionando a Inova\u00e7\u00e3o com FMP<\/h2>\n<p style=\"text-align: center;\">No campo da tecnologia energ\u00e9tica em r\u00e1pida evolu\u00e7\u00e3o, os cilindros hidr\u00e1ulicos desempenham um papel fundamental para garantir efici\u00eancia e confiabilidade em aplica\u00e7\u00f5es como sistemas de energia renov\u00e1vel, equipamentos de gera\u00e7\u00e3o de energia e m\u00e1quinas industriais. Na FMP Company, somos especializados na produ\u00e7\u00e3o de uma gama diversificada de Cilindros Hidr\u00e1ulicos para Tecnologia Energ\u00e9tica, projetados para atender \u00e0s demandas exclusivas deste setor din\u00e2mico. De cilindros padr\u00e3o soldados e telesc\u00f3picos a cilindros inteligentes avan\u00e7ados de alta press\u00e3o e sensor de posi\u00e7\u00e3o, nossos produtos s\u00e3o projetados para desempenho m\u00e1ximo. Tamb\u00e9m oferecemos solu\u00e7\u00f5es totalmente personalizadas para atender \u00e0s suas necessidades espec\u00edficas, atendendo com orgulho a profissionais de energia em toda a It\u00e1lia, incluindo centros importantes como Mil\u00e3o, Veneza, Floren\u00e7a e Bolonha. Se voc\u00ea n\u00e3o encontrar o modelo exato que deseja em nossa lista de produtos, ele pode n\u00e3o ter sido carregado ainda \u2014 basta nos enviar um e-mail com suas especifica\u00e7\u00f5es e nossos engenheiros especialistas responder\u00e3o em 24 horas com uma solu\u00e7\u00e3o personalizada, garantindo que seus projetos no cen\u00e1rio energ\u00e9tico italiano permane\u00e7am no caminho certo.<\/p>\n<p>[\/et_pb_text][\/et_pb_column][\/et_pb_row][\/et_pb_section]<\/p>","protected":false},"excerpt":{"rendered":"<p>Energy Technology Hydraulic CylindersTypes of Energy Technology Hydraulic CylindersEnergy Technology Hydraulic Cylinders: Powering Innovation with FMP In the rapidly evolving field of energy technology, hydraulic cylinders play a critical role in ensuring efficiency and reliability across applications like renewable energy systems, power generation equipment, and industrial machinery. At FMP Company, we specialize in producing a [&hellip;]<\/p>","protected":false},"author":2,"featured_media":0,"parent":0,"menu_order":0,"comment_status":"closed","ping_status":"closed","template":"","meta":{"_et_pb_use_builder":"on","_et_pb_old_content":"","_et_gb_content_width":"","footnotes":""},"class_list":["post-7689","page","type-page","status-publish","hentry"],"_links":{"self":[{"href":"https:\/\/fmp-components.com\/pt\/wp-json\/wp\/v2\/pages\/7689","targetHints":{"allow":["GET"]}}],"collection":[{"href":"https:\/\/fmp-components.com\/pt\/wp-json\/wp\/v2\/pages"}],"about":[{"href":"https:\/\/fmp-components.com\/pt\/wp-json\/wp\/v2\/types\/page"}],"author":[{"embeddable":true,"href":"https:\/\/fmp-components.com\/pt\/wp-json\/wp\/v2\/users\/2"}],"replies":[{"embeddable":true,"href":"https:\/\/fmp-components.com\/pt\/wp-json\/wp\/v2\/comments?post=7689"}],"version-history":[{"count":5,"href":"https:\/\/fmp-components.com\/pt\/wp-json\/wp\/v2\/pages\/7689\/revisions"}],"predecessor-version":[{"id":7696,"href":"https:\/\/fmp-components.com\/pt\/wp-json\/wp\/v2\/pages\/7689\/revisions\/7696"}],"wp:attachment":[{"href":"https:\/\/fmp-components.com\/pt\/wp-json\/wp\/v2\/media?parent=7689"}],"curies":[{"name":"wp","href":"https:\/\/api.w.org\/{rel}","templated":true}]}}