{"id":7662,"date":"2025-04-03T00:48:28","date_gmt":"2025-04-03T00:48:28","guid":{"rendered":"https:\/\/fmp-components.com\/?page_id=7662"},"modified":"2025-04-03T02:24:42","modified_gmt":"2025-04-03T02:24:42","slug":"marine-hydraulic-cylinders","status":"publish","type":"page","link":"https:\/\/fmp-components.com\/pt\/marine-hydraulic-cylinders\/","title":{"rendered":"Cilindros Hidr\u00e1ulicos Mar\u00edtimos"},"content":{"rendered":"<p>[et_pb_section fb_built=&#8221;1&#8243; theme_builder_area=&#8221;post_content&#8221; _builder_version=&#8221;4.27.4&#8243; _module_preset=&#8221;default&#8221; alt=&#8221;Marine-Hydraulic-cylinder&#8221; title_text=&#8221;Marine-Hydraulic-cylinder&#8221; background_image=&#8221;https:\/\/fmp-components.com\/wp-content\/uploads\/2025\/04\/Marine-Hydraulic-cylinder.webp&#8221; hover_enabled=&#8221;0&#8243; sticky_enabled=&#8221;0&#8243; min_height=&#8221;408px&#8221; use_background_color_gradient=&#8221;on&#8221; background_color_gradient_stops=&#8221;rgba(0,0,0,0.43) 0%|rgba(0,0,0,0.21) 100%&#8221; background_color_gradient_overlays_image=&#8221;on&#8221;][et_pb_row _builder_version=&#8221;4.27.4&#8243; _module_preset=&#8221;default&#8221; theme_builder_area=&#8221;post_content&#8221; custom_margin=&#8221;50px||||false|false&#8221; hover_enabled=&#8221;0&#8243; sticky_enabled=&#8221;0&#8243;][et_pb_column _builder_version=&#8221;4.27.4&#8243; _module_preset=&#8221;default&#8221; type=&#8221;4_4&#8243; theme_builder_area=&#8221;post_content&#8221;][et_pb_text _builder_version=&#8221;4.27.4&#8243; _module_preset=&#8221;default&#8221; theme_builder_area=&#8221;post_content&#8221; header_font=&#8221;Frank Ruhl Libre||||||||&#8221; header_font_size=&#8221;60px&#8221; header_text_color=&#8221;#FFFFFF&#8221; header_text_shadow_style=&#8221;preset1&#8243; hover_enabled=&#8221;0&#8243; sticky_enabled=&#8221;0&#8243;]<\/p>\n<h1 style=\"text-align: center;\">Cilindro hidr\u00e1ulico mar\u00edtimo<\/h1>\n<p>[\/et_pb_text][\/et_pb_column][\/et_pb_row][\/et_pb_section][et_pb_section fb_built=&#8221;1&#8243; theme_builder_area=&#8221;post_content&#8221; _builder_version=&#8221;4.27.4&#8243; _module_preset=&#8221;default&#8221; custom_padding=&#8221;||2px|||&#8221;][et_pb_row _builder_version=&#8221;4.27.4&#8243; _module_preset=&#8221;default&#8221; theme_builder_area=&#8221;post_content&#8221;][et_pb_column _builder_version=&#8221;4.27.4&#8243; _module_preset=&#8221;default&#8221; type=&#8221;4_4&#8243; theme_builder_area=&#8221;post_content&#8221;][et_pb_text _builder_version=&#8221;4.27.4&#8243; _module_preset=&#8221;default&#8221; theme_builder_area=&#8221;post_content&#8221; header_2_font=&#8221;Frank Ruhl Libre||||||||&#8221; hover_enabled=&#8221;0&#8243; sticky_enabled=&#8221;0&#8243; header_2_font_size=&#8221;40px&#8221;]<\/p>\n<h2 style=\"text-align: center;\">Tipos de cilindros hidr\u00e1ulicos mar\u00edtimos<\/h2>\n<p>[\/et_pb_text][\/et_pb_column][\/et_pb_row][et_pb_row _builder_version=&#8221;4.27.4&#8243; _module_preset=&#8221;default&#8221; theme_builder_area=&#8221;post_content&#8221;][et_pb_column _builder_version=&#8221;4.27.4&#8243; _module_preset=&#8221;default&#8221; type=&#8221;4_4&#8243; theme_builder_area=&#8221;post_content&#8221;][et_pb_shop _builder_version=&#8221;4.27.4&#8243; _module_preset=&#8221;default&#8221; theme_builder_area=&#8221;post_content&#8221; hover_enabled=&#8221;0&#8243; sticky_enabled=&#8221;0&#8243; type=&#8221;product_category&#8221; include_categories=&#8221;28&#8243; columns_number=&#8221;3&#8243; title_text_align=&#8221;center&#8221; title_font_size=&#8221;18px&#8221; title_font=&#8221;Frank Ruhl Libre||||||||&#8221;][\/et_pb_shop][\/et_pb_column][\/et_pb_row][\/et_pb_section][et_pb_section fb_built=&#8221;1&#8243; theme_builder_area=&#8221;post_content&#8221; _builder_version=&#8221;4.27.4&#8243; _module_preset=&#8221;default&#8221; custom_padding=&#8221;||7px|||&#8221;][et_pb_row _builder_version=&#8221;4.27.4&#8243; _module_preset=&#8221;default&#8221; theme_builder_area=&#8221;post_content&#8221;][et_pb_column _builder_version=&#8221;4.27.4&#8243; _module_preset=&#8221;default&#8221; type=&#8221;4_4&#8243; theme_builder_area=&#8221;post_content&#8221;][et_pb_text _builder_version=&#8221;4.27.4&#8243; _module_preset=&#8221;default&#8221; theme_builder_area=&#8221;post_content&#8221; header_3_font=&#8221;Frank Ruhl Libre||||||||&#8221; header_3_font_size=&#8221;40px&#8221; hover_enabled=&#8221;0&#8243; sticky_enabled=&#8221;0&#8243;]<\/p>\n<h3 style=\"text-align: center;\">FMP: Cilindros hidr\u00e1ulicos mar\u00edtimos premium para as necessidades offshore da It\u00e1lia<\/h3>\n<p>[\/et_pb_text][\/et_pb_column][\/et_pb_row][et_pb_row _builder_version=&#8221;4.27.4&#8243; _module_preset=&#8221;default&#8221; column_structure=&#8221;1_2,1_2&#8243; theme_builder_area=&#8221;post_content&#8221; use_custom_gutter=&#8221;on&#8221; gutter_width=&#8221;2&#8243; hover_enabled=&#8221;0&#8243; sticky_enabled=&#8221;0&#8243;][et_pb_column _builder_version=&#8221;4.27.4&#8243; _module_preset=&#8221;default&#8221; type=&#8221;1_2&#8243; theme_builder_area=&#8221;post_content&#8221;][et_pb_image src=&#8221;https:\/\/fmp-components.com\/wp-content\/uploads\/2025\/04\/Marine-Hydraulic-cylinder-3.webp&#8221; _builder_version=&#8221;4.27.4&#8243; _module_preset=&#8221;default&#8221; theme_builder_area=&#8221;post_content&#8221; alt=&#8221;Marine-Hydraulic-cylinder&#8221; title_text=&#8221;Marine-Hydraulic-cylinder-3&#8243; hover_enabled=&#8221;0&#8243; sticky_enabled=&#8221;0&#8243;][\/et_pb_image][\/et_pb_column][et_pb_column _builder_version=&#8221;4.27.4&#8243; _module_preset=&#8221;default&#8221; type=&#8221;1_2&#8243; theme_builder_area=&#8221;post_content&#8221;][et_pb_text _builder_version=&#8221;4.27.4&#8243; _module_preset=&#8221;default&#8221; theme_builder_area=&#8221;post_content&#8221; header_3_font=&#8221;Frank Ruhl Libre||||||||&#8221; header_3_font_size=&#8221;24px&#8221; text_font_size=&#8221;16px&#8221; text_line_height=&#8221;1.8em&#8221; hover_enabled=&#8221;0&#8243; sticky_enabled=&#8221;0&#8243;]<\/p>\n<div>\n<h3>Projetado para durabilidade e desempenho.<\/h3>\n<p class=\"break-words\">Os cilindros hidr\u00e1ulicos mar\u00edtimos s\u00e3o componentes vitais na ind\u00fastria naval e offshore, acionando sistemas essenciais como dire\u00e7\u00e3o, carregamento e equipamentos de controle. Esses cilindros enfrentam exposi\u00e7\u00e3o constante a condi\u00e7\u00f5es adversas como \u00e1gua salgada, umidade e clima extremo, exigindo excepcional resist\u00eancia \u00e0 corros\u00e3o para garantir confiabilidade e longa vida \u00fatil. Na FMP Company, somos especializados na fabrica\u00e7\u00e3o de cilindros hidr\u00e1ulicos mar\u00edtimos projetados para enfrentar esses desafios de frente. Utilizando materiais de alta qualidade, como a\u00e7o inoxid\u00e1vel, cromagem e niquelagem, nossos produtos oferecem durabilidade e desempenho incompar\u00e1veis, tornando-os ideais para aplica\u00e7\u00f5es que v\u00e3o desde dragas e barca\u00e7as at\u00e9 superestruturas de conv\u00e9s e equipamentos submarinos.<\/p>\n<\/div>\n<p>[\/et_pb_text][\/et_pb_column][\/et_pb_row][et_pb_row _builder_version=&#8221;4.27.4&#8243; _module_preset=&#8221;default&#8221; column_structure=&#8221;1_2,1_2&#8243; theme_builder_area=&#8221;post_content&#8221; use_custom_gutter=&#8221;on&#8221; gutter_width=&#8221;2&#8243; hover_enabled=&#8221;0&#8243; sticky_enabled=&#8221;0&#8243;][et_pb_column _builder_version=&#8221;4.27.4&#8243; _module_preset=&#8221;default&#8221; type=&#8221;1_2&#8243; theme_builder_area=&#8221;post_content&#8221;][et_pb_text _builder_version=&#8221;4.27.4&#8243; _module_preset=&#8221;default&#8221; theme_builder_area=&#8221;post_content&#8221; header_3_font=&#8221;Frank Ruhl Libre||||||||&#8221; header_3_font_size=&#8221;24px&#8221; text_font_size=&#8221;16px&#8221; text_line_height=&#8221;1.8em&#8221; hover_enabled=&#8221;0&#8243; sticky_enabled=&#8221;0&#8243;]<\/p>\n<div>\n<h3>FMP: Sua fonte para cilindros hidr\u00e1ulicos mar\u00edtimos diversificados e personalizados.<\/h3>\n<p class=\"break-words\">A FMP Company orgulha-se de produzir uma ampla gama de cilindros hidr\u00e1ulicos mar\u00edtimos para atender \u00e0s diversas necessidades dos setores mar\u00edtimo e offshore. Nossa oferta inclui cilindros hidr\u00e1ulicos soldados, cilindros hidr\u00e1ulicos telesc\u00f3picos, cilindros hidr\u00e1ulicos inteligentes com sensor de posi\u00e7\u00e3o, cilindros hidr\u00e1ulicos com v\u00e1lvula integrada e cilindros hidr\u00e1ulicos de alta press\u00e3o \u2014 todos constru\u00eddos para suportar os ambientes mar\u00edtimos mais exigentes. Al\u00e9m do nosso cat\u00e1logo padr\u00e3o, destacamo-nos no projeto e fabrica\u00e7\u00e3o de cilindros hidr\u00e1ulicos personalizados, adaptados \u00e0s suas necessidades espec\u00edficas, seja para ambientes de alta temperatura, opera\u00e7\u00f5es pesadas ou aplica\u00e7\u00f5es submarinas especializadas. Certificados por entidades internacionais como DNVGL, Lloyds Register e ABS, nossos produtos garantem qualidade e conformidade, assegurando que seus projetos mar\u00edtimos sejam executados sem problemas.<\/p>\n<\/div>\n<p>[\/et_pb_text][\/et_pb_column][et_pb_column _builder_version=&#8221;4.27.4&#8243; _module_preset=&#8221;default&#8221; type=&#8221;1_2&#8243; theme_builder_area=&#8221;post_content&#8221;][et_pb_image src=&#8221;https:\/\/fmp-components.com\/wp-content\/uploads\/2025\/04\/Marine-Hydraulic-cylinder-6.webp&#8221; _builder_version=&#8221;4.27.4&#8243; _module_preset=&#8221;default&#8221; theme_builder_area=&#8221;post_content&#8221; alt=&#8221;Marine-Hydraulic-cylinder&#8221; title_text=&#8221;Marine-Hydraulic-cylinder-6&#8243; hover_enabled=&#8221;0&#8243; sticky_enabled=&#8221;0&#8243;][\/et_pb_image][\/et_pb_column][\/et_pb_row][\/et_pb_section][et_pb_section fb_built=&#8221;1&#8243; theme_builder_area=&#8221;post_content&#8221; _builder_version=&#8221;4.27.4&#8243; _module_preset=&#8221;default&#8221; alt=&#8221;Marine-Hydraulic-cylinder&#8221; title_text=&#8221;Marine-Hydraulic-cylinder-4&#8243; background_image=&#8221;https:\/\/fmp-components.com\/wp-content\/uploads\/2025\/04\/Marine-Hydraulic-cylinder-4.webp&#8221; hover_enabled=&#8221;0&#8243; sticky_enabled=&#8221;0&#8243; min_height=&#8221;382px&#8221; use_background_color_gradient=&#8221;on&#8221; background_color_gradient_stops=&#8221;rgba(0,0,0,0.36) 0%|rgba(0,0,0,0.28) 100%&#8221; background_color_gradient_overlays_image=&#8221;on&#8221;][et_pb_row _builder_version=&#8221;4.27.4&#8243; _module_preset=&#8221;default&#8221; theme_builder_area=&#8221;post_content&#8221;][et_pb_column _builder_version=&#8221;4.27.4&#8243; _module_preset=&#8221;default&#8221; type=&#8221;4_4&#8243; theme_builder_area=&#8221;post_content&#8221;][et_pb_text _builder_version=&#8221;4.27.4&#8243; _module_preset=&#8221;default&#8221; theme_builder_area=&#8221;post_content&#8221; header_3_font=&#8221;Frank Ruhl Libre||||||||&#8221; header_3_text_align=&#8221;center&#8221; header_3_font_size=&#8221;32px&#8221; header_3_text_color=&#8221;#FFFFFF&#8221; hover_enabled=&#8221;0&#8243; sticky_enabled=&#8221;0&#8243; text_text_color=&#8221;#FFFFFF&#8221; text_orientation=&#8221;center&#8221; text_font_size=&#8221;16px&#8221; text_line_height=&#8221;1.8em&#8221;]<\/p>\n<div>\n<h3>Fornecendo solu\u00e7\u00f5es especializadas para a ind\u00fastria naval italiana.<\/h3>\n<p class=\"break-words\">A FMP tem o compromisso de apoiar profissionais da \u00e1rea mar\u00edtima e offshore em toda a It\u00e1lia, desde os movimentados estaleiros de Veneza at\u00e9 os centros industriais de Mil\u00e3o, Bolonha e Floren\u00e7a. Nossos cilindros hidr\u00e1ulicos de alta qualidade s\u00e3o reconhecidos nacionalmente, oferecendo solu\u00e7\u00f5es confi\u00e1veis \u200b\u200bpara aplica\u00e7\u00f5es mar\u00edtimas nessas cidades importantes e em outras regi\u00f5es. Se voc\u00ea n\u00e3o encontrar o modelo exato que precisa em nossa lista de produtos, n\u00e3o se preocupe \u2014 ele pode ainda n\u00e3o ter sido adicionado. Basta nos enviar um e-mail com suas especifica\u00e7\u00f5es e nossos engenheiros especializados responder\u00e3o em at\u00e9 24 horas com uma solu\u00e7\u00e3o personalizada. Entre em contato com a FMP hoje mesmo para experimentar um servi\u00e7o de excel\u00eancia e expertise em hidr\u00e1ulica, n\u00e3o importa onde voc\u00ea esteja na It\u00e1lia.<\/p>\n<\/div>\n<p>[\/et_pb_text][\/et_pb_column][\/et_pb_row][\/et_pb_section]<\/p>","protected":false},"excerpt":{"rendered":"<p>Marine Hydraulic CylinderTypes of Marine Hydraulic CylinderFMP: Premium Marine Hydraulic Cylinders for Italy\u2019s Offshore Needs Engineered for Durability and Performance Marine hydraulic cylinders are vital components in the marine and offshore industry, driving essential systems such as steering, loading, and control equipment. These cylinders face constant exposure to harsh conditions like saltwater, humidity, and extreme [&hellip;]<\/p>","protected":false},"author":2,"featured_media":0,"parent":0,"menu_order":0,"comment_status":"closed","ping_status":"closed","template":"","meta":{"_et_pb_use_builder":"on","_et_pb_old_content":"","_et_gb_content_width":"","footnotes":""},"class_list":["post-7662","page","type-page","status-publish","hentry"],"_links":{"self":[{"href":"https:\/\/fmp-components.com\/pt\/wp-json\/wp\/v2\/pages\/7662","targetHints":{"allow":["GET"]}}],"collection":[{"href":"https:\/\/fmp-components.com\/pt\/wp-json\/wp\/v2\/pages"}],"about":[{"href":"https:\/\/fmp-components.com\/pt\/wp-json\/wp\/v2\/types\/page"}],"author":[{"embeddable":true,"href":"https:\/\/fmp-components.com\/pt\/wp-json\/wp\/v2\/users\/2"}],"replies":[{"embeddable":true,"href":"https:\/\/fmp-components.com\/pt\/wp-json\/wp\/v2\/comments?post=7662"}],"version-history":[{"count":14,"href":"https:\/\/fmp-components.com\/pt\/wp-json\/wp\/v2\/pages\/7662\/revisions"}],"predecessor-version":[{"id":7688,"href":"https:\/\/fmp-components.com\/pt\/wp-json\/wp\/v2\/pages\/7662\/revisions\/7688"}],"wp:attachment":[{"href":"https:\/\/fmp-components.com\/pt\/wp-json\/wp\/v2\/media?parent=7662"}],"curies":[{"name":"wp","href":"https:\/\/api.w.org\/{rel}","templated":true}]}}