{"id":7564,"date":"2025-03-28T07:42:54","date_gmt":"2025-03-28T07:42:54","guid":{"rendered":"https:\/\/fmp-components.com\/?page_id=7564"},"modified":"2025-03-28T08:55:16","modified_gmt":"2025-03-28T08:55:16","slug":"mobile-machinery-hydraulic-cylinders","status":"publish","type":"page","link":"https:\/\/fmp-components.com\/pt\/mobile-machinery-hydraulic-cylinders\/","title":{"rendered":"Cilindros Hidr\u00e1ulicos para M\u00e1quinas M\u00f3veis"},"content":{"rendered":"<p>[et_pb_section fb_built=&#8221;1&#8243; theme_builder_area=&#8221;post_content&#8221; _builder_version=&#8221;4.27.4&#8243; _module_preset=&#8221;default&#8221; alt=&#8221;Mobile-Machinery-Hydraulic-Cylinders-Banner&#8221; title_text=&#8221;Mobile-Machinery-Hydraulic-Cylinders-Banner-1&#8243; background_image=&#8221;https:\/\/fmp-components.com\/wp-content\/uploads\/2025\/03\/Mobile-Machinery-Hydraulic-Cylinders-Banner-1.webp&#8221; hover_enabled=&#8221;0&#8243; sticky_enabled=&#8221;0&#8243; min_height=&#8221;296px&#8221;][et_pb_row _builder_version=&#8221;4.27.4&#8243; _module_preset=&#8221;default&#8221; theme_builder_area=&#8221;post_content&#8221;][et_pb_column _builder_version=&#8221;4.27.4&#8243; _module_preset=&#8221;default&#8221; type=&#8221;4_4&#8243; theme_builder_area=&#8221;post_content&#8221;][et_pb_text _builder_version=&#8221;4.27.4&#8243; _module_preset=&#8221;default&#8221; theme_builder_area=&#8221;post_content&#8221; text_text_shadow_style=&#8221;preset1&#8243; header_font=&#8221;Frank Ruhl Libre||||||||&#8221; header_font_size=&#8221;60px&#8221; header_text_align=&#8221;center&#8221; hover_enabled=&#8221;0&#8243; sticky_enabled=&#8221;0&#8243; header_text_color=&#8221;#FFFFFF&#8221; header_text_shadow_style=&#8221;preset1&#8243;]<\/p>\n<h1 class=\"et_pb_toggle_title\" style=\"text-align: center;\">Cilindros Hidr\u00e1ulicos para M\u00e1quinas M\u00f3veis<\/h1>\n<p>[\/et_pb_text][\/et_pb_column][\/et_pb_row][\/et_pb_section][et_pb_section fb_built=&#8221;1&#8243; theme_builder_area=&#8221;post_content&#8221; _builder_version=&#8221;4.27.4&#8243; _module_preset=&#8221;default&#8221;][et_pb_row _builder_version=&#8221;4.27.4&#8243; _module_preset=&#8221;default&#8221; theme_builder_area=&#8221;post_content&#8221;][et_pb_column _builder_version=&#8221;4.27.4&#8243; _module_preset=&#8221;default&#8221; type=&#8221;4_4&#8243; theme_builder_area=&#8221;post_content&#8221;][et_pb_text _builder_version=&#8221;4.27.4&#8243; _module_preset=&#8221;default&#8221; theme_builder_area=&#8221;post_content&#8221; header_2_font=&#8221;Frank Ruhl Libre||||||||&#8221; header_2_font_size=&#8221;40px&#8221; hover_enabled=&#8221;0&#8243; sticky_enabled=&#8221;0&#8243;]<\/p>\n<h2 style=\"text-align: center;\">Tipos de Cilindros Hidr\u00e1ulicos para M\u00e1quinas M\u00f3veis<\/h2>\n<p>[\/et_pb_text][et_pb_shop _builder_version=&#8221;4.27.4&#8243; _module_preset=&#8221;default&#8221; theme_builder_area=&#8221;post_content&#8221; type=&#8221;product_category&#8221; include_categories=&#8221;25&#8243; columns_number=&#8221;3&#8243; hover_enabled=&#8221;0&#8243; sticky_enabled=&#8221;0&#8243; title_font=&#8221;Frank Ruhl Libre||||||||&#8221; title_text_align=&#8221;center&#8221; title_font_size=&#8221;20px&#8221;][\/et_pb_shop][\/et_pb_column][\/et_pb_row][\/et_pb_section][et_pb_section fb_built=&#8221;1&#8243; theme_builder_area=&#8221;post_content&#8221; _builder_version=&#8221;4.27.4&#8243; _module_preset=&#8221;default&#8221;][et_pb_row _builder_version=&#8221;4.27.4&#8243; _module_preset=&#8221;default&#8221; theme_builder_area=&#8221;post_content&#8221;][et_pb_column _builder_version=&#8221;4.27.4&#8243; _module_preset=&#8221;default&#8221; type=&#8221;4_4&#8243; theme_builder_area=&#8221;post_content&#8221;][et_pb_text _builder_version=&#8221;4.27.4&#8243; _module_preset=&#8221;default&#8221; theme_builder_area=&#8221;post_content&#8221; header_2_font=&#8221;Frank Ruhl Libre||||||||&#8221; header_2_font_size=&#8221;30px&#8221; hover_enabled=&#8221;0&#8243; sticky_enabled=&#8221;0&#8243;]<\/p>\n<h2 style=\"text-align: center;\">Cilindros hidr\u00e1ulicos para m\u00e1quinas m\u00f3veis: impulsionando m\u00e1quinas em todos os setores<\/h2>\n<p>[\/et_pb_text][\/et_pb_column][\/et_pb_row][et_pb_row _builder_version=&#8221;4.27.4&#8243; _module_preset=&#8221;default&#8221; column_structure=&#8221;1_2,1_2&#8243; theme_builder_area=&#8221;post_content&#8221; use_custom_gutter=&#8221;on&#8221; gutter_width=&#8221;2&#8243; hover_enabled=&#8221;0&#8243; sticky_enabled=&#8221;0&#8243; width=&#8221;100%&#8221; max_width=&#8221;1200px&#8221;][et_pb_column _builder_version=&#8221;4.27.4&#8243; _module_preset=&#8221;default&#8221; type=&#8221;1_2&#8243; theme_builder_area=&#8221;post_content&#8221;][et_pb_text _builder_version=&#8221;4.27.4&#8243; _module_preset=&#8221;default&#8221; theme_builder_area=&#8221;post_content&#8221; text_font_size=&#8221;16px&#8221; text_line_height=&#8221;1.8em&#8221; hover_enabled=&#8221;0&#8243; sticky_enabled=&#8221;0&#8243;]<\/p>\n<div>\n<p class=\"break-words\">Cilindros hidr\u00e1ulicos s\u00e3o como os m\u00fasculos fortes dentro de m\u00e1quinas m\u00f3veis. Eles fornecem \u00e0s m\u00e1quinas a pot\u00eancia e o controle necess\u00e1rios para realizar trabalhos pesados \u200b\u200bem todos os tipos de lugares. Na It\u00e1lia, dos movimentados canteiros de obras em Mil\u00e3o aos campos agr\u00edcolas perto de Floren\u00e7a, essas pe\u00e7as s\u00e3o extremamente importantes para m\u00e1quinas como escavadeiras, caminh\u00f5es basculantes e tratores. Os cilindros hidr\u00e1ulicos s\u00e3o feitos para suportar condi\u00e7\u00f5es como alta press\u00e3o, clima quente ou frio e muita poeira. Isso mant\u00e9m as m\u00e1quinas funcionando bem sem quebrar.<\/p>\n<p class=\"break-words\">Por exemplo, na constru\u00e7\u00e3o civil, cilindros hidr\u00e1ulicos auxiliam m\u00e1quinas como retroescavadeiras e guindastes a levantar objetos pesados \u200b\u200be coloc\u00e1-los exatamente onde s\u00e3o necess\u00e1rios. Em fazendas perto de Veneza, eles melhoram o desempenho de colheitadeiras e equipamentos de plantio, permitindo que os agricultores realizem seus trabalhos com mais rapidez. Seu design robusto os torna perfeitos para essas tarefas desafiadoras.<\/p>\n<p>Mas os cilindros hidr\u00e1ulicos n\u00e3o ajudam apenas na constru\u00e7\u00e3o e na agricultura. Em uma cidade movimentada como Bolonha, eles alimentam elevadores de carros em garagens e m\u00e1quinas no aeroporto que ajudam os avi\u00f5es a se prepararem para voar. Nas florestas perto de Floren\u00e7a, eles ajudam m\u00e1quinas a cortar \u00e1rvores e, em f\u00e1bricas em Mil\u00e3o, fazem empilhadeiras moverem caixas pesadas com facilidade. Seja levantando, empurrando ou movendo objetos, os cilindros hidr\u00e1ulicos podem fazer tudo. Eles funcionam muito bem em cidades e \u00e1reas rurais por toda a It\u00e1lia, mantendo m\u00e1quinas m\u00f3veis funcionando sem problemas.<\/p>\n<\/div>\n<p>[\/et_pb_text][\/et_pb_column][et_pb_column _builder_version=&#8221;4.27.4&#8243; _module_preset=&#8221;default&#8221; type=&#8221;1_2&#8243; theme_builder_area=&#8221;post_content&#8221;][et_pb_image src=&#8221;https:\/\/fmp-components.com\/wp-content\/uploads\/2025\/03\/Mobile-Machinery-Hydraulic-Cylinders-3.webp&#8221; _builder_version=&#8221;4.27.4&#8243; _module_preset=&#8221;default&#8221; theme_builder_area=&#8221;post_content&#8221; alt=&#8221;Mobile-Machinery-Hydraulic-Cylinders&#8221; title_text=&#8221;Mobile-Machinery-Hydraulic-Cylinders-3&#8243; hover_enabled=&#8221;0&#8243; sticky_enabled=&#8221;0&#8243;][\/et_pb_image][\/et_pb_column][\/et_pb_row][et_pb_row _builder_version=&#8221;4.27.4&#8243; _module_preset=&#8221;default&#8221; column_structure=&#8221;2_5,3_5&#8243; theme_builder_area=&#8221;post_content&#8221; use_custom_gutter=&#8221;on&#8221; gutter_width=&#8221;2&#8243; width=&#8221;100%&#8221; max_width=&#8221;1200px&#8221; hover_enabled=&#8221;0&#8243; sticky_enabled=&#8221;0&#8243;][et_pb_column _builder_version=&#8221;4.27.4&#8243; _module_preset=&#8221;default&#8221; type=&#8221;2_5&#8243; theme_builder_area=&#8221;post_content&#8221;][et_pb_image src=&#8221;https:\/\/fmp-components.com\/wp-content\/uploads\/2025\/03\/Mobile-Machinery-Hydraulic-Cylinders-4-1.webp&#8221; _builder_version=&#8221;4.27.4&#8243; _module_preset=&#8221;default&#8221; theme_builder_area=&#8221;post_content&#8221; alt=&#8221;Mobile-Machinery-Hydraulic-Cylinders&#8221; title_text=&#8221;Mobile-Machinery-Hydraulic-Cylinders-4&#8243; hover_enabled=&#8221;0&#8243; sticky_enabled=&#8221;0&#8243;][\/et_pb_image][\/et_pb_column][et_pb_column _builder_version=&#8221;4.27.4&#8243; _module_preset=&#8221;default&#8221; type=&#8221;3_5&#8243; theme_builder_area=&#8221;post_content&#8221;][et_pb_text _builder_version=&#8221;4.27.4&#8243; _module_preset=&#8221;default&#8221; theme_builder_area=&#8221;post_content&#8221; hover_enabled=&#8221;0&#8243; sticky_enabled=&#8221;0&#8243; text_font_size=&#8221;16px&#8221; text_line_height=&#8221;1.8em&#8221; header_2_font=&#8221;Frank Ruhl Libre||||||||&#8221; custom_padding=&#8221;34px|||||&#8221;]<\/p>\n<div>\n<h2>FMP Company: sua refer\u00eancia em cilindros hidr\u00e1ulicos<\/h2>\n<p class=\"break-words\">Na FMP Company, fabricamos diversos cilindros hidr\u00e1ulicos para m\u00e1quinas m\u00f3veis, ajudando pessoas de Veneza a Bolonha. Temos cilindros de haste soldada resistentes e podemos at\u00e9 fabricar cilindros especiais especialmente para suas m\u00e1quinas. Isso ajuda seu equipamento a funcionar melhor e durar mais. Se voc\u00ea n\u00e3o encontrar o que precisa em nossa lista, n\u00e3o se preocupe \u2014 estamos sempre adicionando mais! Basta nos enviar um e-mail informando o que deseja e nossa equipe entrar\u00e1 em contato em 24 horas com um plano feito sob medida para voc\u00ea. Voc\u00ea pode contar com a FMP Company para fornecer cilindros hidr\u00e1ulicos resistentes e de alta qualidade que far\u00e3o com que suas m\u00e1quinas m\u00f3veis funcionem perfeitamente, n\u00e3o importa onde voc\u00ea esteja na It\u00e1lia.<\/p>\n<\/div>\n<p>[\/et_pb_text][\/et_pb_column][\/et_pb_row][\/et_pb_section]<\/p>","protected":false},"excerpt":{"rendered":"<p>Mobile Machinery Hydraulic CylindersTypes of Mobile Machinery Hydraulic CylindersMobile Machinery Hydraulic Cylinders: Powering Machines Across Industries Hydraulic cylinders are like the strong muscles inside mobile machinery. They give machines the power and control they need to do hard jobs in all kinds of places. In Italy, from the busy building sites in Milan to the [&hellip;]<\/p>","protected":false},"author":2,"featured_media":0,"parent":0,"menu_order":0,"comment_status":"closed","ping_status":"closed","template":"","meta":{"_et_pb_use_builder":"on","_et_pb_old_content":"","_et_gb_content_width":"","footnotes":""},"class_list":["post-7564","page","type-page","status-publish","hentry"],"_links":{"self":[{"href":"https:\/\/fmp-components.com\/pt\/wp-json\/wp\/v2\/pages\/7564","targetHints":{"allow":["GET"]}}],"collection":[{"href":"https:\/\/fmp-components.com\/pt\/wp-json\/wp\/v2\/pages"}],"about":[{"href":"https:\/\/fmp-components.com\/pt\/wp-json\/wp\/v2\/types\/page"}],"author":[{"embeddable":true,"href":"https:\/\/fmp-components.com\/pt\/wp-json\/wp\/v2\/users\/2"}],"replies":[{"embeddable":true,"href":"https:\/\/fmp-components.com\/pt\/wp-json\/wp\/v2\/comments?post=7564"}],"version-history":[{"count":7,"href":"https:\/\/fmp-components.com\/pt\/wp-json\/wp\/v2\/pages\/7564\/revisions"}],"predecessor-version":[{"id":7579,"href":"https:\/\/fmp-components.com\/pt\/wp-json\/wp\/v2\/pages\/7564\/revisions\/7579"}],"wp:attachment":[{"href":"https:\/\/fmp-components.com\/pt\/wp-json\/wp\/v2\/media?parent=7564"}],"curies":[{"name":"wp","href":"https:\/\/api.w.org\/{rel}","templated":true}]}}