{"id":7523,"date":"2025-03-27T06:35:43","date_gmt":"2025-03-27T06:35:43","guid":{"rendered":"https:\/\/fmp-components.com\/?page_id=7523"},"modified":"2025-03-27T08:31:08","modified_gmt":"2025-03-27T08:31:08","slug":"sanitation-machinery-hydraulic-cylinders-2","status":"publish","type":"page","link":"https:\/\/fmp-components.com\/pt\/sanitation-machinery-hydraulic-cylinders-2\/","title":{"rendered":"Cilindros Hidr\u00e1ulicos para M\u00e1quinas de Saneamento"},"content":{"rendered":"<p>[et_pb_section fb_built=&#8221;1&#8243; theme_builder_area=&#8221;post_content&#8221; _builder_version=&#8221;4.27.4&#8243; _module_preset=&#8221;default&#8221; alt=&#8221;Sanitation-Machinery-Hydraulic-Cylinders-Banner&#8221; title_text=&#8221;Sanitation-Machinery-Hydraulic-Cylinders-Banner&#8221; background_image=&#8221;https:\/\/fmp-components.com\/wp-content\/uploads\/2025\/03\/Sanitation-Machinery-Hydraulic-Cylinders-Banner.webp&#8221; hover_enabled=&#8221;0&#8243; sticky_enabled=&#8221;0&#8243; min_height=&#8221;470px&#8221; use_background_color_gradient=&#8221;on&#8221; background_color_gradient_stops=&#8221;rgba(0,0,0,0.2) 0%|rgba(0,0,0,0.28) 100%&#8221; background_color_gradient_overlays_image=&#8221;on&#8221;][et_pb_row _builder_version=&#8221;4.27.4&#8243; _module_preset=&#8221;default&#8221; theme_builder_area=&#8221;post_content&#8221;][et_pb_column _builder_version=&#8221;4.27.4&#8243; _module_preset=&#8221;default&#8221; type=&#8221;4_4&#8243; theme_builder_area=&#8221;post_content&#8221;][et_pb_text _builder_version=&#8221;4.27.4&#8243; _module_preset=&#8221;default&#8221; theme_builder_area=&#8221;post_content&#8221; header_font=&#8221;Frank Ruhl Libre||||||||&#8221; header_font_size=&#8221;70px&#8221; header_text_align=&#8221;center&#8221; header_text_color=&#8221;#FFFFFF&#8221; header_text_shadow_style=&#8221;preset1&#8243; hover_enabled=&#8221;0&#8243; sticky_enabled=&#8221;0&#8243;]<\/p>\n<h1>Cilindros Hidr\u00e1ulicos para M\u00e1quinas de Saneamento<\/h1>\n<p>[\/et_pb_text][et_pb_text _builder_version=&#8221;4.27.4&#8243; _module_preset=&#8221;default&#8221; theme_builder_area=&#8221;post_content&#8221; text_text_color=&#8221;#FFFFFF&#8221; text_font_size=&#8221;16px&#8221; text_line_height=&#8221;1.8em&#8221; hover_enabled=&#8221;0&#8243; sticky_enabled=&#8221;0&#8243; text_text_shadow_style=&#8221;preset1&#8243;]<\/p>\n<p style=\"text-align: center;\">Na FMP Company, somos especializados na fabrica\u00e7\u00e3o de uma ampla gama de Cilindros Hidr\u00e1ulicos para M\u00e1quinas de Saneamento, projetados para atender \u00e0s mais diversas necessidades do setor. Al\u00e9m de nossos produtos padr\u00e3o, tamb\u00e9m oferecemos solu\u00e7\u00f5es personalizadas, adaptadas \u00e0s suas necessidades espec\u00edficas. Se voc\u00ea n\u00e3o encontrar o modelo desejado em nossa lista de produtos, \u00e9 prov\u00e1vel que ainda n\u00e3o tenhamos tido a oportunidade de envi\u00e1-lo. Sinta-se \u00e0 vontade para nos enviar um e-mail com os detalhes do modelo que voc\u00ea procura e nossos engenheiros responder\u00e3o em at\u00e9 24 horas para atend\u00ea-lo.<\/p>\n<p>[\/et_pb_text][\/et_pb_column][\/et_pb_row][\/et_pb_section][et_pb_section fb_built=&#8221;1&#8243; theme_builder_area=&#8221;post_content&#8221; _builder_version=&#8221;4.27.4&#8243; _module_preset=&#8221;default&#8221;][et_pb_row _builder_version=&#8221;4.27.4&#8243; _module_preset=&#8221;default&#8221; theme_builder_area=&#8221;post_content&#8221;][et_pb_column _builder_version=&#8221;4.27.4&#8243; _module_preset=&#8221;default&#8221; type=&#8221;4_4&#8243; theme_builder_area=&#8221;post_content&#8221;][et_pb_text _builder_version=&#8221;4.27.4&#8243; _module_preset=&#8221;default&#8221; theme_builder_area=&#8221;post_content&#8221; header_2_font=&#8221;Frank Ruhl Libre||||||||&#8221; header_2_font_size=&#8221;40px&#8221; hover_enabled=&#8221;0&#8243; sticky_enabled=&#8221;0&#8243;]<\/p>\n<h2 class=\"et_pb_toggle_title\" style=\"text-align: center;\">Tipos de Cilindros Hidr\u00e1ulicos para M\u00e1quinas de Saneamento<\/h2>\n<p>[\/et_pb_text][\/et_pb_column][\/et_pb_row][et_pb_row _builder_version=&#8221;4.27.4&#8243; _module_preset=&#8221;default&#8221; theme_builder_area=&#8221;post_content&#8221;][et_pb_column _builder_version=&#8221;4.27.4&#8243; _module_preset=&#8221;default&#8221; type=&#8221;4_4&#8243; theme_builder_area=&#8221;post_content&#8221;][et_pb_shop _builder_version=&#8221;4.27.4&#8243; _module_preset=&#8221;default&#8221; theme_builder_area=&#8221;post_content&#8221; type=&#8221;product_category&#8221; include_categories=&#8221;23&#8243; columns_number=&#8221;3&#8243; hover_enabled=&#8221;0&#8243; sticky_enabled=&#8221;0&#8243;][\/et_pb_shop][\/et_pb_column][\/et_pb_row][\/et_pb_section][et_pb_section fb_built=&#8221;1&#8243; theme_builder_area=&#8221;post_content&#8221; _builder_version=&#8221;4.27.4&#8243; _module_preset=&#8221;default&#8221;][et_pb_row _builder_version=&#8221;4.27.4&#8243; _module_preset=&#8221;default&#8221; column_structure=&#8221;1_2,1_2&#8243; theme_builder_area=&#8221;post_content&#8221;][et_pb_column _builder_version=&#8221;4.27.4&#8243; _module_preset=&#8221;default&#8221; type=&#8221;1_2&#8243; theme_builder_area=&#8221;post_content&#8221;][et_pb_image src=&#8221;https:\/\/fmp-components.com\/wp-content\/uploads\/2025\/03\/Sanitation-Machinery-Hydraulic-Cylinders-1.webp&#8221; _builder_version=&#8221;4.27.4&#8243; _module_preset=&#8221;default&#8221; theme_builder_area=&#8221;post_content&#8221; alt=&#8221;Sanitation-Machinery-Hydraulic-Cylinders-1&#8243; title_text=&#8221;Sanitation-Machinery-Hydraulic-Cylinders-1&#8243; hover_enabled=&#8221;0&#8243; sticky_enabled=&#8221;0&#8243;][\/et_pb_image][\/et_pb_column][et_pb_column _builder_version=&#8221;4.27.4&#8243; _module_preset=&#8221;default&#8221; type=&#8221;1_2&#8243; theme_builder_area=&#8221;post_content&#8221;][et_pb_text _builder_version=&#8221;4.27.4&#8243; _module_preset=&#8221;default&#8221; theme_builder_area=&#8221;post_content&#8221; header_2_font=&#8221;Frank Ruhl Libre||||||||&#8221; header_2_font_size=&#8221;30px&#8221; hover_enabled=&#8221;0&#8243; sticky_enabled=&#8221;0&#8243;]<\/p>\n<h2>Aplica\u00e7\u00e3o de Cilindros Hidr\u00e1ulicos em M\u00e1quinas de Saneamento<\/h2>\n<p>[\/et_pb_text][et_pb_text _builder_version=&#8221;4.27.4&#8243; _module_preset=&#8221;default&#8221; theme_builder_area=&#8221;post_content&#8221; text_font_size=&#8221;16px&#8221; text_line_height=&#8221;1.8em&#8221; hover_enabled=&#8221;0&#8243; sticky_enabled=&#8221;0&#8243;]<\/p>\n<p>Os cilindros hidr\u00e1ulicos desempenham um papel fundamental em m\u00e1quinas de saneamento, garantindo a efici\u00eancia da gest\u00e3o de res\u00edduos e das opera\u00e7\u00f5es municipais. Na FMP, sediada na It\u00e1lia, somos especializados na produ\u00e7\u00e3o de cilindros hidr\u00e1ulicos de alta qualidade, adaptados para aplica\u00e7\u00f5es de saneamento, como caminh\u00f5es varredores, caminh\u00f5es de lixo, compactadores de lixo e caminh\u00f5es de remo\u00e7\u00e3o de neve. Nosso design patenteado pela Y&amp;J oferece excepcional resist\u00eancia \u00e0 corros\u00e3o, tornando-o ideal para os ambientes adversos que essas m\u00e1quinas enfrentam. Com op\u00e7\u00f5es para sistemas de amortecimento unidirecional e de dupla a\u00e7\u00e3o, nossos cilindros proporcionam um desempenho suave e confi\u00e1vel, reduzindo o tempo de inatividade e aumentando a durabilidade dos equipamentos de gerenciamento de res\u00edduos. Seja compactando lixo ou levantando cargas pesadas, os cilindros personalizados para m\u00e1quinas de saneamento da FMP s\u00e3o projetados para atender \u00e0s rigorosas demandas do setor.<\/p>\n<p>[\/et_pb_text][\/et_pb_column][\/et_pb_row][et_pb_row _builder_version=&#8221;4.27.4&#8243; _module_preset=&#8221;default&#8221; theme_builder_area=&#8221;post_content&#8221;][et_pb_column _builder_version=&#8221;4.27.4&#8243; _module_preset=&#8221;default&#8221; type=&#8221;4_4&#8243; theme_builder_area=&#8221;post_content&#8221;][et_pb_text _builder_version=&#8221;4.27.4&#8243; _module_preset=&#8221;default&#8221; theme_builder_area=&#8221;post_content&#8221; text_font_size=&#8221;16px&#8221; text_line_height=&#8221;1.8em&#8221; hover_enabled=&#8221;0&#8243; sticky_enabled=&#8221;0&#8243;]<\/p>\n<p>A expertise da FMP abrange uma ampla gama de aplica\u00e7\u00f5es em m\u00e1quinas de saneamento, desde cilindros hidr\u00e1ulicos para compactadores de res\u00edduos e esta\u00e7\u00f5es de transfer\u00eancia at\u00e9 unidades de reposi\u00e7\u00e3o para ve\u00edculos municipais, como carregadeiras traseiras e caminh\u00f5es basculantes. Nossa f\u00e1brica na It\u00e1lia utiliza t\u00e9cnicas avan\u00e7adas de fabrica\u00e7\u00e3o para produzir cilindros com materiais de alta resist\u00eancia, como tubos CDS, garantindo longevidade e desempenho superior mesmo em condi\u00e7\u00f5es extremas. Esses cilindros, incluindo projetos telesc\u00f3picos de dupla a\u00e7\u00e3o, abordam desafios comuns como ru\u00eddo, deslizamento e expans\u00e3o de tubos, al\u00e9m de passarem por rigorosos testes de n\u00e9voa salina neutra de 96 horas (NSS Grau 9) para maior resist\u00eancia \u00e0 corros\u00e3o. Com foco em inova\u00e7\u00e3o e personaliza\u00e7\u00e3o, a FMP oferece solu\u00e7\u00f5es econ\u00f4micas e de baixa manuten\u00e7\u00e3o que capacitam nossos clientes a otimizar suas frotas de saneamento e sistemas de gerenciamento de res\u00edduos com efici\u00eancia.<\/p>\n<p>[\/et_pb_text][\/et_pb_column][\/et_pb_row][\/et_pb_section][et_pb_section fb_built=&#8221;1&#8243; theme_builder_area=&#8221;post_content&#8221; _builder_version=&#8221;4.27.4&#8243; _module_preset=&#8221;default&#8221; alt=&#8221;Sanitation-Machinery-Hydraulic-Cylinders&#8221; title_text=&#8221;Sanitation-Machinery-Hydraulic-Cylinders&#8221; background_image=&#8221;https:\/\/fmp-components.com\/wp-content\/uploads\/2025\/03\/Generated-Image-March-27-2025-4_22PM.webp&#8221; hover_enabled=&#8221;0&#8243; sticky_enabled=&#8221;0&#8243; min_height=&#8221;453px&#8221;][et_pb_row _builder_version=&#8221;4.27.4&#8243; _module_preset=&#8221;default&#8221; theme_builder_area=&#8221;post_content&#8221;][et_pb_column _builder_version=&#8221;4.27.4&#8243; _module_preset=&#8221;default&#8221; type=&#8221;4_4&#8243; theme_builder_area=&#8221;post_content&#8221;][\/et_pb_column][\/et_pb_row][\/et_pb_section]<\/p>","protected":false},"excerpt":{"rendered":"<p>Sanitation Machinery Hydraulic CylindersAt FMP Company, we specialize in manufacturing a wide range of Sanitation Machinery Hydraulic Cylinders designed to meet diverse industry needs. In addition to our standard offerings, we also provide customized solutions tailored to your specific requirements. If you don\u2019t find the model you need in our product list, it\u2019s likely we [&hellip;]<\/p>","protected":false},"author":2,"featured_media":0,"parent":0,"menu_order":0,"comment_status":"closed","ping_status":"closed","template":"","meta":{"_et_pb_use_builder":"on","_et_pb_old_content":"","_et_gb_content_width":"","footnotes":""},"class_list":["post-7523","page","type-page","status-publish","hentry"],"_links":{"self":[{"href":"https:\/\/fmp-components.com\/pt\/wp-json\/wp\/v2\/pages\/7523","targetHints":{"allow":["GET"]}}],"collection":[{"href":"https:\/\/fmp-components.com\/pt\/wp-json\/wp\/v2\/pages"}],"about":[{"href":"https:\/\/fmp-components.com\/pt\/wp-json\/wp\/v2\/types\/page"}],"author":[{"embeddable":true,"href":"https:\/\/fmp-components.com\/pt\/wp-json\/wp\/v2\/users\/2"}],"replies":[{"embeddable":true,"href":"https:\/\/fmp-components.com\/pt\/wp-json\/wp\/v2\/comments?post=7523"}],"version-history":[{"count":8,"href":"https:\/\/fmp-components.com\/pt\/wp-json\/wp\/v2\/pages\/7523\/revisions"}],"predecessor-version":[{"id":7538,"href":"https:\/\/fmp-components.com\/pt\/wp-json\/wp\/v2\/pages\/7523\/revisions\/7538"}],"wp:attachment":[{"href":"https:\/\/fmp-components.com\/pt\/wp-json\/wp\/v2\/media?parent=7523"}],"curies":[{"name":"wp","href":"https:\/\/api.w.org\/{rel}","templated":true}]}}