{"id":7511,"date":"2025-03-27T05:42:56","date_gmt":"2025-03-27T05:42:56","guid":{"rendered":"https:\/\/fmp-components.com\/?page_id=7511"},"modified":"2025-03-27T06:33:13","modified_gmt":"2025-03-27T06:33:13","slug":"aerial-work-vehicle-hydraulic-cylinders-2","status":"publish","type":"page","link":"https:\/\/fmp-components.com\/pt\/aerial-work-vehicle-hydraulic-cylinders-2\/","title":{"rendered":"Cilindros Hidr\u00e1ulicos para Ve\u00edculos de Trabalho A\u00e9reo"},"content":{"rendered":"<p>[et_pb_section fb_built=&#8221;1&#8243; theme_builder_area=&#8221;post_content&#8221; _builder_version=&#8221;4.27.4&#8243; _module_preset=&#8221;default&#8221; alt=&#8221;Aerial-Work-Vehicle-Hydraulic-Cylinders-banner&#8221; title_text=&#8221;Aerial-Work-Vehicle-Hydraulic-Cylinders-banner&#8221; background_image=&#8221;https:\/\/fmp-components.com\/wp-content\/uploads\/2025\/03\/Aerial-Work-Vehicle-Hydraulic-Cylinders-banner.webp&#8221; hover_enabled=&#8221;0&#8243; sticky_enabled=&#8221;0&#8243; min_height=&#8221;348px&#8221; use_background_color_gradient=&#8221;on&#8221; background_color_gradient_stops=&#8221;rgba(0,0,0,0.35) 0%|rgba(0,0,0,0.3) 100%&#8221; background_color_gradient_overlays_image=&#8221;on&#8221;][et_pb_row _builder_version=&#8221;4.27.4&#8243; _module_preset=&#8221;default&#8221; theme_builder_area=&#8221;post_content&#8221;][et_pb_column _builder_version=&#8221;4.27.4&#8243; _module_preset=&#8221;default&#8221; type=&#8221;4_4&#8243; theme_builder_area=&#8221;post_content&#8221;][et_pb_text _builder_version=&#8221;4.27.4&#8243; _module_preset=&#8221;default&#8221; theme_builder_area=&#8221;post_content&#8221; header_font=&#8221;Frank Ruhl Libre||||||||&#8221; header_font_size=&#8221;70px&#8221; header_text_color=&#8221;#FFFFFF&#8221; header_text_shadow_style=&#8221;preset1&#8243; hover_enabled=&#8221;0&#8243; sticky_enabled=&#8221;0&#8243;]<\/p>\n<h1 style=\"text-align: center;\">Cilindros Hidr\u00e1ulicos para Ve\u00edculos de Trabalho A\u00e9reo<\/h1>\n<p>[\/et_pb_text][et_pb_text _builder_version=&#8221;4.27.4&#8243; _module_preset=&#8221;default&#8221; theme_builder_area=&#8221;post_content&#8221; text_text_color=&#8221;#FFFFFF&#8221; text_font_size=&#8221;16px&#8221; text_line_height=&#8221;1.8em&#8221; hover_enabled=&#8221;0&#8243; sticky_enabled=&#8221;0&#8243;]<\/p>\n<p style=\"text-align: center;\">Na FMP Company, somos especializados na fabrica\u00e7\u00e3o de uma ampla gama de Cilindros Hidr\u00e1ulicos para Ve\u00edculos de Trabalho A\u00e9reo, projetados para atender \u00e0s mais diversas necessidades da ind\u00fastria. Al\u00e9m da nossa ampla linha de produtos, tamb\u00e9m oferecemos solu\u00e7\u00f5es personalizadas, adaptadas \u00e0s suas necessidades espec\u00edficas. Se voc\u00ea n\u00e3o encontrar o modelo desejado em nossa lista de produtos, significa que ainda n\u00e3o tivemos a oportunidade de envi\u00e1-lo. Sinta-se \u00e0 vontade para nos enviar um e-mail com as especifica\u00e7\u00f5es desejadas e nossos engenheiros qualificados responder\u00e3o em at\u00e9 24 horas para atend\u00ea-lo.<\/p>\n<p>[\/et_pb_text][\/et_pb_column][\/et_pb_row][\/et_pb_section][et_pb_section fb_built=&#8221;1&#8243; theme_builder_area=&#8221;post_content&#8221; _builder_version=&#8221;4.27.4&#8243; _module_preset=&#8221;default&#8221;][et_pb_row _builder_version=&#8221;4.27.4&#8243; _module_preset=&#8221;default&#8221; theme_builder_area=&#8221;post_content&#8221;][et_pb_column _builder_version=&#8221;4.27.4&#8243; _module_preset=&#8221;default&#8221; type=&#8221;4_4&#8243; theme_builder_area=&#8221;post_content&#8221;][et_pb_shop _builder_version=&#8221;4.27.4&#8243; _module_preset=&#8221;default&#8221; theme_builder_area=&#8221;post_content&#8221; type=&#8221;product_category&#8221; include_categories=&#8221;22&#8243; columns_number=&#8221;3&#8243; hover_enabled=&#8221;0&#8243; sticky_enabled=&#8221;0&#8243;][\/et_pb_shop][\/et_pb_column][\/et_pb_row][\/et_pb_section][et_pb_section fb_built=&#8221;1&#8243; theme_builder_area=&#8221;post_content&#8221; _builder_version=&#8221;4.27.4&#8243; _module_preset=&#8221;default&#8221;][et_pb_row _builder_version=&#8221;4.27.4&#8243; _module_preset=&#8221;default&#8221; theme_builder_area=&#8221;post_content&#8221; column_structure=&#8221;1_2,1_2&#8243;][et_pb_column _builder_version=&#8221;4.27.4&#8243; _module_preset=&#8221;default&#8221; type=&#8221;1_2&#8243; theme_builder_area=&#8221;post_content&#8221;][et_pb_image src=&#8221;https:\/\/fmp-components.com\/wp-content\/uploads\/2025\/03\/aerial-work-platforms-hydraulic-cylinder-1.webp&#8221; _builder_version=&#8221;4.27.4&#8243; _module_preset=&#8221;default&#8221; theme_builder_area=&#8221;post_content&#8221; alt=&#8221;aerial-work-platforms-hydraulic-cylinder-1&#8243; title_text=&#8221;aerial-work-platforms-hydraulic-cylinder-1&#8243; hover_enabled=&#8221;0&#8243; sticky_enabled=&#8221;0&#8243;][\/et_pb_image][\/et_pb_column][et_pb_column _builder_version=&#8221;4.27.4&#8243; _module_preset=&#8221;default&#8221; type=&#8221;1_2&#8243; theme_builder_area=&#8221;post_content&#8221;][et_pb_text _builder_version=&#8221;4.27.4&#8243; _module_preset=&#8221;default&#8221; theme_builder_area=&#8221;post_content&#8221; hover_enabled=&#8221;0&#8243; sticky_enabled=&#8221;0&#8243; header_2_font=&#8221;Frank Ruhl Libre||||||||&#8221; header_2_font_size=&#8221;35px&#8221;]<\/p>\n<h2>Cilindros hidr\u00e1ulicos em ve\u00edculos de trabalho a\u00e9reo<\/h2>\n<p>Cilindros hidr\u00e1ulicos s\u00e3o a base dos ve\u00edculos de trabalho a\u00e9reo (AWVs), garantindo a movimenta\u00e7\u00e3o precisa e a estabilidade de plataformas como plataformas elevat\u00f3rias tipo tesoura, plataformas elevat\u00f3rias de lan\u00e7a montadas em reboques, plataformas elevat\u00f3rias de lan\u00e7a acionadas por motor e plataformas elevat\u00f3rias de mastro vertical. Ao trabalhar em altura, a confiabilidade \u00e9 inegoci\u00e1vel, e trabalhar com especialistas da FMPde garante o cumprimento de padr\u00f5es de seguran\u00e7a e desempenho, como os requisitos ANSI e CSA. Do nivelamento da cesta de trabalho \u00e0 extens\u00e3o da lan\u00e7a principal, os cilindros hidr\u00e1ulicos permitem que os AWVs executem tarefas cr\u00edticas em setores como constru\u00e7\u00e3o, manuten\u00e7\u00e3o e servi\u00e7os p\u00fablicos. Cada tipo de cilindro, seja um cilindro de nivelamento superior que mant\u00e9m a lan\u00e7a principal na posi\u00e7\u00e3o horizontal ou um cilindro de extens\u00e3o da lan\u00e7a principal que controla o comprimento da lan\u00e7a, trabalha em conjunto para proporcionar uma opera\u00e7\u00e3o suave e controlada em condi\u00e7\u00f5es exigentes.<\/p>\n<p>[\/et_pb_text][\/et_pb_column][\/et_pb_row][et_pb_row _builder_version=&#8221;4.27.4&#8243; _module_preset=&#8221;default&#8221; theme_builder_area=&#8221;post_content&#8221;][et_pb_column _builder_version=&#8221;4.27.4&#8243; _module_preset=&#8221;default&#8221; type=&#8221;4_4&#8243; theme_builder_area=&#8221;post_content&#8221;][et_pb_text _builder_version=&#8221;4.27.4&#8243; _module_preset=&#8221;default&#8221; theme_builder_area=&#8221;post_content&#8221; hover_enabled=&#8221;0&#8243; sticky_enabled=&#8221;0&#8243;]<\/p>\n<p>Em AWVs, cilindros hidr\u00e1ulicos especializados atendem a prop\u00f3sitos distintos para aprimorar a funcionalidade e a seguran\u00e7a. O cilindro cantilever ajusta o \u00e2ngulo horizontal da cesta de trabalho, enquanto o cilindro de \u00e2ngulo do bra\u00e7o dobr\u00e1vel modifica o \u00e2ngulo das lan\u00e7as articuladas para atender aos diversos requisitos da tarefa. Os cilindros de dire\u00e7\u00e3o facilitam o movimento aut\u00f4nomo e os cilindros flutuantes absorvem choques para manter o equil\u00edbrio em terrenos irregulares. Enquanto isso, o cilindro de \u00e2ngulo da lan\u00e7a principal suporta o posicionamento de todo o bra\u00e7o, garantindo a integridade estrutural em altitudes elevadas. Com uma equipe de engenharia qualificada por tr\u00e1s de seu projeto, esses cilindros oferecem a precis\u00e3o e a durabilidade necess\u00e1rias para aplica\u00e7\u00f5es a\u00e9reas, tornando os sistemas hidr\u00e1ulicos indispens\u00e1veis \u200b\u200bpara opera\u00e7\u00f5es seguras e eficientes em grandes altitudes.<\/p>\n<p>[\/et_pb_text][\/et_pb_column][\/et_pb_row][\/et_pb_section]<\/p>","protected":false},"excerpt":{"rendered":"<p>Aerial Work Vehicle Hydraulic CylindersAt FMP Company, we specialize in manufacturing a wide range of Aerial Work Vehicle Hydraulic Cylinders designed to meet diverse industry needs. In addition to our extensive product lineup, we also offer customized solutions tailored to your specific requirements. If you don\u2019t find the model you need in our product list, [&hellip;]<\/p>","protected":false},"author":2,"featured_media":0,"parent":0,"menu_order":0,"comment_status":"closed","ping_status":"closed","template":"","meta":{"_et_pb_use_builder":"on","_et_pb_old_content":"","_et_gb_content_width":"","footnotes":""},"class_list":["post-7511","page","type-page","status-publish","hentry"],"_links":{"self":[{"href":"https:\/\/fmp-components.com\/pt\/wp-json\/wp\/v2\/pages\/7511","targetHints":{"allow":["GET"]}}],"collection":[{"href":"https:\/\/fmp-components.com\/pt\/wp-json\/wp\/v2\/pages"}],"about":[{"href":"https:\/\/fmp-components.com\/pt\/wp-json\/wp\/v2\/types\/page"}],"author":[{"embeddable":true,"href":"https:\/\/fmp-components.com\/pt\/wp-json\/wp\/v2\/users\/2"}],"replies":[{"embeddable":true,"href":"https:\/\/fmp-components.com\/pt\/wp-json\/wp\/v2\/comments?post=7511"}],"version-history":[{"count":7,"href":"https:\/\/fmp-components.com\/pt\/wp-json\/wp\/v2\/pages\/7511\/revisions"}],"predecessor-version":[{"id":7522,"href":"https:\/\/fmp-components.com\/pt\/wp-json\/wp\/v2\/pages\/7511\/revisions\/7522"}],"wp:attachment":[{"href":"https:\/\/fmp-components.com\/pt\/wp-json\/wp\/v2\/media?parent=7511"}],"curies":[{"name":"wp","href":"https:\/\/api.w.org\/{rel}","templated":true}]}}