{"id":7276,"date":"2025-03-21T06:23:21","date_gmt":"2025-03-21T06:23:21","guid":{"rendered":"https:\/\/fmp-components.com\/?page_id=7276"},"modified":"2025-03-21T07:44:30","modified_gmt":"2025-03-21T07:44:30","slug":"telescopic-hydraulic-cylinders-2","status":"publish","type":"page","link":"https:\/\/fmp-components.com\/pt\/telescopic-hydraulic-cylinders-2\/","title":{"rendered":"Cilindros Hidr\u00e1ulicos Telesc\u00f3picos"},"content":{"rendered":"<p>[et_pb_section fb_built=&#8221;1&#8243; theme_builder_area=&#8221;post_content&#8221; _builder_version=&#8221;4.27.4&#8243; _module_preset=&#8221;default&#8221; alt=&#8221;Telescopic-Hydraulic-Cylinders-banner&#8221; title_text=&#8221;Telescopic-Hydraulic-Cylinders-banner-1&#8243; background_image=&#8221;https:\/\/fmp-components.com\/wp-content\/uploads\/2025\/03\/Telescopic-Hydraulic-Cylinders-banner-1.webp&#8221; hover_enabled=&#8221;0&#8243; sticky_enabled=&#8221;0&#8243; min_height=&#8221;299px&#8221;][et_pb_row _builder_version=&#8221;4.27.4&#8243; _module_preset=&#8221;default&#8221; theme_builder_area=&#8221;post_content&#8221;][et_pb_column _builder_version=&#8221;4.27.4&#8243; _module_preset=&#8221;default&#8221; type=&#8221;4_4&#8243; theme_builder_area=&#8221;post_content&#8221;][et_pb_text _builder_version=&#8221;4.27.4&#8243; _module_preset=&#8221;default&#8221; theme_builder_area=&#8221;post_content&#8221; header_font=&#8221;Frank Ruhl Libre||||||||&#8221; header_font_size=&#8221;60px&#8221; header_text_shadow_style=&#8221;preset1&#8243; header_text_color=&#8221;#FFFFFF&#8221; hover_enabled=&#8221;0&#8243; sticky_enabled=&#8221;0&#8243;]<\/p>\n<h1 style=\"text-align: center;\">Cilindros Hidr\u00e1ulicos Telesc\u00f3picos<\/h1>\n<p>[\/et_pb_text][\/et_pb_column][\/et_pb_row][\/et_pb_section][et_pb_section fb_built=&#8221;1&#8243; theme_builder_area=&#8221;post_content&#8221; _builder_version=&#8221;4.27.4&#8243; _module_preset=&#8221;default&#8221;][et_pb_row _builder_version=&#8221;4.27.4&#8243; _module_preset=&#8221;default&#8221; theme_builder_area=&#8221;post_content&#8221;][et_pb_column _builder_version=&#8221;4.27.4&#8243; _module_preset=&#8221;default&#8221; type=&#8221;4_4&#8243; theme_builder_area=&#8221;post_content&#8221;][et_pb_shop _builder_version=&#8221;4.27.4&#8243; _module_preset=&#8221;default&#8221; theme_builder_area=&#8221;post_content&#8221; type=&#8221;product_category&#8221; include_categories=&#8221;103&#8243; show_pagination=&#8221;on&#8221; hover_enabled=&#8221;0&#8243; sticky_enabled=&#8221;0&#8243;][\/et_pb_shop][\/et_pb_column][\/et_pb_row][\/et_pb_section][et_pb_section fb_built=&#8221;1&#8243; theme_builder_area=&#8221;post_content&#8221; _builder_version=&#8221;4.27.4&#8243; _module_preset=&#8221;default&#8221;][et_pb_row _builder_version=&#8221;4.27.4&#8243; _module_preset=&#8221;default&#8221; theme_builder_area=&#8221;post_content&#8221;][et_pb_column _builder_version=&#8221;4.27.4&#8243; _module_preset=&#8221;default&#8221; type=&#8221;4_4&#8243; theme_builder_area=&#8221;post_content&#8221;][et_pb_text _builder_version=&#8221;4.27.4&#8243; _module_preset=&#8221;default&#8221; theme_builder_area=&#8221;post_content&#8221; header_2_font=&#8221;Frank Ruhl Libre||||||||&#8221; header_2_font_size=&#8221;45px&#8221; text_font_size=&#8221;16px&#8221; text_line_height=&#8221;1.8em&#8221; hover_enabled=&#8221;0&#8243; sticky_enabled=&#8221;0&#8243;]<\/p>\n<div>\n<h2>Cilindros Hidr\u00e1ulicos Telesc\u00f3picos: Pot\u00eancia e Precis\u00e3o da FMP Company<\/h2>\n<p class=\"break-words\">No setor de sistemas hidr\u00e1ulicos, os cilindros hidr\u00e1ulicos telesc\u00f3picos s\u00e3o reconhecidos por sua capacidade de proporcionar maior alcance em um design compacto. Esses componentes vers\u00e1teis s\u00e3o vitais para aplica\u00e7\u00f5es que exigem cursos longos em espa\u00e7os limitados, tornando-os indispens\u00e1veis \u200b\u200bem diversos setores. Na FMP, orgulhamo-nos de ser um fabricante l\u00edder de cilindros hidr\u00e1ulicos telesc\u00f3picos de alta qualidade, atendendo clientes em toda a It\u00e1lia, incluindo centros movimentados como Mil\u00e3o, a hist\u00f3rica Veneza, a art\u00edstica Floren\u00e7a e a industrial Bolonha. Nossa dedica\u00e7\u00e3o \u00e0 qualidade, inova\u00e7\u00e3o e satisfa\u00e7\u00e3o do cliente nos distingue como seu parceiro de confian\u00e7a para solu\u00e7\u00f5es hidr\u00e1ulicas.<\/p>\n<\/div>\n<p>[\/et_pb_text][\/et_pb_column][\/et_pb_row][et_pb_row _builder_version=&#8221;4.27.4&#8243; _module_preset=&#8221;default&#8221; column_structure=&#8221;1_2,1_2&#8243; theme_builder_area=&#8221;post_content&#8221; use_custom_gutter=&#8221;on&#8221; gutter_width=&#8221;2&#8243; hover_enabled=&#8221;0&#8243; sticky_enabled=&#8221;0&#8243; custom_padding=&#8221;||1px|||&#8221;][et_pb_column _builder_version=&#8221;4.27.4&#8243; _module_preset=&#8221;default&#8221; type=&#8221;1_2&#8243; theme_builder_area=&#8221;post_content&#8221;][et_pb_image src=&#8221;https:\/\/fmp-components.com\/wp-content\/uploads\/2025\/03\/Telescopic-Hydraulic-Cylinders-product-1.webp&#8221; _builder_version=&#8221;4.27.4&#8243; _module_preset=&#8221;default&#8221; theme_builder_area=&#8221;post_content&#8221; alt=&#8221;Telescopic-Hydraulic-Cylinders&#8221; title_text=&#8221;Telescopic-Hydraulic-Cylinders-product-1&#8243; hover_enabled=&#8221;0&#8243; sticky_enabled=&#8221;0&#8243;][\/et_pb_image][\/et_pb_column][et_pb_column _builder_version=&#8221;4.27.4&#8243; _module_preset=&#8221;default&#8221; type=&#8221;1_2&#8243; theme_builder_area=&#8221;post_content&#8221;][et_pb_image src=&#8221;https:\/\/fmp-components.com\/wp-content\/uploads\/2025\/03\/Telescopic-Hydraulic-Cylinders-product-2.webp&#8221; _builder_version=&#8221;4.27.4&#8243; _module_preset=&#8221;default&#8221; theme_builder_area=&#8221;post_content&#8221; alt=&#8221;Telescopic-Hydraulic-Cylinders&#8221; title_text=&#8221;Telescopic-Hydraulic-Cylinders-product-2&#8243; hover_enabled=&#8221;0&#8243; sticky_enabled=&#8221;0&#8243;][\/et_pb_image][\/et_pb_column][\/et_pb_row][et_pb_row _builder_version=&#8221;4.27.4&#8243; _module_preset=&#8221;default&#8221; column_structure=&#8221;1_2,1_2&#8243; theme_builder_area=&#8221;post_content&#8221; use_custom_gutter=&#8221;on&#8221; gutter_width=&#8221;2&#8243; hover_enabled=&#8221;0&#8243; sticky_enabled=&#8221;0&#8243; custom_padding=&#8221;10px|||||&#8221;][et_pb_column _builder_version=&#8221;4.27.4&#8243; _module_preset=&#8221;default&#8221; type=&#8221;1_2&#8243; theme_builder_area=&#8221;post_content&#8221;][et_pb_image src=&#8221;https:\/\/fmp-components.com\/wp-content\/uploads\/2025\/03\/Telescopic-Hydraulic-Cylinders-product-3.webp&#8221; _builder_version=&#8221;4.27.4&#8243; _module_preset=&#8221;default&#8221; theme_builder_area=&#8221;post_content&#8221; alt=&#8221;Telescopic-Hydraulic-Cylinders&#8221; title_text=&#8221;Telescopic-Hydraulic-Cylinders-product-3&#8243; hover_enabled=&#8221;0&#8243; sticky_enabled=&#8221;0&#8243;][\/et_pb_image][\/et_pb_column][et_pb_column _builder_version=&#8221;4.27.4&#8243; _module_preset=&#8221;default&#8221; type=&#8221;1_2&#8243; theme_builder_area=&#8221;post_content&#8221;][et_pb_image src=&#8221;https:\/\/fmp-components.com\/wp-content\/uploads\/2025\/03\/Telescopic-Hydraulic-Cylinders-product-4.webp&#8221; _builder_version=&#8221;4.27.4&#8243; _module_preset=&#8221;default&#8221; theme_builder_area=&#8221;post_content&#8221; alt=&#8221;Telescopic-Hydraulic-Cylinders&#8221; title_text=&#8221;Telescopic-Hydraulic-Cylinders-product-4&#8243; hover_enabled=&#8221;0&#8243; sticky_enabled=&#8221;0&#8243;][\/et_pb_image][\/et_pb_column][\/et_pb_row][et_pb_row _builder_version=&#8221;4.27.4&#8243; _module_preset=&#8221;default&#8221; theme_builder_area=&#8221;post_content&#8221;][et_pb_column _builder_version=&#8221;4.27.4&#8243; _module_preset=&#8221;default&#8221; type=&#8221;4_4&#8243; theme_builder_area=&#8221;post_content&#8221;][et_pb_text _builder_version=&#8221;4.27.4&#8243; _module_preset=&#8221;default&#8221; theme_builder_area=&#8221;post_content&#8221; header_2_font=&#8221;Frank Ruhl Libre||||||||&#8221; header_2_font_size=&#8221;40px&#8221; text_font_size=&#8221;16px&#8221; text_line_height=&#8221;1.8em&#8221; hover_enabled=&#8221;0&#8243; sticky_enabled=&#8221;0&#8243;]<\/p>\n<div>\n<h2>Aplica\u00e7\u00f5es de Cilindros Hidr\u00e1ulicos Telesc\u00f3picos<\/h2>\n<p class=\"break-words\">Os cilindros hidr\u00e1ulicos telesc\u00f3picos s\u00e3o incrivelmente vers\u00e1teis, alimentando uma ampla gama de equipamentos em v\u00e1rios setores<\/p>\n<p class=\"break-words\">Na It\u00e1lia, esses cilindros desempenham um papel fundamental nas ind\u00fastrias locais. Em Mil\u00e3o, um centro de constru\u00e7\u00e3o, eles movimentam os guindastes que moldam o horizonte da cidade. Nas regi\u00f5es agr\u00edcolas pr\u00f3ximas a Floren\u00e7a, eles alimentam m\u00e1quinas que mant\u00eam as fazendas produtivas. Em Veneza, onde ruas estreitas exigem solu\u00e7\u00f5es compactas, eles s\u00e3o vitais para ve\u00edculos de gerenciamento de res\u00edduos. Enquanto isso, o setor manufatureiro de Bolonha depende deles para o desempenho robusto de seus equipamentos.<\/p>\n<\/div>\n<p>[\/et_pb_text][\/et_pb_column][\/et_pb_row][et_pb_row _builder_version=&#8221;4.27.4&#8243; _module_preset=&#8221;default&#8221; column_structure=&#8221;1_2,1_2&#8243; theme_builder_area=&#8221;post_content&#8221;][et_pb_column _builder_version=&#8221;4.27.4&#8243; _module_preset=&#8221;default&#8221; type=&#8221;1_2&#8243; theme_builder_area=&#8221;post_content&#8221;][et_pb_blurb title=&#8221;Construction&#8221; image=&#8221;https:\/\/fmp-components.com\/wp-content\/uploads\/2025\/03\/excavators.webp&#8221; _builder_version=&#8221;4.27.4&#8243; _module_preset=&#8221;default&#8221; theme_builder_area=&#8221;post_content&#8221; header_text_align=&#8221;center&#8221; text_orientation=&#8221;center&#8221; alt=&#8221;excavators&#8221; title_text=&#8221;excavators&#8221; hover_enabled=&#8221;0&#8243; sticky_enabled=&#8221;0&#8243;]<\/p>\n<p>Usado em guindastes e escavadeiras para capacidades de eleva\u00e7\u00e3o e alcance.<\/p>\n<p>[\/et_pb_blurb][\/et_pb_column][et_pb_column _builder_version=&#8221;4.27.4&#8243; _module_preset=&#8221;default&#8221; type=&#8221;1_2&#8243; theme_builder_area=&#8221;post_content&#8221;][et_pb_blurb title=&#8221;Agriculture&#8221; image=&#8221;https:\/\/fmp-components.com\/wp-content\/uploads\/2025\/03\/Agriculture-harvester.webp&#8221; _builder_version=&#8221;4.27.4&#8243; _module_preset=&#8221;default&#8221; theme_builder_area=&#8221;post_content&#8221; header_text_align=&#8221;center&#8221; text_orientation=&#8221;center&#8221; alt=&#8221;Agriculture-harvester&#8221; title_text=&#8221;Agriculture-harvester&#8221; hover_enabled=&#8221;0&#8243; sticky_enabled=&#8221;0&#8243;]<\/p>\n<p>Encontrado em colheitadeiras e carregadeiras para manuseio eficiente de materiais.<\/p>\n<p>[\/et_pb_blurb][\/et_pb_column][\/et_pb_row][et_pb_row _builder_version=&#8221;4.27.4&#8243; _module_preset=&#8221;default&#8221; column_structure=&#8221;1_2,1_2&#8243; theme_builder_area=&#8221;post_content&#8221;][et_pb_column _builder_version=&#8221;4.27.4&#8243; _module_preset=&#8221;default&#8221; type=&#8221;1_2&#8243; theme_builder_area=&#8221;post_content&#8221;][et_pb_blurb title=&#8221;Waste Management&#8221; image=&#8221;https:\/\/fmp-components.com\/wp-content\/uploads\/2025\/03\/garbage-trucks.webp&#8221; _builder_version=&#8221;4.27.4&#8243; _module_preset=&#8221;default&#8221; theme_builder_area=&#8221;post_content&#8221; header_text_align=&#8221;center&#8221; text_orientation=&#8221;center&#8221; alt=&#8221;garbage-trucks&#8221; title_text=&#8221;garbage-trucks&#8221; hover_enabled=&#8221;0&#8243; sticky_enabled=&#8221;0&#8243;]<\/p>\n<p>Empregado em caminh\u00f5es de lixo e compactadores para opera\u00e7\u00e3o compacta, por\u00e9m potente.<\/p>\n<p>[\/et_pb_blurb][\/et_pb_column][et_pb_column _builder_version=&#8221;4.27.4&#8243; _module_preset=&#8221;default&#8221; type=&#8221;1_2&#8243; theme_builder_area=&#8221;post_content&#8221;][et_pb_blurb title=&#8221;Transportation&#8221; image=&#8221;https:\/\/fmp-components.com\/wp-content\/uploads\/2025\/03\/dump-trucks.webp&#8221; _builder_version=&#8221;4.27.4&#8243; _module_preset=&#8221;default&#8221; theme_builder_area=&#8221;post_content&#8221; header_text_align=&#8221;center&#8221; text_orientation=&#8221;center&#8221; alt=&#8221;dump-trucks&#8221; title_text=&#8221;dump-trucks&#8221; hover_enabled=&#8221;0&#8243; sticky_enabled=&#8221;0&#8243;]<\/p>\n<p>Integral a caminh\u00f5es basculantes e reboques de transfer\u00eancia para manuseio de cargas pesadas.<\/p>\n<p>[\/et_pb_blurb][\/et_pb_column][\/et_pb_row][\/et_pb_section][et_pb_section fb_built=&#8221;1&#8243; theme_builder_area=&#8221;post_content&#8221; _builder_version=&#8221;4.27.4&#8243; _module_preset=&#8221;default&#8221;][et_pb_row _builder_version=&#8221;4.27.4&#8243; _module_preset=&#8221;default&#8221; theme_builder_area=&#8221;post_content&#8221; max_width=&#8221;1250px&#8221; width=&#8221;100%&#8221; hover_enabled=&#8221;0&#8243; sticky_enabled=&#8221;0&#8243;][et_pb_column _builder_version=&#8221;4.27.4&#8243; _module_preset=&#8221;default&#8221; type=&#8221;4_4&#8243; theme_builder_area=&#8221;post_content&#8221;][et_pb_text _builder_version=&#8221;4.27.4&#8243; _module_preset=&#8221;default&#8221; theme_builder_area=&#8221;post_content&#8221; hover_enabled=&#8221;0&#8243; sticky_enabled=&#8221;0&#8243; text_font_size=&#8221;16px&#8221; text_line_height=&#8221;1.8em&#8221;]<\/p>\n<div>\n<h2>Cilindros Hidr\u00e1ulicos Telesc\u00f3picos da FMP<\/h2>\n<p class=\"break-words\">Na FMP, oferecemos uma ampla gama de cilindros hidr\u00e1ulicos telesc\u00f3picos adaptados para atender a diversas necessidades:<\/p>\n<ul class=\"marker:text-secondary\">\n<li class=\"break-words\"><strong>Cilindros de simples a\u00e7\u00e3o<\/strong>: Perfeito para aplica\u00e7\u00f5es onde a retra\u00e7\u00e3o \u00e9 auxiliada pela gravidade ou for\u00e7as externas, como caminh\u00f5es basculantes.<\/li>\n<li class=\"break-words\"><strong>Cilindros de dupla a\u00e7\u00e3o<\/strong>: Projetado para precis\u00e3o, usando energia hidr\u00e1ulica para extens\u00e3o e retra\u00e7\u00e3o, ideal para equipamentos de constru\u00e7\u00e3o.<\/li>\n<li class=\"break-words\"><strong>Cilindros combinados<\/strong>: Combinando os benef\u00edcios de ambos os tipos para aplica\u00e7\u00f5es especializadas.<\/li>\n<\/ul>\n<p class=\"break-words\">Nossos cilindros apresentam especifica\u00e7\u00f5es impressionantes:<\/p>\n<ul class=\"marker:text-secondary\">\n<li class=\"break-words\">Di\u00e2metros do furo de at\u00e9 15 polegadas.<\/li>\n<li class=\"break-words\">Comprimentos de curso de at\u00e9 500 polegadas.<\/li>\n<li class=\"break-words\">At\u00e9 5 est\u00e1gios.<\/li>\n<li class=\"break-words\">Press\u00f5es operacionais de at\u00e9 2.000 psi, com op\u00e7\u00f5es personalizadas para press\u00f5es mais altas.<\/li>\n<\/ul>\n<p class=\"break-words\">Constru\u00eddos com a\u00e7o de alta resist\u00eancia, est\u00e1gios cromados duros e veda\u00e7\u00f5es dur\u00e1veis, nossos cilindros s\u00e3o projetados para suportar condi\u00e7\u00f5es exigentes. Recursos como gaxetas em V ajust\u00e1veis \u200b\u200be estilos de montagem opcionais (tubo cruzado ou munh\u00e3o) garantem a adaptabilidade ao seu equipamento.<\/p>\n<h3>Personaliza\u00e7\u00e3o na ponta dos dedos<\/h3>\n<p class=\"break-words\">Um dos nossos pontos fortes \u00e9 a capacidade de fornecer cilindros hidr\u00e1ulicos telesc\u00f3picos personalizados. Seja qual for a sua necessidade, seja um di\u00e2metro interno, curso ou configura\u00e7\u00e3o de montagem espec\u00edficos, nossa experiente equipe de engenharia colabora com voc\u00ea para projetar uma solu\u00e7\u00e3o que se adapte perfeitamente \u00e0 sua aplica\u00e7\u00e3o \u2014 seja um caminh\u00e3o de lixo em Floren\u00e7a ou um guindaste em Mil\u00e3o. Nosso r\u00e1pido tempo de resposta \u2014 geralmente em menos de um m\u00eas \u2014 nos diferencia, garantindo que voc\u00ea receba seu cilindro personalizado mais r\u00e1pido do que o padr\u00e3o do setor.<\/p>\n<p class=\"break-words\">Se voc\u00ea n\u00e3o encontrar o modelo exato que precisa em nossa lista de produtos, n\u00e3o se preocupe \u2014 \u00e9 prov\u00e1vel que ainda n\u00e3o tenhamos tido a oportunidade de list\u00e1-lo. Basta nos enviar um e-mail com suas especifica\u00e7\u00f5es e nossos engenheiros responder\u00e3o em at\u00e9 24 horas com uma solu\u00e7\u00e3o personalizada.<\/p>\n<\/div>\n<p>[\/et_pb_text][\/et_pb_column][\/et_pb_row][et_pb_row _builder_version=&#8221;4.27.4&#8243; _module_preset=&#8221;default&#8221; column_structure=&#8221;1_2,1_2&#8243; theme_builder_area=&#8221;post_content&#8221; use_custom_gutter=&#8221;on&#8221; gutter_width=&#8221;2&#8243; hover_enabled=&#8221;0&#8243; sticky_enabled=&#8221;0&#8243; max_width=&#8221;1250px&#8221; width=&#8221;100%&#8221;][et_pb_column _builder_version=&#8221;4.27.4&#8243; _module_preset=&#8221;default&#8221; type=&#8221;1_2&#8243; theme_builder_area=&#8221;post_content&#8221;][et_pb_image src=&#8221;https:\/\/fmp-components.com\/wp-content\/uploads\/2025\/03\/fmp-hydraulic-cylinder-factory.webp&#8221; _builder_version=&#8221;4.27.4&#8243; _module_preset=&#8221;default&#8221; theme_builder_area=&#8221;post_content&#8221; alt=&#8221;fmp-hydraulic-cylinder-factory&#8221; title_text=&#8221;fmp-hydraulic-cylinder-factory&#8221; hover_enabled=&#8221;0&#8243; sticky_enabled=&#8221;0&#8243;][\/et_pb_image][\/et_pb_column][et_pb_column _builder_version=&#8221;4.27.4&#8243; _module_preset=&#8221;default&#8221; type=&#8221;1_2&#8243; theme_builder_area=&#8221;post_content&#8221;][et_pb_image src=&#8221;https:\/\/fmp-components.com\/wp-content\/uploads\/2025\/03\/fmp-hydraulic-cylinder-factory2.webp&#8221; _builder_version=&#8221;4.27.4&#8243; _module_preset=&#8221;default&#8221; theme_builder_area=&#8221;post_content&#8221; alt=&#8221;fmp-hydraulic-cylinder-factory2&#8243; title_text=&#8221;fmp-hydraulic-cylinder-factory2&#8243; hover_enabled=&#8221;0&#8243; sticky_enabled=&#8221;0&#8243;][\/et_pb_image][\/et_pb_column][\/et_pb_row][\/et_pb_section]<\/p>","protected":false},"excerpt":{"rendered":"<p>Telescopic Hydraulic Cylinders Telescopic Hydraulic Cylinders: Power and Precision from FMP Company In the realm of hydraulic systems, telescopic hydraulic cylinders are renowned for their ability to provide extended reach within a compact design. These versatile components are vital for applications requiring long strokes in limited spaces, making them indispensable across various industries. At FMP, [&hellip;]<\/p>","protected":false},"author":2,"featured_media":0,"parent":0,"menu_order":0,"comment_status":"closed","ping_status":"closed","template":"","meta":{"_et_pb_use_builder":"on","_et_pb_old_content":"","_et_gb_content_width":"","footnotes":""},"class_list":["post-7276","page","type-page","status-publish","hentry"],"_links":{"self":[{"href":"https:\/\/fmp-components.com\/pt\/wp-json\/wp\/v2\/pages\/7276","targetHints":{"allow":["GET"]}}],"collection":[{"href":"https:\/\/fmp-components.com\/pt\/wp-json\/wp\/v2\/pages"}],"about":[{"href":"https:\/\/fmp-components.com\/pt\/wp-json\/wp\/v2\/types\/page"}],"author":[{"embeddable":true,"href":"https:\/\/fmp-components.com\/pt\/wp-json\/wp\/v2\/users\/2"}],"replies":[{"embeddable":true,"href":"https:\/\/fmp-components.com\/pt\/wp-json\/wp\/v2\/comments?post=7276"}],"version-history":[{"count":12,"href":"https:\/\/fmp-components.com\/pt\/wp-json\/wp\/v2\/pages\/7276\/revisions"}],"predecessor-version":[{"id":7304,"href":"https:\/\/fmp-components.com\/pt\/wp-json\/wp\/v2\/pages\/7276\/revisions\/7304"}],"wp:attachment":[{"href":"https:\/\/fmp-components.com\/pt\/wp-json\/wp\/v2\/media?parent=7276"}],"curies":[{"name":"wp","href":"https:\/\/api.w.org\/{rel}","templated":true}]}}