{"id":6269,"date":"2025-03-07T03:38:27","date_gmt":"2025-03-07T03:38:27","guid":{"rendered":"https:\/\/fmp-components.com\/?page_id=6269"},"modified":"2025-03-07T06:14:40","modified_gmt":"2025-03-07T06:14:40","slug":"steel-2","status":"publish","type":"page","link":"https:\/\/fmp-components.com\/pt\/steel-2\/","title":{"rendered":"A\u00e7o"},"content":{"rendered":"<p>[et_pb_section fb_built=&#8221;1&#8243; theme_builder_area=&#8221;post_content&#8221; _builder_version=&#8221;4.27.4&#8243; _module_preset=&#8221;default&#8221; alt=&#8221;Steel&#8221; title_text=&#8221;steel-banner&#8221; background_image=&#8221;https:\/\/fmp-components.com\/wp-content\/uploads\/2025\/03\/steel-banner.webp&#8221; hover_enabled=&#8221;0&#8243; sticky_enabled=&#8221;0&#8243; min_height=&#8221;447px&#8221; use_background_color_gradient=&#8221;on&#8221; background_color_gradient_stops=&#8221;rgba(0,0,0,0.2) 0%|rgba(0,0,0,0.15) 100%&#8221; background_color_gradient_overlays_image=&#8221;on&#8221;][et_pb_row _builder_version=&#8221;4.27.4&#8243; _module_preset=&#8221;default&#8221; theme_builder_area=&#8221;post_content&#8221;][et_pb_column _builder_version=&#8221;4.27.4&#8243; _module_preset=&#8221;default&#8221; type=&#8221;4_4&#8243; theme_builder_area=&#8221;post_content&#8221;][et_pb_text _builder_version=&#8221;4.27.4&#8243; _module_preset=&#8221;default&#8221; theme_builder_area=&#8221;post_content&#8221; text_orientation=&#8221;center&#8221; text_text_color=&#8221;#FFFFFF&#8221; header_font=&#8221;Frank Ruhl Libre||||||||&#8221; header_text_align=&#8221;center&#8221; header_text_color=&#8221;#FFFFFF&#8221; header_font_size=&#8221;70px&#8221; header_text_shadow_style=&#8221;preset1&#8243; hover_enabled=&#8221;0&#8243; sticky_enabled=&#8221;0&#8243;]<\/p>\n<h1 style=\"text-align: center;\">A\u00e7o<\/h1>\n<p>[\/et_pb_text][\/et_pb_column][\/et_pb_row][\/et_pb_section][et_pb_section fb_built=&#8221;1&#8243; theme_builder_area=&#8221;post_content&#8221; _builder_version=&#8221;4.27.4&#8243; _module_preset=&#8221;default&#8221;][et_pb_row _builder_version=&#8221;4.27.4&#8243; _module_preset=&#8221;default&#8221; theme_builder_area=&#8221;post_content&#8221;][et_pb_column _builder_version=&#8221;4.27.4&#8243; _module_preset=&#8221;default&#8221; type=&#8221;4_4&#8243; theme_builder_area=&#8221;post_content&#8221;][et_pb_text _builder_version=&#8221;4.27.4&#8243; _module_preset=&#8221;default&#8221; theme_builder_area=&#8221;post_content&#8221; header_font=&#8221;Frank Ruhl Libre||||||||&#8221; header_2_font=&#8221;Frank Ruhl Libre||||||||&#8221; header_2_font_size=&#8221;35px&#8221; hover_enabled=&#8221;0&#8243; sticky_enabled=&#8221;0&#8243;]<\/p>\n<h2>Solu\u00e7\u00f5es em a\u00e7o da FMP: Impulsionando as ind\u00fastrias italianas com qualidade e precis\u00e3o.<\/h2>\n<p>[\/et_pb_text][et_pb_text _builder_version=&#8221;4.27.4&#8243; _module_preset=&#8221;default&#8221; theme_builder_area=&#8221;post_content&#8221; text_font_size=&#8221;16px&#8221; text_line_height=&#8221;1.8em&#8221; hover_enabled=&#8221;0&#8243; sticky_enabled=&#8221;0&#8243;]<\/p>\n<p>Quando se trata de a\u00e7o, a FMP Company se destaca como l\u00edder confi\u00e1vel na It\u00e1lia, fornecendo uma vasta gama de produtos de a\u00e7o de alta qualidade para atender \u00e0s necessidades de ind\u00fastrias, artes\u00e3os e inovadores em toda a pen\u00ednsula. O a\u00e7o \u2014 uma liga de ferro e carbono com teor de carbono de at\u00e9 2% \u2014 \u00e9 a espinha dorsal da infraestrutura moderna, desde os imponentes arranha-c\u00e9us de Mil\u00e3o at\u00e9 as complexas m\u00e1quinas das oficinas da Toscana. Na FMP, oferecemos um extenso portf\u00f3lio de tipos de a\u00e7o, incluindo a\u00e7o carbono, a\u00e7o liga, a\u00e7o inoxid\u00e1vel e a\u00e7o ferramenta, todos fabricados para atender \u00e0s diversas aplica\u00e7\u00f5es na It\u00e1lia.<\/p>\n<p>[\/et_pb_text][\/et_pb_column][\/et_pb_row][et_pb_row _builder_version=&#8221;4.27.4&#8243; _module_preset=&#8221;default&#8221; theme_builder_area=&#8221;post_content&#8221;][et_pb_column _builder_version=&#8221;4.27.4&#8243; _module_preset=&#8221;default&#8221; type=&#8221;4_4&#8243; theme_builder_area=&#8221;post_content&#8221;][et_pb_text _builder_version=&#8221;4.27.4&#8243; _module_preset=&#8221;default&#8221; theme_builder_area=&#8221;post_content&#8221; header_font=&#8221;Frank Ruhl Libre||||||||&#8221; header_2_font=&#8221;Frank Ruhl Libre||||||||&#8221; header_2_font_size=&#8221;35px&#8221; hover_enabled=&#8221;0&#8243; sticky_enabled=&#8221;0&#8243;]<\/p>\n<h2>O que torna o a\u00e7o essencial?<\/h2>\n<p>[\/et_pb_text][et_pb_text _builder_version=&#8221;4.27.4&#8243; _module_preset=&#8221;default&#8221; theme_builder_area=&#8221;post_content&#8221; text_font_size=&#8221;16px&#8221; text_line_height=&#8221;1.8em&#8221; hover_enabled=&#8221;0&#8243; sticky_enabled=&#8221;0&#8243;]<\/p>\n<p>A versatilidade do a\u00e7o deriva de sua composi\u00e7\u00e3o \u00fanica: ferro, um dos elementos mais abundantes da Terra, combinado com carbono para criar um material mais forte e dur\u00e1vel do que o ferro puro. Com uma produ\u00e7\u00e3o global de 1,6 bilh\u00e3o de toneladas em 2013 (em compara\u00e7\u00e3o com apenas 47 milh\u00f5es de toneladas de alum\u00ednio, o segundo metal de engenharia mais importante), o a\u00e7o domina como o material mais utilizado no mundo. Ele molda tudo, desde agulhas de costura a petroleiros \u2014 e at\u00e9 mesmo as ferramentas usadas para fabric\u00e1-los. Na FMP, aproveitamos as propriedades mec\u00e2nicas incompar\u00e1veis \u200b\u200bdo a\u00e7o \u2014 gra\u00e7as \u00e0s suas estruturas cristalinas, como ferrita, austenita e martensita \u2014 para fornecer produtos sob medida para as demandas industriais e criativas da It\u00e1lia.<\/p>\n<p>[\/et_pb_text][\/et_pb_column][\/et_pb_row][et_pb_row _builder_version=&#8221;4.27.4&#8243; _module_preset=&#8221;default&#8221; theme_builder_area=&#8221;post_content&#8221;][et_pb_column _builder_version=&#8221;4.27.4&#8243; _module_preset=&#8221;default&#8221; type=&#8221;4_4&#8243; theme_builder_area=&#8221;post_content&#8221;][et_pb_image src=&#8221;https:\/\/fmp-components.com\/wp-content\/uploads\/2025\/03\/steel-product.webp&#8221; _builder_version=&#8221;4.27.4&#8243; _module_preset=&#8221;default&#8221; theme_builder_area=&#8221;post_content&#8221; alt=&#8221;steel product&#8221; title_text=&#8221;steel-product&#8221; hover_enabled=&#8221;0&#8243; sticky_enabled=&#8221;0&#8243; align=&#8221;center&#8221;][\/et_pb_image][\/et_pb_column][\/et_pb_row][et_pb_row _builder_version=&#8221;4.27.4&#8243; _module_preset=&#8221;default&#8221; theme_builder_area=&#8221;post_content&#8221; custom_padding=&#8221;||3px|||&#8221;][et_pb_column _builder_version=&#8221;4.27.4&#8243; _module_preset=&#8221;default&#8221; type=&#8221;4_4&#8243; theme_builder_area=&#8221;post_content&#8221;][et_pb_text _builder_version=&#8221;4.27.4&#8243; _module_preset=&#8221;default&#8221; theme_builder_area=&#8221;post_content&#8221; header_2_font=&#8221;Frank Ruhl Libre||||||||&#8221; header_2_font_size=&#8221;35px&#8221; hover_enabled=&#8221;0&#8243; sticky_enabled=&#8221;0&#8243;]<\/p>\n<h2 style=\"text-align: center;\">Por que escolher os produtos de a\u00e7o da FMP na It\u00e1lia?<\/h2>\n<p>[\/et_pb_text][\/et_pb_column][\/et_pb_row][et_pb_row _builder_version=&#8221;4.27.4&#8243; _module_preset=&#8221;default&#8221; column_structure=&#8221;1_3,1_3,1_3&#8243; theme_builder_area=&#8221;post_content&#8221; use_custom_gutter=&#8221;on&#8221; gutter_width=&#8221;2&#8243; width=&#8221;100%&#8221; max_width=&#8221;1100px&#8221; hover_enabled=&#8221;0&#8243; sticky_enabled=&#8221;0&#8243;][et_pb_column _builder_version=&#8221;4.27.4&#8243; _module_preset=&#8221;default&#8221; type=&#8221;1_3&#8243; theme_builder_area=&#8221;post_content&#8221;][et_pb_text _builder_version=&#8221;4.27.4&#8243; _module_preset=&#8221;default&#8221; theme_builder_area=&#8221;post_content&#8221; header_3_font=&#8221;Frank Ruhl Libre||||||||&#8221; hover_enabled=&#8221;0&#8243; sticky_enabled=&#8221;0&#8243;]<\/p>\n<h3>Portf\u00f3lio completo de a\u00e7o<\/h3>\n<div>\n<p>Na FMP, orgulhamo-nos de oferecer uma ampla variedade de a\u00e7os para atender a todas as necessidades:<\/p>\n<ul class=\"marker:text-secondary\">\n<li class=\"break-words\"><strong>A\u00e7os Carbono<\/strong>De baixo carbono (0,05-0,19%) para pain\u00e9is automotivos a alto carbono (acima de 0,5%) para trilhos ferrovi\u00e1rios.<\/li>\n<li class=\"break-words\"><strong>A\u00e7os-liga<\/strong>Enriquecido com elementos como n\u00edquel, cromo e molibd\u00eanio para maior resist\u00eancia e prote\u00e7\u00e3o contra corros\u00e3o.<\/li>\n<li class=\"break-words\"><strong>A\u00e7os inoxid\u00e1veis<\/strong>Ideal para os setores de processamento de alimentos e m\u00e9dico da It\u00e1lia, resistindo \u00e0 ferrugem em climas \u00famidos como o de Veneza.<\/li>\n<li class=\"break-words\"><strong>A\u00e7os para ferramentas<\/strong>Endurecido para ferramentas de corte de precis\u00e3o usadas nas oficinas de engenharia de Bolonha.<br \/>Nossa gama de produtos abrange desde fios trefilados com espessura de apenas 0,013 mm at\u00e9 barras forjadas com at\u00e9 1.100 mm de di\u00e2metro, garantindo que tenhamos o a\u00e7o certo para o seu projeto.<\/li>\n<\/ul>\n<\/div>\n<p>[\/et_pb_text][\/et_pb_column][et_pb_column _builder_version=&#8221;4.27.4&#8243; _module_preset=&#8221;default&#8221; type=&#8221;1_3&#8243; theme_builder_area=&#8221;post_content&#8221;][et_pb_text _builder_version=&#8221;4.27.4&#8243; _module_preset=&#8221;default&#8221; theme_builder_area=&#8221;post_content&#8221; header_3_font=&#8221;Frank Ruhl Libre||||||||&#8221; hover_enabled=&#8221;0&#8243; sticky_enabled=&#8221;0&#8243;]<\/p>\n<h3>Conhecimento avan\u00e7ado em fabrica\u00e7\u00e3o<\/h3>\n<div>\n<p>A resist\u00eancia do a\u00e7o prov\u00e9m de sua microestrutura \u2014 seja a ferrita c\u00fabica de corpo centrado (CCC) abaixo de 912 \u00b0C ou a austenita c\u00fabica de faces centradas (CFC) entre 912 \u00b0C e 1.394 \u00b0C. Na FMP, dominamos essas transforma\u00e7\u00f5es por meio de tratamentos t\u00e9rmicos precisos, como t\u00eampera e revenido, para produzir martensita (com dureza de at\u00e9 1.000 DPH) ou perlita resistente (em torno de 200 DPH). Nossas instala\u00e7\u00f5es de \u00faltima gera\u00e7\u00e3o na It\u00e1lia garantem que cada produto de a\u00e7o atenda a padr\u00f5es internacionais como a ISO 4184, proporcionando confiabilidade para suas aplica\u00e7\u00f5es.<\/p>\n<\/div>\n<p>[\/et_pb_text][\/et_pb_column][et_pb_column _builder_version=&#8221;4.27.4&#8243; _module_preset=&#8221;default&#8221; type=&#8221;1_3&#8243; theme_builder_area=&#8221;post_content&#8221;][et_pb_text _builder_version=&#8221;4.27.4&#8243; _module_preset=&#8221;default&#8221; theme_builder_area=&#8221;post_content&#8221; header_3_font=&#8221;Frank Ruhl Libre||||||||&#8221; hover_enabled=&#8221;0&#8243; sticky_enabled=&#8221;0&#8243;]<\/p>\n<h3>Personaliza\u00e7\u00e3o para as necessidades italianas<\/h3>\n<div>\n<p>N\u00e3o consegue encontrar o a\u00e7o que precisa? A FMP especializa-se em solu\u00e7\u00f5es personalizadas. Quer necessite de um a\u00e7o de baixo carbono com elevada soldabilidade para um estaleiro em N\u00e1poles ou de uma liga de alta resist\u00eancia para um projeto aeroespacial em Turim, adaptamos o nosso a\u00e7o \u00e0s suas especifica\u00e7\u00f5es. Contacte-nos em <a href=\"mailto:info@fmpcomponents.it\">info@fmpcomponents.it<\/a>E nossos engenheiros criar\u00e3o um produto que atenda \u00e0s suas necessidades exatas \u2014 at\u00e9 o tamanho do gr\u00e3o e a composi\u00e7\u00e3o da liga.<\/p>\n<\/div>\n<p>[\/et_pb_text][\/et_pb_column][\/et_pb_row][et_pb_row _builder_version=&#8221;4.27.4&#8243; _module_preset=&#8221;default&#8221; column_structure=&#8221;1_3,1_3,1_3&#8243; theme_builder_area=&#8221;post_content&#8221; use_custom_gutter=&#8221;on&#8221; gutter_width=&#8221;2&#8243; width=&#8221;100%&#8221; max_width=&#8221;1100px&#8221; hover_enabled=&#8221;0&#8243; sticky_enabled=&#8221;0&#8243;][et_pb_column _builder_version=&#8221;4.27.4&#8243; _module_preset=&#8221;default&#8221; type=&#8221;1_3&#8243; theme_builder_area=&#8221;post_content&#8221;][et_pb_text _builder_version=&#8221;4.27.4&#8243; _module_preset=&#8221;default&#8221; theme_builder_area=&#8221;post_content&#8221; header_3_font=&#8221;Frank Ruhl Libre||||||||&#8221; hover_enabled=&#8221;0&#8243; sticky_enabled=&#8221;0&#8243;]<\/p>\n<h3>Compromisso local italiano<\/h3>\n<div>\n<p>Estamos sediados na It\u00e1lia e contamos com uma equipe de atendimento ao cliente que fala italiano fluentemente. Nossos especialistas oferecem suporte pr\u00e1tico, desde a sele\u00e7\u00e3o do tipo de a\u00e7o adequado at\u00e9 o aconselhamento sobre instala\u00e7\u00e3o e manuten\u00e7\u00e3o. Precisa de a\u00e7o para um projeto sustent\u00e1vel em Floren\u00e7a? Produzido com at\u00e9 941 TP4T de sucata reciclada e um processo de baixa emiss\u00e3o de CO2, nossas op\u00e7\u00f5es de a\u00e7o ecol\u00f3gico reduzem o impacto ambiental em 831 TP4T \u2013 perfeitas para o futuro ambientalmente consciente da It\u00e1lia.<\/p>\n<\/div>\n<p>[\/et_pb_text][\/et_pb_column][et_pb_column _builder_version=&#8221;4.27.4&#8243; _module_preset=&#8221;default&#8221; type=&#8221;1_3&#8243; theme_builder_area=&#8221;post_content&#8221;][et_pb_text _builder_version=&#8221;4.27.4&#8243; _module_preset=&#8221;default&#8221; theme_builder_area=&#8221;post_content&#8221; header_3_font=&#8221;Frank Ruhl Libre||||||||&#8221; hover_enabled=&#8221;0&#8243; sticky_enabled=&#8221;0&#8243;]<\/p>\n<h3>Durabilidade e propriedades inigual\u00e1veis<\/h3>\n<div>\n<p>As propriedades do a\u00e7o s\u00e3o aprimoradas pelo carbono e por elementos de liga. Por exemplo, a adi\u00e7\u00e3o de carbono 0,77% cria perlita, enquanto o resfriamento r\u00e1pido forma martensita para m\u00e1xima dureza. Na FMP, tamb\u00e9m adicionamos elementos de liga como tit\u00e2nio, van\u00e1dio e mangan\u00eas para aumentar a resist\u00eancia, a temperabilidade e a resist\u00eancia ao desgaste \u2014 ideal para os setores de constru\u00e7\u00e3o, automotivo e energ\u00e9tico da It\u00e1lia. Nosso a\u00e7o suporta as tens\u00f5es mec\u00e2nicas das prensas de azeite da Puglia e a maresia corrosiva da Lig\u00faria.<\/p>\n<\/div>\n<p>[\/et_pb_text][\/et_pb_column][et_pb_column _builder_version=&#8221;4.27.4&#8243; _module_preset=&#8221;default&#8221; type=&#8221;1_3&#8243; theme_builder_area=&#8221;post_content&#8221;][et_pb_text _builder_version=&#8221;4.27.4&#8243; _module_preset=&#8221;default&#8221; theme_builder_area=&#8221;post_content&#8221; header_3_font=&#8221;Frank Ruhl Libre||||||||&#8221; hover_enabled=&#8221;0&#8243; sticky_enabled=&#8221;0&#8243;]<\/p>\n<h3>Aprovado pelas ind\u00fastrias italianas<\/h3>\n<div>\n<p>Da agricultura na Sic\u00edlia \u00e0 engenharia mec\u00e2nica na Emilia-Romagna, o a\u00e7o FMP impulsiona os principais setores da It\u00e1lia. Nossos a\u00e7os de alta resist\u00eancia e baixa liga (HSLA) s\u00e3o utilizados em oleodutos e estruturas offshore, enquanto os a\u00e7os de usinagem livre com inclus\u00f5es de enxofre e chumbo aumentam a vida \u00fatil das ferramentas para os fabricantes de Brescia. Com mais de 20 anos de experi\u00eancia, conquistamos a confian\u00e7a dos profissionais italianos, oferecendo qualidade, precis\u00e3o e inova\u00e7\u00e3o.<\/p>\n<\/div>\n<p>[\/et_pb_text][\/et_pb_column][\/et_pb_row][et_pb_row _builder_version=&#8221;4.27.4&#8243; _module_preset=&#8221;default&#8221; theme_builder_area=&#8221;post_content&#8221;][et_pb_column _builder_version=&#8221;4.27.4&#8243; _module_preset=&#8221;default&#8221; type=&#8221;4_4&#8243; theme_builder_area=&#8221;post_content&#8221;][et_pb_image src=&#8221;https:\/\/fmp-components.com\/wp-content\/uploads\/2025\/03\/steel-product-1.webp&#8221; _builder_version=&#8221;4.27.4&#8243; _module_preset=&#8221;default&#8221; theme_builder_area=&#8221;post_content&#8221; alt=&#8221;steel product&#8221; title_text=&#8221;steel-product-1&#8243; hover_enabled=&#8221;0&#8243; sticky_enabled=&#8221;0&#8243; align=&#8221;center&#8221;][\/et_pb_image][\/et_pb_column][\/et_pb_row][et_pb_row _builder_version=&#8221;4.27.4&#8243; _module_preset=&#8221;default&#8221; theme_builder_area=&#8221;post_content&#8221; column_structure=&#8221;1_2,1_2&#8243;][et_pb_column _builder_version=&#8221;4.27.4&#8243; _module_preset=&#8221;default&#8221; type=&#8221;1_2&#8243; theme_builder_area=&#8221;post_content&#8221;][et_pb_text _builder_version=&#8221;4.27.4&#8243; _module_preset=&#8221;default&#8221; theme_builder_area=&#8221;post_content&#8221; header_2_font=&#8221;Frank Ruhl Libre||||||||&#8221; header_2_font_size=&#8221;30px&#8221; header_2_text_align=&#8221;left&#8221; text_font_size=&#8221;16px&#8221; text_line_height=&#8221;1.8em&#8221; hover_enabled=&#8221;0&#8243; sticky_enabled=&#8221;0&#8243;]<\/p>\n<h2 style=\"text-align: left;\">Aplica\u00e7\u00f5es do a\u00e7o em toda a It\u00e1lia<\/h2>\n<p>A versatilidade do a\u00e7o se destaca na paisagem diversificada da It\u00e1lia:<\/p>\n<p>Constru\u00e7\u00e3o: Placas de a\u00e7o de m\u00e9dio carbono s\u00e3o usadas na constru\u00e7\u00e3o de pontes em G\u00eanova e arranha-c\u00e9us em Mil\u00e3o.<br \/>Automotivo: Chapas de baixo carbono formam as carrocerias em f\u00e1bricas de Turim.<br \/>Agricultura: A\u00e7os para ferramentas produzem equipamentos dur\u00e1veis \u200b\u200bpara os vinhedos da \u00dambria.<br \/>Energia: A\u00e7os-liga refor\u00e7am turbinas e\u00f3licas ao longo da costa do Adri\u00e1tico.<\/p>\n<p>[\/et_pb_text][\/et_pb_column][et_pb_column _builder_version=&#8221;4.27.4&#8243; _module_preset=&#8221;default&#8221; type=&#8221;1_2&#8243; theme_builder_area=&#8221;post_content&#8221;][et_pb_text _builder_version=&#8221;4.27.4&#8243; _module_preset=&#8221;default&#8221; theme_builder_area=&#8221;post_content&#8221; header_2_font=&#8221;Frank Ruhl Libre||||||||&#8221; header_2_font_size=&#8221;30px&#8221; header_2_text_align=&#8221;left&#8221; text_font_size=&#8221;16px&#8221; text_line_height=&#8221;1.8em&#8221; hover_enabled=&#8221;0&#8243; sticky_enabled=&#8221;0&#8243;]<\/p>\n<h2 style=\"text-align: left;\">Como o FMP eleva o desempenho do a\u00e7o<\/h2>\n<p>N\u00e3o nos limitamos a fornecer a\u00e7o \u2014 n\u00f3s o otimizamos. Nossos processos de tratamento t\u00e9rmico ajustam as taxas de difus\u00e3o de carbono, criando microestruturas refinadas que conferem resist\u00eancia e ductilidade. Elementos de liga, como n\u00edquel e cromo, aumentam a resist\u00eancia \u00e0 corros\u00e3o, enquanto o endurecimento por precipita\u00e7\u00e3o com tit\u00e2nio ou ni\u00f3bio garante tamanhos de gr\u00e3o pequenos para maior tenacidade. Nosso software de design 3D transforma suas ideias em realidade, seguido por fabrica\u00e7\u00e3o e entrega de precis\u00e3o.<\/p>\n<p>[\/et_pb_text][\/et_pb_column][\/et_pb_row][\/et_pb_section][et_pb_section fb_built=&#8221;1&#8243; theme_builder_area=&#8221;post_content&#8221; _builder_version=&#8221;4.27.4&#8243; _module_preset=&#8221;default&#8221; alt=&#8221;Steel Product&#8221; title_text=&#8221;steel-product-2&#8243; background_image=&#8221;https:\/\/fmp-components.com\/wp-content\/uploads\/2025\/03\/steel-product-2.webp&#8221; use_background_color_gradient=&#8221;on&#8221; background_color_gradient_stops=&#8221;rgba(0,0,0,0.28) 0%|rgba(0,0,0,0.68) 100%&#8221; background_color_gradient_overlays_image=&#8221;on&#8221; hover_enabled=&#8221;0&#8243; sticky_enabled=&#8221;0&#8243; min_height=&#8221;754px&#8221;][et_pb_row _builder_version=&#8221;4.27.4&#8243; _module_preset=&#8221;default&#8221; theme_builder_area=&#8221;post_content&#8221; custom_margin=&#8221;100px||||false|false&#8221; hover_enabled=&#8221;0&#8243; sticky_enabled=&#8221;0&#8243;][et_pb_column _builder_version=&#8221;4.27.4&#8243; _module_preset=&#8221;default&#8221; type=&#8221;4_4&#8243; theme_builder_area=&#8221;post_content&#8221;][et_pb_text _builder_version=&#8221;4.27.4&#8243; _module_preset=&#8221;default&#8221; theme_builder_area=&#8221;post_content&#8221; header_2_font=&#8221;Frank Ruhl Libre||||||||&#8221; header_2_text_color=&#8221;#FFFFFF&#8221; header_2_text_align=&#8221;center&#8221; header_2_font_size=&#8221;45px&#8221; header_2_text_shadow_style=&#8221;preset1&#8243; hover_enabled=&#8221;0&#8243; sticky_enabled=&#8221;0&#8243;]<\/p>\n<h2>Adquira hoje mesmo a sua solu\u00e7\u00e3o em a\u00e7o!<\/h2>\n<p>[\/et_pb_text][et_pb_text _builder_version=&#8221;4.27.4&#8243; _module_preset=&#8221;default&#8221; theme_builder_area=&#8221;post_content&#8221; text_text_color=&#8221;#FFFFFF&#8221; text_font_size=&#8221;16px&#8221; text_line_height=&#8221;1.8em&#8221; text_orientation=&#8221;center&#8221; hover_enabled=&#8221;0&#8243; sticky_enabled=&#8221;0&#8243;]<\/p>\n<p>Procurando o a\u00e7o perfeito para o seu pr\u00f3ximo projeto? Explore a extensa gama de produtos da FMP ou entre em contato conosco para um pedido personalizado. <a href=\"mailto:info@fmpcomponents.it\">info@fmpcomponents.it<\/a>Se n\u00e3o encontrar o que precisa, \u00e9 prov\u00e1vel que j\u00e1 esteja em produ\u00e7\u00e3o \u2014 basta perguntar! Do a\u00e7o verde sustent\u00e1vel \u00e0s ligas de alto desempenho, a FMP est\u00e1 aqui para impulsionar as ind\u00fastrias italianas com as melhores solu\u00e7\u00f5es em a\u00e7o. Vamos construir algo extraordin\u00e1rio juntos!<\/p>\n<p>[\/et_pb_text][\/et_pb_column][\/et_pb_row][\/et_pb_section]<\/p>","protected":false},"excerpt":{"rendered":"<p>SteelSteel Solutions by FMP: Powering Italy\u2019s Industries with Quality and PrecisionWhen it comes to steel, FMP Company stands as a trusted leader in Italy, delivering a vast range of high-quality steel products to meet the needs of industries, artisans, and innovators across the peninsula. Steel\u2014an alloy of iron and carbon with up to 2% carbon [&hellip;]<\/p>","protected":false},"author":2,"featured_media":0,"parent":0,"menu_order":0,"comment_status":"closed","ping_status":"closed","template":"","meta":{"_et_pb_use_builder":"on","_et_pb_old_content":"","_et_gb_content_width":"","footnotes":""},"class_list":["post-6269","page","type-page","status-publish","hentry"],"_links":{"self":[{"href":"https:\/\/fmp-components.com\/pt\/wp-json\/wp\/v2\/pages\/6269","targetHints":{"allow":["GET"]}}],"collection":[{"href":"https:\/\/fmp-components.com\/pt\/wp-json\/wp\/v2\/pages"}],"about":[{"href":"https:\/\/fmp-components.com\/pt\/wp-json\/wp\/v2\/types\/page"}],"author":[{"embeddable":true,"href":"https:\/\/fmp-components.com\/pt\/wp-json\/wp\/v2\/users\/2"}],"replies":[{"embeddable":true,"href":"https:\/\/fmp-components.com\/pt\/wp-json\/wp\/v2\/comments?post=6269"}],"version-history":[{"count":4,"href":"https:\/\/fmp-components.com\/pt\/wp-json\/wp\/v2\/pages\/6269\/revisions"}],"predecessor-version":[{"id":6306,"href":"https:\/\/fmp-components.com\/pt\/wp-json\/wp\/v2\/pages\/6269\/revisions\/6306"}],"wp:attachment":[{"href":"https:\/\/fmp-components.com\/pt\/wp-json\/wp\/v2\/media?parent=6269"}],"curies":[{"name":"wp","href":"https:\/\/api.w.org\/{rel}","templated":true}]}}