{"id":4629,"date":"2025-01-17T05:47:48","date_gmt":"2025-01-17T05:47:48","guid":{"rendered":"https:\/\/fmp-components.com\/?page_id=8"},"modified":"2025-05-16T06:29:26","modified_gmt":"2025-05-16T06:29:26","slug":"ring-gear","status":"publish","type":"page","link":"https:\/\/fmp-components.com\/pt\/ring-gear\/","title":{"rendered":"Engrenagem de anel"},"content":{"rendered":"<p>[et_pb_section fb_built=&#8221;1&#8243; _builder_version=&#8221;4.27.4&#8243; _module_preset=&#8221;default&#8221; background_color=&#8221;gcid-1df04c5f-e996-4504-8faa-0a9ef0da2d4d&#8221; global_colors_info=&#8221;{%22gcid-1df04c5f-e996-4504-8faa-0a9ef0da2d4d%22:%91%22background_color%22%93}&#8221;][et_pb_row _builder_version=&#8221;4.27.4&#8243; _module_preset=&#8221;default&#8221; global_colors_info=&#8221;{}&#8221;][et_pb_column type=&#8221;4_4&#8243; _builder_version=&#8221;4.27.4&#8243; _module_preset=&#8221;default&#8221; global_colors_info=&#8221;{}&#8221;][et_pb_text _builder_version=&#8221;4.27.4&#8243; _module_preset=&#8221;default&#8221; header_font=&#8221;Frank Ruhl Libre|500|||||||&#8221; header_text_align=&#8221;center&#8221; header_text_color=&#8221;#FFFFFF&#8221; header_font_size=&#8221;60px&#8221; header_text_shadow_style=&#8221;preset1&#8243; global_colors_info=&#8221;{}&#8221;]<\/p>\n<h1 class=\"et_pb_toggle_title\">Engrenagem de anel<\/h1>\n<p>[\/et_pb_text][et_pb_text _builder_version=\u201d4.27.4\u2033 _module_preset=\u201ddefault\u201d text_font=\u201dFrank Ruhl Livre|600|||||||\u201d text_text_color=\u201d#FFFFFF\u201d text_font_size=\u201d18px\u201d text_line_height=\u201d1.8em\u201d text_orientation=\u201dcenter\u201d global_colors_info=\u201d{}\u201d]<\/p>\n<p>Se o produto que voc\u00ea precisa n\u00e3o estiver listado, v\u00e1 em frente e pe\u00e7a um or\u00e7amento gratuito!<\/p>\n<p>[\/et_pb_text][\/et_pb_column][\/et_pb_row][\/et_pb_section][et_pb_section fb_built=\u201d1\u2033 _builder_version=\u201d4.27.4\u2033 _module_preset=\u201dpadr\u00e3o\u201d custom_padding=\u201d||3px|||\u201d global_colors_info=\u201d{}\u201d][et_pb_row _builder_version=\u201d4.27.4\u2033 _module_preset=\u201dpadr\u00e3o\u201d global_colors_info=\u201d{}\u201d][et_pb_column type=\u201d4_4\u2033 _builder_version=\u201d4.27.4\u2033 _module_preset=\u201dpadr\u00e3o\u201d global_colors_info=\u201d{}\u201d][et_pb_text _builder_version=\u201d4.27.4\u2033 _module_preset=\u201dpadr\u00e3o\u201d header_2_font=\u201dFrank Ruhl Livre|||||||||\u201d header_2_font_size=\u201d35px\u201d global_colors_info=\u201d{}\u201d]<\/p>\n<h2 style=\"text-align: center;\">Tipos de engrenagens de anel<\/h2>\n<p>[\/et_pb_text][\/et_pb_column][\/et_pb_row][et_pb_row column_structure=\u201d1_4,1_4,1_4,1_4\u2033 _builder_version=\u201d4.27.4\u2033 _module_preset=\u201ddefault\u201d global_colors_info=\u201d{}\u201d][et_pb_column type=\u201d1_4\u2033 _builder_version=\u201d4.27.4\u2033 _module_preset=\u201ddefault\u201d global_colors_info=\u201d{}\u201d][et_pb_blurb title=\u201dEngrenagem de anel interna\u201d url=\u201dhttps:\/\/fmp-components.com\/en\/product\/internal-ring-gear\u201d url_new_window=\u201don\u201d image=\u201dhttps:\/\/fmp-components.com\/wp-content\/uploads\/2025\/04\/internal-ring-gear-product.webp\u201d alt=\u201dproduto de engrenagem de anel interno\u201d _builder_version=\u201d4.27.4\u2033 _module_preset=\u201ddefault\u201d header_level=\u201dh3\u2033 header_font=\u201dFrank Ruhl Libre|||||||||\u201d header_text_align=\u201dcenter\u201d header_font_size=\u201d18px\u201d link_option_url=\u201dhttps:\/\/fmp-components.com\/en\/product\/internal-gear-ring\u201d link_option_url_new_window=\u201don\u201d global_colors_info=\u201d{}\u201d][\/et_pb_blurb][\/et_pb_column][et_pb_column type=\u201d1_4\u2033 _builder_version=\u201d4.27.4\u2033 _module_preset=\u201ddefault\u201d global_colors_info=\u201d{}\u201d][et_pb_blurb title=\u201dAnel e pinh\u00e3o de engrenagem de precis\u00e3o\u201d url=\u201dhttps:\/\/fmp-components.com\/en\/product\/precision-gear-ring-and-pinion\u201d url_new_window=\u201don\u201d image=\u201dhttps:\/\/fmp-components.com\/wp-content\/uploads\/2025\/04\/Precision-Gear-Ring-and-Pinion-2.webp\u201d alt=\u201dPrecision-Gear-Ring-and-Pinion\u201d _builder_version=\u201d4.27.4\u2033 _module_preset=\u201ddefault\u201d header_level=\u201dh3\u2033 header_font=\u201dFrank Ruhl Livre|||||||||\u201d header_text_align=\u201dcenter\u201d header_font_size=\u201d18px\u201d link_option_url=\u201dhttps:\/\/fmp-components.com\/en\/product\/precision-gear-ring-and-pinion\u201d link_option_url_new_window=\u201don\u201d global_colors_info=\u201d{}\u201d][\/et_pb_blurb][\/et_pb_column][et_pb_column type=\u201d1_4\u2033 _builder_version=\u201d4.27.4\u2033 _module_preset=\u201ddefault\u201d global_colors_info=\u201d{}\u201d][et_pb_blurb title=\u201dEngrenagem de anel externo\u201d url=\u201dhttps:\/\/fmp-components.com\/en\/product\/external-ring-gear\u201d url_new_window=\u201don\u201d image=\u201dhttps:\/\/fmp-components.com\/wp-content\/uploads\/2025\/04\/external_casting_steel_ring_gear.webp\u201d alt=\u201dengrenagem de anel de a\u00e7o fundido externo\u201d _builder_version=\u201d4.27.4\u2033 _module_preset=\u201ddefault\u201d header_level=\u201dh3\u2033 header_font=\u201dFrank Ruhl Libre|||||||||\u201d header_text_align=\u201dcenter\u201d header_font_size=\u201d18px\u201d link_option_url=\u201dhttps:\/\/fmp-components.com\/en\/product\/external-ring-gear\u201d link_option_url_new_window=\u201don\u201d global_colors_info=\u201d{}\u201d][\/et_pb_blurb][\/et_pb_column][et_pb_column type=\u201d1_4\u2033 _builder_version=\u201d4.27.4\u2033 _module_preset=\u201ddefault\u201d global_colors_info=\u201d{}\u201d][et_pb_blurb title=\u201dAnel de Engrenagem do Volante\u201d url=\u201dhttps:\/\/fmp-components.com\/en\/product\/flywheel-ring-gear\u201d url_new_window=\u201don\u201d image=\u201dhttps:\/\/fmp-components.com\/wp-content\/uploads\/2025\/04\/flywheel-ring-gear-2.webp\u201d alt=\u201dengrenagem anelar do volante\u201d _builder_version=\u201d4.27.4\u2033 _module_preset=\u201ddefault\u201d header_level=\u201dh3\u2033 header_font=\u201dFrank Ruhl Libre|||||||||\u201d header_text_align=\u201dcenter\u201d header_font_size=\u201d18px\u201d link_option_url=\u201dhttps:\/\/fmp-components.com\/en\/product\/flywheel-ring-gear\u201d link_option_url_new_window=\u201don\u201d global_colors_info=\u201d{}\u201d][\/et_pb_blurb][\/et_pb_column][\/et_pb_row][et_pb_row column_structure=\u201d1_4,1_4,1_4,1_4\u2033 _builder_version=\u201d4.27.4\u2033 _module_preset=\u201ddefault\u201d global_colors_info=\u201d{}\u201d][et_pb_column type=\u201d1_4\u2033 _builder_version=\u201d4.27.4\u2033 _module_preset=\u201ddefault\u201d global_colors_info=\u201d{}\u201d][et_pb_blurb title=\u201dEngrenagem helicoidal interna de \u00e2ngulo helicoidal 7\u201d image=\u201dhttps:\/\/fmp-components.com\/wp-content\/uploads\/2025\/01\/Helical-angle-7-Internal-Helical-Ring-Gear.webp\u201d alt=\u201dEngrenagem helicoidal interna de \u00e2ngulo helicoidal 7\u201d _builder_version=\u201d4.27.4\u2033 _module_preset=\u201ddefault\u201d header_level=\u201dh3\u2033 header_font=\u201dFrank Ruhl Libre|||||||||\u201d header_text_align=\u201dcenter\u201d header_font_size=\u201d18px\u201d global_colors_info=\u201d{}\u201d][\/et_pb_blurb][\/et_pb_column][et_pb_column type=\u201d1_4\u2033 _builder_version=\u201d4.27.4\u2033 _module_preset=\u201ddefault\u201d global_colors_info=\u201d{}\u201d][et_pb_blurb title=\u201dEngrenagem de anel interna de a\u00e7o de liga\u201d image=\u201dhttps:\/\/fmp-components.com\/wp-content\/uploads\/2025\/01\/Alloy-Steel-Internal-Ring-Gear.webp\u201d alt=\u201dEngrenagem de anel interna de a\u00e7o de liga\u201d _builder_version=\u201d4.27.4\u2033 _module_preset=\u201ddefault\u201d header_level=\u201dh3\u2033 header_font=\u201dFrank Ruhl Livre||||||||\u201d header_text_align=\u201dcenter\u201d header_font_size=\u201d18px\u201d global_colors_info=\u201d{}\u201d][\/et_pb_blurb][\/et_pb_column][et_pb_column type=\u201d1_4\u2033 _builder_version=\u201d4.27.4\u2033 _module_preset=\u201ddefault\u201d global_colors_info=\u201d{}\u201d][et_pb_blurb title=\u201dAnel de Engrenagem do Volante para Pe\u00e7a de Trator Agr\u00edcola\u201d image=\u201dhttps:\/\/fmp-components.com\/wp-content\/uploads\/2025\/01\/Flywheel-Ring-Gear-For-Agricultural-Tractor-Part.webp\u201d alt=\u201dAnel de Engrenagem do Volante para Pe\u00e7a de Trator Agr\u00edcola\u201d _builder_version=\u201d4.27.4\u2033 _module_preset=\u201ddefault\u201d header_level=\u201dh3\u2033 header_font=\u201dFrank Ruhl Livre||||||||\u201d header_text_align=\u201dcenter\u201d header_font_size=\u201d18px\u201d global_colors_info=\u201d{}\u201d][\/et_pb_blurb][\/et_pb_column][et_pb_column type=\u201d1_4\u2033 _builder_version=\u201d4.27.4\u2033 _module_preset=\u201ddefault\u201d global_colors_info=\u201d{}\u201d][et_pb_blurb title=\u201dEngrenagem anelar para misturador de cimento\u201d image=\u201dhttps:\/\/fmp-components.com\/wp-content\/uploads\/2025\/01\/Ring-Gear-For-Cement-Mixer.webp\u201d alt=\u201dEngrenagem anelar para misturador de cimento\u201d _builder_version=\u201d4.27.4\u2033 _module_preset=\u201ddefault\u201d header_level=\u201dh3\u2033 header_font=\u201dFrank Ruhl Libre||||||||\u201d header_text_align=\u201dcenter\u201d header_font_size=\u201d18px\u201d global_colors_info=\u201d{}\u201d][\/et_pb_blurb][\/et_pb_column][\/et_pb_row][et_pb_row column_structure=\u201d1_4,1_4,1_4,1_4\u2033 _builder_version=\u201d4.27.4\u2033 _module_preset=\u201ddefault\u201d global_colors_info=\u201d{}\u201d][et_pb_column type=\u201d1_4\u2033 _builder_version=\u201d4.27.4\u2033 _module_preset=\u201ddefault\u201d global_colors_info=\u201d{}\u201d][et_pb_blurb title=\u201dEngrenagem anelar de a\u00e7o inoxid\u00e1vel para turbina e\u00f3lica\u201d image=\u201dhttps:\/\/fmp-components.com\/wp-content\/uploads\/2025\/01\/Stainless-Steel-Ring-Gear-For-Wind-Turbine.webp\u201d alt=\u201dEngrenagem anelar de a\u00e7o inoxid\u00e1vel para turbina e\u00f3lica\u201d _builder_version=\u201d4.27.4\u2033 _module_preset=\u201ddefault\u201d header_level=\u201dh3\u2033 header_font=\u201dFrank Ruhl Libre|||||||||\u201d header_text_align=\u201dcenter\u201d header_font_size=\u201d18px\u201d global_colors_info=\u201d{}\u201d][\/et_pb_blurb][\/et_pb_column][et_pb_column type=\u201d1_4\u2033 _builder_version=\u201d4.27.4\u2033 _module_preset=\u201ddefault\u201d global_colors_info=\u201d{}\u201d][et_pb_blurb title=\u201dEngrenagem interna da aeronave\u201d image=\u201dhttps:\/\/fmp-components.com\/wp-content\/uploads\/2025\/01\/Aircraft-Internal-Gear.webp\u201d alt=\u201dEngrenagem interna da aeronave\u201d _builder_version=\u201d4.27.4\u2033 _module_preset=\u201ddefault\u201d header_level=\u201dh3\u2033 header_font=\u201dFrank Ruhl Libre|||||||||\u201d header_text_align=\u201dcenter\u201d header_font_size=\u201d18px\u201d global_colors_info=\u201d{}\u201d][\/et_pb_blurb][\/et_pb_column][et_pb_column type=\u201d1_4\u2033 _builder_version=\u201d4.27.4\u2033 _module_preset=\u201ddefault\u201d global_colors_info=\u201d{}\u201d][et_pb_blurb title=\u201dEngrenagem interna de metal\u201d image=\u201dhttps:\/\/fmp-components.com\/wp-content\/uploads\/2025\/01\/Metal-Internal-Gear.webp\u201d alt=\u201dEngrenagem interna de metal\u201d _builder_version=\u201d4.27.4\u2033 _module_preset=\u201ddefault\u201d header_level=\u201dh3\u2033 header_font=\u201dFrank Ruhl Libre|||||||||\u201d header_text_align=\u201dcenter\u201d header_font_size=\u201d18px\u201d global_colors_info=\u201d{}\u201d][\/et_pb_blurb][\/et_pb_column][et_pb_column type=\u201d1_4\u2033 _builder_version=\u201d4.27.4\u2033 _module_preset=\u201ddefault\u201d global_colors_info=\u201d{}\u201d][et_pb_blurb title=\u201dEngrenagem interna automotiva\u201d image=\u201dhttps:\/\/fmp-components.com\/wp-content\/uploads\/2025\/01\/Automotive-Internal-Gear.webp\u201d alt=\u201dEngrenagem interna automotiva\u201d _builder_version=\u201d4.27.4\u2033 _module_preset=\u201ddefault\u201d header_level=\u201dh3\u2033 header_font=\u201dFrank Ruhl Libre|||||||||\u201d header_text_align=\u201dcenter\u201d header_font_size=\u201d18px\u201d global_colors_info=\u201d{}\u201d][\/et_pb_blurb][\/et_pb_column][\/et_pb_row][et_pb_row column_structure=\u201d1_4,1_4,1_4,1_4\u2033 _builder_version=\u201d4.27.4\u2033 _module_preset=\u201ddefault\u201d global_colors_info=\u201d{}\u201d][et_pb_column type=\u201d1_4\u2033 _builder_version=\u201d4.27.4\u2033 _module_preset=\u201ddefault\u201d global_colors_info=\u201d{}\u201d][et_pb_blurb title=\u201dEngrenagem interna de pl\u00e1stico\u201d image=\u201dhttps:\/\/fmp-components.com\/wp-content\/uploads\/2025\/01\/Plastic-Internal-Gear.webp\u201d alt=\u201dEngrenagem interna de pl\u00e1stico\u201d _builder_version=\u201d4.27.4\u2033 _module_preset=\u201ddefault\u201d header_level=\u201dh3\u2033 header_font=\u201dFrank Ruhl Libre|||||||||\u201d header_text_align=\u201dcenter\u201d header_font_size=\u201d18px\u201d global_colors_info=\u201d{}\u201d][\/et_pb_blurb][\/et_pb_column][et_pb_column type=\u201d1_4\u2033 _builder_version=\u201d4.27.4\u2033 _module_preset=\u201ddefault\u201d global_colors_info=\u201d{}\u201d][et_pb_blurb title=\u201dEngrenagens internas para tratores e guindastes\u201d image=\u201dhttps:\/\/fmp-components.com\/wp-content\/uploads\/2025\/01\/Internal-Gears-For-Tractors-And-Cranes.webp\u201d alt=\u201dEngrenagens internas para tratores e guindastes\u201d _builder_version=\u201d4.27.4\u2033 _module_preset=\u201ddefault\u201d header_level=\u201dh3\u2033 header_font=\u201dFrank Ruhl Livre||||||||\u201d header_text_align=\u201dcenter\u201d header_font_size=\u201d18px\u201d global_colors_info=\u201d{}\u201d][\/et_pb_blurb][\/et_pb_column][et_pb_column type=\u201d1_4\u2033 _builder_version=\u201d4.27.4\u2033 _module_preset=\u201ddefault\u201d global_colors_info=\u201d{}\u201d][et_pb_blurb title=\u201dEngrenagem interna industrial\u201d image=\u201dhttps:\/\/fmp-components.com\/wp-content\/uploads\/2025\/01\/Industrial-Internal-Gear.webp\u201d alt=\u201dEngrenagem interna industrial\u201d _builder_version=\u201d4.27.4\u2033 _module_preset=\u201ddefault\u201d header_level=\u201dh3\u2033 header_font=\u201dFrank Ruhl Libre|||||||||\u201d header_text_align=\u201dcenter\u201d header_font_size=\u201d18px\u201d global_colors_info=\u201d{}\u201d][\/et_pb_blurb][\/et_pb_column][et_pb_column type=\u201d1_4\u2033 _builder_version=\u201d4.27.4\u2033 _module_preset=\u201ddefault\u201d global_colors_info=\u201d{}\u201d][et_pb_blurb title=\u201dEngrenagem interna de a\u00e7o\u201d image=\u201dhttps:\/\/fmp-components.com\/wp-content\/uploads\/2025\/01\/Steel-Internal-Gear.webp\u201d alt=\u201dEngrenagem interna de a\u00e7o\u201d _builder_version=\u201d4.27.4\u2033 _module_preset=\u201ddefault\u201d header_level=\u201dh3\u2033 header_font=\u201dFrank Ruhl Libre|||||||||\u201d header_text_align=\u201dcenter\u201d header_font_size=\u201d18px\u201d global_colors_info=\u201d{}\u201d][\/et_pb_blurb][\/et_pb_column][\/et_pb_row][et_pb_row column_structure=\u201d1_4,1_4,1_4,1_4\u2033 _builder_version=\u201d4.27.4\u2033 _module_preset=\u201ddefault\u201d global_colors_info=\u201d{}\u201d][et_pb_column type=\u201d1_4\u2033 _builder_version=\u201d4.27.4\u2033 _module_preset=\u201ddefault\u201d global_colors_info=\u201d{}\u201d][et_pb_blurb title=\u201dEngrenagem Interna\u201d image=\u201dhttps:\/\/fmp-components.com\/wp-content\/uploads\/2025\/01\/Internal-Spur-Gear.webp\u201d alt=\u201dEngrenagem de dentes retos interna\u201d _builder_version=\u201d4.27.4\u2033 _module_preset=\u201ddefault\u201d header_level=\u201dh3\u2033 header_font=\u201dFrank Ruhl Libre|||||||||\u201d header_text_align=\u201dcenter\u201d header_font_size=\u201d18px\u201d global_colors_info=\u201d{}\u201d][\/et_pb_blurb][\/et_pb_column][et_pb_column type=\u201d1_4\u2033 _builder_version=\u201d4.27.4\u2033 _module_preset=\u201ddefault\u201d global_colors_info=\u201d{}\u201d][et_pb_blurb title=\u201dEngrenagem interna envolvente\u201d image=\u201dhttps:\/\/fmp-components.com\/wp-content\/uploads\/2025\/01\/Involute-Internal-Gear.webp\u201d alt=\u201dEngrenagem interna envolvente\u201d _builder_version=\u201d4.27.4\u2033 _module_preset=\u201ddefault\u201d header_level=\u201dh3\u2033 header_font=\u201dFrank Ruhl Libre|||||||||\u201d header_text_align=\u201dcenter\u201d header_font_size=\u201d18px\u201d global_colors_info=\u201d{}\u201d][\/et_pb_blurb][\/et_pb_column][et_pb_column type=\u201d1_4\u2033 _builder_version=\u201d4.27.4\u2033 _module_preset=\u201ddefault\u201d global_colors_info=\u201d{}\u201d][et_pb_blurb title=\u201dEngrenagem de anel planet\u00e1ria\u201d image=\u201dhttps:\/\/fmp-components.com\/wp-content\/uploads\/2025\/01\/Planetary-Ring-Gear-1.webp\u201d alt=\u201dEngrenagem de anel planet\u00e1ria\u201d _builder_version=\u201d4.27.4\u2033 _module_preset=\u201ddefault\u201d header_level=\u201dh3\u2033 header_font=\u201dFrank Ruhl Libre|||||||||\u201d header_text_align=\u201dcenter\u201d header_font_size=\u201d18px\u201d hover_enabled=\u201d0\u2033 global_colors_info=\u201d{}\u201d url=\u201dhttps:\/\/fmp-components.com\/en\/product\/planetary-ring-gear-2\u2033 url_new_window=\u201don\u201d link_option_url_new_window=\u201don\u201d link_option_url=\u201dhttps:\/\/fmp-components.com\/en\/product\/planetary-ring-gear-2\u2033 sticky_enabled=\u201d0\u2033][\/et_pb_blurb][\/et_pb_column][et_pb_column type=\u201d1_4\u2033 _builder_version=\u201d4.27.4\u2033 _module_preset=\u201ddefault\u201d global_colors_info=\u201d{}\u201d][et_pb_blurb title=\u201dEngrenagem de anel para aeroespacial e sat\u00e9lite\u201d image=\u201dhttps:\/\/fmp-components.com\/wp-content\/uploads\/2025\/01\/Ring-Gear-For-Aerospace-and-Satellite.webp\u201d alt=\u201dEngrenagem de anel para aeroespacial e sat\u00e9lite\u201d _builder_version=\u201d4.27.4\u2033 _module_preset=\u201ddefault\u201d header_level=\u201dh3\u2033 header_font=\u201dFrank Ruhl Libre|||||||||\u201d header_text_align=\u201dcenter\u201d header_font_size=\u201d18px\u201d global_colors_info=\u201d{}\u201d][\/et_pb_blurb][\/et_pb_column][\/et_pb_row][\/et_pb_section][et_pb_section fb_built=\u201d1\u2033 _builder_version=\u201d4.27.4\u2033 _module_preset=\u201ddefault\u201d custom_padding=\u201d||13px|||\u201d global_colors_info=\u201d{}\u201d][et_pb_row _builder_version=\u201d4.27.4\u2033 _module_preset=\u201dpadr\u00e3o\u201d global_colors_info=\u201d{}\u201d][et_pb_column type=\u201d4_4\u2033 _builder_version=\u201d4.27.4\u2033 _module_preset=\u201dpadr\u00e3o\u201d global_colors_info=\u201d{}\u201d][et_pb_text _builder_version=\u201d4.27.4\u2033 _module_preset=\u201dpadr\u00e3o\u201d header_2_font=\u201dFrank Ruhl Livre||||||||\u201d global_colors_info=\u201d{}\u201d]<\/p>\n<h2 style=\"text-align: center;\">Engrenagens de anel: precis\u00e3o e pot\u00eancia para as ind\u00fastrias italianas<\/h2>\n<p>[\/et_pb_text][\/et_pb_column][\/et_pb_row][et_pb_row column_structure=\u201d2_5,3_5\u2033 use_custom_gutter=\u201don\u201d gutter_width=\u201d2\u2033 make_equal=\u201don\u201d _builder_version=\u201d4.27.4\u2033 _module_preset=\u201ddefault\u201d width=\u201d100%\u201d global_colors_info=\u201d{}\u201d][et_pb_column type=\u201d2_5\u2033 _builder_version=\u201d4.27.4\u2033 _module_preset=\u201ddefault\u201d global_colors_info=\u201d{}\u201d][et_pb_image src=\u201dhttps:\/\/fmp-components.com\/wp-content\/uploads\/2025\/04\/ring-gear-2.webp\u201d alt=\u201dengrenagem anelar\u201d title_text=\u201dengrenagem anelar-2\u2033 _builder_version=\u201d4.27.4\u2033 _module_preset=\u201dpadr\u00e3o\u201d global_colors_info=\u201d{}\u201d][\/et_pb_image][\/et_pb_column][et_pb_column type=\u201d3_5\u2033 _builder_version=\u201d4.27.4\u2033 _module_preset=\u201dpadr\u00e3o\u201d global_colors_info=\u201d{}\u201d][et_pb_text _builder_version=\u201d4.27.4\u2033 _module_preset=\u201dpadr\u00e3o\u201d text_font_size=\u201d16px\u201d text_line_height=\u201d1.8em\u201d header_3_font=\u201dFrank Ruhl Livre|||||||||\u201d cabe\u00e7alho_3_tamanho_da_fonte=\u201d24px\u201d global_colors_info=\u201d{}\u201d]<\/p>\n<div>\n<h3>Um componente chave em sistemas mec\u00e2nicos<\/h3>\n<p class=\"break-words\">Engrenagens anelares, como o pr\u00f3prio nome sugere, s\u00e3o engrenagens circulares projetadas com dentes em suas superf\u00edcies externa ou interna, tornando-as um elemento cr\u00edtico em diversas configura\u00e7\u00f5es mec\u00e2nicas. Essas engrenagens s\u00e3o particularmente proeminentes em mecanismos de engrenagens planet\u00e1rias, onde as engrenagens anelares internas se engrenam com as engrenagens planet\u00e1rias para fornecer alto torque e redu\u00e7\u00e3o precisa da velocidade. Fabricadas em materiais como o a\u00e7o S45C, as engrenagens anelares v\u00eam em m\u00f3dulos que variam de 0,5 a 3 e contagens de dentes de 50 a 200, oferecendo versatilidade para aplica\u00e7\u00f5es em todos os setores. Na It\u00e1lia, das oficinas automotivas de Mil\u00e3o \u00e0s f\u00e1bricas de m\u00e1quinas de Bolonha, as engrenagens anelares s\u00e3o valorizadas por sua durabilidade e capacidade de manter a precis\u00e3o, apesar dos desafios de deforma\u00e7\u00e3o induzidos pela forma.<\/p>\n<\/div>\n<p>[\/et_pb_text][\/et_pb_column][\/et_pb_row][et_pb_row column_structure=\u201d1_2,1_2\u2033 use_custom_gutter=\u201don\u201d gutter_width=\u201d2\u2033 make_equal=\u201don\u201d _builder_version=\u201d4.27.4\u2033 _module_preset=\u201dpadr\u00e3o\u201d width=\u201d100%\u201d global_colors_info=\u201d{}\u201d][et_pb_column type=\u201d1_2\u2033 _builder_version=\u201d4.27.4\u2033 _module_preset=\u201dpadr\u00e3o\u201d global_colors_info=\u201d{}\u201d][et_pb_text _builder_version=\u201d4.27.4\u2033 _module_preset=\u201dpadr\u00e3o\u201d text_font_size=\u201d16px\u201d altura_da_linha_de_texto=\u201d1,8em\u201d header_3_font=\u201dFrank Ruhl Livre||||||||\u201d header_3_font_size=\u201d24px\u201d global_colors_info=\u201d{}\u201d]<\/p>\n<h3>Aplica\u00e7\u00f5es e benef\u00edcios das engrenagens anulares<\/h3>\n<p>As engrenagens anelares destacam-se em cen\u00e1rios que exigem rela\u00e7\u00f5es de transmiss\u00e3o robustas e designs compactos. As engrenagens anelares externas, geralmente de dentes retos, s\u00e3o utilizadas como engrenagens segmentadas durante o corte, enquanto as engrenagens anelares internas s\u00e3o essenciais em sistemas planet\u00e1rios, proporcionando solu\u00e7\u00f5es econ\u00f4micas para necessidades de alto desempenho. Seu grande tamanho e n\u00famero de dentes as tornam adapt\u00e1veis \u200b\u200ba tarefas pesadas, como em equipamentos industriais em Floren\u00e7a ou ferramentas de precis\u00e3o em Veneza. A capacidade de aplicar opera\u00e7\u00f5es secund\u00e1rias aumenta ainda mais sua utilidade, garantindo que atendam a demandas espec\u00edficas com precis\u00e3o de grau JIS N8 ou N9.<\/p>\n<p>[\/et_pb_text][\/et_pb_column][et_pb_column type=\u201d1_2\u2033 _builder_version=\u201d4.27.4\u2033 _module_preset=\u201dpadr\u00e3o\u201d global_colors_info=\u201d{}\u201d][et_pb_image src=\u201dhttps:\/\/fmp-components.com\/wp-content\/uploads\/2025\/04\/ring-gear-1.webp\u201d alt=\u201dring-gear\u201d title_text=\u201dring-gear-1\u2033 _builder_version=\u201d4.27.4\u2033 _module_preset=\u201dpadr\u00e3o\u201d global_colors_info=\u201d{}\u201d][\/et_pb_image][\/et_pb_column][\/et_pb_row][\/et_pb_section][et_pb_section fb_built=\u201d1\u2033 _builder_version=\u201d4.27.4\u2033 _module_preset=\u201dpadr\u00e3o\u201d use_background_color_gradient=\u201don\u201d background_color_gradient_stops=\u201drgba(0,0,0,0.21) 0%|rgba(0,0,0,0.18) 100%\u201d background_color_gradient_overlays_image=\u201don\u201d background_image=\u201dhttps:\/\/fmp-components.com\/wp-content\/uploads\/2025\/04\/ring-gear-4.webp\u201d global_colors_info=\u201d{}\u201d][et_pb_row _builder_version=\u201d4.27.4\u2033 _module_preset=\u201dpadr\u00e3o\u201d global_colors_info=\u201d{}\u201d][et_pb_column type=\u201d4_4\u2033 _builder_version=\u201d4.27.4\u2033 _module_preset=\u201dpadr\u00e3o\u201d global_colors_info=\u201d{}\u201d][et_pb_text _builder_version=\u201d4.27.4\u2033 _module_preset=\u201dpadr\u00e3o\u201d text_text_color=\u201d#FFFFFF\u201d text_font_size=\u201d16px\u201d text_line_height=\u201d1.8em\u201d header_3_font=\u201dFrank Ruhl Livre|||||||||\u201d header_3_text_color=\u201d#FFFFFF\u201d header_3_font_size=\u201d30px\u201d text_text_shadow_style=\u201dpreset1\u2033 header_3_text_shadow_style=\u201dpreset1\u2033 global_colors_info=\u201d{}\u201d]<\/p>\n<h3 style=\"text-align: center;\">FMP: Seus especialistas em engrenagens de anel na It\u00e1lia<\/h3>\n<p style=\"text-align: center;\">Quer voc\u00ea precise de engrenagens de anel de a\u00e7o padr\u00e3o (de dentes retos ou internos) ou de um projeto sob medida, n\u00f3s produzimos e personalizamos engrenagens de anel para atender \u00e0s suas especifica\u00e7\u00f5es exatas. Se voc\u00ea n\u00e3o encontrar o modelo que precisa em nossa lista de produtos \u2014 talvez para um projeto exclusivo em Mil\u00e3o ou Floren\u00e7a \u2014, significa que ainda n\u00e3o o disponibilizamos. Envie um e-mail para <a href=\"mailto:info@fmpcomponents.it\">info@fmpcomponents.it<\/a> com suas necessidades, e nossos engenheiros responder\u00e3o em at\u00e9 24 horas com uma solu\u00e7\u00e3o personalizada. Confie na FMP para equipar suas m\u00e1quinas com engrenagens de precis\u00e3o, otimizadas para o diversificado cen\u00e1rio industrial da It\u00e1lia.<\/p>\n<p>[\/et_pb_text][\/et_pb_column][\/et_pb_row][\/et_pb_section]<\/p>","protected":false},"excerpt":{"rendered":"<p>Engrenagem anelarSe o produto que voc\u00ea precisa n\u00e3o estiver listado, v\u00e1 em frente e pe\u00e7a um or\u00e7amento gr\u00e1tis!Tipos de engrenagem anelarEngrenagens anelares: precis\u00e3o e pot\u00eancia para as ind\u00fastrias italianas Um componente essencial em sistemas mec\u00e2nicos As engrenagens anelares, como o pr\u00f3prio nome sugere, s\u00e3o engrenagens circulares projetadas com dentes em suas superf\u00edcies externas ou internas, o que as torna essenciais [\u2026]<\/p>","protected":false},"author":2,"featured_media":0,"parent":0,"menu_order":0,"comment_status":"closed","ping_status":"closed","template":"","meta":{"_et_pb_use_builder":"on","_et_pb_old_content":"","_et_gb_content_width":"","footnotes":""},"class_list":["post-4629","page","type-page","status-publish","hentry"],"_links":{"self":[{"href":"https:\/\/fmp-components.com\/pt\/wp-json\/wp\/v2\/pages\/4629","targetHints":{"allow":["GET"]}}],"collection":[{"href":"https:\/\/fmp-components.com\/pt\/wp-json\/wp\/v2\/pages"}],"about":[{"href":"https:\/\/fmp-components.com\/pt\/wp-json\/wp\/v2\/types\/page"}],"author":[{"embeddable":true,"href":"https:\/\/fmp-components.com\/pt\/wp-json\/wp\/v2\/users\/2"}],"replies":[{"embeddable":true,"href":"https:\/\/fmp-components.com\/pt\/wp-json\/wp\/v2\/comments?post=4629"}],"version-history":[{"count":16,"href":"https:\/\/fmp-components.com\/pt\/wp-json\/wp\/v2\/pages\/4629\/revisions"}],"predecessor-version":[{"id":8132,"href":"https:\/\/fmp-components.com\/pt\/wp-json\/wp\/v2\/pages\/4629\/revisions\/8132"}],"wp:attachment":[{"href":"https:\/\/fmp-components.com\/pt\/wp-json\/wp\/v2\/media?parent=4629"}],"curies":[{"name":"wp","href":"https:\/\/api.w.org\/{rel}","templated":true}]}}