{"id":4534,"date":"2025-01-16T08:10:13","date_gmt":"2025-01-16T08:10:13","guid":{"rendered":"https:\/\/fmp-components.com\/?page_id=8"},"modified":"2025-03-21T02:18:28","modified_gmt":"2025-03-21T02:18:28","slug":"worm-gear-and-worm-shaft-2","status":"publish","type":"page","link":"https:\/\/fmp-components.com\/pt\/worm-gear-and-worm-shaft-2\/","title":{"rendered":"Engrenagem sem-fim e eixo sem-fim"},"content":{"rendered":"<p>[et_pb_section fb_built=&#8221;1&#8243; _builder_version=&#8221;4.27.4&#8243; _module_preset=&#8221;default&#8221; background_color=&#8221;gcid-1df04c5f-e996-4504-8faa-0a9ef0da2d4d&#8221; global_colors_info=&#8221;{%22gcid-1df04c5f-e996-4504-8faa-0a9ef0da2d4d%22:%91%22background_color%22%93}&#8221;][et_pb_row _builder_version=&#8221;4.27.4&#8243; _module_preset=&#8221;default&#8221; global_colors_info=&#8221;{}&#8221;][et_pb_column type=&#8221;4_4&#8243; _builder_version=&#8221;4.27.4&#8243; _module_preset=&#8221;default&#8221; global_colors_info=&#8221;{}&#8221;][et_pb_text _builder_version=&#8221;4.27.4&#8243; _module_preset=&#8221;default&#8221; header_font=&#8221;Frank Ruhl Libre|500|||||||&#8221; header_text_align=&#8221;center&#8221; header_text_color=&#8221;#FFFFFF&#8221; header_font_size=&#8221;50px&#8221; header_text_shadow_style=&#8221;preset1&#8243; global_colors_info=&#8221;{}&#8221;]<\/p>\n<h1 class=\"et_pb_toggle_title\">Engrenagem sem-fim e eixo sem-fim<\/h1>\n<p>[\/et_pb_text][et_pb_text _builder_version=\u201d4.27.4\u2033 _module_preset=\u201ddefault\u201d text_font=\u201dFrank Ruhl Livre|600|||||||\u201d text_text_color=\u201d#FFFFFF\u201d text_font_size=\u201d18px\u201d text_line_height=\u201d1.8em\u201d text_orientation=\u201dcenter\u201d global_colors_info=\u201d{}\u201d]<\/p>\n<p>Se o produto que voc\u00ea precisa n\u00e3o estiver listado, v\u00e1 em frente e pe\u00e7a um or\u00e7amento gratuito!<\/p>\n<p>[\/et_pb_text][\/et_pb_column][\/et_pb_row][\/et_pb_section][et_pb_section fb_built=\u201d1\u2033 _builder_version=\u201d4.27.4\u2033 _module_preset=\u201dpadr\u00e3o\u201d global_colors_info=\u201d{}\u201d][et_pb_row column_structure=\u201d1_4,1_4,1_4,1_4\u2033 _builder_version=\u201d4.27.4\u2033 _module_preset=\u201dpadr\u00e3o\u201d hover_enabled=\u201d0\u2033 global_colors_info=\u201d{}\u201d use_custom_gutter=\u201don\u201d gutter_width=\u201d2\u2033 sticky_enabled=\u201d0\u2033][et_pb_column type=\u201d1_4\u2033 _builder_version=\u201d4.27.4\u2033 _module_preset=\u201ddefault\u201d global_colors_info=\u201d{}\u201d][et_pb_blurb title=\u201dEngrenagem sem-fim e rosca sem-fim de liga de a\u00e7o para pe\u00e7as automotivas\u201d image=\u201dhttps:\/\/fmp-components.com\/wp-content\/uploads\/2025\/01\/Alloy-Steel-Worm-And-Worm-Gear-2-1.webp\u201d alt=\u201dEngrenagem sem-fim e rosca sem-fim de liga de a\u00e7o-2\u2033 _builder_version=\u201d4.27.4\u2033 _module_preset=\u201ddefault\u201d header_level=\u201dh3\u2033 header_font=\u201dFrank Ruhl Libre|||||||||\u201d header_text_align=\u201dcenter\u201d hover_enabled=\u201d0\u2033 global_colors_info=\u201d{}\u201d link_option_url=\u201dhttps:\/\/fmp-components.com\/en\/product\/alloy-steel-worm-and-worm-gear-for-auto-pecas\u201d box_shadow_style=\u201dpreset1\u2033 sticky_enabled=\u201d0\u2033][\/et_pb_blurb][\/et_pb_column][et_pb_column type=\u201d1_4\u2033 _builder_version=\u201d4.27.4\u2033 _module_preset=\u201ddefault\u201d global_colors_info=\u201d{}\u201d][et_pb_blurb title=\u201dEixo de engrenagem sem-fim (eixo de transmiss\u00e3o de engrenagem sem-fim)\u201d image=\u201dhttps:\/\/fmp-components.com\/wp-content\/uploads\/2025\/01\/Worm-Gear-Shaft.webp\u201d alt=\u201dEixo de engrenagem sem-fim\u201d _builder_version=\u201d4.27.4\u2033 _module_preset=\u201ddefault\u201d header_level=\u201dh3\u2033 header_font=\u201dFrank Ruhl Libre|||||||||\u201d header_text_align=\u201dcenter\u201d hover_enabled=\u201d0\u2033 global_colors_info=\u201d{}\u201d sticky_enabled=\u201d0\u2033 link_option_url=\u201dhttps:\/\/fmp-components.com\/en\/product\/worm-gear-shaft-worm-gear-drive-shaft\u201d box_shadow_style=\u201dpreset1\u2033][\/et_pb_blurb][\/et_pb_column][et_pb_column type=\u201d1_4\u2033 _builder_version=\u201d4.27.4\u2033 _module_preset=\u201ddefault\u201d global_colors_info=\u201d{}\u201d][et_pb_blurb title=\u201dEngrenagem sem-fim de a\u00e7o inoxid\u00e1vel para m\u00e1quinas CNC\u201d image=\u201dhttps:\/\/fmp-components.com\/wp-content\/uploads\/2025\/01\/Stainless-Steel-Worm-Gear-for-CNC-Machinery.webp\u201d alt=\u201dEngrenagem sem-fim de a\u00e7o inoxid\u00e1vel para m\u00e1quinas CNC\u201d _builder_version=\u201d4.27.4\u2033 _module_preset=\u201ddefault\u201d header_level=\u201dh3\u2033 header_font=\u201dFrank Ruhl Libre|||||||||\u201d header_text_align=\u201dcenter\u201d hover_enabled=\u201d0\u2033 global_colors_info=\u201d{}\u201d url=\u201dhttps:\/\/fmp-components.com\/en\/product\/stainless-steel-worm-gear-for-cnc-machinery\u201d box_shadow_style=\u201dpreset1\u2033 sticky_enabled=\u201d0\u2033][\/et_pb_blurb][\/et_pb_column][et_pb_column type=\u201d1_4\u2033 _builder_version=\u201d4.27.4\u2033 _module_preset=\u201ddefault\u201d global_colors_info=\u201d{}\u201d][et_pb_blurb title=\u201dEngrenagem sem-fim duplex\u201d image=\u201dhttps:\/\/fmp-components.com\/wp-content\/uploads\/2025\/01\/Duplex-Worms-Gear.webp\u201d alt=\u201dEngrenagem de minhocas duplex\u201d _builder_version=\u201d4.27.4\u2033 _module_preset=\u201ddefault\u201d header_level=\u201dh3\u2033 header_font=\u201dFrank Ruhl Livre||||||||\u201d header_text_align=\u201dcenter\u201d hover_enabled=\u201d0\u2033 global_colors_info=\u201d{}\u201d link_option_url=\u201dhttps:\/\/fmp-components.com\/en\/product\/duplex-worm-gear\u201d sticky_enabled=\u201d0\u2033 box_shadow_style=\u201dpreset1\u2033][\/et_pb_blurb][\/et_pb_column][\/et_pb_row][et_pb_row column_structure=\u201d1_4,1_4,1_4,1_4\u2033 _builder_version=\u201d4.27.4\u2033 _module_preset=\u201ddefault\u201d hover_enabled=\u201d0\u2033 global_colors_info=\u201d{}\u201d use_custom_gutter=\u201don\u201d gutter_width=\u201d2\u2033 sticky_enabled=\u201d0\u2033][et_pb_column type=\u201d1_4\u2033 _builder_version=\u201d4.27.4\u2033 _module_preset=\u201ddefault\u201d global_colors_info=\u201d{}\u201d][et_pb_blurb title=\u201dRoda sem-fim cil\u00edndrica\u201d image=\u201dhttps:\/\/fmp-components.com\/wp-content\/uploads\/2025\/01\/Cylindrical-Worm-Wheel.webp\u201d alt=\u201dRoda sem-fim cil\u00edndrica\u201d _builder_version=\u201d4.27.4\u2033 _module_preset=\u201ddefault\u201d header_level=\u201dh3\u2033 header_font=\u201dFrank Ruhl Libre|||||||||\u201d header_text_align=\u201dcenter\u201d hover_enabled=\u201d0\u2033 global_colors_info=\u201d{}\u201d url=\u201dhttps:\/\/fmp-components.com\/en\/product\/cylindrical-worm-wheel\u201d sticky_enabled=\u201d0\u2033 box_shadow_style=\u201dpreset1\u2033][\/et_pb_blurb][\/et_pb_column][et_pb_column type=\u201d1_4\u2033 _builder_version=\u201d4.27.4\u2033 _module_preset=\u201ddefault\u201d global_colors_info=\u201d{}\u201d][et_pb_blurb title=\u201dConjunto de engrenagens sem-fim personalizado\u201d image=\u201dhttps:\/\/fmp-components.com\/wp-content\/uploads\/2025\/01\/Customized-Worm-Gear-Set-31.webp\u201d alt=\u201dConjunto de engrenagens sem-fim personalizadas-31\u2033 _builder_version=\u201d4.27.4\u2033 _module_preset=\u201dpadr\u00e3o\u201d header_level=\u201dh3\u2033 header_font=\u201dFrank Ruhl Libre||||||||\u201d header_text_align=\u201dcenter\u201d hover_enabled=\u201d0\u2033 global_colors_info=\u201d{}\u201d link_option_url=\u201dhttps:\/\/fmp-components.com\/en\/product\/customized-worm-gear-set\u201d sticky_enabled=\u201d0\u2033 box_shadow_style=\u201dpreset1\u2033][\/et_pb_blurb][\/et_pb_column][et_pb_column type=\u201d1_4\u2033 _builder_version=\u201d4.27.4\u2033 _module_preset=\u201ddefault\u201d global_colors_info=\u201d{}\u201d][et_pb_blurb title=\u201dRoda sem-fim\u201d image=\u201dhttps:\/\/fmp-components.com\/wp-content\/uploads\/2025\/01\/Worm-and-Wheel.webp\u201d alt=\u201dRoda sem-fim e Roda\u201d _builder_version=\u201d4.27.4\u2033 _module_preset=\u201ddefault\u201d header_level=\u201dh3\u2033 header_font=\u201dFrank Ruhl Libre||||||||\u201d header_text_align=\u201dcenter\u201d hover_enabled=\u201d0\u2033 global_colors_info=\u201d{}\u201d link_option_url=\u201dhttps:\/\/fmp-components.com\/en\/product\/worm-and-wheel\u201d box_shadow_style=\u201dpreset1\u2033 sticky_enabled=\u201d0\u2033][\/et_pb_blurb][\/et_pb_column][et_pb_column type=\u201d1_4\u2033 _builder_version=\u201d4.27.4\u2033 _module_preset=\u201ddefault\u201d global_colors_info=\u201d{}\u201d][et_pb_blurb title=\u201dEngrenagens de sem-fim de pl\u00e1stico\u201d image=\u201dhttps:\/\/fmp-components.com\/wp-content\/uploads\/2025\/01\/Plastic-Worm-Gears.webp\u201d alt=\u201dEngrenagens de sem-fim de pl\u00e1stico Engrenagens\u201d _builder_version=\u201d4.27.4\u2033 _module_preset=\u201ddefault\u201d header_level=\u201dh3\u2033 header_font=\u201dFrank Ruhl Livre||||||||\u201d header_text_align=\u201dcenter\u201d hover_enabled=\u201d0\u2033 global_colors_info=\u201d{}\u201d link_option_url=\u201dhttps:\/\/fmp-components.com\/en\/product\/plastic-worm-gears\u201d box_shadow_style=\u201dpreset1\u2033 sticky_enabled=\u201d0\u2033][\/et_pb_blurb][\/et_pb_column][\/et_pb_row][et_pb_row column_structure=\u201d1_4,1_4,1_4,1_4\u2033 _builder_version=\u201d4.27.4\u2033 _module_preset=\u201ddefault\u201d hover_enabled=\u201d0\u2033 global_colors_info=\u201d{}\u201d use_custom_gutter=\u201don\u201d gutter_width=\u201d2\u2033 sticky_enabled=\u201d0\u2033][et_pb_column type=\u201d1_4\u2033 _builder_version=\u201d4.27.4\u2033 _module_preset=\u201ddefault\u201d global_colors_info=\u201d{}\u201d][et_pb_blurb title=\u201dRoda sem-fim de lat\u00e3o\u201d image=\u201dhttps:\/\/fmp-components.com\/wp-content\/uploads\/2025\/01\/Brass-Worm-Wheel.webp\u201d alt=\u201dRoda sem-fim de lat\u00e3o\u201d _builder_version=\u201d4.27.4\u2033 _module_preset=\u201ddefault\u201d header_level=\u201dh3\u2033 header_font=\u201dFrank Ruhl Libre|||||||||\u201d header_text_align=\u201dcenter\u201d hover_enabled=\u201d0\u2033 global_colors_info=\u201d{}\u201d link_option_url=\u201dhttps:\/\/fmp-components.com\/en\/product\/brass-worm-wheel\u201d box_shadow_style=\u201dpreset1\u2033 sticky_enabled=\u201d0\u2033][\/et_pb_blurb][\/et_pb_column][et_pb_column type=\u201d1_4\u2033 _builder_version=\u201d4.27.4\u2033 _module_preset=\u201ddefault\u201d global_colors_info=\u201d{}\u201d][\/et_pb_column][et_pb_column type=\u201d1_4\u2033 _builder_version=\u201d4.27.4\u2033 _module_preset=\u201ddefault\u201d global_colors_info=\u201d{}\u201d][\/et_pb_column][et_pb_column tipo=\u201d1_4\u2033 _builder_version=\u201d4.27.4\u2033 _module_preset=\u201dpadr\u00e3o\u201d global_colors_info=\u201d{}\u201d][\/et_pb_column][\/et_pb_row][\/et_pb_section]<\/p>","protected":false},"excerpt":{"rendered":"<p>Engrenagem sem-fim e eixo sem-fimSe o produto que voc\u00ea precisa n\u00e3o estiver listado, v\u00e1 em frente e pe\u00e7a um or\u00e7amento gr\u00e1tis!<\/p>","protected":false},"author":2,"featured_media":0,"parent":0,"menu_order":0,"comment_status":"closed","ping_status":"closed","template":"","meta":{"_et_pb_use_builder":"on","_et_pb_old_content":"","_et_gb_content_width":"","footnotes":""},"class_list":["post-4534","page","type-page","status-publish","hentry"],"_links":{"self":[{"href":"https:\/\/fmp-components.com\/pt\/wp-json\/wp\/v2\/pages\/4534","targetHints":{"allow":["GET"]}}],"collection":[{"href":"https:\/\/fmp-components.com\/pt\/wp-json\/wp\/v2\/pages"}],"about":[{"href":"https:\/\/fmp-components.com\/pt\/wp-json\/wp\/v2\/types\/page"}],"author":[{"embeddable":true,"href":"https:\/\/fmp-components.com\/pt\/wp-json\/wp\/v2\/users\/2"}],"replies":[{"embeddable":true,"href":"https:\/\/fmp-components.com\/pt\/wp-json\/wp\/v2\/comments?post=4534"}],"version-history":[{"count":10,"href":"https:\/\/fmp-components.com\/pt\/wp-json\/wp\/v2\/pages\/4534\/revisions"}],"predecessor-version":[{"id":7251,"href":"https:\/\/fmp-components.com\/pt\/wp-json\/wp\/v2\/pages\/4534\/revisions\/7251"}],"wp:attachment":[{"href":"https:\/\/fmp-components.com\/pt\/wp-json\/wp\/v2\/media?parent=4534"}],"curies":[{"name":"wp","href":"https:\/\/api.w.org\/{rel}","templated":true}]}}