{"id":286,"date":"2024-12-09T03:50:21","date_gmt":"2024-12-09T03:50:21","guid":{"rendered":"https:\/\/fmp-components.com\/?page_id=8"},"modified":"2025-03-27T05:37:54","modified_gmt":"2025-03-27T05:37:54","slug":"forklift-hydraulic-cylinders-2","status":"publish","type":"page","link":"https:\/\/fmp-components.com\/pt\/forklift-hydraulic-cylinders-2\/","title":{"rendered":"Cilindros Hidr\u00e1ulicos para Empilhadeiras"},"content":{"rendered":"<p>[et_pb_section fb_built=&#8221;1&#8243; _builder_version=&#8221;4.27.4&#8243; _module_preset=&#8221;default&#8221; use_background_color_gradient=&#8221;on&#8221; background_color_gradient_stops=&#8221;rgba(0,0,0,0.14) 0%|rgba(0,0,0,0.16) 100%&#8221; background_color_gradient_overlays_image=&#8221;on&#8221; background_image=&#8221;https:\/\/fmp-components.com\/wp-content\/uploads\/2025\/03\/Forklift-Hydraulic-Cylinders.webp&#8221; custom_padding=&#8221;||157px|||&#8221; global_colors_info=&#8221;{}&#8221;][et_pb_row _builder_version=&#8221;4.27.4&#8243; _module_preset=&#8221;default&#8221; global_colors_info=&#8221;{}&#8221;][et_pb_column type=&#8221;4_4&#8243; _builder_version=&#8221;4.27.4&#8243; _module_preset=&#8221;default&#8221; global_colors_info=&#8221;{}&#8221;][et_pb_text _builder_version=&#8221;4.27.4&#8243; _module_preset=&#8221;default&#8221; header_font=&#8221;Frank Ruhl Libre||||||||&#8221; header_text_color=&#8221;#FFFFFF&#8221; header_font_size=&#8221;70px&#8221; header_text_shadow_style=&#8221;preset1&#8243; global_colors_info=&#8221;{}&#8221;]<\/p>\n<h1 style=\"text-align: center;\">Cilindros Hidr\u00e1ulicos para Empilhadeiras<\/h1>\n<p>[\/et_pb_text][\/et_pb_column][\/et_pb_row][et_pb_row _builder_version=&#8221;4.27.4&#8243; _module_preset=&#8221;default&#8221; global_colors_info=&#8221;{}&#8221;][et_pb_column type=&#8221;4_4&#8243; _builder_version=&#8221;4.27.4&#8243; _module_preset=&#8221;default&#8221; global_colors_info=&#8221;{}&#8221;][et_pb_text _builder_version=&#8221;4.27.4&#8243; _module_preset=&#8221;default&#8221; text_text_color=&#8221;#FFFFFF&#8221; text_font_size=&#8221;16px&#8221; text_line_height=&#8221;1.8em&#8221; text_orientation=&#8221;center&#8221; text_text_shadow_style=&#8221;preset1&#8243; global_colors_info=&#8221;{}&#8221;]<\/p>\n<p>Na FMP Company, somos especializados na produ\u00e7\u00e3o de uma ampla variedade de Cilindros Hidr\u00e1ulicos para Empilhadeiras, componentes essenciais que fornecem a pot\u00eancia e a precis\u00e3o necess\u00e1rias para levantar e abaixar cargas pesadas com efici\u00eancia. Nossa ampla linha apresenta diversos tipos e especifica\u00e7\u00f5es para atender a diferentes modelos de empilhadeiras e necessidades do setor. Tamb\u00e9m oferecemos servi\u00e7os de personaliza\u00e7\u00e3o para atender a requisitos exclusivos, garantindo que cada cliente receba uma solu\u00e7\u00e3o sob medida. Se voc\u00ea n\u00e3o encontrar o modelo espec\u00edfico que precisa em nossa lista de produtos, significa que ainda n\u00e3o tivemos a oportunidade de list\u00e1-lo. Envie-nos um e-mail com suas necessidades e nossos engenheiros qualificados responder\u00e3o em at\u00e9 24 horas para ajud\u00e1-lo a encontrar ou criar o cilindro hidr\u00e1ulico perfeito para sua empilhadeira.<\/p>\n<p>[\/et_pb_text][\/et_pb_column][\/et_pb_row][\/et_pb_section][et_pb_section fb_built=&#8221;1&#8243; _builder_version=&#8221;4.27.4&#8243; _module_preset=&#8221;default&#8221; global_colors_info=&#8221;{}&#8221;][et_pb_row _builder_version=&#8221;4.27.4&#8243; _module_preset=&#8221;default&#8221; global_colors_info=&#8221;{}&#8221;][et_pb_column type=&#8221;4_4&#8243; _builder_version=&#8221;4.27.4&#8243; _module_preset=&#8221;default&#8221; global_colors_info=&#8221;{}&#8221;][et_pb_shop type=&#8221;product_category&#8221; include_categories=&#8221;20&#8243; columns_number=&#8221;3&#8243; _builder_version=&#8221;4.27.4&#8243; _module_preset=&#8221;default&#8221; global_colors_info=&#8221;{}&#8221;][\/et_pb_shop][\/et_pb_column][\/et_pb_row][et_pb_row _builder_version=&#8221;4.27.4&#8243; _module_preset=&#8221;default&#8221; column_structure=&#8221;1_2,1_2&#8243;][et_pb_column _builder_version=&#8221;4.27.4&#8243; _module_preset=&#8221;default&#8221; type=&#8221;1_2&#8243;][et_pb_image src=&#8221;https:\/\/fmp-components.com\/wp-content\/uploads\/2025\/03\/Forklift-Hydraulic-Cylinders-3.webp&#8221; _builder_version=&#8221;4.27.4&#8243; _module_preset=&#8221;default&#8221; alt=&#8221;Forklift-Hydraulic-Cylinders&#8221; title_text=&#8221;Forklift-Hydraulic-Cylinders-3&#8243; hover_enabled=&#8221;0&#8243; sticky_enabled=&#8221;0&#8243;][\/et_pb_image][\/et_pb_column][et_pb_column _builder_version=&#8221;4.27.4&#8243; _module_preset=&#8221;default&#8221; type=&#8221;1_2&#8243;][et_pb_text _builder_version=&#8221;4.27.4&#8243; _module_preset=&#8221;default&#8221; header_2_font=&#8221;Frank Ruhl Libre||||||||&#8221; header_2_font_size=&#8221;30px&#8221; header_3_font=&#8221;Frank Ruhl Libre||||||||&#8221; hover_enabled=&#8221;0&#8243; sticky_enabled=&#8221;0&#8243;]<\/p>\n<h2>Uma gama abrangente de cilindros hidr\u00e1ulicos<\/h2>\n<p>Oferecemos uma ampla sele\u00e7\u00e3o de cilindros hidr\u00e1ulicos para empilhadeiras, projetados para atender a uma variedade de aplica\u00e7\u00f5es. Nossa linha de produtos inclui:<\/p>\n<p><strong>Cilindros de simples a\u00e7\u00e3o:<\/strong> Ideal para tarefas de eleva\u00e7\u00e3o simples.<br \/><strong>Cilindros de dupla a\u00e7\u00e3o:<\/strong> Perfeito para aplica\u00e7\u00f5es que exigem for\u00e7a em ambas as dire\u00e7\u00f5es.<br \/><strong>Cilindros Telesc\u00f3picos:<\/strong> Excelente para maior alcance e armazenamento compacto.<br \/><strong>Cilindros Tandem:<\/strong> Desenvolvido para maior pot\u00eancia e estabilidade em opera\u00e7\u00f5es exigentes.<br \/>Dispon\u00edveis em uma ampla variedade de formatos e tamanhos, nossos cilindros s\u00e3o projetados para atender \u00e0s mais diversas necessidades de equipamentos, seja para eleva\u00e7\u00e3o, inclina\u00e7\u00e3o ou deslocamento lateral. Seja qual for a sua aplica\u00e7\u00e3o, a FMP tem a solu\u00e7\u00e3o perfeita.<\/p>\n<p>[\/et_pb_text][\/et_pb_column][\/et_pb_row][et_pb_row _builder_version=&#8221;4.27.4&#8243; _module_preset=&#8221;default&#8221;][et_pb_column _builder_version=&#8221;4.27.4&#8243; _module_preset=&#8221;default&#8221; type=&#8221;4_4&#8243;][et_pb_text _builder_version=&#8221;4.27.4&#8243; _module_preset=&#8221;default&#8221; hover_enabled=&#8221;0&#8243; sticky_enabled=&#8221;0&#8243; header_3_font=&#8221;Frank Ruhl Libre||||||||&#8221; header_3_font_size=&#8221;25px&#8221; text_font_size=&#8221;15px&#8221;]<\/p>\n<h3>Entrega r\u00e1pida e amplo estoque<\/h3>\n<p>Tempo de inatividade custa dinheiro e, na FMP, estamos comprometidos em manter suas opera\u00e7\u00f5es funcionando sem problemas. Mantemos um amplo estoque de cilindros hidr\u00e1ulicos, al\u00e9m de pe\u00e7as de reposi\u00e7\u00e3o e acess\u00f3rios, garantindo entrega r\u00e1pida para atender \u00e0s suas necessidades urgentes. Ao escolher a FMP, voc\u00ea pode contar com um servi\u00e7o r\u00e1pido e confi\u00e1vel sempre.<\/p>\n<p>[\/et_pb_text][\/et_pb_column][\/et_pb_row][\/et_pb_section][et_pb_section fb_built=&#8221;1&#8243; theme_builder_area=&#8221;post_content&#8221; _builder_version=&#8221;4.27.4&#8243; _module_preset=&#8221;default&#8221; alt=&#8221;Forklift-Hydraulic-Cylinders&#8221; title_text=&#8221;Forklift-Hydraulic-Cylinders-1&#8243; background_image=&#8221;https:\/\/fmp-components.com\/wp-content\/uploads\/2025\/03\/Forklift-Hydraulic-Cylinders-1.webp&#8221; hover_enabled=&#8221;0&#8243; sticky_enabled=&#8221;0&#8243; min_height=&#8221;320px&#8221;][et_pb_row _builder_version=&#8221;4.27.4&#8243; _module_preset=&#8221;default&#8221; theme_builder_area=&#8221;post_content&#8221; background_color=&#8221;rgba(0,0,0,0.28)&#8221; hover_enabled=&#8221;0&#8243; sticky_enabled=&#8221;0&#8243;][et_pb_column _builder_version=&#8221;4.27.4&#8243; _module_preset=&#8221;default&#8221; type=&#8221;4_4&#8243; theme_builder_area=&#8221;post_content&#8221;][et_pb_text _builder_version=&#8221;4.27.4&#8243; _module_preset=&#8221;default&#8221; theme_builder_area=&#8221;post_content&#8221; text_font_size=&#8221;16px&#8221; text_line_height=&#8221;2em&#8221; text_text_color=&#8221;#FFFFFF&#8221; hover_enabled=&#8221;0&#8243; sticky_enabled=&#8221;0&#8243; header_3_font=&#8221;Frank Ruhl Libre||||||||&#8221; header_3_text_color=&#8221;#FFFFFF&#8221; custom_margin=&#8221;0px|||30px|false|false&#8221; header_3_font_size=&#8221;30px&#8221;]<\/p>\n<h3 style=\"text-align: center;\">Por que escolher a FMP?<\/h3>\n<p style=\"text-align: left;\"><strong>Fabricado na It\u00e1lia:<\/strong>\u00a0 Artesanato superior de nossa f\u00e1brica italiana.<br \/>Op\u00e7\u00f5es vers\u00e1teis: uma ampla gama de cilindros para cada aplica\u00e7\u00e3o.<br \/><strong>Conselho de especialista:\u00a0<\/strong> Suporte profissional de nossa equipe experiente.<br \/><strong>Servi\u00e7o r\u00e1pido:<\/strong>\u00a0 Grande estoque e entrega r\u00e1pida para minimizar o tempo de inatividade.<br \/><strong>Ajuste personalizado:<\/strong>\u00a0 Solu\u00e7\u00f5es personalizadas adaptadas ao seu equipamento e setor.<br \/>Para cilindros hidr\u00e1ulicos de alto desempenho para empilhadeiras, com o respaldo da expertise italiana, a FMP \u00e9 a solu\u00e7\u00e3o. Entre em contato conosco hoje mesmo para explorar nossa linha e descobrir como podemos apoiar o seu neg\u00f3cio com produtos de qualidade e um servi\u00e7o excepcional!<\/p>\n<p>[\/et_pb_text][\/et_pb_column][\/et_pb_row][\/et_pb_section]<\/p>","protected":false},"excerpt":{"rendered":"<p>Forklift Hydraulic CylindersAt FMP Company, we specialize in producing a wide variety of Forklift Hydraulic Cylinders, critical components that deliver the power and precision required to lift and lower heavy loads efficiently. Our extensive range features diverse types and specifications to suit different forklift models and industry needs. We also offer customization services to meet [&hellip;]<\/p>","protected":false},"author":2,"featured_media":0,"parent":0,"menu_order":0,"comment_status":"closed","ping_status":"closed","template":"","meta":{"_et_pb_use_builder":"on","_et_pb_old_content":"","_et_gb_content_width":"","footnotes":""},"class_list":["post-286","page","type-page","status-publish","hentry"],"_links":{"self":[{"href":"https:\/\/fmp-components.com\/pt\/wp-json\/wp\/v2\/pages\/286","targetHints":{"allow":["GET"]}}],"collection":[{"href":"https:\/\/fmp-components.com\/pt\/wp-json\/wp\/v2\/pages"}],"about":[{"href":"https:\/\/fmp-components.com\/pt\/wp-json\/wp\/v2\/types\/page"}],"author":[{"embeddable":true,"href":"https:\/\/fmp-components.com\/pt\/wp-json\/wp\/v2\/users\/2"}],"replies":[{"embeddable":true,"href":"https:\/\/fmp-components.com\/pt\/wp-json\/wp\/v2\/comments?post=286"}],"version-history":[{"count":10,"href":"https:\/\/fmp-components.com\/pt\/wp-json\/wp\/v2\/pages\/286\/revisions"}],"predecessor-version":[{"id":7508,"href":"https:\/\/fmp-components.com\/pt\/wp-json\/wp\/v2\/pages\/286\/revisions\/7508"}],"wp:attachment":[{"href":"https:\/\/fmp-components.com\/pt\/wp-json\/wp\/v2\/media?parent=286"}],"curies":[{"name":"wp","href":"https:\/\/api.w.org\/{rel}","templated":true}]}}