{"id":121,"date":"2024-12-06T00:35:10","date_gmt":"2024-12-06T00:35:10","guid":{"rendered":"https:\/\/fmp-components.com\/?page_id=121"},"modified":"2025-09-16T05:05:25","modified_gmt":"2025-09-16T05:05:25","slug":"about-us","status":"publish","type":"page","link":"https:\/\/fmp-components.com\/pt\/about-us\/","title":{"rendered":"Sobre n\u00f3s"},"content":{"rendered":"<p>[et_pb_section fb_built=&#8221;1&#8243; admin_label=&#8221;About&#8221; _builder_version=&#8221;4.16&#8243; _module_preset=&#8221;default&#8221; background_color=&#8221;#d8d8d8&#8243; global_colors_info=&#8221;{}&#8221;][et_pb_row _builder_version=&#8221;4.16&#8243; _module_preset=&#8221;default&#8221; global_colors_info=&#8221;{}&#8221;][et_pb_column type=&#8221;4_4&#8243; _builder_version=&#8221;4.16&#8243; _module_preset=&#8221;default&#8221; global_colors_info=&#8221;{}&#8221;][et_pb_text _builder_version=&#8221;4.27.4&#8243; _module_preset=&#8221;b6cb9bd8-0fbd-4699-b58d-51b3d480db23&#8243; text_font=&#8221;Candal|||on|||||&#8221; text_text_color=&#8221;#000000&#8243; text_font_size=&#8221;120px&#8221; text_line_height=&#8221;1em&#8221; header_font=&#8221;Candal||||||||&#8221; header_font_size=&#8221;50px&#8221; header_2_font=&#8221;Candal|||on|||||&#8221; header_2_text_color=&#8221;#000000&#8243; header_2_font_size=&#8221;60px&#8221; header_2_line_height=&#8221;1.1em&#8221; text_font_size_tablet=&#8221;80px&#8221; text_font_size_phone=&#8221;42px&#8221; text_font_size_last_edited=&#8221;on|tablet&#8221; text_line_height_last_edited=&#8221;off|desktop&#8221; header_2_font_size_tablet=&#8221;30px&#8221; header_2_font_size_phone=&#8221;22px&#8221; header_2_font_size_last_edited=&#8221;on|phone&#8221; header_2_line_height_tablet=&#8221;1.2em&#8221; header_2_line_height_phone=&#8221;1.3em&#8221; header_2_line_height_last_edited=&#8221;on|phone&#8221; global_colors_info=&#8221;{}&#8221;]<\/p>\n<h1>Sobre n\u00f3s<\/h1>\n<p>[\/et_pb_text][\/et_pb_column][\/et_pb_row][et_pb_row column_structure=&#8221;1_3,2_3&#8243; _builder_version=&#8221;4.16&#8243; _module_preset=&#8221;default&#8221; global_colors_info=&#8221;{}&#8221;][et_pb_column type=&#8221;1_3&#8243; _builder_version=&#8221;4.16&#8243; _module_preset=&#8221;default&#8221; global_colors_info=&#8221;{}&#8221;][et_pb_divider color=&#8221;#000000&#8243; divider_weight=&#8221;2px&#8221; _builder_version=&#8221;4.16&#8243; _module_preset=&#8221;dc234230-4e46-48ae-b6af-881b12bbb07c&#8221; max_width=&#8221;320px&#8221; height=&#8221;2px&#8221; custom_margin=&#8221;||20px||false|false&#8221; global_colors_info=&#8221;{}&#8221;][\/et_pb_divider][et_pb_text _builder_version=&#8221;4.27.4&#8243; _module_preset=&#8221;b3f744e8-66fc-4449-a995-41b3c3d24a27&#8243; header_font=&#8221;||||||||&#8221; header_6_font=&#8221;Montserrat|700|||||||&#8221; header_6_text_color=&#8221;#000000&#8243; header_6_font_size=&#8221;18px&#8221; header_6_line_height=&#8221;1.6em&#8221; custom_margin=&#8221;||10px||false|false&#8221; header_6_font_size_tablet=&#8221;16px&#8221; header_6_font_size_phone=&#8221;14px&#8221; header_6_font_size_last_edited=&#8221;on|phone&#8221; module_alignment_tablet=&#8221;left&#8221; module_alignment_last_edited=&#8221;off|desktop&#8221; global_colors_info=&#8221;{}&#8221;]<\/p>\n<h6><span style=\"font-size: 16px;\">FMP COMPONENTES SRL<\/span><\/h6>\n<p>[\/et_pb_text][et_pb_text _builder_version=&#8221;4.27.4&#8243; _module_preset=&#8221;b3f744e8-66fc-4449-a995-41b3c3d24a27&#8243; header_font=&#8221;||||||||&#8221; header_6_font=&#8221;Montserrat|700|||||||&#8221; header_6_text_color=&#8221;#000000&#8243; header_6_font_size=&#8221;18px&#8221; header_6_line_height=&#8221;1.6em&#8221; custom_margin=&#8221;||10px||false|false&#8221; hover_enabled=&#8221;0&#8243; header_6_font_size_tablet=&#8221;16px&#8221; header_6_font_size_phone=&#8221;14px&#8221; header_6_font_size_last_edited=&#8221;on|phone&#8221; module_alignment_tablet=&#8221;left&#8221; module_alignment_last_edited=&#8221;off|desktop&#8221; global_colors_info=&#8221;{}&#8221; sticky_enabled=&#8221;0&#8243;]<\/p>\n<h6><span data-type=\"text\"><span data-type=\"leaf\" color=\"\">Via XXV Aprile, 36 Calderara di Reno (Bolonha) <\/span><\/span><span style=\"font-size: 16px;\"><span>\u2013 It\u00e1lia<\/span><\/span><\/h6>\n<p>[\/et_pb_text][\/et_pb_column][et_pb_column type=&#8221;2_3&#8243; _builder_version=&#8221;4.16&#8243; _module_preset=&#8221;default&#8221; custom_padding=&#8221;|||80px|false|false&#8221; custom_padding_tablet=&#8221;|||0px|false|false&#8221; custom_padding_phone=&#8221;&#8221; custom_padding_last_edited=&#8221;on|tablet&#8221; global_colors_info=&#8221;{}&#8221;][et_pb_text _builder_version=&#8221;4.27.4&#8243; _module_preset=&#8221;f0cf31b9-b2e7-4752-a57c-6e2f73347b36&#8243; text_font=&#8221;Montserrat||||||||&#8221; text_text_color=&#8221;#000000&#8243; text_font_size=&#8221;16px&#8221; text_line_height=&#8221;1.8em&#8221; text_font_size_tablet=&#8221;15px&#8221; text_font_size_phone=&#8221;14px&#8221; text_font_size_last_edited=&#8221;on|desktop&#8221; header_font_size_tablet=&#8221;55px&#8221; header_font_size_last_edited=&#8221;off|desktop&#8221; global_colors_info=&#8221;{}&#8221;]<\/p>\n<p>Na FMP COMPONENTS SRL, temos mais de 30 anos de experi\u00eancia no setor, projetando e fabricando componentes e produtos mec\u00e2nicos de alta qualidade para m\u00e1quinas agr\u00edcolas. Com sede na It\u00e1lia, nos tornamos um parceiro de confian\u00e7a para nossos clientes em todo o mundo, oferecendo excel\u00eancia por meio de nossa dedica\u00e7\u00e3o \u00e0 qualidade, inova\u00e7\u00e3o e atendimento ao cliente.<\/p>\n<div id=\"gtx-trans\" style=\"position: absolute; left: 603px; top: 54.5938px;\">\n<div class=\"gtx-trans-icon\">\u00a0<\/div>\n<\/div>\n<p>[\/et_pb_text][\/et_pb_column][\/et_pb_row][\/et_pb_section][et_pb_section fb_built=&#8221;1&#8243; admin_label=&#8221;Resume&#8221; _builder_version=&#8221;4.16&#8243; _module_preset=&#8221;default&#8221; global_colors_info=&#8221;{}&#8221;][et_pb_row column_structure=&#8221;3_5,2_5&#8243; _builder_version=&#8221;4.16&#8243; _module_preset=&#8221;default&#8221; custom_padding=&#8221;||0px|||&#8221; global_colors_info=&#8221;{}&#8221;][et_pb_column type=&#8221;3_5&#8243; _builder_version=&#8221;4.16&#8243; _module_preset=&#8221;default&#8221; global_colors_info=&#8221;{}&#8221;][et_pb_text _builder_version=&#8221;4.27.4&#8243; _module_preset=&#8221;b6cb9bd8-0fbd-4699-b58d-51b3d480db23&#8243; text_font=&#8221;Candal|||on|||||&#8221; text_text_color=&#8221;#000000&#8243; text_font_size=&#8221;120px&#8221; text_line_height=&#8221;1em&#8221; header_2_font=&#8221;Candal|||on|||||&#8221; header_2_text_color=&#8221;#000000&#8243; header_2_font_size=&#8221;60px&#8221; header_2_line_height=&#8221;1.1em&#8221; header_3_font=&#8221;Candal|||on|||||&#8221; header_3_font_size=&#8221;20px&#8221; text_font_size_tablet=&#8221;80px&#8221; text_font_size_phone=&#8221;42px&#8221; text_font_size_last_edited=&#8221;on|tablet&#8221; text_line_height_last_edited=&#8221;off|desktop&#8221; header_2_font_size_tablet=&#8221;30px&#8221; header_2_font_size_phone=&#8221;22px&#8221; header_2_font_size_last_edited=&#8221;on|phone&#8221; header_2_line_height_tablet=&#8221;1.2em&#8221; header_2_line_height_phone=&#8221;1.3em&#8221; header_2_line_height_last_edited=&#8221;on|phone&#8221; global_colors_info=&#8221;{}&#8221;]<\/p>\n<h3>Nossa experi\u00eancia e comprometimento<\/h3>\n<p>[\/et_pb_text][\/et_pb_column][et_pb_column type=&#8221;2_5&#8243; _builder_version=&#8221;4.16&#8243; _module_preset=&#8221;default&#8221; global_colors_info=&#8221;{}&#8221;][\/et_pb_column][\/et_pb_row][et_pb_row _builder_version=&#8221;4.16&#8243; _module_preset=&#8221;default&#8221; global_colors_info=&#8221;{}&#8221;][et_pb_column type=&#8221;4_4&#8243; _builder_version=&#8221;4.16&#8243; _module_preset=&#8221;default&#8221; global_colors_info=&#8221;{}&#8221;][et_pb_text _builder_version=&#8221;4.27.4&#8243; _module_preset=&#8221;f0cf31b9-b2e7-4752-a57c-6e2f73347b36&#8243; text_font=&#8221;Montserrat||||||||&#8221; text_text_color=&#8221;#000000&#8243; text_font_size=&#8221;16px&#8221; text_line_height=&#8221;1.8em&#8221; custom_margin=&#8221;||0px||false|false&#8221; text_font_size_tablet=&#8221;15px&#8221; text_font_size_phone=&#8221;14px&#8221; text_font_size_last_edited=&#8221;on|desktop&#8221; header_font_size_tablet=&#8221;55px&#8221; header_font_size_last_edited=&#8221;off|desktop&#8221; global_colors_info=&#8221;{}&#8221;]<\/p>\n<ul>\n<li>Nossa equipe qualificada utiliza tecnologia CAD e CAM de ponta para fornecer solu\u00e7\u00f5es precisas para cada projeto. Nos orgulhamos de trabalhar em estreita colabora\u00e7\u00e3o com nossos clientes, colaborando com suas equipes t\u00e9cnicas para revisar projetos, conduzir estudos de viabilidade e ajustar produtos de acordo com especifica\u00e7\u00f5es exatas. Seja um componente personalizado ou um conjunto mec\u00e2nico completo, garantimos que cada produto atenda aos mais altos padr\u00f5es de desempenho, durabilidade e confiabilidade.<\/li>\n<\/ul>\n<p>[\/et_pb_text][et_pb_text _builder_version=&#8221;4.16&#8243; _module_preset=&#8221;f0cf31b9-b2e7-4752-a57c-6e2f73347b36&#8243; text_font=&#8221;Montserrat||||||||&#8221; text_text_color=&#8221;#000000&#8243; text_font_size=&#8221;16px&#8221; text_line_height=&#8221;1.8em&#8221; custom_margin=&#8221;||0px||false|false&#8221; text_font_size_tablet=&#8221;15px&#8221; text_font_size_phone=&#8221;14px&#8221; text_font_size_last_edited=&#8221;on|desktop&#8221; header_font_size_tablet=&#8221;55px&#8221; header_font_size_last_edited=&#8221;off|desktop&#8221; global_colors_info=&#8221;{}&#8221;]<\/p>\n<ul>\n<li>Entendemos a urg\u00eancia do seu projeto e sempre nos esfor\u00e7amos para oferecer a solu\u00e7\u00e3o mais eficiente e r\u00e1pida. N\u00e3o hesite \u2013 entre em contato conosco hoje mesmo para solicitar um or\u00e7amento. Prometemos entregar o que voc\u00ea precisa, quando voc\u00ea precisa!<\/li>\n<\/ul>\n<p>[\/et_pb_text][et_pb_text _builder_version=&#8221;4.27.4&#8243; _module_preset=&#8221;f0cf31b9-b2e7-4752-a57c-6e2f73347b36&#8243; text_font=&#8221;Montserrat||||||||&#8221; text_text_color=&#8221;#000000&#8243; text_font_size=&#8221;16px&#8221; text_line_height=&#8221;1.8em&#8221; text_font_size_tablet=&#8221;15px&#8221; text_font_size_phone=&#8221;14px&#8221; text_font_size_last_edited=&#8221;on|desktop&#8221; header_font_size_tablet=&#8221;55px&#8221; header_font_size_last_edited=&#8221;off|desktop&#8221; global_colors_info=&#8221;{}&#8221;]<\/p>\n<ul>\n<li>Nossa linha de produtos<br \/>Na FMP COMPONENTS, somos especializados em uma ampla gama de produtos mec\u00e2nicos de alto desempenho, incluindo:<\/li>\n<\/ul>\n<p>Cilindros hidr\u00e1ulicos diversos, eixos de transmiss\u00e3o para m\u00e1quinas agr\u00edcolas, acess\u00f3rios para m\u00e1quinas agr\u00edcolas, caixas de engrenagens para m\u00e1quinas agr\u00edcolas, acoplamentos diversos, cremalheiras, caixas de engrenagens planet\u00e1rias, caixas de engrenagens para aspersores, caixas de engrenagens para m\u00e1quinas de lavagem de carros e outras caixas de engrenagens, motores, correntes para m\u00e1quinas agr\u00edcolas diversas, correntes de a\u00e7o inoxid\u00e1vel, correntes de ferro fundido male\u00e1vel, rodas dentadas, polias, barras dentadas, correntes dentadas, etc. Nossa flexibilidade \u00e9 um dos nossos maiores pontos fortes. Produzimos componentes personalizados em diversos tamanhos para atender \u00e0s suas necessidades espec\u00edficas. Seja para produ\u00e7\u00e3o em pequeno volume ou fabrica\u00e7\u00e3o em larga escala, podemos lidar facilmente com projetos de qualquer porte. Com nossos recursos avan\u00e7ados, garantimos que cada pe\u00e7a atenda \u00e0s suas especifica\u00e7\u00f5es exatas, entregue a um pre\u00e7o competitivo e com qualidade incompar\u00e1vel.<\/p>\n<p>N\u00e3o espere mais! Solicite seu or\u00e7amento personalizado hoje mesmo para ver como podemos ajudar voc\u00ea a concretizar seu projeto. Entrega r\u00e1pida e pre\u00e7os imbat\u00edveis esperam por voc\u00ea!<\/p>\n<p>[\/et_pb_text][\/et_pb_column][\/et_pb_row][et_pb_row _builder_version=&#8221;4.16&#8243; _module_preset=&#8221;default&#8221; locked=&#8221;off&#8221; global_colors_info=&#8221;{}&#8221;][et_pb_column type=&#8221;4_4&#8243; _builder_version=&#8221;4.16&#8243; _module_preset=&#8221;default&#8221; global_colors_info=&#8221;{}&#8221;][et_pb_divider color=&#8221;#000000&#8243; divider_weight=&#8221;4px&#8221; _builder_version=&#8221;4.16&#8243; _module_preset=&#8221;2a3f7bff-0d13-4b28-a9ba-f5f90b7f6e77&#8243; height=&#8221;4px&#8221; global_colors_info=&#8221;{}&#8221;][\/et_pb_divider][\/et_pb_column][\/et_pb_row][et_pb_row _builder_version=&#8221;4.16&#8243; _module_preset=&#8221;default&#8221; locked=&#8221;off&#8221; global_colors_info=&#8221;{}&#8221;][et_pb_column type=&#8221;4_4&#8243; _builder_version=&#8221;4.16&#8243; _module_preset=&#8221;default&#8221; global_colors_info=&#8221;{}&#8221;][et_pb_text _builder_version=&#8221;4.27.4&#8243; _module_preset=&#8221;b6cb9bd8-0fbd-4699-b58d-51b3d480db23&#8243; text_font=&#8221;Candal|||on|||||&#8221; text_text_color=&#8221;#000000&#8243; text_font_size=&#8221;120px&#8221; text_line_height=&#8221;1em&#8221; header_2_font=&#8221;Candal|||on|||||&#8221; header_2_text_color=&#8221;#000000&#8243; header_2_font_size=&#8221;60px&#8221; header_2_line_height=&#8221;1.1em&#8221; header_3_font=&#8221;Candal|||on|||||&#8221; header_3_font_size=&#8221;20px&#8221; text_font_size_tablet=&#8221;80px&#8221; text_font_size_phone=&#8221;42px&#8221; text_font_size_last_edited=&#8221;on|tablet&#8221; text_line_height_last_edited=&#8221;off|desktop&#8221; header_2_font_size_tablet=&#8221;30px&#8221; header_2_font_size_phone=&#8221;22px&#8221; header_2_font_size_last_edited=&#8221;on|phone&#8221; header_2_line_height_tablet=&#8221;1.2em&#8221; header_2_line_height_phone=&#8221;1.3em&#8221; header_2_line_height_last_edited=&#8221;on|phone&#8221; global_colors_info=&#8221;{}&#8221;]<\/p>\n<h3>Nossa experi\u00eancia e comprometimento<\/h3>\n<p>[\/et_pb_text][et_pb_text _builder_version=&#8221;4.27.4&#8243; _module_preset=&#8221;f0cf31b9-b2e7-4752-a57c-6e2f73347b36&#8243; text_font=&#8221;Montserrat||||||||&#8221; text_text_color=&#8221;#000000&#8243; text_font_size=&#8221;16px&#8221; text_line_height=&#8221;1.8em&#8221; custom_margin=&#8221;||0px||false|false&#8221; text_font_size_tablet=&#8221;15px&#8221; text_font_size_phone=&#8221;14px&#8221; text_font_size_last_edited=&#8221;on|desktop&#8221; header_font_size_tablet=&#8221;55px&#8221; header_font_size_last_edited=&#8221;off|desktop&#8221; global_colors_info=&#8221;{}&#8221;]<\/p>\n<ul>\n<li>Garantia de qualidade intransigente<br \/>A qualidade est\u00e1 no centro de tudo o que a FMP COMPONENTS faz. Realizamos inspe\u00e7\u00f5es de produtos 100% para garantir que cada produto que sai de nossas instala\u00e7\u00f5es atenda aos rigorosos padr\u00f5es de qualidade. Da fase inicial de projeto ao produto final, garantimos que cada componente tenha o melhor desempenho, agregando valor duradouro \u00e0 sua opera\u00e7\u00e3o. Nosso meticuloso processo de controle de qualidade significa que voc\u00ea sempre pode contar conosco para fornecer produtos confi\u00e1veis \u200b\u200be dur\u00e1veis.<\/li>\n<\/ul>\n<p>[\/et_pb_text][et_pb_text _builder_version=&#8221;4.27.4&#8243; _module_preset=&#8221;f0cf31b9-b2e7-4752-a57c-6e2f73347b36&#8243; text_font=&#8221;Montserrat||||||||&#8221; text_text_color=&#8221;#000000&#8243; text_font_size=&#8221;16px&#8221; text_line_height=&#8221;1.8em&#8221; custom_margin=&#8221;||0px||false|false&#8221; text_font_size_tablet=&#8221;15px&#8221; text_font_size_phone=&#8221;14px&#8221; text_font_size_last_edited=&#8221;on|desktop&#8221; header_font_size_tablet=&#8221;55px&#8221; header_font_size_last_edited=&#8221;off|desktop&#8221; global_colors_info=&#8221;{}&#8221;]<\/p>\n<ul>\n<li>Entrega r\u00e1pida e flex\u00edvel e solu\u00e7\u00f5es personalizadas<br \/>Nosso armaz\u00e9m bem abastecido e nossos sistemas log\u00edsticos eficientes nos permitem gerenciar e atender \u00e0s suas necessidades durante todo o ano. Seja um prot\u00f3tipo, uma amostra ou um pedido de produ\u00e7\u00e3o em grande volume, oferecemos personaliza\u00e7\u00e3o especializada de produtos, bem como cronogramas de entrega flex\u00edveis, adaptados \u00e0s suas necessidades espec\u00edficas. Nossos servi\u00e7os de entrega em massa garantem que voc\u00ea receba seus produtos no prazo, quando precisar, com solu\u00e7\u00f5es personalizadas para otimizar sua cadeia de suprimentos. Precisa fazer um pedido rapidamente? Entre em contato conosco hoje mesmo e garantiremos que voc\u00ea receba a entrega r\u00e1pida que precisa, sem comprometer a qualidade.<\/li>\n<\/ul>\n<p>[\/et_pb_text][et_pb_text _builder_version=&#8221;4.16&#8243; _module_preset=&#8221;f0cf31b9-b2e7-4752-a57c-6e2f73347b36&#8243; text_font=&#8221;Montserrat||||||||&#8221; text_text_color=&#8221;#000000&#8243; text_font_size=&#8221;16px&#8221; text_line_height=&#8221;1.8em&#8221; text_font_size_tablet=&#8221;15px&#8221; text_font_size_phone=&#8221;14px&#8221; text_font_size_last_edited=&#8221;on|desktop&#8221; header_font_size_tablet=&#8221;55px&#8221; header_font_size_last_edited=&#8221;off|desktop&#8221; global_colors_info=&#8221;{}&#8221;]<\/p>\n<ul>\n<li>Inova\u00e7\u00e3o atrav\u00e9s da colabora\u00e7\u00e3o<br \/>A inova\u00e7\u00e3o impulsiona nossos neg\u00f3cios e trabalhamos em estreita colabora\u00e7\u00e3o com voc\u00ea para desenvolver as solu\u00e7\u00f5es mais eficazes para o seu projeto. Do conceito inicial \u00e0 produ\u00e7\u00e3o, nossa equipe realiza estudos de viabilidade abrangentes para garantir que seu projeto seja totalmente concretizado. Nossa abordagem colaborativa significa que estaremos com voc\u00ea em cada etapa do caminho, ajudando voc\u00ea a superar qualquer desafio e entregando um produto que atenda aos seus requisitos de desempenho e durabilidade.<\/li>\n<\/ul>\n<p>[\/et_pb_text][et_pb_text _builder_version=&#8221;4.16&#8243; _module_preset=&#8221;f0cf31b9-b2e7-4752-a57c-6e2f73347b36&#8243; text_font=&#8221;Montserrat||||||||&#8221; text_text_color=&#8221;#000000&#8243; text_font_size=&#8221;16px&#8221; text_line_height=&#8221;1.8em&#8221; text_font_size_tablet=&#8221;15px&#8221; text_font_size_phone=&#8221;14px&#8221; text_font_size_last_edited=&#8221;on|desktop&#8221; header_font_size_tablet=&#8221;55px&#8221; header_font_size_last_edited=&#8221;off|desktop&#8221; global_colors_info=&#8221;{}&#8221;]<\/p>\n<ul>\n<li>\n<p>Vamos trabalhar juntos<br \/>Procurando pe\u00e7as personalizadas, componentes de alta qualidade para m\u00e1quinas agr\u00edcolas ou suporte especializado em engenharia? A FMP COMPONENTS SRL pode atender a todas as suas necessidades em m\u00e1quinas. Com d\u00e9cadas de experi\u00eancia, uma abordagem flex\u00edvel e um compromisso com a qualidade, somos o parceiro perfeito para o seu pr\u00f3ximo projeto.<\/p>\n<p>N\u00e3o espere mais \u2013 entre em contato conosco hoje mesmo! Nossa equipe est\u00e1 pronta para oferecer solu\u00e7\u00f5es personalizadas e entregar produtos excepcionais que superam suas expectativas. Solicite um or\u00e7amento hoje mesmo e sinta a diferen\u00e7a da FMP!<\/p>\n<\/li>\n<\/ul>\n<p>[\/et_pb_text][\/et_pb_column][\/et_pb_row][et_pb_row _builder_version=&#8221;4.16&#8243; _module_preset=&#8221;default&#8221; locked=&#8221;off&#8221; global_colors_info=&#8221;{}&#8221;][et_pb_column type=&#8221;4_4&#8243; _builder_version=&#8221;4.16&#8243; _module_preset=&#8221;default&#8221; global_colors_info=&#8221;{}&#8221;][et_pb_divider color=&#8221;#000000&#8243; divider_weight=&#8221;4px&#8221; _builder_version=&#8221;4.16&#8243; _module_preset=&#8221;2a3f7bff-0d13-4b28-a9ba-f5f90b7f6e77&#8243; height=&#8221;4px&#8221; global_colors_info=&#8221;{}&#8221;][\/et_pb_divider][\/et_pb_column][\/et_pb_row][\/et_pb_section][et_pb_section fb_built=&#8221;1&#8243; admin_label=&#8221;Resume&#8221; _builder_version=&#8221;4.16&#8243; _module_preset=&#8221;default&#8221; global_colors_info=&#8221;{}&#8221;][et_pb_row _builder_version=&#8221;4.16&#8243; _module_preset=&#8221;default&#8221; global_colors_info=&#8221;{}&#8221;][et_pb_column type=&#8221;4_4&#8243; _builder_version=&#8221;4.16&#8243; _module_preset=&#8221;default&#8221; global_colors_info=&#8221;{}&#8221;][et_pb_text _builder_version=&#8221;4.27.4&#8243; _module_preset=&#8221;b6cb9bd8-0fbd-4699-b58d-51b3d480db23&#8243; header_2_font=&#8221;Candal|||on|||||&#8221; header_2_text_color=&#8221;#000000&#8243; header_2_font_size=&#8221;40px&#8221; header_2_line_height=&#8221;1.1em&#8221; header_2_font_size_tablet=&#8221;30px&#8221; header_2_font_size_phone=&#8221;22px&#8221; header_2_font_size_last_edited=&#8221;on|phone&#8221; header_2_line_height_tablet=&#8221;1.2em&#8221; header_2_line_height_phone=&#8221;1.3em&#8221; header_2_line_height_last_edited=&#8221;on|phone&#8221; locked=&#8221;off&#8221; global_colors_info=&#8221;{}&#8221;]<\/p>\n<h2>Fotos de f\u00e1brica<\/h2>\n<p>[\/et_pb_text][\/et_pb_column][\/et_pb_row][et_pb_row column_structure=&#8221;1_2,1_2&#8243; use_custom_gutter=&#8221;on&#8221; gutter_width=&#8221;2&#8243; _builder_version=&#8221;4.27.4&#8243; _module_preset=&#8221;default&#8221; global_colors_info=&#8221;{}&#8221;][et_pb_column type=&#8221;1_2&#8243; _builder_version=&#8221;4.27.4&#8243; _module_preset=&#8221;default&#8221; global_colors_info=&#8221;{}&#8221;][et_pb_image src=&#8221;https:\/\/fmp-components.com\/wp-content\/uploads\/2024\/12\/fmp-factory-1.webp&#8221; alt=&#8221;fmp-factory&#8221; title_text=&#8221;fmp-factory-1&#8243; _builder_version=&#8221;4.27.4&#8243; _module_preset=&#8221;default&#8221; global_colors_info=&#8221;{}&#8221;][\/et_pb_image][\/et_pb_column][et_pb_column type=&#8221;1_2&#8243; _builder_version=&#8221;4.27.4&#8243; _module_preset=&#8221;default&#8221; global_colors_info=&#8221;{}&#8221;][et_pb_image src=&#8221;https:\/\/fmp-components.com\/wp-content\/uploads\/2024\/12\/fmp-factory-2.webp&#8221; alt=&#8221;fmp-factory&#8221; title_text=&#8221;fmp-factory-2&#8243; _builder_version=&#8221;4.27.4&#8243; _module_preset=&#8221;default&#8221; global_colors_info=&#8221;{}&#8221;][\/et_pb_image][\/et_pb_column][\/et_pb_row][et_pb_row _builder_version=&#8221;4.27.4&#8243; _module_preset=&#8221;default&#8221; global_colors_info=&#8221;{}&#8221;][et_pb_column type=&#8221;4_4&#8243; _builder_version=&#8221;4.27.4&#8243; _module_preset=&#8221;default&#8221; global_colors_info=&#8221;{}&#8221;][et_pb_image src=&#8221;https:\/\/fmp-components.com\/wp-content\/uploads\/2024\/12\/cast-iron-pulley-factory.webp&#8221; alt=&#8221;cast-iron-pulley-factory&#8221; title_text=&#8221;cast-iron-pulley-factory&#8221; force_fullwidth=&#8221;on&#8221; _builder_version=&#8221;4.27.4&#8243; _module_preset=&#8221;default&#8221; global_colors_info=&#8221;{}&#8221;][\/et_pb_image][\/et_pb_column][\/et_pb_row][\/et_pb_section][et_pb_section fb_built=&#8221;1&#8243; admin_label=&#8221;Footer&#8221; _builder_version=&#8221;4.16&#8243; _module_preset=&#8221;default&#8221; background_color=&#8221;#000000&#8243; custom_padding=&#8221;||5vw||false|false&#8221; global_colors_info=&#8221;{}&#8221;][et_pb_row _builder_version=&#8221;4.16&#8243; _module_preset=&#8221;default&#8221; global_colors_info=&#8221;{}&#8221;][et_pb_column type=&#8221;4_4&#8243; _builder_version=&#8221;4.16&#8243; _module_preset=&#8221;default&#8221; global_colors_info=&#8221;{}&#8221;][et_pb_text _builder_version=&#8221;4.27.4&#8243; _module_preset=&#8221;default&#8221; text_font=&#8221;Candal||||||||&#8221; text_font_size=&#8221;30px&#8221; text_line_height=&#8221;1.2em&#8221; link_text_color=&#8221;#FFFFFF&#8221; header_4_line_height=&#8221;1.5em&#8221; text_orientation=&#8221;center&#8221; background_layout=&#8221;dark&#8221; custom_margin=&#8221;||20px||false|false&#8221; text_font_size_tablet=&#8221;20px&#8221; text_font_size_phone=&#8221;16px&#8221; text_font_size_last_edited=&#8221;on|tablet&#8221; header_font_size_tablet=&#8221;55px&#8221; header_font_size_last_edited=&#8221;off|desktop&#8221; header_4_font_size_tablet=&#8221;&#8221; header_4_font_size_phone=&#8221;15px&#8221; header_4_font_size_last_edited=&#8221;on|tablet&#8221; global_colors_info=&#8221;{}&#8221;]<\/p>\n<article class=\"4ever-article\" data-clipboard-cangjie=\"[&quot;root&quot;,{&quot;copyFrom&quot;:2066762897},[&quot;p&quot;,{},[&quot;span&quot;,{&quot;data-type&quot;:&quot;text&quot;},[&quot;span&quot;,{&quot;data-type&quot;:&quot;leaf&quot;},&quot;&quot;]],[&quot;a&quot;,{&quot;href&quot;:&quot;mailto:Email:info@fmpcomponents.it&quot;},[&quot;span&quot;,{&quot;data-type&quot;:&quot;text&quot;},[&quot;span&quot;,{&quot;data-type&quot;:&quot;leaf&quot;},&quot;Email:info@fmpcomponents.it&quot;]]],[&quot;span&quot;,{&quot;data-type&quot;:&quot;text&quot;},[&quot;span&quot;,{&quot;data-type&quot;:&quot;leaf&quot;},&quot;&quot;]]]]\">\n<p><span><\/span><a data-link-href-cangjie=\"\" target=\"_blank\" rel=\"noopener noreferrer\"><span>E-mail:info@fmpcomponents.it<\/span><\/a><span><\/span><\/p>\n<\/article>\n<p>[\/et_pb_text][et_pb_text _builder_version=&#8221;4.27.4&#8243; _module_preset=&#8221;default&#8221; text_font=&#8221;Candal||||||||&#8221; text_font_size=&#8221;30px&#8221; text_line_height=&#8221;1.2em&#8221; header_4_line_height=&#8221;1.5em&#8221; text_orientation=&#8221;center&#8221; background_layout=&#8221;dark&#8221; text_font_size_tablet=&#8221;20px&#8221; text_font_size_phone=&#8221;16px&#8221; text_font_size_last_edited=&#8221;on|tablet&#8221; header_font_size_tablet=&#8221;55px&#8221; header_font_size_last_edited=&#8221;off|desktop&#8221; header_4_font_size_tablet=&#8221;&#8221; header_4_font_size_phone=&#8221;15px&#8221; header_4_font_size_last_edited=&#8221;on|tablet&#8221; global_colors_info=&#8221;{}&#8221;]<\/p>\n<p>(051) 003-9146<\/p>\n<p>[\/et_pb_text][\/et_pb_column][\/et_pb_row][\/et_pb_section]<\/p>","protected":false},"excerpt":{"rendered":"<p>About usFMP COMPONENTS S.R.LVia XXV Aprile, 36 Calderara di Reno (Bologna) \u2013 ItalyAt FMP COMPONENTS S.R.L., we have over 30 years of experience in the industry, designing and manufacturing high-quality agricultural machinery components and mechanical products. Headquartered in Italy, we have become a trusted partner for our customers around the world, delivering excellence through our [&hellip;]<\/p>","protected":false},"author":2,"featured_media":0,"parent":0,"menu_order":0,"comment_status":"closed","ping_status":"closed","template":"","meta":{"_et_pb_use_builder":"on","_et_pb_old_content":"","_et_gb_content_width":"","footnotes":""},"class_list":["post-121","page","type-page","status-publish","hentry"],"_links":{"self":[{"href":"https:\/\/fmp-components.com\/pt\/wp-json\/wp\/v2\/pages\/121","targetHints":{"allow":["GET"]}}],"collection":[{"href":"https:\/\/fmp-components.com\/pt\/wp-json\/wp\/v2\/pages"}],"about":[{"href":"https:\/\/fmp-components.com\/pt\/wp-json\/wp\/v2\/types\/page"}],"author":[{"embeddable":true,"href":"https:\/\/fmp-components.com\/pt\/wp-json\/wp\/v2\/users\/2"}],"replies":[{"embeddable":true,"href":"https:\/\/fmp-components.com\/pt\/wp-json\/wp\/v2\/comments?post=121"}],"version-history":[{"count":21,"href":"https:\/\/fmp-components.com\/pt\/wp-json\/wp\/v2\/pages\/121\/revisions"}],"predecessor-version":[{"id":8233,"href":"https:\/\/fmp-components.com\/pt\/wp-json\/wp\/v2\/pages\/121\/revisions\/8233"}],"wp:attachment":[{"href":"https:\/\/fmp-components.com\/pt\/wp-json\/wp\/v2\/media?parent=121"}],"curies":[{"name":"wp","href":"https:\/\/api.w.org\/{rel}","templated":true}]}}