{"id":1162,"date":"2024-12-20T01:38:48","date_gmt":"2024-12-20T01:38:48","guid":{"rendered":"https:\/\/fmp-components.com\/?page_id=8"},"modified":"2025-07-22T03:14:30","modified_gmt":"2025-07-22T03:14:30","slug":"planetary-gearbox","status":"publish","type":"page","link":"https:\/\/fmp-components.com\/pt\/planetary-gearbox\/","title":{"rendered":"Caixa de engrenagens planet\u00e1rias"},"content":{"rendered":"<p>[et_pb_section fb_built=&#8221;1&#8243; _builder_version=&#8221;4.27.4&#8243; _module_preset=&#8221;default&#8221; use_background_color_gradient=&#8221;on&#8221; background_color_gradient_stops=&#8221;rgba(4,40,4,0.07) 0%|rgba(8,40,9,0.33) 100%&#8221; background_color_gradient_overlays_image=&#8221;on&#8221; background_image=&#8221;https:\/\/fmp-components.com\/wp-content\/uploads\/2024\/12\/planetary-gearbox-banner.webp&#8221; min_height=&#8221;509px&#8221; global_colors_info=&#8221;{}&#8221;][et_pb_row _builder_version=&#8221;4.27.4&#8243; _module_preset=&#8221;default&#8221; global_colors_info=&#8221;{}&#8221;][et_pb_column type=&#8221;4_4&#8243; _builder_version=&#8221;4.27.4&#8243; _module_preset=&#8221;default&#8221; global_colors_info=&#8221;{}&#8221;][et_pb_text _builder_version=&#8221;4.27.4&#8243; _module_preset=&#8221;default&#8221; header_font=&#8221;Frank Ruhl Libre|500|||||||&#8221; header_text_align=&#8221;center&#8221; header_text_color=&#8221;#FFFFFF&#8221; header_font_size=&#8221;65px&#8221; header_text_shadow_style=&#8221;preset1&#8243; global_colors_info=&#8221;{}&#8221;]<\/p>\n<h1>Caixa de engrenagens planet\u00e1rias<\/h1>\n<p>[\/et_pb_text][\/et_pb_column][\/et_pb_row][et_pb_row _builder_version=&#8221;4.27.4&#8243; _module_preset=&#8221;default&#8221; global_colors_info=&#8221;{}&#8221;][et_pb_column type=&#8221;4_4&#8243; _builder_version=&#8221;4.27.4&#8243; _module_preset=&#8221;default&#8221; global_colors_info=&#8221;{}&#8221;][et_pb_text _builder_version=&#8221;4.27.4&#8243; _module_preset=&#8221;default&#8221; text_text_color=&#8221;#FFFFFF&#8221; text_font_size=&#8221;16px&#8221; text_line_height=&#8221;1.8em&#8221; text_text_shadow_style=&#8221;preset1&#8243; global_colors_info=&#8221;{}&#8221;]<\/p>\n<p>Uma caixa de engrenagens planet\u00e1rias consiste em uma engrenagem solar central, m\u00faltiplas engrenagens planet\u00e1rias e uma coroa externa, oferecendo alta densidade de torque e design compacto. Essa configura\u00e7\u00e3o a torna ideal para aplica\u00e7\u00f5es que exigem redu\u00e7\u00e3o precisa de velocidade e aumento de torque, comumente utilizadas em rob\u00f3tica, autom\u00f3veis e m\u00e1quinas industriais.<\/p>\n<p>Na FMP, oferecemos uma ampla gama de redutores planet\u00e1rios e aceitamos encomendas personalizadas para atender \u00e0s suas necessidades espec\u00edficas. Sejam solu\u00e7\u00f5es padr\u00e3o ou especializadas, a FMP se dedica a fornecer redutores de alta qualidade, adaptados \u00e0s suas necessidades.<\/p>\n<p>[\/et_pb_text][\/et_pb_column][\/et_pb_row][\/et_pb_section][et_pb_section fb_built=&#8221;1&#8243; _builder_version=&#8221;4.27.4&#8243; _module_preset=&#8221;default&#8221; custom_padding=&#8221;||5px|||&#8221; global_colors_info=&#8221;{}&#8221;][et_pb_row _builder_version=&#8221;4.27.4&#8243; _module_preset=&#8221;default&#8221; global_colors_info=&#8221;{}&#8221;][et_pb_column type=&#8221;4_4&#8243; _builder_version=&#8221;4.27.4&#8243; _module_preset=&#8221;default&#8221; global_colors_info=&#8221;{}&#8221;][et_pb_text _builder_version=&#8221;4.27.4&#8243; _module_preset=&#8221;default&#8221; header_2_font=&#8221;Frank Ruhl Libre||||||||&#8221; header_2_text_align=&#8221;center&#8221; header_2_font_size=&#8221;40px&#8221; global_colors_info=&#8221;{}&#8221;]<\/p>\n<h2>Caixa de engrenagens planet\u00e1rias<\/h2>\n<p>[\/et_pb_text][\/et_pb_column][\/et_pb_row][et_pb_row column_structure=&#8221;1_3,1_3,1_3&#8243; _builder_version=&#8221;4.27.4&#8243; _module_preset=&#8221;default&#8221; global_colors_info=&#8221;{}&#8221;][et_pb_column type=&#8221;1_3&#8243; _builder_version=&#8221;4.27.4&#8243; _module_preset=&#8221;default&#8221; global_colors_info=&#8221;{}&#8221;][et_pb_image src=&#8221;https:\/\/fmp-components.com\/wp-content\/uploads\/2025\/01\/Track-Drive.webp&#8221; alt=&#8221;Track-Drive&#8221; title_text=&#8221;Track-Drive&#8221; _builder_version=&#8221;4.27.4&#8243; _module_preset=&#8221;default&#8221; global_colors_info=&#8221;{}&#8221;][\/et_pb_image][et_pb_toggle title=&#8221;Track Drive&#8221; _builder_version=&#8221;4.27.4&#8243; _module_preset=&#8221;default&#8221; global_colors_info=&#8221;{}&#8221;]<\/p>\n<ul>\n<li><a href=\"https:\/\/fmp-components.com\/pt\/product\/wheel-drive-planetary-gearbox-reducer-for-access-plateform\/\">Caixa de engrenagens planet\u00e1rias para plataforma de acesso<\/a><\/li>\n<li><a href=\"https:\/\/fmp-components.com\/pt\/product\/wheel-drive-planetary-gearbox-reducer-for-rough-terrain-scissor-lift3679\/\">Caixa de engrenagens planet\u00e1rias para terrenos acidentados <\/a><a href=\"https:\/\/fmp-components.com\/pt\/product\/wheel-drive-planetary-gearbox-reducer-for-road-reclaimers-and-grades\/\">Tesoura<\/a><\/li>\n<li><a href=\"https:\/\/fmp-components.com\/pt\/product\/wheel-drive-planetary-gearbox-reducer-for-road-reclaimers-and-grades\/\">Caixa de engrenagens planet\u00e1rias para recuperadores e niveladores de estradas<\/a><\/li>\n<li><a href=\"https:\/\/fmp-components.com\/pt\/product\/wheel-drive-planetary-gearbox-reducer-for-land-clearing-stone-crusher\/\">Caixa de engrenagens planet\u00e1rias para britador de pedras para limpeza de terrenos<\/a><\/li>\n<li><a href=\"https:\/\/fmp-components.com\/pt\/product\/wheel-drive-planetary-gearbox-reducer-for-cranes\/\">Caixa de engrenagens planet\u00e1rias para guindastes<\/a><\/li>\n<\/ul>\n<p>[\/et_pb_toggle][\/et_pb_column][et_pb_column type=&#8221;1_3&#8243; _builder_version=&#8221;4.27.4&#8243; _module_preset=&#8221;default&#8221; global_colors_info=&#8221;{}&#8221;][et_pb_image src=&#8221;https:\/\/fmp-components.com\/wp-content\/uploads\/2024\/12\/Winch-Drive.webp&#8221; alt=&#8221;Winch Drive&#8221; title_text=&#8221;Winch Drive&#8221; _builder_version=&#8221;4.27.4&#8243; _module_preset=&#8221;default&#8221; global_colors_info=&#8221;{}&#8221;][\/et_pb_image][et_pb_toggle title=&#8221;Winch Drive&#8221; _builder_version=&#8221;4.27.4&#8243; _module_preset=&#8221;default&#8221; global_colors_info=&#8221;{}&#8221;]<\/p>\n<ul>\n<li>Caixa de engrenagens planet\u00e1rias para guincho de \u00e2ncora<\/li>\n<li>Caixa de engrenagens planet\u00e1rias para guincho de reboque<\/li>\n<li>Caixa de engrenagens planet\u00e1rias para embarca\u00e7\u00f5es de constru\u00e7\u00e3o offshore<\/li>\n<li>Redutor Planet\u00e1rio para Plataforma Offshore<\/li>\n<li>Caixa de engrenagens planet\u00e1rias para sondas de perfura\u00e7\u00e3o<\/li>\n<li>Caixa de engrenagens planet\u00e1rias para guincho florestal e madeireiro<\/li>\n<li>Caixa de engrenagens planet\u00e1rias para armaz\u00e9ns 3D<\/li>\n<li>Caixa de engrenagens planet\u00e1rias para equipamentos de i\u00e7amento de minas<\/li>\n<li>Caixa de engrenagens planet\u00e1rias para elevador<\/li>\n<li>Caixa de engrenagens planet\u00e1rias para assentadores de tubos<\/li>\n<li>Caixa de engrenagens planet\u00e1rias para guindaste montado em caminh\u00e3o<\/li>\n<li>Caixa de engrenagens planet\u00e1rias para transportador de guindaste de ca\u00e7amba<\/li>\n<li>Caixa de engrenagens planet\u00e1rias para abertura de porta de forno<\/li>\n<li>Caixa de engrenagens planet\u00e1rias para guinchos de inc\u00eandio e resgate<\/li>\n<\/ul>\n<p>[\/et_pb_toggle][\/et_pb_column][et_pb_column type=&#8221;1_3&#8243; _builder_version=&#8221;4.27.4&#8243; _module_preset=&#8221;default&#8221; global_colors_info=&#8221;{}&#8221;][et_pb_image src=&#8221;https:\/\/fmp-components.com\/wp-content\/uploads\/2024\/12\/Wheel-Drive.webp&#8221; alt=&#8221;Wheel Drive&#8221; title_text=&#8221;Wheel Drive&#8221; _builder_version=&#8221;4.27.4&#8243; _module_preset=&#8221;default&#8221; global_colors_info=&#8221;{}&#8221;][\/et_pb_image][et_pb_toggle title=&#8221;Wheel Drive&#8221; _builder_version=&#8221;4.27.4&#8243; _module_preset=&#8221;default&#8221; global_colors_info=&#8221;{}&#8221;]<\/p>\n<ul>\n<li>Caixa de engrenagens planet\u00e1rias para colheitadeira de ma\u00e7\u00e3s<\/li>\n<li>Caixa de engrenagens planet\u00e1rias para colhedora de forragem<\/li>\n<li>Caixa de engrenagens planet\u00e1rias para colheitadeira de batatas<\/li>\n<li>Caixa de engrenagens planet\u00e1rias para colheitadeira de uvas<\/li>\n<li>Caixa de engrenagens planet\u00e1rias para colheitadeira de a\u00e7\u00facar<\/li>\n<li>Caixa de engrenagens planet\u00e1rias para misturador de ra\u00e7\u00e3o<\/li>\n<li>Caixa de engrenagens planet\u00e1rias para terra<br \/>Triturador de pedra de limpeza<\/li>\n<li>Caixa de engrenagens planet\u00e1rias para irriga\u00e7\u00e3o de movimento linear<\/li>\n<li>Caixa de engrenagens planet\u00e1rias para semeadeira e plantadeira<\/li>\n<li>Caixa de engrenagens planet\u00e1rias para fertilizantes<\/li>\n<li>Caixa de engrenagens planet\u00e1rias para plataforma de acesso<\/li>\n<li>Caixa de engrenagens planet\u00e1rias para elevador de tesoura para terrenos acidentados<\/li>\n<li>Caixa de engrenagens planet\u00e1rias para recuperadores e niveladores de estradas<\/li>\n<li>Caixa de engrenagens planet\u00e1rias para trator de esteiras<\/li>\n<li>Caixa de engrenagens planet\u00e1rias para guindastes<\/li>\n<li>Caixa de engrenagens planet\u00e1rias para caminh\u00f5es betoneira<\/li>\n<li>Caixa de engrenagens planet\u00e1rias para motoniveladoras<\/li>\n<li>Caixa de engrenagens planet\u00e1rias para rolos<\/li>\n<li>Caixa de engrenagens planet\u00e1rias para carregadeiras<\/li>\n<li>Caixa de engrenagens planet\u00e1rias para escavadeiras<\/li>\n<li>Caixa de engrenagens planet\u00e1rias para jumbos de perfura\u00e7\u00e3o subterr\u00e2nea<\/li>\n<li>Caixa de engrenagens planet\u00e1rias para carregadeiras subterr\u00e2neas\/LHDs<\/li>\n<li>Redutor planet\u00e1rio para plantas m\u00f3veis de britagem e peneiramento<\/li>\n<li>Caixa de engrenagens planet\u00e1rias para caminh\u00f5es basculantes de minera\u00e7\u00e3o<\/li>\n<li>Caixa de engrenagens planet\u00e1rias para empilhadeiras<\/li>\n<li>Caixa de engrenagens planet\u00e1rias para guindastes de cont\u00eaineres<\/li>\n<li>Caixa de engrenagens planet\u00e1rias para ve\u00edculos guiados automaticamente, AGVs<\/li>\n<li>Caixa de engrenagens planet\u00e1rias para empilhadeiras retr\u00e1teis<\/li>\n<li>Caixa de engrenagens planet\u00e1rias para guindaste de p\u00f3rtico com pneus de borracha, RTG<\/li>\n<\/ul>\n<p>[\/et_pb_toggle][\/et_pb_column][\/et_pb_row][et_pb_row column_structure=&#8221;1_3,1_3,1_3&#8243; _builder_version=&#8221;4.27.4&#8243; _module_preset=&#8221;default&#8221; global_colors_info=&#8221;{}&#8221;][et_pb_column type=&#8221;1_3&#8243; _builder_version=&#8221;4.27.4&#8243; _module_preset=&#8221;default&#8221; global_colors_info=&#8221;{}&#8221;][et_pb_image src=&#8221;https:\/\/fmp-components.com\/wp-content\/uploads\/2024\/12\/Slewing-Drive.webp&#8221; alt=&#8221;Slewing Drive&#8221; title_text=&#8221;Slewing Drive&#8221; _builder_version=&#8221;4.27.4&#8243; _module_preset=&#8221;default&#8221; global_colors_info=&#8221;{}&#8221;][\/et_pb_image][et_pb_toggle title=&#8221;Slewing Drive&#8221; _builder_version=&#8221;4.27.4&#8243; _module_preset=&#8221;default&#8221; global_colors_info=&#8221;{}&#8221;]<\/p>\n<ul>\n<li>Caixa de engrenagens planet\u00e1rias para turbina e\u00f3lica<\/li>\n<li>Caixa de engrenagens planet\u00e1rias para sistema de rastreamento solar<\/li>\n<li>Caixa de engrenagens planet\u00e1rias para bomba de concreto montada em caminh\u00e3o<\/li>\n<li>Caixa de engrenagens planet\u00e1rias para ve\u00edculos de trabalho a\u00e9reo<\/li>\n<li>Caixa de engrenagens planet\u00e1rias para plataformas de perfura\u00e7\u00e3o offshore<\/li>\n<li>Caixa de engrenagens planet\u00e1rias para antena de radar<\/li>\n<li>Caixa de engrenagens planet\u00e1rias para cabe\u00e7ote de corte TBM<\/li>\n<li>Caixa de engrenagens planet\u00e1rias para escavadores<\/li>\n<li>Caixa de engrenagens planet\u00e1rias para guindaste de torre<\/li>\n<li>Caixa de engrenagens planet\u00e1rias para guindaste de cont\u00eaineres portu\u00e1rios<\/li>\n<li>Caixa de engrenagens planet\u00e1rias para guindaste sobre esteiras<\/li>\n<li>Caixa de engrenagens planet\u00e1rias para guindaste montado em caminh\u00e3o<\/li>\n<li>Caixa de engrenagens planet\u00e1rias para guindastes todo-terreno<\/li>\n<\/ul>\n<p>[\/et_pb_toggle][\/et_pb_column][et_pb_column type=&#8221;1_3&#8243; _builder_version=&#8221;4.27.4&#8243; _module_preset=&#8221;default&#8221; global_colors_info=&#8221;{}&#8221;][et_pb_image src=&#8221;https:\/\/fmp-components.com\/wp-content\/uploads\/2024\/12\/Swing-Gearbox.webp&#8221; alt=&#8221;Swing Gearbox&#8221; title_text=&#8221;Swing Gearbox&#8221; _builder_version=&#8221;4.27.4&#8243; _module_preset=&#8221;default&#8221; global_colors_info=&#8221;{}&#8221;][\/et_pb_image][et_pb_toggle title=&#8221;Swing Gearbox&#8221; _builder_version=&#8221;4.27.4&#8243; _module_preset=&#8221;default&#8221; global_colors_info=&#8221;{}&#8221;]<\/p>\n<ul>\n<li>Caixa de engrenagens planet\u00e1rias para <span>Kobelco SK350-8<\/span><\/li>\n<li>Caixa de engrenagens planet\u00e1rias para escavadeira Yuchai YC60-7<\/li>\n<li>Caixa de engrenagens planet\u00e1rias para recuperadores e niveladores de estradas<\/li>\n<li>Caixa de engrenagens planet\u00e1rias para escavadeira Hitachi ZX70<\/li>\n<li>Caixa de engrenagens planet\u00e1rias para escavadeira CASE CX130<\/li>\n<li>Caixa de engrenagens planet\u00e1rias para escavadeira <span>DX380<\/span><\/li>\n<li>Caixa de engrenagens planet\u00e1rias para escavadeira Caterpillar E307B<\/li>\n<li>Caixa de engrenagens planet\u00e1rias para escavadeira Caterpillar E336D<\/li>\n<li>Caixa de engrenagens planet\u00e1rias para escavadeira <span>EC360<\/span><\/li>\n<li>Caixa de engrenagens planet\u00e1rias para escavadeira Volvo EC460<\/li>\n<li>Caixa de engrenagens planet\u00e1rias para escavadeira <span>EC700<\/span><\/li>\n<li>Caixa de engrenagens planet\u00e1rias para escavadeira Volvo EC360<\/li>\n<li>Caixa de engrenagens planet\u00e1rias para escavadeira Volvo EC460<\/li>\n<li>Caixa de engrenagens planet\u00e1rias para escavadeira <span>EC700<\/span><\/li>\n<li>Caixa de engrenagens planet\u00e1rias para escavadeira Komatsu PC40<\/li>\n<li>Caixa de engrenagens planet\u00e1rias para escavadeira Komatsu PC56-7<\/li>\n<li>Caixa de engrenagens planet\u00e1rias para escavadeira Komatsu PC300-7<\/li>\n<li>Caixa de engrenagens planet\u00e1rias para escavadeira Komatsu PC400-7<\/li>\n<li>Caixa de engrenagens planet\u00e1rias para escavadeira Kobelco SK60-6<\/li>\n<li>Caixa de engrenagens planet\u00e1rias para escavadeira Kobelco SK135<\/li>\n<li>Caixa de engrenagens planet\u00e1rias para escavadeira Kobelco SK200-8<\/li>\n<li>Caixa de engrenagens planet\u00e1rias para escavadeira Daewoo DH300-7<\/li>\n<\/ul>\n<p>[\/et_pb_toggle][\/et_pb_column][et_pb_column type=&#8221;1_3&#8243; _builder_version=&#8221;4.27.4&#8243; _module_preset=&#8221;default&#8221; global_colors_info=&#8221;{}&#8221;][et_pb_image src=&#8221;https:\/\/fmp-components.com\/wp-content\/uploads\/2024\/12\/In-line-Planetary-Gearbox.webp&#8221; alt=&#8221;In-line Planetary Gearbox&#8221; title_text=&#8221;In-line Planetary Gearbox&#8221; _builder_version=&#8221;4.27.4&#8243; _module_preset=&#8221;default&#8221; global_colors_info=&#8221;{}&#8221;][\/et_pb_image][et_pb_toggle title=&#8221;In-line Planetary Gearbox&#8221; _builder_version=&#8221;4.27.4&#8243; _module_preset=&#8221;default&#8221; global_colors_info=&#8221;{}&#8221;]<\/p>\n<ul>\n<li>Caixa de engrenagens planet\u00e1rias industriais da s\u00e9rie S<\/li>\n<li>Caixa de engrenagens planet\u00e1rias s\u00e9rie E<\/li>\n<li>Caixa de engrenagens planet\u00e1rias s\u00e9rie 311<\/li>\n<li>Caixa de engrenagens planet\u00e1rias s\u00e9rie 310<\/li>\n<li>Caixa de engrenagens planet\u00e1rias s\u00e9rie 306<\/li>\n<li>Caixa de engrenagens planet\u00e1rias s\u00e9rie 301<\/li>\n<\/ul>\n<p>[\/et_pb_toggle][\/et_pb_column][\/et_pb_row][et_pb_row column_structure=&#8221;1_3,1_3,1_3&#8243; _builder_version=&#8221;4.27.4&#8243; _module_preset=&#8221;default&#8221; global_colors_info=&#8221;{}&#8221;][et_pb_column type=&#8221;1_3&#8243; _builder_version=&#8221;4.27.4&#8243; _module_preset=&#8221;default&#8221; global_colors_info=&#8221;{}&#8221;][et_pb_image src=&#8221;https:\/\/fmp-components.com\/wp-content\/uploads\/2024\/12\/Right-Angle-Planetary-Gearbox.webp&#8221; alt=&#8221;Right Angle Planetary Gearbox&#8221; title_text=&#8221;Right Angle Planetary Gearbox&#8221; _builder_version=&#8221;4.27.4&#8243; _module_preset=&#8221;default&#8221; global_colors_info=&#8221;{}&#8221;][\/et_pb_image][et_pb_toggle title=&#8221;Right Angle Planetary Gearbox&#8221; _builder_version=&#8221;4.27.4&#8243; _module_preset=&#8221;default&#8221; global_colors_info=&#8221;{}&#8221;]<\/p>\n<ul>\n<li>Caixa de engrenagens planet\u00e1rias s\u00e9rie 307<\/li>\n<\/ul>\n<p>[\/et_pb_toggle][\/et_pb_column][et_pb_column type=&#8221;1_3&#8243; _builder_version=&#8221;4.27.4&#8243; _module_preset=&#8221;default&#8221; global_colors_info=&#8221;{}&#8221;][et_pb_image src=&#8221;https:\/\/fmp-components.com\/wp-content\/uploads\/2024\/12\/Planetary-Gearbox-for-Feed-Mixer.webp&#8221; alt=&#8221;Planetary Gearbox for Feed Mixer&#8221; title_text=&#8221;Planetary Gearbox for Feed Mixer&#8221; _builder_version=&#8221;4.27.4&#8243; _module_preset=&#8221;default&#8221; global_colors_info=&#8221;{}&#8221;][\/et_pb_image][et_pb_toggle title=&#8221;Planetary Gearbox for Feed Mixer&#8221; _builder_version=&#8221;4.27.4&#8243; _module_preset=&#8221;default&#8221; global_colors_info=&#8221;{}&#8221;]<\/p>\n<ul>\n<li>Caixa de engrenagens do misturador de alimenta\u00e7\u00e3o C3A, 1:1, 1,8:1<\/li>\n<li>M\u00e1quinas Misturadoras de Alimenta\u00e7\u00e3o Caixa de Engrenagens C-3A<\/li>\n<li>M\u00e1quinas Misturadoras de Alimenta\u00e7\u00e3o Caixa de Engrenagens D-732A 1:1\/1.41:1<\/li>\n<li>Misturador de alimenta\u00e7\u00e3o horizontal com caixa de engrenagens D732A 1:1\/1.93:1<\/li>\n<li>Misturador de alimenta\u00e7\u00e3o horizontal com caixa de engrenagens C3A 1:1<\/li>\n<li>Caixa de engrenagens do misturador de alimenta\u00e7\u00e3o para misturador TMR EP RMG<\/li>\n<li>Caixa de engrenagens do misturador de alimenta\u00e7\u00e3o PGA-1202VM<\/li>\n<li>M\u00e1quinas Misturadoras de Alimenta\u00e7\u00e3o Caixa de Engrenagens PGA-1602<\/li>\n<li>Caixa de engrenagens do misturador de alimenta\u00e7\u00e3o vertical PGA1202VM<\/li>\n<li>Caixa de engrenagens do misturador de alimenta\u00e7\u00e3o vertical PGA1602VM<\/li>\n<\/ul>\n<p>[\/et_pb_toggle][\/et_pb_column][et_pb_column type=&#8221;1_3&#8243; _builder_version=&#8221;4.27.4&#8243; _module_preset=&#8221;default&#8221; global_colors_info=&#8221;{}&#8221;][et_pb_image src=&#8221;https:\/\/fmp-components.com\/wp-content\/uploads\/2024\/12\/Planetary-Gearbox-for-Wind-Turbine.webp&#8221; alt=&#8221;Planetary Gearbox for Wind Turbine&#8221; title_text=&#8221;Planetary Gearbox for Wind Turbine&#8221; _builder_version=&#8221;4.27.4&#8243; _module_preset=&#8221;default&#8221; global_colors_info=&#8221;{}&#8221;][\/et_pb_image][et_pb_toggle title=&#8221;Planetary Gearbox for Wind Turbine&#8221; _builder_version=&#8221;4.27.4&#8243; _module_preset=&#8221;default&#8221; global_colors_info=&#8221;{}&#8221;]<\/p>\n<ul>\n<li>Caixa de engrenagens planet\u00e1rias com acionamento girat\u00f3rio m\u00f3vel da s\u00e9rie SD<\/li>\n<li>S\u00e9rie NB <span>Caixa de engrenagens de acionamento de guinada<\/span><\/li>\n<\/ul>\n<p>[\/et_pb_toggle][\/et_pb_column][\/et_pb_row][\/et_pb_section][et_pb_section fb_built=&#8221;1&#8243; _builder_version=&#8221;4.27.4&#8243; _module_preset=&#8221;default&#8221; global_colors_info=&#8221;{}&#8221;][et_pb_row _builder_version=&#8221;4.27.4&#8243; _module_preset=&#8221;default&#8221; global_colors_info=&#8221;{}&#8221;][et_pb_column type=&#8221;4_4&#8243; _builder_version=&#8221;4.27.4&#8243; _module_preset=&#8221;default&#8221; global_colors_info=&#8221;{}&#8221;][et_pb_text _builder_version=&#8221;4.27.4&#8243; _module_preset=&#8221;default&#8221; header_2_font=&#8221;Frank Ruhl Libre||||||||&#8221; header_2_font_size=&#8221;38px&#8221; global_colors_info=&#8221;{}&#8221;]<\/p>\n<h2 style=\"text-align: center;\">Produtos relacionados \u2013 Engrenagem planet\u00e1ria<\/h2>\n<p>[\/et_pb_text][\/et_pb_column][\/et_pb_row][et_pb_row column_structure=&#8221;1_4,1_4,1_4,1_4&#8243; _builder_version=&#8221;4.27.4&#8243; _module_preset=&#8221;default&#8221; global_colors_info=&#8221;{}&#8221;][et_pb_column type=&#8221;1_4&#8243; _builder_version=&#8221;4.27.4&#8243; _module_preset=&#8221;default&#8221; global_colors_info=&#8221;{}&#8221;][et_pb_blurb title=&#8221;Planetary Gear Sets&#8221; url=&#8221;https:\/\/fmp-components.com\/en\/product\/planetary-gear-sets&#8221; url_new_window=&#8221;on&#8221; image=&#8221;https:\/\/fmp-components.com\/wp-content\/uploads\/2025\/01\/Planetary-Gear-set.webp&#8221; alt=&#8221;Planetary Gear set&#8221; _builder_version=&#8221;4.27.4&#8243; _module_preset=&#8221;default&#8221; header_level=&#8221;h3&#8243; header_font=&#8221;Frank Ruhl Libre||||||||&#8221; header_text_align=&#8221;center&#8221; header_font_size=&#8221;20px&#8221; global_colors_info=&#8221;{}&#8221;][\/et_pb_blurb][\/et_pb_column][et_pb_column type=&#8221;1_4&#8243; _builder_version=&#8221;4.27.4&#8243; _module_preset=&#8221;default&#8221; global_colors_info=&#8221;{}&#8221;][et_pb_blurb title=&#8221;Internal Planetary Gear&#8221; url=&#8221;https:\/\/fmp-components.com\/en\/product\/internal-planetary-gear&#8221; url_new_window=&#8221;on&#8221; image=&#8221;https:\/\/fmp-components.com\/wp-content\/uploads\/2025\/01\/Internal-Planetary-Gear.webp&#8221; alt=&#8221;Internal Planetary Gear&#8221; _builder_version=&#8221;4.27.4&#8243; _module_preset=&#8221;default&#8221; header_level=&#8221;h3&#8243; header_font=&#8221;Frank Ruhl Libre||||||||&#8221; header_text_align=&#8221;center&#8221; header_font_size=&#8221;20px&#8221; global_colors_info=&#8221;{}&#8221;][\/et_pb_blurb][\/et_pb_column][et_pb_column type=&#8221;1_4&#8243; _builder_version=&#8221;4.27.4&#8243; _module_preset=&#8221;default&#8221; global_colors_info=&#8221;{}&#8221;][et_pb_blurb title=&#8221;Internal Planetary Gear Kit&#8221; url=&#8221;https:\/\/fmp-components.com\/en\/product\/internal-planetary-gear-kit&#8221; url_new_window=&#8221;on&#8221; image=&#8221;https:\/\/fmp-components.com\/wp-content\/uploads\/2025\/01\/Internal-Planetary-Gear-Kit.webp&#8221; alt=&#8221;Internal Planetary Gear Kit&#8221; _builder_version=&#8221;4.27.4&#8243; _module_preset=&#8221;default&#8221; header_level=&#8221;h3&#8243; header_font=&#8221;Frank Ruhl Libre||||||||&#8221; header_text_align=&#8221;center&#8221; header_font_size=&#8221;20px&#8221; global_colors_info=&#8221;{}&#8221;][\/et_pb_blurb][\/et_pb_column][et_pb_column type=&#8221;1_4&#8243; _builder_version=&#8221;4.27.4&#8243; _module_preset=&#8221;default&#8221; global_colors_info=&#8221;{}&#8221;][et_pb_blurb title=&#8221;Planetary Ring Gear&#8221; url=&#8221;https:\/\/fmp-components.com\/en\/product\/planetary-ring-gear&#8221; url_new_window=&#8221;on&#8221; image=&#8221;https:\/\/fmp-components.com\/wp-content\/uploads\/2025\/01\/Planetary-Ring-Gear.webp&#8221; alt=&#8221;Planetary Ring Gear&#8221; _builder_version=&#8221;4.27.4&#8243; _module_preset=&#8221;default&#8221; header_level=&#8221;h3&#8243; header_font=&#8221;Frank Ruhl Libre||||||||&#8221; header_text_align=&#8221;center&#8221; header_font_size=&#8221;20px&#8221; global_colors_info=&#8221;{}&#8221;][\/et_pb_blurb][\/et_pb_column][\/et_pb_row][\/et_pb_section]<\/p>","protected":false},"excerpt":{"rendered":"<p>Planetary GearboxA planetary gearbox consists of a central sun gear, multiple planet gears, and an outer ring gear, offering high torque density and compact design. This configuration makes it ideal for applications needing precise speed reduction and increased torque, commonly used in robotics, automotive, and industrial machinery. At FMP, we provide a wide range of [&hellip;]<\/p>","protected":false},"author":2,"featured_media":0,"parent":0,"menu_order":0,"comment_status":"closed","ping_status":"closed","template":"","meta":{"_et_pb_use_builder":"on","_et_pb_old_content":"","_et_gb_content_width":"","footnotes":""},"class_list":["post-1162","page","type-page","status-publish","hentry"],"_links":{"self":[{"href":"https:\/\/fmp-components.com\/pt\/wp-json\/wp\/v2\/pages\/1162","targetHints":{"allow":["GET"]}}],"collection":[{"href":"https:\/\/fmp-components.com\/pt\/wp-json\/wp\/v2\/pages"}],"about":[{"href":"https:\/\/fmp-components.com\/pt\/wp-json\/wp\/v2\/types\/page"}],"author":[{"embeddable":true,"href":"https:\/\/fmp-components.com\/pt\/wp-json\/wp\/v2\/users\/2"}],"replies":[{"embeddable":true,"href":"https:\/\/fmp-components.com\/pt\/wp-json\/wp\/v2\/comments?post=1162"}],"version-history":[{"count":30,"href":"https:\/\/fmp-components.com\/pt\/wp-json\/wp\/v2\/pages\/1162\/revisions"}],"predecessor-version":[{"id":8188,"href":"https:\/\/fmp-components.com\/pt\/wp-json\/wp\/v2\/pages\/1162\/revisions\/8188"}],"wp:attachment":[{"href":"https:\/\/fmp-components.com\/pt\/wp-json\/wp\/v2\/media?parent=1162"}],"curies":[{"name":"wp","href":"https:\/\/api.w.org\/{rel}","templated":true}]}}