{"id":967,"date":"2024-12-19T03:40:23","date_gmt":"2024-12-19T03:40:23","guid":{"rendered":"https:\/\/fmp-components.com\/product\/10047-cost-effective-double-acting-trailer-hydraulic-cylinder\/"},"modified":"2024-12-19T08:42:34","modified_gmt":"2024-12-19T08:42:34","slug":"10047-cost-effective-double-acting-trailer-hydraulic-cylinder","status":"publish","type":"product","link":"https:\/\/fmp-components.com\/pl\/product\/10047-cost-effective-double-acting-trailer-hydraulic-cylinder\/","title":{"rendered":"10047 Ekonomiczny dwustronnego dzia\u0142ania si\u0142ownik hydrauliczny do przyczep"},"content":{"rendered":"<p>Ekonomiczny si\u0142ownik hydrauliczny dwustronnego dzia\u0142ania do przyczep 10047 zosta\u0142 zaprojektowany specjalnie do zastosowa\u0144 w przyczepach, zapewniaj\u0105c niezawodn\u0105 wydajno\u015b\u0107 i efektywno\u015b\u0107 w przyst\u0119pnej cenie. Ten si\u0142ownik hydrauliczny idealnie nadaje si\u0119 do podnoszenia, opuszczania i pozycjonowania przyczep, zapewniaj\u0105c p\u0142ynn\u0105 prac\u0119 w r\u00f3\u017cnych scenariuszach za\u0142adunku i roz\u0142adunku.<\/p>\n<h4>G\u0142\u00f3wne cechy:<\/h4>\n<ul>\n<li><strong>Konstrukcja dwustronnego dzia\u0142ania<\/strong>:U\u0142atwia wydajn\u0105 obs\u0142ug\u0119 zar\u00f3wno wysuwania, jak i chowania, zapewniaj\u0105c precyzyjn\u0105 kontrol\u0119 podczas manewr\u00f3w przyczep\u0105.<\/li>\n<li><strong>Rozwi\u0105zanie ekonomiczne<\/strong>: Oferuje doskona\u0142\u0105 wydajno\u015b\u0107 bez uszczerbku dla jako\u015bci, dzi\u0119ki czemu jest ekonomicznym wyborem w przypadku operacji z u\u017cyciem przyczep.<\/li>\n<li><strong>Trwa\u0142a konstrukcja<\/strong>Wykonane z materia\u0142\u00f3w o wysokiej wytrzyma\u0142o\u015bci, aby wytrzyma\u0107 du\u017ce obci\u0105\u017cenia i trudne warunki otoczenia.<\/li>\n<li><strong>Wyko\u0144czenie odporne na korozj\u0119<\/strong>:Pow\u0142oka zabezpieczaj\u0105ca przed rdz\u0105 i korozj\u0105, zapewniaj\u0105ca trwa\u0142o\u015b\u0107 i niezawodno\u015b\u0107 w warunkach zewn\u0119trznych.<\/li>\n<li><strong>\u0141atwa instalacja<\/strong>:Zaprojektowany z my\u015bl\u0105 o szybkiej i prostej integracji z istniej\u0105cymi systemami przyczep, minimalizuj\u0105c przestoje. <img loading=\"lazy\" decoding=\"async\" class=\"size-full wp-image-976 aligncenter\" src=\"https:\/\/fmp-components.com\/wp-content\/uploads\/2024\/12\/Welded-Tee-Type-Cylinder2.webp\" alt=\"Spawany cylinder typu tr\u00f3jnik\" width=\"764\" height=\"675\" title=\"\" srcset=\"https:\/\/fmp-components.com\/wp-content\/uploads\/2024\/12\/Welded-Tee-Type-Cylinder2.webp 764w, https:\/\/fmp-components.com\/wp-content\/uploads\/2024\/12\/Welded-Tee-Type-Cylinder2-480x424.webp 480w\" sizes=\"(min-width: 0px) and (max-width: 480px) 480px, (min-width: 481px) 764px, 100vw\" \/><\/li>\n<\/ul>\n<h4>Korzy\u015bci:<\/h4>\n<ul>\n<li><strong>Zwi\u0119kszona wydajno\u015b\u0107<\/strong>:Poprawia efektywno\u015b\u0107 operacyjn\u0105 przyczep, zapewniaj\u0105c p\u0142ynne i niezawodne podnoszenie i opuszczanie.<\/li>\n<li><strong>Wszechstronne zastosowania<\/strong>: Nadaje si\u0119 do r\u00f3\u017cnych typ\u00f3w przyczep, dzi\u0119ki czemu jest wszechstronnym uzupe\u0142nieniem Twojego sprz\u0119tu.<\/li>\n<li><strong>Ni\u017csze koszty utrzymania<\/strong>:Trwa\u0142a konstrukcja minimalizuje zu\u017cycie, co przek\u0142ada si\u0119 na ni\u017csze koszty konserwacji i wymiany.<\/li>\n<\/ul>\n<p>Ekonomiczny si\u0142ownik hydrauliczny dwustronnego dzia\u0142ania do przyczep 10047 to niezb\u0119dny element dla ka\u017cdego, kto chce poprawi\u0107 osi\u0105gi swojej przyczepy, zachowuj\u0105c jednocze\u015bnie bud\u017cet. Jego solidna konstrukcja i niezawodna funkcjonalno\u015b\u0107 sprawiaj\u0105, \u017ce jest to inteligentny wyb\u00f3r dla efektywnego u\u017cytkowania przyczepy.<\/p>\n<h2>Zalety cylindra spawanego typu tr\u00f3jnikowego<\/h2>\n<ul>\n<li style=\"list-style-type: none;\">\n<ul>\n<li><strong>Zwi\u0119kszona si\u0142a:<\/strong> Spawane cylindry typu tee s\u0105 znane ze swojej wysokiej wytrzyma\u0142o\u015bci, dzi\u0119ki czemu nadaj\u0105 si\u0119 do zastosowa\u0144 wymagaj\u0105cych podnoszenia ci\u0119\u017car\u00f3w. Proces spawania stosowany podczas produkcji tych cylindr\u00f3w zapewnia, \u017ce cylinder jest wolny od s\u0142abych punkt\u00f3w i mo\u017ce wytrzyma\u0107 wysokie ci\u015bnienie i napr\u0119\u017cenia.<\/li>\n<\/ul>\n<\/li>\n<\/ul>\n<p>Gdy na cylinder wywierany jest nacisk, rozprowadza si\u0119 on r\u00f3wnomiernie po ca\u0142ej powierzchni, co czyni go odpornym na odkszta\u0142cenia. Ta cecha zapewnia, \u017ce cylinder mo\u017ce zachowa\u0107 sw\u00f3j kszta\u0142t i integralno\u015b\u0107 strukturaln\u0105 nawet w ekstremalnych warunkach.<\/p>\n<ul>\n<li style=\"list-style-type: none;\">\n<ul>\n<li><strong>Zapobieganie wyciekom:<\/strong> Spawane cylindry typu tee s\u0105 zaprojektowane tak, aby zapobiega\u0107 wyciekom. Proces spawania stosowany podczas procesu produkcji zapewnia, \u017ce cylinder jest ca\u0142kowicie szczelny i wolny od wszelkich mo\u017cliwych wyciek\u00f3w. Ta cecha sprawia, \u017ce nadaj\u0105 si\u0119 do stosowania w zastosowaniach, w kt\u00f3rych wyciek m\u00f3g\u0142by spowodowa\u0107 powa\u017cne uszkodzenia lub obra\u017cenia.<\/li>\n<\/ul>\n<\/li>\n<\/ul>\n<p>Po\u0142\u0105czenia spawane s\u0105 g\u0142adkie, bez szczelin czy rowk\u00f3w, w kt\u00f3rych mog\u0142yby gromadzi\u0107 si\u0119 zanieczyszczenia lub brud, co zmniejsza ryzyko korozji i uszkodzenia cylindra.<\/p>\n<ul>\n<li style=\"list-style-type: none;\">\n<ul>\n<li><strong>Mo\u017cliwo\u015b\u0107 dostosowania:<\/strong> Spawane cylindry typu tee mo\u017cna dostosowa\u0107 do konkretnych zastosowa\u0144. Cylindry s\u0105 dost\u0119pne w r\u00f3\u017cnych rozmiarach i kszta\u0142tach i mog\u0105 by\u0107 wytwarzane tak, aby spe\u0142nia\u0142y konkretne wymagania danego zastosowania.<\/li>\n<\/ul>\n<\/li>\n<\/ul>\n<p>Proces dostosowywania pozwala na optymalizacj\u0119 wydajno\u015bci cylindra, zapewniaj\u0105c, \u017ce jest on odpowiedni do zamierzonego zastosowania. Ta cecha sprawia, \u017ce spawane cylindry typu tee s\u0105 idealne do stosowania w r\u00f3\u017cnych zastosowaniach przemys\u0142owych, w tym w budownictwie, g\u00f3rnictwie i transporcie materia\u0142\u00f3w.<\/p>\n<ul>\n<li style=\"list-style-type: none;\">\n<ul>\n<li><strong>Op\u0142acalno\u015b\u0107:<\/strong> Spawane cylindry typu tee s\u0105 op\u0142acalne w por\u00f3wnaniu do innych typ\u00f3w cylindr\u00f3w. Proces produkcji tych cylindr\u00f3w jest prosty, co czyni je ta\u0144szymi od innych typ\u00f3w cylindr\u00f3w.<\/li>\n<\/ul>\n<\/li>\n<\/ul>\n<p>Ponadto wysoka wytrzyma\u0142o\u015b\u0107 i trwa\u0142o\u015b\u0107 spawanych cylindr\u00f3w typu tee zmniejszaj\u0105 potrzeb\u0119 cz\u0119stych napraw i wymian, co pozwala zaoszcz\u0119dzi\u0107 na kosztach konserwacji. Ta cecha sprawia, \u017ce s\u0105 one popularnym wyborem dla wielu bran\u017c, szczeg\u00f3lnie tych o ograniczonym bud\u017cecie.<\/p>\n<ul>\n<li style=\"list-style-type: none;\">\n<ul>\n<li><strong>Zwi\u0119kszona wydajno\u015b\u0107:<\/strong> Spawane cylindry typu tee s\u0105 wysoce wydajne i skuteczne. Konstrukcja cylindra zapewnia, \u017ce si\u0142a przy\u0142o\u017cona jest przenoszona bezpo\u015brednio na obci\u0105\u017cenie, co zmniejsza straty energii i zwi\u0119ksza wydajno\u015b\u0107.<\/li>\n<\/ul>\n<\/li>\n<\/ul>\n<p>Spawane po\u0142\u0105czenia s\u0105 mocne i sztywne, minimalizuj\u0105c ugi\u0119cie i zapewniaj\u0105c, \u017ce cylinder zachowuje sw\u00f3j kszta\u0142t i integralno\u015b\u0107 strukturaln\u0105 nawet w ekstremalnych warunkach. Ta cecha sprawia, \u017ce spawane cylindry typu tee s\u0105 idealne do zastosowa\u0144 wymagaj\u0105cych wysokiej wydajno\u015bci i niezawodno\u015bci.<\/p>\n<p><img loading=\"lazy\" decoding=\"async\" class=\"size-full wp-image-977 aligncenter\" src=\"https:\/\/fmp-components.com\/wp-content\/uploads\/2024\/12\/Welded-Tee-Type-Cylinder3.webp\" alt=\"Spawany cylinder typu tr\u00f3jnik\" width=\"653\" height=\"600\" title=\"\" srcset=\"https:\/\/fmp-components.com\/wp-content\/uploads\/2024\/12\/Welded-Tee-Type-Cylinder3.webp 653w, https:\/\/fmp-components.com\/wp-content\/uploads\/2024\/12\/Welded-Tee-Type-Cylinder3-480x441.webp 480w\" sizes=\"(min-width: 0px) and (max-width: 480px) 480px, (min-width: 481px) 653px, 100vw\" \/><\/p>\n<h2>Zastosowanie cylindra spawanego typu tr\u00f3jnikowego<\/h2>\n<ul>\n<li>\n<h3>Maszyny i urz\u0105dzenia przemys\u0142owe<\/h3>\n<p>Spawany cylinder typu Tee jest szeroko stosowany w maszynach i urz\u0105dzeniach przemys\u0142owych, szczeg\u00f3lnie w uk\u0142adach hydraulicznych. Cylinder sk\u0142ada si\u0119 z t\u0142oka i rury cylindra, kt\u00f3re s\u0105 zespawane razem, tworz\u0105c pojedyncz\u0105 jednostk\u0119. Ta konstrukcja oferuje kilka zalet w por\u00f3wnaniu z innymi typami cylindr\u00f3w, takich jak zwi\u0119kszona trwa\u0142o\u015b\u0107, wi\u0119ksza wytrzyma\u0142o\u015b\u0107 i wi\u0119ksza precyzja.<\/p>\n<p>Jednym z najwa\u017cniejszych zastosowa\u0144 spawanego cylindra typu Tee w maszynach przemys\u0142owych jest jego zdolno\u015b\u0107 do zapewniania sta\u0142ej i dok\u0142adnej si\u0142y. Jest to niezb\u0119dne w wielu procesach produkcyjnych, w kt\u00f3rych wymagana jest precyzyjna kontrola w celu zapewnienia jako\u015bci produktu ko\u0144cowego. Spawany cylinder typu Tee mo\u017ce by\u0107 r\u00f3wnie\u017c u\u017cywany do regulacji przep\u0142ywu p\u0142yn\u00f3w w uk\u0142adach hydraulicznych, co pozwala na wi\u0119ksz\u0105 wydajno\u015b\u0107 i niezawodno\u015b\u0107 w r\u00f3\u017cnych zastosowaniach przemys\u0142owych.<\/li>\n<li>\n<h3>Sprz\u0119t rolniczy<\/h3>\n<p>Spawany cylinder typu Tee jest r\u00f3wnie\u017c powszechnie stosowany w sprz\u0119cie rolniczym, takim jak traktory i kombajny. Maszyny te wymagaj\u0105 mocnych i niezawodnych uk\u0142ad\u00f3w hydraulicznych, aby dzia\u0142a\u0107 skutecznie, a spawany cylinder typu Tee jest idealnym wyborem do tego celu.<\/p>\n<p>Solidna konstrukcja i wysoka wytrzyma\u0142o\u015b\u0107 cylindra sprawiaj\u0105, \u017ce jest on wysoce odporny na zu\u017cycie i rozdarcie, nawet w trudnych warunkach pracy. Dzi\u0119ki temu jest idealnym wyborem do stosowania w sprz\u0119cie rolniczym, gdzie trwa\u0142o\u015b\u0107 jest kluczowym czynnikiem. Spawany cylinder typu tr\u00f3jnikowego mo\u017ce by\u0107 r\u00f3wnie\u017c u\u017cywany do zapewnienia precyzyjnej kontroli wymaganej w wielu procesach rolniczych, takich jak sadzenie, zbiory i nawadnianie.<\/li>\n<li>\n<h3>Sprz\u0119t budowlany<\/h3>\n<p>Spawany cylinder typu Tee jest r\u00f3wnie\u017c szeroko stosowany w sprz\u0119cie budowlanym, takim jak koparki, koparki i spychacze. Maszyny te wymagaj\u0105 mocnych i niezawodnych uk\u0142ad\u00f3w hydraulicznych do wykonywania ci\u0119\u017ckich zada\u0144, takich jak kopanie, podnoszenie i pchanie ci\u0119\u017ckich \u0142adunk\u00f3w.<\/p>\n<p>Wysoka wytrzyma\u0142o\u015b\u0107 i trwa\u0142o\u015b\u0107 spawanego cylindra typu Tee sprawiaj\u0105, \u017ce jest on idealnym wyborem do stosowania w sprz\u0119cie budowlanym. Jego zdolno\u015b\u0107 do zapewnienia precyzyjnej kontroli i sta\u0142ej si\u0142y jest niezb\u0119dna w wielu procesach budowlanych, takich jak wykopy, profilowanie i uk\u0142adanie nawierzchni. Spawany cylinder typu Tee mo\u017ce by\u0107 r\u00f3wnie\u017c stosowany do regulacji przep\u0142ywu p\u0142yn\u00f3w w uk\u0142adach hydraulicznych, co poprawia wydajno\u015b\u0107 i niezawodno\u015b\u0107 sprz\u0119tu budowlanego w r\u00f3\u017cnych zastosowaniach.<\/li>\n<\/ul>\n<h3>O FMP<\/h3>\n<p>FMP to wiod\u0105cy producent i dostawca si\u0142ownik\u00f3w hydraulicznych z ponad 30-letnim do\u015bwiadczeniem w bran\u017cy. Nasz nowoczesny o\u015brodek przemys\u0142owy, zlokalizowany we W\u0142oszech, dysponuje ponad 100 zaawansowanymi urz\u0105dzeniami, w tym automatycznymi spawarkami w os\u0142onie gaz\u00f3w ochronnych, maszynami do g\u0142\u0119bokiego wiercenia, tokarkami CNC, szlifierkami do wa\u0142k\u00f3w, automatycznymi maszynami czyszcz\u0105cymi, automatycznymi maszynami monta\u017cowymi, automatycznymi stanowiskami do testowania wydajno\u015bci si\u0142ownik\u00f3w hydraulicznych oraz automatycznymi liniami lakierniczymi.<\/p>\n<p><img decoding=\"async\" src=\"https:\/\/fmp-components.com\/wp-content\/uploads\/2024\/12\/fmp-factory-4.webp\" alt=\"Fabryka FMP\" width=\"800\" title=\"\"><\/p>\n<p>Oferujemy szerok\u0105 gam\u0119 si\u0142ownik\u00f3w hydraulicznych dostosowanych do r\u00f3\u017cnych potrzeb:<\/p>\n<ol>\n<li><strong>Si\u0142ownik hydrauliczny:<\/strong> Nasze cylindry hydrauliczne s\u0105 starannie obrabiane i kontrolowane, aby zapewni\u0107 wyj\u0105tkow\u0105 jako\u015b\u0107. Zaprojektowano je z my\u015bl\u0105 o niezawodnej wydajno\u015bci i trwa\u0142o\u015bci.<\/li>\n<li><strong>Cylinder hydrauliczny z pier\u015bcieniem uszczelniaj\u0105cym:<\/strong> Ten typ si\u0142ownika hydraulicznego zosta\u0142 zaprojektowany specjalnie do zastosowa\u0144 w kolczykach. Jego innowacyjna konstrukcja zapewnia wydajn\u0105 i precyzyjn\u0105 prac\u0119.<\/li>\n<li><strong>Dwukierunkowy automatyczny teleskopowy si\u0142ownik hydrauliczny:<\/strong> Nasz dwukierunkowy automatyczny teleskopowy si\u0142ownik hydrauliczny to wszechstronne rozwi\u0105zanie, kt\u00f3re zapewnia p\u0142ynny i precyzyjny ruch w obu kierunkach.<\/li>\n<\/ol>\n<p>W FMP szczycimy si\u0119 tym, \u017ce zapewniamy naszym klientom kompleksow\u0105 obs\u0142ug\u0119:<\/p>\n<ol start=\"4\">\n<li><strong>Us\u0142uga projektowa:<\/strong> Nasz wykwalifikowany zesp\u00f3\u0142 projektowy posiada bogate do\u015bwiadczenie w projektowaniu i rozwoju wa\u0142\u00f3w uniwersalnych. Jeste\u015bmy gotowi pom\u00f3c Pa\u0144stwu w projektowaniu nowych produkt\u00f3w lub udoskonalaniu istniej\u0105cych.<\/li>\n<li><strong>Us\u0142uga produktu:<\/strong> Od surowc\u00f3w po transport, stosujemy skrupulatny proces, kt\u00f3ry obejmuje ci\u0119cie, obr\u00f3bk\u0119 wst\u0119pn\u0105, testowanie, czyszczenie, monta\u017c, pakowanie i transport. Dzi\u0119ki temu nasze produkty docieraj\u0105 do Pa\u0144stwa w doskona\u0142ym stanie.<\/li>\n<li><strong>Przyk\u0142adowy proces:<\/strong> Oferujemy opracowanie pr\u00f3bek zgodnie z Pa\u0144stwa wymaganiami i stale je modyfikujemy, aby spe\u0142ni\u0107 Pa\u0144stwa specyficzne potrzeby. Zale\u017cy nam na dostarczaniu produkt\u00f3w idealnie spe\u0142niaj\u0105cych Pa\u0144stwa oczekiwania.<\/li>\n<li><strong>Badania i rozw\u00f3j:<\/strong> Jako firma o nowatorskim podej\u015bciu, stale analizujemy potrzeby rynku i opracowujemy nowe modele, aby sprosta\u0107 zmieniaj\u0105cym si\u0119 potrzebom bran\u017cy. Nasze zaanga\u017cowanie w badania i rozw\u00f3j pozwala nam oferowa\u0107 innowacyjne rozwi\u0105zania.<\/li>\n<\/ol>\n<p>Dzi\u0119ki szerokiej ofercie wysokiej jako\u015bci cylindr\u00f3w hydraulicznych i wyj\u0105tkowym us\u0142ugom, FMP jest Twoim zaufanym partnerem w bran\u017cy. Skontaktuj si\u0119 z nami ju\u017c dzi\u015b, aby om\u00f3wi\u0107 swoje potrzeby w zakresie cylindr\u00f3w hydraulicznych i przekona\u0107 si\u0119 o zaletach FMP.<\/p>\n<h3>Cz\u0119sto zadawane pytania<\/h3>\n<ol>\n<li>P: Do czego s\u0142u\u017cy cylinder hydrauliczny?<br \/>\nA: Cylindry hydrauliczne s\u0142u\u017c\u0105 do wytwarzania si\u0142y mechanicznej w ruchu liniowym.<\/li>\n<li>P: Jak dzia\u0142a si\u0142ownik hydrauliczny?<br \/>\nA: Si\u0142ownik hydrauliczny dzia\u0142a na zasadzie ruchu t\u0142oka wewn\u0105trz cylindra, kt\u00f3ry jest nap\u0119dzany spr\u0119\u017conym p\u0142ynem hydraulicznym.<\/li>\n<li>P: Jak wybra\u0107 w\u0142a\u015bciwy olej hydrauliczny do mojego cylindra?<br \/>\nA: W\u0142a\u015bciwy olej hydrauliczny nale\u017cy dobra\u0107 w oparciu o specyficzne wymagania danego zastosowania. Nasz zesp\u00f3\u0142 w FMP pomo\u017ce Pa\u0144stwu dokona\u0107 w\u0142a\u015bciwego wyboru.<\/li>\n<li>P: Jak cz\u0119sto powinienem wymienia\u0107 uszczelki w si\u0142owniku hydraulicznym?<br \/>\nA: Uszczelki nale\u017cy wymieni\u0107 zawsze wtedy, gdy zauwa\u017cysz spadek wydajno\u015bci uk\u0142adu lub je\u015bli widoczne s\u0105 uszkodzenia lub nieszczelno\u015bci.<\/li>\n<li>P: Jak zmierzy\u0107 cylinder hydrauliczny?<br \/>\nA: Wymiary cylindra hydraulicznego obejmuj\u0105 \u015brednic\u0119 otworu, \u015brednic\u0119 t\u0142oczyska i d\u0142ugo\u015b\u0107 skoku.<\/li>\n<\/ol>\n<p>Autor:CX<\/p>","protected":false},"excerpt":{"rendered":"<p>Ekonomiczny si\u0142ownik hydrauliczny dwustronnego dzia\u0142ania do przyczep 10047 zosta\u0142 zaprojektowany specjalnie do zastosowa\u0144 w przyczepach, zapewniaj\u0105c niezawodn\u0105 wydajno\u015b\u0107 i efektywno\u015b\u0107 w przyst\u0119pnej cenie. Ten si\u0142ownik hydrauliczny idealnie nadaje si\u0119 do podnoszenia, opuszczania i pozycjonowania przyczep, zapewniaj\u0105c p\u0142ynn\u0105 prac\u0119 w r\u00f3\u017cnych scenariuszach za\u0142adunku i roz\u0142adunku. Najwa\u017cniejsze cechy: Konstrukcja dwustronnego dzia\u0142ania: U\u0142atwia wydajn\u0105 prac\u0119 zar\u00f3wno w pozycji wysuwanej, jak i wysuwanej [\u2026]<\/p>","protected":false},"featured_media":1133,"comment_status":"closed","ping_status":"closed","template":"","meta":{"_et_pb_use_builder":"","_et_pb_old_content":"","_et_gb_content_width":""},"product_brand":[],"product_cat":[31],"product_tag":[34,35],"class_list":{"0":"post-967","1":"product","2":"type-product","3":"status-publish","4":"has-post-thumbnail","6":"product_cat-welded-tee-type-cylinder","7":"product_tag-hydraulic-cylinder","8":"product_tag-welded-tee-type-cylinder","10":"first","11":"instock","12":"product-type-simple"},"_links":{"self":[{"href":"https:\/\/fmp-components.com\/pl\/wp-json\/wp\/v2\/product\/967","targetHints":{"allow":["GET"]}}],"collection":[{"href":"https:\/\/fmp-components.com\/pl\/wp-json\/wp\/v2\/product"}],"about":[{"href":"https:\/\/fmp-components.com\/pl\/wp-json\/wp\/v2\/types\/product"}],"replies":[{"embeddable":true,"href":"https:\/\/fmp-components.com\/pl\/wp-json\/wp\/v2\/comments?post=967"}],"wp:featuredmedia":[{"embeddable":true,"href":"https:\/\/fmp-components.com\/pl\/wp-json\/wp\/v2\/media\/1133"}],"wp:attachment":[{"href":"https:\/\/fmp-components.com\/pl\/wp-json\/wp\/v2\/media?parent=967"}],"wp:term":[{"taxonomy":"product_brand","embeddable":true,"href":"https:\/\/fmp-components.com\/pl\/wp-json\/wp\/v2\/product_brand?post=967"},{"taxonomy":"product_cat","embeddable":true,"href":"https:\/\/fmp-components.com\/pl\/wp-json\/wp\/v2\/product_cat?post=967"},{"taxonomy":"product_tag","embeddable":true,"href":"https:\/\/fmp-components.com\/pl\/wp-json\/wp\/v2\/product_tag?post=967"}],"curies":[{"name":"wp","href":"https:\/\/api.w.org\/{rel}","templated":true}]}}