{"id":966,"date":"2024-12-19T03:40:23","date_gmt":"2024-12-19T03:40:23","guid":{"rendered":"https:\/\/fmp-components.com\/product\/10046-professional-craftsmanship-tractor-hydraulic-cylinder-trailer-hydraulic-cylinder-for-agriculture\/"},"modified":"2024-12-19T08:42:09","modified_gmt":"2024-12-19T08:42:09","slug":"10046-professional-craftsmanship-tractor-hydraulic-cylinder-trailer-hydraulic-cylinder-for-agriculture","status":"publish","type":"product","link":"https:\/\/fmp-components.com\/pl\/product\/10046-professional-craftsmanship-tractor-hydraulic-cylinder-trailer-hydraulic-cylinder-for-agriculture\/","title":{"rendered":"10046 Profesjonalny cylinder hydrauliczny do ci\u0105gnika, cylinder hydrauliczny do przyczepy do rolnictwa"},"content":{"rendered":"<p>Si\u0142ownik hydrauliczny do ci\u0105gnik\u00f3w Professional Craftsmanship 10046 zosta\u0142 zaprojektowany specjalnie do zastosowa\u0144 rolniczych, zapewniaj\u0105c wyj\u0105tkow\u0105 wydajno\u015b\u0107 i trwa\u0142o\u015b\u0107 ci\u0105gnik\u00f3w i przyczep. Ten si\u0142ownik hydrauliczny \u0142\u0105czy w sobie zaawansowan\u0105 in\u017cynieri\u0119 z wysokiej jako\u015bci materia\u0142ami, aby zwi\u0119kszy\u0107 wydajno\u015b\u0107 i niezawodno\u015b\u0107 maszyn rolniczych.<\/p>\n<h4>G\u0142\u00f3wne cechy:<\/h4>\n<ul>\n<li><strong>Profesjonalne rzemios\u0142o<\/strong>:Wyprodukowane z precyzj\u0105, aby zagwarantowa\u0107 optymaln\u0105 wydajno\u015b\u0107 i trwa\u0142o\u015b\u0107 w wymagaj\u0105cych warunkach rolniczych.<\/li>\n<li><strong>Funkcjonalno\u015b\u0107 podw\u00f3jnego dzia\u0142ania<\/strong>: Umo\u017cliwia efektywn\u0105 obs\u0142ug\u0119 zar\u00f3wno podczas wysuwania, jak i wsuwania, zwi\u0119kszaj\u0105c kontrol\u0119 podczas podnoszenia i opuszczania.<\/li>\n<li><strong>Wysoka \u0142adowno\u015b\u0107<\/strong>:Zaprojektowany do obs\u0142ugi znacznych obci\u0105\u017ce\u0144, dzi\u0119ki czemu idealnie nadaje si\u0119 do ci\u0119\u017ckich zastosowa\u0144 rolniczych.<\/li>\n<li><strong>Pow\u0142oka odporna na korozj\u0119<\/strong>:Pokryte pow\u0142ok\u0105 ochronn\u0105 zapobiegaj\u0105c\u0105 rdzewieniu i wyd\u0142u\u017caj\u0105c\u0105 \u017cywotno\u015b\u0107 cylindra, co gwarantuje niezawodn\u0105 prac\u0119 w r\u00f3\u017cnych warunkach pogodowych.<\/li>\n<li><strong>\u0141atwa instalacja<\/strong>:Zaprojektowane z my\u015bl\u0105 o prostej integracji z istniej\u0105cymi systemami ci\u0105gnik\u00f3w i przyczep, minimalizuj\u0105c czas konfiguracji.<\/li>\n<\/ul>\n<p><img decoding=\"async\" class=\"aligncenter\" src=\"https:\/\/hzpt.com\/wp-content\/uploads\/2023\/12\/random-5.webp\" alt=\"\" title=\"\"><\/p>\n<h4>Korzy\u015bci:<\/h4>\n<ul>\n<li><strong>Zwi\u0119kszona wydajno\u015b\u0107<\/strong>:Poprawia efektywno\u015b\u0107 operacyjn\u0105 ci\u0105gnik\u00f3w i przyczep, u\u0142atwiaj\u0105c wykonywanie prac rolniczych.<\/li>\n<li><strong>Wszechstronne zastosowania<\/strong>:Nadaje si\u0119 do szerokiej gamy sprz\u0119tu rolniczego, zapewniaj\u0105c elastyczno\u015b\u0107 u\u017cytkowania.<\/li>\n<li><strong>Zmniejszona konserwacja<\/strong>:Trwa\u0142a konstrukcja minimalizuje zu\u017cycie, co przek\u0142ada si\u0119 na ni\u017csze koszty konserwacji i d\u0142u\u017cszy czas sprawno\u015bci urz\u0105dzenia.<\/li>\n<\/ul>\n<p>Si\u0142ownik hydrauliczny do ci\u0105gnik\u00f3w Professional Craftsmanship 10046 to niezb\u0119dny element nowoczesnych praktyk rolniczych, zapewniaj\u0105cy niezawodn\u0105 prac\u0119 i wydajno\u015b\u0107. Jego solidna konstrukcja i profesjonalne wykonanie sprawiaj\u0105, \u017ce jest to cenny dodatek do ka\u017cdego ci\u0105gnika lub przyczepy, zwi\u0119kszaj\u0105cy wydajno\u015b\u0107 pracy w polu.<img decoding=\"async\" src=\"https:\/\/hzpt.com\/wp-content\/uploads\/2023\/12\/random-1.webp?v=1694163707\" alt=\"\" title=\"\"><\/p>\n<h2>Zalety cylindra spawanego typu tr\u00f3jnikowego<\/h2>\n<ul>\n<li style=\"list-style-type: none;\">\n<ul>\n<li><strong>Zwi\u0119kszona si\u0142a:<\/strong> Spawane cylindry typu tee s\u0105 znane ze swojej wysokiej wytrzyma\u0142o\u015bci, dzi\u0119ki czemu nadaj\u0105 si\u0119 do zastosowa\u0144 wymagaj\u0105cych podnoszenia ci\u0119\u017car\u00f3w. Proces spawania stosowany podczas produkcji tych cylindr\u00f3w zapewnia, \u017ce cylinder jest wolny od s\u0142abych punkt\u00f3w i mo\u017ce wytrzyma\u0107 wysokie ci\u015bnienie i napr\u0119\u017cenia.<\/li>\n<\/ul>\n<\/li>\n<\/ul>\n<p>Gdy na cylinder wywierany jest nacisk, rozprowadza si\u0119 on r\u00f3wnomiernie po ca\u0142ej powierzchni, co czyni go odpornym na odkszta\u0142cenia. Ta cecha zapewnia, \u017ce cylinder mo\u017ce zachowa\u0107 sw\u00f3j kszta\u0142t i integralno\u015b\u0107 strukturaln\u0105 nawet w ekstremalnych warunkach.<\/p>\n<ul>\n<li style=\"list-style-type: none;\">\n<ul>\n<li><strong>Zapobieganie wyciekom:<\/strong> Spawane cylindry typu tee s\u0105 zaprojektowane tak, aby zapobiega\u0107 wyciekom. Proces spawania stosowany podczas procesu produkcji zapewnia, \u017ce cylinder jest ca\u0142kowicie szczelny i wolny od wszelkich mo\u017cliwych wyciek\u00f3w. Ta cecha sprawia, \u017ce nadaj\u0105 si\u0119 do stosowania w zastosowaniach, w kt\u00f3rych wyciek m\u00f3g\u0142by spowodowa\u0107 powa\u017cne uszkodzenia lub obra\u017cenia.<\/li>\n<\/ul>\n<\/li>\n<\/ul>\n<p>Po\u0142\u0105czenia spawane s\u0105 g\u0142adkie, bez szczelin czy rowk\u00f3w, w kt\u00f3rych mog\u0142yby gromadzi\u0107 si\u0119 zanieczyszczenia lub brud, co zmniejsza ryzyko korozji i uszkodzenia cylindra.<\/p>\n<ul>\n<li style=\"list-style-type: none;\">\n<ul>\n<li><strong>Mo\u017cliwo\u015b\u0107 dostosowania:<\/strong> Spawane cylindry typu tee mo\u017cna dostosowa\u0107 do konkretnych zastosowa\u0144. Cylindry s\u0105 dost\u0119pne w r\u00f3\u017cnych rozmiarach i kszta\u0142tach i mog\u0105 by\u0107 wytwarzane tak, aby spe\u0142nia\u0142y konkretne wymagania danego zastosowania.<\/li>\n<\/ul>\n<\/li>\n<\/ul>\n<p>Proces dostosowywania pozwala na optymalizacj\u0119 wydajno\u015bci cylindra, zapewniaj\u0105c, \u017ce jest on odpowiedni do zamierzonego zastosowania. Ta cecha sprawia, \u017ce spawane cylindry typu tee s\u0105 idealne do stosowania w r\u00f3\u017cnych zastosowaniach przemys\u0142owych, w tym w budownictwie, g\u00f3rnictwie i transporcie materia\u0142\u00f3w.<\/p>\n<ul>\n<li style=\"list-style-type: none;\">\n<ul>\n<li><strong>Op\u0142acalno\u015b\u0107:<\/strong> Spawane cylindry typu tee s\u0105 op\u0142acalne w por\u00f3wnaniu do innych typ\u00f3w cylindr\u00f3w. Proces produkcji tych cylindr\u00f3w jest prosty, co czyni je ta\u0144szymi od innych typ\u00f3w cylindr\u00f3w.<\/li>\n<\/ul>\n<\/li>\n<\/ul>\n<p>Ponadto wysoka wytrzyma\u0142o\u015b\u0107 i trwa\u0142o\u015b\u0107 spawanych cylindr\u00f3w typu tee zmniejszaj\u0105 potrzeb\u0119 cz\u0119stych napraw i wymian, co pozwala zaoszcz\u0119dzi\u0107 na kosztach konserwacji. Ta cecha sprawia, \u017ce s\u0105 one popularnym wyborem dla wielu bran\u017c, szczeg\u00f3lnie tych o ograniczonym bud\u017cecie.<\/p>\n<ul>\n<li style=\"list-style-type: none;\">\n<ul>\n<li><strong>Zwi\u0119kszona wydajno\u015b\u0107:<\/strong> Spawane cylindry typu tee s\u0105 wysoce wydajne i skuteczne. Konstrukcja cylindra zapewnia, \u017ce si\u0142a przy\u0142o\u017cona jest przenoszona bezpo\u015brednio na obci\u0105\u017cenie, co zmniejsza straty energii i zwi\u0119ksza wydajno\u015b\u0107.<\/li>\n<\/ul>\n<\/li>\n<\/ul>\n<p>Spawane po\u0142\u0105czenia s\u0105 mocne i sztywne, minimalizuj\u0105c ugi\u0119cie i zapewniaj\u0105c, \u017ce cylinder zachowuje sw\u00f3j kszta\u0142t i integralno\u015b\u0107 strukturaln\u0105 nawet w ekstremalnych warunkach. Ta cecha sprawia, \u017ce spawane cylindry typu tee s\u0105 idealne do zastosowa\u0144 wymagaj\u0105cych wysokiej wydajno\u015bci i niezawodno\u015bci.<\/p>\n<p><img loading=\"lazy\" decoding=\"async\" class=\"size-full wp-image-974 aligncenter\" src=\"https:\/\/fmp-components.com\/wp-content\/uploads\/2024\/12\/application-of-Welded-Tee-Type-Cylinder.webp\" alt=\"zastosowanie cylindra spawanego typu tr\u00f3jnika\" width=\"760\" height=\"860\" title=\"\" srcset=\"https:\/\/fmp-components.com\/wp-content\/uploads\/2024\/12\/application-of-Welded-Tee-Type-Cylinder.webp 760w, https:\/\/fmp-components.com\/wp-content\/uploads\/2024\/12\/application-of-Welded-Tee-Type-Cylinder-480x543.webp 480w\" sizes=\"(min-width: 0px) and (max-width: 480px) 480px, (min-width: 481px) 760px, 100vw\" \/><\/p>\n<h2>Zastosowanie cylindra spawanego typu tr\u00f3jnikowego<\/h2>\n<ul>\n<li>\n<h3>Maszyny i urz\u0105dzenia przemys\u0142owe<\/h3>\n<p>Spawany cylinder typu Tee jest szeroko stosowany w maszynach i urz\u0105dzeniach przemys\u0142owych, szczeg\u00f3lnie w uk\u0142adach hydraulicznych. Cylinder sk\u0142ada si\u0119 z t\u0142oka i rury cylindra, kt\u00f3re s\u0105 zespawane razem, tworz\u0105c pojedyncz\u0105 jednostk\u0119. Ta konstrukcja oferuje kilka zalet w por\u00f3wnaniu z innymi typami cylindr\u00f3w, takich jak zwi\u0119kszona trwa\u0142o\u015b\u0107, wi\u0119ksza wytrzyma\u0142o\u015b\u0107 i wi\u0119ksza precyzja.<\/p>\n<p>Jednym z najwa\u017cniejszych zastosowa\u0144 spawanego cylindra typu Tee w maszynach przemys\u0142owych jest jego zdolno\u015b\u0107 do zapewniania sta\u0142ej i dok\u0142adnej si\u0142y. Jest to niezb\u0119dne w wielu procesach produkcyjnych, w kt\u00f3rych wymagana jest precyzyjna kontrola w celu zapewnienia jako\u015bci produktu ko\u0144cowego. Spawany cylinder typu Tee mo\u017ce by\u0107 r\u00f3wnie\u017c u\u017cywany do regulacji przep\u0142ywu p\u0142yn\u00f3w w uk\u0142adach hydraulicznych, co pozwala na wi\u0119ksz\u0105 wydajno\u015b\u0107 i niezawodno\u015b\u0107 w r\u00f3\u017cnych zastosowaniach przemys\u0142owych.<\/li>\n<li>\n<h3>Sprz\u0119t rolniczy<\/h3>\n<p>Spawany cylinder typu Tee jest r\u00f3wnie\u017c powszechnie stosowany w sprz\u0119cie rolniczym, takim jak traktory i kombajny. Maszyny te wymagaj\u0105 mocnych i niezawodnych uk\u0142ad\u00f3w hydraulicznych, aby dzia\u0142a\u0107 skutecznie, a spawany cylinder typu Tee jest idealnym wyborem do tego celu.<\/p>\n<p>Solidna konstrukcja i wysoka wytrzyma\u0142o\u015b\u0107 cylindra sprawiaj\u0105, \u017ce jest on wysoce odporny na zu\u017cycie i rozdarcie, nawet w trudnych warunkach pracy. Dzi\u0119ki temu jest idealnym wyborem do stosowania w sprz\u0119cie rolniczym, gdzie trwa\u0142o\u015b\u0107 jest kluczowym czynnikiem. Spawany cylinder typu tr\u00f3jnikowego mo\u017ce by\u0107 r\u00f3wnie\u017c u\u017cywany do zapewnienia precyzyjnej kontroli wymaganej w wielu procesach rolniczych, takich jak sadzenie, zbiory i nawadnianie.<\/li>\n<li>\n<h3>Sprz\u0119t budowlany<\/h3>\n<p>Spawany cylinder typu Tee jest r\u00f3wnie\u017c szeroko stosowany w sprz\u0119cie budowlanym, takim jak koparki, koparki i spychacze. Maszyny te wymagaj\u0105 mocnych i niezawodnych uk\u0142ad\u00f3w hydraulicznych do wykonywania ci\u0119\u017ckich zada\u0144, takich jak kopanie, podnoszenie i pchanie ci\u0119\u017ckich \u0142adunk\u00f3w.<\/p>\n<p>Wysoka wytrzyma\u0142o\u015b\u0107 i trwa\u0142o\u015b\u0107 spawanego cylindra typu Tee sprawiaj\u0105, \u017ce jest on idealnym wyborem do stosowania w sprz\u0119cie budowlanym. Jego zdolno\u015b\u0107 do zapewnienia precyzyjnej kontroli i sta\u0142ej si\u0142y jest niezb\u0119dna w wielu procesach budowlanych, takich jak wykopy, profilowanie i uk\u0142adanie nawierzchni. Spawany cylinder typu Tee mo\u017ce by\u0107 r\u00f3wnie\u017c stosowany do regulacji przep\u0142ywu p\u0142yn\u00f3w w uk\u0142adach hydraulicznych, co poprawia wydajno\u015b\u0107 i niezawodno\u015b\u0107 sprz\u0119tu budowlanego w r\u00f3\u017cnych zastosowaniach.<\/li>\n<\/ul>\n<h3>O FMP<\/h3>\n<p>FMP jest wiod\u0105cym producentem si\u0142ownik\u00f3w hydraulicznych od ponad 30 lat, a nasz zak\u0142ad produkcyjny znajduje si\u0119 we W\u0142oszech. Oferujemy szerok\u0105 gam\u0119 produkt\u00f3w, w tym si\u0142owniki hydrauliczne, si\u0142owniki kolczaste, dwukierunkowe automatyczne si\u0142owniki teleskopowe i wiele innych. Nasze produkty mo\u017cna dostosowa\u0107 do indywidualnych potrzeb klienta. Dysponuj\u0105c ponad 100 urz\u0105dzeniami, w tym automatycznymi spawarkami w os\u0142onie gaz\u00f3w ochronnych, wiertarkami do g\u0142\u0119bokich otwor\u00f3w i tokarkami CNC, gwarantujemy jako\u015b\u0107 naszych produkt\u00f3w wszystkim naszym klientom.<\/p>\n<h3>Dlaczego warto wybra\u0107 FMP?<\/h3>\n<ol>\n<li><b>Us\u0142uga projektowa:<\/b> Nasz do\u015bwiadczony zesp\u00f3\u0142 projektant\u00f3w mo\u017ce pom\u00f3c Pa\u0144stwu w ka\u017cdej kwestii dotycz\u0105cej projektowania i rozwoju produkt\u00f3w z zakresu wa\u0142\u00f3w uniwersalnych.<\/li>\n<li><b>Us\u0142uga produktu:<\/b> Nasze produkty przechodz\u0105 rygorystyczny proces obejmuj\u0105cy selekcj\u0119 surowc\u00f3w, ci\u0119cie, obr\u00f3bk\u0119 wst\u0119pn\u0105, testowanie, czyszczenie, monta\u017c, pakowanie i transport, aby zagwarantowa\u0107, \u017ce otrzymaj\u0105 Pa\u0144stwo produkt najwy\u017cszej jako\u015bci.<\/li>\n<li><b>Przyk\u0142adowy proces:<\/b> Mo\u017cemy przygotowa\u0107 pr\u00f3bki zgodnie z Pa\u0144stwa wymaganiami i stale je modyfikowa\u0107, aby spe\u0142ni\u0107 Pa\u0144stwa oczekiwania. Dzi\u0119ki temu mamy pewno\u015b\u0107, \u017ce produkt ko\u0144cowy b\u0119dzie dok\u0142adnie spe\u0142nia\u0142 Pa\u0144stwa wymagania.<\/li>\n<li><b>Badania i rozw\u00f3j:<\/b> Nieustannie analizujemy rynek, aby opracowywa\u0107 nowe modele, kt\u00f3re odpowiadaj\u0105 potrzebom naszych klient\u00f3w. Dzi\u0119ki temu wyprzedzamy konkurencj\u0119 i oferujemy naszym klientom innowacyjne produkty.<\/li>\n<li><b>Personalizacja:<\/b> Nasze produkty mo\u017cna dostosowa\u0107 do indywidualnych wymaga\u0144. \u015aci\u015ble wsp\u00f3\u0142pracujemy z naszymi klientami, aby zapewni\u0107, \u017ce produkt finalny dok\u0142adnie odpowiada ich potrzebom.<\/li>\n<\/ol>\n<p>W FMP dok\u0142adamy wszelkich stara\u0144, aby dostarcza\u0107 naszym klientom najlepsze produkty i us\u0142ugi. Jeste\u015bmy dumni z naszej dba\u0142o\u015bci o szczeg\u00f3\u0142y i proces\u00f3w kontroli jako\u015bci, dzi\u0119ki czemu nasze produkty spe\u0142niaj\u0105 najwy\u017csze standardy.<\/p>\n<p><img decoding=\"async\" src=\"https:\/\/fmp-components.com\/wp-content\/uploads\/2024\/12\/fmp-factory-4.webp\" alt=\"Fabryka FMP\" width=\"800\" title=\"\"><br \/>\nAutor:CX<\/p>","protected":false},"excerpt":{"rendered":"<p>The 10046 Professional Craftsmanship Tractor Hydraulic Cylinder is designed specifically for agricultural applications, providing exceptional performance and durability for tractors and trailers. This hydraulic cylinder combines expert engineering with high-quality materials to enhance the efficiency and reliability of your agricultural machinery. Key Features: Professional Craftsmanship: Manufactured with precision to ensure optimal performance and longevity in [&hellip;]<\/p>","protected":false},"featured_media":1132,"comment_status":"closed","ping_status":"closed","template":"","meta":{"_et_pb_use_builder":"","_et_pb_old_content":"","_et_gb_content_width":""},"product_brand":[],"product_cat":[31],"product_tag":[34,35],"class_list":{"0":"post-966","1":"product","2":"type-product","3":"status-publish","4":"has-post-thumbnail","6":"product_cat-welded-tee-type-cylinder","7":"product_tag-hydraulic-cylinder","8":"product_tag-welded-tee-type-cylinder","10":"first","11":"instock","12":"product-type-simple"},"_links":{"self":[{"href":"https:\/\/fmp-components.com\/pl\/wp-json\/wp\/v2\/product\/966","targetHints":{"allow":["GET"]}}],"collection":[{"href":"https:\/\/fmp-components.com\/pl\/wp-json\/wp\/v2\/product"}],"about":[{"href":"https:\/\/fmp-components.com\/pl\/wp-json\/wp\/v2\/types\/product"}],"replies":[{"embeddable":true,"href":"https:\/\/fmp-components.com\/pl\/wp-json\/wp\/v2\/comments?post=966"}],"wp:featuredmedia":[{"embeddable":true,"href":"https:\/\/fmp-components.com\/pl\/wp-json\/wp\/v2\/media\/1132"}],"wp:attachment":[{"href":"https:\/\/fmp-components.com\/pl\/wp-json\/wp\/v2\/media?parent=966"}],"wp:term":[{"taxonomy":"product_brand","embeddable":true,"href":"https:\/\/fmp-components.com\/pl\/wp-json\/wp\/v2\/product_brand?post=966"},{"taxonomy":"product_cat","embeddable":true,"href":"https:\/\/fmp-components.com\/pl\/wp-json\/wp\/v2\/product_cat?post=966"},{"taxonomy":"product_tag","embeddable":true,"href":"https:\/\/fmp-components.com\/pl\/wp-json\/wp\/v2\/product_tag?post=966"}],"curies":[{"name":"wp","href":"https:\/\/api.w.org\/{rel}","templated":true}]}}