{"id":965,"date":"2024-12-19T03:40:23","date_gmt":"2024-12-19T03:40:23","guid":{"rendered":"https:\/\/fmp-components.com\/product\/10045-double-acting-stainless-steel-hydraulic-cylinder-for-agriculture\/"},"modified":"2024-12-19T08:41:57","modified_gmt":"2024-12-19T08:41:57","slug":"10045-double-acting-stainless-steel-hydraulic-cylinder-for-agriculture","status":"publish","type":"product","link":"https:\/\/fmp-components.com\/pl\/product\/10045-double-acting-stainless-steel-hydraulic-cylinder-for-agriculture\/","title":{"rendered":"10045 Si\u0142ownik hydrauliczny dwustronnego dzia\u0142ania ze stali nierdzewnej do rolnictwa"},"content":{"rendered":"<p>Przedstawiamy si\u0142ownik hydrauliczny dwustronnego dzia\u0142ania FMP 10045 ze stali nierdzewnej, zaprojektowany specjalnie do zastosowa\u0144 rolniczych. Wykonany z najwy\u017cszej jako\u015bci stali nierdzewnej, ten niezwykle wytrzyma\u0142y i trwa\u0142y si\u0142ownik gwarantuje d\u0142ugotrwa\u0142\u0105 wydajno\u015b\u0107 nawet w najtrudniejszych warunkach.<\/p>\n<p>Kluczowe parametry tego si\u0142ownika hydraulicznego obejmuj\u0105 zmienne wymiary, wysok\u0105 wydajno\u015b\u0107 i optymaln\u0105 no\u015bno\u015b\u0107. Jego wyj\u0105tkowe zalety to energooszcz\u0119dno\u015b\u0107, wysoka wydajno\u015b\u0107 i bezpiecze\u0144stwo, co czyni go ekonomicznym wyborem dla uk\u0142ad\u00f3w hydraulicznych w rolnictwie.<\/p>\n<p>Dzia\u0142aj\u0105c w oparciu o zasad\u0119 si\u0142y p\u0142ynu hydraulicznego, ten si\u0142ownik hydrauliczny przekszta\u0142ca ci\u015bnienie w ruch liniowy, wytwarzaj\u0105c si\u0142\u0119 mechaniczn\u0105 za pomoc\u0105 si\u0142y spr\u0119\u017conego p\u0142ynu hydraulicznego.<\/p>\n<p>Si\u0142ownik hydrauliczny dwustronnego dzia\u0142ania ze stali nierdzewnej 10045 jest powszechnie stosowany w r\u00f3\u017cnych maszynach rolniczych, w tym w ci\u0105gnikach, kombajnach i sprz\u0119cie p\u0142u\u017cnym.<\/p>\n<p>Firma FMP specjalizuje si\u0119 w produkcji si\u0142ownik\u00f3w hydraulicznych. Nasze produkty zosta\u0142y zaprojektowane z my\u015bl\u0105 o \u0142atwej instalacji, konserwacji i szybkiej naprawie, zapewniaj\u0105c maksymalny czas sprawno\u015bci maszyn rolniczych.<\/p>\n<p><img loading=\"lazy\" decoding=\"async\" class=\"alignnone size-full wp-image-976\" src=\"https:\/\/fmp-components.com\/wp-content\/uploads\/2024\/12\/Welded-Tee-Type-Cylinder2.webp\" alt=\"Spawany cylinder typu tr\u00f3jnik\" width=\"764\" height=\"675\" title=\"\" srcset=\"https:\/\/fmp-components.com\/wp-content\/uploads\/2024\/12\/Welded-Tee-Type-Cylinder2.webp 764w, https:\/\/fmp-components.com\/wp-content\/uploads\/2024\/12\/Welded-Tee-Type-Cylinder2-480x424.webp 480w\" sizes=\"(min-width: 0px) and (max-width: 480px) 480px, (min-width: 481px) 764px, 100vw\" \/><\/p>\n<p>Aby wybra\u0107 odpowiedni si\u0142ownik hydrauliczny, nale\u017cy wzi\u0105\u0107 pod uwag\u0119 takie czynniki, jak rodzaj oleju hydraulicznego i uszczelek olejowych, konieczno\u015b\u0107 wymiany, spos\u00f3b pomiaru si\u0142ownika i zasad\u0119 jego dzia\u0142ania.<\/p>\n<p>FMP oferuje szerok\u0105 gam\u0119 si\u0142ownik\u00f3w hydraulicznych do r\u00f3\u017cnych zastosowa\u0144, w tym si\u0142owniki do platform roboczych, si\u0142owniki hydrauliczne do pojazd\u00f3w przemys\u0142owych, si\u0142owniki do wiertnic obrotowych oraz si\u0142owniki do d\u017awig\u00f3w samochodowych. Oferujemy mo\u017cliwo\u015b\u0107 dostosowania do Pa\u0144stwa indywidualnych wymaga\u0144.<\/p>\n<p>Podsumowuj\u0105c, FMP zapewnia dostarczanie wysokiej jako\u015bci produkt\u00f3w, konkurencyjnych cen i kompleksowych us\u0142ug, kt\u00f3re zaspokoj\u0105 wszystkie Pa\u0144stwa potrzeby w zakresie cylindr\u00f3w hydraulicznych.<\/p>\n<h2>Zalety cylindra spawanego typu tr\u00f3jnikowego<\/h2>\n<ul>\n<li style=\"list-style-type: none;\">\n<ul>\n<li><strong>Zwi\u0119kszona si\u0142a:<\/strong> Spawane cylindry typu tee s\u0105 znane ze swojej wysokiej wytrzyma\u0142o\u015bci, dzi\u0119ki czemu nadaj\u0105 si\u0119 do zastosowa\u0144 wymagaj\u0105cych podnoszenia ci\u0119\u017car\u00f3w. Proces spawania stosowany podczas produkcji tych cylindr\u00f3w zapewnia, \u017ce cylinder jest wolny od s\u0142abych punkt\u00f3w i mo\u017ce wytrzyma\u0107 wysokie ci\u015bnienie i napr\u0119\u017cenia.<\/li>\n<\/ul>\n<\/li>\n<\/ul>\n<p>Gdy na cylinder wywierany jest nacisk, rozprowadza si\u0119 on r\u00f3wnomiernie po ca\u0142ej powierzchni, co czyni go odpornym na odkszta\u0142cenia. Ta cecha zapewnia, \u017ce cylinder mo\u017ce zachowa\u0107 sw\u00f3j kszta\u0142t i integralno\u015b\u0107 strukturaln\u0105 nawet w ekstremalnych warunkach.<\/p>\n<ul>\n<li style=\"list-style-type: none;\">\n<ul>\n<li><strong>Zapobieganie wyciekom:<\/strong> Spawane cylindry typu tee s\u0105 zaprojektowane tak, aby zapobiega\u0107 wyciekom. Proces spawania stosowany podczas procesu produkcji zapewnia, \u017ce cylinder jest ca\u0142kowicie szczelny i wolny od wszelkich mo\u017cliwych wyciek\u00f3w. Ta cecha sprawia, \u017ce nadaj\u0105 si\u0119 do stosowania w zastosowaniach, w kt\u00f3rych wyciek m\u00f3g\u0142by spowodowa\u0107 powa\u017cne uszkodzenia lub obra\u017cenia.<\/li>\n<\/ul>\n<\/li>\n<\/ul>\n<p>Po\u0142\u0105czenia spawane s\u0105 g\u0142adkie, bez szczelin czy rowk\u00f3w, w kt\u00f3rych mog\u0142yby gromadzi\u0107 si\u0119 zanieczyszczenia lub brud, co zmniejsza ryzyko korozji i uszkodzenia cylindra.<\/p>\n<ul>\n<li style=\"list-style-type: none;\">\n<ul>\n<li><strong>Mo\u017cliwo\u015b\u0107 dostosowania:<\/strong> Spawane cylindry typu tee mo\u017cna dostosowa\u0107 do konkretnych zastosowa\u0144. Cylindry s\u0105 dost\u0119pne w r\u00f3\u017cnych rozmiarach i kszta\u0142tach i mog\u0105 by\u0107 wytwarzane tak, aby spe\u0142nia\u0142y konkretne wymagania danego zastosowania.<\/li>\n<\/ul>\n<\/li>\n<\/ul>\n<p>Proces dostosowywania pozwala na optymalizacj\u0119 wydajno\u015bci cylindra, zapewniaj\u0105c, \u017ce jest on odpowiedni do zamierzonego zastosowania. Ta cecha sprawia, \u017ce spawane cylindry typu tee s\u0105 idealne do stosowania w r\u00f3\u017cnych zastosowaniach przemys\u0142owych, w tym w budownictwie, g\u00f3rnictwie i transporcie materia\u0142\u00f3w.<\/p>\n<ul>\n<li style=\"list-style-type: none;\">\n<ul>\n<li><strong>Op\u0142acalno\u015b\u0107:<\/strong> Spawane cylindry typu tee s\u0105 op\u0142acalne w por\u00f3wnaniu do innych typ\u00f3w cylindr\u00f3w. Proces produkcji tych cylindr\u00f3w jest prosty, co czyni je ta\u0144szymi od innych typ\u00f3w cylindr\u00f3w.<\/li>\n<\/ul>\n<\/li>\n<\/ul>\n<p>Ponadto wysoka wytrzyma\u0142o\u015b\u0107 i trwa\u0142o\u015b\u0107 spawanych cylindr\u00f3w typu tee zmniejszaj\u0105 potrzeb\u0119 cz\u0119stych napraw i wymian, co pozwala zaoszcz\u0119dzi\u0107 na kosztach konserwacji. Ta cecha sprawia, \u017ce s\u0105 one popularnym wyborem dla wielu bran\u017c, szczeg\u00f3lnie tych o ograniczonym bud\u017cecie.<\/p>\n<ul>\n<li style=\"list-style-type: none;\">\n<ul>\n<li><strong>Zwi\u0119kszona wydajno\u015b\u0107:<\/strong> Spawane cylindry typu tee s\u0105 wysoce wydajne i skuteczne. Konstrukcja cylindra zapewnia, \u017ce si\u0142a przy\u0142o\u017cona jest przenoszona bezpo\u015brednio na obci\u0105\u017cenie, co zmniejsza straty energii i zwi\u0119ksza wydajno\u015b\u0107.<\/li>\n<\/ul>\n<\/li>\n<\/ul>\n<p>Spawane po\u0142\u0105czenia s\u0105 mocne i sztywne, minimalizuj\u0105c ugi\u0119cie i zapewniaj\u0105c, \u017ce cylinder zachowuje sw\u00f3j kszta\u0142t i integralno\u015b\u0107 strukturaln\u0105 nawet w ekstremalnych warunkach. Ta cecha sprawia, \u017ce spawane cylindry typu tee s\u0105 idealne do zastosowa\u0144 wymagaj\u0105cych wysokiej wydajno\u015bci i niezawodno\u015bci.<\/p>\n<p><img loading=\"lazy\" decoding=\"async\" class=\"alignnone size-full wp-image-975\" src=\"https:\/\/fmp-components.com\/wp-content\/uploads\/2024\/12\/Welded-Tee-Type-Cylinder1.webp\" alt=\"Spawany cylinder typu tr\u00f3jnik\" width=\"759\" height=\"761\" title=\"\" srcset=\"https:\/\/fmp-components.com\/wp-content\/uploads\/2024\/12\/Welded-Tee-Type-Cylinder1.webp 759w, https:\/\/fmp-components.com\/wp-content\/uploads\/2024\/12\/Welded-Tee-Type-Cylinder1-480x481.webp 480w\" sizes=\"(min-width: 0px) and (max-width: 480px) 480px, (min-width: 481px) 759px, 100vw\" \/><\/p>\n<h2>Zastosowanie cylindra spawanego typu tr\u00f3jnikowego<\/h2>\n<ul>\n<li>\n<h3>Maszyny i urz\u0105dzenia przemys\u0142owe<\/h3>\n<p>Spawany cylinder typu Tee jest szeroko stosowany w maszynach i urz\u0105dzeniach przemys\u0142owych, szczeg\u00f3lnie w uk\u0142adach hydraulicznych. Cylinder sk\u0142ada si\u0119 z t\u0142oka i rury cylindra, kt\u00f3re s\u0105 zespawane razem, tworz\u0105c pojedyncz\u0105 jednostk\u0119. Ta konstrukcja oferuje kilka zalet w por\u00f3wnaniu z innymi typami cylindr\u00f3w, takich jak zwi\u0119kszona trwa\u0142o\u015b\u0107, wi\u0119ksza wytrzyma\u0142o\u015b\u0107 i wi\u0119ksza precyzja.<\/p>\n<p>Jednym z najwa\u017cniejszych zastosowa\u0144 spawanego cylindra typu Tee w maszynach przemys\u0142owych jest jego zdolno\u015b\u0107 do zapewniania sta\u0142ej i dok\u0142adnej si\u0142y. Jest to niezb\u0119dne w wielu procesach produkcyjnych, w kt\u00f3rych wymagana jest precyzyjna kontrola w celu zapewnienia jako\u015bci produktu ko\u0144cowego. Spawany cylinder typu Tee mo\u017ce by\u0107 r\u00f3wnie\u017c u\u017cywany do regulacji przep\u0142ywu p\u0142yn\u00f3w w uk\u0142adach hydraulicznych, co pozwala na wi\u0119ksz\u0105 wydajno\u015b\u0107 i niezawodno\u015b\u0107 w r\u00f3\u017cnych zastosowaniach przemys\u0142owych.<\/li>\n<li>\n<h3>Sprz\u0119t rolniczy<\/h3>\n<p>Spawany cylinder typu Tee jest r\u00f3wnie\u017c powszechnie stosowany w sprz\u0119cie rolniczym, takim jak traktory i kombajny. Maszyny te wymagaj\u0105 mocnych i niezawodnych uk\u0142ad\u00f3w hydraulicznych, aby dzia\u0142a\u0107 skutecznie, a spawany cylinder typu Tee jest idealnym wyborem do tego celu.<\/p>\n<p>Solidna konstrukcja i wysoka wytrzyma\u0142o\u015b\u0107 cylindra sprawiaj\u0105, \u017ce jest on wysoce odporny na zu\u017cycie i rozdarcie, nawet w trudnych warunkach pracy. Dzi\u0119ki temu jest idealnym wyborem do stosowania w sprz\u0119cie rolniczym, gdzie trwa\u0142o\u015b\u0107 jest kluczowym czynnikiem. Spawany cylinder typu tr\u00f3jnikowego mo\u017ce by\u0107 r\u00f3wnie\u017c u\u017cywany do zapewnienia precyzyjnej kontroli wymaganej w wielu procesach rolniczych, takich jak sadzenie, zbiory i nawadnianie.<\/li>\n<li>\n<h3>Sprz\u0119t budowlany<\/h3>\n<p>Spawany cylinder typu Tee jest r\u00f3wnie\u017c szeroko stosowany w sprz\u0119cie budowlanym, takim jak koparki, koparki i spychacze. Maszyny te wymagaj\u0105 mocnych i niezawodnych uk\u0142ad\u00f3w hydraulicznych do wykonywania ci\u0119\u017ckich zada\u0144, takich jak kopanie, podnoszenie i pchanie ci\u0119\u017ckich \u0142adunk\u00f3w.<\/p>\n<p>Wysoka wytrzyma\u0142o\u015b\u0107 i trwa\u0142o\u015b\u0107 spawanego cylindra typu Tee sprawiaj\u0105, \u017ce jest on idealnym wyborem do stosowania w sprz\u0119cie budowlanym. Jego zdolno\u015b\u0107 do zapewnienia precyzyjnej kontroli i sta\u0142ej si\u0142y jest niezb\u0119dna w wielu procesach budowlanych, takich jak wykopy, profilowanie i uk\u0142adanie nawierzchni. Spawany cylinder typu Tee mo\u017ce by\u0107 r\u00f3wnie\u017c stosowany do regulacji przep\u0142ywu p\u0142yn\u00f3w w uk\u0142adach hydraulicznych, co poprawia wydajno\u015b\u0107 i niezawodno\u015b\u0107 sprz\u0119tu budowlanego w r\u00f3\u017cnych zastosowaniach.<\/li>\n<\/ul>\n<h3>O FMP<\/h3>\n<p>Firma FMP, dzia\u0142aj\u0105ca od ponad 30 lat, jest wiod\u0105cym producentem i dostawc\u0105 si\u0142ownik\u00f3w hydraulicznych. Nasz obszar przemys\u0142owy znajduje si\u0119 we W\u0142oszech, a my szczycimy si\u0119 najnowocze\u015bniejszymi zak\u0142adami wyposa\u017conymi w ponad 100 zaawansowanych maszyn.<\/p>\n<p>Nasza szeroka gama produkt\u00f3w obejmuje:<\/p>\n<ol>\n<li>Automatyczna spawarka w os\u0142onie gaz\u00f3w ochronnych: zapewnia precyzyjne i wydajne procesy spawania.<\/li>\n<li>Maszyna do wiercenia g\u0142\u0119bokich otwor\u00f3w: umo\u017cliwia dok\u0142adne i g\u0142\u0119bokie wiercenie otwor\u00f3w w r\u00f3\u017cnych zastosowaniach.<\/li>\n<li>Tokarka CNC: umo\u017cliwia precyzyjn\u0105 obr\u00f3bk\u0119 skomplikowanych element\u00f3w hydraulicznych.<\/li>\n<li>Szlifierka cylindryczna: zapewnia dok\u0142adne wyko\u0144czenie i dok\u0142adno\u015b\u0107 wymiarow\u0105 naszych cylindr\u00f3w hydraulicznych.<\/li>\n<li>Automatyczna maszyna czyszcz\u0105ca: zapewnia czysto\u015b\u0107 i usuwa wszelkie zanieczyszczenia z naszych produkt\u00f3w.<\/li>\n<\/ol>\n<p>W FMP dok\u0142adamy wszelkich stara\u0144, aby dostarcza\u0107 naszym klientom si\u0142owniki hydrauliczne najwy\u017cszej jako\u015bci. Oto kilka kluczowych korzy\u015bci p\u0142yn\u0105cych z wyboru naszych produkt\u00f3w i us\u0142ug:<\/p>\n<p>1) Us\u0142ugi projektowe: Nasz do\u015bwiadczony zesp\u00f3\u0142 projektowy dok\u0142ada wszelkich stara\u0144, aby spe\u0142ni\u0107 Pa\u0144stwa indywidualne wymagania. Niezale\u017cnie od tego, czy potrzebuj\u0105 Pa\u0144stwo nowego produktu, czy te\u017c poszukuj\u0105 Pa\u0144stwo ulepsze\u0144, jeste\u015bmy do Pa\u0144stwa dyspozycji w ca\u0142ym procesie projektowania i rozwoju.<\/p>\n<p>2) Serwis produktu: Stosujemy kompleksowy proces produkcji, kt\u00f3ry obejmuje selekcj\u0119 surowc\u00f3w, ci\u0119cie, obr\u00f3bk\u0119 wst\u0119pn\u0105, testowanie, czyszczenie, monta\u017c, pakowanie i transport. Dzi\u0119ki temu nasze produkty spe\u0142niaj\u0105 najwy\u017csze standardy jako\u015bci i niezawodno\u015bci.<\/p>\n<p>3) Proces pr\u00f3bkowania: Oferujemy opracowanie pr\u00f3bek zgodnie z Pa\u0144stwa wymaganiami i ci\u0105g\u0142e ich modyfikowanie, aby spe\u0142ni\u0107 Pa\u0144stwa potrzeby. Pozwala to na przetestowanie i ocen\u0119 naszych produkt\u00f3w przed podj\u0119ciem ostatecznej decyzji.<\/p>\n<p>4) Badania i rozw\u00f3j: Wraz ze zmianami trend\u00f3w rynkowych, utrzymujemy si\u0119 na czele, badaj\u0105c nowe potrzeby rynku i opracowuj\u0105c innowacyjne modele si\u0142ownik\u00f3w hydraulicznych. Dzi\u0119ki temu mo\u017cemy dostarcza\u0107 naszym klientom najnowsze i najwydajniejsze produkty.<\/p>\n<p>5) Personalizacja: Specjalizujemy si\u0119 w produkcji i sprzeda\u017cy r\u00f3\u017cnego rodzaju cylindr\u00f3w hydraulicznych i ch\u0119tnie przyjmujemy zam\u00f3wienia niestandardowe. Nasz zesp\u00f3\u0142 dok\u0142ada wszelkich stara\u0144, aby spe\u0142ni\u0107 Pa\u0144stwa indywidualne wymagania i dostarczy\u0107 rozwi\u0105zania szyte na miar\u0119.<\/p>\n<p><img decoding=\"async\" src=\"https:\/\/fmp-components.com\/wp-content\/uploads\/2024\/12\/fmp-factory-4.webp\" alt=\"Fabryka FMP\" width=\"800\" title=\"\"><\/p>\n<p>Autor:CX<\/p>","protected":false},"excerpt":{"rendered":"<p>Introducing FMP&#8217;s 10045 Double Acting Stainless Steel Hydraulic Cylinder, specifically designed for agricultural applications. Made from premium stainless steel, this highly robust and durable cylinder guarantees long-lasting performance even in the toughest conditions. Key Specifications of this Hydraulic Cylinder include variable dimensions, high capacity, and optimal load capacity. Its unique advantages lie in its energy [&hellip;]<\/p>","protected":false},"featured_media":1132,"comment_status":"closed","ping_status":"closed","template":"","meta":{"_et_pb_use_builder":"","_et_pb_old_content":"","_et_gb_content_width":""},"product_brand":[],"product_cat":[31],"product_tag":[34,35],"class_list":{"0":"post-965","1":"product","2":"type-product","3":"status-publish","4":"has-post-thumbnail","6":"product_cat-welded-tee-type-cylinder","7":"product_tag-hydraulic-cylinder","8":"product_tag-welded-tee-type-cylinder","10":"first","11":"instock","12":"product-type-simple"},"_links":{"self":[{"href":"https:\/\/fmp-components.com\/pl\/wp-json\/wp\/v2\/product\/965","targetHints":{"allow":["GET"]}}],"collection":[{"href":"https:\/\/fmp-components.com\/pl\/wp-json\/wp\/v2\/product"}],"about":[{"href":"https:\/\/fmp-components.com\/pl\/wp-json\/wp\/v2\/types\/product"}],"replies":[{"embeddable":true,"href":"https:\/\/fmp-components.com\/pl\/wp-json\/wp\/v2\/comments?post=965"}],"wp:featuredmedia":[{"embeddable":true,"href":"https:\/\/fmp-components.com\/pl\/wp-json\/wp\/v2\/media\/1132"}],"wp:attachment":[{"href":"https:\/\/fmp-components.com\/pl\/wp-json\/wp\/v2\/media?parent=965"}],"wp:term":[{"taxonomy":"product_brand","embeddable":true,"href":"https:\/\/fmp-components.com\/pl\/wp-json\/wp\/v2\/product_brand?post=965"},{"taxonomy":"product_cat","embeddable":true,"href":"https:\/\/fmp-components.com\/pl\/wp-json\/wp\/v2\/product_cat?post=965"},{"taxonomy":"product_tag","embeddable":true,"href":"https:\/\/fmp-components.com\/pl\/wp-json\/wp\/v2\/product_tag?post=965"}],"curies":[{"name":"wp","href":"https:\/\/api.w.org\/{rel}","templated":true}]}}