{"id":964,"date":"2024-12-19T03:40:23","date_gmt":"2024-12-19T03:40:23","guid":{"rendered":"https:\/\/fmp-components.com\/product\/10044-customized-double-acting-hydraulic-cylinder-welded-tee-cylinder\/"},"modified":"2024-12-19T08:41:41","modified_gmt":"2024-12-19T08:41:41","slug":"10044-customized-double-acting-hydraulic-cylinder-welded-tee-cylinder","status":"publish","type":"product","link":"https:\/\/fmp-components.com\/pl\/product\/10044-customized-double-acting-hydraulic-cylinder-welded-tee-cylinder\/","title":{"rendered":"10044 Dostosowany cylinder hydrauliczny dwustronnego dzia\u0142ania, spawany cylinder tr\u00f3jnikowy"},"content":{"rendered":"<p>Niestandardowy, spawany si\u0142ownik hydrauliczny dwustronnego dzia\u0142ania 10044 zosta\u0142 zaprojektowany z my\u015bl\u0105 o wszechstronno\u015bci i wytrzyma\u0142o\u015bci, dostosowany do specyficznych potrzeb r\u00f3\u017cnych bran\u017c, w tym budownictwa, rolnictwa i produkcji. Ten si\u0142ownik hydrauliczny zosta\u0142 zaprojektowany z my\u015bl\u0105 o niezawodnej pracy i solidnej, spawanej konstrukcji, gwarantuj\u0105cej trwa\u0142o\u015b\u0107 nawet w trudnych warunkach.<\/p>\n<h4>G\u0142\u00f3wne cechy:<\/h4>\n<ul>\n<li><strong>Funkcjonalno\u015b\u0107 podw\u00f3jnego dzia\u0142ania<\/strong>:Zapewnia wydajn\u0105 prac\u0119 zar\u00f3wno przy wysuwaniu, jak i wsuwaniu, maksymalizuj\u0105c wydajno\u015b\u0107 pracy przy r\u00f3\u017cnych zadaniach.<\/li>\n<li><strong>Mo\u017cliwo\u015b\u0107 dostosowania projektu<\/strong>Dost\u0119pne w r\u00f3\u017cnych rozmiarach i konfiguracjach, aby spe\u0142ni\u0107 okre\u015blone wymagania aplikacji i preferencje monta\u017cowe.<\/li>\n<li><strong>Konstrukcja spawana<\/strong>: Cechuje si\u0119 solidn\u0105 konstrukcj\u0105 spawan\u0105, kt\u00f3ra zwi\u0119ksza integralno\u015b\u0107 strukturaln\u0105 i odporno\u015b\u0107 na zm\u0119czenie.<\/li>\n<li><strong>Wysoka \u0142adowno\u015b\u0107<\/strong>:Mo\u017cliwo\u015b\u0107 przenoszenia znacznych obci\u0105\u017ce\u0144 sprawia, \u017ce \u200b\u200bidealnie nadaje si\u0119 do zastosowa\u0144 wymagaj\u0105cych du\u017cej wytrzyma\u0142o\u015bci.<\/li>\n<li><strong>Wyko\u0144czenie odporne na korozj\u0119<\/strong>:Pokryte materia\u0142ami ochronnymi zapobiegaj\u0105cymi rdzewieniu i korozji, co zapewnia trwa\u0142o\u015b\u0107 i niezawodno\u015b\u0107.<\/li>\n<\/ul>\n<p><img decoding=\"async\" src=\"https:\/\/hzpt.com\/wp-content\/uploads\/2023\/12\/random-2.webp\" alt=\"\" title=\"\"><\/p>\n<h4>Korzy\u015bci:<\/h4>\n<ul>\n<li><strong>Zwi\u0119kszona wydajno\u015b\u0107<\/strong>: Zwi\u0119ksza efektywno\u015b\u0107 operacyjn\u0105, zapewniaj\u0105c mocny i p\u0142ynny ruch w obu kierunkach.<\/li>\n<li><strong>Rozwi\u0105zania szyte na miar\u0119<\/strong>:Mo\u017cliwo\u015b\u0107 dostosowania funkcji pozwala na konkretne dostosowania w celu spe\u0142nienia unikalnych wymaga\u0144 aplikacji.<\/li>\n<li><strong>Zmniejszona konserwacja<\/strong>:Trwa\u0142a konstrukcja minimalizuje zu\u017cycie i uszkodzenia, co z czasem przek\u0142ada si\u0119 na ni\u017csze koszty konserwacji.<\/li>\n<\/ul>\n<p>Si\u0142ownik hydrauliczny dwustronnego dzia\u0142ania 10044 z tr\u00f3jnikiem spawanym, dostosowany do indywidualnych potrzeb, to idealny wyb\u00f3r dla os\u00f3b poszukuj\u0105cych niezawodnego i wszechstronnego rozwi\u0105zania hydraulicznego. Jego solidna konstrukcja i mo\u017cliwo\u015bci personalizacji sprawiaj\u0105, \u017ce doskonale nadaje si\u0119 do szerokiego zakresu zastosowa\u0144 przemys\u0142owych, gwarantuj\u0105c wydajno\u015b\u0107 potrzebn\u0105 do prowadzenia dzia\u0142alno\u015bci.<\/p>\n<p><img decoding=\"async\" class=\"aligncenter\" src=\"https:\/\/hzpt.com\/wp-content\/uploads\/2023\/12\/random-3.webp\" alt=\"\" title=\"\"><\/p>\n<h2>Zalety cylindra spawanego typu tr\u00f3jnikowego<\/h2>\n<ul>\n<li style=\"list-style-type: none;\">\n<ul>\n<li><strong>Zwi\u0119kszona si\u0142a:<\/strong> Spawane cylindry typu tee s\u0105 znane ze swojej wysokiej wytrzyma\u0142o\u015bci, dzi\u0119ki czemu nadaj\u0105 si\u0119 do zastosowa\u0144 wymagaj\u0105cych podnoszenia ci\u0119\u017car\u00f3w. Proces spawania stosowany podczas produkcji tych cylindr\u00f3w zapewnia, \u017ce cylinder jest wolny od s\u0142abych punkt\u00f3w i mo\u017ce wytrzyma\u0107 wysokie ci\u015bnienie i napr\u0119\u017cenia.<\/li>\n<\/ul>\n<\/li>\n<\/ul>\n<p>Gdy na cylinder wywierany jest nacisk, rozprowadza si\u0119 on r\u00f3wnomiernie po ca\u0142ej powierzchni, co czyni go odpornym na odkszta\u0142cenia. Ta cecha zapewnia, \u017ce cylinder mo\u017ce zachowa\u0107 sw\u00f3j kszta\u0142t i integralno\u015b\u0107 strukturaln\u0105 nawet w ekstremalnych warunkach.<\/p>\n<ul>\n<li style=\"list-style-type: none;\">\n<ul>\n<li><strong>Zapobieganie wyciekom:<\/strong> Spawane cylindry typu tee s\u0105 zaprojektowane tak, aby zapobiega\u0107 wyciekom. Proces spawania stosowany podczas procesu produkcji zapewnia, \u017ce cylinder jest ca\u0142kowicie szczelny i wolny od wszelkich mo\u017cliwych wyciek\u00f3w. Ta cecha sprawia, \u017ce nadaj\u0105 si\u0119 do stosowania w zastosowaniach, w kt\u00f3rych wyciek m\u00f3g\u0142by spowodowa\u0107 powa\u017cne uszkodzenia lub obra\u017cenia.<\/li>\n<\/ul>\n<\/li>\n<\/ul>\n<p>Po\u0142\u0105czenia spawane s\u0105 g\u0142adkie, bez szczelin czy rowk\u00f3w, w kt\u00f3rych mog\u0142yby gromadzi\u0107 si\u0119 zanieczyszczenia lub brud, co zmniejsza ryzyko korozji i uszkodzenia cylindra.<\/p>\n<ul>\n<li style=\"list-style-type: none;\">\n<ul>\n<li><strong>Mo\u017cliwo\u015b\u0107 dostosowania:<\/strong> Spawane cylindry typu tee mo\u017cna dostosowa\u0107 do konkretnych zastosowa\u0144. Cylindry s\u0105 dost\u0119pne w r\u00f3\u017cnych rozmiarach i kszta\u0142tach i mog\u0105 by\u0107 wytwarzane tak, aby spe\u0142nia\u0142y konkretne wymagania danego zastosowania.<\/li>\n<\/ul>\n<\/li>\n<\/ul>\n<p>Proces dostosowywania pozwala na optymalizacj\u0119 wydajno\u015bci cylindra, zapewniaj\u0105c, \u017ce jest on odpowiedni do zamierzonego zastosowania. Ta cecha sprawia, \u017ce spawane cylindry typu tee s\u0105 idealne do stosowania w r\u00f3\u017cnych zastosowaniach przemys\u0142owych, w tym w budownictwie, g\u00f3rnictwie i transporcie materia\u0142\u00f3w.<\/p>\n<ul>\n<li style=\"list-style-type: none;\">\n<ul>\n<li><strong>Op\u0142acalno\u015b\u0107:<\/strong> Spawane cylindry typu tee s\u0105 op\u0142acalne w por\u00f3wnaniu do innych typ\u00f3w cylindr\u00f3w. Proces produkcji tych cylindr\u00f3w jest prosty, co czyni je ta\u0144szymi od innych typ\u00f3w cylindr\u00f3w.<\/li>\n<\/ul>\n<\/li>\n<\/ul>\n<p>Ponadto wysoka wytrzyma\u0142o\u015b\u0107 i trwa\u0142o\u015b\u0107 spawanych cylindr\u00f3w typu tee zmniejszaj\u0105 potrzeb\u0119 cz\u0119stych napraw i wymian, co pozwala zaoszcz\u0119dzi\u0107 na kosztach konserwacji. Ta cecha sprawia, \u017ce s\u0105 one popularnym wyborem dla wielu bran\u017c, szczeg\u00f3lnie tych o ograniczonym bud\u017cecie.<\/p>\n<ul>\n<li style=\"list-style-type: none;\">\n<ul>\n<li><strong>Zwi\u0119kszona wydajno\u015b\u0107:<\/strong> Spawane cylindry typu tee s\u0105 wysoce wydajne i skuteczne. Konstrukcja cylindra zapewnia, \u017ce si\u0142a przy\u0142o\u017cona jest przenoszona bezpo\u015brednio na obci\u0105\u017cenie, co zmniejsza straty energii i zwi\u0119ksza wydajno\u015b\u0107.<\/li>\n<\/ul>\n<\/li>\n<\/ul>\n<p>Spawane po\u0142\u0105czenia s\u0105 mocne i sztywne, minimalizuj\u0105c ugi\u0119cie i zapewniaj\u0105c, \u017ce cylinder zachowuje sw\u00f3j kszta\u0142t i integralno\u015b\u0107 strukturaln\u0105 nawet w ekstremalnych warunkach. Ta cecha sprawia, \u017ce spawane cylindry typu tee s\u0105 idealne do zastosowa\u0144 wymagaj\u0105cych wysokiej wydajno\u015bci i niezawodno\u015bci.<\/p>\n<h2>Zastosowanie cylindra spawanego typu tr\u00f3jnikowego<\/h2>\n<ul>\n<li>\n<h3>Maszyny i urz\u0105dzenia przemys\u0142owe<\/h3>\n<p>Spawany cylinder typu Tee jest szeroko stosowany w maszynach i urz\u0105dzeniach przemys\u0142owych, szczeg\u00f3lnie w uk\u0142adach hydraulicznych. Cylinder sk\u0142ada si\u0119 z t\u0142oka i rury cylindra, kt\u00f3re s\u0105 zespawane razem, tworz\u0105c pojedyncz\u0105 jednostk\u0119. Ta konstrukcja oferuje kilka zalet w por\u00f3wnaniu z innymi typami cylindr\u00f3w, takich jak zwi\u0119kszona trwa\u0142o\u015b\u0107, wi\u0119ksza wytrzyma\u0142o\u015b\u0107 i wi\u0119ksza precyzja.<\/p>\n<p>Jednym z najwa\u017cniejszych zastosowa\u0144 spawanego cylindra typu Tee w maszynach przemys\u0142owych jest jego zdolno\u015b\u0107 do zapewniania sta\u0142ej i dok\u0142adnej si\u0142y. Jest to niezb\u0119dne w wielu procesach produkcyjnych, w kt\u00f3rych wymagana jest precyzyjna kontrola w celu zapewnienia jako\u015bci produktu ko\u0144cowego. Spawany cylinder typu Tee mo\u017ce by\u0107 r\u00f3wnie\u017c u\u017cywany do regulacji przep\u0142ywu p\u0142yn\u00f3w w uk\u0142adach hydraulicznych, co pozwala na wi\u0119ksz\u0105 wydajno\u015b\u0107 i niezawodno\u015b\u0107 w r\u00f3\u017cnych zastosowaniach przemys\u0142owych.<\/li>\n<li>\n<h3>Sprz\u0119t rolniczy<\/h3>\n<p>Spawany cylinder typu Tee jest r\u00f3wnie\u017c powszechnie stosowany w sprz\u0119cie rolniczym, takim jak traktory i kombajny. Maszyny te wymagaj\u0105 mocnych i niezawodnych uk\u0142ad\u00f3w hydraulicznych, aby dzia\u0142a\u0107 skutecznie, a spawany cylinder typu Tee jest idealnym wyborem do tego celu.<\/p>\n<p>Solidna konstrukcja i wysoka wytrzyma\u0142o\u015b\u0107 cylindra sprawiaj\u0105, \u017ce jest on wysoce odporny na zu\u017cycie i rozdarcie, nawet w trudnych warunkach pracy. Dzi\u0119ki temu jest idealnym wyborem do stosowania w sprz\u0119cie rolniczym, gdzie trwa\u0142o\u015b\u0107 jest kluczowym czynnikiem. Spawany cylinder typu tr\u00f3jnikowego mo\u017ce by\u0107 r\u00f3wnie\u017c u\u017cywany do zapewnienia precyzyjnej kontroli wymaganej w wielu procesach rolniczych, takich jak sadzenie, zbiory i nawadnianie.<\/li>\n<li>\n<h3>Sprz\u0119t budowlany<\/h3>\n<p>Spawany cylinder typu Tee jest r\u00f3wnie\u017c szeroko stosowany w sprz\u0119cie budowlanym, takim jak koparki, koparki i spychacze. Maszyny te wymagaj\u0105 mocnych i niezawodnych uk\u0142ad\u00f3w hydraulicznych do wykonywania ci\u0119\u017ckich zada\u0144, takich jak kopanie, podnoszenie i pchanie ci\u0119\u017ckich \u0142adunk\u00f3w.<\/p>\n<p>Wysoka wytrzyma\u0142o\u015b\u0107 i trwa\u0142o\u015b\u0107 spawanego cylindra typu Tee sprawiaj\u0105, \u017ce jest on idealnym wyborem do stosowania w sprz\u0119cie budowlanym. Jego zdolno\u015b\u0107 do zapewnienia precyzyjnej kontroli i sta\u0142ej si\u0142y jest niezb\u0119dna w wielu procesach budowlanych, takich jak wykopy, profilowanie i uk\u0142adanie nawierzchni. Spawany cylinder typu Tee mo\u017ce by\u0107 r\u00f3wnie\u017c stosowany do regulacji przep\u0142ywu p\u0142yn\u00f3w w uk\u0142adach hydraulicznych, co poprawia wydajno\u015b\u0107 i niezawodno\u015b\u0107 sprz\u0119tu budowlanego w r\u00f3\u017cnych zastosowaniach.<\/li>\n<\/ul>\n<h3>O FMP<\/h3>\n<p>FMP to wiod\u0105cy producent i dostawca si\u0142ownik\u00f3w hydraulicznych z ponad 30-letnim do\u015bwiadczeniem w bran\u017cy. Nasz obszar przemys\u0142owy, zlokalizowany we W\u0142oszech, wyposa\u017cony jest w ponad 100 zaawansowanych urz\u0105dze\u0144, w tym automatyczne spawarki w os\u0142onie gaz\u00f3w ochronnych, maszyny do g\u0142\u0119bokiego wiercenia, tokarki CNC, szlifierki do wa\u0142k\u00f3w, automatyczne maszyny czyszcz\u0105ce, automatyczne maszyny monta\u017cowe, automatyczne stanowiska do testowania wydajno\u015bci si\u0142ownik\u00f3w hydraulicznych oraz automatyczne linie lakiernicze.<\/p>\n<p><img decoding=\"async\" src=\"https:\/\/fmp-components.com\/wp-content\/uploads\/2024\/12\/fmp-factory-4.webp\" alt=\"Fabryka FMP\" width=\"800\" title=\"\"><\/p>\n<p>Nasze cylindry hydrauliczne s\u0105 projektowane i produkowane zgodnie z najwy\u017cszymi standardami, co gwarantuje naszym klientom wyj\u0105tkow\u0105 jako\u015b\u0107. Oferujemy szerok\u0105 gam\u0119 cylindr\u00f3w hydraulicznych, w tym:<\/p>\n<ol>\n<li style=\"list-style-type: none;\">\n<ol>\n<li>Si\u0142ownik hydrauliczny<\/li>\n<\/ol>\n<\/li>\n<\/ol>\n<p>Nasze cylindry hydrauliczne s\u0105 starannie obrabiane i kontrolowane, aby zagwarantowa\u0107 doskona\u0142\u0105 wydajno\u015b\u0107 i trwa\u0142o\u015b\u0107. Zaprojektowano je tak, aby spe\u0142nia\u0142y zr\u00f3\u017cnicowane potrzeby r\u00f3\u017cnych bran\u017c.<\/p>\n<ol>\n<li style=\"list-style-type: none;\">\n<ol>\n<li>Cylinder hydrauliczny Cylinder kolczyka<\/li>\n<\/ol>\n<\/li>\n<\/ol>\n<p>Produkowane przez nas cylindry kolczykowe s\u0105 specjalnie zaprojektowane z my\u015bl\u0105 o wydajnej i niezawodnej pracy. Idealnie sprawdzaj\u0105 si\u0119 w zastosowaniach wymagaj\u0105cych precyzyjnej kontroli i stabilno\u015bci.<\/p>\n<ol>\n<li style=\"list-style-type: none;\">\n<ol>\n<li>Dwukierunkowy automatyczny teleskopowy si\u0142ownik hydrauliczny<\/li>\n<\/ol>\n<\/li>\n<\/ol>\n<p>Nasze dwukierunkowe automatyczne teleskopowe si\u0142owniki hydrauliczne zosta\u0142y zaprojektowane tak, aby zapewni\u0107 doskona\u0142\u0105 wydajno\u015b\u0107 i wszechstronno\u015b\u0107. Mo\u017cna je p\u0142ynnie wysuwa\u0107 i chowa\u0107, zapewniaj\u0105c optymaln\u0105 funkcjonalno\u015b\u0107 w r\u00f3\u017cnych warunkach.<\/p>\n<ol>\n<li style=\"list-style-type: none;\">\n<ol>\n<li>Us\u0142uga projektowa<\/li>\n<\/ol>\n<\/li>\n<\/ol>\n<p>Dzi\u0119ki naszemu do\u015bwiadczonemu zespo\u0142owi projektowemu oferujemy kompleksowe us\u0142ugi projektowania i rozwoju wa\u0142\u00f3w uniwersalnych. Niezale\u017cnie od tego, czy potrzebujesz nowych produkt\u00f3w, czy ulepsze\u0144 istniej\u0105cych, jeste\u015bmy do Twojej dyspozycji na ka\u017cdym etapie procesu.<\/p>\n<ol>\n<li style=\"list-style-type: none;\">\n<ol>\n<li>Serwis produktu<\/li>\n<\/ol>\n<\/li>\n<\/ol>\n<p>Od surowc\u00f3w, przez pakowanie, po transport \u2013 skrupulatnie dbamy o ka\u017cdy etap procesu produkcyjnego, aby zapewni\u0107 najwy\u017csze standardy jako\u015bci. Nasze zaanga\u017cowanie w d\u0105\u017ceniu do doskona\u0142o\u015bci jest widoczne w ka\u017cdym dostarczanym przez nas cylindrze hydraulicznym.<\/p>\n<p>Opr\u00f3cz tych produkt\u00f3w, jeste\u015bmy dumni z zalet naszej firmy:<\/p>\n<ol>\n<li style=\"list-style-type: none;\">\n<ol>\n<li>Najwy\u017csza jako\u015b\u0107<\/li>\n<\/ol>\n<\/li>\n<\/ol>\n<p>Nasze cylindry hydrauliczne s\u0105 produkowane z najlepszych materia\u0142\u00f3w i przechodz\u0105 rygorystyczn\u0105 obr\u00f3bk\u0119 i kontrol\u0119, aby zagwarantowa\u0107 wyj\u0105tkow\u0105 jako\u015b\u0107 i niezawodno\u015b\u0107.<\/p>\n<ol>\n<li style=\"list-style-type: none;\">\n<ol>\n<li>Personalizacja<\/li>\n<\/ol>\n<\/li>\n<\/ol>\n<p>Specjalizujemy si\u0119 w dostosowywaniu cylindr\u00f3w hydraulicznych do indywidualnych wymaga\u0144. Niezale\u017cnie od tego, czy potrzebujesz niestandardowego rozmiaru, czy specjalnych funkcji, mo\u017cemy dostosowa\u0107 nasze produkty do Twoich konkretnych potrzeb.<\/p>\n<ol>\n<li style=\"list-style-type: none;\">\n<ol>\n<li>Ci\u0105g\u0142e doskonalenie<\/li>\n<\/ol>\n<\/li>\n<\/ol>\n<p>W odpowiedzi na nowe potrzeby rynku, aktywnie anga\u017cujemy si\u0119 w badania i rozw\u00f3j, aby utrzyma\u0107 si\u0119 w czo\u0142\u00f3wce innowacji. Pozwala nam to stale ulepsza\u0107 nasze produkty i oferowa\u0107 naszym klientom najnowocze\u015bniejsze rozwi\u0105zania.<\/p>\n<ol>\n<li style=\"list-style-type: none;\">\n<ol>\n<li>Wydajny proces pobierania pr\u00f3bek<\/li>\n<\/ol>\n<\/li>\n<\/ol>\n<p>Rozumiemy, jak wa\u017cne s\u0105 pr\u00f3bki w podejmowaniu \u015bwiadomych decyzji. Nasz dedykowany zesp\u00f3\u0142 mo\u017ce opracowa\u0107 pr\u00f3bki zgodnie z Pa\u0144stwa wymaganiami i stale je modyfikowa\u0107, aby spe\u0142ni\u0107 Pa\u0144stwa specyficzne potrzeby.<\/p>\n<ol>\n<li style=\"list-style-type: none;\">\n<ol>\n<li>Niezawodna obs\u0142uga klienta<\/li>\n<\/ol>\n<\/li>\n<\/ol>\n<p>W FMP dok\u0142adamy wszelkich stara\u0144, aby zapewni\u0107 wyj\u0105tkow\u0105 obs\u0142ug\u0119 klienta. Nasz zesp\u00f3\u0142 jest zawsze gotowy do pomocy, niezale\u017cnie od tego, czy chodzi o udzielenie odpowiedzi na pytania, zapewnienie wsparcia technicznego, czy zapewnienie terminowych aktualizacji zam\u00f3wie\u0144.<\/p>\n<p>Je\u015bli szukasz cylindr\u00f3w hydraulicznych najwy\u017cszej jako\u015bci i doskona\u0142ej obs\u0142ugi klienta, wybierz FMP. Skontaktuj si\u0119 z nami ju\u017c dzi\u015b, aby om\u00f3wi\u0107 swoje indywidualne wymagania i dowiedzie\u0107 si\u0119, jak mo\u017cemy sprosta\u0107 Twoim oczekiwaniom w zakresie cylindr\u00f3w hydraulicznych.<\/p>\n<p>Autor:CX<\/p>","protected":false},"excerpt":{"rendered":"<p>The 10044 Customized Double Acting Hydraulic Cylinder Welded Tee Cylinder is engineered for versatility and strength, tailored to meet specific application needs in various industries, including construction, agriculture, and manufacturing. This hydraulic cylinder is designed to deliver reliable performance with a robust welded construction, ensuring durability even under challenging conditions. Key Features: Double Acting Functionality: [&hellip;]<\/p>","protected":false},"featured_media":1133,"comment_status":"closed","ping_status":"closed","template":"","meta":{"_et_pb_use_builder":"","_et_pb_old_content":"","_et_gb_content_width":""},"product_brand":[],"product_cat":[31],"product_tag":[34,35],"class_list":{"0":"post-964","1":"product","2":"type-product","3":"status-publish","4":"has-post-thumbnail","6":"product_cat-welded-tee-type-cylinder","7":"product_tag-hydraulic-cylinder","8":"product_tag-welded-tee-type-cylinder","10":"first","11":"instock","12":"product-type-simple"},"_links":{"self":[{"href":"https:\/\/fmp-components.com\/pl\/wp-json\/wp\/v2\/product\/964","targetHints":{"allow":["GET"]}}],"collection":[{"href":"https:\/\/fmp-components.com\/pl\/wp-json\/wp\/v2\/product"}],"about":[{"href":"https:\/\/fmp-components.com\/pl\/wp-json\/wp\/v2\/types\/product"}],"replies":[{"embeddable":true,"href":"https:\/\/fmp-components.com\/pl\/wp-json\/wp\/v2\/comments?post=964"}],"wp:featuredmedia":[{"embeddable":true,"href":"https:\/\/fmp-components.com\/pl\/wp-json\/wp\/v2\/media\/1133"}],"wp:attachment":[{"href":"https:\/\/fmp-components.com\/pl\/wp-json\/wp\/v2\/media?parent=964"}],"wp:term":[{"taxonomy":"product_brand","embeddable":true,"href":"https:\/\/fmp-components.com\/pl\/wp-json\/wp\/v2\/product_brand?post=964"},{"taxonomy":"product_cat","embeddable":true,"href":"https:\/\/fmp-components.com\/pl\/wp-json\/wp\/v2\/product_cat?post=964"},{"taxonomy":"product_tag","embeddable":true,"href":"https:\/\/fmp-components.com\/pl\/wp-json\/wp\/v2\/product_tag?post=964"}],"curies":[{"name":"wp","href":"https:\/\/api.w.org\/{rel}","templated":true}]}}