{"id":963,"date":"2024-12-19T03:40:23","date_gmt":"2024-12-19T03:40:23","guid":{"rendered":"https:\/\/fmp-components.com\/product\/10043-premium-quality-double-effect-hydraulic-ram-cylinder-for-sale\/"},"modified":"2024-12-19T08:41:19","modified_gmt":"2024-12-19T08:41:19","slug":"10043-premium-quality-double-effect-hydraulic-ram-cylinder-for-sale","status":"publish","type":"product","link":"https:\/\/fmp-components.com\/pl\/product\/10043-premium-quality-double-effect-hydraulic-ram-cylinder-for-sale\/","title":{"rendered":"10043 Wysokiej jako\u015bci si\u0142ownik hydrauliczny z podw\u00f3jnym efektem na sprzeda\u017c"},"content":{"rendered":"<p>Dwustronny si\u0142ownik hydrauliczny 10043 o wysokiej jako\u015bci i podw\u00f3jnym dzia\u0142aniu zosta\u0142 zaprojektowany do zastosowa\u0144 wymagaj\u0105cych wysokiej wydajno\u015bci, zapewniaj\u0105c wyj\u0105tkow\u0105 moc i wszechstronno\u015b\u0107 w r\u00f3\u017cnych zastosowaniach przemys\u0142owych i rolniczych. Ten si\u0142ownik hydrauliczny idealnie nadaje si\u0119 do zada\u0144 wymagaj\u0105cych zar\u00f3wno wysuwania, jak i wsuwania, dzi\u0119ki czemu doskonale nadaje si\u0119 do podnoszenia, pchania i ci\u0105gni\u0119cia ci\u0119\u017ckich \u0142adunk\u00f3w.<\/p>\n<h4>G\u0142\u00f3wne cechy:<\/h4>\n<ul>\n<li><strong>Konstrukcja dwustronnego dzia\u0142ania<\/strong>:Umo\u017cliwia wydajn\u0105 prac\u0119 zar\u00f3wno w fazie wysuwania, jak i wsuwania, maksymalizuj\u0105c produktywno\u015b\u0107.<\/li>\n<li><strong>Solidna konstrukcja<\/strong>Wykonane z wysokiej jako\u015bci materia\u0142\u00f3w, odporne na intensywne u\u017cytkowanie i zu\u017cycie.<\/li>\n<li><strong>Wysoka \u0142adowno\u015b\u0107<\/strong>:Zaprojektowane tak, aby z \u0142atwo\u015bci\u0105 radzi\u0107 sobie ze znacznymi obci\u0105\u017ceniami, gwarantuj\u0105c niezawodn\u0105 prac\u0119 w wymagaj\u0105cych warunkach.<\/li>\n<li><strong>Odporno\u015b\u0107 na korozj\u0119<\/strong>:Pokryte pow\u0142okami ochronnymi zapobiegaj\u0105cymi rdzewieniu i korozji, co wyd\u0142u\u017ca ich \u017cywotno\u015b\u0107.<\/li>\n<li><strong>\u0141atwa instalacja<\/strong>:Zaprojektowane z my\u015bl\u0105 o \u0142atwym monta\u017cu i integracji z istniej\u0105cymi systemami.<\/li>\n<\/ul>\n<p><img decoding=\"async\" class=\"aligncenter\" src=\"https:\/\/hzpt.com\/wp-content\/uploads\/2023\/12\/random-4.webp\" alt=\"\" title=\"\"><\/p>\n<h4>Korzy\u015bci:<\/h4>\n<ul>\n<li><strong>Zwi\u0119kszona wydajno\u015b\u0107<\/strong>:Zwi\u0119ksza wydajno\u015b\u0107 operacyjn\u0105, zapewniaj\u0105c mocny i p\u0142ynny ruch w obu kierunkach.<\/li>\n<li><strong>Rozwi\u0105zanie ekonomiczne<\/strong>:Trwa\u0142a konstrukcja minimalizuje potrzeby konserwacyjne, gwarantuj\u0105c d\u0142ugoterminow\u0105 niezawodno\u015b\u0107.<\/li>\n<li><strong>Wszechstronne zastosowania<\/strong>:Nadaje si\u0119 do r\u00f3\u017cnorodnych zastosowa\u0144 w budownictwie, rolnictwie i produkcji.<\/li>\n<\/ul>\n<p>Dwufunkcyjny si\u0142ownik hydrauliczny 10043 o wysokiej jako\u015bci to niezawodny wyb\u00f3r dla os\u00f3b poszukuj\u0105cych wysokiej wydajno\u015bci i trwa\u0142o\u015bci w rozwi\u0105zaniach hydraulicznych. Idealny do zwi\u0119kszenia mo\u017cliwo\u015bci sprz\u0119tu, stanowi niezb\u0119dny element ka\u017cdego zestawu narz\u0119dzi.<\/p>\n<p>&nbsp;<\/p>\n<p>&nbsp;<\/p>\n<p><img decoding=\"async\" class=\"aligncenter\" src=\"https:\/\/hzpt.com\/wp-content\/uploads\/2023\/12\/random-3.webp\" alt=\"\" title=\"\"><\/p>\n<h2>Zalety cylindra spawanego typu tr\u00f3jnikowego<\/h2>\n<ul>\n<li style=\"list-style-type: none;\">\n<ul>\n<li><strong>Zwi\u0119kszona si\u0142a:<\/strong> Spawane cylindry typu tee s\u0105 znane ze swojej wysokiej wytrzyma\u0142o\u015bci, dzi\u0119ki czemu nadaj\u0105 si\u0119 do zastosowa\u0144 wymagaj\u0105cych podnoszenia ci\u0119\u017car\u00f3w. Proces spawania stosowany podczas produkcji tych cylindr\u00f3w zapewnia, \u017ce cylinder jest wolny od s\u0142abych punkt\u00f3w i mo\u017ce wytrzyma\u0107 wysokie ci\u015bnienie i napr\u0119\u017cenia.<\/li>\n<\/ul>\n<\/li>\n<\/ul>\n<p>Gdy na cylinder wywierany jest nacisk, rozprowadza si\u0119 on r\u00f3wnomiernie po ca\u0142ej powierzchni, co czyni go odpornym na odkszta\u0142cenia. Ta cecha zapewnia, \u017ce cylinder mo\u017ce zachowa\u0107 sw\u00f3j kszta\u0142t i integralno\u015b\u0107 strukturaln\u0105 nawet w ekstremalnych warunkach.<\/p>\n<ul>\n<li style=\"list-style-type: none;\">\n<ul>\n<li><strong>Zapobieganie wyciekom:<\/strong> Spawane cylindry typu tee s\u0105 zaprojektowane tak, aby zapobiega\u0107 wyciekom. Proces spawania stosowany podczas procesu produkcji zapewnia, \u017ce cylinder jest ca\u0142kowicie szczelny i wolny od wszelkich mo\u017cliwych wyciek\u00f3w. Ta cecha sprawia, \u017ce nadaj\u0105 si\u0119 do stosowania w zastosowaniach, w kt\u00f3rych wyciek m\u00f3g\u0142by spowodowa\u0107 powa\u017cne uszkodzenia lub obra\u017cenia.<\/li>\n<\/ul>\n<\/li>\n<\/ul>\n<p>Po\u0142\u0105czenia spawane s\u0105 g\u0142adkie, bez szczelin czy rowk\u00f3w, w kt\u00f3rych mog\u0142yby gromadzi\u0107 si\u0119 zanieczyszczenia lub brud, co zmniejsza ryzyko korozji i uszkodzenia cylindra.<\/p>\n<ul>\n<li style=\"list-style-type: none;\">\n<ul>\n<li><strong>Mo\u017cliwo\u015b\u0107 dostosowania:<\/strong> Spawane cylindry typu tee mo\u017cna dostosowa\u0107 do konkretnych zastosowa\u0144. Cylindry s\u0105 dost\u0119pne w r\u00f3\u017cnych rozmiarach i kszta\u0142tach i mog\u0105 by\u0107 wytwarzane tak, aby spe\u0142nia\u0142y konkretne wymagania danego zastosowania.<\/li>\n<\/ul>\n<\/li>\n<\/ul>\n<p>Proces dostosowywania pozwala na optymalizacj\u0119 wydajno\u015bci cylindra, zapewniaj\u0105c, \u017ce jest on odpowiedni do zamierzonego zastosowania. Ta cecha sprawia, \u017ce spawane cylindry typu tee s\u0105 idealne do stosowania w r\u00f3\u017cnych zastosowaniach przemys\u0142owych, w tym w budownictwie, g\u00f3rnictwie i transporcie materia\u0142\u00f3w.<\/p>\n<ul>\n<li style=\"list-style-type: none;\">\n<ul>\n<li><strong>Op\u0142acalno\u015b\u0107:<\/strong> Spawane cylindry typu tee s\u0105 op\u0142acalne w por\u00f3wnaniu do innych typ\u00f3w cylindr\u00f3w. Proces produkcji tych cylindr\u00f3w jest prosty, co czyni je ta\u0144szymi od innych typ\u00f3w cylindr\u00f3w.<\/li>\n<\/ul>\n<\/li>\n<\/ul>\n<p>Ponadto wysoka wytrzyma\u0142o\u015b\u0107 i trwa\u0142o\u015b\u0107 spawanych cylindr\u00f3w typu tee zmniejszaj\u0105 potrzeb\u0119 cz\u0119stych napraw i wymian, co pozwala zaoszcz\u0119dzi\u0107 na kosztach konserwacji. Ta cecha sprawia, \u017ce s\u0105 one popularnym wyborem dla wielu bran\u017c, szczeg\u00f3lnie tych o ograniczonym bud\u017cecie.<\/p>\n<ul>\n<li style=\"list-style-type: none;\">\n<ul>\n<li><strong>Zwi\u0119kszona wydajno\u015b\u0107:<\/strong> Spawane cylindry typu tee s\u0105 wysoce wydajne i skuteczne. Konstrukcja cylindra zapewnia, \u017ce si\u0142a przy\u0142o\u017cona jest przenoszona bezpo\u015brednio na obci\u0105\u017cenie, co zmniejsza straty energii i zwi\u0119ksza wydajno\u015b\u0107.<\/li>\n<\/ul>\n<\/li>\n<\/ul>\n<p>Spawane po\u0142\u0105czenia s\u0105 mocne i sztywne, minimalizuj\u0105c ugi\u0119cie i zapewniaj\u0105c, \u017ce cylinder zachowuje sw\u00f3j kszta\u0142t i integralno\u015b\u0107 strukturaln\u0105 nawet w ekstremalnych warunkach. Ta cecha sprawia, \u017ce spawane cylindry typu tee s\u0105 idealne do zastosowa\u0144 wymagaj\u0105cych wysokiej wydajno\u015bci i niezawodno\u015bci.<\/p>\n<h2>Zastosowanie cylindra spawanego typu tr\u00f3jnikowego<\/h2>\n<ul>\n<li>\n<h3>Maszyny i urz\u0105dzenia przemys\u0142owe<\/h3>\n<p>Spawany cylinder typu Tee jest szeroko stosowany w maszynach i urz\u0105dzeniach przemys\u0142owych, szczeg\u00f3lnie w uk\u0142adach hydraulicznych. Cylinder sk\u0142ada si\u0119 z t\u0142oka i rury cylindra, kt\u00f3re s\u0105 zespawane razem, tworz\u0105c pojedyncz\u0105 jednostk\u0119. Ta konstrukcja oferuje kilka zalet w por\u00f3wnaniu z innymi typami cylindr\u00f3w, takich jak zwi\u0119kszona trwa\u0142o\u015b\u0107, wi\u0119ksza wytrzyma\u0142o\u015b\u0107 i wi\u0119ksza precyzja.<\/p>\n<p>Jednym z najwa\u017cniejszych zastosowa\u0144 spawanego cylindra typu Tee w maszynach przemys\u0142owych jest jego zdolno\u015b\u0107 do zapewniania sta\u0142ej i dok\u0142adnej si\u0142y. Jest to niezb\u0119dne w wielu procesach produkcyjnych, w kt\u00f3rych wymagana jest precyzyjna kontrola w celu zapewnienia jako\u015bci produktu ko\u0144cowego. Spawany cylinder typu Tee mo\u017ce by\u0107 r\u00f3wnie\u017c u\u017cywany do regulacji przep\u0142ywu p\u0142yn\u00f3w w uk\u0142adach hydraulicznych, co pozwala na wi\u0119ksz\u0105 wydajno\u015b\u0107 i niezawodno\u015b\u0107 w r\u00f3\u017cnych zastosowaniach przemys\u0142owych.<\/li>\n<li>\n<h3>Sprz\u0119t rolniczy<\/h3>\n<p>Spawany cylinder typu Tee jest r\u00f3wnie\u017c powszechnie stosowany w sprz\u0119cie rolniczym, takim jak traktory i kombajny. Maszyny te wymagaj\u0105 mocnych i niezawodnych uk\u0142ad\u00f3w hydraulicznych, aby dzia\u0142a\u0107 skutecznie, a spawany cylinder typu Tee jest idealnym wyborem do tego celu.<\/p>\n<p>Solidna konstrukcja i wysoka wytrzyma\u0142o\u015b\u0107 cylindra sprawiaj\u0105, \u017ce jest on wysoce odporny na zu\u017cycie i rozdarcie, nawet w trudnych warunkach pracy. Dzi\u0119ki temu jest idealnym wyborem do stosowania w sprz\u0119cie rolniczym, gdzie trwa\u0142o\u015b\u0107 jest kluczowym czynnikiem. Spawany cylinder typu tr\u00f3jnikowego mo\u017ce by\u0107 r\u00f3wnie\u017c u\u017cywany do zapewnienia precyzyjnej kontroli wymaganej w wielu procesach rolniczych, takich jak sadzenie, zbiory i nawadnianie.<\/li>\n<li>\n<h3>Sprz\u0119t budowlany<\/h3>\n<p>Spawany cylinder typu Tee jest r\u00f3wnie\u017c szeroko stosowany w sprz\u0119cie budowlanym, takim jak koparki, koparki i spychacze. Maszyny te wymagaj\u0105 mocnych i niezawodnych uk\u0142ad\u00f3w hydraulicznych do wykonywania ci\u0119\u017ckich zada\u0144, takich jak kopanie, podnoszenie i pchanie ci\u0119\u017ckich \u0142adunk\u00f3w.<\/p>\n<p>Wysoka wytrzyma\u0142o\u015b\u0107 i trwa\u0142o\u015b\u0107 spawanego cylindra typu Tee sprawiaj\u0105, \u017ce jest on idealnym wyborem do stosowania w sprz\u0119cie budowlanym. Jego zdolno\u015b\u0107 do zapewnienia precyzyjnej kontroli i sta\u0142ej si\u0142y jest niezb\u0119dna w wielu procesach budowlanych, takich jak wykopy, profilowanie i uk\u0142adanie nawierzchni. Spawany cylinder typu Tee mo\u017ce by\u0107 r\u00f3wnie\u017c stosowany do regulacji przep\u0142ywu p\u0142yn\u00f3w w uk\u0142adach hydraulicznych, co poprawia wydajno\u015b\u0107 i niezawodno\u015b\u0107 sprz\u0119tu budowlanego w r\u00f3\u017cnych zastosowaniach.<\/li>\n<\/ul>\n<h3>O FMP<\/h3>\n<p>Firma FMP, z ponad 30-letnim do\u015bwiadczeniem we W\u0142oszech, jest wiod\u0105cym producentem i dostawc\u0105 cylindr\u00f3w hydraulicznych. Specjalizujemy si\u0119 w produkcji i dostosowywaniu r\u00f3\u017cnych typ\u00f3w cylindr\u00f3w hydraulicznych do specyficznych potrzeb naszych klient\u00f3w. Dzi\u0119ki silnemu naciskowi na jako\u015b\u0107 i zadowolenie klienta, zyskali\u015bmy reputacj\u0119 dostawcy niezawodnych i wydajnych produkt\u00f3w.<\/p>\n<p><img decoding=\"async\" src=\"https:\/\/fmp-components.com\/wp-content\/uploads\/2024\/12\/fmp-factory-4.webp\" alt=\"Fabryka FMP\" width=\"800\" title=\"\"><\/p>\n<p>Oto pi\u0119\u0107 g\u0142\u00f3wnych zalet wyboru FMP w zakresie cylindr\u00f3w hydraulicznych:<\/p>\n<ol>\n<li>Bogaty sprz\u0119t: Dysponuj\u0105c ponad 100 najnowocze\u015bniejszymi urz\u0105dzeniami, w tym automatycznymi spawarkami w os\u0142onie gaz\u00f3w ochronnych, maszynami do g\u0142\u0119bokiego wiercenia, tokarkami CNC, szlifierkami cylindrycznymi, automatycznymi maszynami czyszcz\u0105cymi, automatycznymi maszynami instalacyjnymi, automatycznymi stanowiskami do testowania wydajno\u015bci cylindr\u00f3w hydraulicznych oraz automatycznymi liniami malarskimi, zapewniamy wydajne i precyzyjne procesy produkcyjne.<\/li>\n<li>\u015acis\u0142a kontrola jako\u015bci: Ka\u017cdy cylinder hydrauliczny przechodzi rygorystyczn\u0105 obr\u00f3bk\u0119 i kontrol\u0119, aby zagwarantowa\u0107 wyj\u0105tkow\u0105 jako\u015b\u0107. Przestrzegamy surowych standard\u00f3w jako\u015bci, aby dostarcza\u0107 naszym klientom niezawodne i trwa\u0142e produkty.<\/li>\n<li>Us\u0142ugi projektowe: Nasz do\u015bwiadczony zesp\u00f3\u0142 projektowy jest w stanie zaj\u0105\u0107 si\u0119 projektowaniem i rozwojem produkt\u00f3w. Niezale\u017cnie od tego, czy masz specyficzne wymagania dotycz\u0105ce nowych produkt\u00f3w, czy szukasz ulepsze\u0144 istniej\u0105cych, jeste\u015bmy gotowi wesprze\u0107 Ci\u0119 innowacyjnymi rozwi\u0105zaniami.<\/li>\n<li>Kompleksowa obs\u0142uga produktu: Od wyboru surowc\u00f3w, przez ci\u0119cie, obr\u00f3bk\u0119 wst\u0119pn\u0105, testowanie, czyszczenie, monta\u017c, pakowanie i transport, dysponujemy usprawnionym procesem, kt\u00f3ry gwarantuje sprawn\u0105 produkcj\u0119 i dostaw\u0119.<\/li>\n<li>Badania i rozw\u00f3j: \u015aledzimy trendy rynkowe i stale analizujemy zmieniaj\u0105ce si\u0119 potrzeby bran\u017cy. Pozwala nam to opracowywa\u0107 nowe modele i technologie, aby sprosta\u0107 wymaganiom rynku.<\/li>\n<\/ol>\n<p>W FMP jeste\u015bmy dumni z dostarczania najwy\u017cszej jako\u015bci cylindr\u00f3w hydraulicznych i zapewniania doskona\u0142ej obs\u0142ugi klienta. Niezale\u017cnie od tego, czy potrzebujesz produkt\u00f3w standardowych, czy rozwi\u0105za\u0144 niestandardowych, dok\u0142adamy wszelkich stara\u0144, aby spe\u0142ni\u0107 Twoje potrzeby w zakresie cylindr\u00f3w hydraulicznych, zapewniaj\u0105c precyzj\u0119 i niezawodno\u015b\u0107.<\/p>\n<p>Autor:CX<\/p>","protected":false},"excerpt":{"rendered":"<p>The 10043 Premium Quality Double Effect Hydraulic Ram Cylinder is designed for high-performance applications, providing exceptional power and versatility in various industrial and agricultural settings. This hydraulic ram cylinder is ideal for tasks that require both extension and retraction, making it perfect for lifting, pushing, and pulling heavy loads. Key Features: Double-Acting Design: Allows for [&hellip;]<\/p>","protected":false},"featured_media":1132,"comment_status":"closed","ping_status":"closed","template":"","meta":{"_et_pb_use_builder":"","_et_pb_old_content":"","_et_gb_content_width":""},"product_brand":[],"product_cat":[31],"product_tag":[34,35],"class_list":{"0":"post-963","1":"product","2":"type-product","3":"status-publish","4":"has-post-thumbnail","6":"product_cat-welded-tee-type-cylinder","7":"product_tag-hydraulic-cylinder","8":"product_tag-welded-tee-type-cylinder","10":"first","11":"instock","12":"product-type-simple"},"_links":{"self":[{"href":"https:\/\/fmp-components.com\/pl\/wp-json\/wp\/v2\/product\/963","targetHints":{"allow":["GET"]}}],"collection":[{"href":"https:\/\/fmp-components.com\/pl\/wp-json\/wp\/v2\/product"}],"about":[{"href":"https:\/\/fmp-components.com\/pl\/wp-json\/wp\/v2\/types\/product"}],"replies":[{"embeddable":true,"href":"https:\/\/fmp-components.com\/pl\/wp-json\/wp\/v2\/comments?post=963"}],"wp:featuredmedia":[{"embeddable":true,"href":"https:\/\/fmp-components.com\/pl\/wp-json\/wp\/v2\/media\/1132"}],"wp:attachment":[{"href":"https:\/\/fmp-components.com\/pl\/wp-json\/wp\/v2\/media?parent=963"}],"wp:term":[{"taxonomy":"product_brand","embeddable":true,"href":"https:\/\/fmp-components.com\/pl\/wp-json\/wp\/v2\/product_brand?post=963"},{"taxonomy":"product_cat","embeddable":true,"href":"https:\/\/fmp-components.com\/pl\/wp-json\/wp\/v2\/product_cat?post=963"},{"taxonomy":"product_tag","embeddable":true,"href":"https:\/\/fmp-components.com\/pl\/wp-json\/wp\/v2\/product_tag?post=963"}],"curies":[{"name":"wp","href":"https:\/\/api.w.org\/{rel}","templated":true}]}}