{"id":961,"date":"2024-12-19T03:40:23","date_gmt":"2024-12-19T03:40:23","guid":{"rendered":"https:\/\/fmp-components.com\/product\/10041-chinese-factory-custom-hydraulic-cylinder-double-acting\/"},"modified":"2025-03-18T02:31:33","modified_gmt":"2025-03-18T02:31:33","slug":"10041-italian-factory-custom-hydraulic-cylinder-double-acting","status":"publish","type":"product","link":"https:\/\/fmp-components.com\/pl\/product\/10041-italian-factory-custom-hydraulic-cylinder-double-acting\/","title":{"rendered":"10041 W\u0142oski niestandardowy si\u0142ownik hydrauliczny dwustronnego dzia\u0142ania z fabryki"},"content":{"rendered":"<p>W\u0142oski, fabrycznie niestandardowy si\u0142ownik hydrauliczny dwustronnego dzia\u0142ania 10041 zosta\u0142 zaprojektowany z my\u015bl\u0105 o spe\u0142nieniu zr\u00f3\u017cnicowanych potrzeb przemys\u0142owych, zapewniaj\u0105c precyzj\u0119 i niezawodno\u015b\u0107. Ten wysokiej jako\u015bci si\u0142ownik hydrauliczny zosta\u0142 zaprojektowany z my\u015bl\u0105 o optymalnej wydajno\u015bci w r\u00f3\u017cnych zastosowaniach, w tym w budownictwie, rolnictwie i produkcji.<\/p>\n<h4>G\u0142\u00f3wne cechy:<\/h4>\n<ul>\n<li><strong>Mechanizm dwustronnego dzia\u0142ania<\/strong>: Umo\u017cliwia wydajn\u0105 prac\u0119 uk\u0142adu hydraulicznego zar\u00f3wno przy wysuwaniu, jak i wsuwaniu, zwi\u0119kszaj\u0105c wydajno\u015b\u0107 wykonywania r\u00f3\u017cnych zada\u0144.<\/li>\n<li><strong>Produkcja niestandardowa<\/strong>:Dost\u0119pne w dostosowywanych rozmiarach i specyfikacjach, aby spe\u0142ni\u0107 okre\u015blone wymagania aplikacji i wymagania operacyjne.<\/li>\n<li><strong>Solidna konstrukcja<\/strong>Wykonane z materia\u0142\u00f3w najwy\u017cszej jako\u015bci, gwarantuj\u0105cych trwa\u0142o\u015b\u0107 i odporno\u015b\u0107 na du\u017ce obci\u0105\u017cenia i trudne warunki otoczenia.<\/li>\n<li><strong>Pow\u0142oka odporna na korozj\u0119<\/strong>:Zabezpieczone pow\u0142ok\u0105 ochronn\u0105 zapobiegaj\u0105c\u0105 rdzewieniu i wyd\u0142u\u017caj\u0105c\u0105 \u017cywotno\u015b\u0107 cylindra.<\/li>\n<li><strong>\u0141atwa instalacja<\/strong>:Zaprojektowane z my\u015bl\u0105 o prostej integracji z istniej\u0105cymi systemami, umo\u017cliwiaj\u0105ce szybk\u0105 konfiguracj\u0119 i obs\u0142ug\u0119.<\/li>\n<\/ul>\n<p><img decoding=\"async\" class=\"aligncenter\" src=\"https:\/\/hzpt.com\/wp-content\/uploads\/2023\/12\/random-5.webp\" alt=\"\" title=\"\"><\/p>\n<h4>Korzy\u015bci:<\/h4>\n<ul>\n<li><strong>Zwi\u0119kszona wydajno\u015b\u0107<\/strong>:Poprawia wydajno\u015b\u0107 w r\u00f3\u017cnych zastosowaniach, zapewniaj\u0105c mocne i p\u0142ynne dzia\u0142anie hydrauliczne.<\/li>\n<li><strong>Wszechstronne zastosowanie<\/strong>:Idealny dla szerokiej gamy bran\u017c, dzi\u0119ki czemu jest wszechstronnym wyborem w uk\u0142adach hydraulicznych.<\/li>\n<li><strong>Op\u0142acalne<\/strong>:Trwa\u0142a konstrukcja ogranicza potrzeby konserwacyjne i zwi\u0119ksza og\u00f3ln\u0105 warto\u015b\u0107.<\/li>\n<\/ul>\n<p>W\u0142oski, fabrycznie niestandardowy si\u0142ownik hydrauliczny dwustronnego dzia\u0142ania 10041 to niezawodne rozwi\u0105zanie dla klient\u00f3w poszukuj\u0105cych wysokowydajnego si\u0142ownika hydraulicznego dopasowanego do ich indywidualnych potrzeb. Dzi\u0119ki solidnej konstrukcji i mo\u017cliwo\u015bci personalizacji doskonale nadaje si\u0119 do wymagaj\u0105cych \u015brodowisk i r\u00f3\u017cnorodnych wymaga\u0144 operacyjnych.<img decoding=\"async\" src=\"https:\/\/hzpt.com\/wp-content\/uploads\/2023\/12\/random-2.webp\" alt=\"\" title=\"\"><\/p>\n<dl>\n<dt>Pytanie 4?<\/dt>\n<dd>Odpowied\u017a 4<\/dd>\n<dt>Pytanie 5?<\/dt>\n<dd>Odpowied\u017a 5<\/dd>\n<\/dl>\n<h2>Zalety cylindra spawanego typu tr\u00f3jnikowego<\/h2>\n<ul>\n<li style=\"list-style-type: none;\">\n<ul>\n<li><strong>Zwi\u0119kszona si\u0142a:<\/strong> Spawane cylindry typu tee s\u0105 znane ze swojej wysokiej wytrzyma\u0142o\u015bci, dzi\u0119ki czemu nadaj\u0105 si\u0119 do zastosowa\u0144 wymagaj\u0105cych podnoszenia ci\u0119\u017car\u00f3w. Proces spawania stosowany podczas produkcji tych cylindr\u00f3w zapewnia, \u017ce cylinder jest wolny od s\u0142abych punkt\u00f3w i mo\u017ce wytrzyma\u0107 wysokie ci\u015bnienie i napr\u0119\u017cenia.<\/li>\n<\/ul>\n<\/li>\n<\/ul>\n<p>Gdy na cylinder wywierany jest nacisk, rozprowadza si\u0119 on r\u00f3wnomiernie po ca\u0142ej powierzchni, co czyni go odpornym na odkszta\u0142cenia. Ta cecha zapewnia, \u017ce cylinder mo\u017ce zachowa\u0107 sw\u00f3j kszta\u0142t i integralno\u015b\u0107 strukturaln\u0105 nawet w ekstremalnych warunkach.<\/p>\n<ul>\n<li style=\"list-style-type: none;\">\n<ul>\n<li><strong>Zapobieganie wyciekom:<\/strong> Spawane cylindry typu tee s\u0105 zaprojektowane tak, aby zapobiega\u0107 wyciekom. Proces spawania stosowany podczas procesu produkcji zapewnia, \u017ce cylinder jest ca\u0142kowicie szczelny i wolny od wszelkich mo\u017cliwych wyciek\u00f3w. Ta cecha sprawia, \u017ce nadaj\u0105 si\u0119 do stosowania w zastosowaniach, w kt\u00f3rych wyciek m\u00f3g\u0142by spowodowa\u0107 powa\u017cne uszkodzenia lub obra\u017cenia.<\/li>\n<\/ul>\n<\/li>\n<\/ul>\n<p>Po\u0142\u0105czenia spawane s\u0105 g\u0142adkie, bez szczelin czy rowk\u00f3w, w kt\u00f3rych mog\u0142yby gromadzi\u0107 si\u0119 zanieczyszczenia lub brud, co zmniejsza ryzyko korozji i uszkodzenia cylindra.<\/p>\n<ul>\n<li style=\"list-style-type: none;\">\n<ul>\n<li><strong>Mo\u017cliwo\u015b\u0107 dostosowania:<\/strong> Spawane cylindry typu tee mo\u017cna dostosowa\u0107 do konkretnych zastosowa\u0144. Cylindry s\u0105 dost\u0119pne w r\u00f3\u017cnych rozmiarach i kszta\u0142tach i mog\u0105 by\u0107 wytwarzane tak, aby spe\u0142nia\u0142y konkretne wymagania danego zastosowania.<\/li>\n<\/ul>\n<\/li>\n<\/ul>\n<p>Proces dostosowywania pozwala na optymalizacj\u0119 wydajno\u015bci cylindra, zapewniaj\u0105c, \u017ce jest on odpowiedni do zamierzonego zastosowania. Ta cecha sprawia, \u017ce spawane cylindry typu tee s\u0105 idealne do stosowania w r\u00f3\u017cnych zastosowaniach przemys\u0142owych, w tym w budownictwie, g\u00f3rnictwie i transporcie materia\u0142\u00f3w.<\/p>\n<ul>\n<li style=\"list-style-type: none;\">\n<ul>\n<li><strong>Op\u0142acalno\u015b\u0107:<\/strong> Spawane cylindry typu tee s\u0105 op\u0142acalne w por\u00f3wnaniu do innych typ\u00f3w cylindr\u00f3w. Proces produkcji tych cylindr\u00f3w jest prosty, co czyni je ta\u0144szymi od innych typ\u00f3w cylindr\u00f3w.<\/li>\n<\/ul>\n<\/li>\n<\/ul>\n<p>Ponadto wysoka wytrzyma\u0142o\u015b\u0107 i trwa\u0142o\u015b\u0107 spawanych cylindr\u00f3w typu tee zmniejszaj\u0105 potrzeb\u0119 cz\u0119stych napraw i wymian, co pozwala zaoszcz\u0119dzi\u0107 na kosztach konserwacji. Ta cecha sprawia, \u017ce s\u0105 one popularnym wyborem dla wielu bran\u017c, szczeg\u00f3lnie tych o ograniczonym bud\u017cecie.<\/p>\n<ul>\n<li style=\"list-style-type: none;\">\n<ul>\n<li><strong>Zwi\u0119kszona wydajno\u015b\u0107:<\/strong> Spawane cylindry typu tee s\u0105 wysoce wydajne i skuteczne. Konstrukcja cylindra zapewnia, \u017ce si\u0142a przy\u0142o\u017cona jest przenoszona bezpo\u015brednio na obci\u0105\u017cenie, co zmniejsza straty energii i zwi\u0119ksza wydajno\u015b\u0107.<\/li>\n<\/ul>\n<\/li>\n<\/ul>\n<p>Spawane po\u0142\u0105czenia s\u0105 mocne i sztywne, minimalizuj\u0105c ugi\u0119cie i zapewniaj\u0105c, \u017ce cylinder zachowuje sw\u00f3j kszta\u0142t i integralno\u015b\u0107 strukturaln\u0105 nawet w ekstremalnych warunkach. Ta cecha sprawia, \u017ce spawane cylindry typu tee s\u0105 idealne do zastosowa\u0144 wymagaj\u0105cych wysokiej wydajno\u015bci i niezawodno\u015bci.<\/p>\n<h2>Zastosowanie cylindra spawanego typu tr\u00f3jnikowego<\/h2>\n<ul>\n<li>\n<h3>Maszyny i urz\u0105dzenia przemys\u0142owe<\/h3>\n<p>Spawany cylinder typu Tee jest szeroko stosowany w maszynach i urz\u0105dzeniach przemys\u0142owych, szczeg\u00f3lnie w uk\u0142adach hydraulicznych. Cylinder sk\u0142ada si\u0119 z t\u0142oka i rury cylindra, kt\u00f3re s\u0105 zespawane razem, tworz\u0105c pojedyncz\u0105 jednostk\u0119. Ta konstrukcja oferuje kilka zalet w por\u00f3wnaniu z innymi typami cylindr\u00f3w, takich jak zwi\u0119kszona trwa\u0142o\u015b\u0107, wi\u0119ksza wytrzyma\u0142o\u015b\u0107 i wi\u0119ksza precyzja.<\/p>\n<p>Jednym z najwa\u017cniejszych zastosowa\u0144 spawanego cylindra typu Tee w maszynach przemys\u0142owych jest jego zdolno\u015b\u0107 do zapewniania sta\u0142ej i dok\u0142adnej si\u0142y. Jest to niezb\u0119dne w wielu procesach produkcyjnych, w kt\u00f3rych wymagana jest precyzyjna kontrola w celu zapewnienia jako\u015bci produktu ko\u0144cowego. Spawany cylinder typu Tee mo\u017ce by\u0107 r\u00f3wnie\u017c u\u017cywany do regulacji przep\u0142ywu p\u0142yn\u00f3w w uk\u0142adach hydraulicznych, co pozwala na wi\u0119ksz\u0105 wydajno\u015b\u0107 i niezawodno\u015b\u0107 w r\u00f3\u017cnych zastosowaniach przemys\u0142owych.<\/li>\n<li>\n<h3>Sprz\u0119t rolniczy<\/h3>\n<p>Spawany cylinder typu Tee jest r\u00f3wnie\u017c powszechnie stosowany w sprz\u0119cie rolniczym, takim jak traktory i kombajny. Maszyny te wymagaj\u0105 mocnych i niezawodnych uk\u0142ad\u00f3w hydraulicznych, aby dzia\u0142a\u0107 skutecznie, a spawany cylinder typu Tee jest idealnym wyborem do tego celu.<\/p>\n<p>Solidna konstrukcja i wysoka wytrzyma\u0142o\u015b\u0107 cylindra sprawiaj\u0105, \u017ce jest on wysoce odporny na zu\u017cycie i rozdarcie, nawet w trudnych warunkach pracy. Dzi\u0119ki temu jest idealnym wyborem do stosowania w sprz\u0119cie rolniczym, gdzie trwa\u0142o\u015b\u0107 jest kluczowym czynnikiem. Spawany cylinder typu tr\u00f3jnikowego mo\u017ce by\u0107 r\u00f3wnie\u017c u\u017cywany do zapewnienia precyzyjnej kontroli wymaganej w wielu procesach rolniczych, takich jak sadzenie, zbiory i nawadnianie.<\/li>\n<li>\n<h3>Sprz\u0119t budowlany<\/h3>\n<p>Spawany cylinder typu Tee jest r\u00f3wnie\u017c szeroko stosowany w sprz\u0119cie budowlanym, takim jak koparki, koparki i spychacze. Maszyny te wymagaj\u0105 mocnych i niezawodnych uk\u0142ad\u00f3w hydraulicznych do wykonywania ci\u0119\u017ckich zada\u0144, takich jak kopanie, podnoszenie i pchanie ci\u0119\u017ckich \u0142adunk\u00f3w.<\/p>\n<p>Wysoka wytrzyma\u0142o\u015b\u0107 i trwa\u0142o\u015b\u0107 spawanego cylindra typu Tee sprawiaj\u0105, \u017ce jest on idealnym wyborem do stosowania w sprz\u0119cie budowlanym. Jego zdolno\u015b\u0107 do zapewnienia precyzyjnej kontroli i sta\u0142ej si\u0142y jest niezb\u0119dna w wielu procesach budowlanych, takich jak wykopy, profilowanie i uk\u0142adanie nawierzchni. Spawany cylinder typu Tee mo\u017ce by\u0107 r\u00f3wnie\u017c stosowany do regulacji przep\u0142ywu p\u0142yn\u00f3w w uk\u0142adach hydraulicznych, co poprawia wydajno\u015b\u0107 i niezawodno\u015b\u0107 sprz\u0119tu budowlanego w r\u00f3\u017cnych zastosowaniach.<\/li>\n<\/ul>\n<h3>O FMP<\/h3>\n<p>Firma FMP, z ponad 30-letnim do\u015bwiadczeniem, jest wiod\u0105cym producentem i dostawc\u0105 si\u0142ownik\u00f3w hydraulicznych. Nasz obszar przemys\u0142owy znajduje si\u0119 we W\u0142oszech i obejmuje ponad 100 urz\u0105dze\u0144, w tym automatyczne spawarki w os\u0142onie gaz\u00f3w ochronnych, maszyny do g\u0142\u0119bokiego wiercenia, tokarki CNC, szlifierki do wa\u0142k\u00f3w, automatyczne maszyny czyszcz\u0105ce, automatyczne maszyny monta\u017cowe, automatyczne stanowiska do testowania wydajno\u015bci si\u0142ownik\u00f3w hydraulicznych oraz automatyczne linie lakiernicze.<\/p>\n<p><img decoding=\"async\" class=\"aligncenter\" src=\"https:\/\/fmp-components.com\/wp-content\/uploads\/2024\/12\/fmp-factory-4.webp\" alt=\"Fabryka FMP\" width=\"800\" title=\"\"><\/p>\n<p>Jeste\u015bmy dumni z naszej skrupulatnej obr\u00f3bki i kontroli ka\u017cdego cylindra hydraulicznego, aby zapewni\u0107 naszym klientom najwy\u017csz\u0105 jako\u015b\u0107. Nasza oferta obejmuje:<\/p>\n<ol>\n<li><strong>Si\u0142ownik hydrauliczny:<\/strong> Nasze cylindry hydrauliczne s\u0105 projektowane i produkowane tak, aby spe\u0142nia\u0107 r\u00f3\u017cnorodne wymagania. Cechuje je niezawodno\u015b\u0107 i trwa\u0142o\u015b\u0107.<\/li>\n<li><strong>Kolczyk w cylindrze:<\/strong> Nasze cylindry do kolczyk\u00f3w zosta\u0142y zaprojektowane specjalnie z my\u015bl\u0105 o wydajnym i bezpiecznym mocowaniu do r\u00f3\u017cnych zastosowa\u0144. Oferuj\u0105 doskona\u0142\u0105 wydajno\u015b\u0107 i \u0142atwo\u015b\u0107 monta\u017cu.<\/li>\n<li><strong>Dwukierunkowy automatyczny teleskopowy si\u0142ownik hydrauliczny:<\/strong> Nasze dwukierunkowe automatyczne teleskopowe si\u0142owniki hydrauliczne s\u0105 wszechstronne i zapewniaj\u0105 p\u0142ynn\u0105 i precyzyjn\u0105 prac\u0119. Idealnie nadaj\u0105 si\u0119 do zastosowa\u0144 wymagaj\u0105cych ruch\u00f3w wyd\u0142u\u017conych i chowanych.<\/li>\n<li><strong>Us\u0142uga projektowa:<\/strong> Nasz do\u015bwiadczony zesp\u00f3\u0142 projektant\u00f3w jest gotowy udzieli\u0107 Pa\u0144stwu wsparcia w opracowywaniu nowych produkt\u00f3w lub udoskonalaniu istniej\u0105cych, tak aby spe\u0142nia\u0142y Pa\u0144stwa szczeg\u00f3lne wymagania.<\/li>\n<li><strong>Us\u0142uga produktu:<\/strong> Od surowc\u00f3w po transport, nasz usprawniony proces gwarantuje jako\u015b\u0107 na ka\u017cdym etapie \u2013 ci\u0119cia, obr\u00f3bki wst\u0119pnej, testowania, czyszczenia, monta\u017cu, pakowania i dostawy.<\/li>\n<\/ol>\n<p>Ponadto oferujemy us\u0142ugi projektowania pr\u00f3bek, aby tworzy\u0107 prototypy zgodne z Pa\u0144stwa potrzebami. Stale modyfikujemy pr\u00f3bki, aby zapewni\u0107 ich dok\u0142adne spe\u0142nienie Pa\u0144stwa specyfikacji.<\/p>\n<p>Aby sprosta\u0107 wymaganiom rynku, nasz zaanga\u017cowany zesp\u00f3\u0142 badawczo-rozwojowy analizuje nowe trendy i projektuje nowe modele, aby sprosta\u0107 zmieniaj\u0105cym si\u0119 potrzebom naszych klient\u00f3w.<\/p>\n<p>Wybierz FMP, je\u015bli potrzebujesz si\u0142ownik\u00f3w hydraulicznych. Zale\u017cy nam na dostarczaniu wyj\u0105tkowych produkt\u00f3w i doskona\u0142ej obs\u0142udze klienta. Skontaktuj si\u0119 z nami ju\u017c dzi\u015b, aby om\u00f3wi\u0107 swoje potrzeby i przekona\u0107 si\u0119 o zaletach FMP.<\/p>\n<p>Autor:CX<\/p>","protected":false},"excerpt":{"rendered":"<p>The 10041 Italian Factory Custom Hydraulic Cylinder Double Acting is designed to meet diverse industrial needs with precision and reliability. This high-quality hydraulic cylinder is engineered for optimal performance in a variety of applications, including construction, agriculture, and manufacturing. Key Features: Double Acting Mechanism: Enables efficient hydraulic operation in both extension and retraction, enhancing productivity [&hellip;]<\/p>","protected":false},"featured_media":1133,"comment_status":"closed","ping_status":"closed","template":"","meta":{"_et_pb_use_builder":"","_et_pb_old_content":"","_et_gb_content_width":""},"product_brand":[],"product_cat":[31],"product_tag":[34,35],"class_list":{"0":"post-961","1":"product","2":"type-product","3":"status-publish","4":"has-post-thumbnail","6":"product_cat-welded-tee-type-cylinder","7":"product_tag-hydraulic-cylinder","8":"product_tag-welded-tee-type-cylinder","10":"first","11":"instock","12":"product-type-simple"},"_links":{"self":[{"href":"https:\/\/fmp-components.com\/pl\/wp-json\/wp\/v2\/product\/961","targetHints":{"allow":["GET"]}}],"collection":[{"href":"https:\/\/fmp-components.com\/pl\/wp-json\/wp\/v2\/product"}],"about":[{"href":"https:\/\/fmp-components.com\/pl\/wp-json\/wp\/v2\/types\/product"}],"replies":[{"embeddable":true,"href":"https:\/\/fmp-components.com\/pl\/wp-json\/wp\/v2\/comments?post=961"}],"wp:featuredmedia":[{"embeddable":true,"href":"https:\/\/fmp-components.com\/pl\/wp-json\/wp\/v2\/media\/1133"}],"wp:attachment":[{"href":"https:\/\/fmp-components.com\/pl\/wp-json\/wp\/v2\/media?parent=961"}],"wp:term":[{"taxonomy":"product_brand","embeddable":true,"href":"https:\/\/fmp-components.com\/pl\/wp-json\/wp\/v2\/product_brand?post=961"},{"taxonomy":"product_cat","embeddable":true,"href":"https:\/\/fmp-components.com\/pl\/wp-json\/wp\/v2\/product_cat?post=961"},{"taxonomy":"product_tag","embeddable":true,"href":"https:\/\/fmp-components.com\/pl\/wp-json\/wp\/v2\/product_tag?post=961"}],"curies":[{"name":"wp","href":"https:\/\/api.w.org\/{rel}","templated":true}]}}