{"id":960,"date":"2024-12-19T03:40:23","date_gmt":"2024-12-19T03:40:23","guid":{"rendered":"https:\/\/fmp-components.com\/product\/10040-professional-small-piston-hydraulic-cylinders-for-agriculture\/"},"modified":"2024-12-19T08:39:23","modified_gmt":"2024-12-19T08:39:23","slug":"10040-professional-small-piston-hydraulic-cylinders-for-agriculture","status":"publish","type":"product","link":"https:\/\/fmp-components.com\/pl\/product\/10040-professional-small-piston-hydraulic-cylinders-for-agriculture\/","title":{"rendered":"10040 Profesjonalne ma\u0142e si\u0142owniki hydrauliczne t\u0142okowe do rolnictwa"},"content":{"rendered":"<p>Profesjonalne si\u0142owniki hydrauliczne z ma\u0142ym t\u0142okiem 10040 zosta\u0142y zaprojektowane do zastosowa\u0144 rolniczych, oferuj\u0105c niezawodn\u0105 wydajno\u015b\u0107 i trwa\u0142o\u015b\u0107. Te si\u0142owniki hydrauliczne zosta\u0142y zaprojektowane do wydajnego podnoszenia, pchania i ci\u0105gni\u0119cia ci\u0119\u017ckich \u0142adunk\u00f3w, dzi\u0119ki czemu idealnie nadaj\u0105 si\u0119 do r\u00f3\u017cnego sprz\u0119tu rolniczego, w tym ci\u0105gnik\u00f3w, kombajn\u00f3w i innych maszyn.<\/p>\n<h4>G\u0142\u00f3wne cechy:<\/h4>\n<ul>\n<li><strong>Kompaktowa konstrukcja<\/strong>:Niewielkie rozmiary t\u0142oka pozwalaj\u0105 na \u0142atw\u0105 integracj\u0119 w ciasnych przestrzeniach, przy jednoczesnym zachowaniu solidnych mo\u017cliwo\u015bci podnoszenia.<\/li>\n<li><strong>Wysoka wydajno\u015b\u0107<\/strong>:Zaprojektowano w celu optymalizacji przep\u0142ywu p\u0142ynu hydraulicznego, co zapewnia p\u0142ynn\u0105 i wydajn\u0105 prac\u0119.<\/li>\n<li><strong>Trwa\u0142a konstrukcja<\/strong>Wykonane z wysokiej jako\u015bci materia\u0142\u00f3w odpornych na zu\u017cycie i uszkodzenia, co gwarantuje trwa\u0142o\u015b\u0107 nawet w wymagaj\u0105cych warunkach.<\/li>\n<li><strong>Wszechstronne zastosowania<\/strong>:Nadaje si\u0119 do szerokiego zakresu zada\u0144 rolniczych, od podnoszenia narz\u0119dzi po zasilanie uk\u0142ad\u00f3w hydraulicznych.<\/li>\n<li><strong>\u0141atwa instalacja<\/strong>:\u0141atwa w obs\u0142udze konstrukcja i proste opcje monta\u017cu umo\u017cliwiaj\u0105 bezproblemow\u0105 konfiguracj\u0119.<\/li>\n<\/ul>\n<p><img decoding=\"async\" src=\"https:\/\/hzpt.com\/wp-content\/uploads\/2023\/12\/random-1.webp?v=1694163707\" alt=\"\" title=\"\"><\/p>\n<h4>Korzy\u015bci:<\/h4>\n<ul>\n<li><strong>Zwi\u0119kszona produktywno\u015b\u0107<\/strong>:Zwi\u0119kszenie efektywno\u015bci operacyjnej zada\u0144 rolniczych.<\/li>\n<li><strong>Op\u0142acalne<\/strong>:Zmniejsza potrzeb\u0119 rozleg\u0142ych prac konserwacyjnych dzi\u0119ki trwa\u0142ej konstrukcji.<\/li>\n<li><strong>Funkcje bezpiecze\u0144stwa<\/strong>:Zawiera mechanizmy bezpiecze\u0144stwa zapobiegaj\u0105ce przeci\u0105\u017ceniu i gwarantuj\u0105ce bezpieczn\u0105 prac\u0119.<\/li>\n<\/ul>\n<p>Te si\u0142owniki hydrauliczne stanowi\u0105 niezb\u0119dny element nowoczesnych praktyk rolniczych, zapewniaj\u0105c wydajno\u015b\u0107 i niezawodno\u015b\u0107 niezb\u0119dn\u0105 do udanych prac rolniczych.<\/p>\n<h2>Zalety cylindra spawanego typu tr\u00f3jnikowego<\/h2>\n<ul>\n<li style=\"list-style-type: none;\">\n<ul>\n<li><strong>Zwi\u0119kszona si\u0142a:<\/strong> Spawane cylindry typu tee s\u0105 znane ze swojej wysokiej wytrzyma\u0142o\u015bci, dzi\u0119ki czemu nadaj\u0105 si\u0119 do zastosowa\u0144 wymagaj\u0105cych podnoszenia ci\u0119\u017car\u00f3w. Proces spawania stosowany podczas produkcji tych cylindr\u00f3w zapewnia, \u017ce cylinder jest wolny od s\u0142abych punkt\u00f3w i mo\u017ce wytrzyma\u0107 wysokie ci\u015bnienie i napr\u0119\u017cenia.<\/li>\n<\/ul>\n<\/li>\n<\/ul>\n<p>Gdy na cylinder wywierany jest nacisk, rozprowadza si\u0119 on r\u00f3wnomiernie po ca\u0142ej powierzchni, co czyni go odpornym na odkszta\u0142cenia. Ta cecha zapewnia, \u017ce cylinder mo\u017ce zachowa\u0107 sw\u00f3j kszta\u0142t i integralno\u015b\u0107 strukturaln\u0105 nawet w ekstremalnych warunkach.<\/p>\n<ul>\n<li style=\"list-style-type: none;\">\n<ul>\n<li><strong>Zapobieganie wyciekom:<\/strong> Spawane cylindry typu tee s\u0105 zaprojektowane tak, aby zapobiega\u0107 wyciekom. Proces spawania stosowany podczas procesu produkcji zapewnia, \u017ce cylinder jest ca\u0142kowicie szczelny i wolny od wszelkich mo\u017cliwych wyciek\u00f3w. Ta cecha sprawia, \u017ce nadaj\u0105 si\u0119 do stosowania w zastosowaniach, w kt\u00f3rych wyciek m\u00f3g\u0142by spowodowa\u0107 powa\u017cne uszkodzenia lub obra\u017cenia.<\/li>\n<\/ul>\n<\/li>\n<\/ul>\n<p>Po\u0142\u0105czenia spawane s\u0105 g\u0142adkie, bez szczelin czy rowk\u00f3w, w kt\u00f3rych mog\u0142yby gromadzi\u0107 si\u0119 zanieczyszczenia lub brud, co zmniejsza ryzyko korozji i uszkodzenia cylindra.<\/p>\n<ul>\n<li style=\"list-style-type: none;\">\n<ul>\n<li><strong>Mo\u017cliwo\u015b\u0107 dostosowania:<\/strong> Spawane cylindry typu tee mo\u017cna dostosowa\u0107 do konkretnych zastosowa\u0144. Cylindry s\u0105 dost\u0119pne w r\u00f3\u017cnych rozmiarach i kszta\u0142tach i mog\u0105 by\u0107 wytwarzane tak, aby spe\u0142nia\u0142y konkretne wymagania danego zastosowania.<\/li>\n<\/ul>\n<\/li>\n<\/ul>\n<p>Proces dostosowywania pozwala na optymalizacj\u0119 wydajno\u015bci cylindra, zapewniaj\u0105c, \u017ce jest on odpowiedni do zamierzonego zastosowania. Ta cecha sprawia, \u017ce spawane cylindry typu tee s\u0105 idealne do stosowania w r\u00f3\u017cnych zastosowaniach przemys\u0142owych, w tym w budownictwie, g\u00f3rnictwie i transporcie materia\u0142\u00f3w.<\/p>\n<ul>\n<li style=\"list-style-type: none;\">\n<ul>\n<li><strong>Op\u0142acalno\u015b\u0107:<\/strong> Spawane cylindry typu tee s\u0105 op\u0142acalne w por\u00f3wnaniu do innych typ\u00f3w cylindr\u00f3w. Proces produkcji tych cylindr\u00f3w jest prosty, co czyni je ta\u0144szymi od innych typ\u00f3w cylindr\u00f3w.<\/li>\n<\/ul>\n<\/li>\n<\/ul>\n<p>Ponadto wysoka wytrzyma\u0142o\u015b\u0107 i trwa\u0142o\u015b\u0107 spawanych cylindr\u00f3w typu tee zmniejszaj\u0105 potrzeb\u0119 cz\u0119stych napraw i wymian, co pozwala zaoszcz\u0119dzi\u0107 na kosztach konserwacji. Ta cecha sprawia, \u017ce s\u0105 one popularnym wyborem dla wielu bran\u017c, szczeg\u00f3lnie tych o ograniczonym bud\u017cecie.<\/p>\n<ul>\n<li style=\"list-style-type: none;\">\n<ul>\n<li><strong>Zwi\u0119kszona wydajno\u015b\u0107:<\/strong> Spawane cylindry typu tee s\u0105 wysoce wydajne i skuteczne. Konstrukcja cylindra zapewnia, \u017ce si\u0142a przy\u0142o\u017cona jest przenoszona bezpo\u015brednio na obci\u0105\u017cenie, co zmniejsza straty energii i zwi\u0119ksza wydajno\u015b\u0107.<\/li>\n<\/ul>\n<\/li>\n<\/ul>\n<p>Spawane po\u0142\u0105czenia s\u0105 mocne i sztywne, minimalizuj\u0105c ugi\u0119cie i zapewniaj\u0105c, \u017ce cylinder zachowuje sw\u00f3j kszta\u0142t i integralno\u015b\u0107 strukturaln\u0105 nawet w ekstremalnych warunkach. Ta cecha sprawia, \u017ce spawane cylindry typu tee s\u0105 idealne do zastosowa\u0144 wymagaj\u0105cych wysokiej wydajno\u015bci i niezawodno\u015bci.<\/p>\n<p><img decoding=\"async\" class=\"aligncenter\" src=\"https:\/\/hzpt.com\/wp-content\/uploads\/2023\/12\/random-4.webp\" alt=\"\" title=\"\"><\/p>\n<h2>Zastosowanie cylindra spawanego typu tr\u00f3jnikowego<\/h2>\n<ol>\n<li>\n<h3>Przemys\u0142 motoryzacyjny<\/h3>\n<p>Spawane si\u0142owniki typu teowego s\u0105 szeroko stosowane w przemy\u015ble motoryzacyjnym. Znajduj\u0105 zastosowanie w drzwiach samochodowych, podno\u015bnikach maski i baga\u017cnika, dachach kabriolet\u00f3w oraz uk\u0142adach wspomagania kierownicy. Si\u0142owniki te s\u0105 preferowane ze wzgl\u0119du na mo\u017cliwo\u015b\u0107 zapewnienia du\u017cej si\u0142y wyj\u015bciowej przy niewielkich wymaganiach przestrzennych. Konstrukcja si\u0142ownika typu teowego doskonale nadaje si\u0119 do zastosowa\u0144, w kt\u00f3rych si\u0142a musi by\u0107 przenoszona w dw\u00f3ch r\u00f3\u017cnych kierunkach.<\/p>\n<p>Co wi\u0119cej, spawana konstrukcja tych cylindr\u00f3w pozwala im pracowa\u0107 w wysokich temperaturach i ci\u015bnieniach bez ryzyka wyciek\u00f3w. Dzi\u0119ki temu nadaj\u0105 si\u0119 one do stosowania w silnikach, skrzyniach bieg\u00f3w i uk\u0142adach hamulcowych.<\/li>\n<li>\n<h3>Przemys\u0142 wytw\u00f3rczy<\/h3>\n<p>Cylindry spawane typu teowego s\u0105 r\u00f3wnie\u017c stosowane w przemy\u015ble wytw\u00f3rczym. Znajduj\u0105 zastosowanie w prasach hydraulicznych, ku\u017aniach i maszynach do ci\u0119cia metalu. Wysoka si\u0142a wyj\u015bciowa tych cylindr\u00f3w sprawia, \u017ce \u200b\u200bidealnie nadaj\u0105 si\u0119 do zastosowa\u0144 wymagaj\u0105cych du\u017cej si\u0142y w ma\u0142ej przestrzeni.<\/p>\n<p>Konstrukcja si\u0142ownika typu teowego doskonale nadaje si\u0119 r\u00f3wnie\u017c do zastosowa\u0144, w kt\u00f3rych si\u0142a musi by\u0107 przenoszona w dw\u00f3ch r\u00f3\u017cnych kierunkach. Na przyk\u0142ad, w prasie hydraulicznej si\u0142ownik typu teowego mo\u017ce by\u0107 u\u017cywany do wywierania si\u0142y zar\u00f3wno w pionie, jak i w poziomie, co umo\u017cliwia bardziej z\u0142o\u017cone procesy produkcyjne.<\/li>\n<li>\n<h3>Przemys\u0142 lotniczy i kosmiczny<\/h3>\n<p>Cylindry spawane typu tr\u00f3jnikowego s\u0105 wykorzystywane w przemy\u015ble lotniczym do r\u00f3\u017cnych zastosowa\u0144, m.in. w systemach podwozi samolot\u00f3w, drzwiach \u0142adunkowych i systemach sterowania lotem. Wysoka si\u0142a wyj\u015bciowa i kompaktowa konstrukcja tych cylindr\u00f3w sprawiaj\u0105, \u017ce idealnie nadaj\u0105 si\u0119 do stosowania w ograniczonej przestrzeni samolotu.<\/p>\n<p>Spawana konstrukcja tych cylindr\u00f3w sprawia, \u017ce \u200b\u200bs\u0105 one odporne na wysokie ci\u015bnienia i temperatury wyst\u0119puj\u0105ce podczas lotu. Dodatkowo, konstrukcja cylindra typu tr\u00f3jnikowego umo\u017cliwia przenoszenie si\u0142y w dw\u00f3ch r\u00f3\u017cnych kierunkach, dzi\u0119ki czemu doskonale nadaje si\u0119 do zastosowa\u0144, w kt\u00f3rych si\u0142a musi by\u0107 przy\u0142o\u017cona pod k\u0105tem.<\/li>\n<li>\n<h3>Bran\u017ca budowlana<\/h3>\n<p>Cylindry spawane typu T s\u0105 stosowane w przemy\u015ble budowlanym do podnoszenia i przenoszenia du\u017cych ci\u0119\u017car\u00f3w. Znajduj\u0105 zastosowanie w d\u017awigach, koparkach i koparko-\u0142adowarkach. Wysoka si\u0142a wyj\u015bciowa i kompaktowa konstrukcja tych cylindr\u00f3w sprawiaj\u0105, \u017ce idealnie nadaj\u0105 si\u0119 do stosowania w ograniczonej przestrzeni na placu budowy.<\/p>\n<p>Konstrukcja cylindra typu teowego pozwala na przenoszenie si\u0142y w dw\u00f3ch r\u00f3\u017cnych kierunkach, dzi\u0119ki czemu doskonale nadaje si\u0119 do zastosowa\u0144 wymagaj\u0105cych przy\u0142o\u017cenia si\u0142y pod k\u0105tem. Dodatkowo, spawana konstrukcja tych cylindr\u00f3w pozwala im pracowa\u0107 w wysokich ci\u015bnieniach i temperaturach bez \u017cadnych wyciek\u00f3w, dzi\u0119ki czemu nadaj\u0105 si\u0119 do stosowania w trudnych warunkach zewn\u0119trznych.<\/li>\n<\/ol>\n<h3>O FMP<\/h3>\n<p>FMP to wiod\u0105cy producent i dostawca si\u0142ownik\u00f3w hydraulicznych z ponad 30-letnim do\u015bwiadczeniem w bran\u017cy. Nasz obszar przemys\u0142owy znajduje si\u0119 we W\u0142oszech, a dysponujemy ponad 100 urz\u0105dzeniami, co gwarantuje wysok\u0105 jako\u015b\u0107 produkt\u00f3w i terminow\u0105 dostaw\u0119 do naszych klient\u00f3w.<\/p>\n<h4>Nasze produkty i zalety firmy<\/h4>\n<p>1. Szeroki wyb\u00f3r si\u0142ownik\u00f3w hydraulicznych<\/p>\n<p>Nasze cylindry hydrauliczne obejmuj\u0105 cylindry kolczaste, dwukierunkowe automatyczne teleskopowe cylindry hydrauliczne i wiele innych typ\u00f3w. Ka\u017cdy cylinder hydrauliczny przechodzi rygorystyczn\u0105 obr\u00f3bk\u0119 i kontrol\u0119, aby zagwarantowa\u0107 jako\u015b\u0107.<\/p>\n<p><img decoding=\"async\" src=\"https:\/\/fmp-components.com\/wp-content\/uploads\/2024\/12\/fmp-factory-4.webp\" alt=\"Fabryka FMP\" width=\"800\" title=\"\"><\/p>\n<p>2. Us\u0142uga projektowa<\/p>\n<p>Nasz zesp\u00f3\u0142 projektowy posiada bogate do\u015bwiadczenie w projektowaniu i rozwoju wa\u0142\u00f3w uniwersalnych. Jeste\u015bmy w stanie sprosta\u0107 potrzebom klient\u00f3w w zakresie nowych produkt\u00f3w lub dalszych udoskonale\u0144.<\/p>\n<p>3. Kompleksowa obs\u0142uga produktu<\/p>\n<p>Oferujemy kompleksow\u0105 obs\u0142ug\u0119 produktu, od surowc\u00f3w, przez ci\u0119cie, obr\u00f3bk\u0119 wst\u0119pn\u0105, testowanie, czyszczenie, monta\u017c, pakowanie i transport. Dzi\u0119ki temu nasi klienci otrzymuj\u0105 niezawodny produkt o potwierdzonej jako\u015bci.<\/p>\n<p>4. Proces pr\u00f3bkowania<\/p>\n<p>Mo\u017cemy przygotowa\u0107 pr\u00f3bki zgodnie z Pa\u0144stwa wymaganiami i stale je modyfikowa\u0107, aby spe\u0142ni\u0107 Pa\u0144stwa oczekiwania. Daje to Pa\u0144stwu mo\u017cliwo\u015b\u0107 pe\u0142nej oceny produktu przed dokonaniem zakupu.<\/p>\n<p>5. Mo\u017cliwo\u015bci badawczo-rozwojowe<\/p>\n<p>Nasza firma stawia na ci\u0105g\u0142e doskonalenie i innowacje. Gdy na rynku pojawiaj\u0105 si\u0119 nowe potrzeby, analizujemy je i opracowujemy nowe modele, aby sprosta\u0107 wymaganiom naszych klient\u00f3w.<\/p>\n<p>Partnerstwo z FMP oznacza wsp\u00f3\u0142prac\u0119 z rzetelnym i zorientowanym na jako\u015b\u0107 dostawc\u0105. Zale\u017cy nam na dostarczaniu naszym klientom najlepszych mo\u017cliwych produkt\u00f3w i us\u0142ug, aby pom\u00f3c im odnie\u015b\u0107 sukces w biznesie.<\/p>\n<p>Autor:CX<\/p>","protected":false},"excerpt":{"rendered":"<p>The 10040 Professional Small Piston Hydraulic Cylinders are engineered for agricultural applications, offering reliable performance and durability. These hydraulic cylinders are designed to efficiently lift, push, and pull heavy loads, making them ideal for various farming equipment, including tractors, harvesters, and other machinery. Key Features: Compact Design: The small piston size allows for easy integration [&hellip;]<\/p>","protected":false},"featured_media":1133,"comment_status":"closed","ping_status":"closed","template":"","meta":{"_et_pb_use_builder":"","_et_pb_old_content":"","_et_gb_content_width":""},"product_brand":[],"product_cat":[31],"product_tag":[34,35],"class_list":{"0":"post-960","1":"product","2":"type-product","3":"status-publish","4":"has-post-thumbnail","6":"product_cat-welded-tee-type-cylinder","7":"product_tag-hydraulic-cylinder","8":"product_tag-welded-tee-type-cylinder","10":"first","11":"instock","12":"product-type-simple"},"_links":{"self":[{"href":"https:\/\/fmp-components.com\/pl\/wp-json\/wp\/v2\/product\/960","targetHints":{"allow":["GET"]}}],"collection":[{"href":"https:\/\/fmp-components.com\/pl\/wp-json\/wp\/v2\/product"}],"about":[{"href":"https:\/\/fmp-components.com\/pl\/wp-json\/wp\/v2\/types\/product"}],"replies":[{"embeddable":true,"href":"https:\/\/fmp-components.com\/pl\/wp-json\/wp\/v2\/comments?post=960"}],"wp:featuredmedia":[{"embeddable":true,"href":"https:\/\/fmp-components.com\/pl\/wp-json\/wp\/v2\/media\/1133"}],"wp:attachment":[{"href":"https:\/\/fmp-components.com\/pl\/wp-json\/wp\/v2\/media?parent=960"}],"wp:term":[{"taxonomy":"product_brand","embeddable":true,"href":"https:\/\/fmp-components.com\/pl\/wp-json\/wp\/v2\/product_brand?post=960"},{"taxonomy":"product_cat","embeddable":true,"href":"https:\/\/fmp-components.com\/pl\/wp-json\/wp\/v2\/product_cat?post=960"},{"taxonomy":"product_tag","embeddable":true,"href":"https:\/\/fmp-components.com\/pl\/wp-json\/wp\/v2\/product_tag?post=960"}],"curies":[{"name":"wp","href":"https:\/\/api.w.org\/{rel}","templated":true}]}}