{"id":959,"date":"2024-12-19T03:39:43","date_gmt":"2024-12-19T03:39:43","guid":{"rendered":"https:\/\/fmp-components.com\/product\/10039-china-factory-supply-trailer-hydraulic-cylinder-for-sale\/"},"modified":"2024-12-26T08:59:32","modified_gmt":"2024-12-26T08:59:32","slug":"10039-italy-factory-supply-trailer-hydraulic-cylinder-for-sale","status":"publish","type":"product","link":"https:\/\/fmp-components.com\/pl\/product\/10039-italy-factory-supply-trailer-hydraulic-cylinder-for-sale\/","title":{"rendered":"10039 W\u0142ochy Dostawa fabryczna Si\u0142ownik hydrauliczny do przyczepy na sprzeda\u017c"},"content":{"rendered":"<p>Si\u0142ownik hydrauliczny do przyczep, model 10039, dostarczany fabrycznie we W\u0142oszech, zosta\u0142 zaprojektowany z my\u015bl\u0105 o optymalnej wydajno\u015bci w zastosowaniach zwi\u0105zanych z przyczepami, zapewniaj\u0105c niezawodne podnoszenie i opuszczanie. Wyprodukowany z dba\u0142o\u015bci\u0105 o precyzj\u0119 i jako\u015b\u0107, ten si\u0142ownik hydrauliczny jest niezb\u0119dnym elementem poprawiaj\u0105cym funkcjonalno\u015b\u0107 r\u00f3\u017cnych typ\u00f3w przyczep.<\/p>\n<h4>G\u0142\u00f3wne cechy:<\/h4>\n<ul>\n<li><strong>Wysokiej jako\u015bci konstrukcja:<\/strong><br \/>\nWykonany z trwa\u0142ych materia\u0142\u00f3w si\u0142ownik hydrauliczny 10039 zosta\u0142 zaprojektowany tak, aby sprosta\u0107 trudnym warunkom eksploatacji przyczep. Jego solidna konstrukcja gwarantuje d\u0142ugotrwa\u0142\u0105 niezawodno\u015b\u0107 i wydajno\u015b\u0107.<\/li>\n<li><strong>Efektywna wydajno\u015b\u0107:<\/strong><br \/>\nTen si\u0142ownik hydrauliczny zosta\u0142 zaprojektowany z my\u015bl\u0105 o p\u0142ynnej pracy, umo\u017cliwiaj\u0105c precyzyjn\u0105 kontrol\u0119 podczas podnoszenia i opuszczania. Jego wydajno\u015b\u0107 pomaga zwi\u0119kszy\u0107 og\u00f3ln\u0105 wydajno\u015b\u0107 w zastosowaniach z przyczepami.<\/li>\n<li><strong>Wszechstronne zastosowania:<\/strong><br \/>\nTen si\u0142ownik hydrauliczny nadaje si\u0119 do szerokiej gamy przyczep, w tym przyczep z p\u0142ask\u0105 platform\u0105, przyczep wywrotek i przyczep u\u017cytkowych. Zwi\u0119ksza on funkcjonalno\u015b\u0107 r\u00f3\u017cnych typ\u00f3w sprz\u0119tu, dzi\u0119ki czemu jest uniwersalnym wyborem dla operator\u00f3w.<\/li>\n<li><strong>Dostawa fabryczna:<\/strong><br \/>\nDostarczany bezpo\u015brednio z fabryki si\u0142ownik hydrauliczny 10039 oferuje konkurencyjne ceny i gwarancj\u0119 jako\u015bci. Dzi\u0119ki temu klienci otrzymuj\u0105 niezawodny produkt bez zb\u0119dnych mar\u017c.<\/li>\n<li><strong>\u0141atwa instalacja:<\/strong><br \/>\nZaprojektowany z my\u015bl\u0105 o \u0142atwej instalacji si\u0142ownik hydrauliczny mo\u017cna z \u0142atwo\u015bci\u0105 zintegrowa\u0107 z istniej\u0105cymi systemami przyczep, co minimalizuje przestoje i zwi\u0119ksza wydajno\u015b\u0107 operacyjn\u0105.<\/li>\n<\/ul>\n<h2><img decoding=\"async\" src=\"https:\/\/hzpt.com\/wp-content\/uploads\/2023\/12\/random-1.webp?v=1694163707\" alt=\"\" title=\"\"><\/h2>\n<h4>Dane techniczne:<\/h4>\n<table style=\"width: 90.3973%; height: 224px;\">\n<thead>\n<tr>\n<th>Specyfikacja<\/th>\n<th>Opis<\/th>\n<\/tr>\n<\/thead>\n<tbody>\n<tr>\n<td><strong>No\u015bno\u015b\u0107<\/strong><\/td>\n<td>Mo\u017cliwo\u015b\u0107 dostosowania<\/td>\n<\/tr>\n<tr>\n<td><strong>Rozmiar otworu<\/strong><\/td>\n<td>Dost\u0119pne r\u00f3\u017cne opcje<\/td>\n<\/tr>\n<tr>\n<td><strong>D\u0142ugo\u015b\u0107 skoku<\/strong><\/td>\n<td>Mo\u017cliwo\u015b\u0107 dostosowania<\/td>\n<\/tr>\n<tr>\n<td><strong>Maksymalne ci\u015bnienie<\/strong><\/td>\n<td>Do 3000 PSI<\/td>\n<\/tr>\n<tr>\n<td><strong>Tworzywo<\/strong><\/td>\n<td>Wysokiej jako\u015bci stal<\/td>\n<\/tr>\n<tr>\n<td><strong>Typ po\u0142\u0105czenia<\/strong><\/td>\n<td>Ko\u0142nierzowe lub gwintowane<\/td>\n<\/tr>\n<\/tbody>\n<\/table>\n<h4>Zasada dzia\u0142ania:<\/h4>\n<p>Si\u0142ownik hydrauliczny do przyczep 10039 dzia\u0142a w oparciu o ci\u015bnienie p\u0142ynu hydraulicznego. Po wprowadzeniu p\u0142ynu hydraulicznego do cylindra, wywiera on si\u0142\u0119 na t\u0142ok, generuj\u0105c ruch liniowy podczas podnoszenia lub opuszczania. To efektywne przenoszenie mocy pozwala na precyzyjn\u0105 kontrol\u0119 nad prac\u0105 przyczepy, zwi\u0119kszaj\u0105c wydajno\u015b\u0107.<\/p>\n<p>Podsumowuj\u0105c, si\u0142ownik hydrauliczny do przyczep 10039 z dostaw\u0105 fabryczn\u0105 do W\u0142och to niezawodne i wydajne rozwi\u0105zanie do r\u00f3\u017cnych zastosowa\u0144 w przyczepach. Jego trwa\u0142a konstrukcja, wysoka wydajno\u015b\u0107 i dostawa bezpo\u015brednio z fabryki sprawiaj\u0105, \u017ce jest to niezb\u0119dny element poprawiaj\u0105cy funkcjonalno\u015b\u0107 i niezawodno\u015b\u0107 system\u00f3w przyczep.<\/p>\n<h2><\/h2>\n<p><img decoding=\"async\" class=\"aligncenter\" src=\"https:\/\/hzpt.com\/wp-content\/uploads\/2023\/12\/random-4.webp\" alt=\"\" title=\"\"><\/p>\n<h2>Zalety cylindra spawanego typu tr\u00f3jnikowego<\/h2>\n<ul>\n<li style=\"list-style-type: none;\">\n<ul>\n<li><strong>Zwi\u0119kszona si\u0142a:<\/strong> Spawane cylindry typu tee s\u0105 znane ze swojej wysokiej wytrzyma\u0142o\u015bci, dzi\u0119ki czemu nadaj\u0105 si\u0119 do zastosowa\u0144 wymagaj\u0105cych podnoszenia ci\u0119\u017car\u00f3w. Proces spawania stosowany podczas produkcji tych cylindr\u00f3w zapewnia, \u017ce cylinder jest wolny od s\u0142abych punkt\u00f3w i mo\u017ce wytrzyma\u0107 wysokie ci\u015bnienie i napr\u0119\u017cenia.<\/li>\n<\/ul>\n<\/li>\n<\/ul>\n<p>Gdy na cylinder wywierany jest nacisk, rozprowadza si\u0119 on r\u00f3wnomiernie po ca\u0142ej powierzchni, co czyni go odpornym na odkszta\u0142cenia. Ta cecha zapewnia, \u017ce cylinder mo\u017ce zachowa\u0107 sw\u00f3j kszta\u0142t i integralno\u015b\u0107 strukturaln\u0105 nawet w ekstremalnych warunkach.<\/p>\n<ul>\n<li style=\"list-style-type: none;\">\n<ul>\n<li><strong>Zapobieganie wyciekom:<\/strong> Spawane cylindry typu tee s\u0105 zaprojektowane tak, aby zapobiega\u0107 wyciekom. Proces spawania stosowany podczas procesu produkcji zapewnia, \u017ce cylinder jest ca\u0142kowicie szczelny i wolny od wszelkich mo\u017cliwych wyciek\u00f3w. Ta cecha sprawia, \u017ce nadaj\u0105 si\u0119 do stosowania w zastosowaniach, w kt\u00f3rych wyciek m\u00f3g\u0142by spowodowa\u0107 powa\u017cne uszkodzenia lub obra\u017cenia.<\/li>\n<\/ul>\n<\/li>\n<\/ul>\n<p>Po\u0142\u0105czenia spawane s\u0105 g\u0142adkie, bez szczelin czy rowk\u00f3w, w kt\u00f3rych mog\u0142yby gromadzi\u0107 si\u0119 zanieczyszczenia lub brud, co zmniejsza ryzyko korozji i uszkodzenia cylindra.<\/p>\n<ul>\n<li style=\"list-style-type: none;\">\n<ul>\n<li><strong>Mo\u017cliwo\u015b\u0107 dostosowania:<\/strong> Spawane cylindry typu tee mo\u017cna dostosowa\u0107 do konkretnych zastosowa\u0144. Cylindry s\u0105 dost\u0119pne w r\u00f3\u017cnych rozmiarach i kszta\u0142tach i mog\u0105 by\u0107 wytwarzane tak, aby spe\u0142nia\u0142y konkretne wymagania danego zastosowania.<\/li>\n<\/ul>\n<\/li>\n<\/ul>\n<p>Proces dostosowywania pozwala na optymalizacj\u0119 wydajno\u015bci cylindra, zapewniaj\u0105c, \u017ce jest on odpowiedni do zamierzonego zastosowania. Ta cecha sprawia, \u017ce spawane cylindry typu tee s\u0105 idealne do stosowania w r\u00f3\u017cnych zastosowaniach przemys\u0142owych, w tym w budownictwie, g\u00f3rnictwie i transporcie materia\u0142\u00f3w.<\/p>\n<ul>\n<li style=\"list-style-type: none;\">\n<ul>\n<li><strong>Op\u0142acalno\u015b\u0107:<\/strong> Spawane cylindry typu tee s\u0105 op\u0142acalne w por\u00f3wnaniu do innych typ\u00f3w cylindr\u00f3w. Proces produkcji tych cylindr\u00f3w jest prosty, co czyni je ta\u0144szymi od innych typ\u00f3w cylindr\u00f3w.<\/li>\n<\/ul>\n<\/li>\n<\/ul>\n<p>Ponadto wysoka wytrzyma\u0142o\u015b\u0107 i trwa\u0142o\u015b\u0107 spawanych cylindr\u00f3w typu tee zmniejszaj\u0105 potrzeb\u0119 cz\u0119stych napraw i wymian, co pozwala zaoszcz\u0119dzi\u0107 na kosztach konserwacji. Ta cecha sprawia, \u017ce s\u0105 one popularnym wyborem dla wielu bran\u017c, szczeg\u00f3lnie tych o ograniczonym bud\u017cecie.<\/p>\n<ul>\n<li style=\"list-style-type: none;\">\n<ul>\n<li><strong>Zwi\u0119kszona wydajno\u015b\u0107:<\/strong> Spawane cylindry typu tee s\u0105 wysoce wydajne i skuteczne. Konstrukcja cylindra zapewnia, \u017ce si\u0142a przy\u0142o\u017cona jest przenoszona bezpo\u015brednio na obci\u0105\u017cenie, co zmniejsza straty energii i zwi\u0119ksza wydajno\u015b\u0107.<\/li>\n<\/ul>\n<\/li>\n<\/ul>\n<p>Spawane po\u0142\u0105czenia s\u0105 mocne i sztywne, minimalizuj\u0105c ugi\u0119cie i zapewniaj\u0105c, \u017ce cylinder zachowuje sw\u00f3j kszta\u0142t i integralno\u015b\u0107 strukturaln\u0105 nawet w ekstremalnych warunkach. Ta cecha sprawia, \u017ce spawane cylindry typu tee s\u0105 idealne do zastosowa\u0144 wymagaj\u0105cych wysokiej wydajno\u015bci i niezawodno\u015bci.<\/p>\n<h2>Zastosowanie cylindra spawanego typu tr\u00f3jnikowego<\/h2>\n<h3>Wst\u0119p<\/h3>\n<p>Si\u0142ownik typu spawany tr\u00f3jnik to rodzaj si\u0142ownika hydraulicznego powszechnie stosowanego w zastosowaniach przemys\u0142owych. Zosta\u0142 zaprojektowany w celu zapewnienia du\u017cej si\u0142y wyj\u015bciowej w kompaktowej i ekonomicznej obudowie. Ten typ si\u0142ownika sk\u0142ada si\u0119 ze spawanego tr\u00f3jnika i t\u0142oczyska przymocowanego do tr\u00f3jnika. Tr\u00f3jnik jest po\u0142\u0105czony z cylindrem cylindra i zawiera t\u0142ok, kt\u00f3ry porusza si\u0119 tam i z powrotem wewn\u0105trz cylindra, generuj\u0105c si\u0142\u0119.<\/p>\n<h3>Zalety cylindra spawanego typu tr\u00f3jnikowego<\/h3>\n<p>Stosowanie cylindr\u00f3w spawanych typu T w zastosowaniach przemys\u0142owych niesie ze sob\u0105 szereg zalet:<\/p>\n<ul>\n<li><b>Kompaktowa konstrukcja:<\/b> Cylindry spawane typu T s\u0105 zaprojektowane tak, aby by\u0142y kompaktowe, dzi\u0119ki czemu idealnie nadaj\u0105 si\u0119 do stosowania w miejscach o ograniczonej przestrzeni.<\/li>\n<li><b>Wysoka wydajno\u015b\u0107:<\/b> Cylindry spawane typu T s\u0105 bardzo wydajne, co oznacza, \u017ce \u200b\u200bmog\u0105 generowa\u0107 du\u017c\u0105 si\u0142\u0119 przy minimalnym nak\u0142adzie energii.<\/li>\n<li><b>Wytrzyma\u0142y:<\/b> Cylindry spawane typu T s\u0105 zaprojektowane tak, aby by\u0142y bardzo trwa\u0142e, co oznacza, \u017ce \u200b\u200bmog\u0105 wytrzyma\u0107 trudne warunki pracy i s\u0142u\u017cy\u0107 przez d\u0142ugi czas.<\/li>\n<li><b>Op\u0142acalne:<\/b> Cylindry spawane typu T s\u0105 ekonomiczne, co oznacza, \u017ce \u200b\u200boferuj\u0105 dobry stosunek jako\u015bci do ceny.<\/li>\n<\/ul>\n<h3>Zastosowania cylindr\u00f3w spawanych typu tr\u00f3jnikowego<\/h3>\n<p>Istnieje wiele zastosowa\u0144 dla cylindr\u00f3w spawanych typu T w r\u00f3\u017cnych ga\u0142\u0119ziach przemys\u0142u, w tym:<\/p>\n<ul>\n<li><b>Produkcja:<\/b> Cylindry spawane typu T s\u0105 wykorzystywane w produkcji do obs\u0142ugi maszyn, przenoszenia ci\u0119\u017ckich \u0142adunk\u00f3w i kszta\u0142towania cz\u0119\u015bci metalowych.<\/li>\n<li><b>Rolnictwo:<\/b> Cylindry typu T spawane stosowane s\u0105 w rolnictwie do obs\u0142ugi uk\u0142ad\u00f3w hydraulicznych w ci\u0105gnikach, kombajnach i innym sprz\u0119cie rolniczym.<\/li>\n<li><b>Budowa:<\/b> Cylindry typu T spawane s\u0105 stosowane w budownictwie do obs\u0142ugi maszyn takich jak d\u017awigi, koparki i koparki podsi\u0119bierne.<\/li>\n<li><b>G\u00f3rnictwo:<\/b> Cylindry typu T spawane s\u0105 stosowane w g\u00f3rnictwie do obs\u0142ugi uk\u0142ad\u00f3w hydraulicznych ci\u0119\u017ckiego sprz\u0119tu, takiego jak buldo\u017cery, \u0142adowarki i wiertnice do ska\u0142.<\/li>\n<li><b>Transport:<\/b> Cylindry typu T spawane s\u0105 stosowane w transporcie do obs\u0142ugi uk\u0142ad\u00f3w hydraulicznych w ci\u0119\u017car\u00f3wkach, autobusach i innych pojazdach.<\/li>\n<\/ul>\n<p>Podsumowuj\u0105c, spawane cylindry typu T s\u0105 wa\u017cnym elementem w wielu zastosowaniach przemys\u0142owych. Zaprojektowano je tak, aby by\u0142y kompaktowe, wydajne, trwa\u0142e i ekonomiczne, co czyni je idealnym wyborem do szerokiego zakresu zastosowa\u0144. Niezale\u017cnie od tego, czy obs\u0142ugujesz maszyny w zak\u0142adzie produkcyjnym, sprz\u0119t rolniczy w gospodarstwie rolnym, czy ci\u0119\u017cki sprz\u0119t w kopalni, spawane cylindry typu T pomog\u0105 Ci wykona\u0107 zadanie sprawnie i skutecznie.<\/p>\n<p><img loading=\"lazy\" decoding=\"async\" class=\"size-full wp-image-974 aligncenter\" src=\"https:\/\/fmp-components.com\/wp-content\/uploads\/2024\/12\/application-of-Welded-Tee-Type-Cylinder.webp\" alt=\"zastosowanie cylindra spawanego typu tr\u00f3jnika\" width=\"760\" height=\"860\" title=\"\" srcset=\"https:\/\/fmp-components.com\/wp-content\/uploads\/2024\/12\/application-of-Welded-Tee-Type-Cylinder.webp 760w, https:\/\/fmp-components.com\/wp-content\/uploads\/2024\/12\/application-of-Welded-Tee-Type-Cylinder-480x543.webp 480w\" sizes=\"(min-width: 0px) and (max-width: 480px) 480px, (min-width: 481px) 760px, 100vw\" \/><\/p>\n<h3>O FMP<\/h3>\n<p>FMP to wiod\u0105cy producent si\u0142ownik\u00f3w hydraulicznych z ponad 30-letnim do\u015bwiadczeniem w bran\u017cy. Nasz zak\u0142ad produkcyjny znajduje si\u0119 we W\u0142oszech i dysponuje ponad 100 urz\u0105dzeniami, w tym automatycznymi spawarkami w os\u0142onie gaz\u00f3w ochronnych, maszynami do g\u0142\u0119bokiego wiercenia, tokarkami CNC, szlifierkami do wa\u0142k\u00f3w, automatycznymi urz\u0105dzeniami czyszcz\u0105cymi i wieloma innymi.<\/p>\n<p>Specjalizujemy si\u0119 w produkcji wysokiej jako\u015bci cylindr\u00f3w hydraulicznych, w tym cylindr\u00f3w kolczastych, dwukierunkowych automatycznych cylindr\u00f3w teleskopowych i innych. Ka\u017cdy cylinder przechodzi rygorystyczn\u0105 obr\u00f3bk\u0119 i kontrol\u0119, aby zapewni\u0107 naszym klientom najwy\u017csz\u0105 mo\u017cliw\u0105 jako\u015b\u0107.<\/p>\n<h4>Nasze atuty:<\/h4>\n<ul>\n<li><strong>Us\u0142uga projektowa:<\/strong> Nasz do\u015bwiadczony zesp\u00f3\u0142 projektant\u00f3w mo\u017ce pom\u00f3c Pa\u0144stwu w projektowaniu i rozwoju produkt\u00f3w, a tak\u017ce w udoskonalaniu istniej\u0105cych produkt\u00f3w.<\/li>\n<li><strong>Us\u0142uga produktu:<\/strong> Nasz proces produkcyjny obejmuje ci\u0119cie, obr\u00f3bk\u0119 wst\u0119pn\u0105, testowanie, czyszczenie, monta\u017c, pakowanie i transport, aby zagwarantowa\u0107 niezawodn\u0105 i sprawn\u0105 dostaw\u0119 Twojego produktu.<\/li>\n<li><strong>Przyk\u0142adowy proces:<\/strong> Mo\u017cemy przygotowa\u0107 pr\u00f3bki wed\u0142ug Twoich wymaga\u0144 i na bie\u017c\u0105co je modyfikowa\u0107, aby spe\u0142nia\u0142y Twoje oczekiwania, dzi\u0119ki czemu b\u0119dziesz zadowolony z produktu ko\u0144cowego.<\/li>\n<li><strong>Badania i rozw\u00f3j:<\/strong> Ci\u0105gle badamy rynek i opracowujemy nowe modele, aby sprosta\u0107 zmieniaj\u0105cym si\u0119 potrzebom naszych klient\u00f3w.<\/li>\n<li><strong>Personalizacja:<\/strong> Przyjmujemy pro\u015bby o dostosowanie produkt\u00f3w do indywidualnych potrzeb i mo\u017cemy wyprodukowa\u0107 cylindry hydrauliczne spe\u0142niaj\u0105ce Twoje szczeg\u00f3lne potrzeby.<\/li>\n<\/ul>\n<p><img decoding=\"async\" src=\"https:\/\/fmp-components.com\/wp-content\/uploads\/2024\/12\/fmp-factory-4.webp\" alt=\"Fabryka FMP\" width=\"800\" title=\"\"><br \/>\nAutor:CX<\/p>","protected":false},"excerpt":{"rendered":"<p>The 10039 Italy Factory Supply Trailer Hydraulic Cylinder is designed for optimal performance in trailer applications, providing reliable lifting and lowering capabilities. Manufactured with precision and quality in mind, this hydraulic cylinder is an essential component for enhancing the functionality of various trailer types. Key Features: High-Quality Construction: Built from durable materials, the 10039 hydraulic [&hellip;]<\/p>","protected":false},"featured_media":1132,"comment_status":"closed","ping_status":"closed","template":"","meta":{"_et_pb_use_builder":"","_et_pb_old_content":"","_et_gb_content_width":""},"product_brand":[],"product_cat":[31],"product_tag":[34,35],"class_list":{"0":"post-959","1":"product","2":"type-product","3":"status-publish","4":"has-post-thumbnail","6":"product_cat-welded-tee-type-cylinder","7":"product_tag-hydraulic-cylinder","8":"product_tag-welded-tee-type-cylinder","10":"first","11":"instock","12":"product-type-simple"},"_links":{"self":[{"href":"https:\/\/fmp-components.com\/pl\/wp-json\/wp\/v2\/product\/959","targetHints":{"allow":["GET"]}}],"collection":[{"href":"https:\/\/fmp-components.com\/pl\/wp-json\/wp\/v2\/product"}],"about":[{"href":"https:\/\/fmp-components.com\/pl\/wp-json\/wp\/v2\/types\/product"}],"replies":[{"embeddable":true,"href":"https:\/\/fmp-components.com\/pl\/wp-json\/wp\/v2\/comments?post=959"}],"wp:featuredmedia":[{"embeddable":true,"href":"https:\/\/fmp-components.com\/pl\/wp-json\/wp\/v2\/media\/1132"}],"wp:attachment":[{"href":"https:\/\/fmp-components.com\/pl\/wp-json\/wp\/v2\/media?parent=959"}],"wp:term":[{"taxonomy":"product_brand","embeddable":true,"href":"https:\/\/fmp-components.com\/pl\/wp-json\/wp\/v2\/product_brand?post=959"},{"taxonomy":"product_cat","embeddable":true,"href":"https:\/\/fmp-components.com\/pl\/wp-json\/wp\/v2\/product_cat?post=959"},{"taxonomy":"product_tag","embeddable":true,"href":"https:\/\/fmp-components.com\/pl\/wp-json\/wp\/v2\/product_tag?post=959"}],"curies":[{"name":"wp","href":"https:\/\/api.w.org\/{rel}","templated":true}]}}