{"id":957,"date":"2024-12-19T03:39:43","date_gmt":"2024-12-19T03:39:43","guid":{"rendered":"https:\/\/fmp-components.com\/product\/10037-hot-sale-customized-hydraulic-cylinder-for-seeder\/"},"modified":"2024-12-19T08:48:46","modified_gmt":"2024-12-19T08:48:46","slug":"10037-hot-sale-customized-hydraulic-cylinder-for-seeder","status":"publish","type":"product","link":"https:\/\/fmp-components.com\/pl\/product\/10037-hot-sale-customized-hydraulic-cylinder-for-seeder\/","title":{"rendered":"10037 Gor\u0105ca sprzeda\u017c dostosowany si\u0142ownik hydrauliczny do siewnika"},"content":{"rendered":"<p>Si\u0142ownik hydrauliczny 10037, dost\u0119pny w sprzeda\u017cy hurtowej, zosta\u0142 zaprojektowany specjalnie do siewnik\u00f3w, zapewniaj\u0105c niezawodn\u0105 wydajno\u015b\u0107 i efektywno\u015b\u0107 w pracach rolniczych. Ten si\u0142ownik hydrauliczny zosta\u0142 dostosowany do specyficznych wymaga\u0144 maszyn siewnych, gwarantuj\u0105c optymaln\u0105 funkcjonalno\u015b\u0107.<\/p>\n<h4>G\u0142\u00f3wne cechy:<\/h4>\n<ul>\n<li><strong>Projekt dostosowany do indywidualnych potrzeb:<\/strong><br \/>\nTen si\u0142ownik hydrauliczny mo\u017cna dostosowa\u0107 do konkretnych zastosowa\u0144, w tym do \u015brednicy otworu, d\u0142ugo\u015bci skoku i ud\u017awigu. Dzi\u0119ki temu mo\u017cna go precyzyjnie dopasowa\u0107 do potrzeb r\u00f3\u017cnych maszyn siewnych.<\/li>\n<li><strong>Wysoka wydajno\u015b\u0107:<\/strong><br \/>\nZaprojektowany z my\u015bl\u0105 o wydajnej pracy, si\u0142ownik hydrauliczny 10037 zapewnia p\u0142ynn\u0105 i niezawodn\u0105 prac\u0119. Jego konstrukcja minimalizuje tarcie i zu\u017cycie, wyd\u0142u\u017caj\u0105c \u017cywotno\u015b\u0107 i wydajno\u015b\u0107 siewnika.<\/li>\n<li><strong>Trwa\u0142a konstrukcja:<\/strong><br \/>\nWykonany z wysokiej jako\u015bci materia\u0142\u00f3w, ten si\u0142ownik hydrauliczny zosta\u0142 zaprojektowany tak, aby sprosta\u0107 trudnym warunkom panuj\u0105cym w rolnictwie. Jego solidna konstrukcja gwarantuje d\u0142ugotrwa\u0142\u0105 niezawodno\u015b\u0107, nawet przy du\u017cych obci\u0105\u017ceniach.<\/li>\n<li><strong>Wszechstronne zastosowania:<\/strong><br \/>\nZaprojektowany do r\u00f3\u017cnych typ\u00f3w siewnik\u00f3w, ten si\u0142ownik hydrauliczny zwi\u0119ksza funkcjonalno\u015b\u0107 zar\u00f3wno konwencjonalnych, jak i nowoczesnych maszyn siewnych. Jego wszechstronno\u015b\u0107 czyni go cennym narz\u0119dziem dla rolnik\u00f3w i operator\u00f3w rolnych.<\/li>\n<li><strong>\u0141atwa instalacja:<\/strong><br \/>\nSi\u0142ownik hydrauliczny 10037 zosta\u0142 zaprojektowany z my\u015bl\u0105 o prostej instalacji, umo\u017cliwiaj\u0105c szybk\u0105 integracj\u0119 z istniej\u0105cymi systemami siewu. Ta \u0142atwo\u015b\u0107 obs\u0142ugi minimalizuje przestoje i zwi\u0119ksza wydajno\u015b\u0107.<\/li>\n<\/ul>\n<p><img decoding=\"async\" class=\"aligncenter\" src=\"https:\/\/hzpt.com\/wp-content\/uploads\/2023\/12\/random-3.webp\" alt=\"\" title=\"\"><\/p>\n<h4>Dane techniczne:<\/h4>\n<table style=\"width: 101.782%; height: 184px;\">\n<thead>\n<tr>\n<th>Specyfikacja<\/th>\n<th>Opis<\/th>\n<\/tr>\n<\/thead>\n<tbody>\n<tr>\n<td><strong>No\u015bno\u015b\u0107<\/strong><\/td>\n<td>Mo\u017cliwo\u015b\u0107 dostosowania<\/td>\n<\/tr>\n<tr>\n<td><strong>Rozmiar otworu<\/strong><\/td>\n<td>Dost\u0119pne r\u00f3\u017cne opcje<\/td>\n<\/tr>\n<tr>\n<td><strong>D\u0142ugo\u015b\u0107 skoku<\/strong><\/td>\n<td>Mo\u017cliwo\u015b\u0107 dostosowania<\/td>\n<\/tr>\n<tr>\n<td><strong>Maksymalne ci\u015bnienie<\/strong><\/td>\n<td>Do 3000 PSI<\/td>\n<\/tr>\n<tr>\n<td><strong>Tworzywo<\/strong><\/td>\n<td>Wysokiej jako\u015bci stal lub aluminium<\/td>\n<\/tr>\n<tr>\n<td><strong>Typ po\u0142\u0105czenia<\/strong><\/td>\n<td>Ko\u0142nierzowe lub gwintowane<\/td>\n<\/tr>\n<\/tbody>\n<\/table>\n<h4>Zasada dzia\u0142ania:<\/h4>\n<p>Si\u0142ownik hydrauliczny 10037 Customized dzia\u0142a na zasadzie ci\u015bnienia p\u0142ynu hydraulicznego. Po wt\u0142oczeniu p\u0142ynu hydraulicznego do cylindra, wywiera on si\u0142\u0119 na t\u0142ok, generuj\u0105c ruch liniowy w r\u00f3\u017cnych zadaniach zwi\u0105zanych z siewem. To efektywne przenoszenie mocy pozwala na precyzyjn\u0105 kontrol\u0119 i zwi\u0119kszon\u0105 wydajno\u015b\u0107 podczas siewu.<\/p>\n<p>Podsumowuj\u0105c, si\u0142ownik hydrauliczny 10037, dost\u0119pny w sprzeda\u017cy hurtowej, to niezawodne i wydajne rozwi\u0105zanie, dostosowane do specyficznych potrzeb rolniczego sprz\u0119tu siewnego. Jego trwa\u0142a konstrukcja, opcje personalizacji i wysoka wydajno\u015b\u0107 sprawiaj\u0105, \u017ce jest on niezb\u0119dnym elementem poprawiaj\u0105cym wydajno\u015b\u0107 siewu.<\/p>\n<p>&nbsp;<\/p>\n<p><img decoding=\"async\" src=\"https:\/\/hzpt.com\/wp-content\/uploads\/2023\/12\/random-2.webp\" alt=\"\" title=\"\"><\/p>\n<h2>Cz\u0119sto zadawane pytania<\/h2>\n<h3>P1: Jaka jest no\u015bno\u015b\u0107 niestandardowego cylindra hydraulicznego?<\/h3>\n<p>A1: No\u015bno\u015b\u0107 mo\u017cna dostosowa\u0107 do swoich wymaga\u0144.<\/p>\n<h3>P2: Jak zamontowa\u0107 niestandardowy si\u0142ownik hydrauliczny?<\/h3>\n<p>A2: Do ka\u017cdego zakupu do\u0142\u0105czamy szczeg\u00f3\u0142owy przewodnik instalacji.<\/p>\n<h3>P3: Jak cz\u0119sto nale\u017cy serwisowa\u0107 si\u0142ownik hydrauliczny?<\/h3>\n<p>A3: Dla optymalnej wydajno\u015bci zaleca si\u0119 regularn\u0105 konserwacj\u0119. Cz\u0119stotliwo\u015b\u0107 konserwacji zale\u017cy od sposobu u\u017cytkowania i warunk\u00f3w \u015brodowiskowych.<\/p>\n<h3>P4: Czy mog\u0119 dostosowa\u0107 wymiary niestandardowego cylindra hydraulicznego?<\/h3>\n<p>A4: Tak, FMP oferuje us\u0142ugi dostosowywania do Twoich konkretnych potrzeb.<\/p>\n<h3>P5: Gdzie mog\u0119 kupi\u0107 niestandardowy si\u0142ownik hydrauliczny?<\/h3>\n<p>A5: Nasze produkty mo\u017cna naby\u0107 bezpo\u015brednio od FMP lub u naszych autoryzowanych dealer\u00f3w.<\/p>\n<h2>Zalety cylindra spawanego typu tr\u00f3jnikowego<\/h2>\n<ul>\n<li style=\"list-style-type: none;\">\n<ul>\n<li><strong>Zwi\u0119kszona si\u0142a:<\/strong> Spawane cylindry typu tee s\u0105 znane ze swojej wysokiej wytrzyma\u0142o\u015bci, dzi\u0119ki czemu nadaj\u0105 si\u0119 do zastosowa\u0144 wymagaj\u0105cych podnoszenia ci\u0119\u017car\u00f3w. Proces spawania stosowany podczas produkcji tych cylindr\u00f3w zapewnia, \u017ce cylinder jest wolny od s\u0142abych punkt\u00f3w i mo\u017ce wytrzyma\u0107 wysokie ci\u015bnienie i napr\u0119\u017cenia.<\/li>\n<\/ul>\n<\/li>\n<\/ul>\n<p>Gdy na cylinder wywierany jest nacisk, rozprowadza si\u0119 on r\u00f3wnomiernie po ca\u0142ej powierzchni, co czyni go odpornym na odkszta\u0142cenia. Ta cecha zapewnia, \u017ce cylinder mo\u017ce zachowa\u0107 sw\u00f3j kszta\u0142t i integralno\u015b\u0107 strukturaln\u0105 nawet w ekstremalnych warunkach.<\/p>\n<ul>\n<li style=\"list-style-type: none;\">\n<ul>\n<li><strong>Zapobieganie wyciekom:<\/strong> Spawane cylindry typu tee s\u0105 zaprojektowane tak, aby zapobiega\u0107 wyciekom. Proces spawania stosowany podczas procesu produkcji zapewnia, \u017ce cylinder jest ca\u0142kowicie szczelny i wolny od wszelkich mo\u017cliwych wyciek\u00f3w. Ta cecha sprawia, \u017ce nadaj\u0105 si\u0119 do stosowania w zastosowaniach, w kt\u00f3rych wyciek m\u00f3g\u0142by spowodowa\u0107 powa\u017cne uszkodzenia lub obra\u017cenia.<\/li>\n<\/ul>\n<\/li>\n<\/ul>\n<p>Po\u0142\u0105czenia spawane s\u0105 g\u0142adkie, bez szczelin czy rowk\u00f3w, w kt\u00f3rych mog\u0142yby gromadzi\u0107 si\u0119 zanieczyszczenia lub brud, co zmniejsza ryzyko korozji i uszkodzenia cylindra.<\/p>\n<ul>\n<li style=\"list-style-type: none;\">\n<ul>\n<li><strong>Mo\u017cliwo\u015b\u0107 dostosowania:<\/strong> Spawane cylindry typu tee mo\u017cna dostosowa\u0107 do konkretnych zastosowa\u0144. Cylindry s\u0105 dost\u0119pne w r\u00f3\u017cnych rozmiarach i kszta\u0142tach i mog\u0105 by\u0107 wytwarzane tak, aby spe\u0142nia\u0142y konkretne wymagania danego zastosowania.<\/li>\n<\/ul>\n<\/li>\n<\/ul>\n<p>Proces dostosowywania pozwala na optymalizacj\u0119 wydajno\u015bci cylindra, zapewniaj\u0105c, \u017ce jest on odpowiedni do zamierzonego zastosowania. Ta cecha sprawia, \u017ce spawane cylindry typu tee s\u0105 idealne do stosowania w r\u00f3\u017cnych zastosowaniach przemys\u0142owych, w tym w budownictwie, g\u00f3rnictwie i transporcie materia\u0142\u00f3w.<\/p>\n<ul>\n<li style=\"list-style-type: none;\">\n<ul>\n<li><strong>Op\u0142acalno\u015b\u0107:<\/strong> Spawane cylindry typu tee s\u0105 op\u0142acalne w por\u00f3wnaniu do innych typ\u00f3w cylindr\u00f3w. Proces produkcji tych cylindr\u00f3w jest prosty, co czyni je ta\u0144szymi od innych typ\u00f3w cylindr\u00f3w.<\/li>\n<\/ul>\n<\/li>\n<\/ul>\n<p>Ponadto wysoka wytrzyma\u0142o\u015b\u0107 i trwa\u0142o\u015b\u0107 spawanych cylindr\u00f3w typu tee zmniejszaj\u0105 potrzeb\u0119 cz\u0119stych napraw i wymian, co pozwala zaoszcz\u0119dzi\u0107 na kosztach konserwacji. Ta cecha sprawia, \u017ce s\u0105 one popularnym wyborem dla wielu bran\u017c, szczeg\u00f3lnie tych o ograniczonym bud\u017cecie.<\/p>\n<ul>\n<li style=\"list-style-type: none;\">\n<ul>\n<li><strong>Zwi\u0119kszona wydajno\u015b\u0107:<\/strong> Spawane cylindry typu tee s\u0105 wysoce wydajne i skuteczne. Konstrukcja cylindra zapewnia, \u017ce si\u0142a przy\u0142o\u017cona jest przenoszona bezpo\u015brednio na obci\u0105\u017cenie, co zmniejsza straty energii i zwi\u0119ksza wydajno\u015b\u0107.<\/li>\n<\/ul>\n<\/li>\n<\/ul>\n<p>Spawane po\u0142\u0105czenia s\u0105 mocne i sztywne, minimalizuj\u0105c ugi\u0119cie i zapewniaj\u0105c, \u017ce cylinder zachowuje sw\u00f3j kszta\u0142t i integralno\u015b\u0107 strukturaln\u0105 nawet w ekstremalnych warunkach. Ta cecha sprawia, \u017ce spawane cylindry typu tee s\u0105 idealne do zastosowa\u0144 wymagaj\u0105cych wysokiej wydajno\u015bci i niezawodno\u015bci.<\/p>\n<p><img loading=\"lazy\" decoding=\"async\" class=\"size-full wp-image-974 aligncenter\" src=\"https:\/\/fmp-components.com\/wp-content\/uploads\/2024\/12\/application-of-Welded-Tee-Type-Cylinder.webp\" alt=\"zastosowanie cylindra spawanego typu tr\u00f3jnika\" width=\"760\" height=\"860\" title=\"\" srcset=\"https:\/\/fmp-components.com\/wp-content\/uploads\/2024\/12\/application-of-Welded-Tee-Type-Cylinder.webp 760w, https:\/\/fmp-components.com\/wp-content\/uploads\/2024\/12\/application-of-Welded-Tee-Type-Cylinder-480x543.webp 480w\" sizes=\"(min-width: 0px) and (max-width: 480px) 480px, (min-width: 481px) 760px, 100vw\" \/><\/p>\n<h2>Zastosowanie cylindra spawanego typu tr\u00f3jnikowego<\/h2>\n<ul>\n<li>\n<h3>Maszyny i urz\u0105dzenia przemys\u0142owe<\/h3>\n<p>Spawany cylinder typu Tee jest szeroko stosowany w maszynach i urz\u0105dzeniach przemys\u0142owych, szczeg\u00f3lnie w uk\u0142adach hydraulicznych. Cylinder sk\u0142ada si\u0119 z t\u0142oka i rury cylindra, kt\u00f3re s\u0105 zespawane razem, tworz\u0105c pojedyncz\u0105 jednostk\u0119. Ta konstrukcja oferuje kilka zalet w por\u00f3wnaniu z innymi typami cylindr\u00f3w, takich jak zwi\u0119kszona trwa\u0142o\u015b\u0107, wi\u0119ksza wytrzyma\u0142o\u015b\u0107 i wi\u0119ksza precyzja.<\/p>\n<p>Jednym z najwa\u017cniejszych zastosowa\u0144 spawanego cylindra typu Tee w maszynach przemys\u0142owych jest jego zdolno\u015b\u0107 do zapewniania sta\u0142ej i dok\u0142adnej si\u0142y. Jest to niezb\u0119dne w wielu procesach produkcyjnych, w kt\u00f3rych wymagana jest precyzyjna kontrola w celu zapewnienia jako\u015bci produktu ko\u0144cowego. Spawany cylinder typu Tee mo\u017ce by\u0107 r\u00f3wnie\u017c u\u017cywany do regulacji przep\u0142ywu p\u0142yn\u00f3w w uk\u0142adach hydraulicznych, co pozwala na wi\u0119ksz\u0105 wydajno\u015b\u0107 i niezawodno\u015b\u0107 w r\u00f3\u017cnych zastosowaniach przemys\u0142owych.<\/li>\n<li>\n<h3>Sprz\u0119t rolniczy<\/h3>\n<p>Spawany cylinder typu Tee jest r\u00f3wnie\u017c powszechnie stosowany w sprz\u0119cie rolniczym, takim jak traktory i kombajny. Maszyny te wymagaj\u0105 mocnych i niezawodnych uk\u0142ad\u00f3w hydraulicznych, aby dzia\u0142a\u0107 skutecznie, a spawany cylinder typu Tee jest idealnym wyborem do tego celu.<\/p>\n<p>Solidna konstrukcja i wysoka wytrzyma\u0142o\u015b\u0107 cylindra sprawiaj\u0105, \u017ce jest on wysoce odporny na zu\u017cycie i rozdarcie, nawet w trudnych warunkach pracy. Dzi\u0119ki temu jest idealnym wyborem do stosowania w sprz\u0119cie rolniczym, gdzie trwa\u0142o\u015b\u0107 jest kluczowym czynnikiem. Spawany cylinder typu tr\u00f3jnikowego mo\u017ce by\u0107 r\u00f3wnie\u017c u\u017cywany do zapewnienia precyzyjnej kontroli wymaganej w wielu procesach rolniczych, takich jak sadzenie, zbiory i nawadnianie.<\/li>\n<li>\n<h3>Sprz\u0119t budowlany<\/h3>\n<p>Spawany cylinder typu Tee jest r\u00f3wnie\u017c szeroko stosowany w sprz\u0119cie budowlanym, takim jak koparki, koparki i spychacze. Maszyny te wymagaj\u0105 mocnych i niezawodnych uk\u0142ad\u00f3w hydraulicznych do wykonywania ci\u0119\u017ckich zada\u0144, takich jak kopanie, podnoszenie i pchanie ci\u0119\u017ckich \u0142adunk\u00f3w.<\/p>\n<p>Wysoka wytrzyma\u0142o\u015b\u0107 i trwa\u0142o\u015b\u0107 spawanego cylindra typu Tee sprawiaj\u0105, \u017ce jest on idealnym wyborem do stosowania w sprz\u0119cie budowlanym. Jego zdolno\u015b\u0107 do zapewnienia precyzyjnej kontroli i sta\u0142ej si\u0142y jest niezb\u0119dna w wielu procesach budowlanych, takich jak wykopy, profilowanie i uk\u0142adanie nawierzchni. Spawany cylinder typu Tee mo\u017ce by\u0107 r\u00f3wnie\u017c stosowany do regulacji przep\u0142ywu p\u0142yn\u00f3w w uk\u0142adach hydraulicznych, co poprawia wydajno\u015b\u0107 i niezawodno\u015b\u0107 sprz\u0119tu budowlanego w r\u00f3\u017cnych zastosowaniach.<\/li>\n<\/ul>\n<h3>O FMP<\/h3>\n<p>FMP jest wiod\u0105cym producentem i dostawc\u0105 si\u0142ownik\u00f3w hydraulicznych od ponad 30 lat. Nasz obszar przemys\u0142owy znajduje si\u0119 we W\u0142oszech i dysponujemy szerok\u0105 gam\u0105 ponad 100 urz\u0105dze\u0144, w tym automatyczn\u0105 spawark\u0105 w os\u0142onie gaz\u00f3w ochronnych, wiertark\u0105 do g\u0142\u0119bokich otwor\u00f3w, tokark\u0105 CNC, szlifierk\u0105 do wa\u0142k\u00f3w, automatyczn\u0105 maszyn\u0105 czyszcz\u0105c\u0105, automatyczn\u0105 maszyn\u0105 monta\u017cow\u0105, automatycznym stanowiskiem do testowania wydajno\u015bci si\u0142ownik\u00f3w hydraulicznych, automatyczn\u0105 lini\u0105 lakiernicz\u0105 itp.<\/p>\n<p>Nasze cylindry hydrauliczne s\u0105 produkowane zgodnie z najwy\u017cszymi standardami jako\u015bci, a ka\u017cdy cylinder przechodzi rygorystyczn\u0105 obr\u00f3bk\u0119 i kontrol\u0119, aby zapewni\u0107 naszym klientom produkty najwy\u017cszej jako\u015bci. Oferujemy szerok\u0105 gam\u0119 cylindr\u00f3w hydraulicznych, w tym cylindry hydrauliczne, cylindry kolczaste, dwukierunkowe automatyczne teleskopowe cylindry hydrauliczne i wiele innych.<\/p>\n<h4>Zalety naszych produkt\u00f3w i firmy<\/h4>\n<ol>\n<li><strong>Us\u0142uga projektowa:<\/strong> Nasz zesp\u00f3\u0142 projektowy posiada bogate do\u015bwiadczenie w projektowaniu i rozwoju wa\u0142\u00f3w uniwersalnych. Wspieramy naszych klient\u00f3w w zakresie nowych produkt\u00f3w i ich udoskonalania.<\/li>\n<li><strong>Us\u0142uga produktu:<\/strong> Nasz proces produkcyjny obejmuje surowce, ci\u0119cie, obr\u00f3bk\u0119 wst\u0119pn\u0105, testowanie, czyszczenie, monta\u017c, pakowanie i transport. Dbamy o to, aby nasze produkty by\u0142y wytwarzane i dostarczane zgodnie z najwy\u017cszymi standardami jako\u015bci.<\/li>\n<li><strong>Przyk\u0142adowy proces:<\/strong> Oferujemy us\u0142ugi w zakresie opracowywania i modyfikowania pr\u00f3bek, aby sprosta\u0107 szczeg\u00f3lnym potrzebom naszych klient\u00f3w.<\/li>\n<li><strong>Badania i rozw\u00f3j:<\/strong> Ci\u0105gle badamy nowe potrzeby rynku i na ich podstawie opracowujemy nowe modele.<\/li>\n<li><strong>Personalizacja:<\/strong> Specjalizujemy si\u0119 w produkcji i sprzeda\u017cy r\u00f3\u017cnych typ\u00f3w si\u0142ownik\u00f3w hydraulicznych i przyjmujemy zam\u00f3wienia dostosowane do indywidualnych wymaga\u0144 klienta.<\/li>\n<\/ol>\n<p>Jeste\u015bmy dumni z naszego zaanga\u017cowania w d\u0105\u017cenie do doskona\u0142o\u015bci i jako\u015bci oraz dok\u0142adamy wszelkich stara\u0144, aby zapewni\u0107 naszym klientom najlepsze produkty i us\u0142ugi. Skontaktuj si\u0119 z nami ju\u017c dzi\u015b, aby dowiedzie\u0107 si\u0119 wi\u0119cej o naszych cylindrach hydraulicznych i o tym, jak mo\u017cemy sta\u0107 si\u0119 Twoim zaufanym partnerem w bran\u017cy hydraulicznej.<\/p>\n<p><img decoding=\"async\" class=\"aligncenter\" src=\"https:\/\/fmp-components.com\/wp-content\/uploads\/2024\/12\/fmp-factory-4.webp\" alt=\"Fabryka FMP\" width=\"800\" title=\"\"><br \/>\nAutor:CX<\/p>","protected":false},"excerpt":{"rendered":"<p>The 10037 Hot Sale Customized Hydraulic Cylinder is specifically designed for use in seeders, providing reliable performance and efficiency in agricultural operations. This hydraulic cylinder is tailored to meet the unique requirements of seeding equipment, ensuring optimal functionality. Key Features: Customized Design: This hydraulic cylinder can be tailored to fit specific applications, including bore size, [&hellip;]<\/p>","protected":false},"featured_media":1132,"comment_status":"closed","ping_status":"closed","template":"","meta":{"_et_pb_use_builder":"","_et_pb_old_content":"","_et_gb_content_width":""},"product_brand":[],"product_cat":[31],"product_tag":[34,35],"class_list":{"0":"post-957","1":"product","2":"type-product","3":"status-publish","4":"has-post-thumbnail","6":"product_cat-welded-tee-type-cylinder","7":"product_tag-hydraulic-cylinder","8":"product_tag-welded-tee-type-cylinder","10":"first","11":"instock","12":"product-type-simple"},"_links":{"self":[{"href":"https:\/\/fmp-components.com\/pl\/wp-json\/wp\/v2\/product\/957","targetHints":{"allow":["GET"]}}],"collection":[{"href":"https:\/\/fmp-components.com\/pl\/wp-json\/wp\/v2\/product"}],"about":[{"href":"https:\/\/fmp-components.com\/pl\/wp-json\/wp\/v2\/types\/product"}],"replies":[{"embeddable":true,"href":"https:\/\/fmp-components.com\/pl\/wp-json\/wp\/v2\/comments?post=957"}],"wp:featuredmedia":[{"embeddable":true,"href":"https:\/\/fmp-components.com\/pl\/wp-json\/wp\/v2\/media\/1132"}],"wp:attachment":[{"href":"https:\/\/fmp-components.com\/pl\/wp-json\/wp\/v2\/media?parent=957"}],"wp:term":[{"taxonomy":"product_brand","embeddable":true,"href":"https:\/\/fmp-components.com\/pl\/wp-json\/wp\/v2\/product_brand?post=957"},{"taxonomy":"product_cat","embeddable":true,"href":"https:\/\/fmp-components.com\/pl\/wp-json\/wp\/v2\/product_cat?post=957"},{"taxonomy":"product_tag","embeddable":true,"href":"https:\/\/fmp-components.com\/pl\/wp-json\/wp\/v2\/product_tag?post=957"}],"curies":[{"name":"wp","href":"https:\/\/api.w.org\/{rel}","templated":true}]}}