{"id":955,"date":"2024-12-19T03:39:43","date_gmt":"2024-12-19T03:39:43","guid":{"rendered":"https:\/\/fmp-components.com\/product\/10035-factory-direct-sale-small-double-acting-trailer-hydraulic-cylinder\/"},"modified":"2024-12-19T08:51:02","modified_gmt":"2024-12-19T08:51:02","slug":"10035-factory-direct-sale-small-double-acting-trailer-hydraulic-cylinder","status":"publish","type":"product","link":"https:\/\/fmp-components.com\/pl\/product\/10035-factory-direct-sale-small-double-acting-trailer-hydraulic-cylinder\/","title":{"rendered":"10035 Sprzeda\u017c bezpo\u015brednia z fabryki Ma\u0142y dwustronnego dzia\u0142ania hydrauliczny si\u0142ownik przyczepy"},"content":{"rendered":"<p>Ma\u0142y si\u0142ownik hydrauliczny dwustronnego dzia\u0142ania do przyczep, model 10035, sprzedawany bezpo\u015brednio w fabryce, zosta\u0142 zaprojektowany specjalnie z my\u015bl\u0105 o wydajnej pracy w przyczepach. Ten kompaktowy si\u0142ownik hydrauliczny zapewnia niezawodne podnoszenie i opuszczanie, co czyni go niezb\u0119dnym elementem r\u00f3\u017cnych typ\u00f3w przyczep.<\/p>\n<h4>G\u0142\u00f3wne cechy:<\/h4>\n<ul>\n<li><strong>Konstrukcja dwustronnego dzia\u0142ania:<\/strong><br \/>\nMechanizm dwustronnego dzia\u0142ania umo\u017cliwia p\u0142ynne wysuwanie i zsuwanie, zapewniaj\u0105c precyzyjn\u0105 kontrol\u0119 podczas pracy. Ta funkcja zwi\u0119ksza og\u00f3ln\u0105 wydajno\u015b\u0107 funkcji przyczepy, gwarantuj\u0105c p\u0142ynn\u0105 prac\u0119.<\/li>\n<li><strong>Kompaktowy rozmiar:<\/strong><br \/>\nNiewielka konstrukcja si\u0142ownika hydraulicznego 10035 idealnie sprawdza si\u0119 w zastosowaniach o ograniczonej przestrzeni. Jego kompaktowa budowa nie wp\u0142ywa negatywnie na wytrzyma\u0142o\u015b\u0107, dzi\u0119ki czemu jest skuteczny w przypadku r\u00f3\u017cnych konfiguracji przyczep.<\/li>\n<li><strong>Trwa\u0142a konstrukcja:<\/strong><br \/>\nWykonany z wysokiej jako\u015bci materia\u0142\u00f3w, ten si\u0142ownik hydrauliczny zosta\u0142 zaprojektowany tak, aby sprosta\u0107 trudnym warunkom eksploatacji przyczep. Jego solidna konstrukcja gwarantuje d\u0142ugotrwa\u0142\u0105 niezawodno\u015b\u0107 i wydajno\u015b\u0107.<\/li>\n<li><strong>Wszechstronne zastosowania:<\/strong><br \/>\nSi\u0142ownik hydrauliczny 10035 nadaje si\u0119 do r\u00f3\u017cnych zastosowa\u0144 w przyczepach, w tym przyczepach z p\u0142ask\u0105 platform\u0105, przyczepach wywrotkach i przyczepach u\u017cytkowych. Jest na tyle wszechstronny, \u017ce sprosta zr\u00f3\u017cnicowanym potrzebom operacyjnym.<\/li>\n<li><strong>Sprzeda\u017c bezpo\u015brednio z fabryki:<\/strong><br \/>\nZakup bezpo\u015brednio u producenta gwarantuje konkurencyjne ceny i doskona\u0142\u0105 kontrol\u0119 jako\u015bci. To ekonomiczne rozwi\u0105zanie oferuje klientom, kt\u00f3rzy chc\u0105 udoskonali\u0107 swoje systemy przyczep, doskona\u0142\u0105 warto\u015b\u0107.<\/li>\n<\/ul>\n<p><img decoding=\"async\" src=\"https:\/\/hzpt.com\/wp-content\/uploads\/2023\/12\/random-2.webp\" alt=\"\" title=\"\"><\/p>\n<h4>Dane techniczne:<\/h4>\n<table style=\"width: 92.0135%; height: 220px;\">\n<thead>\n<tr>\n<th>Specyfikacja<\/th>\n<th>Opis<\/th>\n<\/tr>\n<\/thead>\n<tbody>\n<tr>\n<td><strong>No\u015bno\u015b\u0107<\/strong><\/td>\n<td>Mo\u017cliwo\u015b\u0107 dostosowania<\/td>\n<\/tr>\n<tr>\n<td><strong>Rozmiar otworu<\/strong><\/td>\n<td>Dost\u0119pne r\u00f3\u017cne opcje<\/td>\n<\/tr>\n<tr>\n<td><strong>D\u0142ugo\u015b\u0107 skoku<\/strong><\/td>\n<td>Mo\u017cliwo\u015b\u0107 dostosowania<\/td>\n<\/tr>\n<tr>\n<td><strong>Maksymalne ci\u015bnienie<\/strong><\/td>\n<td>Do 3000 PSI<\/td>\n<\/tr>\n<tr>\n<td><strong>Tworzywo<\/strong><\/td>\n<td>Wysokiej jako\u015bci stal<\/td>\n<\/tr>\n<tr>\n<td><strong>Typ po\u0142\u0105czenia<\/strong><\/td>\n<td>Ko\u0142nierzowe lub gwintowane<\/td>\n<\/tr>\n<\/tbody>\n<\/table>\n<h4>Zasada dzia\u0142ania:<\/h4>\n<p>Ma\u0142y si\u0142ownik hydrauliczny dwustronnego dzia\u0142ania do przyczep 10035 dzia\u0142a na zasadzie ci\u015bnienia p\u0142ynu hydraulicznego. Po wt\u0142oczeniu p\u0142ynu hydraulicznego do cylindra, wywiera on si\u0142\u0119 na t\u0142ok, generuj\u0105c ruch liniowy w obu kierunkach. To efektywne przenoszenie mocy pozwala na precyzyjn\u0105 kontrol\u0119 nad prac\u0105 przyczepy, zwi\u0119kszaj\u0105c og\u00f3ln\u0105 wydajno\u015b\u0107.<\/p>\n<p>Podsumowuj\u0105c, ma\u0142y si\u0142ownik hydrauliczny dwustronnego dzia\u0142ania do przyczep 10035, dost\u0119pny w sprzeda\u017cy fabrycznej, to niezawodne i wydajne rozwi\u0105zanie do zastosowa\u0144 w przyczepach. Jego trwa\u0142a konstrukcja, kompaktowa budowa i wszechstronna funkcjonalno\u015b\u0107 sprawiaj\u0105, \u017ce jest to niezb\u0119dne narz\u0119dzie dla ka\u017cdego, kto chce poprawi\u0107 wydajno\u015b\u0107 swoich system\u00f3w przyczep.<\/p>\n<p>&nbsp;<\/p>\n<p><img decoding=\"async\" src=\"https:\/\/hzpt.com\/wp-content\/uploads\/2023\/12\/random-5.webp\" alt=\"\" title=\"\"><\/p>\n<h2>Najcz\u0119\u015bciej zadawane pytania dotycz\u0105ce si\u0142ownik\u00f3w hydraulicznych FMP<\/h2>\n<dl>\n<dt>P1: Jaka jest rola si\u0142ownika hydraulicznego?<\/dt>\n<dd>A1: Si\u0142ownik hydrauliczny zapewnia si\u0142\u0119 i ruch w zastosowaniach, w kt\u00f3rych s\u0105 one potrzebne.<\/dd>\n<dt>P2: Jak wybra\u0107 odpowiedni olej hydrauliczny i uszczelnienia?<\/dt>\n<dd>A2: Dob\u00f3r oleju hydraulicznego i uszczelnie\u0144 zale\u017cy od konkretnego zastosowania i warunk\u00f3w pracy si\u0142ownika hydraulicznego.<\/dd>\n<dt>P3: Jak cz\u0119sto powinienem wymienia\u0107 podzespo\u0142y w moim si\u0142owniku hydraulicznym?<\/dt>\n<dd>A3: Cz\u0119stotliwo\u015b\u0107 wymiany zale\u017cy od sposobu u\u017cytkowania i konserwacji cylindra hydraulicznego.<\/dd>\n<dt>P4: Jaka jest wydajno\u015b\u0107 si\u0142ownik\u00f3w hydraulicznych FMP?<\/dt>\n<dd>A4: FMP ma projektowan\u0105 wydajno\u015b\u0107 200 000 zestaw\u00f3w cylindr\u00f3w hydraulicznych.<\/dd>\n<dt>P5: Czy mog\u0119 dostosowa\u0107 m\u00f3j si\u0142ownik hydrauliczny?<\/dt>\n<dd>A5: Tak, FMP akceptuje dostosowanie do Twoich konkretnych wymaga\u0144.<\/dd>\n<\/dl>\n<h2>Zalety cylindra spawanego typu tr\u00f3jnikowego<\/h2>\n<ul>\n<li style=\"list-style-type: none;\">\n<ul>\n<li><strong>Zwi\u0119kszona si\u0142a:<\/strong> Spawane cylindry typu tee s\u0105 znane ze swojej wysokiej wytrzyma\u0142o\u015bci, dzi\u0119ki czemu nadaj\u0105 si\u0119 do zastosowa\u0144 wymagaj\u0105cych podnoszenia ci\u0119\u017car\u00f3w. Proces spawania stosowany podczas produkcji tych cylindr\u00f3w zapewnia, \u017ce cylinder jest wolny od s\u0142abych punkt\u00f3w i mo\u017ce wytrzyma\u0107 wysokie ci\u015bnienie i napr\u0119\u017cenia.<\/li>\n<\/ul>\n<\/li>\n<\/ul>\n<p>Gdy na cylinder wywierany jest nacisk, rozprowadza si\u0119 on r\u00f3wnomiernie po ca\u0142ej powierzchni, co czyni go odpornym na odkszta\u0142cenia. Ta cecha zapewnia, \u017ce cylinder mo\u017ce zachowa\u0107 sw\u00f3j kszta\u0142t i integralno\u015b\u0107 strukturaln\u0105 nawet w ekstremalnych warunkach.<\/p>\n<ul>\n<li style=\"list-style-type: none;\">\n<ul>\n<li><strong>Zapobieganie wyciekom:<\/strong> Spawane cylindry typu tee s\u0105 zaprojektowane tak, aby zapobiega\u0107 wyciekom. Proces spawania stosowany podczas procesu produkcji zapewnia, \u017ce cylinder jest ca\u0142kowicie szczelny i wolny od wszelkich mo\u017cliwych wyciek\u00f3w. Ta cecha sprawia, \u017ce nadaj\u0105 si\u0119 do stosowania w zastosowaniach, w kt\u00f3rych wyciek m\u00f3g\u0142by spowodowa\u0107 powa\u017cne uszkodzenia lub obra\u017cenia.<\/li>\n<\/ul>\n<\/li>\n<\/ul>\n<p>Po\u0142\u0105czenia spawane s\u0105 g\u0142adkie, bez szczelin czy rowk\u00f3w, w kt\u00f3rych mog\u0142yby gromadzi\u0107 si\u0119 zanieczyszczenia lub brud, co zmniejsza ryzyko korozji i uszkodzenia cylindra.<\/p>\n<ul>\n<li style=\"list-style-type: none;\">\n<ul>\n<li><strong>Mo\u017cliwo\u015b\u0107 dostosowania:<\/strong> Spawane cylindry typu tee mo\u017cna dostosowa\u0107 do konkretnych zastosowa\u0144. Cylindry s\u0105 dost\u0119pne w r\u00f3\u017cnych rozmiarach i kszta\u0142tach i mog\u0105 by\u0107 wytwarzane tak, aby spe\u0142nia\u0142y konkretne wymagania danego zastosowania.<\/li>\n<\/ul>\n<\/li>\n<\/ul>\n<p>Proces dostosowywania pozwala na optymalizacj\u0119 wydajno\u015bci cylindra, zapewniaj\u0105c, \u017ce jest on odpowiedni do zamierzonego zastosowania. Ta cecha sprawia, \u017ce spawane cylindry typu tee s\u0105 idealne do stosowania w r\u00f3\u017cnych zastosowaniach przemys\u0142owych, w tym w budownictwie, g\u00f3rnictwie i transporcie materia\u0142\u00f3w.<\/p>\n<ul>\n<li style=\"list-style-type: none;\">\n<ul>\n<li><strong>Op\u0142acalno\u015b\u0107:<\/strong> Spawane cylindry typu tee s\u0105 op\u0142acalne w por\u00f3wnaniu do innych typ\u00f3w cylindr\u00f3w. Proces produkcji tych cylindr\u00f3w jest prosty, co czyni je ta\u0144szymi od innych typ\u00f3w cylindr\u00f3w.<\/li>\n<\/ul>\n<\/li>\n<\/ul>\n<p>Ponadto wysoka wytrzyma\u0142o\u015b\u0107 i trwa\u0142o\u015b\u0107 spawanych cylindr\u00f3w typu tee zmniejszaj\u0105 potrzeb\u0119 cz\u0119stych napraw i wymian, co pozwala zaoszcz\u0119dzi\u0107 na kosztach konserwacji. Ta cecha sprawia, \u017ce s\u0105 one popularnym wyborem dla wielu bran\u017c, szczeg\u00f3lnie tych o ograniczonym bud\u017cecie.<\/p>\n<ul>\n<li style=\"list-style-type: none;\">\n<ul>\n<li><strong>Zwi\u0119kszona wydajno\u015b\u0107:<\/strong> Spawane cylindry typu tee s\u0105 wysoce wydajne i skuteczne. Konstrukcja cylindra zapewnia, \u017ce si\u0142a przy\u0142o\u017cona jest przenoszona bezpo\u015brednio na obci\u0105\u017cenie, co zmniejsza straty energii i zwi\u0119ksza wydajno\u015b\u0107.<\/li>\n<\/ul>\n<\/li>\n<\/ul>\n<p>Spawane po\u0142\u0105czenia s\u0105 mocne i sztywne, minimalizuj\u0105c ugi\u0119cie i zapewniaj\u0105c, \u017ce cylinder zachowuje sw\u00f3j kszta\u0142t i integralno\u015b\u0107 strukturaln\u0105 nawet w ekstremalnych warunkach. Ta cecha sprawia, \u017ce spawane cylindry typu tee s\u0105 idealne do zastosowa\u0144 wymagaj\u0105cych wysokiej wydajno\u015bci i niezawodno\u015bci.<\/p>\n<p><img loading=\"lazy\" decoding=\"async\" class=\"size-full wp-image-974 aligncenter\" src=\"https:\/\/fmp-components.com\/wp-content\/uploads\/2024\/12\/application-of-Welded-Tee-Type-Cylinder.webp\" alt=\"zastosowanie cylindra spawanego typu tr\u00f3jnika\" width=\"760\" height=\"860\" title=\"\" srcset=\"https:\/\/fmp-components.com\/wp-content\/uploads\/2024\/12\/application-of-Welded-Tee-Type-Cylinder.webp 760w, https:\/\/fmp-components.com\/wp-content\/uploads\/2024\/12\/application-of-Welded-Tee-Type-Cylinder-480x543.webp 480w\" sizes=\"(min-width: 0px) and (max-width: 480px) 480px, (min-width: 481px) 760px, 100vw\" \/><\/p>\n<h2>Zastosowanie cylindra spawanego typu tr\u00f3jnikowego<\/h2>\n<ul>\n<li>\n<h3>Maszyny i urz\u0105dzenia przemys\u0142owe<\/h3>\n<p>Spawany cylinder typu Tee jest szeroko stosowany w maszynach i urz\u0105dzeniach przemys\u0142owych, szczeg\u00f3lnie w uk\u0142adach hydraulicznych. Cylinder sk\u0142ada si\u0119 z t\u0142oka i rury cylindra, kt\u00f3re s\u0105 zespawane razem, tworz\u0105c pojedyncz\u0105 jednostk\u0119. Ta konstrukcja oferuje kilka zalet w por\u00f3wnaniu z innymi typami cylindr\u00f3w, takich jak zwi\u0119kszona trwa\u0142o\u015b\u0107, wi\u0119ksza wytrzyma\u0142o\u015b\u0107 i wi\u0119ksza precyzja.<\/p>\n<p>Jednym z najwa\u017cniejszych zastosowa\u0144 spawanego cylindra typu Tee w maszynach przemys\u0142owych jest jego zdolno\u015b\u0107 do zapewniania sta\u0142ej i dok\u0142adnej si\u0142y. Jest to niezb\u0119dne w wielu procesach produkcyjnych, w kt\u00f3rych wymagana jest precyzyjna kontrola w celu zapewnienia jako\u015bci produktu ko\u0144cowego. Spawany cylinder typu Tee mo\u017ce by\u0107 r\u00f3wnie\u017c u\u017cywany do regulacji przep\u0142ywu p\u0142yn\u00f3w w uk\u0142adach hydraulicznych, co pozwala na wi\u0119ksz\u0105 wydajno\u015b\u0107 i niezawodno\u015b\u0107 w r\u00f3\u017cnych zastosowaniach przemys\u0142owych.<\/li>\n<li>\n<h3>Sprz\u0119t rolniczy<\/h3>\n<p>Spawany cylinder typu Tee jest r\u00f3wnie\u017c powszechnie stosowany w sprz\u0119cie rolniczym, takim jak traktory i kombajny. Maszyny te wymagaj\u0105 mocnych i niezawodnych uk\u0142ad\u00f3w hydraulicznych, aby dzia\u0142a\u0107 skutecznie, a spawany cylinder typu Tee jest idealnym wyborem do tego celu.<\/p>\n<p>Solidna konstrukcja i wysoka wytrzyma\u0142o\u015b\u0107 cylindra sprawiaj\u0105, \u017ce jest on wysoce odporny na zu\u017cycie i rozdarcie, nawet w trudnych warunkach pracy. Dzi\u0119ki temu jest idealnym wyborem do stosowania w sprz\u0119cie rolniczym, gdzie trwa\u0142o\u015b\u0107 jest kluczowym czynnikiem. Spawany cylinder typu tr\u00f3jnikowego mo\u017ce by\u0107 r\u00f3wnie\u017c u\u017cywany do zapewnienia precyzyjnej kontroli wymaganej w wielu procesach rolniczych, takich jak sadzenie, zbiory i nawadnianie.<\/li>\n<li>\n<h3>Sprz\u0119t budowlany<\/h3>\n<p>Spawany cylinder typu Tee jest r\u00f3wnie\u017c szeroko stosowany w sprz\u0119cie budowlanym, takim jak koparki, koparki i spychacze. Maszyny te wymagaj\u0105 mocnych i niezawodnych uk\u0142ad\u00f3w hydraulicznych do wykonywania ci\u0119\u017ckich zada\u0144, takich jak kopanie, podnoszenie i pchanie ci\u0119\u017ckich \u0142adunk\u00f3w.<\/p>\n<p>Wysoka wytrzyma\u0142o\u015b\u0107 i trwa\u0142o\u015b\u0107 spawanego cylindra typu Tee sprawiaj\u0105, \u017ce jest on idealnym wyborem do stosowania w sprz\u0119cie budowlanym. Jego zdolno\u015b\u0107 do zapewnienia precyzyjnej kontroli i sta\u0142ej si\u0142y jest niezb\u0119dna w wielu procesach budowlanych, takich jak wykopy, profilowanie i uk\u0142adanie nawierzchni. Spawany cylinder typu Tee mo\u017ce by\u0107 r\u00f3wnie\u017c stosowany do regulacji przep\u0142ywu p\u0142yn\u00f3w w uk\u0142adach hydraulicznych, co poprawia wydajno\u015b\u0107 i niezawodno\u015b\u0107 sprz\u0119tu budowlanego w r\u00f3\u017cnych zastosowaniach.<\/li>\n<\/ul>\n<h3>O FMP<\/h3>\n<p>Firma FMP, z ponad 30-letnim do\u015bwiadczeniem we W\u0142oszech, jest wiod\u0105cym producentem i dostawc\u0105 r\u00f3\u017cnego rodzaju si\u0142ownik\u00f3w hydraulicznych. Nasz obszar przemys\u0142owy dysponuje ponad 100 najnowocze\u015bniejszymi urz\u0105dzeniami, w tym automatycznymi spawarkami w os\u0142onie gaz\u00f3w ochronnych, wiertarkami do g\u0142\u0119bokich otwor\u00f3w, tokarkami CNC, szlifierkami do wa\u0142k\u00f3w, automatycznymi maszynami czyszcz\u0105cymi, automatycznymi maszynami monta\u017cowymi, automatycznymi stanowiskami do testowania wydajno\u015bci si\u0142ownik\u00f3w hydraulicznych, automatycznymi liniami lakierniczymi i wieloma innymi.<\/p>\n<p>Ka\u017cdy cylinder hydrauliczny produkowany przez FMP przechodzi rygorystyczn\u0105 obr\u00f3bk\u0119 i kontrol\u0119, aby zapewni\u0107 naszym cenionym klientom wysokie standardy jako\u015bci. Jeste\u015bmy dumni, \u017ce oferujemy szerok\u0105 gam\u0119 produkt\u00f3w i us\u0142ug, kt\u00f3re odpowiadaj\u0105 Pa\u0144stwa indywidualnym potrzebom.<\/p>\n<ol>\n<li><strong>Us\u0142uga projektowa:<\/strong> Nasz do\u015bwiadczony zesp\u00f3\u0142 projektowy jest w stanie zaj\u0105\u0107 si\u0119 projektowaniem i rozwojem wa\u0142\u00f3w uniwersalnych. Niezale\u017cnie od tego, czy potrzebujesz nowych produkt\u00f3w, czy ulepsze\u0144 istniej\u0105cych, jeste\u015bmy do Twojej dyspozycji.<\/li>\n<li><strong>Us\u0142uga produktu:<\/strong> Nasza kompleksowa obs\u0142uga produktu obejmuje ca\u0142y proces: od pozyskiwania surowc\u00f3w, przez ci\u0119cie, obr\u00f3bk\u0119 wst\u0119pn\u0105, testowanie, czyszczenie, monta\u017c, pakowanie i transport.<\/li>\n<li><strong>Przyk\u0142adowy proces:<\/strong> Jeste\u015bmy w stanie przygotowa\u0107 pr\u00f3bki wed\u0142ug Pa\u0144stwa wymaga\u0144 i stale je modyfikowa\u0107, aby spe\u0142nia\u0142y Pa\u0144stwa specyficzne potrzeby.<\/li>\n<li><strong>Badania i rozw\u00f3j:<\/strong> W miar\u0119 jak pojawiaj\u0105 si\u0119 nowe wymagania rynku zwi\u0105zane z wprowadzaniem nowych pojazd\u00f3w, podejmujemy proaktywne dzia\u0142ania, analizuj\u0105c rynek i opracowuj\u0105c nowe modele, kt\u00f3re odpowiadaj\u0105 tym potrzebom.<\/li>\n<li><strong>Personalizacja:<\/strong> W FMP specjalizujemy si\u0119 w produkcji i sprzeda\u017cy r\u00f3\u017cnych typ\u00f3w si\u0142ownik\u00f3w hydraulicznych, oferuj\u0105c rozwi\u0105zania dostosowane do indywidualnych potrzeb klient\u00f3w.<\/li>\n<\/ol>\n<p><img decoding=\"async\" src=\"https:\/\/fmp-components.com\/wp-content\/uploads\/2024\/12\/fmp-factory-4.webp\" alt=\"Fabryka FMP\" width=\"800\" title=\"\"><br \/>\nAutor:CX<\/p>","protected":false},"excerpt":{"rendered":"<p>The 10035 Factory Direct Sale Small Double Acting Trailer Hydraulic Cylinder is specifically designed for efficient performance in trailer applications. This compact hydraulic cylinder provides reliable lifting and lowering capabilities, making it an essential component for various trailer types. Key Features: Double Acting Design: The double acting mechanism allows for seamless extension and retraction, providing [&hellip;]<\/p>","protected":false},"featured_media":1133,"comment_status":"closed","ping_status":"closed","template":"","meta":{"_et_pb_use_builder":"","_et_pb_old_content":"","_et_gb_content_width":""},"product_brand":[],"product_cat":[31],"product_tag":[34,35],"class_list":{"0":"post-955","1":"product","2":"type-product","3":"status-publish","4":"has-post-thumbnail","6":"product_cat-welded-tee-type-cylinder","7":"product_tag-hydraulic-cylinder","8":"product_tag-welded-tee-type-cylinder","10":"first","11":"instock","12":"product-type-simple"},"_links":{"self":[{"href":"https:\/\/fmp-components.com\/pl\/wp-json\/wp\/v2\/product\/955","targetHints":{"allow":["GET"]}}],"collection":[{"href":"https:\/\/fmp-components.com\/pl\/wp-json\/wp\/v2\/product"}],"about":[{"href":"https:\/\/fmp-components.com\/pl\/wp-json\/wp\/v2\/types\/product"}],"replies":[{"embeddable":true,"href":"https:\/\/fmp-components.com\/pl\/wp-json\/wp\/v2\/comments?post=955"}],"wp:featuredmedia":[{"embeddable":true,"href":"https:\/\/fmp-components.com\/pl\/wp-json\/wp\/v2\/media\/1133"}],"wp:attachment":[{"href":"https:\/\/fmp-components.com\/pl\/wp-json\/wp\/v2\/media?parent=955"}],"wp:term":[{"taxonomy":"product_brand","embeddable":true,"href":"https:\/\/fmp-components.com\/pl\/wp-json\/wp\/v2\/product_brand?post=955"},{"taxonomy":"product_cat","embeddable":true,"href":"https:\/\/fmp-components.com\/pl\/wp-json\/wp\/v2\/product_cat?post=955"},{"taxonomy":"product_tag","embeddable":true,"href":"https:\/\/fmp-components.com\/pl\/wp-json\/wp\/v2\/product_tag?post=955"}],"curies":[{"name":"wp","href":"https:\/\/api.w.org\/{rel}","templated":true}]}}