{"id":953,"date":"2024-12-19T03:39:43","date_gmt":"2024-12-19T03:39:43","guid":{"rendered":"https:\/\/fmp-components.com\/product\/10033-good-quality-mini-hydraulic-cylinder-double-acting-for-tractor\/"},"modified":"2024-12-19T08:48:11","modified_gmt":"2024-12-19T08:48:11","slug":"10033-good-quality-mini-hydraulic-cylinder-double-acting-for-tractor","status":"publish","type":"product","link":"https:\/\/fmp-components.com\/pl\/product\/10033-good-quality-mini-hydraulic-cylinder-double-acting-for-tractor\/","title":{"rendered":"10033 Dobrej jako\u015bci miniaturowy si\u0142ownik hydrauliczny dwustronnego dzia\u0142ania do ci\u0105gnika"},"content":{"rendered":"<p>Wysokiej jako\u015bci minisi\u0142ownik hydrauliczny 10033 zosta\u0142 zaprojektowany specjalnie do zastosowa\u0144 w ci\u0105gnikach, oferuj\u0105c niezawodn\u0105 wydajno\u015b\u0107 i wydajn\u0105 prac\u0119. Ten dwustronnego dzia\u0142ania si\u0142ownik hydrauliczny jest kompaktowy, a jednocze\u015bnie mocny, co czyni go niezb\u0119dnym elementem w r\u00f3\u017cnych zastosowaniach rolniczych.<\/p>\n<h4>G\u0142\u00f3wne cechy:<\/h4>\n<ul>\n<li><strong>Konstrukcja dwustronnego dzia\u0142ania:<\/strong><br \/>\nMechanizm dwustronnego dzia\u0142ania umo\u017cliwia p\u0142ynn\u0105 prac\u0119 zar\u00f3wno podczas wysuwania, jak i wsuwania, zapewniaj\u0105c doskona\u0142\u0105 kontrol\u0119 podczas podnoszenia i opuszczania. Ta funkcja zwi\u0119ksza wydajno\u015b\u0107 pracy ci\u0105gnika, dzi\u0119ki czemu idealnie nadaje si\u0119 do r\u00f3\u017cnorodnych zastosowa\u0144.<\/li>\n<li><strong>Rozmiar mini:<\/strong><br \/>\nKompaktowa konstrukcja si\u0142ownika hydraulicznego 10033 sprawia, \u017ce \u200b\u200bidealnie nadaje si\u0119 on do stosowania w ciasnych przestrzeniach ci\u0105gnik\u00f3w. Niewielkie wymiary nie wp\u0142ywaj\u0105 negatywnie na jego wytrzyma\u0142o\u015b\u0107, umo\u017cliwiaj\u0105c efektywn\u0105 prac\u0119 w r\u00f3\u017cnych zastosowaniach rolniczych.<\/li>\n<li><strong>Wysokiej jako\u015bci konstrukcja:<\/strong><br \/>\nWykonany z trwa\u0142ych materia\u0142\u00f3w, ten si\u0142ownik hydrauliczny zosta\u0142 zaprojektowany tak, aby sprosta\u0107 trudnym warunkom panuj\u0105cym w rolnictwie. Jego solidna konstrukcja gwarantuje d\u0142ugotrwa\u0142\u0105 niezawodno\u015b\u0107 i wydajno\u015b\u0107.<\/li>\n<li><strong>Wszechstronne zastosowania:<\/strong><br \/>\nSi\u0142ownik hydrauliczny 10033 nadaje si\u0119 do wielu zastosowa\u0144 w ci\u0105gnikach, w tym do podnoszenia narz\u0119dzi, opuszczania osprz\u0119tu i innych funkcji hydraulicznych. Jego wszechstronno\u015b\u0107 sprawia, \u017ce \u200b\u200bjest to cenne narz\u0119dzie dla rolnik\u00f3w i operator\u00f3w.<\/li>\n<li><strong>Rozwi\u0105zanie ekonomiczne:<\/strong><br \/>\nTen miniaturowy si\u0142ownik hydrauliczny oferuje doskona\u0142y stosunek jako\u015bci do ceny i niezawodn\u0105 prac\u0119 w przyst\u0119pnej cenie. To idealny wyb\u00f3r do modernizacji lub wymiany podzespo\u0142\u00f3w hydraulicznych w ci\u0105gnikach.<\/li>\n<\/ul>\n<p><img loading=\"lazy\" decoding=\"async\" class=\"size-full wp-image-977 aligncenter\" src=\"https:\/\/fmp-components.com\/wp-content\/uploads\/2024\/12\/Welded-Tee-Type-Cylinder3.webp\" alt=\"Spawany cylinder typu tr\u00f3jnik\" width=\"653\" height=\"600\" title=\"\" srcset=\"https:\/\/fmp-components.com\/wp-content\/uploads\/2024\/12\/Welded-Tee-Type-Cylinder3.webp 653w, https:\/\/fmp-components.com\/wp-content\/uploads\/2024\/12\/Welded-Tee-Type-Cylinder3-480x441.webp 480w\" sizes=\"(min-width: 0px) and (max-width: 480px) 480px, (min-width: 481px) 653px, 100vw\" \/><\/p>\n<h4>Dane techniczne:<\/h4>\n<table style=\"width: 100.145%; height: 246px;\">\n<thead>\n<tr>\n<th>Specyfikacja<\/th>\n<th>Opis<\/th>\n<\/tr>\n<\/thead>\n<tbody>\n<tr>\n<td><strong>No\u015bno\u015b\u0107<\/strong><\/td>\n<td>Mo\u017cliwo\u015b\u0107 dostosowania<\/td>\n<\/tr>\n<tr>\n<td><strong>Rozmiar otworu<\/strong><\/td>\n<td>Dost\u0119pne r\u00f3\u017cne opcje<\/td>\n<\/tr>\n<tr>\n<td><strong>D\u0142ugo\u015b\u0107 skoku<\/strong><\/td>\n<td>Mo\u017cliwo\u015b\u0107 dostosowania<\/td>\n<\/tr>\n<tr>\n<td><strong>Maksymalne ci\u015bnienie<\/strong><\/td>\n<td>Do 3000 PSI<\/td>\n<\/tr>\n<tr>\n<td><strong>Tworzywo<\/strong><\/td>\n<td>Wysokiej jako\u015bci stal lub aluminium<\/td>\n<\/tr>\n<tr>\n<td><strong>Typ po\u0142\u0105czenia<\/strong><\/td>\n<td>Ko\u0142nierzowe lub gwintowane<\/td>\n<\/tr>\n<\/tbody>\n<\/table>\n<h4>Zasada dzia\u0142ania:<\/h4>\n<p>Miniaturowy si\u0142ownik hydrauliczny 10033 dzia\u0142a na zasadzie ci\u015bnienia p\u0142ynu hydraulicznego. Po wprowadzeniu p\u0142ynu hydraulicznego do si\u0142ownika, wywiera on si\u0142\u0119 na t\u0142ok, generuj\u0105c ruch liniowy w obu kierunkach. To efektywne przenoszenie mocy pozwala na precyzyjn\u0105 kontrol\u0119 pracy ci\u0105gnika, zwi\u0119kszaj\u0105c og\u00f3ln\u0105 wydajno\u015b\u0107.<\/p>\n<p>Podsumowuj\u0105c, wysokiej jako\u015bci mini si\u0142ownik hydrauliczny dwustronnego dzia\u0142ania 10033 do ci\u0105gnik\u00f3w to niezawodne i wydajne rozwi\u0105zanie do zastosowa\u0144 rolniczych. Jego trwa\u0142a konstrukcja, kompaktowa budowa i wszechstronno\u015b\u0107 sprawiaj\u0105, \u017ce jest to niezb\u0119dne narz\u0119dzie do poprawy wydajno\u015bci i efektywno\u015bci ci\u0105gnik\u00f3w.<\/p>\n<p><img decoding=\"async\" class=\"aligncenter\" src=\"https:\/\/hzpt.com\/wp-content\/uploads\/2023\/12\/random-3.webp\" alt=\"\" title=\"\"><\/p>\n<h2>Cz\u0119sto zadawane pytania<\/h2>\n<dl>\n<dt>P1: Jaka jest wydajno\u015b\u0107 si\u0142ownika hydraulicznego?<\/dt>\n<dd>A1: Si\u0142ownik hydrauliczny jest dwustronnego dzia\u0142ania.<\/dd>\n<dt>P2: Jaka jest no\u015bno\u015b\u0107 produktu?<\/dt>\n<dd>A2: Produkt ma wysok\u0105 no\u015bno\u015b\u0107.<\/dd>\n<dt>P3: Czy produkt jest energooszcz\u0119dny?<\/dt>\n<dd>A3: Tak, si\u0142ownik hydrauliczny wykorzystuje moc efektywnie, co przek\u0142ada si\u0119 na mniejsze zu\u017cycie energii.<\/dd>\n<dt>P4: Jakie \u015brodki bezpiecze\u0144stwa zastosowano w produkcie?<\/dt>\n<dd>A4: Produkt zosta\u0142 zaprojektowany z uwzgl\u0119dnieniem \u015brodk\u00f3w bezpiecze\u0144stwa maj\u0105cych na celu zapobieganie jakimkolwiek wypadkom podczas u\u017cytkowania.<\/dd>\n<dt>P5: Jakie jest zastosowanie tego si\u0142ownika hydraulicznego?<\/dt>\n<dd>A5: Ten si\u0142ownik hydrauliczny jest stosowany g\u0142\u00f3wnie w ci\u0105gnikach do r\u00f3\u017cnych operacji.<\/dd>\n<\/dl>\n<h2>Zalety cylindra spawanego typu tr\u00f3jnikowego<\/h2>\n<ul>\n<li style=\"list-style-type: none;\">\n<ul>\n<li><strong>Zwi\u0119kszona si\u0142a:<\/strong> Spawane cylindry typu tee s\u0105 znane ze swojej wysokiej wytrzyma\u0142o\u015bci, dzi\u0119ki czemu nadaj\u0105 si\u0119 do zastosowa\u0144 wymagaj\u0105cych podnoszenia ci\u0119\u017car\u00f3w. Proces spawania stosowany podczas produkcji tych cylindr\u00f3w zapewnia, \u017ce cylinder jest wolny od s\u0142abych punkt\u00f3w i mo\u017ce wytrzyma\u0107 wysokie ci\u015bnienie i napr\u0119\u017cenia.<\/li>\n<\/ul>\n<\/li>\n<\/ul>\n<p>Gdy na cylinder wywierany jest nacisk, rozprowadza si\u0119 on r\u00f3wnomiernie po ca\u0142ej powierzchni, co czyni go odpornym na odkszta\u0142cenia. Ta cecha zapewnia, \u017ce cylinder mo\u017ce zachowa\u0107 sw\u00f3j kszta\u0142t i integralno\u015b\u0107 strukturaln\u0105 nawet w ekstremalnych warunkach.<\/p>\n<ul>\n<li style=\"list-style-type: none;\">\n<ul>\n<li><strong>Zapobieganie wyciekom:<\/strong> Spawane cylindry typu tee s\u0105 zaprojektowane tak, aby zapobiega\u0107 wyciekom. Proces spawania stosowany podczas procesu produkcji zapewnia, \u017ce cylinder jest ca\u0142kowicie szczelny i wolny od wszelkich mo\u017cliwych wyciek\u00f3w. Ta cecha sprawia, \u017ce nadaj\u0105 si\u0119 do stosowania w zastosowaniach, w kt\u00f3rych wyciek m\u00f3g\u0142by spowodowa\u0107 powa\u017cne uszkodzenia lub obra\u017cenia.<\/li>\n<\/ul>\n<\/li>\n<\/ul>\n<p>Po\u0142\u0105czenia spawane s\u0105 g\u0142adkie, bez szczelin czy rowk\u00f3w, w kt\u00f3rych mog\u0142yby gromadzi\u0107 si\u0119 zanieczyszczenia lub brud, co zmniejsza ryzyko korozji i uszkodzenia cylindra.<\/p>\n<ul>\n<li style=\"list-style-type: none;\">\n<ul>\n<li><strong>Mo\u017cliwo\u015b\u0107 dostosowania:<\/strong> Spawane cylindry typu tee mo\u017cna dostosowa\u0107 do konkretnych zastosowa\u0144. Cylindry s\u0105 dost\u0119pne w r\u00f3\u017cnych rozmiarach i kszta\u0142tach i mog\u0105 by\u0107 wytwarzane tak, aby spe\u0142nia\u0142y konkretne wymagania danego zastosowania.<\/li>\n<\/ul>\n<\/li>\n<\/ul>\n<p>Proces dostosowywania pozwala na optymalizacj\u0119 wydajno\u015bci cylindra, zapewniaj\u0105c, \u017ce jest on odpowiedni do zamierzonego zastosowania. Ta cecha sprawia, \u017ce spawane cylindry typu tee s\u0105 idealne do stosowania w r\u00f3\u017cnych zastosowaniach przemys\u0142owych, w tym w budownictwie, g\u00f3rnictwie i transporcie materia\u0142\u00f3w.<\/p>\n<ul>\n<li style=\"list-style-type: none;\">\n<ul>\n<li><strong>Op\u0142acalno\u015b\u0107:<\/strong> Spawane cylindry typu tee s\u0105 op\u0142acalne w por\u00f3wnaniu do innych typ\u00f3w cylindr\u00f3w. Proces produkcji tych cylindr\u00f3w jest prosty, co czyni je ta\u0144szymi od innych typ\u00f3w cylindr\u00f3w.<\/li>\n<\/ul>\n<\/li>\n<\/ul>\n<p>Ponadto wysoka wytrzyma\u0142o\u015b\u0107 i trwa\u0142o\u015b\u0107 spawanych cylindr\u00f3w typu tee zmniejszaj\u0105 potrzeb\u0119 cz\u0119stych napraw i wymian, co pozwala zaoszcz\u0119dzi\u0107 na kosztach konserwacji. Ta cecha sprawia, \u017ce s\u0105 one popularnym wyborem dla wielu bran\u017c, szczeg\u00f3lnie tych o ograniczonym bud\u017cecie.<\/p>\n<ul>\n<li style=\"list-style-type: none;\">\n<ul>\n<li><strong>Zwi\u0119kszona wydajno\u015b\u0107:<\/strong> Spawane cylindry typu tee s\u0105 wysoce wydajne i skuteczne. Konstrukcja cylindra zapewnia, \u017ce si\u0142a przy\u0142o\u017cona jest przenoszona bezpo\u015brednio na obci\u0105\u017cenie, co zmniejsza straty energii i zwi\u0119ksza wydajno\u015b\u0107.<\/li>\n<\/ul>\n<\/li>\n<\/ul>\n<p>Spawane po\u0142\u0105czenia s\u0105 mocne i sztywne, minimalizuj\u0105c ugi\u0119cie i zapewniaj\u0105c, \u017ce cylinder zachowuje sw\u00f3j kszta\u0142t i integralno\u015b\u0107 strukturaln\u0105 nawet w ekstremalnych warunkach. Ta cecha sprawia, \u017ce spawane cylindry typu tee s\u0105 idealne do zastosowa\u0144 wymagaj\u0105cych wysokiej wydajno\u015bci i niezawodno\u015bci.<\/p>\n<p><img loading=\"lazy\" decoding=\"async\" class=\"size-full wp-image-974 aligncenter\" src=\"https:\/\/fmp-components.com\/wp-content\/uploads\/2024\/12\/application-of-Welded-Tee-Type-Cylinder.webp\" alt=\"zastosowanie cylindra spawanego typu tr\u00f3jnika\" width=\"760\" height=\"860\" title=\"\" srcset=\"https:\/\/fmp-components.com\/wp-content\/uploads\/2024\/12\/application-of-Welded-Tee-Type-Cylinder.webp 760w, https:\/\/fmp-components.com\/wp-content\/uploads\/2024\/12\/application-of-Welded-Tee-Type-Cylinder-480x543.webp 480w\" sizes=\"(min-width: 0px) and (max-width: 480px) 480px, (min-width: 481px) 760px, 100vw\" \/><\/p>\n<h2>Zastosowanie cylindra spawanego typu tr\u00f3jnikowego<\/h2>\n<h3>Wst\u0119p<\/h3>\n<p>Si\u0142ownik typu spawany tr\u00f3jnik to rodzaj si\u0142ownika hydraulicznego powszechnie stosowanego w zastosowaniach przemys\u0142owych. Zosta\u0142 zaprojektowany w celu zapewnienia du\u017cej si\u0142y wyj\u015bciowej w kompaktowej i ekonomicznej obudowie. Ten typ si\u0142ownika sk\u0142ada si\u0119 ze spawanego tr\u00f3jnika i t\u0142oczyska przymocowanego do tr\u00f3jnika. Tr\u00f3jnik jest po\u0142\u0105czony z cylindrem cylindra i zawiera t\u0142ok, kt\u00f3ry porusza si\u0119 tam i z powrotem wewn\u0105trz cylindra, generuj\u0105c si\u0142\u0119.<\/p>\n<h3>Zalety cylindra spawanego typu tr\u00f3jnikowego<\/h3>\n<p>Stosowanie cylindr\u00f3w spawanych typu T w zastosowaniach przemys\u0142owych niesie ze sob\u0105 szereg zalet:<\/p>\n<ul>\n<li><b>Kompaktowa konstrukcja:<\/b> Cylindry spawane typu T s\u0105 zaprojektowane tak, aby by\u0142y kompaktowe, dzi\u0119ki czemu idealnie nadaj\u0105 si\u0119 do stosowania w miejscach o ograniczonej przestrzeni.<\/li>\n<li><b>Wysoka wydajno\u015b\u0107:<\/b> Cylindry spawane typu T s\u0105 bardzo wydajne, co oznacza, \u017ce \u200b\u200bmog\u0105 generowa\u0107 du\u017c\u0105 si\u0142\u0119 przy minimalnym nak\u0142adzie energii.<\/li>\n<li><b>Wytrzyma\u0142y:<\/b> Cylindry spawane typu T s\u0105 zaprojektowane tak, aby by\u0142y bardzo trwa\u0142e, co oznacza, \u017ce \u200b\u200bmog\u0105 wytrzyma\u0107 trudne warunki pracy i s\u0142u\u017cy\u0107 przez d\u0142ugi czas.<\/li>\n<li><b>Op\u0142acalne:<\/b> Cylindry spawane typu T s\u0105 ekonomiczne, co oznacza, \u017ce \u200b\u200boferuj\u0105 dobry stosunek jako\u015bci do ceny.<\/li>\n<\/ul>\n<h3>Zastosowania cylindr\u00f3w spawanych typu tr\u00f3jnikowego<\/h3>\n<p>Istnieje wiele zastosowa\u0144 dla cylindr\u00f3w spawanych typu T w r\u00f3\u017cnych ga\u0142\u0119ziach przemys\u0142u, w tym:<\/p>\n<ul>\n<li><b>Produkcja:<\/b> Cylindry spawane typu T s\u0105 wykorzystywane w produkcji do obs\u0142ugi maszyn, przenoszenia ci\u0119\u017ckich \u0142adunk\u00f3w i kszta\u0142towania cz\u0119\u015bci metalowych.<\/li>\n<li><b>Rolnictwo:<\/b> Cylindry typu T spawane stosowane s\u0105 w rolnictwie do obs\u0142ugi uk\u0142ad\u00f3w hydraulicznych w ci\u0105gnikach, kombajnach i innym sprz\u0119cie rolniczym.<\/li>\n<li><b>Budowa:<\/b> Cylindry typu T spawane s\u0105 stosowane w budownictwie do obs\u0142ugi maszyn takich jak d\u017awigi, koparki i koparki podsi\u0119bierne.<\/li>\n<li><b>G\u00f3rnictwo:<\/b> Cylindry typu T spawane s\u0105 stosowane w g\u00f3rnictwie do obs\u0142ugi uk\u0142ad\u00f3w hydraulicznych ci\u0119\u017ckiego sprz\u0119tu, takiego jak buldo\u017cery, \u0142adowarki i wiertnice do ska\u0142.<\/li>\n<li><b>Transport:<\/b> Cylindry typu T spawane s\u0105 stosowane w transporcie do obs\u0142ugi uk\u0142ad\u00f3w hydraulicznych w ci\u0119\u017car\u00f3wkach, autobusach i innych pojazdach.<\/li>\n<\/ul>\n<p>Podsumowuj\u0105c, spawane cylindry typu T s\u0105 wa\u017cnym elementem w wielu zastosowaniach przemys\u0142owych. Zaprojektowano je tak, aby by\u0142y kompaktowe, wydajne, trwa\u0142e i ekonomiczne, co czyni je idealnym wyborem do szerokiego zakresu zastosowa\u0144. Niezale\u017cnie od tego, czy obs\u0142ugujesz maszyny w zak\u0142adzie produkcyjnym, sprz\u0119t rolniczy w gospodarstwie rolnym, czy ci\u0119\u017cki sprz\u0119t w kopalni, spawane cylindry typu T pomog\u0105 Ci wykona\u0107 zadanie sprawnie i skutecznie.<\/p>\n<h3>O FMP<\/h3>\n<p>FMP to renomowany producent i dostawca si\u0142ownik\u00f3w hydraulicznych, oferuj\u0105cy szeroki wyb\u00f3r typ\u00f3w i opcji dostosowanych do indywidualnych potrzeb. Dzi\u0119ki ponad 30-letniemu do\u015bwiadczeniu w przemys\u0142owym regionie W\u0142och, FMP zyska\u0142o reputacj\u0119 dostawcy wysokiej jako\u015bci produkt\u00f3w i wyj\u0105tkowej obs\u0142ugi klienta. Jeste\u015bmy dumni z naszej bogatej oferty sprz\u0119tu, obejmuj\u0105cej ponad 100 urz\u0105dze\u0144, w tym automatyczne spawarki w os\u0142onie gaz\u00f3w ochronnych, maszyny do g\u0142\u0119bokiego wiercenia, tokarki CNC, szlifierki do wa\u0142k\u00f3w, automatyczne maszyny czyszcz\u0105ce, automatyczne maszyny monta\u017cowe, automatyczne stanowiska do testowania wydajno\u015bci si\u0142ownik\u00f3w hydraulicznych oraz automatyczne linie lakiernicze.<\/p>\n<p><img decoding=\"async\" src=\"https:\/\/fmp-components.com\/wp-content\/uploads\/2024\/12\/fmp-factory-4.webp\" alt=\"Fabryka FMP\" width=\"800\" title=\"\"><\/p>\n<p>W FMP dbamy o to, aby ka\u017cdy si\u0142ownik hydrauliczny przechodzi\u0142 rygorystyczn\u0105 obr\u00f3bk\u0119 i kontrol\u0119, gwarantuj\u0105c naszym cenionym klientom najwy\u017csz\u0105 jako\u015b\u0107 i niezawodno\u015b\u0107. Nasze zaanga\u017cowanie w d\u0105\u017cenie do doskona\u0142o\u015bci wykracza poza same produkty, poniewa\u017c oferujemy szereg us\u0142ug, kt\u00f3re spe\u0142niaj\u0105 Pa\u0144stwa specyficzne wymagania:<\/p>\n<ol>\n<li><strong>Us\u0142uga projektowa:<\/strong> Nasz do\u015bwiadczony zesp\u00f3\u0142 projektowy jest w stanie zaj\u0105\u0107 si\u0119 projektowaniem i rozwojem wa\u0142\u00f3w uniwersalnych. Niezale\u017cnie od tego, czy potrzebujesz nowego produktu, czy ulepsze\u0144 istniej\u0105cych, jeste\u015bmy do Twojej dyspozycji.<\/li>\n<li><strong>Us\u0142uga produktu:<\/strong> Od pozyskiwania najlepszych surowc\u00f3w, przez ci\u0119cie, obr\u00f3bk\u0119 wst\u0119pn\u0105, testowanie, czyszczenie, monta\u017c, pakowanie i transport, skrupulatnie nadzorujemy ka\u017cdy etap procesu produkcyjnego, aby zagwarantowa\u0107 najwy\u017csze standardy.<\/li>\n<li><strong>Przyk\u0142adowy proces:<\/strong> Rozumiemy wag\u0119 spersonalizowanych pr\u00f3bek. Mo\u017cemy opracowa\u0107 pr\u00f3bki zgodnie z Pa\u0144stwa specyficznymi wymaganiami i stale je modyfikowa\u0107, a\u017c do momentu, gdy spe\u0142ni\u0105 Pa\u0144stwa oczekiwania.<\/li>\n<li><strong>Badania i rozw\u00f3j:<\/strong> Jako firma stawiaj\u0105ca na innowacje, stale analizujemy zmieniaj\u0105ce si\u0119 potrzeby rynku, zw\u0142aszcza w przypadku wprowadzania nowych modeli samochod\u00f3w. Pozwala nam to opracowywa\u0107 nowe i ulepszone modele si\u0142ownik\u00f3w hydraulicznych, zgodne z najnowszymi trendami.<\/li>\n<\/ol>\n<p>Wybieraj\u0105c FMP jako zaufanego partnera, zyskujesz dost\u0119p do najwy\u017cszej jako\u015bci si\u0142ownik\u00f3w hydraulicznych i szeregu korzy\u015bci. Nasze kluczowe atuty to:<\/p>\n<ul>\n<li>Najwy\u017csza jako\u015b\u0107: Ka\u017cdy cylinder hydrauliczny przechodzi rygorystyczn\u0105 obr\u00f3bk\u0119 i kontrol\u0119, aby zagwarantowa\u0107 wyj\u0105tkow\u0105 wydajno\u015b\u0107 i trwa\u0142o\u015b\u0107.<\/li>\n<li>Personalizacja: Oferujemy rozwi\u0105zania dostosowane do indywidualnych potrzeb, gwarantuj\u0105c, \u017ce nasze cylindry hydrauliczne b\u0119d\u0105 idealnie dopasowane do Twoich zastosowa\u0144.<\/li>\n<li>Szeroka gama sprz\u0119tu: Dysponuj\u0105c szerok\u0105 gam\u0105 zaawansowanego sprz\u0119tu, mo\u017cemy produkowa\u0107 cylindry hydrauliczne dostosowane do r\u00f3\u017cnych specyfikacji i potrzeb przemys\u0142u.<\/li>\n<li>Do\u015bwiadczony zesp\u00f3\u0142 projektant\u00f3w: Nasz wykwalifikowany zesp\u00f3\u0142 projektant\u00f3w posiada ogromn\u0105 wiedz\u0119 na temat projektowania produkt\u00f3w, co pozwala nam dostarcza\u0107 innowacyjne i niezawodne rozwi\u0105zania.<\/li>\n<li>Kompleksowe us\u0142ugi: Od projektowania i produkcji po dostaw\u0119 i wsparcie posprzeda\u017cowe \u2013 nasz zaanga\u017cowany zesp\u00f3\u0142 dok\u0142ada wszelkich stara\u0144, aby zapewni\u0107 Pa\u0144stwu bezproblemow\u0105 realizacj\u0119 ca\u0142ego procesu.<\/li>\n<\/ul>\n<p>Zosta\u0144 partnerem FMP ju\u017c dzi\u015b i przekonaj si\u0119 o naszej doskona\u0142o\u015bci, kt\u00f3ra wyr\u00f3\u017cnia nas w bran\u017cy cylindr\u00f3w hydraulicznych.<\/p>\n<p>Autor:CX<\/p>","protected":false},"excerpt":{"rendered":"<p>The 10033 Good Quality Mini Hydraulic Cylinder is specifically designed for tractor applications, offering reliable performance and efficient operation. This double acting hydraulic cylinder is compact yet powerful, making it an essential component for various agricultural tasks. Key Features: Double Acting Design: The double acting mechanism allows for smooth operation in both extension and retraction, [&hellip;]<\/p>","protected":false},"featured_media":1133,"comment_status":"closed","ping_status":"closed","template":"","meta":{"_et_pb_use_builder":"","_et_pb_old_content":"","_et_gb_content_width":""},"product_brand":[],"product_cat":[31],"product_tag":[34,35],"class_list":{"0":"post-953","1":"product","2":"type-product","3":"status-publish","4":"has-post-thumbnail","6":"product_cat-welded-tee-type-cylinder","7":"product_tag-hydraulic-cylinder","8":"product_tag-welded-tee-type-cylinder","10":"first","11":"instock","12":"product-type-simple"},"_links":{"self":[{"href":"https:\/\/fmp-components.com\/pl\/wp-json\/wp\/v2\/product\/953","targetHints":{"allow":["GET"]}}],"collection":[{"href":"https:\/\/fmp-components.com\/pl\/wp-json\/wp\/v2\/product"}],"about":[{"href":"https:\/\/fmp-components.com\/pl\/wp-json\/wp\/v2\/types\/product"}],"replies":[{"embeddable":true,"href":"https:\/\/fmp-components.com\/pl\/wp-json\/wp\/v2\/comments?post=953"}],"wp:featuredmedia":[{"embeddable":true,"href":"https:\/\/fmp-components.com\/pl\/wp-json\/wp\/v2\/media\/1133"}],"wp:attachment":[{"href":"https:\/\/fmp-components.com\/pl\/wp-json\/wp\/v2\/media?parent=953"}],"wp:term":[{"taxonomy":"product_brand","embeddable":true,"href":"https:\/\/fmp-components.com\/pl\/wp-json\/wp\/v2\/product_brand?post=953"},{"taxonomy":"product_cat","embeddable":true,"href":"https:\/\/fmp-components.com\/pl\/wp-json\/wp\/v2\/product_cat?post=953"},{"taxonomy":"product_tag","embeddable":true,"href":"https:\/\/fmp-components.com\/pl\/wp-json\/wp\/v2\/product_tag?post=953"}],"curies":[{"name":"wp","href":"https:\/\/api.w.org\/{rel}","templated":true}]}}