{"id":950,"date":"2024-12-19T03:39:43","date_gmt":"2024-12-19T03:39:43","guid":{"rendered":"https:\/\/fmp-components.com\/product\/10030-high-quality-tractor-cylinders-hydraulic-double-acting\/"},"modified":"2024-12-26T08:58:58","modified_gmt":"2024-12-26T08:58:58","slug":"10030-high-quality-tractor-cylinders-hydraulic-double-acting","status":"publish","type":"product","link":"https:\/\/fmp-components.com\/pl\/product\/10030-high-quality-tractor-cylinders-hydraulic-double-acting\/","title":{"rendered":"10030 Wysokiej jako\u015bci cylindry hydrauliczne do ci\u0105gnik\u00f3w dwustronnego dzia\u0142ania"},"content":{"rendered":"<p>Wysokiej jako\u015bci si\u0142owniki ci\u0105gnikowe 10030 zosta\u0142y zaprojektowane z my\u015bl\u0105 o doskona\u0142ej wydajno\u015bci w zastosowaniach rolniczych, zapewniaj\u0105c niezawodne i wydajne dzia\u0142anie hydrauliczne ci\u0105gnik\u00f3w. Ten si\u0142ownik hydrauliczny dwustronnego dzia\u0142ania zosta\u0142 zaprojektowany w celu zwi\u0119kszenia funkcjonalno\u015bci i efektywno\u015bci Twojego sprz\u0119tu rolniczego.<\/p>\n<h4>G\u0142\u00f3wne cechy:<\/h4>\n<ul>\n<li><strong>Mechanizm dwustronnego dzia\u0142ania<\/strong>:Umo\u017cliwia wydajn\u0105 prac\u0119 przy wysuwaniu i chowaniu, zapewniaj\u0105c precyzyjn\u0105 kontrol\u0119 podczas wykonywania r\u00f3\u017cnych zada\u0144.<\/li>\n<li><strong>Wysokiej jako\u015bci konstrukcja<\/strong>Wykonane z materia\u0142\u00f3w najwy\u017cszej jako\u015bci, aby zagwarantowa\u0107 trwa\u0142o\u015b\u0107 i niezawodno\u015b\u0107 przy du\u017cych obci\u0105\u017ceniach i trudnych warunkach.<\/li>\n<li><strong>Wysoka \u0142adowno\u015b\u0107<\/strong>:Zaprojektowane do przenoszenia du\u017cych si\u0142, dzi\u0119ki czemu idealnie nadaj\u0105 si\u0119 do wymagaj\u0105cych zastosowa\u0144 rolniczych.<\/li>\n<li><strong>Wyko\u0144czenie odporne na korozj\u0119<\/strong>:Pow\u0142oka zabezpieczaj\u0105ca przed rdz\u0105 i korozj\u0105 gwarantuje d\u0142ugotrwa\u0142\u0105 wydajno\u015b\u0107 w warunkach zewn\u0119trznych.<\/li>\n<li><strong>\u0141atwa instalacja<\/strong>Zaprojektowane z my\u015bl\u0105 o prostej integracji z istniej\u0105cymi systemami ci\u0105gnik\u00f3w, co minimalizuje czas konfiguracji i zwi\u0119ksza wydajno\u015b\u0107.<\/li>\n<\/ul>\n<p><img decoding=\"async\" src=\"https:\/\/hzpt.com\/wp-content\/uploads\/2023\/12\/random-2.webp\" alt=\"\" title=\"\"><\/p>\n<h4>Korzy\u015bci:<\/h4>\n<ul>\n<li><strong>Zwi\u0119kszona wydajno\u015b\u0107<\/strong>:Optymalizuje prac\u0119 ci\u0105gnik\u00f3w, umo\u017cliwiaj\u0105c p\u0142ynne podnoszenie i opuszczanie, co przek\u0142ada si\u0119 na wi\u0119ksz\u0105 wydajno\u015b\u0107.<\/li>\n<li><strong>Wszechstronne zastosowania<\/strong>: Nadaje si\u0119 do r\u00f3\u017cnych zada\u0144 rolniczych, dzi\u0119ki czemu jest wszechstronnym wyborem dla rolnik\u00f3w i operator\u00f3w.<\/li>\n<li><strong>Zmniejszona konserwacja<\/strong>:Trwa\u0142a konstrukcja minimalizuje zu\u017cycie, co przek\u0142ada si\u0119 na ni\u017csze koszty konserwacji i d\u0142u\u017cszy czas sprawno\u015bci urz\u0105dzenia.<\/li>\n<\/ul>\n<p>Wysokiej jako\u015bci si\u0142owniki hydrauliczne dwustronnego dzia\u0142ania do ci\u0105gnik\u00f3w 10030 to niezb\u0119dny element nowoczesnych maszyn rolniczych, zapewniaj\u0105cy niezawodn\u0105 prac\u0119 i wydajno\u015b\u0107. Solidna konstrukcja i niezawodna funkcjonalno\u015b\u0107 sprawiaj\u0105, \u017ce jest to doskona\u0142a inwestycja dla ka\u017cdego gospodarstwa rolnego.<\/p>\n<p><img decoding=\"async\" src=\"https:\/\/hzpt.com\/wp-content\/uploads\/2023\/12\/random-4.webp\" alt=\"\" title=\"\"><\/p>\n<h2>Zalety cylindra spawanego typu tr\u00f3jnikowego<\/h2>\n<ul>\n<li style=\"list-style-type: none;\">\n<ul>\n<li><strong>Zwi\u0119kszona si\u0142a:<\/strong> Spawane cylindry typu tee s\u0105 znane ze swojej wysokiej wytrzyma\u0142o\u015bci, dzi\u0119ki czemu nadaj\u0105 si\u0119 do zastosowa\u0144 wymagaj\u0105cych podnoszenia ci\u0119\u017car\u00f3w. Proces spawania stosowany podczas produkcji tych cylindr\u00f3w zapewnia, \u017ce cylinder jest wolny od s\u0142abych punkt\u00f3w i mo\u017ce wytrzyma\u0107 wysokie ci\u015bnienie i napr\u0119\u017cenia.<\/li>\n<\/ul>\n<\/li>\n<\/ul>\n<p>Gdy na cylinder wywierany jest nacisk, rozprowadza si\u0119 on r\u00f3wnomiernie po ca\u0142ej powierzchni, co czyni go odpornym na odkszta\u0142cenia. Ta cecha zapewnia, \u017ce cylinder mo\u017ce zachowa\u0107 sw\u00f3j kszta\u0142t i integralno\u015b\u0107 strukturaln\u0105 nawet w ekstremalnych warunkach.<\/p>\n<ul>\n<li style=\"list-style-type: none;\">\n<ul>\n<li><strong>Zapobieganie wyciekom:<\/strong> Spawane cylindry typu tee s\u0105 zaprojektowane tak, aby zapobiega\u0107 wyciekom. Proces spawania stosowany podczas procesu produkcji zapewnia, \u017ce cylinder jest ca\u0142kowicie szczelny i wolny od wszelkich mo\u017cliwych wyciek\u00f3w. Ta cecha sprawia, \u017ce nadaj\u0105 si\u0119 do stosowania w zastosowaniach, w kt\u00f3rych wyciek m\u00f3g\u0142by spowodowa\u0107 powa\u017cne uszkodzenia lub obra\u017cenia.<\/li>\n<\/ul>\n<\/li>\n<\/ul>\n<p>Po\u0142\u0105czenia spawane s\u0105 g\u0142adkie, bez szczelin czy rowk\u00f3w, w kt\u00f3rych mog\u0142yby gromadzi\u0107 si\u0119 zanieczyszczenia lub brud, co zmniejsza ryzyko korozji i uszkodzenia cylindra.<\/p>\n<ul>\n<li style=\"list-style-type: none;\">\n<ul>\n<li><strong>Mo\u017cliwo\u015b\u0107 dostosowania:<\/strong> Spawane cylindry typu tee mo\u017cna dostosowa\u0107 do konkretnych zastosowa\u0144. Cylindry s\u0105 dost\u0119pne w r\u00f3\u017cnych rozmiarach i kszta\u0142tach i mog\u0105 by\u0107 wytwarzane tak, aby spe\u0142nia\u0142y konkretne wymagania danego zastosowania.<\/li>\n<\/ul>\n<\/li>\n<\/ul>\n<p>Proces dostosowywania pozwala na optymalizacj\u0119 wydajno\u015bci cylindra, zapewniaj\u0105c, \u017ce jest on odpowiedni do zamierzonego zastosowania. Ta cecha sprawia, \u017ce spawane cylindry typu tee s\u0105 idealne do stosowania w r\u00f3\u017cnych zastosowaniach przemys\u0142owych, w tym w budownictwie, g\u00f3rnictwie i transporcie materia\u0142\u00f3w.<\/p>\n<ul>\n<li style=\"list-style-type: none;\">\n<ul>\n<li><strong>Op\u0142acalno\u015b\u0107:<\/strong> Spawane cylindry typu tee s\u0105 op\u0142acalne w por\u00f3wnaniu do innych typ\u00f3w cylindr\u00f3w. Proces produkcji tych cylindr\u00f3w jest prosty, co czyni je ta\u0144szymi od innych typ\u00f3w cylindr\u00f3w.<\/li>\n<\/ul>\n<\/li>\n<\/ul>\n<p>Ponadto wysoka wytrzyma\u0142o\u015b\u0107 i trwa\u0142o\u015b\u0107 spawanych cylindr\u00f3w typu tee zmniejszaj\u0105 potrzeb\u0119 cz\u0119stych napraw i wymian, co pozwala zaoszcz\u0119dzi\u0107 na kosztach konserwacji. Ta cecha sprawia, \u017ce s\u0105 one popularnym wyborem dla wielu bran\u017c, szczeg\u00f3lnie tych o ograniczonym bud\u017cecie.<\/p>\n<ul>\n<li style=\"list-style-type: none;\">\n<ul>\n<li><strong>Zwi\u0119kszona wydajno\u015b\u0107:<\/strong> Spawane cylindry typu tee s\u0105 wysoce wydajne i skuteczne. Konstrukcja cylindra zapewnia, \u017ce si\u0142a przy\u0142o\u017cona jest przenoszona bezpo\u015brednio na obci\u0105\u017cenie, co zmniejsza straty energii i zwi\u0119ksza wydajno\u015b\u0107.<\/li>\n<\/ul>\n<\/li>\n<\/ul>\n<p>Spawane po\u0142\u0105czenia s\u0105 mocne i sztywne, minimalizuj\u0105c ugi\u0119cie i zapewniaj\u0105c, \u017ce cylinder zachowuje sw\u00f3j kszta\u0142t i integralno\u015b\u0107 strukturaln\u0105 nawet w ekstremalnych warunkach. Ta cecha sprawia, \u017ce spawane cylindry typu tee s\u0105 idealne do zastosowa\u0144 wymagaj\u0105cych wysokiej wydajno\u015bci i niezawodno\u015bci.<\/p>\n<h2>Zastosowanie cylindra spawanego typu tr\u00f3jnikowego<\/h2>\n<ul>\n<li>\n<h3>Maszyny i urz\u0105dzenia przemys\u0142owe<\/h3>\n<p>Spawany cylinder typu Tee jest szeroko stosowany w maszynach i urz\u0105dzeniach przemys\u0142owych, szczeg\u00f3lnie w uk\u0142adach hydraulicznych. Cylinder sk\u0142ada si\u0119 z t\u0142oka i rury cylindra, kt\u00f3re s\u0105 zespawane razem, tworz\u0105c pojedyncz\u0105 jednostk\u0119. Ta konstrukcja oferuje kilka zalet w por\u00f3wnaniu z innymi typami cylindr\u00f3w, takich jak zwi\u0119kszona trwa\u0142o\u015b\u0107, wi\u0119ksza wytrzyma\u0142o\u015b\u0107 i wi\u0119ksza precyzja.<\/p>\n<p>Jednym z najwa\u017cniejszych zastosowa\u0144 spawanego cylindra typu Tee w maszynach przemys\u0142owych jest jego zdolno\u015b\u0107 do zapewniania sta\u0142ej i dok\u0142adnej si\u0142y. Jest to niezb\u0119dne w wielu procesach produkcyjnych, w kt\u00f3rych wymagana jest precyzyjna kontrola w celu zapewnienia jako\u015bci produktu ko\u0144cowego. Spawany cylinder typu Tee mo\u017ce by\u0107 r\u00f3wnie\u017c u\u017cywany do regulacji przep\u0142ywu p\u0142yn\u00f3w w uk\u0142adach hydraulicznych, co pozwala na wi\u0119ksz\u0105 wydajno\u015b\u0107 i niezawodno\u015b\u0107 w r\u00f3\u017cnych zastosowaniach przemys\u0142owych.<\/li>\n<li>\n<h3>Sprz\u0119t rolniczy<\/h3>\n<p>Spawany cylinder typu Tee jest r\u00f3wnie\u017c powszechnie stosowany w sprz\u0119cie rolniczym, takim jak traktory i kombajny. Maszyny te wymagaj\u0105 mocnych i niezawodnych uk\u0142ad\u00f3w hydraulicznych, aby dzia\u0142a\u0107 skutecznie, a spawany cylinder typu Tee jest idealnym wyborem do tego celu.<\/p>\n<p>Solidna konstrukcja i wysoka wytrzyma\u0142o\u015b\u0107 cylindra sprawiaj\u0105, \u017ce jest on wysoce odporny na zu\u017cycie i rozdarcie, nawet w trudnych warunkach pracy. Dzi\u0119ki temu jest idealnym wyborem do stosowania w sprz\u0119cie rolniczym, gdzie trwa\u0142o\u015b\u0107 jest kluczowym czynnikiem. Spawany cylinder typu tr\u00f3jnikowego mo\u017ce by\u0107 r\u00f3wnie\u017c u\u017cywany do zapewnienia precyzyjnej kontroli wymaganej w wielu procesach rolniczych, takich jak sadzenie, zbiory i nawadnianie.<\/li>\n<li>\n<h3>Sprz\u0119t budowlany<\/h3>\n<p>Spawany cylinder typu Tee jest r\u00f3wnie\u017c szeroko stosowany w sprz\u0119cie budowlanym, takim jak koparki, koparki i spychacze. Maszyny te wymagaj\u0105 mocnych i niezawodnych uk\u0142ad\u00f3w hydraulicznych do wykonywania ci\u0119\u017ckich zada\u0144, takich jak kopanie, podnoszenie i pchanie ci\u0119\u017ckich \u0142adunk\u00f3w.<\/p>\n<p>Wysoka wytrzyma\u0142o\u015b\u0107 i trwa\u0142o\u015b\u0107 spawanego cylindra typu Tee sprawiaj\u0105, \u017ce jest on idealnym wyborem do stosowania w sprz\u0119cie budowlanym. Jego zdolno\u015b\u0107 do zapewnienia precyzyjnej kontroli i sta\u0142ej si\u0142y jest niezb\u0119dna w wielu procesach budowlanych, takich jak wykopy, profilowanie i uk\u0142adanie nawierzchni. Spawany cylinder typu Tee mo\u017ce by\u0107 r\u00f3wnie\u017c stosowany do regulacji przep\u0142ywu p\u0142yn\u00f3w w uk\u0142adach hydraulicznych, co poprawia wydajno\u015b\u0107 i niezawodno\u015b\u0107 sprz\u0119tu budowlanego w r\u00f3\u017cnych zastosowaniach.<\/li>\n<\/ul>\n<h3>O FMP<\/h3>\n<p>FMP posiada ponad 30-letnie do\u015bwiadczenie w produkcji wysokiej jako\u015bci cylindr\u00f3w hydraulicznych, kt\u00f3re mo\u017cemy dostosowa\u0107 do Pa\u0144stwa potrzeb. Nasz zak\u0142ad produkcyjny znajduje si\u0119 we W\u0142oszech i dysponujemy ponad 100 urz\u0105dzeniami, w tym automatycznymi spawarkami w os\u0142onie gaz\u00f3w ochronnych, wiertarkami do g\u0142\u0119bokich otwor\u00f3w, tokarkami CNC, szlifierkami do wa\u0142k\u00f3w, automatycznymi maszynami czyszcz\u0105cymi, automatycznymi maszynami monta\u017cowymi, automatycznymi stanowiskami do testowania wydajno\u015bci cylindr\u00f3w hydraulicznych oraz automatycznymi liniami lakierniczymi.<\/p>\n<p>Nasze cylindry hydrauliczne s\u0105 wykonane z wysokiej jako\u015bci materia\u0142\u00f3w i poddawane rygorystycznej obr\u00f3bce oraz kontroli, aby zagwarantowa\u0107 ich wysok\u0105 jako\u015b\u0107. Oferujemy szerok\u0105 gam\u0119 cylindr\u00f3w hydraulicznych, w tym cylindry hydrauliczne z kolczykami, dwukierunkowe automatyczne teleskopowe cylindry hydrauliczne i wiele innych.<\/p>\n<h4>Zalety wyboru cylindr\u00f3w hydraulicznych FMP:<\/h4>\n<ul>\n<li><strong>Us\u0142uga projektowa:<\/strong> Nasz do\u015bwiadczony zesp\u00f3\u0142 projektowy zapewni Pa\u0144stwu us\u0142ugi projektowania i rozwoju wa\u0142\u00f3w uniwersalnych, a tak\u017ce udzieli wsparcia przy opracowywaniu nowych produkt\u00f3w lub udoskonalaniu istniej\u0105cych, tak aby spe\u0142nia\u0142y Pa\u0144stwa potrzeby.<\/li>\n<li><strong>Us\u0142uga produktu:<\/strong> Nasze produkty przechodz\u0105 rygorystyczny proces obejmuj\u0105cy selekcj\u0119 surowc\u00f3w, ci\u0119cie, obr\u00f3bk\u0119 wst\u0119pn\u0105, testowanie, czyszczenie, monta\u017c, pakowanie i transport, aby zapewni\u0107 naszym klientom produkty najwy\u017cszej jako\u015bci.<\/li>\n<li><strong>Przyk\u0142adowy proces:<\/strong> Mo\u017cemy przygotowa\u0107 pr\u00f3bki wed\u0142ug Twoich wymaga\u0144 i na bie\u017c\u0105co je modyfikowa\u0107, aby spe\u0142nia\u0142y Twoje potrzeby.<\/li>\n<li><strong>Badania i rozw\u00f3j:<\/strong> \u015aledzimy najnowsze trendy rynkowe i potrzeby klient\u00f3w oraz opracowujemy nowe modele, aby sprosta\u0107 zmieniaj\u0105cym si\u0119 wymaganiom rynku.<\/li>\n<li><strong>Produkty wysokiej jako\u015bci:<\/strong> Nasze cylindry hydrauliczne wykonane s\u0105 z materia\u0142\u00f3w najwy\u017cszej jako\u015bci i przechodz\u0105 rygorystyczn\u0105 obr\u00f3bk\u0119 i kontrol\u0119, aby zagwarantowa\u0107 ich dobr\u0105 jako\u015b\u0107, dzi\u0119ki czemu spe\u0142ni\u0105 Twoje potrzeby i przekrocz\u0105 Twoje oczekiwania.<\/li>\n<\/ul>\n<p>W FMP dok\u0142adamy wszelkich stara\u0144, aby dostarcza\u0107 naszym klientom wysokiej jako\u015bci si\u0142owniki hydrauliczne, kt\u00f3re spe\u0142niaj\u0105 ich potrzeby i przewy\u017cszaj\u0105 oczekiwania. Skontaktuj si\u0119 z nami ju\u017c dzi\u015b, aby dowiedzie\u0107 si\u0119, jak mo\u017cemy Ci pom\u00f3c.<\/p>\n<p><img decoding=\"async\" src=\"https:\/\/fmp-components.com\/wp-content\/uploads\/2024\/12\/fmp-factory-4.webp\" alt=\"Fabryka FMP\" width=\"800\" title=\"\"><\/p>\n<h2>Cz\u0119sto zadawane pytania<\/h2>\n<p><b>P1: Jaka jest \u017cywotno\u015b\u0107 cylindr\u00f3w hydraulicznych FMP?<\/b><\/p>\n<p>A1: \u017bywotno\u015b\u0107 zale\u017cy od u\u017cytkowania i konserwacji. Przy odpowiedniej piel\u0119gnacji mog\u0105 s\u0142u\u017cy\u0107 nawet kilka lat.<\/p>\n<p><b>P2: Jak cz\u0119sto nale\u017cy wymienia\u0107 olej hydrauliczny?<\/b><\/p>\n<p>A2: Zaleca si\u0119 wymian\u0119 oleju hydraulicznego po ka\u017cdych 1000 godzinach pracy lub zgodnie z instrukcjami producenta.<\/p>\n<p><b>P3: Jak mog\u0119 zmierzy\u0107 m\u00f3j cylinder hydrauliczny?<\/b><\/p>\n<p>A3: Aby okre\u015bli\u0107 rozmiar, mo\u017cna zmierzy\u0107 \u015brednic\u0119 cylindra, \u015brednic\u0119 t\u0142oczyska i d\u0142ugo\u015b\u0107 skoku.<\/p>\n<p><b>P4: Jakiego rodzaju konserwacji wymaga si\u0142ownik hydrauliczny?<\/b><\/p>\n<p>A4: Regularne czyszczenie i smarowanie mo\u017ce pom\u00f3c w utrzymaniu wydajno\u015bci i \u017cywotno\u015bci cylindra.<\/p>\n<p><b>P5: Gdzie produkowane s\u0105 cylindry hydrauliczne FMP?<\/b><\/p>\n<p>A5: Nasze cylindry hydrauliczne s\u0105 produkowane w naszym najnowocze\u015bniejszym zak\u0142adzie we W\u0142oszech<\/p>\n<p>Autor:CX<\/p>","protected":false},"excerpt":{"rendered":"<p>The 10030 High Quality Tractor Cylinders are engineered for superior performance in agricultural applications, providing reliable and efficient hydraulic action for tractors. This double-acting hydraulic cylinder is designed to enhance the functionality and effectiveness of your farming equipment. Key Features: Double Acting Mechanism: Enables powerful operation in both extension and retraction, allowing for precise control [&hellip;]<\/p>","protected":false},"featured_media":1132,"comment_status":"closed","ping_status":"closed","template":"","meta":{"_et_pb_use_builder":"","_et_pb_old_content":"","_et_gb_content_width":""},"product_brand":[],"product_cat":[31],"product_tag":[34,35],"class_list":{"0":"post-950","1":"product","2":"type-product","3":"status-publish","4":"has-post-thumbnail","6":"product_cat-welded-tee-type-cylinder","7":"product_tag-hydraulic-cylinder","8":"product_tag-welded-tee-type-cylinder","10":"first","11":"instock","12":"product-type-simple"},"_links":{"self":[{"href":"https:\/\/fmp-components.com\/pl\/wp-json\/wp\/v2\/product\/950","targetHints":{"allow":["GET"]}}],"collection":[{"href":"https:\/\/fmp-components.com\/pl\/wp-json\/wp\/v2\/product"}],"about":[{"href":"https:\/\/fmp-components.com\/pl\/wp-json\/wp\/v2\/types\/product"}],"replies":[{"embeddable":true,"href":"https:\/\/fmp-components.com\/pl\/wp-json\/wp\/v2\/comments?post=950"}],"wp:featuredmedia":[{"embeddable":true,"href":"https:\/\/fmp-components.com\/pl\/wp-json\/wp\/v2\/media\/1132"}],"wp:attachment":[{"href":"https:\/\/fmp-components.com\/pl\/wp-json\/wp\/v2\/media?parent=950"}],"wp:term":[{"taxonomy":"product_brand","embeddable":true,"href":"https:\/\/fmp-components.com\/pl\/wp-json\/wp\/v2\/product_brand?post=950"},{"taxonomy":"product_cat","embeddable":true,"href":"https:\/\/fmp-components.com\/pl\/wp-json\/wp\/v2\/product_cat?post=950"},{"taxonomy":"product_tag","embeddable":true,"href":"https:\/\/fmp-components.com\/pl\/wp-json\/wp\/v2\/product_tag?post=950"}],"curies":[{"name":"wp","href":"https:\/\/api.w.org\/{rel}","templated":true}]}}