{"id":949,"date":"2024-12-19T03:39:43","date_gmt":"2024-12-19T03:39:43","guid":{"rendered":"https:\/\/fmp-components.com\/product\/10029-customized-mini-welded-hydraulic-cylinders-for-agricultural-machinery\/"},"modified":"2024-12-19T08:44:05","modified_gmt":"2024-12-19T08:44:05","slug":"10029-customized-mini-welded-hydraulic-cylinders-for-agricultural-machinery","status":"publish","type":"product","link":"https:\/\/fmp-components.com\/pl\/product\/10029-customized-mini-welded-hydraulic-cylinders-for-agricultural-machinery\/","title":{"rendered":"10029 Dostosowane miniaturowe spawane cylindry hydrauliczne do maszyn rolniczych"},"content":{"rendered":"<p>Niestandardowe mini spawane cylindry hydrauliczne 10029 s\u0105 specjalnie zaprojektowane do maszyn rolniczych, zapewniaj\u0105c kompaktowe i mocne rozwi\u0105zanie do r\u00f3\u017cnych zastosowa\u0144 rolniczych. Te cylindry hydrauliczne oferuj\u0105 wyj\u0105tkow\u0105 wydajno\u015b\u0107 i trwa\u0142o\u015b\u0107, dzi\u0119ki czemu idealnie nadaj\u0105 si\u0119 do stosowania w ciasnych przestrzeniach i wymagaj\u0105cych \u015brodowiskach.<\/p>\n<h4>G\u0142\u00f3wne cechy:<\/h4>\n<ul>\n<li><strong>Indywidualny projekt<\/strong>: Dostosowane do spe\u0142niania konkretnych wymaga\u0144, gwarantuj\u0105ce kompatybilno\u015b\u0107 z szerok\u0105 gam\u0105 sprz\u0119tu rolniczego.<\/li>\n<li><strong>Rozmiar miniaturowy<\/strong>:Kompaktowa konstrukcja pozwala na instalacj\u0119 w ograniczonych przestrzeniach bez po\u015bwi\u0119cania mocy i wydajno\u015bci.<\/li>\n<li><strong>Konstrukcja spawana<\/strong>: Konstrukcja spawana, solidna, zapewniaj\u0105ca wi\u0119ksz\u0105 wytrzyma\u0142o\u015b\u0107 i niezawodno\u015b\u0107, przeznaczona do intensywnego u\u017cytkowania.<\/li>\n<li><strong>Pow\u0142oka odporna na korozj\u0119<\/strong>:Pokryte pow\u0142ok\u0105 ochronn\u0105 zapobiegaj\u0105c\u0105 rdzewieniu i korozji, co gwarantuje trwa\u0142o\u015b\u0107 w warunkach zewn\u0119trznych.<\/li>\n<li><strong>\u0141atwa integracja<\/strong>:Zaprojektowane z my\u015bl\u0105 o prostej instalacji w r\u00f3\u017cnych maszynach rolniczych, umo\u017cliwiaj\u0105cej szybk\u0105 konfiguracj\u0119 i minimalny czas przestoju.<\/li>\n<\/ul>\n<p><img decoding=\"async\" src=\"https:\/\/hzpt.com\/wp-content\/uploads\/2023\/12\/random-2.webp\" alt=\"\" title=\"\"><\/p>\n<h4>Korzy\u015bci:<\/h4>\n<ul>\n<li><strong>Zwi\u0119kszona wydajno\u015b\u0107<\/strong>:Poprawia wydajno\u015b\u0107 maszyn rolniczych, zapewniaj\u0105c p\u0142ynne i mocne dzia\u0142anie uk\u0142adu hydraulicznego.<\/li>\n<li><strong>Wszechstronne zastosowania<\/strong>:Idealny do r\u00f3\u017cnych zada\u0144, w tym podnoszenia, pchania i ci\u0105gni\u0119cia w pracach rolniczych.<\/li>\n<li><strong>Zmniejszona konserwacja<\/strong>:Trwa\u0142a konstrukcja minimalizuje zu\u017cycie, co z czasem prowadzi do ni\u017cszych koszt\u00f3w konserwacji.<\/li>\n<\/ul>\n<p>10029 Customized Mini Welded Hydraulic Cylinders to niezb\u0119dny element nowoczesnych maszyn rolniczych, zapewniaj\u0105cy niezawodn\u0105 wydajno\u015b\u0107 i efektywno\u015b\u0107 w kompaktowej obudowie. Ich solidna konstrukcja i opcje dostosowywania sprawiaj\u0105, \u017ce s\u0105 cennym dodatkiem do ka\u017cdej dzia\u0142alno\u015bci rolniczej.<\/p>\n<p>&nbsp;<\/p>\n<p><img decoding=\"async\" class=\"aligncenter\" src=\"https:\/\/hzpt.com\/wp-content\/uploads\/2023\/12\/random-3.webp\" alt=\"\" title=\"\"><\/p>\n<p><!-- Add 5 Q&A here --><\/p>\n<h2>Zalety cylindra spawanego typu tr\u00f3jnikowego<\/h2>\n<ul>\n<li style=\"list-style-type: none;\">\n<ul>\n<li><strong>Zwi\u0119kszona si\u0142a:<\/strong> Spawane cylindry typu tee s\u0105 znane ze swojej wysokiej wytrzyma\u0142o\u015bci, dzi\u0119ki czemu nadaj\u0105 si\u0119 do zastosowa\u0144 wymagaj\u0105cych podnoszenia ci\u0119\u017car\u00f3w. Proces spawania stosowany podczas produkcji tych cylindr\u00f3w zapewnia, \u017ce cylinder jest wolny od s\u0142abych punkt\u00f3w i mo\u017ce wytrzyma\u0107 wysokie ci\u015bnienie i napr\u0119\u017cenia.<\/li>\n<\/ul>\n<\/li>\n<\/ul>\n<p>Gdy na cylinder wywierany jest nacisk, rozprowadza si\u0119 on r\u00f3wnomiernie po ca\u0142ej powierzchni, co czyni go odpornym na odkszta\u0142cenia. Ta cecha zapewnia, \u017ce cylinder mo\u017ce zachowa\u0107 sw\u00f3j kszta\u0142t i integralno\u015b\u0107 strukturaln\u0105 nawet w ekstremalnych warunkach.<\/p>\n<ul>\n<li style=\"list-style-type: none;\">\n<ul>\n<li><strong>Zapobieganie wyciekom:<\/strong> Spawane cylindry typu tee s\u0105 zaprojektowane tak, aby zapobiega\u0107 wyciekom. Proces spawania stosowany podczas procesu produkcji zapewnia, \u017ce cylinder jest ca\u0142kowicie szczelny i wolny od wszelkich mo\u017cliwych wyciek\u00f3w. Ta cecha sprawia, \u017ce nadaj\u0105 si\u0119 do stosowania w zastosowaniach, w kt\u00f3rych wyciek m\u00f3g\u0142by spowodowa\u0107 powa\u017cne uszkodzenia lub obra\u017cenia.<\/li>\n<\/ul>\n<\/li>\n<\/ul>\n<p>Po\u0142\u0105czenia spawane s\u0105 g\u0142adkie, bez szczelin czy rowk\u00f3w, w kt\u00f3rych mog\u0142yby gromadzi\u0107 si\u0119 zanieczyszczenia lub brud, co zmniejsza ryzyko korozji i uszkodzenia cylindra.<\/p>\n<ul>\n<li style=\"list-style-type: none;\">\n<ul>\n<li><strong>Mo\u017cliwo\u015b\u0107 dostosowania:<\/strong> Spawane cylindry typu tee mo\u017cna dostosowa\u0107 do konkretnych zastosowa\u0144. Cylindry s\u0105 dost\u0119pne w r\u00f3\u017cnych rozmiarach i kszta\u0142tach i mog\u0105 by\u0107 wytwarzane tak, aby spe\u0142nia\u0142y konkretne wymagania danego zastosowania.<\/li>\n<\/ul>\n<\/li>\n<\/ul>\n<p>Proces dostosowywania pozwala na optymalizacj\u0119 wydajno\u015bci cylindra, zapewniaj\u0105c, \u017ce jest on odpowiedni do zamierzonego zastosowania. Ta cecha sprawia, \u017ce spawane cylindry typu tee s\u0105 idealne do stosowania w r\u00f3\u017cnych zastosowaniach przemys\u0142owych, w tym w budownictwie, g\u00f3rnictwie i transporcie materia\u0142\u00f3w.<\/p>\n<ul>\n<li style=\"list-style-type: none;\">\n<ul>\n<li><strong>Op\u0142acalno\u015b\u0107:<\/strong> Spawane cylindry typu tee s\u0105 op\u0142acalne w por\u00f3wnaniu do innych typ\u00f3w cylindr\u00f3w. Proces produkcji tych cylindr\u00f3w jest prosty, co czyni je ta\u0144szymi od innych typ\u00f3w cylindr\u00f3w.<\/li>\n<\/ul>\n<\/li>\n<\/ul>\n<p>Ponadto wysoka wytrzyma\u0142o\u015b\u0107 i trwa\u0142o\u015b\u0107 spawanych cylindr\u00f3w typu tee zmniejszaj\u0105 potrzeb\u0119 cz\u0119stych napraw i wymian, co pozwala zaoszcz\u0119dzi\u0107 na kosztach konserwacji. Ta cecha sprawia, \u017ce s\u0105 one popularnym wyborem dla wielu bran\u017c, szczeg\u00f3lnie tych o ograniczonym bud\u017cecie.<\/p>\n<ul>\n<li style=\"list-style-type: none;\">\n<ul>\n<li><strong>Zwi\u0119kszona wydajno\u015b\u0107:<\/strong> Spawane cylindry typu tee s\u0105 wysoce wydajne i skuteczne. Konstrukcja cylindra zapewnia, \u017ce si\u0142a przy\u0142o\u017cona jest przenoszona bezpo\u015brednio na obci\u0105\u017cenie, co zmniejsza straty energii i zwi\u0119ksza wydajno\u015b\u0107.<\/li>\n<\/ul>\n<\/li>\n<\/ul>\n<p>Spawane po\u0142\u0105czenia s\u0105 mocne i sztywne, minimalizuj\u0105c ugi\u0119cie i zapewniaj\u0105c, \u017ce cylinder zachowuje sw\u00f3j kszta\u0142t i integralno\u015b\u0107 strukturaln\u0105 nawet w ekstremalnych warunkach. Ta cecha sprawia, \u017ce spawane cylindry typu tee s\u0105 idealne do zastosowa\u0144 wymagaj\u0105cych wysokiej wydajno\u015bci i niezawodno\u015bci.<\/p>\n<h2>Zastosowanie cylindra spawanego typu tr\u00f3jnikowego<\/h2>\n<ul>\n<li>\n<h3>Maszyny i urz\u0105dzenia przemys\u0142owe<\/h3>\n<p>Spawany cylinder typu Tee jest szeroko stosowany w maszynach i urz\u0105dzeniach przemys\u0142owych, szczeg\u00f3lnie w uk\u0142adach hydraulicznych. Cylinder sk\u0142ada si\u0119 z t\u0142oka i rury cylindra, kt\u00f3re s\u0105 zespawane razem, tworz\u0105c pojedyncz\u0105 jednostk\u0119. Ta konstrukcja oferuje kilka zalet w por\u00f3wnaniu z innymi typami cylindr\u00f3w, takich jak zwi\u0119kszona trwa\u0142o\u015b\u0107, wi\u0119ksza wytrzyma\u0142o\u015b\u0107 i wi\u0119ksza precyzja.<\/p>\n<p>Jednym z najwa\u017cniejszych zastosowa\u0144 spawanego cylindra typu Tee w maszynach przemys\u0142owych jest jego zdolno\u015b\u0107 do zapewniania sta\u0142ej i dok\u0142adnej si\u0142y. Jest to niezb\u0119dne w wielu procesach produkcyjnych, w kt\u00f3rych wymagana jest precyzyjna kontrola w celu zapewnienia jako\u015bci produktu ko\u0144cowego. Spawany cylinder typu Tee mo\u017ce by\u0107 r\u00f3wnie\u017c u\u017cywany do regulacji przep\u0142ywu p\u0142yn\u00f3w w uk\u0142adach hydraulicznych, co pozwala na wi\u0119ksz\u0105 wydajno\u015b\u0107 i niezawodno\u015b\u0107 w r\u00f3\u017cnych zastosowaniach przemys\u0142owych.<\/li>\n<li>\n<h3>Sprz\u0119t rolniczy<\/h3>\n<p>Spawany cylinder typu Tee jest r\u00f3wnie\u017c powszechnie stosowany w sprz\u0119cie rolniczym, takim jak traktory i kombajny. Maszyny te wymagaj\u0105 mocnych i niezawodnych uk\u0142ad\u00f3w hydraulicznych, aby dzia\u0142a\u0107 skutecznie, a spawany cylinder typu Tee jest idealnym wyborem do tego celu.<\/p>\n<p>Solidna konstrukcja i wysoka wytrzyma\u0142o\u015b\u0107 cylindra sprawiaj\u0105, \u017ce jest on wysoce odporny na zu\u017cycie i rozdarcie, nawet w trudnych warunkach pracy. Dzi\u0119ki temu jest idealnym wyborem do stosowania w sprz\u0119cie rolniczym, gdzie trwa\u0142o\u015b\u0107 jest kluczowym czynnikiem. Spawany cylinder typu tr\u00f3jnikowego mo\u017ce by\u0107 r\u00f3wnie\u017c u\u017cywany do zapewnienia precyzyjnej kontroli wymaganej w wielu procesach rolniczych, takich jak sadzenie, zbiory i nawadnianie.<\/li>\n<li>\n<h3>Sprz\u0119t budowlany<\/h3>\n<p>Spawany cylinder typu Tee jest r\u00f3wnie\u017c szeroko stosowany w sprz\u0119cie budowlanym, takim jak koparki, koparki i spychacze. Maszyny te wymagaj\u0105 mocnych i niezawodnych uk\u0142ad\u00f3w hydraulicznych do wykonywania ci\u0119\u017ckich zada\u0144, takich jak kopanie, podnoszenie i pchanie ci\u0119\u017ckich \u0142adunk\u00f3w.<\/p>\n<p>Wysoka wytrzyma\u0142o\u015b\u0107 i trwa\u0142o\u015b\u0107 spawanego cylindra typu Tee sprawiaj\u0105, \u017ce jest on idealnym wyborem do stosowania w sprz\u0119cie budowlanym. Jego zdolno\u015b\u0107 do zapewnienia precyzyjnej kontroli i sta\u0142ej si\u0142y jest niezb\u0119dna w wielu procesach budowlanych, takich jak wykopy, profilowanie i uk\u0142adanie nawierzchni. Spawany cylinder typu Tee mo\u017ce by\u0107 r\u00f3wnie\u017c stosowany do regulacji przep\u0142ywu p\u0142yn\u00f3w w uk\u0142adach hydraulicznych, co poprawia wydajno\u015b\u0107 i niezawodno\u015b\u0107 sprz\u0119tu budowlanego w r\u00f3\u017cnych zastosowaniach.<\/li>\n<\/ul>\n<h3>O FMP<\/h3>\n<p>FMP jest wiod\u0105cym producentem i dostawc\u0105 cylindr\u00f3w hydraulicznych z ponad 30-letnim do\u015bwiadczeniem w bran\u017cy. Nasz najnowocze\u015bniejszy obszar przemys\u0142owy, zlokalizowany we W\u0142oszech, mie\u015bci ponad 100 najnowocze\u015bniejszych urz\u0105dze\u0144, w tym automatyczne spawarki os\u0142onowe, maszyny do g\u0142\u0119bokiego wiercenia otwor\u00f3w, tokarki CNC, szlifierki cylindryczne, automatyczne maszyny czyszcz\u0105ce, automatyczne maszyny instalacyjne, automatyczne stanowiska testowe wydajno\u015bci cylindr\u00f3w hydraulicznych i automatyczne linie malarskie.<\/p>\n<p>Nasze cylindry hydrauliczne s\u0105 skrupulatnie przetwarzane i sprawdzane, aby zapewni\u0107 naszym klientom wyj\u0105tkow\u0105 jako\u015b\u0107. Oferujemy szerok\u0105 gam\u0119 produkt\u00f3w, w tym cylindry hydrauliczne Earring Cylinder, dwukierunkowe automatyczne teleskopowe cylindry hydrauliczne i wiele innych. Oto pi\u0119\u0107 kluczowych zalet, kt\u00f3re nas wyr\u00f3\u017cniaj\u0105:<\/p>\n<p>1) Us\u0142uga projektowa: Nasz do\u015bwiadczony zesp\u00f3\u0142 projektowy specjalizuje si\u0119 w projektowaniu i rozwoju produkt\u00f3w wa\u0142\u00f3w uniwersalnych. Niezale\u017cnie od tego, czy potrzebujesz nowych produkt\u00f3w, czy ulepsze\u0144 istniej\u0105cych, jeste\u015bmy tutaj, aby wspiera\u0107 Ci\u0119 na ka\u017cdym etapie.<\/p>\n<p>2) Serwis produktu: Nasz kompleksowy serwis produktu obejmuje ca\u0142y proces produkcji, od surowc\u00f3w po ci\u0119cie, obr\u00f3bk\u0119 wst\u0119pn\u0105, testowanie, czyszczenie, monta\u017c, pakowanie i transport. Dzi\u0119ki naszej skrupulatnej dba\u0142o\u015bci o szczeg\u00f3\u0142y mo\u017cesz mie\u0107 pewno\u015b\u0107, \u017ce nasze produkty spe\u0142niaj\u0105 najwy\u017csze standardy jako\u015bci.<\/p>\n<p>3) Proces pr\u00f3bek: Rozumiemy znaczenie dostosowanych rozwi\u0105za\u0144. Nasz zesp\u00f3\u0142 mo\u017ce opracowa\u0107 pr\u00f3bki zgodnie z Twoimi unikalnymi wymaganiami i stale je modyfikowa\u0107, a\u017c idealnie spe\u0142ni\u0105 Twoje potrzeby. Twoja satysfakcja jest naszym priorytetem.<\/p>\n<p>4) Badania i rozw\u00f3j: W FMP wyprzedzamy trendy rynkowe i nieustannie d\u0105\u017cymy do innowacji. Gdy pojawiaj\u0105 si\u0119 nowe wymagania rynkowe, aktywnie je badamy i opracowujemy nowe modele, aby zapewni\u0107, \u017ce nasze produkty pozostaj\u0105 na czele bran\u017cy.<\/p>\n<p>5) Dostosowanie: Specjalizujemy si\u0119 w produkcji i sprzeda\u017cy r\u00f3\u017cnych typ\u00f3w cylindr\u00f3w hydraulicznych i ch\u0119tnie przyjmujemy zam\u00f3wienia niestandardowe. Nasz zesp\u00f3\u0142 jest oddany dostosowywaniu naszych produkt\u00f3w do Twoich konkretnych potrzeb, zapewniaj\u0105c Ci niezawodne i trwa\u0142e rozwi\u0105zania.<\/p>\n<p>Partnerstwo z FMP oznacza wyb\u00f3r zaufanego dostawcy, kt\u00f3ry stawia na jako\u015b\u0107, innowacj\u0119 i zadowolenie klienta. Zapraszamy do zapoznania si\u0119 z nasz\u0105 ofert\u0105 cylindr\u00f3w hydraulicznych i przekonania si\u0119, jak\u0105 r\u00f3\u017cnic\u0119 nasze produkty i us\u0142ugi mog\u0105 wnie\u015b\u0107 do Twojej firmy.<\/p>\n<p><img decoding=\"async\" src=\"https:\/\/fmp-components.com\/wp-content\/uploads\/2024\/12\/fmp-factory-4.webp\" alt=\"Fabryka FMP\" width=\"800\" title=\"\"><br \/>\nAutor:CX<\/p>","protected":false},"excerpt":{"rendered":"<p>The 10029 Customized Mini Welded Hydraulic Cylinders are specifically designed for agricultural machinery, providing a compact and powerful solution for various farming applications. These hydraulic cylinders offer exceptional performance and durability, making them ideal for use in tight spaces and demanding environments. Key Features: Customized Design: Tailored to meet specific requirements, ensuring compatibility with a [&hellip;]<\/p>","protected":false},"featured_media":1133,"comment_status":"closed","ping_status":"closed","template":"","meta":{"_et_pb_use_builder":"","_et_pb_old_content":"","_et_gb_content_width":""},"product_brand":[],"product_cat":[31],"product_tag":[34,35],"class_list":{"0":"post-949","1":"product","2":"type-product","3":"status-publish","4":"has-post-thumbnail","6":"product_cat-welded-tee-type-cylinder","7":"product_tag-hydraulic-cylinder","8":"product_tag-welded-tee-type-cylinder","10":"first","11":"instock","12":"product-type-simple"},"_links":{"self":[{"href":"https:\/\/fmp-components.com\/pl\/wp-json\/wp\/v2\/product\/949","targetHints":{"allow":["GET"]}}],"collection":[{"href":"https:\/\/fmp-components.com\/pl\/wp-json\/wp\/v2\/product"}],"about":[{"href":"https:\/\/fmp-components.com\/pl\/wp-json\/wp\/v2\/types\/product"}],"replies":[{"embeddable":true,"href":"https:\/\/fmp-components.com\/pl\/wp-json\/wp\/v2\/comments?post=949"}],"wp:featuredmedia":[{"embeddable":true,"href":"https:\/\/fmp-components.com\/pl\/wp-json\/wp\/v2\/media\/1133"}],"wp:attachment":[{"href":"https:\/\/fmp-components.com\/pl\/wp-json\/wp\/v2\/media?parent=949"}],"wp:term":[{"taxonomy":"product_brand","embeddable":true,"href":"https:\/\/fmp-components.com\/pl\/wp-json\/wp\/v2\/product_brand?post=949"},{"taxonomy":"product_cat","embeddable":true,"href":"https:\/\/fmp-components.com\/pl\/wp-json\/wp\/v2\/product_cat?post=949"},{"taxonomy":"product_tag","embeddable":true,"href":"https:\/\/fmp-components.com\/pl\/wp-json\/wp\/v2\/product_tag?post=949"}],"curies":[{"name":"wp","href":"https:\/\/api.w.org\/{rel}","templated":true}]}}