{"id":946,"date":"2024-12-19T03:39:43","date_gmt":"2024-12-19T03:39:43","guid":{"rendered":"https:\/\/fmp-components.com\/product\/10026-chinese-factory-stainless-steel-hydraulic-ram-cylinder-double-acting\/"},"modified":"2025-03-18T02:25:33","modified_gmt":"2025-03-18T02:25:33","slug":"10026-italian-factory-stainless-steel-hydraulic-ram-cylinder-double-acting","status":"publish","type":"product","link":"https:\/\/fmp-components.com\/pl\/product\/10026-italian-factory-stainless-steel-hydraulic-ram-cylinder-double-acting\/","title":{"rendered":"10026 W\u0142oski fabryczny si\u0142ownik hydrauliczny ze stali nierdzewnej, dwustronnego dzia\u0142ania"},"content":{"rendered":"<p>Si\u0142ownik hydrauliczny 10026 ze stali nierdzewnej to wysokiej jako\u015bci si\u0142ownik dwustronnego dzia\u0142ania, zaprojektowany z my\u015bl\u0105 o trwa\u0142o\u015bci i wydajno\u015bci w r\u00f3\u017cnych zastosowaniach. Wyprodukowany we W\u0142oszech, ten si\u0142ownik hydrauliczny idealnie nadaje si\u0119 do bran\u017c wymagaj\u0105cych odporno\u015bci na korozj\u0119 i niezawodnej pracy.<\/p>\n<h4>G\u0142\u00f3wne cechy:<\/h4>\n<ul>\n<li><strong>Konstrukcja ze stali nierdzewnej<\/strong>Wykonane z najwy\u017cszej jako\u015bci stali nierdzewnej, zapewniaj\u0105cej doskona\u0142\u0105 odporno\u015b\u0107 na korozj\u0119 i zu\u017cycie, dzi\u0119ki czemu nadaj\u0105 si\u0119 do pracy w trudnych warunkach.<\/li>\n<li><strong>Konstrukcja dwustronnego dzia\u0142ania<\/strong>: Umo\u017cliwia p\u0142ynn\u0105 prac\u0119 zar\u00f3wno podczas wysuwania, jak i wsuwania, zapewniaj\u0105c precyzyjn\u0105 kontrol\u0119 podczas podnoszenia i przesuwania.<\/li>\n<li><strong>Wszechstronne zastosowania<\/strong>:Doskona\u0142e do stosowania w wielu dziedzinach, m.in. w rolnictwie, budownictwie i produkcji, zapewniaj\u0105ce mo\u017cliwo\u015b\u0107 dostosowania do r\u00f3\u017cnych maszyn.<\/li>\n<li><strong>Wysoka \u0142adowno\u015b\u0107<\/strong>:Zaprojektowane tak, aby wytrzymywa\u0107 znaczne si\u0142y i zapewnia\u0107 niezawodn\u0105 prac\u0119 przy du\u017cych obci\u0105\u017ceniach.<\/li>\n<li><strong>\u0141atwa instalacja<\/strong>Zaprojektowane z my\u015bl\u0105 o bezproblemowej integracji z istniej\u0105cymi uk\u0142adami hydraulicznymi, minimalizuj\u0105c przestoje i zwi\u0119kszaj\u0105c wydajno\u015b\u0107.<\/li>\n<\/ul>\n<p><img loading=\"lazy\" decoding=\"async\" class=\"alignnone size-full wp-image-975\" src=\"https:\/\/fmp-components.com\/wp-content\/uploads\/2024\/12\/Welded-Tee-Type-Cylinder1.webp\" alt=\"Spawany cylinder typu tr\u00f3jnik\" width=\"759\" height=\"761\" title=\"\" srcset=\"https:\/\/fmp-components.com\/wp-content\/uploads\/2024\/12\/Welded-Tee-Type-Cylinder1.webp 759w, https:\/\/fmp-components.com\/wp-content\/uploads\/2024\/12\/Welded-Tee-Type-Cylinder1-480x481.webp 480w\" sizes=\"(min-width: 0px) and (max-width: 480px) 480px, (min-width: 481px) 759px, 100vw\" \/><\/p>\n<h4>Korzy\u015bci:<\/h4>\n<ul>\n<li><strong>Trwa\u0142o\u015b\u0107<\/strong>:Konstrukcja ze stali nierdzewnej gwarantuje d\u0142ug\u0105 \u017cywotno\u015b\u0107, zmniejszaj\u0105c wymagania konserwacyjne i og\u00f3lne koszty.<\/li>\n<li><strong>Zwi\u0119kszona wydajno\u015b\u0107<\/strong>:Optymalizuje operacje hydrauliczne, u\u0142atwiaj\u0105c efektywne podnoszenie i pchanie.<\/li>\n<li><strong>Rozwi\u0105zanie ekonomiczne<\/strong>:Oferuje wysok\u0105 wydajno\u015b\u0107 za konkurencyjn\u0105 cen\u0119, dzi\u0119ki czemu stanowi cenn\u0105 inwestycj\u0119 dla r\u00f3\u017cnych bran\u017c.<\/li>\n<\/ul>\n<p>W\u0142oski si\u0142ownik hydrauliczny ze stali nierdzewnej 10026 to niezb\u0119dny element do ka\u017cdego zastosowania wymagaj\u0105cego solidnej i niezawodnej mocy hydraulicznej. Jego trwa\u0142a konstrukcja i wszechstronna funkcjonalno\u015b\u0107 czyni\u0105 go doskona\u0142ym wyborem dla zwi\u0119kszenia wydajno\u015bci operacyjnej.<\/p>\n<h2>Zalety cylindra spawanego typu tr\u00f3jnikowego<\/h2>\n<ul>\n<li style=\"list-style-type: none;\">\n<ul>\n<li><strong>Zwi\u0119kszona si\u0142a:<\/strong> Spawane cylindry typu tee s\u0105 znane ze swojej wysokiej wytrzyma\u0142o\u015bci, dzi\u0119ki czemu nadaj\u0105 si\u0119 do zastosowa\u0144 wymagaj\u0105cych podnoszenia ci\u0119\u017car\u00f3w. Proces spawania stosowany podczas produkcji tych cylindr\u00f3w zapewnia, \u017ce cylinder jest wolny od s\u0142abych punkt\u00f3w i mo\u017ce wytrzyma\u0107 wysokie ci\u015bnienie i napr\u0119\u017cenia.<\/li>\n<\/ul>\n<\/li>\n<\/ul>\n<p>Gdy na cylinder wywierany jest nacisk, rozprowadza si\u0119 on r\u00f3wnomiernie po ca\u0142ej powierzchni, co czyni go odpornym na odkszta\u0142cenia. Ta cecha zapewnia, \u017ce cylinder mo\u017ce zachowa\u0107 sw\u00f3j kszta\u0142t i integralno\u015b\u0107 strukturaln\u0105 nawet w ekstremalnych warunkach.<\/p>\n<ul>\n<li style=\"list-style-type: none;\">\n<ul>\n<li><strong>Zapobieganie wyciekom:<\/strong> Spawane cylindry typu tee s\u0105 zaprojektowane tak, aby zapobiega\u0107 wyciekom. Proces spawania stosowany podczas procesu produkcji zapewnia, \u017ce cylinder jest ca\u0142kowicie szczelny i wolny od wszelkich mo\u017cliwych wyciek\u00f3w. Ta cecha sprawia, \u017ce nadaj\u0105 si\u0119 do stosowania w zastosowaniach, w kt\u00f3rych wyciek m\u00f3g\u0142by spowodowa\u0107 powa\u017cne uszkodzenia lub obra\u017cenia.<\/li>\n<\/ul>\n<\/li>\n<\/ul>\n<p>Po\u0142\u0105czenia spawane s\u0105 g\u0142adkie, bez szczelin czy rowk\u00f3w, w kt\u00f3rych mog\u0142yby gromadzi\u0107 si\u0119 zanieczyszczenia lub brud, co zmniejsza ryzyko korozji i uszkodzenia cylindra.<\/p>\n<ul>\n<li style=\"list-style-type: none;\">\n<ul>\n<li><strong>Mo\u017cliwo\u015b\u0107 dostosowania:<\/strong> Spawane cylindry typu tee mo\u017cna dostosowa\u0107 do konkretnych zastosowa\u0144. Cylindry s\u0105 dost\u0119pne w r\u00f3\u017cnych rozmiarach i kszta\u0142tach i mog\u0105 by\u0107 wytwarzane tak, aby spe\u0142nia\u0142y konkretne wymagania danego zastosowania.<\/li>\n<\/ul>\n<\/li>\n<\/ul>\n<p>Proces dostosowywania pozwala na optymalizacj\u0119 wydajno\u015bci cylindra, zapewniaj\u0105c, \u017ce jest on odpowiedni do zamierzonego zastosowania. Ta cecha sprawia, \u017ce spawane cylindry typu tee s\u0105 idealne do stosowania w r\u00f3\u017cnych zastosowaniach przemys\u0142owych, w tym w budownictwie, g\u00f3rnictwie i transporcie materia\u0142\u00f3w.<\/p>\n<ul>\n<li style=\"list-style-type: none;\">\n<ul>\n<li><strong>Op\u0142acalno\u015b\u0107:<\/strong> Spawane cylindry typu tee s\u0105 op\u0142acalne w por\u00f3wnaniu do innych typ\u00f3w cylindr\u00f3w. Proces produkcji tych cylindr\u00f3w jest prosty, co czyni je ta\u0144szymi od innych typ\u00f3w cylindr\u00f3w.<\/li>\n<\/ul>\n<\/li>\n<\/ul>\n<p>Ponadto wysoka wytrzyma\u0142o\u015b\u0107 i trwa\u0142o\u015b\u0107 spawanych cylindr\u00f3w typu tee zmniejszaj\u0105 potrzeb\u0119 cz\u0119stych napraw i wymian, co pozwala zaoszcz\u0119dzi\u0107 na kosztach konserwacji. Ta cecha sprawia, \u017ce s\u0105 one popularnym wyborem dla wielu bran\u017c, szczeg\u00f3lnie tych o ograniczonym bud\u017cecie.<\/p>\n<ul>\n<li style=\"list-style-type: none;\">\n<ul>\n<li><strong>Zwi\u0119kszona wydajno\u015b\u0107:<\/strong> Spawane cylindry typu tee s\u0105 wysoce wydajne i skuteczne. Konstrukcja cylindra zapewnia, \u017ce si\u0142a przy\u0142o\u017cona jest przenoszona bezpo\u015brednio na obci\u0105\u017cenie, co zmniejsza straty energii i zwi\u0119ksza wydajno\u015b\u0107.<\/li>\n<\/ul>\n<\/li>\n<\/ul>\n<p>Spawane po\u0142\u0105czenia s\u0105 mocne i sztywne, minimalizuj\u0105c ugi\u0119cie i zapewniaj\u0105c, \u017ce cylinder zachowuje sw\u00f3j kszta\u0142t i integralno\u015b\u0107 strukturaln\u0105 nawet w ekstremalnych warunkach. Ta cecha sprawia, \u017ce spawane cylindry typu tee s\u0105 idealne do zastosowa\u0144 wymagaj\u0105cych wysokiej wydajno\u015bci i niezawodno\u015bci.<\/p>\n<h2>Zastosowanie cylindra spawanego typu tr\u00f3jnikowego<\/h2>\n<h3>Wst\u0119p<\/h3>\n<p>Si\u0142ownik typu spawany tr\u00f3jnik to rodzaj si\u0142ownika hydraulicznego powszechnie stosowanego w zastosowaniach przemys\u0142owych. Zosta\u0142 zaprojektowany w celu zapewnienia du\u017cej si\u0142y wyj\u015bciowej w kompaktowej i ekonomicznej obudowie. Ten typ si\u0142ownika sk\u0142ada si\u0119 ze spawanego tr\u00f3jnika i t\u0142oczyska przymocowanego do tr\u00f3jnika. Tr\u00f3jnik jest po\u0142\u0105czony z cylindrem cylindra i zawiera t\u0142ok, kt\u00f3ry porusza si\u0119 tam i z powrotem wewn\u0105trz cylindra, generuj\u0105c si\u0142\u0119.<\/p>\n<h3>Zalety cylindra spawanego typu tr\u00f3jnikowego<\/h3>\n<p>Stosowanie cylindr\u00f3w spawanych typu T w zastosowaniach przemys\u0142owych niesie ze sob\u0105 szereg zalet:<\/p>\n<ul>\n<li><b>Kompaktowa konstrukcja:<\/b> Cylindry spawane typu T s\u0105 zaprojektowane tak, aby by\u0142y kompaktowe, dzi\u0119ki czemu idealnie nadaj\u0105 si\u0119 do stosowania w miejscach o ograniczonej przestrzeni.<\/li>\n<li><b>Wysoka wydajno\u015b\u0107:<\/b> Cylindry spawane typu T s\u0105 bardzo wydajne, co oznacza, \u017ce \u200b\u200bmog\u0105 generowa\u0107 du\u017c\u0105 si\u0142\u0119 przy minimalnym nak\u0142adzie energii.<\/li>\n<li><b>Wytrzyma\u0142y:<\/b> Cylindry spawane typu T s\u0105 zaprojektowane tak, aby by\u0142y bardzo trwa\u0142e, co oznacza, \u017ce \u200b\u200bmog\u0105 wytrzyma\u0107 trudne warunki pracy i s\u0142u\u017cy\u0107 przez d\u0142ugi czas.<\/li>\n<li><b>Op\u0142acalne:<\/b> Cylindry spawane typu T s\u0105 ekonomiczne, co oznacza, \u017ce \u200b\u200boferuj\u0105 dobry stosunek jako\u015bci do ceny.<\/li>\n<\/ul>\n<h3>Zastosowania cylindr\u00f3w spawanych typu tr\u00f3jnikowego<\/h3>\n<p>Istnieje wiele zastosowa\u0144 dla cylindr\u00f3w spawanych typu T w r\u00f3\u017cnych ga\u0142\u0119ziach przemys\u0142u, w tym:<\/p>\n<ul>\n<li><b>Produkcja:<\/b> Cylindry spawane typu T s\u0105 wykorzystywane w produkcji do obs\u0142ugi maszyn, przenoszenia ci\u0119\u017ckich \u0142adunk\u00f3w i kszta\u0142towania cz\u0119\u015bci metalowych.<\/li>\n<li><b>Rolnictwo:<\/b> Cylindry typu T spawane stosowane s\u0105 w rolnictwie do obs\u0142ugi uk\u0142ad\u00f3w hydraulicznych w ci\u0105gnikach, kombajnach i innym sprz\u0119cie rolniczym.<\/li>\n<li><b>Budowa:<\/b> Cylindry typu T spawane s\u0105 stosowane w budownictwie do obs\u0142ugi maszyn takich jak d\u017awigi, koparki i koparki podsi\u0119bierne.<\/li>\n<li><b>G\u00f3rnictwo:<\/b> Cylindry typu T spawane s\u0105 stosowane w g\u00f3rnictwie do obs\u0142ugi uk\u0142ad\u00f3w hydraulicznych ci\u0119\u017ckiego sprz\u0119tu, takiego jak buldo\u017cery, \u0142adowarki i wiertnice do ska\u0142.<\/li>\n<li><b>Transport:<\/b> Cylindry typu T spawane s\u0105 stosowane w transporcie do obs\u0142ugi uk\u0142ad\u00f3w hydraulicznych w ci\u0119\u017car\u00f3wkach, autobusach i innych pojazdach.<\/li>\n<\/ul>\n<h3>Wniosek<\/h3>\n<p>Podsumowuj\u0105c, spawane cylindry typu T s\u0105 wa\u017cnym elementem w wielu zastosowaniach przemys\u0142owych. Zaprojektowano je tak, aby by\u0142y kompaktowe, wydajne, trwa\u0142e i ekonomiczne, co czyni je idealnym wyborem do szerokiego zakresu zastosowa\u0144. Niezale\u017cnie od tego, czy obs\u0142ugujesz maszyny w zak\u0142adzie produkcyjnym, sprz\u0119t rolniczy w gospodarstwie rolnym, czy ci\u0119\u017cki sprz\u0119t w kopalni, spawane cylindry typu T pomog\u0105 Ci wykona\u0107 zadanie sprawnie i skutecznie.<\/p>\n<h3>O FMP<\/h3>\n<p>FMP to firma dzia\u0142aj\u0105ca w bran\u017cy od ponad 30 lat, z siedzib\u0105 we W\u0142oszech. Specjalizujemy si\u0119 w produkcji i sprzeda\u017cy r\u00f3\u017cnego rodzaju cylindr\u00f3w hydraulicznych, a tak\u017ce oferujemy us\u0142ugi personalizacji.<\/p>\n<p>Nasze produkty charakteryzuj\u0105 si\u0119 wysok\u0105 jako\u015bci\u0105, a w procesie produkcyjnym wykorzystujemy ponad 100 urz\u0105dze\u0144. Nale\u017c\u0105 do nich automatyczne spawarki w os\u0142onie gaz\u00f3w ochronnych, maszyny do g\u0142\u0119bokiego wiercenia, tokarki CNC, szlifierki do wa\u0142k\u00f3w, automatyczne maszyny czyszcz\u0105ce, automatyczne maszyny monta\u017cowe, automatyczne stanowiska do testowania wydajno\u015bci cylindr\u00f3w hydraulicznych oraz automatyczne linie lakiernicze.<\/p>\n<p>Oto niekt\u00f3re zalety pracy z FMP:<\/p>\n<p>1. Us\u0142ugi projektowe: Nasz zesp\u00f3\u0142 projektowy posiada bogate do\u015bwiadczenie w projektowaniu i rozwoju wa\u0142\u00f3w uniwersalnych. Je\u015bli potrzebujesz nowych produkt\u00f3w lub chcesz wprowadzi\u0107 dalsze ulepszenia, s\u0142u\u017cymy wsparciem.<\/p>\n<p>2. Serwis produktu: Posiadamy kompletny proces produkcyjny, obejmuj\u0105cy surowce, ci\u0119cie, obr\u00f3bk\u0119 wst\u0119pn\u0105, testowanie, czyszczenie, monta\u017c, pakowanie i transport. Dbamy o ka\u017cdy szczeg\u00f3\u0142 procesu produkcyjnego, aby zapewni\u0107 jako\u015b\u0107 naszych produkt\u00f3w.<\/p>\n<p>3. Proces pr\u00f3bkowania: Mo\u017cemy opracowa\u0107 pr\u00f3bki zgodnie z Pa\u0144stwa wymaganiami i stale je modyfikowa\u0107, aby spe\u0142ni\u0107 Pa\u0144stwa potrzeby. Dzi\u0119ki temu nasi klienci otrzymuj\u0105 dok\u0142adnie to, czego potrzebuj\u0105 od naszych produkt\u00f3w.<\/p>\n<p>4. Badania i rozw\u00f3j: W FMP jeste\u015bmy na bie\u017c\u0105co z najnowszymi trendami rynkowymi i zawsze d\u0105\u017cymy do zaspokojenia potrzeb naszych klient\u00f3w. Nieustannie opracowujemy nowe modele, aby sprosta\u0107 zmieniaj\u0105cym si\u0119 potrzebom rynku.<\/p>\n<p>5. Kontrola jako\u015bci: Ka\u017cdy cylinder hydrauliczny przechodzi rygorystyczn\u0105 obr\u00f3bk\u0119 i kontrol\u0119, aby zagwarantowa\u0107 naszym klientom wysok\u0105 jako\u015b\u0107. Gwarantujemy jako\u015b\u0107 naszych produkt\u00f3w i dbamy o to, aby spe\u0142nia\u0142y najwy\u017csze standardy.<\/p>\n<p>Zale\u017cy nam na dostarczaniu wysokiej jako\u015bci produkt\u00f3w i doskona\u0142ej obs\u0142ugi klienta. Zaufaj nam, a znajdziemy idealny si\u0142ownik hydrauliczny, kt\u00f3ry spe\u0142ni Twoje potrzeby.<\/p>\n<p><img decoding=\"async\" src=\"https:\/\/fmp-components.com\/wp-content\/uploads\/2024\/12\/fmp-factory-4.webp\" alt=\"Fabryka FMP\" width=\"800\" title=\"\"><br \/>\nAutor:CX<\/p>","protected":false},"excerpt":{"rendered":"<p>The 10026 Stainless Steel Hydraulic Ram Cylinder is a high-quality double acting cylinder designed for durability and efficiency in various applications. Manufactured in Italy, this hydraulic cylinder is ideal for industries that require corrosion resistance and reliable performance. Key Features: Stainless Steel Construction: Made from premium stainless steel, providing excellent resistance to corrosion and wear, [&hellip;]<\/p>","protected":false},"featured_media":1133,"comment_status":"closed","ping_status":"closed","template":"","meta":{"_et_pb_use_builder":"","_et_pb_old_content":"","_et_gb_content_width":""},"product_brand":[],"product_cat":[31],"product_tag":[34,35],"class_list":{"0":"post-946","1":"product","2":"type-product","3":"status-publish","4":"has-post-thumbnail","6":"product_cat-welded-tee-type-cylinder","7":"product_tag-hydraulic-cylinder","8":"product_tag-welded-tee-type-cylinder","10":"first","11":"instock","12":"product-type-simple"},"_links":{"self":[{"href":"https:\/\/fmp-components.com\/pl\/wp-json\/wp\/v2\/product\/946","targetHints":{"allow":["GET"]}}],"collection":[{"href":"https:\/\/fmp-components.com\/pl\/wp-json\/wp\/v2\/product"}],"about":[{"href":"https:\/\/fmp-components.com\/pl\/wp-json\/wp\/v2\/types\/product"}],"replies":[{"embeddable":true,"href":"https:\/\/fmp-components.com\/pl\/wp-json\/wp\/v2\/comments?post=946"}],"wp:featuredmedia":[{"embeddable":true,"href":"https:\/\/fmp-components.com\/pl\/wp-json\/wp\/v2\/media\/1133"}],"wp:attachment":[{"href":"https:\/\/fmp-components.com\/pl\/wp-json\/wp\/v2\/media?parent=946"}],"wp:term":[{"taxonomy":"product_brand","embeddable":true,"href":"https:\/\/fmp-components.com\/pl\/wp-json\/wp\/v2\/product_brand?post=946"},{"taxonomy":"product_cat","embeddable":true,"href":"https:\/\/fmp-components.com\/pl\/wp-json\/wp\/v2\/product_cat?post=946"},{"taxonomy":"product_tag","embeddable":true,"href":"https:\/\/fmp-components.com\/pl\/wp-json\/wp\/v2\/product_tag?post=946"}],"curies":[{"name":"wp","href":"https:\/\/api.w.org\/{rel}","templated":true}]}}