{"id":944,"date":"2024-12-19T03:39:43","date_gmt":"2024-12-19T03:39:43","guid":{"rendered":"https:\/\/fmp-components.com\/product\/high-quality-welded-hydraulic-piston-cylinder-for-agriculture\/"},"modified":"2024-12-19T08:57:21","modified_gmt":"2024-12-19T08:57:21","slug":"high-quality-welded-hydraulic-piston-cylinder-for-agriculture","status":"publish","type":"product","link":"https:\/\/fmp-components.com\/pl\/product\/high-quality-welded-hydraulic-piston-cylinder-for-agriculture\/","title":{"rendered":"Wysokiej jako\u015bci spawany si\u0142ownik hydrauliczny t\u0142okowy do rolnictwa"},"content":{"rendered":"<p>Wysokiej jako\u015bci spawany si\u0142ownik hydrauliczny z t\u0142okiem zosta\u0142 zaprojektowany specjalnie do zastosowa\u0144 rolniczych, zapewniaj\u0105c solidn\u0105 i niezawodn\u0105 prac\u0119 w wymagaj\u0105cych warunkach. Si\u0142ownik ten \u0142\u0105czy zaawansowan\u0105 technologi\u0119 z wysokiej jako\u015bci materia\u0142ami, gwarantuj\u0105c optymaln\u0105 funkcjonalno\u015b\u0107 i trwa\u0142o\u015b\u0107 podczas r\u00f3\u017cnorodnych prac rolniczych.<\/p>\n<p><img decoding=\"async\" class=\"aligncenter\" src=\"https:\/\/hzpt.com\/wp-content\/uploads\/2023\/12\/random-3.webp\" alt=\"\" title=\"\"><\/p>\n<h4>G\u0142\u00f3wne cechy:<\/h4>\n<ul>\n<li><strong>Konstrukcja spawana<\/strong>:Zaprojektowane z wykorzystaniem wytrzyma\u0142ych po\u0142\u0105cze\u0144 spawanych, aby zwi\u0119kszy\u0107 integralno\u015b\u0107 strukturaln\u0105 i zapobiec przeciekom, dzi\u0119ki czemu idealnie nadaj\u0105 si\u0119 do intensywnego u\u017cytkowania w rolnictwie.<\/li>\n<li><strong>Wydajna operacja<\/strong>:Zaprojektowany do dwustronnego dzia\u0142ania, umo\u017cliwia p\u0142ynn\u0105 prac\u0119 podczas wysuwania i wsuwania, zapewniaj\u0105c precyzyjn\u0105 kontrol\u0119.<\/li>\n<li><strong>Odporno\u015b\u0107 na korozj\u0119<\/strong>:Pokryte pow\u0142ok\u0105 ochronn\u0105 zabezpieczaj\u0105c\u0105 przed rdz\u0105 i korozj\u0105, co gwarantuje trwa\u0142o\u015b\u0107 i niezawodn\u0105 prac\u0119 w warunkach zewn\u0119trznych.<\/li>\n<li><strong>Wszechstronne zastosowania<\/strong>: Nadaje si\u0119 do szerokiej gamy sprz\u0119tu rolniczego, w tym ci\u0105gnik\u00f3w, p\u0142ug\u00f3w i kombajn\u00f3w, dzi\u0119ki czemu jest wszechstronnym rozwi\u0105zaniem dla rolnik\u00f3w.<\/li>\n<li><strong>\u0141atwa instalacja<\/strong>Zaprojektowane z my\u015bl\u0105 o bezproblemowej integracji z istniej\u0105cymi maszynami, minimalizuj\u0105c przestoje i zwi\u0119kszaj\u0105c wydajno\u015b\u0107 operacyjn\u0105.<\/li>\n<\/ul>\n<h4>Korzy\u015bci:<\/h4>\n<ul>\n<li><strong>Zwi\u0119kszona wydajno\u015b\u0107<\/strong>:Optymalizuje dzia\u0142anie maszyn rolniczych, u\u0142atwiaj\u0105c efektywne podnoszenie, pchanie i ci\u0105gni\u0119cie.<\/li>\n<li><strong>Trwa\u0142o\u015b\u0107<\/strong>:Zaprojektowane tak, aby wytrzyma\u0107 trudne warunki rolnicze, co zmniejsza potrzeby konserwacyjne i wyd\u0142u\u017ca \u017cywotno\u015b\u0107.<\/li>\n<li><strong>Wydajno\u015b\u0107 ekonomiczna<\/strong>:Zapewnia wysok\u0105 niezawodno\u015b\u0107 i wydajno\u015b\u0107 za konkurencyjn\u0105 cen\u0119, gwarantuj\u0105c doskona\u0142\u0105 warto\u015b\u0107 inwestycji.<\/li>\n<\/ul>\n<p>Wysokiej jako\u015bci spawany si\u0142ownik hydrauliczny t\u0142okowy to niezb\u0119dny element nowoczesnego rolnictwa, zapewniaj\u0105cy niezawodn\u0105 wydajno\u015b\u0107 i wytrzyma\u0142o\u015b\u0107. Jego trwa\u0142a konstrukcja i wszechstronna konstrukcja sprawiaj\u0105, \u017ce jest on nieocenionym uzupe\u0142nieniem ka\u017cdego sprz\u0119tu rolniczego.<\/p>\n<p>Si\u0142ownik hydrauliczny t\u0142okowy FMP charakteryzuje si\u0119 unikalnymi cechami, kt\u00f3re wyr\u00f3\u017cniaj\u0105 go na tle konkurencji. Jest energooszcz\u0119dny, wysoce wydajny i bezpieczny. Te cechy czyni\u0105 go cennym uzupe\u0142nieniem ka\u017cdego gospodarstwa rolnego.<\/p>\n<p><img decoding=\"async\" class=\"aligncenter\" src=\"https:\/\/hzpt.com\/wp-content\/uploads\/2023\/12\/random-5.webp\" alt=\"\" title=\"\"><\/p>\n<h2>Zalety cylindra spawanego typu tr\u00f3jnikowego<\/h2>\n<ul>\n<li style=\"list-style-type: none;\">\n<ul>\n<li><strong>Zwi\u0119kszona si\u0142a:<\/strong> Spawane cylindry typu tee s\u0105 znane ze swojej wysokiej wytrzyma\u0142o\u015bci, dzi\u0119ki czemu nadaj\u0105 si\u0119 do zastosowa\u0144 wymagaj\u0105cych podnoszenia ci\u0119\u017car\u00f3w. Proces spawania stosowany podczas produkcji tych cylindr\u00f3w zapewnia, \u017ce cylinder jest wolny od s\u0142abych punkt\u00f3w i mo\u017ce wytrzyma\u0107 wysokie ci\u015bnienie i napr\u0119\u017cenia.<\/li>\n<\/ul>\n<\/li>\n<\/ul>\n<p>Gdy na cylinder wywierany jest nacisk, rozprowadza si\u0119 on r\u00f3wnomiernie po ca\u0142ej powierzchni, co czyni go odpornym na odkszta\u0142cenia. Ta cecha zapewnia, \u017ce cylinder mo\u017ce zachowa\u0107 sw\u00f3j kszta\u0142t i integralno\u015b\u0107 strukturaln\u0105 nawet w ekstremalnych warunkach.<\/p>\n<ul>\n<li style=\"list-style-type: none;\">\n<ul>\n<li><strong>Zapobieganie wyciekom:<\/strong> Spawane cylindry typu tee s\u0105 zaprojektowane tak, aby zapobiega\u0107 wyciekom. Proces spawania stosowany podczas procesu produkcji zapewnia, \u017ce cylinder jest ca\u0142kowicie szczelny i wolny od wszelkich mo\u017cliwych wyciek\u00f3w. Ta cecha sprawia, \u017ce nadaj\u0105 si\u0119 do stosowania w zastosowaniach, w kt\u00f3rych wyciek m\u00f3g\u0142by spowodowa\u0107 powa\u017cne uszkodzenia lub obra\u017cenia.<\/li>\n<\/ul>\n<\/li>\n<\/ul>\n<p>Po\u0142\u0105czenia spawane s\u0105 g\u0142adkie, bez szczelin czy rowk\u00f3w, w kt\u00f3rych mog\u0142yby gromadzi\u0107 si\u0119 zanieczyszczenia lub brud, co zmniejsza ryzyko korozji i uszkodzenia cylindra.<\/p>\n<ul>\n<li style=\"list-style-type: none;\">\n<ul>\n<li><strong>Mo\u017cliwo\u015b\u0107 dostosowania:<\/strong> Spawane cylindry typu tee mo\u017cna dostosowa\u0107 do konkretnych zastosowa\u0144. Cylindry s\u0105 dost\u0119pne w r\u00f3\u017cnych rozmiarach i kszta\u0142tach i mog\u0105 by\u0107 wytwarzane tak, aby spe\u0142nia\u0142y konkretne wymagania danego zastosowania.<\/li>\n<\/ul>\n<\/li>\n<\/ul>\n<p>Proces dostosowywania pozwala na optymalizacj\u0119 wydajno\u015bci cylindra, zapewniaj\u0105c, \u017ce jest on odpowiedni do zamierzonego zastosowania. Ta cecha sprawia, \u017ce spawane cylindry typu tee s\u0105 idealne do stosowania w r\u00f3\u017cnych zastosowaniach przemys\u0142owych, w tym w budownictwie, g\u00f3rnictwie i transporcie materia\u0142\u00f3w.<\/p>\n<ul>\n<li style=\"list-style-type: none;\">\n<ul>\n<li><strong>Op\u0142acalno\u015b\u0107:<\/strong> Spawane cylindry typu tee s\u0105 op\u0142acalne w por\u00f3wnaniu do innych typ\u00f3w cylindr\u00f3w. Proces produkcji tych cylindr\u00f3w jest prosty, co czyni je ta\u0144szymi od innych typ\u00f3w cylindr\u00f3w.<\/li>\n<\/ul>\n<\/li>\n<\/ul>\n<p>Ponadto wysoka wytrzyma\u0142o\u015b\u0107 i trwa\u0142o\u015b\u0107 spawanych cylindr\u00f3w typu tee zmniejszaj\u0105 potrzeb\u0119 cz\u0119stych napraw i wymian, co pozwala zaoszcz\u0119dzi\u0107 na kosztach konserwacji. Ta cecha sprawia, \u017ce s\u0105 one popularnym wyborem dla wielu bran\u017c, szczeg\u00f3lnie tych o ograniczonym bud\u017cecie.<\/p>\n<ul>\n<li style=\"list-style-type: none;\">\n<ul>\n<li><strong>Zwi\u0119kszona wydajno\u015b\u0107:<\/strong> Spawane cylindry typu tee s\u0105 wysoce wydajne i skuteczne. Konstrukcja cylindra zapewnia, \u017ce si\u0142a przy\u0142o\u017cona jest przenoszona bezpo\u015brednio na obci\u0105\u017cenie, co zmniejsza straty energii i zwi\u0119ksza wydajno\u015b\u0107.<\/li>\n<\/ul>\n<\/li>\n<\/ul>\n<p>Spawane po\u0142\u0105czenia s\u0105 mocne i sztywne, minimalizuj\u0105c ugi\u0119cie i zapewniaj\u0105c, \u017ce cylinder zachowuje sw\u00f3j kszta\u0142t i integralno\u015b\u0107 strukturaln\u0105 nawet w ekstremalnych warunkach. Ta cecha sprawia, \u017ce spawane cylindry typu tee s\u0105 idealne do zastosowa\u0144 wymagaj\u0105cych wysokiej wydajno\u015bci i niezawodno\u015bci.<\/p>\n<h2>Zastosowanie cylindra spawanego typu tr\u00f3jnikowego<\/h2>\n<ul>\n<li>\n<h3>Maszyny i urz\u0105dzenia przemys\u0142owe<\/h3>\n<p>Spawany cylinder typu Tee jest szeroko stosowany w maszynach i urz\u0105dzeniach przemys\u0142owych, szczeg\u00f3lnie w uk\u0142adach hydraulicznych. Cylinder sk\u0142ada si\u0119 z t\u0142oka i rury cylindra, kt\u00f3re s\u0105 zespawane razem, tworz\u0105c pojedyncz\u0105 jednostk\u0119. Ta konstrukcja oferuje kilka zalet w por\u00f3wnaniu z innymi typami cylindr\u00f3w, takich jak zwi\u0119kszona trwa\u0142o\u015b\u0107, wi\u0119ksza wytrzyma\u0142o\u015b\u0107 i wi\u0119ksza precyzja.<\/p>\n<p>Jednym z najwa\u017cniejszych zastosowa\u0144 spawanego cylindra typu Tee w maszynach przemys\u0142owych jest jego zdolno\u015b\u0107 do zapewniania sta\u0142ej i dok\u0142adnej si\u0142y. Jest to niezb\u0119dne w wielu procesach produkcyjnych, w kt\u00f3rych wymagana jest precyzyjna kontrola w celu zapewnienia jako\u015bci produktu ko\u0144cowego. Spawany cylinder typu Tee mo\u017ce by\u0107 r\u00f3wnie\u017c u\u017cywany do regulacji przep\u0142ywu p\u0142yn\u00f3w w uk\u0142adach hydraulicznych, co pozwala na wi\u0119ksz\u0105 wydajno\u015b\u0107 i niezawodno\u015b\u0107 w r\u00f3\u017cnych zastosowaniach przemys\u0142owych.<\/li>\n<li>\n<h3>Sprz\u0119t rolniczy<\/h3>\n<p>Spawany cylinder typu Tee jest r\u00f3wnie\u017c powszechnie stosowany w sprz\u0119cie rolniczym, takim jak traktory i kombajny. Maszyny te wymagaj\u0105 mocnych i niezawodnych uk\u0142ad\u00f3w hydraulicznych, aby dzia\u0142a\u0107 skutecznie, a spawany cylinder typu Tee jest idealnym wyborem do tego celu.<\/p>\n<p>Solidna konstrukcja i wysoka wytrzyma\u0142o\u015b\u0107 cylindra sprawiaj\u0105, \u017ce jest on wysoce odporny na zu\u017cycie i rozdarcie, nawet w trudnych warunkach pracy. Dzi\u0119ki temu jest idealnym wyborem do stosowania w sprz\u0119cie rolniczym, gdzie trwa\u0142o\u015b\u0107 jest kluczowym czynnikiem. Spawany cylinder typu tr\u00f3jnikowego mo\u017ce by\u0107 r\u00f3wnie\u017c u\u017cywany do zapewnienia precyzyjnej kontroli wymaganej w wielu procesach rolniczych, takich jak sadzenie, zbiory i nawadnianie.<\/li>\n<li>\n<h3>Sprz\u0119t budowlany<\/h3>\n<p>Spawany cylinder typu Tee jest r\u00f3wnie\u017c szeroko stosowany w sprz\u0119cie budowlanym, takim jak koparki, koparki i spychacze. Maszyny te wymagaj\u0105 mocnych i niezawodnych uk\u0142ad\u00f3w hydraulicznych do wykonywania ci\u0119\u017ckich zada\u0144, takich jak kopanie, podnoszenie i pchanie ci\u0119\u017ckich \u0142adunk\u00f3w.<\/p>\n<p>Wysoka wytrzyma\u0142o\u015b\u0107 i trwa\u0142o\u015b\u0107 spawanego cylindra typu Tee sprawiaj\u0105, \u017ce jest on idealnym wyborem do stosowania w sprz\u0119cie budowlanym. Jego zdolno\u015b\u0107 do zapewnienia precyzyjnej kontroli i sta\u0142ej si\u0142y jest niezb\u0119dna w wielu procesach budowlanych, takich jak wykopy, profilowanie i uk\u0142adanie nawierzchni. Spawany cylinder typu Tee mo\u017ce by\u0107 r\u00f3wnie\u017c stosowany do regulacji przep\u0142ywu p\u0142yn\u00f3w w uk\u0142adach hydraulicznych, co poprawia wydajno\u015b\u0107 i niezawodno\u015b\u0107 sprz\u0119tu budowlanego w r\u00f3\u017cnych zastosowaniach.<\/li>\n<\/ul>\n<h3>O FMP<\/h3>\n<p>FMP to wiod\u0105cy producent i dostawca si\u0142ownik\u00f3w hydraulicznych z ponad 30-letnim do\u015bwiadczeniem w bran\u017cy. Nasza siedziba znajduje si\u0119 we W\u0142oszech, a w naszym nowoczesnym centrum przemys\u0142owym znajduje si\u0119 ponad 100 zaawansowanych urz\u0105dze\u0144. Nasza bogata oferta obejmuje automatyczne spawarki w os\u0142onie gaz\u00f3w ochronnych, maszyny do g\u0142\u0119bokiego wiercenia, tokarki CNC, szlifierki cylindryczne, automatyczne maszyny czyszcz\u0105ce, automatyczne maszyny monta\u017cowe, automatyczne stanowiska do testowania wydajno\u015bci si\u0142ownik\u00f3w hydraulicznych oraz automatyczne linie lakiernicze.<\/p>\n<p><img decoding=\"async\" src=\"https:\/\/fmp-components.com\/wp-content\/uploads\/2024\/12\/fmp-factory-4.webp\" alt=\"Fabryka FMP\" width=\"800\" title=\"\"><\/p>\n<p>W FMP jeste\u015bmy dumni z dostarczania naszym klientom wysokiej jako\u015bci cylindr\u00f3w hydraulicznych. Ka\u017cdy cylinder hydrauliczny przechodzi rygorystyczn\u0105 obr\u00f3bk\u0119 i kontrol\u0119, aby zapewni\u0107 najwy\u017csz\u0105 jako\u015b\u0107. Nasza oferta obejmuje:<\/p>\n<ol>\n<li style=\"list-style-type: none;\">\n<ol>\n<li>Si\u0142ownik hydrauliczny<\/li>\n<\/ol>\n<\/li>\n<\/ol>\n<p>Nasze cylindry hydrauliczne zosta\u0142y zaprojektowane tak, aby sprosta\u0107 zr\u00f3\u017cnicowanym potrzebom przemys\u0142owym. S\u0105 starannie wykonane i testowane pod k\u0105tem optymalnej wydajno\u015bci i trwa\u0142o\u015bci.<\/p>\n<ol>\n<li style=\"list-style-type: none;\">\n<ol>\n<li>Cylinder hydrauliczny Cylinder kolczyka<\/li>\n<\/ol>\n<\/li>\n<\/ol>\n<p>Nasze cylindry kolczykowe zosta\u0142y zaprojektowane specjalnie z my\u015bl\u0105 o zapewnieniu wydajnej i niezawodnej pracy w szerokim zakresie zastosowa\u0144. Przechodz\u0105 rygorystyczne testy, aby zagwarantowa\u0107 ich funkcjonalno\u015b\u0107 i trwa\u0142o\u015b\u0107.<\/p>\n<ol>\n<li style=\"list-style-type: none;\">\n<ol>\n<li>Dwukierunkowy automatyczny teleskopowy si\u0142ownik hydrauliczny<\/li>\n<\/ol>\n<\/li>\n<\/ol>\n<p>Dzi\u0119ki naszym dwukierunkowym automatycznym teleskopowym si\u0142ownikom hydraulicznym mo\u017cesz oczekiwa\u0107 p\u0142ynnej i precyzyjnej pracy. Si\u0142owniki te s\u0105 zaprojektowane tak, aby wytrzymywa\u0107 du\u017ce obci\u0105\u017cenia i zapewnia\u0107 doskona\u0142\u0105 kontrol\u0119.<\/p>\n<ol>\n<li style=\"list-style-type: none;\">\n<ol>\n<li>Us\u0142uga projektowa<\/li>\n<\/ol>\n<\/li>\n<\/ol>\n<p>Nasz do\u015bwiadczony zesp\u00f3\u0142 projektant\u00f3w jest gotowy pom\u00f3c Ci w projektowaniu i rozwoju produktu. Niezale\u017cnie od tego, czy potrzebujesz nowego produktu, czy ulepsze\u0144 istniej\u0105cych, jeste\u015bmy do Twojej dyspozycji.<\/p>\n<ol>\n<li style=\"list-style-type: none;\">\n<ol>\n<li>Serwis produktu<\/li>\n<\/ol>\n<\/li>\n<\/ol>\n<p>Od pozyskiwania najwy\u017cszej jako\u015bci surowc\u00f3w, przez pakowanie i transport, zapewniamy kompleksow\u0105 obs\u0142ug\u0119 klienta. Ka\u017cdy etap, od ci\u0119cia, przez obr\u00f3bk\u0119 wst\u0119pn\u0105, testowanie, czyszczenie, a\u017c po monta\u017c, jest starannie realizowany, aby dostarcza\u0107 produkty najwy\u017cszej jako\u015bci.<\/p>\n<p>Opr\u00f3cz tych produkt\u00f3w i us\u0142ug, oferujemy r\u00f3wnie\u017c projektowanie pr\u00f3bek dostosowanych do Pa\u0144stwa wymaga\u0144. Nasz dedykowany zesp\u00f3\u0142 mo\u017ce stale modyfikowa\u0107 pr\u00f3bki, aby spe\u0142ni\u0107 Pa\u0144stwa specyficzne potrzeby. Ponadto, jeste\u015bmy na bie\u017c\u0105co z trendami rynkowymi i inwestujemy w badania i rozw\u00f3j. Pozwala nam to bada\u0107 nowe potrzeby rynku i opracowywa\u0107 innowacyjne modele si\u0142ownik\u00f3w hydraulicznych, kt\u00f3re spe\u0142niaj\u0105 wymagania rozwijaj\u0105cego si\u0119 przemys\u0142u motoryzacyjnego.<\/p>\n<p>Wybierz FMP, je\u015bli potrzebujesz si\u0142ownik\u00f3w hydraulicznych. Zale\u017cy nam na dostarczaniu najwy\u017cszej jako\u015bci produkt\u00f3w i doskona\u0142ej obs\u0142udze klienta. Skontaktuj si\u0119 z nami ju\u017c dzi\u015b, aby om\u00f3wi\u0107 swoje potrzeby i pozwoli\u0107 nam sta\u0107 si\u0119 Twoim zaufanym partnerem.<\/p>\n<p>&nbsp;<\/p>\n<h2>Cz\u0119sto zadawane pytania<\/h2>\n<h3>P1: Jaka jest no\u015bno\u015b\u0107 cylindra t\u0142okowego hydraulicznego?<\/h3>\n<p>A: Szczeg\u00f3\u0142owa no\u015bno\u015b\u0107 produktu podana jest w tabeli ze specyfikacjami produktu powy\u017cej.<\/p>\n<h3>P2: Jak dzia\u0142a hydrauliczny cylinder t\u0142okowy?<\/h3>\n<p>A: Si\u0142ownik hydrauliczny dzia\u0142a na zasadzie si\u0142y hydraulicznej, w kt\u00f3rej do generowania si\u0142y i ruchu wykorzystywany jest spr\u0119\u017cony p\u0142yn hydrauliczny.<\/p>\n<h3>P3: Sk\u0105d mam wiedzie\u0107, kiedy nale\u017cy wymieni\u0107 olej hydrauliczny i uszczelki?<\/h3>\n<p>A: FMP zawiera szczeg\u00f3\u0142owe wskaz\u00f3wki dotycz\u0105ce tego, kiedy i jak wymieni\u0107 olej hydrauliczny i uszczelki.<\/p>\n<h3>P4: Czy mog\u0119 dostosowa\u0107 m\u00f3j hydrauliczny cylinder t\u0142okowy?<\/h3>\n<p>O: Tak, FMP akceptuje personalizacj\u0119 na podstawie rysunk\u00f3w lub pr\u00f3bek dostarczonych przez klient\u00f3w.<\/p>\n<h3>P5: Jakiego rodzaju wsparcia mog\u0119 oczekiwa\u0107 od FMP po zakupie?<\/h3>\n<p>A: FMP zapewnia kompleksowe doradztwo w zakresie instalacji, konserwacji i napraw, gwarantuj\u0105c optymaln\u0105 prac\u0119 cylindra t\u0142okowego hydraulicznego.<\/p>\n<p>Autor:CX<\/p>","protected":false},"excerpt":{"rendered":"<p>The High Quality Welded Hydraulic Piston Cylinder is specifically designed for agricultural applications, providing robust and reliable performance in demanding environments. This cylinder combines advanced engineering with high-quality materials, ensuring optimal functionality and durability for various farming tasks. Key Features: Welded Construction: Engineered with high-strength welded joints to enhance structural integrity and prevent leaks, making [&hellip;]<\/p>","protected":false},"featured_media":1132,"comment_status":"closed","ping_status":"closed","template":"","meta":{"_et_pb_use_builder":"","_et_pb_old_content":"","_et_gb_content_width":""},"product_brand":[],"product_cat":[31],"product_tag":[34,35],"class_list":{"0":"post-944","1":"product","2":"type-product","3":"status-publish","4":"has-post-thumbnail","6":"product_cat-welded-tee-type-cylinder","7":"product_tag-hydraulic-cylinder","8":"product_tag-welded-tee-type-cylinder","10":"first","11":"instock","12":"product-type-simple"},"_links":{"self":[{"href":"https:\/\/fmp-components.com\/pl\/wp-json\/wp\/v2\/product\/944","targetHints":{"allow":["GET"]}}],"collection":[{"href":"https:\/\/fmp-components.com\/pl\/wp-json\/wp\/v2\/product"}],"about":[{"href":"https:\/\/fmp-components.com\/pl\/wp-json\/wp\/v2\/types\/product"}],"replies":[{"embeddable":true,"href":"https:\/\/fmp-components.com\/pl\/wp-json\/wp\/v2\/comments?post=944"}],"wp:featuredmedia":[{"embeddable":true,"href":"https:\/\/fmp-components.com\/pl\/wp-json\/wp\/v2\/media\/1132"}],"wp:attachment":[{"href":"https:\/\/fmp-components.com\/pl\/wp-json\/wp\/v2\/media?parent=944"}],"wp:term":[{"taxonomy":"product_brand","embeddable":true,"href":"https:\/\/fmp-components.com\/pl\/wp-json\/wp\/v2\/product_brand?post=944"},{"taxonomy":"product_cat","embeddable":true,"href":"https:\/\/fmp-components.com\/pl\/wp-json\/wp\/v2\/product_cat?post=944"},{"taxonomy":"product_tag","embeddable":true,"href":"https:\/\/fmp-components.com\/pl\/wp-json\/wp\/v2\/product_tag?post=944"}],"curies":[{"name":"wp","href":"https:\/\/api.w.org\/{rel}","templated":true}]}}