{"id":943,"date":"2024-12-19T03:39:43","date_gmt":"2024-12-19T03:39:43","guid":{"rendered":"https:\/\/fmp-components.com\/product\/10023-hot-selling-mini-hydraulic-piston-cylinder-tractor-hydraulic-cylinder\/"},"modified":"2024-12-19T08:56:04","modified_gmt":"2024-12-19T08:56:04","slug":"10023-hot-selling-mini-hydraulic-piston-cylinder-tractor-hydraulic-cylinder","status":"publish","type":"product","link":"https:\/\/fmp-components.com\/pl\/product\/10023-hot-selling-mini-hydraulic-piston-cylinder-tractor-hydraulic-cylinder\/","title":{"rendered":"10023 Gor\u0105co sprzedaj\u0105cy si\u0119 miniaturowy hydrauliczny cylinder t\u0142okowy do ci\u0105gnika"},"content":{"rendered":"<p>Gor\u0105co sprzedaj\u0105cy si\u0119 miniaturowy si\u0142ownik hydrauliczny 10023 zosta\u0142 zaprojektowany specjalnie do zastosowa\u0144 w ci\u0105gnikach, zapewniaj\u0105c du\u017c\u0105 moc podnoszenia i pchania w kompaktowych rozmiarach. Ten si\u0142ownik hydrauliczny idealnie nadaje si\u0119 do r\u00f3\u017cnych zada\u0144 rolniczych, co czyni go niezb\u0119dnym elementem nowoczesnego rolnictwa.<\/p>\n<h4>G\u0142\u00f3wne cechy:<\/h4>\n<ul>\n<li><strong>Projekt miniaturowy<\/strong>:Kompaktowe rozmiary pozwalaj\u0105 na \u0142atw\u0105 integracj\u0119 z mniejszymi ci\u0105gnikami i sprz\u0119tem, maksymalizuj\u0105c efektywno\u015b\u0107 wykorzystania przestrzeni bez uszczerbku dla wydajno\u015bci.<\/li>\n<li><strong>Wysokiej jako\u015bci konstrukcja<\/strong>:Wykonane z trwa\u0142ych materia\u0142\u00f3w, gwarantuj\u0105cych niezawodno\u015b\u0107 i d\u0142ugowieczno\u015b\u0107, zdolne do radzenia sobie w trudnych warunkach rolniczych.<\/li>\n<li><strong>Funkcjonalno\u015b\u0107 podw\u00f3jnego dzia\u0142ania<\/strong>: Umo\u017cliwia p\u0142ynn\u0105 prac\u0119 podczas wysuwania i zsuwania, zapewniaj\u0105c precyzyjn\u0105 kontrol\u0119 w r\u00f3\u017cnorodnych zastosowaniach.<\/li>\n<li><strong>Pow\u0142oka odporna na korozj\u0119<\/strong>:Poddane obr\u00f3bce zapobiegaj\u0105cej rdzewieniu i korozji, co gwarantuje trwa\u0142o\u015b\u0107 i sta\u0142\u0105 wydajno\u015b\u0107 w warunkach zewn\u0119trznych.<\/li>\n<li><strong>\u0141atwa instalacja<\/strong>Zaprojektowane z my\u015bl\u0105 o szybkiej i prostej integracji z istniej\u0105cymi systemami ci\u0105gnika, minimalizuj\u0105c przestoje.<\/li>\n<\/ul>\n<p><img decoding=\"async\" src=\"https:\/\/hzpt.com\/wp-content\/uploads\/2023\/12\/random-2.webp\" alt=\"\" title=\"\"><\/p>\n<h4>Korzy\u015bci:<\/h4>\n<ul>\n<li><strong>Zwi\u0119kszona wydajno\u015b\u0107<\/strong>:Optymalizuje wydajno\u015b\u0107 ci\u0105gnika, umo\u017cliwiaj\u0105c efektywne podnoszenie i opuszczanie w celu zwi\u0119kszenia wydajno\u015bci pracy w polu.<\/li>\n<li><strong>Wszechstronne zastosowania<\/strong>: Nadaje si\u0119 do szerokiego zakresu prac rolniczych, w tym orania, podnoszenia i innych funkcji hydraulicznych.<\/li>\n<li><strong>Rozwi\u0105zanie ekonomiczne<\/strong>:Oferuje wysok\u0105 wydajno\u015b\u0107 za przyst\u0119pn\u0105 cen\u0119, dzi\u0119ki czemu jest doskona\u0142\u0105 inwestycj\u0105 dla rolnik\u00f3w chc\u0105cych usprawni\u0107 swoj\u0105 dzia\u0142alno\u015b\u0107.<\/li>\n<\/ul>\n<p>Gor\u0105co sprzedaj\u0105cy si\u0119 miniaturowy si\u0142ownik hydrauliczny 10023 to niezb\u0119dny element ci\u0105gnik\u00f3w, zapewniaj\u0105cy niezawodn\u0105 wydajno\u015b\u0107 i efektywno\u015b\u0107. Jego kompaktowa konstrukcja i solidna konstrukcja sprawiaj\u0105, \u017ce jest on cennym uzupe\u0142nieniem ka\u017cdego sprz\u0119tu rolniczego.<\/p>\n<p>&nbsp;<\/p>\n<p><img decoding=\"async\" src=\"https:\/\/hzpt.com\/wp-content\/uploads\/2023\/12\/random-1.webp?v=1694163707\" alt=\"\" title=\"\"><\/p>\n<h2>Zalety cylindra spawanego typu tr\u00f3jnikowego<\/h2>\n<ul>\n<li style=\"list-style-type: none;\">\n<ul>\n<li><strong>Zwi\u0119kszona si\u0142a:<\/strong> Spawane cylindry typu tee s\u0105 znane ze swojej wysokiej wytrzyma\u0142o\u015bci, dzi\u0119ki czemu nadaj\u0105 si\u0119 do zastosowa\u0144 wymagaj\u0105cych podnoszenia ci\u0119\u017car\u00f3w. Proces spawania stosowany podczas produkcji tych cylindr\u00f3w zapewnia, \u017ce cylinder jest wolny od s\u0142abych punkt\u00f3w i mo\u017ce wytrzyma\u0107 wysokie ci\u015bnienie i napr\u0119\u017cenia.<\/li>\n<\/ul>\n<\/li>\n<\/ul>\n<p>Gdy na cylinder wywierany jest nacisk, rozprowadza si\u0119 on r\u00f3wnomiernie po ca\u0142ej powierzchni, co czyni go odpornym na odkszta\u0142cenia. Ta cecha zapewnia, \u017ce cylinder mo\u017ce zachowa\u0107 sw\u00f3j kszta\u0142t i integralno\u015b\u0107 strukturaln\u0105 nawet w ekstremalnych warunkach.<\/p>\n<ul>\n<li style=\"list-style-type: none;\">\n<ul>\n<li><strong>Zapobieganie wyciekom:<\/strong> Spawane cylindry typu tee s\u0105 zaprojektowane tak, aby zapobiega\u0107 wyciekom. Proces spawania stosowany podczas procesu produkcji zapewnia, \u017ce cylinder jest ca\u0142kowicie szczelny i wolny od wszelkich mo\u017cliwych wyciek\u00f3w. Ta cecha sprawia, \u017ce nadaj\u0105 si\u0119 do stosowania w zastosowaniach, w kt\u00f3rych wyciek m\u00f3g\u0142by spowodowa\u0107 powa\u017cne uszkodzenia lub obra\u017cenia.<\/li>\n<\/ul>\n<\/li>\n<\/ul>\n<p>Po\u0142\u0105czenia spawane s\u0105 g\u0142adkie, bez szczelin czy rowk\u00f3w, w kt\u00f3rych mog\u0142yby gromadzi\u0107 si\u0119 zanieczyszczenia lub brud, co zmniejsza ryzyko korozji i uszkodzenia cylindra.<\/p>\n<ul>\n<li style=\"list-style-type: none;\">\n<ul>\n<li><strong>Mo\u017cliwo\u015b\u0107 dostosowania:<\/strong> Spawane cylindry typu tee mo\u017cna dostosowa\u0107 do konkretnych zastosowa\u0144. Cylindry s\u0105 dost\u0119pne w r\u00f3\u017cnych rozmiarach i kszta\u0142tach i mog\u0105 by\u0107 wytwarzane tak, aby spe\u0142nia\u0142y konkretne wymagania danego zastosowania.<\/li>\n<\/ul>\n<\/li>\n<\/ul>\n<p>Proces dostosowywania pozwala na optymalizacj\u0119 wydajno\u015bci cylindra, zapewniaj\u0105c, \u017ce jest on odpowiedni do zamierzonego zastosowania. Ta cecha sprawia, \u017ce spawane cylindry typu tee s\u0105 idealne do stosowania w r\u00f3\u017cnych zastosowaniach przemys\u0142owych, w tym w budownictwie, g\u00f3rnictwie i transporcie materia\u0142\u00f3w.<\/p>\n<ul>\n<li style=\"list-style-type: none;\">\n<ul>\n<li><strong>Op\u0142acalno\u015b\u0107:<\/strong> Spawane cylindry typu tee s\u0105 op\u0142acalne w por\u00f3wnaniu do innych typ\u00f3w cylindr\u00f3w. Proces produkcji tych cylindr\u00f3w jest prosty, co czyni je ta\u0144szymi od innych typ\u00f3w cylindr\u00f3w.<\/li>\n<\/ul>\n<\/li>\n<\/ul>\n<p>Ponadto wysoka wytrzyma\u0142o\u015b\u0107 i trwa\u0142o\u015b\u0107 spawanych cylindr\u00f3w typu tee zmniejszaj\u0105 potrzeb\u0119 cz\u0119stych napraw i wymian, co pozwala zaoszcz\u0119dzi\u0107 na kosztach konserwacji. Ta cecha sprawia, \u017ce s\u0105 one popularnym wyborem dla wielu bran\u017c, szczeg\u00f3lnie tych o ograniczonym bud\u017cecie.<\/p>\n<ul>\n<li style=\"list-style-type: none;\">\n<ul>\n<li><strong>Zwi\u0119kszona wydajno\u015b\u0107:<\/strong> Spawane cylindry typu tee s\u0105 wysoce wydajne i skuteczne. Konstrukcja cylindra zapewnia, \u017ce si\u0142a przy\u0142o\u017cona jest przenoszona bezpo\u015brednio na obci\u0105\u017cenie, co zmniejsza straty energii i zwi\u0119ksza wydajno\u015b\u0107.<\/li>\n<\/ul>\n<\/li>\n<\/ul>\n<p>Spawane po\u0142\u0105czenia s\u0105 mocne i sztywne, minimalizuj\u0105c ugi\u0119cie i zapewniaj\u0105c, \u017ce cylinder zachowuje sw\u00f3j kszta\u0142t i integralno\u015b\u0107 strukturaln\u0105 nawet w ekstremalnych warunkach. Ta cecha sprawia, \u017ce spawane cylindry typu tee s\u0105 idealne do zastosowa\u0144 wymagaj\u0105cych wysokiej wydajno\u015bci i niezawodno\u015bci.<\/p>\n<h2>Zastosowanie cylindra spawanego typu tr\u00f3jnikowego<\/h2>\n<ul>\n<li>\n<h3>Maszyny i urz\u0105dzenia przemys\u0142owe<\/h3>\n<p>Spawany cylinder typu Tee jest szeroko stosowany w maszynach i urz\u0105dzeniach przemys\u0142owych, szczeg\u00f3lnie w uk\u0142adach hydraulicznych. Cylinder sk\u0142ada si\u0119 z t\u0142oka i rury cylindra, kt\u00f3re s\u0105 zespawane razem, tworz\u0105c pojedyncz\u0105 jednostk\u0119. Ta konstrukcja oferuje kilka zalet w por\u00f3wnaniu z innymi typami cylindr\u00f3w, takich jak zwi\u0119kszona trwa\u0142o\u015b\u0107, wi\u0119ksza wytrzyma\u0142o\u015b\u0107 i wi\u0119ksza precyzja.<\/p>\n<p>Jednym z najwa\u017cniejszych zastosowa\u0144 spawanego cylindra typu Tee w maszynach przemys\u0142owych jest jego zdolno\u015b\u0107 do zapewniania sta\u0142ej i dok\u0142adnej si\u0142y. Jest to niezb\u0119dne w wielu procesach produkcyjnych, w kt\u00f3rych wymagana jest precyzyjna kontrola w celu zapewnienia jako\u015bci produktu ko\u0144cowego. Spawany cylinder typu Tee mo\u017ce by\u0107 r\u00f3wnie\u017c u\u017cywany do regulacji przep\u0142ywu p\u0142yn\u00f3w w uk\u0142adach hydraulicznych, co pozwala na wi\u0119ksz\u0105 wydajno\u015b\u0107 i niezawodno\u015b\u0107 w r\u00f3\u017cnych zastosowaniach przemys\u0142owych.<\/li>\n<li>\n<h3>Sprz\u0119t rolniczy<\/h3>\n<p>Spawany cylinder typu Tee jest r\u00f3wnie\u017c powszechnie stosowany w sprz\u0119cie rolniczym, takim jak traktory i kombajny. Maszyny te wymagaj\u0105 mocnych i niezawodnych uk\u0142ad\u00f3w hydraulicznych, aby dzia\u0142a\u0107 skutecznie, a spawany cylinder typu Tee jest idealnym wyborem do tego celu.<\/p>\n<p>Solidna konstrukcja i wysoka wytrzyma\u0142o\u015b\u0107 cylindra sprawiaj\u0105, \u017ce jest on wysoce odporny na zu\u017cycie i rozdarcie, nawet w trudnych warunkach pracy. Dzi\u0119ki temu jest idealnym wyborem do stosowania w sprz\u0119cie rolniczym, gdzie trwa\u0142o\u015b\u0107 jest kluczowym czynnikiem. Spawany cylinder typu tr\u00f3jnikowego mo\u017ce by\u0107 r\u00f3wnie\u017c u\u017cywany do zapewnienia precyzyjnej kontroli wymaganej w wielu procesach rolniczych, takich jak sadzenie, zbiory i nawadnianie.<\/li>\n<li>\n<h3>Sprz\u0119t budowlany<\/h3>\n<p>Spawany cylinder typu Tee jest r\u00f3wnie\u017c szeroko stosowany w sprz\u0119cie budowlanym, takim jak koparki, koparki i spychacze. Maszyny te wymagaj\u0105 mocnych i niezawodnych uk\u0142ad\u00f3w hydraulicznych do wykonywania ci\u0119\u017ckich zada\u0144, takich jak kopanie, podnoszenie i pchanie ci\u0119\u017ckich \u0142adunk\u00f3w.<\/p>\n<p>Wysoka wytrzyma\u0142o\u015b\u0107 i trwa\u0142o\u015b\u0107 spawanego cylindra typu Tee sprawiaj\u0105, \u017ce jest on idealnym wyborem do stosowania w sprz\u0119cie budowlanym. Jego zdolno\u015b\u0107 do zapewnienia precyzyjnej kontroli i sta\u0142ej si\u0142y jest niezb\u0119dna w wielu procesach budowlanych, takich jak wykopy, profilowanie i uk\u0142adanie nawierzchni. Spawany cylinder typu Tee mo\u017ce by\u0107 r\u00f3wnie\u017c stosowany do regulacji przep\u0142ywu p\u0142yn\u00f3w w uk\u0142adach hydraulicznych, co poprawia wydajno\u015b\u0107 i niezawodno\u015b\u0107 sprz\u0119tu budowlanego w r\u00f3\u017cnych zastosowaniach.<\/li>\n<\/ul>\n<h3>O FMP<\/h3>\n<p>FMP to uznany producent si\u0142ownik\u00f3w hydraulicznych od ponad 30 lat. Nasz obszar przemys\u0142owy znajduje si\u0119 we W\u0142oszech, gdzie eksploatujemy ponad 100 urz\u0105dze\u0144, w tym automatyczne spawarki w os\u0142onie gaz\u00f3w ochronnych, maszyny do g\u0142\u0119bokiego wiercenia, tokarki CNC, szlifierki do wa\u0142k\u00f3w, automatyczne maszyny czyszcz\u0105ce, automatyczne maszyny monta\u017cowe, automatyczne stanowiska do testowania wydajno\u015bci si\u0142ownik\u00f3w hydraulicznych oraz automatyczne linie lakiernicze.<\/p>\n<p>Nasze cylindry hydrauliczne obejmuj\u0105 cylindry hydrauliczne z kolczykami, dwukierunkowe automatyczne teleskopowe cylindry hydrauliczne i wiele innych. Ka\u017cdy cylinder hydrauliczny przechodzi rygorystyczn\u0105 obr\u00f3bk\u0119 i kontrol\u0119, aby zapewni\u0107 naszym klientom najwy\u017csz\u0105 jako\u015b\u0107.<\/p>\n<p>Nasza firma oferuje klientom szereg korzy\u015bci, m.in.:<\/p>\n<p>1. Us\u0142ugi projektowe: Nasz do\u015bwiadczony zesp\u00f3\u0142 projektowy s\u0142u\u017cy pomoc\u0105 w projektowaniu i rozwoju wa\u0142\u00f3w uniwersalnych. Je\u015bli potrzebujesz nowych produkt\u00f3w lub ulepsze\u0144 istniej\u0105cych, s\u0142u\u017cymy wsparciem.<br \/>\n2. Obs\u0142uga produktu: Nadzorujemy ca\u0142y proces produkcji, od surowc\u00f3w po transport, w tym ci\u0119cie, obr\u00f3bk\u0119 wst\u0119pn\u0105, testowanie, czyszczenie, monta\u017c i pakowanie.<br \/>\n3. Proces pr\u00f3bek: Mo\u017cemy przygotowa\u0107 pr\u00f3bki zgodnie z Twoimi wymaganiami i stale je modyfikowa\u0107, aby spe\u0142nia\u0142y Twoje potrzeby.<br \/>\n4. Badania i rozw\u00f3j: Kiedy na rynku pojawiaj\u0105 si\u0119 nowe samochody, badamy nowe potrzeby rynku i odpowiednio opracowujemy nowe modele.<br \/>\n5. Personalizacja: Przyjmujemy zam\u00f3wienia niestandardowe na wszystkie typy cylindr\u00f3w hydraulicznych.<\/p>\n<p>W FMP dok\u0142adamy wszelkich stara\u0144, aby dostarcza\u0107 naszym klientom produkty i us\u0142ugi najwy\u017cszej jako\u015bci. Wybierz nas, je\u015bli potrzebujesz cylindr\u00f3w hydraulicznych i poczuj r\u00f3\u017cnic\u0119.<\/p>\n<p><img decoding=\"async\" src=\"https:\/\/fmp-components.com\/wp-content\/uploads\/2024\/12\/fmp-factory-4.webp\" alt=\"Fabryka FMP\" width=\"800\" title=\"\"><br \/>\nAutor:CX<\/p>","protected":false},"excerpt":{"rendered":"<p>The 10023 Hot Selling Mini Hydraulic Piston Cylinder is specifically designed for tractor applications, providing powerful lifting and pushing capabilities in a compact size. This hydraulic cylinder is ideal for various agricultural tasks, making it a must-have for modern farming operations. Key Features: Miniature Design: Compact size allows for easy integration into smaller tractors and [&hellip;]<\/p>","protected":false},"featured_media":1133,"comment_status":"closed","ping_status":"closed","template":"","meta":{"_et_pb_use_builder":"","_et_pb_old_content":"","_et_gb_content_width":""},"product_brand":[],"product_cat":[31],"product_tag":[34,35],"class_list":{"0":"post-943","1":"product","2":"type-product","3":"status-publish","4":"has-post-thumbnail","6":"product_cat-welded-tee-type-cylinder","7":"product_tag-hydraulic-cylinder","8":"product_tag-welded-tee-type-cylinder","10":"first","11":"instock","12":"product-type-simple"},"_links":{"self":[{"href":"https:\/\/fmp-components.com\/pl\/wp-json\/wp\/v2\/product\/943","targetHints":{"allow":["GET"]}}],"collection":[{"href":"https:\/\/fmp-components.com\/pl\/wp-json\/wp\/v2\/product"}],"about":[{"href":"https:\/\/fmp-components.com\/pl\/wp-json\/wp\/v2\/types\/product"}],"replies":[{"embeddable":true,"href":"https:\/\/fmp-components.com\/pl\/wp-json\/wp\/v2\/comments?post=943"}],"wp:featuredmedia":[{"embeddable":true,"href":"https:\/\/fmp-components.com\/pl\/wp-json\/wp\/v2\/media\/1133"}],"wp:attachment":[{"href":"https:\/\/fmp-components.com\/pl\/wp-json\/wp\/v2\/media?parent=943"}],"wp:term":[{"taxonomy":"product_brand","embeddable":true,"href":"https:\/\/fmp-components.com\/pl\/wp-json\/wp\/v2\/product_brand?post=943"},{"taxonomy":"product_cat","embeddable":true,"href":"https:\/\/fmp-components.com\/pl\/wp-json\/wp\/v2\/product_cat?post=943"},{"taxonomy":"product_tag","embeddable":true,"href":"https:\/\/fmp-components.com\/pl\/wp-json\/wp\/v2\/product_tag?post=943"}],"curies":[{"name":"wp","href":"https:\/\/api.w.org\/{rel}","templated":true}]}}