{"id":942,"date":"2024-12-19T03:39:43","date_gmt":"2024-12-19T03:39:43","guid":{"rendered":"https:\/\/fmp-components.com\/product\/10022-china-supplier-small-hydraulic-welded-cylinder-piston-hydraulic-cylinder\/"},"modified":"2024-12-26T08:57:51","modified_gmt":"2024-12-26T08:57:51","slug":"10022-italy-supplier-small-hydraulic-welded-cylinder-piston-hydraulic-cylinder","status":"publish","type":"product","link":"https:\/\/fmp-components.com\/pl\/product\/10022-italy-supplier-small-hydraulic-welded-cylinder-piston-hydraulic-cylinder\/","title":{"rendered":"10022 W\u0142ochy Dostawca Ma\u0142y hydrauliczny cylinder spawany T\u0142ok hydrauliczny cylinder"},"content":{"rendered":"<p>Ma\u0142y si\u0142ownik hydrauliczny spawany z t\u0142okiem, model 10022, w\u0142oski dostawca, zosta\u0142 zaprojektowany do kompaktowych zastosowa\u0144, gdzie przestrze\u0144 jest ograniczona, a wydajno\u015b\u0107 ma kluczowe znaczenie. Ten si\u0142ownik hydrauliczny charakteryzuje si\u0119 solidn\u0105, spawan\u0105 konstrukcj\u0105, zapewniaj\u0105c\u0105 trwa\u0142o\u015b\u0107 i niezawodno\u015b\u0107 w r\u00f3\u017cnorodnych zastosowaniach przemys\u0142owych i rolniczych.<\/p>\n<h4>G\u0142\u00f3wne cechy:<\/h4>\n<ul>\n<li><strong>Konstrukcja spawana<\/strong>:Wykonane z wysokiej jako\u015bci spaw\u00f3w, aby zwi\u0119kszy\u0107 wytrzyma\u0142o\u015b\u0107 i zapobiec przeciekom, dzi\u0119ki czemu idealnie nadaj\u0105 si\u0119 do wymagaj\u0105cych zastosowa\u0144.<\/li>\n<li><strong>Kompaktowy rozmiar<\/strong>:Ma\u0142e wymiary pozwalaj\u0105 na monta\u017c w ciasnych przestrzeniach, dzi\u0119ki czemu nadaje si\u0119 do stosowania w r\u00f3\u017cnego rodzaju maszynach i urz\u0105dzeniach.<\/li>\n<li><strong>Funkcjonalno\u015b\u0107 podw\u00f3jnego dzia\u0142ania<\/strong>:Zapewnia niezawodn\u0105 prac\u0119 zar\u00f3wno w fazie wysuwania, jak i wsuwania, gwarantuj\u0105c precyzyjn\u0105 kontrol\u0119 w trakcie pracy.<\/li>\n<li><strong>Wyko\u0144czenie odporne na korozj\u0119<\/strong>:Pow\u0142oka zabezpieczaj\u0105ca przed rdz\u0105 i korozj\u0105, zapewniaj\u0105ca trwa\u0142o\u015b\u0107 i niezawodn\u0105 prac\u0119 w warunkach zewn\u0119trznych.<\/li>\n<li><strong>\u0141atwo\u015b\u0107 instalacji<\/strong>:Zaprojektowane z my\u015bl\u0105 o prostej integracji z istniej\u0105cymi systemami, minimalizuj\u0105c przestoje i zwi\u0119kszaj\u0105c produktywno\u015b\u0107.<\/li>\n<li><img decoding=\"async\" src=\"https:\/\/hzpt.com\/wp-content\/uploads\/2023\/12\/random-3.webp\" alt=\"\" title=\"\"><\/li>\n<\/ul>\n<h4>Korzy\u015bci:<\/h4>\n<ul>\n<li><strong>Zwi\u0119kszona wydajno\u015b\u0107<\/strong>:Optymalizuje funkcjonalno\u015b\u0107 sprz\u0119tu, umo\u017cliwiaj\u0105c p\u0142ynne i wydajne podnoszenie i opuszczanie.<\/li>\n<li><strong>Wszechstronne zastosowania<\/strong>:Nadaje si\u0119 do szerokiego zakresu zastosowa\u0144 w rolnictwie, budownictwie i maszynach przemys\u0142owych.<\/li>\n<li><strong>Niezawodno\u015b\u0107 i trwa\u0142o\u015b\u0107<\/strong>Zaprojektowane tak, aby wytrzyma\u0107 trudne warunki i du\u017ce obci\u0105\u017cenia, co zmniejsza potrzeby konserwacyjne i wyd\u0142u\u017ca \u017cywotno\u015b\u0107.<\/li>\n<\/ul>\n<p>Ma\u0142y si\u0142ownik hydrauliczny spawany z t\u0142okiem, dostarczany przez w\u0142oskiego dostawc\u0119 10022, to niezb\u0119dny element ka\u017cdego sprz\u0119tu wymagaj\u0105cego niezawodnego dzia\u0142ania hydraulicznego w kompaktowej formie. Jego solidna konstrukcja i wydajna konstrukcja sprawiaj\u0105, \u017ce jest to cenny wyb\u00f3r do r\u00f3\u017cnych zastosowa\u0144.<\/p>\n<table border=\"1\"><!-- Insert product details here --><\/table>\n<p>&nbsp;<\/p>\n<p><img decoding=\"async\" src=\"https:\/\/hzpt.com\/wp-content\/uploads\/2023\/12\/random-4.webp\" alt=\"\" title=\"\"><\/p>\n<h2>Zalety cylindra spawanego typu tr\u00f3jnikowego<\/h2>\n<ul>\n<li style=\"list-style-type: none;\">\n<ul>\n<li><strong>Zwi\u0119kszona si\u0142a:<\/strong> Spawane cylindry typu tee s\u0105 znane ze swojej wysokiej wytrzyma\u0142o\u015bci, dzi\u0119ki czemu nadaj\u0105 si\u0119 do zastosowa\u0144 wymagaj\u0105cych podnoszenia ci\u0119\u017car\u00f3w. Proces spawania stosowany podczas produkcji tych cylindr\u00f3w zapewnia, \u017ce cylinder jest wolny od s\u0142abych punkt\u00f3w i mo\u017ce wytrzyma\u0107 wysokie ci\u015bnienie i napr\u0119\u017cenia.<\/li>\n<\/ul>\n<\/li>\n<\/ul>\n<p>Gdy na cylinder wywierany jest nacisk, rozprowadza si\u0119 on r\u00f3wnomiernie po ca\u0142ej powierzchni, co czyni go odpornym na odkszta\u0142cenia. Ta cecha zapewnia, \u017ce cylinder mo\u017ce zachowa\u0107 sw\u00f3j kszta\u0142t i integralno\u015b\u0107 strukturaln\u0105 nawet w ekstremalnych warunkach.<\/p>\n<ul>\n<li style=\"list-style-type: none;\">\n<ul>\n<li><strong>Zapobieganie wyciekom:<\/strong> Spawane cylindry typu tee s\u0105 zaprojektowane tak, aby zapobiega\u0107 wyciekom. Proces spawania stosowany podczas procesu produkcji zapewnia, \u017ce cylinder jest ca\u0142kowicie szczelny i wolny od wszelkich mo\u017cliwych wyciek\u00f3w. Ta cecha sprawia, \u017ce nadaj\u0105 si\u0119 do stosowania w zastosowaniach, w kt\u00f3rych wyciek m\u00f3g\u0142by spowodowa\u0107 powa\u017cne uszkodzenia lub obra\u017cenia.<\/li>\n<\/ul>\n<\/li>\n<\/ul>\n<p>Po\u0142\u0105czenia spawane s\u0105 g\u0142adkie, bez szczelin czy rowk\u00f3w, w kt\u00f3rych mog\u0142yby gromadzi\u0107 si\u0119 zanieczyszczenia lub brud, co zmniejsza ryzyko korozji i uszkodzenia cylindra.<\/p>\n<ul>\n<li style=\"list-style-type: none;\">\n<ul>\n<li><strong>Mo\u017cliwo\u015b\u0107 dostosowania:<\/strong> Spawane cylindry typu tee mo\u017cna dostosowa\u0107 do konkretnych zastosowa\u0144. Cylindry s\u0105 dost\u0119pne w r\u00f3\u017cnych rozmiarach i kszta\u0142tach i mog\u0105 by\u0107 wytwarzane tak, aby spe\u0142nia\u0142y konkretne wymagania danego zastosowania.<\/li>\n<\/ul>\n<\/li>\n<\/ul>\n<p>Proces dostosowywania pozwala na optymalizacj\u0119 wydajno\u015bci cylindra, zapewniaj\u0105c, \u017ce jest on odpowiedni do zamierzonego zastosowania. Ta cecha sprawia, \u017ce spawane cylindry typu tee s\u0105 idealne do stosowania w r\u00f3\u017cnych zastosowaniach przemys\u0142owych, w tym w budownictwie, g\u00f3rnictwie i transporcie materia\u0142\u00f3w.<\/p>\n<ul>\n<li style=\"list-style-type: none;\">\n<ul>\n<li><strong>Op\u0142acalno\u015b\u0107:<\/strong> Spawane cylindry typu tee s\u0105 op\u0142acalne w por\u00f3wnaniu do innych typ\u00f3w cylindr\u00f3w. Proces produkcji tych cylindr\u00f3w jest prosty, co czyni je ta\u0144szymi od innych typ\u00f3w cylindr\u00f3w.<\/li>\n<\/ul>\n<\/li>\n<\/ul>\n<p>Ponadto wysoka wytrzyma\u0142o\u015b\u0107 i trwa\u0142o\u015b\u0107 spawanych cylindr\u00f3w typu tee zmniejszaj\u0105 potrzeb\u0119 cz\u0119stych napraw i wymian, co pozwala zaoszcz\u0119dzi\u0107 na kosztach konserwacji. Ta cecha sprawia, \u017ce s\u0105 one popularnym wyborem dla wielu bran\u017c, szczeg\u00f3lnie tych o ograniczonym bud\u017cecie.<\/p>\n<ul>\n<li style=\"list-style-type: none;\">\n<ul>\n<li><strong>Zwi\u0119kszona wydajno\u015b\u0107:<\/strong> Spawane cylindry typu tee s\u0105 wysoce wydajne i skuteczne. Konstrukcja cylindra zapewnia, \u017ce si\u0142a przy\u0142o\u017cona jest przenoszona bezpo\u015brednio na obci\u0105\u017cenie, co zmniejsza straty energii i zwi\u0119ksza wydajno\u015b\u0107.<\/li>\n<\/ul>\n<\/li>\n<\/ul>\n<p>Spawane po\u0142\u0105czenia s\u0105 mocne i sztywne, minimalizuj\u0105c ugi\u0119cie i zapewniaj\u0105c, \u017ce cylinder zachowuje sw\u00f3j kszta\u0142t i integralno\u015b\u0107 strukturaln\u0105 nawet w ekstremalnych warunkach. Ta cecha sprawia, \u017ce spawane cylindry typu tee s\u0105 idealne do zastosowa\u0144 wymagaj\u0105cych wysokiej wydajno\u015bci i niezawodno\u015bci.<\/p>\n<h2>Zastosowanie cylindra spawanego typu tr\u00f3jnikowego<\/h2>\n<h3>Wst\u0119p<\/h3>\n<p>Si\u0142ownik typu spawany tr\u00f3jnik to rodzaj si\u0142ownika hydraulicznego powszechnie stosowanego w zastosowaniach przemys\u0142owych. Zosta\u0142 zaprojektowany w celu zapewnienia du\u017cej si\u0142y wyj\u015bciowej w kompaktowej i ekonomicznej obudowie. Ten typ si\u0142ownika sk\u0142ada si\u0119 ze spawanego tr\u00f3jnika i t\u0142oczyska przymocowanego do tr\u00f3jnika. Tr\u00f3jnik jest po\u0142\u0105czony z cylindrem cylindra i zawiera t\u0142ok, kt\u00f3ry porusza si\u0119 tam i z powrotem wewn\u0105trz cylindra, generuj\u0105c si\u0142\u0119.<\/p>\n<h3>Zalety cylindra spawanego typu tr\u00f3jnikowego<\/h3>\n<p>Stosowanie cylindr\u00f3w spawanych typu T w zastosowaniach przemys\u0142owych niesie ze sob\u0105 szereg zalet:<\/p>\n<ul>\n<li><b>Kompaktowa konstrukcja:<\/b> Cylindry spawane typu T s\u0105 zaprojektowane tak, aby by\u0142y kompaktowe, dzi\u0119ki czemu idealnie nadaj\u0105 si\u0119 do stosowania w miejscach o ograniczonej przestrzeni.<\/li>\n<li><b>Wysoka wydajno\u015b\u0107:<\/b> Cylindry spawane typu T s\u0105 bardzo wydajne, co oznacza, \u017ce \u200b\u200bmog\u0105 generowa\u0107 du\u017c\u0105 si\u0142\u0119 przy minimalnym nak\u0142adzie energii.<\/li>\n<li><b>Wytrzyma\u0142y:<\/b> Cylindry spawane typu T s\u0105 zaprojektowane tak, aby by\u0142y bardzo trwa\u0142e, co oznacza, \u017ce \u200b\u200bmog\u0105 wytrzyma\u0107 trudne warunki pracy i s\u0142u\u017cy\u0107 przez d\u0142ugi czas.<\/li>\n<li><b>Op\u0142acalne:<\/b> Cylindry spawane typu T s\u0105 ekonomiczne, co oznacza, \u017ce \u200b\u200boferuj\u0105 dobry stosunek jako\u015bci do ceny.<\/li>\n<\/ul>\n<h3>Zastosowania cylindr\u00f3w spawanych typu tr\u00f3jnikowego<\/h3>\n<p>Istnieje wiele zastosowa\u0144 dla cylindr\u00f3w spawanych typu T w r\u00f3\u017cnych ga\u0142\u0119ziach przemys\u0142u, w tym:<\/p>\n<ul>\n<li><b>Produkcja:<\/b> Cylindry spawane typu T s\u0105 wykorzystywane w produkcji do obs\u0142ugi maszyn, przenoszenia ci\u0119\u017ckich \u0142adunk\u00f3w i kszta\u0142towania cz\u0119\u015bci metalowych.<\/li>\n<li><b>Rolnictwo:<\/b> Cylindry typu T spawane stosowane s\u0105 w rolnictwie do obs\u0142ugi uk\u0142ad\u00f3w hydraulicznych w ci\u0105gnikach, kombajnach i innym sprz\u0119cie rolniczym.<\/li>\n<li><b>Budowa:<\/b> Cylindry typu T spawane s\u0105 stosowane w budownictwie do obs\u0142ugi maszyn takich jak d\u017awigi, koparki i koparki podsi\u0119bierne.<\/li>\n<li><b>G\u00f3rnictwo:<\/b> Cylindry typu T spawane s\u0105 stosowane w g\u00f3rnictwie do obs\u0142ugi uk\u0142ad\u00f3w hydraulicznych ci\u0119\u017ckiego sprz\u0119tu, takiego jak buldo\u017cery, \u0142adowarki i wiertnice do ska\u0142.<\/li>\n<li><b>Transport:<\/b> Cylindry typu T spawane s\u0105 stosowane w transporcie do obs\u0142ugi uk\u0142ad\u00f3w hydraulicznych w ci\u0119\u017car\u00f3wkach, autobusach i innych pojazdach.<\/li>\n<\/ul>\n<h3>Wniosek<\/h3>\n<p>Podsumowuj\u0105c, spawane cylindry typu T s\u0105 wa\u017cnym elementem w wielu zastosowaniach przemys\u0142owych. Zaprojektowano je tak, aby by\u0142y kompaktowe, wydajne, trwa\u0142e i ekonomiczne, co czyni je idealnym wyborem do szerokiego zakresu zastosowa\u0144. Niezale\u017cnie od tego, czy obs\u0142ugujesz maszyny w zak\u0142adzie produkcyjnym, sprz\u0119t rolniczy w gospodarstwie rolnym, czy ci\u0119\u017cki sprz\u0119t w kopalni, spawane cylindry typu T pomog\u0105 Ci wykona\u0107 zadanie sprawnie i skutecznie.<\/p>\n<h3>O FMP<\/h3>\n<p>Firma FMP, dzia\u0142aj\u0105ca od ponad 30 lat, jest wiod\u0105cym producentem i dostawc\u0105 si\u0142ownik\u00f3w hydraulicznych. Nasz obszar przemys\u0142owy, zlokalizowany we W\u0142oszech, wyposa\u017cony jest w ponad 100 najnowocze\u015bniejszych urz\u0105dze\u0144, w tym automatyczne spawarki w os\u0142onie gaz\u00f3w ochronnych, maszyny do g\u0142\u0119bokiego wiercenia, tokarki CNC, szlifierki do wa\u0142k\u00f3w, automatyczne maszyny czyszcz\u0105ce, automatyczne maszyny monta\u017cowe, automatyczne stanowiska do testowania wydajno\u015bci si\u0142ownik\u00f3w hydraulicznych oraz automatyczne linie lakiernicze.<\/p>\n<p><img decoding=\"async\" src=\"https:\/\/fmp-components.com\/wp-content\/uploads\/2024\/12\/fmp-factory-4.webp\" alt=\"Fabryka FMP\" width=\"800\" title=\"\"><\/p>\n<p>Jeste\u015bmy dumni z naszych rygorystycznych procedur przetwarzania i kontroli, dzi\u0119ki czemu ka\u017cdy cylinder hydrauliczny przechodzi szczeg\u00f3\u0142ow\u0105 kontrol\u0119, gwarantuj\u0105c naszym klientom wyj\u0105tkow\u0105 jako\u015b\u0107.<\/p>\n<ol>\n<li><strong>Us\u0142uga projektowa:<\/strong> Nasz do\u015bwiadczony zesp\u00f3\u0142 projektowy posiada szerok\u0105 wiedz\u0119 w zakresie projektowania i rozwoju wa\u0142\u00f3w uniwersalnych. Niezale\u017cnie od tego, czy potrzebujesz nowych produkt\u00f3w, czy ulepsze\u0144 istniej\u0105cych, jeste\u015bmy do Twojej dyspozycji.<\/li>\n<li><strong>Us\u0142uga produktu:<\/strong> Nasza kompleksowa obs\u0142uga klienta obejmuje ca\u0142y proces produkcji \u2013 od surowc\u00f3w, poprzez ci\u0119cie, obr\u00f3bk\u0119 wst\u0119pn\u0105, testowanie, czyszczenie, monta\u017c, pakowanie i transport.<\/li>\n<li><strong>Przyk\u0142adowy proces:<\/strong> Oferujemy spersonalizowane pr\u00f3bki, dostosowane do Pa\u0144stwa wymaga\u0144. Stale modyfikujemy pr\u00f3bki, aby spe\u0142ni\u0107 Pa\u0144stwa specyficzne potrzeby, zapewniaj\u0105c, \u017ce produkt ko\u0144cowy b\u0119dzie idealnie dopasowany do Pa\u0144stwa potrzeb.<\/li>\n<li><strong>Badania i rozw\u00f3j:<\/strong> Wraz ze zmieniaj\u0105cymi si\u0119 trendami rynkowymi, pozostajemy liderem innowacji. Dog\u0142\u0119bnie analizujemy nowe wymagania rynku i opracowujemy nowe modele si\u0142ownik\u00f3w hydraulicznych, aby sprosta\u0107 stale zmieniaj\u0105cym si\u0119 potrzebom naszych klient\u00f3w.<\/li>\n<li><strong>Personalizacja:<\/strong> W FMP specjalizujemy si\u0119 w produkcji i sprzeda\u017cy r\u00f3\u017cnego rodzaju si\u0142ownik\u00f3w hydraulicznych. Jeste\u015bmy dumni z naszej umiej\u0119tno\u015bci dostosowywania naszych produkt\u00f3w do unikalnych wymaga\u0144 naszych klient\u00f3w. Od projektu po produkcj\u0119, nasz zesp\u00f3\u0142 d\u0105\u017cy do dostarczania rozwi\u0105za\u0144 przekraczaj\u0105cych oczekiwania.<\/li>\n<\/ol>\n<p>Zapraszamy do wsp\u00f3\u0142pracy z FMP, oferuj\u0105c szeroki asortyment wysokiej jako\u015bci produkt\u00f3w i dbaj\u0105c o zadowolenie klienta. Poznaj nasze wyj\u0105tkowe produkty i us\u0142ugi i przekonaj si\u0119, dlaczego jeste\u015bmy preferowanym wyborem w bran\u017cy.<\/p>\n<p>Autor:CX<\/p>","protected":false},"excerpt":{"rendered":"<p>The 10022 Italy Supplier Small Hydraulic Welded Cylinder Piston Hydraulic Cylinder is designed for compact applications where space is limited but performance is essential. This hydraulic cylinder features a robust welded construction, ensuring durability and reliability in various industrial and agricultural uses. Key Features: Welded Construction: Built with high-quality welded design to enhance strength and [&hellip;]<\/p>","protected":false},"featured_media":1132,"comment_status":"closed","ping_status":"closed","template":"","meta":{"_et_pb_use_builder":"","_et_pb_old_content":"","_et_gb_content_width":""},"product_brand":[],"product_cat":[31],"product_tag":[34,35],"class_list":{"0":"post-942","1":"product","2":"type-product","3":"status-publish","4":"has-post-thumbnail","6":"product_cat-welded-tee-type-cylinder","7":"product_tag-hydraulic-cylinder","8":"product_tag-welded-tee-type-cylinder","10":"first","11":"instock","12":"product-type-simple"},"_links":{"self":[{"href":"https:\/\/fmp-components.com\/pl\/wp-json\/wp\/v2\/product\/942","targetHints":{"allow":["GET"]}}],"collection":[{"href":"https:\/\/fmp-components.com\/pl\/wp-json\/wp\/v2\/product"}],"about":[{"href":"https:\/\/fmp-components.com\/pl\/wp-json\/wp\/v2\/types\/product"}],"replies":[{"embeddable":true,"href":"https:\/\/fmp-components.com\/pl\/wp-json\/wp\/v2\/comments?post=942"}],"wp:featuredmedia":[{"embeddable":true,"href":"https:\/\/fmp-components.com\/pl\/wp-json\/wp\/v2\/media\/1132"}],"wp:attachment":[{"href":"https:\/\/fmp-components.com\/pl\/wp-json\/wp\/v2\/media?parent=942"}],"wp:term":[{"taxonomy":"product_brand","embeddable":true,"href":"https:\/\/fmp-components.com\/pl\/wp-json\/wp\/v2\/product_brand?post=942"},{"taxonomy":"product_cat","embeddable":true,"href":"https:\/\/fmp-components.com\/pl\/wp-json\/wp\/v2\/product_cat?post=942"},{"taxonomy":"product_tag","embeddable":true,"href":"https:\/\/fmp-components.com\/pl\/wp-json\/wp\/v2\/product_tag?post=942"}],"curies":[{"name":"wp","href":"https:\/\/api.w.org\/{rel}","templated":true}]}}