{"id":939,"date":"2024-12-19T03:39:00","date_gmt":"2024-12-19T03:39:00","guid":{"rendered":"https:\/\/fmp-components.com\/product\/10019-effective-double-acting-stainless-steel-hydraulic-cylinder\/"},"modified":"2024-12-19T09:02:51","modified_gmt":"2024-12-19T09:02:51","slug":"10019-effective-double-acting-stainless-steel-hydraulic-cylinder","status":"publish","type":"product","link":"https:\/\/fmp-components.com\/pl\/product\/10019-effective-double-acting-stainless-steel-hydraulic-cylinder\/","title":{"rendered":"10019 Efektywny si\u0142ownik hydrauliczny dwustronnego dzia\u0142ania ze stali nierdzewnej"},"content":{"rendered":"<p>Wydajny si\u0142ownik hydrauliczny dwustronnego dzia\u0142ania ze stali nierdzewnej 10019 zosta\u0142 zaprojektowany z my\u015bl\u0105 o doskona\u0142ej wydajno\u015bci i trwa\u0142o\u015bci w wymagaj\u0105cych warunkach. \u0141\u0105czy on zaawansowan\u0105 technologi\u0119 z wysokiej jako\u015bci materia\u0142ami, co czyni go niezb\u0119dnym elementem w r\u00f3\u017cnych zastosowaniach przemys\u0142owych i rolniczych.<\/p>\n<h4>G\u0142\u00f3wne cechy:<\/h4>\n<ul>\n<li><strong>Konstrukcja dwustronnego dzia\u0142ania:<\/strong><br \/>\nMechanizm dwustronnego dzia\u0142ania umo\u017cliwia wydajn\u0105 prac\u0119 zar\u00f3wno podczas wysuwania, jak i wsuwania, zapewniaj\u0105c p\u0142ynny i kontrolowany ruch. Zwi\u0119ksza to precyzj\u0119 podczas wykonywania takich zada\u0144, jak podnoszenie, pchanie i ci\u0105gni\u0119cie, dzi\u0119ki czemu idealnie nadaje si\u0119 do szerokiego zakresu zastosowa\u0144.<\/li>\n<li><strong>Konstrukcja ze stali nierdzewnej:<\/strong><br \/>\nWykonany z wysokiej jako\u015bci stali nierdzewnej, si\u0142ownik hydrauliczny 10019 oferuje wyj\u0105tkow\u0105 odporno\u015b\u0107 na korozj\u0119 i zu\u017cycie. Ta trwa\u0142o\u015b\u0107 gwarantuje niezawodn\u0105 prac\u0119 nawet w trudnych warunkach, dzi\u0119ki czemu nadaje si\u0119 do zastosowa\u0144 zewn\u0119trznych i przemys\u0142owych.<\/li>\n<li><strong>Wysoka \u0142adowno\u015b\u0107:<\/strong><br \/>\nZaprojektowany do obs\u0142ugi du\u017cych obci\u0105\u017ce\u0144, ten si\u0142ownik hydrauliczny zapewnia du\u017c\u0105 si\u0142\u0119 podnoszenia i pchania. Jego du\u017ca no\u015bno\u015b\u0107 zwi\u0119ksza produktywno\u015b\u0107 i wydajno\u015b\u0107 w r\u00f3\u017cnych zastosowaniach, od prac budowlanych po prace rolnicze.<\/li>\n<li><strong>Wszechstronne zastosowania:<\/strong><br \/>\nSi\u0142ownik hydrauliczny 10019 nadaje si\u0119 do szerokiej gamy zastosowa\u0144, w tym do transportu materia\u0142\u00f3w, maszyn rolniczych i sprz\u0119tu przemys\u0142owego. Jego wszechstronno\u015b\u0107 sprawia, \u017ce \u200b\u200bjest to cenne narz\u0119dzie dla profesjonalist\u00f3w z wielu sektor\u00f3w.<\/li>\n<li><strong>Kompaktowy i lekki:<\/strong><br \/>\nKompaktowa konstrukcja cylindra pozwala na \u0142atwy monta\u017c w ciasnych przestrzeniach bez utraty wydajno\u015bci. Jego niewielka masa u\u0142atwia manewrowanie, dzi\u0119ki czemu nadaje si\u0119 do r\u00f3\u017cnych konfiguracji sprz\u0119tu.<\/li>\n<\/ul>\n<p><img decoding=\"async\" class=\"aligncenter\" src=\"https:\/\/hzpt.com\/wp-content\/uploads\/2023\/12\/random-5.webp\" alt=\"\" title=\"\"><\/p>\n<h4>Dane techniczne:<\/h4>\n<table style=\"width: 87.8571%; height: 189px;\">\n<thead>\n<tr>\n<th>Specyfikacja<\/th>\n<th>Opis<\/th>\n<\/tr>\n<\/thead>\n<tbody>\n<tr>\n<td><strong>Rozmiar otworu<\/strong><\/td>\n<td>Mo\u017cliwo\u015b\u0107 dostosowania<\/td>\n<\/tr>\n<tr>\n<td><strong>D\u0142ugo\u015b\u0107 skoku<\/strong><\/td>\n<td>Dost\u0119pne r\u00f3\u017cne opcje<\/td>\n<\/tr>\n<tr>\n<td><strong>Maksymalne ci\u015bnienie<\/strong><\/td>\n<td>Do 3000 PSI<\/td>\n<\/tr>\n<tr>\n<td><strong>Tworzywo<\/strong><\/td>\n<td>Wysokiej jako\u015bci stal nierdzewna<\/td>\n<\/tr>\n<tr>\n<td><strong>Typ po\u0142\u0105czenia<\/strong><\/td>\n<td>Ko\u0142nierzowe lub gwintowane<\/td>\n<\/tr>\n<\/tbody>\n<\/table>\n<h4>Zasada dzia\u0142ania:<\/h4>\n<p>Si\u0142ownik hydrauliczny dwustronnego dzia\u0142ania ze stali nierdzewnej 10019 dzia\u0142a na zasadzie ci\u015bnienia p\u0142ynu hydraulicznego. Po wt\u0142oczeniu p\u0142ynu hydraulicznego do cylindra, wywiera on si\u0142\u0119 na t\u0142ok, generuj\u0105c ruch liniowy w obu kierunkach. To efektywne przenoszenie mocy umo\u017cliwia precyzyjn\u0105 kontrol\u0119 nad r\u00f3\u017cnymi zadaniami, zwi\u0119kszaj\u0105c wydajno\u015b\u0107 operacyjn\u0105.<\/p>\n<p>Podsumowuj\u0105c, wydajny si\u0142ownik hydrauliczny dwustronnego dzia\u0142ania ze stali nierdzewnej 10019 to niezawodne i wydajne rozwi\u0105zanie do wymagaj\u0105cych zastosowa\u0144. Jego trwa\u0142a konstrukcja, du\u017ca no\u015bno\u015b\u0107 i wszechstronno\u015b\u0107 sprawiaj\u0105, \u017ce jest to niezb\u0119dne narz\u0119dzie dla profesjonalist\u00f3w d\u0105\u017c\u0105cych do poprawy produktywno\u015bci i wydajno\u015bci w swoich dzia\u0142aniach.<\/p>\n<p><img decoding=\"async\" src=\"https:\/\/hzpt.com\/wp-content\/uploads\/2023\/12\/random-1.webp?v=1694163707\" alt=\"\" title=\"\"><\/p>\n<h2>Zalety cylindra spawanego typu tr\u00f3jnikowego<\/h2>\n<ul>\n<li style=\"list-style-type: none;\">\n<ul>\n<li><strong>Zwi\u0119kszona si\u0142a:<\/strong> Spawane cylindry typu tee s\u0105 znane ze swojej wysokiej wytrzyma\u0142o\u015bci, dzi\u0119ki czemu nadaj\u0105 si\u0119 do zastosowa\u0144 wymagaj\u0105cych podnoszenia ci\u0119\u017car\u00f3w. Proces spawania stosowany podczas produkcji tych cylindr\u00f3w zapewnia, \u017ce cylinder jest wolny od s\u0142abych punkt\u00f3w i mo\u017ce wytrzyma\u0107 wysokie ci\u015bnienie i napr\u0119\u017cenia.<\/li>\n<\/ul>\n<\/li>\n<\/ul>\n<p>Gdy na cylinder wywierany jest nacisk, rozprowadza si\u0119 on r\u00f3wnomiernie po ca\u0142ej powierzchni, co czyni go odpornym na odkszta\u0142cenia. Ta cecha zapewnia, \u017ce cylinder mo\u017ce zachowa\u0107 sw\u00f3j kszta\u0142t i integralno\u015b\u0107 strukturaln\u0105 nawet w ekstremalnych warunkach.<\/p>\n<ul>\n<li style=\"list-style-type: none;\">\n<ul>\n<li><strong>Zapobieganie wyciekom:<\/strong> Spawane cylindry typu tee s\u0105 zaprojektowane tak, aby zapobiega\u0107 wyciekom. Proces spawania stosowany podczas procesu produkcji zapewnia, \u017ce cylinder jest ca\u0142kowicie szczelny i wolny od wszelkich mo\u017cliwych wyciek\u00f3w. Ta cecha sprawia, \u017ce nadaj\u0105 si\u0119 do stosowania w zastosowaniach, w kt\u00f3rych wyciek m\u00f3g\u0142by spowodowa\u0107 powa\u017cne uszkodzenia lub obra\u017cenia.<\/li>\n<\/ul>\n<\/li>\n<\/ul>\n<p>Po\u0142\u0105czenia spawane s\u0105 g\u0142adkie, bez szczelin czy rowk\u00f3w, w kt\u00f3rych mog\u0142yby gromadzi\u0107 si\u0119 zanieczyszczenia lub brud, co zmniejsza ryzyko korozji i uszkodzenia cylindra.<\/p>\n<ul>\n<li style=\"list-style-type: none;\">\n<ul>\n<li><strong>Mo\u017cliwo\u015b\u0107 dostosowania:<\/strong> Spawane cylindry typu tee mo\u017cna dostosowa\u0107 do konkretnych zastosowa\u0144. Cylindry s\u0105 dost\u0119pne w r\u00f3\u017cnych rozmiarach i kszta\u0142tach i mog\u0105 by\u0107 wytwarzane tak, aby spe\u0142nia\u0142y konkretne wymagania danego zastosowania.<\/li>\n<\/ul>\n<\/li>\n<\/ul>\n<p>Proces dostosowywania pozwala na optymalizacj\u0119 wydajno\u015bci cylindra, zapewniaj\u0105c, \u017ce jest on odpowiedni do zamierzonego zastosowania. Ta cecha sprawia, \u017ce spawane cylindry typu tee s\u0105 idealne do stosowania w r\u00f3\u017cnych zastosowaniach przemys\u0142owych, w tym w budownictwie, g\u00f3rnictwie i transporcie materia\u0142\u00f3w.<\/p>\n<ul>\n<li style=\"list-style-type: none;\">\n<ul>\n<li><strong>Op\u0142acalno\u015b\u0107:<\/strong> Spawane cylindry typu tee s\u0105 op\u0142acalne w por\u00f3wnaniu do innych typ\u00f3w cylindr\u00f3w. Proces produkcji tych cylindr\u00f3w jest prosty, co czyni je ta\u0144szymi od innych typ\u00f3w cylindr\u00f3w.<\/li>\n<\/ul>\n<\/li>\n<\/ul>\n<p>Ponadto wysoka wytrzyma\u0142o\u015b\u0107 i trwa\u0142o\u015b\u0107 spawanych cylindr\u00f3w typu tee zmniejszaj\u0105 potrzeb\u0119 cz\u0119stych napraw i wymian, co pozwala zaoszcz\u0119dzi\u0107 na kosztach konserwacji. Ta cecha sprawia, \u017ce s\u0105 one popularnym wyborem dla wielu bran\u017c, szczeg\u00f3lnie tych o ograniczonym bud\u017cecie.<\/p>\n<ul>\n<li style=\"list-style-type: none;\">\n<ul>\n<li><strong>Zwi\u0119kszona wydajno\u015b\u0107:<\/strong> Spawane cylindry typu tee s\u0105 wysoce wydajne i skuteczne. Konstrukcja cylindra zapewnia, \u017ce si\u0142a przy\u0142o\u017cona jest przenoszona bezpo\u015brednio na obci\u0105\u017cenie, co zmniejsza straty energii i zwi\u0119ksza wydajno\u015b\u0107.<\/li>\n<\/ul>\n<\/li>\n<\/ul>\n<p>Spawane po\u0142\u0105czenia s\u0105 mocne i sztywne, minimalizuj\u0105c ugi\u0119cie i zapewniaj\u0105c, \u017ce cylinder zachowuje sw\u00f3j kszta\u0142t i integralno\u015b\u0107 strukturaln\u0105 nawet w ekstremalnych warunkach. Ta cecha sprawia, \u017ce spawane cylindry typu tee s\u0105 idealne do zastosowa\u0144 wymagaj\u0105cych wysokiej wydajno\u015bci i niezawodno\u015bci.<\/p>\n<p><img loading=\"lazy\" decoding=\"async\" class=\"size-full wp-image-977 aligncenter\" src=\"https:\/\/fmp-components.com\/wp-content\/uploads\/2024\/12\/Welded-Tee-Type-Cylinder3.webp\" alt=\"Spawany cylinder typu tr\u00f3jnik\" width=\"653\" height=\"600\" title=\"\" srcset=\"https:\/\/fmp-components.com\/wp-content\/uploads\/2024\/12\/Welded-Tee-Type-Cylinder3.webp 653w, https:\/\/fmp-components.com\/wp-content\/uploads\/2024\/12\/Welded-Tee-Type-Cylinder3-480x441.webp 480w\" sizes=\"(min-width: 0px) and (max-width: 480px) 480px, (min-width: 481px) 653px, 100vw\" \/><\/p>\n<h2>Zastosowanie cylindra spawanego typu tr\u00f3jnikowego<\/h2>\n<h3>Wst\u0119p<\/h3>\n<p>Si\u0142ownik typu spawany tr\u00f3jnik to rodzaj si\u0142ownika hydraulicznego powszechnie stosowanego w zastosowaniach przemys\u0142owych. Zosta\u0142 zaprojektowany w celu zapewnienia du\u017cej si\u0142y wyj\u015bciowej w kompaktowej i ekonomicznej obudowie. Ten typ si\u0142ownika sk\u0142ada si\u0119 ze spawanego tr\u00f3jnika i t\u0142oczyska przymocowanego do tr\u00f3jnika. Tr\u00f3jnik jest po\u0142\u0105czony z cylindrem cylindra i zawiera t\u0142ok, kt\u00f3ry porusza si\u0119 tam i z powrotem wewn\u0105trz cylindra, generuj\u0105c si\u0142\u0119.<\/p>\n<h3>Zalety cylindra spawanego typu tr\u00f3jnikowego<\/h3>\n<p>Stosowanie cylindr\u00f3w spawanych typu T w zastosowaniach przemys\u0142owych niesie ze sob\u0105 szereg zalet:<\/p>\n<ul>\n<li><b>Kompaktowa konstrukcja:<\/b> Cylindry spawane typu T s\u0105 zaprojektowane tak, aby by\u0142y kompaktowe, dzi\u0119ki czemu idealnie nadaj\u0105 si\u0119 do stosowania w miejscach o ograniczonej przestrzeni.<\/li>\n<li><b>Wysoka wydajno\u015b\u0107:<\/b> Cylindry spawane typu T s\u0105 bardzo wydajne, co oznacza, \u017ce \u200b\u200bmog\u0105 generowa\u0107 du\u017c\u0105 si\u0142\u0119 przy minimalnym nak\u0142adzie energii.<\/li>\n<li><b>Wytrzyma\u0142y:<\/b> Cylindry spawane typu T s\u0105 zaprojektowane tak, aby by\u0142y bardzo trwa\u0142e, co oznacza, \u017ce \u200b\u200bmog\u0105 wytrzyma\u0107 trudne warunki pracy i s\u0142u\u017cy\u0107 przez d\u0142ugi czas.<\/li>\n<li><b>Op\u0142acalne:<\/b> Cylindry spawane typu T s\u0105 ekonomiczne, co oznacza, \u017ce \u200b\u200boferuj\u0105 dobry stosunek jako\u015bci do ceny.<\/li>\n<\/ul>\n<h3>Zastosowania cylindr\u00f3w spawanych typu tr\u00f3jnikowego<\/h3>\n<p>Istnieje wiele zastosowa\u0144 dla cylindr\u00f3w spawanych typu T w r\u00f3\u017cnych ga\u0142\u0119ziach przemys\u0142u, w tym:<\/p>\n<ul>\n<li><b>Produkcja:<\/b> Cylindry spawane typu T s\u0105 wykorzystywane w produkcji do obs\u0142ugi maszyn, przenoszenia ci\u0119\u017ckich \u0142adunk\u00f3w i kszta\u0142towania cz\u0119\u015bci metalowych.<\/li>\n<li><b>Rolnictwo:<\/b> Cylindry typu T spawane stosowane s\u0105 w rolnictwie do obs\u0142ugi uk\u0142ad\u00f3w hydraulicznych w ci\u0105gnikach, kombajnach i innym sprz\u0119cie rolniczym.<\/li>\n<li><b>Budowa:<\/b> Cylindry typu T spawane s\u0105 stosowane w budownictwie do obs\u0142ugi maszyn takich jak d\u017awigi, koparki i koparki podsi\u0119bierne.<\/li>\n<li><b>G\u00f3rnictwo:<\/b> Cylindry typu T spawane s\u0105 stosowane w g\u00f3rnictwie do obs\u0142ugi uk\u0142ad\u00f3w hydraulicznych ci\u0119\u017ckiego sprz\u0119tu, takiego jak buldo\u017cery, \u0142adowarki i wiertnice do ska\u0142.<\/li>\n<li><b>Transport:<\/b> Cylindry typu T spawane s\u0105 stosowane w transporcie do obs\u0142ugi uk\u0142ad\u00f3w hydraulicznych w ci\u0119\u017car\u00f3wkach, autobusach i innych pojazdach.<\/li>\n<\/ul>\n<p>Podsumowuj\u0105c, spawane cylindry typu T s\u0105 wa\u017cnym elementem w wielu zastosowaniach przemys\u0142owych. Zaprojektowano je tak, aby by\u0142y kompaktowe, wydajne, trwa\u0142e i ekonomiczne, co czyni je idealnym wyborem do szerokiego zakresu zastosowa\u0144. Niezale\u017cnie od tego, czy obs\u0142ugujesz maszyny w zak\u0142adzie produkcyjnym, sprz\u0119t rolniczy w gospodarstwie rolnym, czy ci\u0119\u017cki sprz\u0119t w kopalni, spawane cylindry typu T pomog\u0105 Ci wykona\u0107 zadanie sprawnie i skutecznie.<\/p>\n<p><img loading=\"lazy\" decoding=\"async\" class=\"size-full wp-image-974 aligncenter\" src=\"https:\/\/fmp-components.com\/wp-content\/uploads\/2024\/12\/application-of-Welded-Tee-Type-Cylinder.webp\" alt=\"zastosowanie cylindra spawanego typu tr\u00f3jnika\" width=\"760\" height=\"860\" title=\"\" srcset=\"https:\/\/fmp-components.com\/wp-content\/uploads\/2024\/12\/application-of-Welded-Tee-Type-Cylinder.webp 760w, https:\/\/fmp-components.com\/wp-content\/uploads\/2024\/12\/application-of-Welded-Tee-Type-Cylinder-480x543.webp 480w\" sizes=\"(min-width: 0px) and (max-width: 480px) 480px, (min-width: 481px) 760px, 100vw\" \/><\/p>\n<h3>O FMP<\/h3>\n<p>Firma FMP, z ponad 30-letnim do\u015bwiadczeniem we W\u0142oszech, jest wiod\u0105cym producentem i dostawc\u0105 cylindr\u00f3w hydraulicznych. Dysponuj\u0105c ponad 100 zaawansowanymi maszynami, w tym automatycznymi spawarkami w os\u0142onie gaz\u00f3w ochronnych, wiertarkami do g\u0142\u0119bokich otwor\u00f3w oraz tokarkami CNC, zapewniamy precyzj\u0119 i wydajno\u015b\u0107 procesu produkcyjnego. Nasze zaanga\u017cowanie w jako\u015b\u0107 znajduje odzwierciedlenie w rygorystycznych procedurach przetwarzania i kontroli, gwarantuj\u0105c naszym cenionym klientom produkty najwy\u017cszej jako\u015bci.<\/p>\n<p><strong>1) Us\u0142uga projektowa:<\/strong> Nasz do\u015bwiadczony zesp\u00f3\u0142 projektowy specjalizuje si\u0119 w projektowaniu i rozwoju wa\u0142\u00f3w uniwersalnych. Niezale\u017cnie od tego, czy potrzebujesz nowych produkt\u00f3w, czy ulepsze\u0144 istniej\u0105cych, jeste\u015bmy do Twojej dyspozycji.<\/p>\n<p><strong>2) Us\u0142uga produktowa:<\/strong> Od surowc\u00f3w, przez ci\u0119cie, obr\u00f3bk\u0119 wst\u0119pn\u0105, testowanie, czyszczenie, monta\u017c, pakowanie i transport, nadzorujemy ka\u017cdy etap, aby zagwarantowa\u0107 spe\u0142nienie najwy\u017cszych standard\u00f3w jako\u015bci.<\/p>\n<p><strong>3) Proces przyk\u0142adowy:<\/strong> Oferujemy opracowanie pr\u00f3bek zgodnie z Pa\u0144stwa indywidualnymi wymaganiami. Nasz dedykowany zesp\u00f3\u0142 stale modyfikuje pr\u00f3bki, aby spe\u0142ni\u0107 Pa\u0144stwa potrzeby, gwarantuj\u0105c doskona\u0142o\u015b\u0107 produktu.<\/p>\n<p><strong>4) Badania i rozw\u00f3j:<\/strong> Wraz z rozwojem rynku, pozostajemy w czo\u0142\u00f3wce innowacji. Badamy nowe wymagania rynku i opracowujemy nowe modele, aby sprosta\u0107 stale zmieniaj\u0105cym si\u0119 potrzebom naszych klient\u00f3w.<\/p>\n<p><strong>5) Personalizacja:<\/strong> W FMP rozumiemy, \u017ce ka\u017cdy klient jest wyj\u0105tkowy. Oferujemy niestandardowe si\u0142owniki hydrauliczne, dopasowane do Pa\u0144stwa dok\u0142adnych specyfikacji, gwarantuj\u0105c optymaln\u0105 wydajno\u015b\u0107 i zadowolenie klienta.<\/p>\n<p><img decoding=\"async\" src=\"https:\/\/fmp-components.com\/wp-content\/uploads\/2024\/12\/fmp-factory-4.webp\" alt=\"Fabryka FMP\" width=\"800\" title=\"\"><br \/>\nAutor:CX<\/p>","protected":false},"excerpt":{"rendered":"<p>The 10019 Effective Double Acting Stainless Steel Hydraulic Cylinder is designed for superior performance and durability in demanding environments. This hydraulic cylinder combines advanced engineering with high-quality materials, making it an essential component for various industrial and agricultural applications. Key Features: Double Acting Design: The double acting mechanism allows for efficient operation in both extension [&hellip;]<\/p>","protected":false},"featured_media":1132,"comment_status":"closed","ping_status":"closed","template":"","meta":{"_et_pb_use_builder":"","_et_pb_old_content":"","_et_gb_content_width":""},"product_brand":[],"product_cat":[31],"product_tag":[34,35],"class_list":{"0":"post-939","1":"product","2":"type-product","3":"status-publish","4":"has-post-thumbnail","6":"product_cat-welded-tee-type-cylinder","7":"product_tag-hydraulic-cylinder","8":"product_tag-welded-tee-type-cylinder","10":"first","11":"instock","12":"product-type-simple"},"_links":{"self":[{"href":"https:\/\/fmp-components.com\/pl\/wp-json\/wp\/v2\/product\/939","targetHints":{"allow":["GET"]}}],"collection":[{"href":"https:\/\/fmp-components.com\/pl\/wp-json\/wp\/v2\/product"}],"about":[{"href":"https:\/\/fmp-components.com\/pl\/wp-json\/wp\/v2\/types\/product"}],"replies":[{"embeddable":true,"href":"https:\/\/fmp-components.com\/pl\/wp-json\/wp\/v2\/comments?post=939"}],"wp:featuredmedia":[{"embeddable":true,"href":"https:\/\/fmp-components.com\/pl\/wp-json\/wp\/v2\/media\/1132"}],"wp:attachment":[{"href":"https:\/\/fmp-components.com\/pl\/wp-json\/wp\/v2\/media?parent=939"}],"wp:term":[{"taxonomy":"product_brand","embeddable":true,"href":"https:\/\/fmp-components.com\/pl\/wp-json\/wp\/v2\/product_brand?post=939"},{"taxonomy":"product_cat","embeddable":true,"href":"https:\/\/fmp-components.com\/pl\/wp-json\/wp\/v2\/product_cat?post=939"},{"taxonomy":"product_tag","embeddable":true,"href":"https:\/\/fmp-components.com\/pl\/wp-json\/wp\/v2\/product_tag?post=939"}],"curies":[{"name":"wp","href":"https:\/\/api.w.org\/{rel}","templated":true}]}}