{"id":938,"date":"2024-12-19T03:39:00","date_gmt":"2024-12-19T03:39:00","guid":{"rendered":"https:\/\/fmp-components.com\/product\/10018-professional-20-ton-mini-double-acting-hydraulic-cylinders\/"},"modified":"2024-12-19T09:03:31","modified_gmt":"2024-12-19T09:03:31","slug":"10018-professional-20-ton-mini-double-acting-hydraulic-cylinders","status":"publish","type":"product","link":"https:\/\/fmp-components.com\/pl\/product\/10018-professional-20-ton-mini-double-acting-hydraulic-cylinders\/","title":{"rendered":"10018 Profesjonalne 20-tonowe miniaturowe dwustronnego dzia\u0142ania cylindry hydrauliczne"},"content":{"rendered":"<p>Profesjonalne, miniaturowe si\u0142owniki hydrauliczne dwustronnego dzia\u0142ania 10018 o ud\u017awigu 20 ton zosta\u0142y zaprojektowane z my\u015bl\u0105 o wysokiej wydajno\u015bci i niezawodno\u015bci w kompaktowej konstrukcji. Idealne do r\u00f3\u017cnych zastosowa\u0144 przemys\u0142owych i rolniczych, te si\u0142owniki hydrauliczne zapewniaj\u0105 du\u017c\u0105 si\u0142\u0119 podnoszenia, jednocze\u015bnie zajmuj\u0105c ma\u0142o miejsca.<\/p>\n<p><img loading=\"lazy\" decoding=\"async\" class=\"size-full wp-image-977 aligncenter\" src=\"https:\/\/fmp-components.com\/wp-content\/uploads\/2024\/12\/Welded-Tee-Type-Cylinder3.webp\" alt=\"Spawany cylinder typu tr\u00f3jnik\" width=\"653\" height=\"600\" title=\"\" srcset=\"https:\/\/fmp-components.com\/wp-content\/uploads\/2024\/12\/Welded-Tee-Type-Cylinder3.webp 653w, https:\/\/fmp-components.com\/wp-content\/uploads\/2024\/12\/Welded-Tee-Type-Cylinder3-480x441.webp 480w\" sizes=\"(min-width: 0px) and (max-width: 480px) 480px, (min-width: 481px) 653px, 100vw\" \/><\/p>\n<h4>G\u0142\u00f3wne cechy:<\/h4>\n<ul>\n<li><strong>No\u015bno\u015b\u0107 20 ton:<\/strong><br \/>\nZaprojektowane do obs\u0142ugi \u0142adunk\u00f3w o masie do 20 ton, si\u0142owniki hydrauliczne 10018 charakteryzuj\u0105 si\u0119 wyj\u0105tkow\u0105 wytrzyma\u0142o\u015bci\u0105 i wydajno\u015bci\u0105, dzi\u0119ki czemu nadaj\u0105 si\u0119 do zada\u0144 wymagaj\u0105cych du\u017cej wytrzyma\u0142o\u015bci w r\u00f3\u017cnych \u015brodowiskach.<\/li>\n<li><strong>Konstrukcja dwustronnego dzia\u0142ania:<\/strong><br \/>\nMechanizm dwustronnego dzia\u0142ania umo\u017cliwia wydajn\u0105 prac\u0119 zar\u00f3wno podczas wysuwania, jak i wsuwania, zapewniaj\u0105c p\u0142ynny i kontrolowany ruch. Ta funkcja zwi\u0119ksza precyzj\u0119 w zastosowaniach takich jak podnoszenie, pchanie i ci\u0105gni\u0119cie.<\/li>\n<li><strong>Kompaktowy rozmiar:<\/strong><br \/>\nMiniaturowa konstrukcja tych si\u0142ownik\u00f3w hydraulicznych sprawia, \u017ce \u200b\u200bmieszcz\u0105 si\u0119 one w ciasnych przestrzeniach, gdzie wi\u0119ksze si\u0142owniki by\u0142yby niepraktyczne. Ich kompaktowa budowa nie wp\u0142ywa negatywnie na moc, co czyni je wszechstronnymi i wszechstronnymi w szerokim zakresie zastosowa\u0144.<\/li>\n<li><strong>Trwa\u0142a konstrukcja:<\/strong><br \/>\nWykonane z wysokiej jako\u015bci materia\u0142\u00f3w si\u0142owniki hydrauliczne 10018 zosta\u0142y zaprojektowane tak, aby wytrzyma\u0107 trudne warunki i zu\u017cycie. Ich solidna konstrukcja gwarantuje trwa\u0142o\u015b\u0107 i niezawodno\u015b\u0107, nawet przy du\u017cym obci\u0105\u017ceniu.<\/li>\n<li><strong>Wszechstronne zastosowania:<\/strong><br \/>\nTe si\u0142owniki hydrauliczne nadaj\u0105 si\u0119 do r\u00f3\u017cnorodnych zastosowa\u0144, w tym do napraw samochodowych, maszyn budowlanych i rolniczych. Ich wszechstronno\u015b\u0107 sprawia, \u017ce \u200b\u200bs\u0105 nieocenionym narz\u0119dziem dla profesjonalist\u00f3w z wielu bran\u017c.<\/li>\n<\/ul>\n<h4>Dane techniczne:<\/h4>\n<table style=\"width: 98.7273%; height: 271px;\">\n<thead>\n<tr>\n<th>Specyfikacja<\/th>\n<th>Opis<\/th>\n<\/tr>\n<\/thead>\n<tbody>\n<tr>\n<td><strong>No\u015bno\u015b\u0107<\/strong><\/td>\n<td>20 ton<\/td>\n<\/tr>\n<tr>\n<td><strong>Rozmiar otworu<\/strong><\/td>\n<td>Mo\u017cliwo\u015b\u0107 dostosowania<\/td>\n<\/tr>\n<tr>\n<td><strong>D\u0142ugo\u015b\u0107 skoku<\/strong><\/td>\n<td>Dost\u0119pne r\u00f3\u017cne opcje<\/td>\n<\/tr>\n<tr>\n<td><strong>Maksymalne ci\u015bnienie<\/strong><\/td>\n<td>Do 3000 PSI<\/td>\n<\/tr>\n<tr>\n<td><strong>Tworzywo<\/strong><\/td>\n<td>Wysokiej jako\u015bci stal lub aluminium<\/td>\n<\/tr>\n<tr>\n<td><strong>Typ po\u0142\u0105czenia<\/strong><\/td>\n<td>Ko\u0142nierzowe lub gwintowane<\/td>\n<\/tr>\n<\/tbody>\n<\/table>\n<h4>Zasada dzia\u0142ania:<\/h4>\n<p>Miniaturowe si\u0142owniki hydrauliczne dwustronnego dzia\u0142ania 10018 dzia\u0142aj\u0105 na zasadzie ci\u015bnienia p\u0142ynu hydraulicznego. Po wt\u0142oczeniu p\u0142ynu hydraulicznego do cylindra, wywiera on si\u0142\u0119 na t\u0142ok, generuj\u0105c ruch liniowy w obu kierunkach. To efektywne przenoszenie mocy pozwala na precyzyjn\u0105 kontrol\u0119 nad r\u00f3\u017cnymi zadaniami podnoszenia i przemieszczania.<\/p>\n<p>Podsumowuj\u0105c, profesjonalne, miniaturowe si\u0142owniki hydrauliczne dwustronnego dzia\u0142ania 10018 o ud\u017awigu 20 ton oferuj\u0105 niezawodne i wydajne rozwi\u0105zanie do wymagaj\u0105cych zastosowa\u0144. Ich solidna konstrukcja, kompaktowa budowa i du\u017ca no\u015bno\u015b\u0107 sprawiaj\u0105, \u017ce s\u0105 one niezb\u0119dnym narz\u0119dziem dla profesjonalist\u00f3w poszukuj\u0105cych wydajno\u015bci i efektywno\u015bci w pracach hydraulicznych.<\/p>\n<p><img loading=\"lazy\" decoding=\"async\" class=\"size-full wp-image-976 aligncenter\" src=\"https:\/\/fmp-components.com\/wp-content\/uploads\/2024\/12\/Welded-Tee-Type-Cylinder2.webp\" alt=\"Spawany cylinder typu tr\u00f3jnik\" width=\"764\" height=\"675\" title=\"\" srcset=\"https:\/\/fmp-components.com\/wp-content\/uploads\/2024\/12\/Welded-Tee-Type-Cylinder2.webp 764w, https:\/\/fmp-components.com\/wp-content\/uploads\/2024\/12\/Welded-Tee-Type-Cylinder2-480x424.webp 480w\" sizes=\"(min-width: 0px) and (max-width: 480px) 480px, (min-width: 481px) 764px, 100vw\" \/><\/p>\n<h2>Zalety cylindra spawanego typu tr\u00f3jnikowego<\/h2>\n<ul>\n<li style=\"list-style-type: none;\">\n<ul>\n<li><strong>Zwi\u0119kszona si\u0142a:<\/strong> Spawane cylindry typu tee s\u0105 znane ze swojej wysokiej wytrzyma\u0142o\u015bci, dzi\u0119ki czemu nadaj\u0105 si\u0119 do zastosowa\u0144 wymagaj\u0105cych podnoszenia ci\u0119\u017car\u00f3w. Proces spawania stosowany podczas produkcji tych cylindr\u00f3w zapewnia, \u017ce cylinder jest wolny od s\u0142abych punkt\u00f3w i mo\u017ce wytrzyma\u0107 wysokie ci\u015bnienie i napr\u0119\u017cenia.<\/li>\n<\/ul>\n<\/li>\n<\/ul>\n<p>Gdy na cylinder wywierany jest nacisk, rozprowadza si\u0119 on r\u00f3wnomiernie po ca\u0142ej powierzchni, co czyni go odpornym na odkszta\u0142cenia. Ta cecha zapewnia, \u017ce cylinder mo\u017ce zachowa\u0107 sw\u00f3j kszta\u0142t i integralno\u015b\u0107 strukturaln\u0105 nawet w ekstremalnych warunkach.<\/p>\n<ul>\n<li style=\"list-style-type: none;\">\n<ul>\n<li><strong>Zapobieganie wyciekom:<\/strong> Spawane cylindry typu tee s\u0105 zaprojektowane tak, aby zapobiega\u0107 wyciekom. Proces spawania stosowany podczas procesu produkcji zapewnia, \u017ce cylinder jest ca\u0142kowicie szczelny i wolny od wszelkich mo\u017cliwych wyciek\u00f3w. Ta cecha sprawia, \u017ce nadaj\u0105 si\u0119 do stosowania w zastosowaniach, w kt\u00f3rych wyciek m\u00f3g\u0142by spowodowa\u0107 powa\u017cne uszkodzenia lub obra\u017cenia.<\/li>\n<\/ul>\n<\/li>\n<\/ul>\n<p>Po\u0142\u0105czenia spawane s\u0105 g\u0142adkie, bez szczelin czy rowk\u00f3w, w kt\u00f3rych mog\u0142yby gromadzi\u0107 si\u0119 zanieczyszczenia lub brud, co zmniejsza ryzyko korozji i uszkodzenia cylindra.<\/p>\n<ul>\n<li style=\"list-style-type: none;\">\n<ul>\n<li><strong>Mo\u017cliwo\u015b\u0107 dostosowania:<\/strong> Spawane cylindry typu tee mo\u017cna dostosowa\u0107 do konkretnych zastosowa\u0144. Cylindry s\u0105 dost\u0119pne w r\u00f3\u017cnych rozmiarach i kszta\u0142tach i mog\u0105 by\u0107 wytwarzane tak, aby spe\u0142nia\u0142y konkretne wymagania danego zastosowania.<\/li>\n<\/ul>\n<\/li>\n<\/ul>\n<p>Proces dostosowywania pozwala na optymalizacj\u0119 wydajno\u015bci cylindra, zapewniaj\u0105c, \u017ce jest on odpowiedni do zamierzonego zastosowania. Ta cecha sprawia, \u017ce spawane cylindry typu tee s\u0105 idealne do stosowania w r\u00f3\u017cnych zastosowaniach przemys\u0142owych, w tym w budownictwie, g\u00f3rnictwie i transporcie materia\u0142\u00f3w.<\/p>\n<ul>\n<li style=\"list-style-type: none;\">\n<ul>\n<li><strong>Op\u0142acalno\u015b\u0107:<\/strong> Spawane cylindry typu tee s\u0105 op\u0142acalne w por\u00f3wnaniu do innych typ\u00f3w cylindr\u00f3w. Proces produkcji tych cylindr\u00f3w jest prosty, co czyni je ta\u0144szymi od innych typ\u00f3w cylindr\u00f3w.<\/li>\n<\/ul>\n<\/li>\n<\/ul>\n<p>Ponadto wysoka wytrzyma\u0142o\u015b\u0107 i trwa\u0142o\u015b\u0107 spawanych cylindr\u00f3w typu tee zmniejszaj\u0105 potrzeb\u0119 cz\u0119stych napraw i wymian, co pozwala zaoszcz\u0119dzi\u0107 na kosztach konserwacji. Ta cecha sprawia, \u017ce s\u0105 one popularnym wyborem dla wielu bran\u017c, szczeg\u00f3lnie tych o ograniczonym bud\u017cecie.<\/p>\n<ul>\n<li style=\"list-style-type: none;\">\n<ul>\n<li><strong>Zwi\u0119kszona wydajno\u015b\u0107:<\/strong> Spawane cylindry typu tee s\u0105 wysoce wydajne i skuteczne. Konstrukcja cylindra zapewnia, \u017ce si\u0142a przy\u0142o\u017cona jest przenoszona bezpo\u015brednio na obci\u0105\u017cenie, co zmniejsza straty energii i zwi\u0119ksza wydajno\u015b\u0107.<\/li>\n<\/ul>\n<\/li>\n<\/ul>\n<p>Spawane po\u0142\u0105czenia s\u0105 mocne i sztywne, minimalizuj\u0105c ugi\u0119cie i zapewniaj\u0105c, \u017ce cylinder zachowuje sw\u00f3j kszta\u0142t i integralno\u015b\u0107 strukturaln\u0105 nawet w ekstremalnych warunkach. Ta cecha sprawia, \u017ce spawane cylindry typu tee s\u0105 idealne do zastosowa\u0144 wymagaj\u0105cych wysokiej wydajno\u015bci i niezawodno\u015bci.<\/p>\n<p><img loading=\"lazy\" decoding=\"async\" class=\"size-full wp-image-974 aligncenter\" src=\"https:\/\/fmp-components.com\/wp-content\/uploads\/2024\/12\/application-of-Welded-Tee-Type-Cylinder.webp\" alt=\"zastosowanie cylindra spawanego typu tr\u00f3jnika\" width=\"760\" height=\"860\" title=\"\" srcset=\"https:\/\/fmp-components.com\/wp-content\/uploads\/2024\/12\/application-of-Welded-Tee-Type-Cylinder.webp 760w, https:\/\/fmp-components.com\/wp-content\/uploads\/2024\/12\/application-of-Welded-Tee-Type-Cylinder-480x543.webp 480w\" sizes=\"(min-width: 0px) and (max-width: 480px) 480px, (min-width: 481px) 760px, 100vw\" \/><\/p>\n<h2>Zastosowanie cylindra spawanego typu tr\u00f3jnikowego<\/h2>\n<ul>\n<li>\n<h3>Maszyny i urz\u0105dzenia przemys\u0142owe<\/h3>\n<p>Spawany cylinder typu Tee jest szeroko stosowany w maszynach i urz\u0105dzeniach przemys\u0142owych, szczeg\u00f3lnie w uk\u0142adach hydraulicznych. Cylinder sk\u0142ada si\u0119 z t\u0142oka i rury cylindra, kt\u00f3re s\u0105 zespawane razem, tworz\u0105c pojedyncz\u0105 jednostk\u0119. Ta konstrukcja oferuje kilka zalet w por\u00f3wnaniu z innymi typami cylindr\u00f3w, takich jak zwi\u0119kszona trwa\u0142o\u015b\u0107, wi\u0119ksza wytrzyma\u0142o\u015b\u0107 i wi\u0119ksza precyzja.<\/p>\n<p>Jednym z najwa\u017cniejszych zastosowa\u0144 spawanego cylindra typu Tee w maszynach przemys\u0142owych jest jego zdolno\u015b\u0107 do zapewniania sta\u0142ej i dok\u0142adnej si\u0142y. Jest to niezb\u0119dne w wielu procesach produkcyjnych, w kt\u00f3rych wymagana jest precyzyjna kontrola w celu zapewnienia jako\u015bci produktu ko\u0144cowego. Spawany cylinder typu Tee mo\u017ce by\u0107 r\u00f3wnie\u017c u\u017cywany do regulacji przep\u0142ywu p\u0142yn\u00f3w w uk\u0142adach hydraulicznych, co pozwala na wi\u0119ksz\u0105 wydajno\u015b\u0107 i niezawodno\u015b\u0107 w r\u00f3\u017cnych zastosowaniach przemys\u0142owych.<\/li>\n<li>\n<h3>Sprz\u0119t rolniczy<\/h3>\n<p>Spawany cylinder typu Tee jest r\u00f3wnie\u017c powszechnie stosowany w sprz\u0119cie rolniczym, takim jak traktory i kombajny. Maszyny te wymagaj\u0105 mocnych i niezawodnych uk\u0142ad\u00f3w hydraulicznych, aby dzia\u0142a\u0107 skutecznie, a spawany cylinder typu Tee jest idealnym wyborem do tego celu.<\/p>\n<p>Solidna konstrukcja i wysoka wytrzyma\u0142o\u015b\u0107 cylindra sprawiaj\u0105, \u017ce jest on wysoce odporny na zu\u017cycie i rozdarcie, nawet w trudnych warunkach pracy. Dzi\u0119ki temu jest idealnym wyborem do stosowania w sprz\u0119cie rolniczym, gdzie trwa\u0142o\u015b\u0107 jest kluczowym czynnikiem. Spawany cylinder typu tr\u00f3jnikowego mo\u017ce by\u0107 r\u00f3wnie\u017c u\u017cywany do zapewnienia precyzyjnej kontroli wymaganej w wielu procesach rolniczych, takich jak sadzenie, zbiory i nawadnianie.<\/li>\n<li>\n<h3>Sprz\u0119t budowlany<\/h3>\n<p>Spawany cylinder typu Tee jest r\u00f3wnie\u017c szeroko stosowany w sprz\u0119cie budowlanym, takim jak koparki, koparki i spychacze. Maszyny te wymagaj\u0105 mocnych i niezawodnych uk\u0142ad\u00f3w hydraulicznych do wykonywania ci\u0119\u017ckich zada\u0144, takich jak kopanie, podnoszenie i pchanie ci\u0119\u017ckich \u0142adunk\u00f3w.<\/p>\n<p>Wysoka wytrzyma\u0142o\u015b\u0107 i trwa\u0142o\u015b\u0107 spawanego cylindra typu Tee sprawiaj\u0105, \u017ce jest on idealnym wyborem do stosowania w sprz\u0119cie budowlanym. Jego zdolno\u015b\u0107 do zapewnienia precyzyjnej kontroli i sta\u0142ej si\u0142y jest niezb\u0119dna w wielu procesach budowlanych, takich jak wykopy, profilowanie i uk\u0142adanie nawierzchni. Spawany cylinder typu Tee mo\u017ce by\u0107 r\u00f3wnie\u017c stosowany do regulacji przep\u0142ywu p\u0142yn\u00f3w w uk\u0142adach hydraulicznych, co poprawia wydajno\u015b\u0107 i niezawodno\u015b\u0107 sprz\u0119tu budowlanego w r\u00f3\u017cnych zastosowaniach.<\/li>\n<\/ul>\n<h3>O FMP<\/h3>\n<p>Firma FMP, z ponad 30-letnim do\u015bwiadczeniem, jest renomowanym producentem si\u0142ownik\u00f3w hydraulicznych z siedzib\u0105 we W\u0142oszech. Jeste\u015bmy dumni z naszej szerokiej oferty produkt\u00f3w i dobrze wyposa\u017conego parku przemys\u0142owego, w kt\u00f3rym znajduje si\u0119 ponad 100 najnowocze\u015bniejszych urz\u0105dze\u0144. Nasza oferta obejmuje mi\u0119dzy innymi automatyczne spawarki w os\u0142onie gaz\u00f3w ochronnych, maszyny do g\u0142\u0119bokiego wiercenia, tokarki CNC, szlifierki do wa\u0142k\u00f3w, automatyczne maszyny czyszcz\u0105ce, automatyczne maszyny monta\u017cowe, automatyczne stanowiska do testowania wydajno\u015bci si\u0142ownik\u00f3w hydraulicznych oraz automatyczne linie lakiernicze.<\/p>\n<p><strong>Si\u0142ownik hydrauliczny:<\/strong> Nasze cylindry hydrauliczne przechodz\u0105 rygorystyczne procedury przetwarzania i kontroli, aby zapewni\u0107 naszym szanownym klientom najwy\u017csz\u0105 jako\u015b\u0107. Oferujemy r\u00f3\u017cne rodzaje cylindr\u00f3w hydraulicznych, w tym:<\/p>\n<ol>\n<li><strong>Kolczyk w cylindrze:<\/strong> Nasze cylindry kolczykowe zaprojektowano tak, aby zapewnia\u0142y stabiln\u0105 i niezawodn\u0105 prac\u0119 w r\u00f3\u017cnorodnych zastosowaniach.<\/li>\n<li><strong>Dwukierunkowy automatyczny teleskopowy si\u0142ownik hydrauliczny:<\/strong> Nasze dwukierunkowe automatyczne teleskopowe si\u0142owniki hydrauliczne charakteryzuj\u0105 si\u0119 wyj\u0105tkow\u0105 wytrzyma\u0142o\u015bci\u0105 i elastyczno\u015bci\u0105, dzi\u0119ki czemu nadaj\u0105 si\u0119 do wymagaj\u0105cych zada\u0144.<\/li>\n<\/ol>\n<p>Opr\u00f3cz naszej oferty produkt\u00f3w, zobowi\u0105zujemy si\u0119 do dostarczania naszym klientom doskona\u0142ych us\u0142ug:<\/p>\n<ol>\n<li><strong>Us\u0142uga projektowa:<\/strong> Nasz do\u015bwiadczony zesp\u00f3\u0142 projektant\u00f3w pomo\u017ce Ci w opracowaniu nowych produkt\u00f3w lub udoskonaleniu istniej\u0105cych.<\/li>\n<li><strong>Us\u0142uga produktu:<\/strong> Od surowc\u00f3w po transport \u2013 w ca\u0142ym procesie produkcyjnym zachowujemy \u015bcis\u0142\u0105 kontrol\u0119 jako\u015bci, zapewniaj\u0105c niezawodne i trwa\u0142e produkty.<\/li>\n<li><strong>Przyk\u0142adowy proces:<\/strong> Oferujemy elastyczno\u015b\u0107 w opracowywaniu pr\u00f3bek zgodnie z Pa\u0144stwa konkretnymi wymaganiami i wprowadzaniu niezb\u0119dnych modyfikacji w celu spe\u0142nienia Pa\u0144stwa potrzeb.<\/li>\n<li><strong>Badania i rozw\u00f3j:<\/strong> Nasz zaanga\u017cowany zesp\u00f3\u0142 badawczo-rozwojowy nieustannie analizuje rynek i opracowuje nowe modele, aby sprosta\u0107 zmieniaj\u0105cym si\u0119 wymaganiom klient\u00f3w.<\/li>\n<\/ol>\n<p>W FMP specjalizujemy si\u0119 w produkcji i personalizacji r\u00f3\u017cnego rodzaju cylindr\u00f3w hydraulicznych. Dzi\u0119ki naszym wyj\u0105tkowym produktom i atutom firmy, d\u0105\u017cymy do nawi\u0105zania owocnej wsp\u00f3\u0142pracy z naszymi cenionymi klientami. Skontaktuj si\u0119 z nami, aby pozna\u0107 mo\u017cliwo\u015bci wsp\u00f3\u0142pracy z FMP w zakresie cylindr\u00f3w hydraulicznych.<\/p>\n<p><img decoding=\"async\" src=\"https:\/\/fmp-components.com\/wp-content\/uploads\/2024\/12\/fmp-factory-4.webp\" alt=\"Fabryka FMP\" width=\"800\" title=\"\"><br \/>\nAutor:CX<\/p>","protected":false},"excerpt":{"rendered":"<p>The 10018 Professional 20 Ton Mini Double Acting Hydraulic Cylinders are engineered for high performance and reliability in a compact design. Ideal for various industrial and agricultural applications, these hydraulic cylinders provide powerful lifting capabilities while maintaining a space-efficient footprint. Key Features: 20 Ton Load Capacity: Designed to handle loads up to 20 tons, the [&hellip;]<\/p>","protected":false},"featured_media":1132,"comment_status":"closed","ping_status":"closed","template":"","meta":{"_et_pb_use_builder":"","_et_pb_old_content":"","_et_gb_content_width":""},"product_brand":[],"product_cat":[31],"product_tag":[34,35],"class_list":{"0":"post-938","1":"product","2":"type-product","3":"status-publish","4":"has-post-thumbnail","6":"product_cat-welded-tee-type-cylinder","7":"product_tag-hydraulic-cylinder","8":"product_tag-welded-tee-type-cylinder","10":"first","11":"instock","12":"product-type-simple"},"_links":{"self":[{"href":"https:\/\/fmp-components.com\/pl\/wp-json\/wp\/v2\/product\/938","targetHints":{"allow":["GET"]}}],"collection":[{"href":"https:\/\/fmp-components.com\/pl\/wp-json\/wp\/v2\/product"}],"about":[{"href":"https:\/\/fmp-components.com\/pl\/wp-json\/wp\/v2\/types\/product"}],"replies":[{"embeddable":true,"href":"https:\/\/fmp-components.com\/pl\/wp-json\/wp\/v2\/comments?post=938"}],"wp:featuredmedia":[{"embeddable":true,"href":"https:\/\/fmp-components.com\/pl\/wp-json\/wp\/v2\/media\/1132"}],"wp:attachment":[{"href":"https:\/\/fmp-components.com\/pl\/wp-json\/wp\/v2\/media?parent=938"}],"wp:term":[{"taxonomy":"product_brand","embeddable":true,"href":"https:\/\/fmp-components.com\/pl\/wp-json\/wp\/v2\/product_brand?post=938"},{"taxonomy":"product_cat","embeddable":true,"href":"https:\/\/fmp-components.com\/pl\/wp-json\/wp\/v2\/product_cat?post=938"},{"taxonomy":"product_tag","embeddable":true,"href":"https:\/\/fmp-components.com\/pl\/wp-json\/wp\/v2\/product_tag?post=938"}],"curies":[{"name":"wp","href":"https:\/\/api.w.org\/{rel}","templated":true}]}}