{"id":937,"date":"2024-12-19T03:39:00","date_gmt":"2024-12-19T03:39:00","guid":{"rendered":"https:\/\/fmp-components.com\/product\/10017-china-factory-supply-tractor-hydraulic-cylinder-for-sale\/"},"modified":"2024-12-26T09:00:14","modified_gmt":"2024-12-26T09:00:14","slug":"10017-italy-factory-supply-tractor-hydraulic-cylinder-for-sale","status":"publish","type":"product","link":"https:\/\/fmp-components.com\/pl\/product\/10017-italy-factory-supply-tractor-hydraulic-cylinder-for-sale\/","title":{"rendered":"10017 W\u0142ochy Dostawa fabryczna Si\u0142ownik hydrauliczny ci\u0105gnika na sprzeda\u017c"},"content":{"rendered":"<p>Si\u0142ownik hydrauliczny do ci\u0105gnik\u00f3w 10017, dostarczany fabrycznie we W\u0142oszech, zosta\u0142 zaprojektowany z my\u015bl\u0105 o zapewnieniu wyj\u0105tkowej wydajno\u015bci i niezawodno\u015bci w r\u00f3\u017cnych zastosowaniach ci\u0105gnik\u00f3w. Wykonany z precyzj\u0105 i jako\u015bci\u0105, ten si\u0142ownik hydrauliczny jest niezb\u0119dnym elementem zwi\u0119kszaj\u0105cym wydajno\u015b\u0107 maszyn rolniczych.<\/p>\n<h4>G\u0142\u00f3wne cechy:<\/h4>\n<ul>\n<li><strong>Produkcja wysokiej jako\u015bci:<\/strong><br \/>\nWyprodukowany we W\u0142oszech, zgodnie z rygorystycznymi standardami kontroli jako\u015bci, si\u0142ownik hydrauliczny 10017 jest trwa\u0142y. Jego solidna konstrukcja gwarantuje trwa\u0142o\u015b\u0107 nawet w najbardziej wymagaj\u0105cych warunkach rolniczych.<\/li>\n<li><strong>Wszechstronne zastosowania:<\/strong><br \/>\nTen si\u0142ownik hydrauliczny nadaje si\u0119 do szerokiej gamy zastosowa\u0144 ci\u0105gnik\u00f3w, w tym orki, podnoszenia i holowania. Jego wszechstronno\u015b\u0107 sprawia, \u017ce \u200b\u200bjest to niezb\u0119dne narz\u0119dzie dla rolnik\u00f3w, kt\u00f3rzy chc\u0105 zmaksymalizowa\u0107 funkcjonalno\u015b\u0107 swojego sprz\u0119tu.<\/li>\n<li><strong>Efektywna wydajno\u015b\u0107:<\/strong><br \/>\nSi\u0142ownik hydrauliczny 10017 dzia\u0142a efektywnie pod wysokim ci\u015bnieniem, zapewniaj\u0105c du\u017c\u0105 si\u0142\u0119 podnoszenia i pchania. Taka wydajno\u015b\u0107 zwi\u0119ksza og\u00f3ln\u0105 wydajno\u015b\u0107 ci\u0105gnika, umo\u017cliwiaj\u0105c szybsze i skuteczniejsze wykonywanie zada\u0144.<\/li>\n<li><strong>Opcje dostosowywania:<\/strong><br \/>\nDost\u0119pny w r\u00f3\u017cnych rozmiarach i konfiguracjach, cylinder 10017 mo\u017cna dostosowa\u0107 do indywidualnych potrzeb. Niezale\u017cnie od tego, czy potrzebujesz r\u00f3\u017cnych \u015brednic cylindr\u00f3w, d\u0142ugo\u015bci skoku czy typ\u00f3w przy\u0142\u0105czy, mo\u017cemy dostarczy\u0107 rozwi\u0105zania dopasowane do Twojego sprz\u0119tu.<\/li>\n<li><strong>Rozwi\u0105zanie ekonomiczne:<\/strong><br \/>\nDzi\u0119ki konkurencyjnej cenie fabrycznej si\u0142ownik hydrauliczny 10017 oferuje doskona\u0142y stosunek jako\u015bci do ceny. Zapewnia wysok\u0105 wydajno\u015b\u0107 bez uszczerbku na jako\u015bci, dzi\u0119ki czemu nadaje si\u0119 do szerokiego zakresu prac rolniczych.<\/li>\n<\/ul>\n<p><img decoding=\"async\" class=\"aligncenter\" src=\"https:\/\/hzpt.com\/wp-content\/uploads\/2023\/12\/random-3.webp\" alt=\"\" title=\"\"><\/p>\n<h4>Dane techniczne:<\/h4>\n<table style=\"width: 101.159%; height: 176px;\">\n<thead>\n<tr style=\"height: 23px;\">\n<th style=\"height: 23px;\">Specyfikacja<\/th>\n<th style=\"height: 23px;\">Opis<\/th>\n<\/tr>\n<\/thead>\n<tbody>\n<tr style=\"height: 26px;\">\n<td style=\"height: 26px;\"><strong>Rozmiar otworu<\/strong><\/td>\n<td style=\"height: 26px;\">Mo\u017cliwo\u015b\u0107 dostosowania<\/td>\n<\/tr>\n<tr style=\"height: 26px;\">\n<td style=\"height: 26px;\"><strong>D\u0142ugo\u015b\u0107 skoku<\/strong><\/td>\n<td style=\"height: 26px;\">Dost\u0119pne r\u00f3\u017cne opcje<\/td>\n<\/tr>\n<tr style=\"height: 26px;\">\n<td style=\"height: 26px;\"><strong>Maksymalne ci\u015bnienie<\/strong><\/td>\n<td style=\"height: 26px;\">Do 3000 PSI<\/td>\n<\/tr>\n<tr style=\"height: 26px;\">\n<td style=\"height: 26px;\"><strong>Tworzywo<\/strong><\/td>\n<td style=\"height: 26px;\">Wysokiej jako\u015bci stal lub aluminium<\/td>\n<\/tr>\n<tr style=\"height: 26px;\">\n<td style=\"height: 26px;\"><strong>Typ po\u0142\u0105czenia<\/strong><\/td>\n<td style=\"height: 26px;\">Ko\u0142nierzowe lub gwintowane<\/td>\n<\/tr>\n<\/tbody>\n<\/table>\n<h4>Zasada dzia\u0142ania:<\/h4>\n<p>Si\u0142ownik hydrauliczny ci\u0105gnika 10017 dzia\u0142a na zasadzie ci\u015bnienia p\u0142ynu hydraulicznego. Po wt\u0142oczeniu p\u0142ynu hydraulicznego do cylindra, wywiera on si\u0142\u0119 na t\u0142ok, generuj\u0105c ruch liniowy, umo\u017cliwiaj\u0105cy wykonywanie r\u00f3\u017cnych zada\u0144. Ten niezawodny mechanizm pozwala ci\u0105gnikom na wydajn\u0105 i efektywn\u0105 prac\u0119 w r\u00f3\u017cnorodnych zastosowaniach rolniczych.<\/p>\n<p>Podsumowuj\u0105c, si\u0142ownik hydrauliczny do ci\u0105gnik\u00f3w 10017 Italy Factory Supply to trwa\u0142e i wydajne rozwi\u0105zanie poprawiaj\u0105ce wydajno\u015b\u0107 ci\u0105gnika. Wysoka jako\u015b\u0107 wykonania, wszechstronno\u015b\u0107 i op\u0142acalno\u015b\u0107 sprawiaj\u0105, \u017ce jest on niezb\u0119dnym uzupe\u0142nieniem ka\u017cdego gospodarstwa rolnego, przyczyniaj\u0105c si\u0119 do poprawy wydajno\u015bci i efektywno\u015bci operacyjnej.<\/p>\n<p><img decoding=\"async\" src=\"https:\/\/hzpt.com\/wp-content\/uploads\/2023\/12\/random-5.webp\" alt=\"\" title=\"\"><\/p>\n<h2>Cz\u0119sto zadawane pytania<\/h2>\n<p>P: Jaka jest wydajno\u015b\u0107 Pa\u0144stwa cylindr\u00f3w hydraulicznych?<br \/>\nA: Pojemno\u015b\u0107 r\u00f3\u017cni si\u0119 w zale\u017cno\u015bci od modelu.<\/p>\n<p>P: Jak mog\u0119 konserwowa\u0107 m\u00f3j cylinder hydrauliczny?<br \/>\nA: Regularna kontrola i terminowa wymiana uszczelek pomagaj\u0105 utrzyma\u0107 si\u0142ownik hydrauliczny w dobrym stanie.<\/p>\n<p>P: Jaka jest no\u015bno\u015b\u0107 Pa\u0144stwa cylindr\u00f3w?<br \/>\nA: Nasze cylindry charakteryzuj\u0105 si\u0119 \u015bredni\u0105 lub du\u017c\u0105 no\u015bno\u015bci\u0105.<\/p>\n<p>P: Czy mog\u0119 dostosowa\u0107 swoje zam\u00f3wienie do konkretnych wymaga\u0144?<br \/>\nA: Tak, klienci mog\u0105 personalizowa\u0107 swoje zam\u00f3wienia.<\/p>\n<p>P: Jakie inne produkty oferujecie?<br \/>\nA: Oferujemy r\u00f3wnie\u017c cylindry do r\u00f3\u017cnych maszyn, takich jak podno\u015bniki koszowe, pojazdy przemys\u0142owe, wiertnice obrotowe, d\u017awigi samochodowe i inne.<\/p>\n<h2>Zalety cylindra spawanego typu tr\u00f3jnikowego<\/h2>\n<ul>\n<li style=\"list-style-type: none;\">\n<ul>\n<li><strong>Zwi\u0119kszona si\u0142a:<\/strong> Spawane cylindry typu tee s\u0105 znane ze swojej wysokiej wytrzyma\u0142o\u015bci, dzi\u0119ki czemu nadaj\u0105 si\u0119 do zastosowa\u0144 wymagaj\u0105cych podnoszenia ci\u0119\u017car\u00f3w. Proces spawania stosowany podczas produkcji tych cylindr\u00f3w zapewnia, \u017ce cylinder jest wolny od s\u0142abych punkt\u00f3w i mo\u017ce wytrzyma\u0107 wysokie ci\u015bnienie i napr\u0119\u017cenia.<\/li>\n<\/ul>\n<\/li>\n<\/ul>\n<p>Gdy na cylinder wywierany jest nacisk, rozprowadza si\u0119 on r\u00f3wnomiernie po ca\u0142ej powierzchni, co czyni go odpornym na odkszta\u0142cenia. Ta cecha zapewnia, \u017ce cylinder mo\u017ce zachowa\u0107 sw\u00f3j kszta\u0142t i integralno\u015b\u0107 strukturaln\u0105 nawet w ekstremalnych warunkach.<\/p>\n<ul>\n<li style=\"list-style-type: none;\">\n<ul>\n<li><strong>Zapobieganie wyciekom:<\/strong> Spawane cylindry typu tee s\u0105 zaprojektowane tak, aby zapobiega\u0107 wyciekom. Proces spawania stosowany podczas procesu produkcji zapewnia, \u017ce cylinder jest ca\u0142kowicie szczelny i wolny od wszelkich mo\u017cliwych wyciek\u00f3w. Ta cecha sprawia, \u017ce nadaj\u0105 si\u0119 do stosowania w zastosowaniach, w kt\u00f3rych wyciek m\u00f3g\u0142by spowodowa\u0107 powa\u017cne uszkodzenia lub obra\u017cenia.<\/li>\n<\/ul>\n<\/li>\n<\/ul>\n<p>Po\u0142\u0105czenia spawane s\u0105 g\u0142adkie, bez szczelin czy rowk\u00f3w, w kt\u00f3rych mog\u0142yby gromadzi\u0107 si\u0119 zanieczyszczenia lub brud, co zmniejsza ryzyko korozji i uszkodzenia cylindra.<\/p>\n<ul>\n<li style=\"list-style-type: none;\">\n<ul>\n<li><strong>Mo\u017cliwo\u015b\u0107 dostosowania:<\/strong> Spawane cylindry typu tee mo\u017cna dostosowa\u0107 do konkretnych zastosowa\u0144. Cylindry s\u0105 dost\u0119pne w r\u00f3\u017cnych rozmiarach i kszta\u0142tach i mog\u0105 by\u0107 wytwarzane tak, aby spe\u0142nia\u0142y konkretne wymagania danego zastosowania.<\/li>\n<\/ul>\n<\/li>\n<\/ul>\n<p>Proces dostosowywania pozwala na optymalizacj\u0119 wydajno\u015bci cylindra, zapewniaj\u0105c, \u017ce jest on odpowiedni do zamierzonego zastosowania. Ta cecha sprawia, \u017ce spawane cylindry typu tee s\u0105 idealne do stosowania w r\u00f3\u017cnych zastosowaniach przemys\u0142owych, w tym w budownictwie, g\u00f3rnictwie i transporcie materia\u0142\u00f3w.<\/p>\n<ul>\n<li style=\"list-style-type: none;\">\n<ul>\n<li><strong>Op\u0142acalno\u015b\u0107:<\/strong> Spawane cylindry typu tee s\u0105 op\u0142acalne w por\u00f3wnaniu do innych typ\u00f3w cylindr\u00f3w. Proces produkcji tych cylindr\u00f3w jest prosty, co czyni je ta\u0144szymi od innych typ\u00f3w cylindr\u00f3w.<\/li>\n<\/ul>\n<\/li>\n<\/ul>\n<p>Ponadto wysoka wytrzyma\u0142o\u015b\u0107 i trwa\u0142o\u015b\u0107 spawanych cylindr\u00f3w typu tee zmniejszaj\u0105 potrzeb\u0119 cz\u0119stych napraw i wymian, co pozwala zaoszcz\u0119dzi\u0107 na kosztach konserwacji. Ta cecha sprawia, \u017ce s\u0105 one popularnym wyborem dla wielu bran\u017c, szczeg\u00f3lnie tych o ograniczonym bud\u017cecie.<\/p>\n<ul>\n<li style=\"list-style-type: none;\">\n<ul>\n<li><strong>Zwi\u0119kszona wydajno\u015b\u0107:<\/strong> Spawane cylindry typu tee s\u0105 wysoce wydajne i skuteczne. Konstrukcja cylindra zapewnia, \u017ce si\u0142a przy\u0142o\u017cona jest przenoszona bezpo\u015brednio na obci\u0105\u017cenie, co zmniejsza straty energii i zwi\u0119ksza wydajno\u015b\u0107.<\/li>\n<\/ul>\n<\/li>\n<\/ul>\n<p>Spawane po\u0142\u0105czenia s\u0105 mocne i sztywne, minimalizuj\u0105c ugi\u0119cie i zapewniaj\u0105c, \u017ce cylinder zachowuje sw\u00f3j kszta\u0142t i integralno\u015b\u0107 strukturaln\u0105 nawet w ekstremalnych warunkach. Ta cecha sprawia, \u017ce spawane cylindry typu tee s\u0105 idealne do zastosowa\u0144 wymagaj\u0105cych wysokiej wydajno\u015bci i niezawodno\u015bci.<\/p>\n<p><img loading=\"lazy\" decoding=\"async\" class=\"size-full wp-image-977 aligncenter\" src=\"https:\/\/fmp-components.com\/wp-content\/uploads\/2024\/12\/Welded-Tee-Type-Cylinder3.webp\" alt=\"Spawany cylinder typu tr\u00f3jnik\" width=\"653\" height=\"600\" title=\"\" srcset=\"https:\/\/fmp-components.com\/wp-content\/uploads\/2024\/12\/Welded-Tee-Type-Cylinder3.webp 653w, https:\/\/fmp-components.com\/wp-content\/uploads\/2024\/12\/Welded-Tee-Type-Cylinder3-480x441.webp 480w\" sizes=\"(min-width: 0px) and (max-width: 480px) 480px, (min-width: 481px) 653px, 100vw\" \/><\/p>\n<h2>Zastosowanie cylindra spawanego typu tr\u00f3jnikowego<\/h2>\n<h3>Wst\u0119p<\/h3>\n<p>Si\u0142ownik typu spawany tr\u00f3jnik to rodzaj si\u0142ownika hydraulicznego powszechnie stosowanego w zastosowaniach przemys\u0142owych. Zosta\u0142 zaprojektowany w celu zapewnienia du\u017cej si\u0142y wyj\u015bciowej w kompaktowej i ekonomicznej obudowie. Ten typ si\u0142ownika sk\u0142ada si\u0119 ze spawanego tr\u00f3jnika i t\u0142oczyska przymocowanego do tr\u00f3jnika. Tr\u00f3jnik jest po\u0142\u0105czony z cylindrem cylindra i zawiera t\u0142ok, kt\u00f3ry porusza si\u0119 tam i z powrotem wewn\u0105trz cylindra, generuj\u0105c si\u0142\u0119.<\/p>\n<h3>Zalety cylindra spawanego typu tr\u00f3jnikowego<\/h3>\n<p>Stosowanie cylindr\u00f3w spawanych typu T w zastosowaniach przemys\u0142owych niesie ze sob\u0105 szereg zalet:<\/p>\n<ul>\n<li><b>Kompaktowa konstrukcja:<\/b> Cylindry spawane typu T s\u0105 zaprojektowane tak, aby by\u0142y kompaktowe, dzi\u0119ki czemu idealnie nadaj\u0105 si\u0119 do stosowania w miejscach o ograniczonej przestrzeni.<\/li>\n<li><b>Wysoka wydajno\u015b\u0107:<\/b> Cylindry spawane typu T s\u0105 bardzo wydajne, co oznacza, \u017ce \u200b\u200bmog\u0105 generowa\u0107 du\u017c\u0105 si\u0142\u0119 przy minimalnym nak\u0142adzie energii.<\/li>\n<li><b>Wytrzyma\u0142y:<\/b> Cylindry spawane typu T s\u0105 zaprojektowane tak, aby by\u0142y bardzo trwa\u0142e, co oznacza, \u017ce \u200b\u200bmog\u0105 wytrzyma\u0107 trudne warunki pracy i s\u0142u\u017cy\u0107 przez d\u0142ugi czas.<\/li>\n<li><b>Op\u0142acalne:<\/b> Cylindry spawane typu T s\u0105 ekonomiczne, co oznacza, \u017ce \u200b\u200boferuj\u0105 dobry stosunek jako\u015bci do ceny.<\/li>\n<\/ul>\n<h3>Zastosowania cylindr\u00f3w spawanych typu tr\u00f3jnikowego<\/h3>\n<p>Istnieje wiele zastosowa\u0144 dla cylindr\u00f3w spawanych typu T w r\u00f3\u017cnych ga\u0142\u0119ziach przemys\u0142u, w tym:<\/p>\n<ul>\n<li><b>Produkcja:<\/b> Cylindry spawane typu T s\u0105 wykorzystywane w produkcji do obs\u0142ugi maszyn, przenoszenia ci\u0119\u017ckich \u0142adunk\u00f3w i kszta\u0142towania cz\u0119\u015bci metalowych.<\/li>\n<li><b>Rolnictwo:<\/b> Cylindry typu T spawane stosowane s\u0105 w rolnictwie do obs\u0142ugi uk\u0142ad\u00f3w hydraulicznych w ci\u0105gnikach, kombajnach i innym sprz\u0119cie rolniczym.<\/li>\n<li><b>Budowa:<\/b> Cylindry typu T spawane s\u0105 stosowane w budownictwie do obs\u0142ugi maszyn takich jak d\u017awigi, koparki i koparki podsi\u0119bierne.<\/li>\n<li><b>G\u00f3rnictwo:<\/b> Cylindry typu T spawane s\u0105 stosowane w g\u00f3rnictwie do obs\u0142ugi uk\u0142ad\u00f3w hydraulicznych ci\u0119\u017ckiego sprz\u0119tu, takiego jak buldo\u017cery, \u0142adowarki i wiertnice do ska\u0142.<\/li>\n<li><b>Transport:<\/b> Cylindry typu T spawane s\u0105 stosowane w transporcie do obs\u0142ugi uk\u0142ad\u00f3w hydraulicznych w ci\u0119\u017car\u00f3wkach, autobusach i innych pojazdach.<\/li>\n<\/ul>\n<p>Podsumowuj\u0105c, spawane cylindry typu T s\u0105 wa\u017cnym elementem w wielu zastosowaniach przemys\u0142owych. Zaprojektowano je tak, aby by\u0142y kompaktowe, wydajne, trwa\u0142e i ekonomiczne, co czyni je idealnym wyborem do szerokiego zakresu zastosowa\u0144. Niezale\u017cnie od tego, czy obs\u0142ugujesz maszyny w zak\u0142adzie produkcyjnym, sprz\u0119t rolniczy w gospodarstwie rolnym, czy ci\u0119\u017cki sprz\u0119t w kopalni, spawane cylindry typu T pomog\u0105 Ci wykona\u0107 zadanie sprawnie i skutecznie.<\/p>\n<p><img loading=\"lazy\" decoding=\"async\" class=\"size-full wp-image-974 aligncenter\" src=\"https:\/\/fmp-components.com\/wp-content\/uploads\/2024\/12\/application-of-Welded-Tee-Type-Cylinder.webp\" alt=\"zastosowanie cylindra spawanego typu tr\u00f3jnika\" width=\"760\" height=\"860\" title=\"\" srcset=\"https:\/\/fmp-components.com\/wp-content\/uploads\/2024\/12\/application-of-Welded-Tee-Type-Cylinder.webp 760w, https:\/\/fmp-components.com\/wp-content\/uploads\/2024\/12\/application-of-Welded-Tee-Type-Cylinder-480x543.webp 480w\" sizes=\"(min-width: 0px) and (max-width: 480px) 480px, (min-width: 481px) 760px, 100vw\" \/><\/p>\n<h3>O FMP<\/h3>\n<p>FMP jest wiod\u0105cym producentem i dostawc\u0105 si\u0142ownik\u00f3w hydraulicznych od ponad 30 lat. Nasz obszar przemys\u0142owy znajduje si\u0119 we W\u0142oszech i dysponujemy ponad 100 urz\u0105dzeniami, w tym automatyczn\u0105 spawark\u0105 w os\u0142onie gaz\u00f3w ochronnych, wiertark\u0105 do g\u0142\u0119bokich otwor\u00f3w, tokark\u0105 CNC, szlifierk\u0105 cylindryczn\u0105, automatyczn\u0105 maszyn\u0105 czyszcz\u0105c\u0105, automatyczn\u0105 maszyn\u0105 monta\u017cow\u0105, automatycznym stanowiskiem do testowania wydajno\u015bci si\u0142ownik\u00f3w hydraulicznych, automatyczn\u0105 lini\u0105 lakiernicz\u0105 i wieloma innymi. Nasze si\u0142owniki hydrauliczne przechodz\u0105 rygorystyczn\u0105 obr\u00f3bk\u0119 i kontrol\u0119, aby zapewni\u0107 naszym klientom wysok\u0105 jako\u015b\u0107.<\/p>\n<p>W FMP oferujemy nast\u0119puj\u0105ce us\u0142ugi:<\/p>\n<ol>\n<li><strong>Us\u0142uga projektowa:<\/strong> Nasz zesp\u00f3\u0142 projektowy posiada bogate do\u015bwiadczenie w projektowaniu i rozwoju wa\u0142\u00f3w uniwersalnych. Je\u015bli potrzebujesz nowych produkt\u00f3w lub chcesz ulepszy\u0107 je, s\u0142u\u017cymy wsparciem.<\/li>\n<li><strong>Us\u0142uga produktu:<\/strong> Przestrzegamy rygorystycznego procesu obejmuj\u0105cego surowce, ci\u0119cie, obr\u00f3bk\u0119 wst\u0119pn\u0105, testowanie, czyszczenie, monta\u017c, pakowanie i transport, aby zapewni\u0107 produkty wysokiej jako\u015bci.<\/li>\n<li><strong>Przyk\u0142adowy proces:<\/strong> Mo\u017cemy przygotowa\u0107 pr\u00f3bki wed\u0142ug Twoich wymaga\u0144 i stale je udoskonala\u0107, aby spe\u0142nia\u0142y Twoje potrzeby.<\/li>\n<li><strong>Badania i rozw\u00f3j:<\/strong> \u015aledzimy nowe trendy rynkowe i opracowujemy nowe modele, gdy na rynku pojawiaj\u0105 si\u0119 nowe samochody.<\/li>\n<li><strong>Personalizacja:<\/strong> Specjalizujemy si\u0119 w produkcji i sprzeda\u017cy r\u00f3\u017cnych typ\u00f3w si\u0142ownik\u00f3w hydraulicznych i jeste\u015bmy w stanie dostosowa\u0107 nasze produkty do indywidualnych potrzeb klient\u00f3w.<\/li>\n<\/ol>\n<p>Jeste\u015bmy dumni z naszych wysokiej jako\u015bci cylindr\u00f3w hydraulicznych i naszej zdolno\u015bci do zapewnienia klientom najwy\u017cszej jako\u015bci obs\u0142ugi. Skontaktuj si\u0119 z nami ju\u017c dzi\u015b, aby dowiedzie\u0107 si\u0119 wi\u0119cej o naszych produktach i us\u0142ugach.<\/p>\n<p><img decoding=\"async\" src=\"https:\/\/fmp-components.com\/wp-content\/uploads\/2024\/12\/fmp-factory-4.webp\" alt=\"Fabryka FMP\" width=\"800\" title=\"\"><br \/>\nAutor:CX<\/p>","protected":false},"excerpt":{"rendered":"<p>The 10017 Italy Factory Supply Tractor Hydraulic Cylinder is designed to deliver outstanding performance and reliability for various tractor applications. Manufactured with precision and quality, this hydraulic cylinder is an essential component for enhancing the efficiency of your agricultural machinery. Key Features: High-Quality Manufacturing: Produced in Italy with stringent quality control standards, the 10017 hydraulic [&hellip;]<\/p>","protected":false},"featured_media":1133,"comment_status":"closed","ping_status":"closed","template":"","meta":{"_et_pb_use_builder":"","_et_pb_old_content":"","_et_gb_content_width":""},"product_brand":[],"product_cat":[31],"product_tag":[34,35],"class_list":{"0":"post-937","1":"product","2":"type-product","3":"status-publish","4":"has-post-thumbnail","6":"product_cat-welded-tee-type-cylinder","7":"product_tag-hydraulic-cylinder","8":"product_tag-welded-tee-type-cylinder","10":"first","11":"instock","12":"product-type-simple"},"_links":{"self":[{"href":"https:\/\/fmp-components.com\/pl\/wp-json\/wp\/v2\/product\/937","targetHints":{"allow":["GET"]}}],"collection":[{"href":"https:\/\/fmp-components.com\/pl\/wp-json\/wp\/v2\/product"}],"about":[{"href":"https:\/\/fmp-components.com\/pl\/wp-json\/wp\/v2\/types\/product"}],"replies":[{"embeddable":true,"href":"https:\/\/fmp-components.com\/pl\/wp-json\/wp\/v2\/comments?post=937"}],"wp:featuredmedia":[{"embeddable":true,"href":"https:\/\/fmp-components.com\/pl\/wp-json\/wp\/v2\/media\/1133"}],"wp:attachment":[{"href":"https:\/\/fmp-components.com\/pl\/wp-json\/wp\/v2\/media?parent=937"}],"wp:term":[{"taxonomy":"product_brand","embeddable":true,"href":"https:\/\/fmp-components.com\/pl\/wp-json\/wp\/v2\/product_brand?post=937"},{"taxonomy":"product_cat","embeddable":true,"href":"https:\/\/fmp-components.com\/pl\/wp-json\/wp\/v2\/product_cat?post=937"},{"taxonomy":"product_tag","embeddable":true,"href":"https:\/\/fmp-components.com\/pl\/wp-json\/wp\/v2\/product_tag?post=937"}],"curies":[{"name":"wp","href":"https:\/\/api.w.org\/{rel}","templated":true}]}}