{"id":936,"date":"2024-12-19T03:39:00","date_gmt":"2024-12-19T03:39:00","guid":{"rendered":"https:\/\/fmp-components.com\/product\/10016-hot-selling-trailer-hydraulic-cylinder-for-agriculture\/"},"modified":"2024-12-19T09:03:54","modified_gmt":"2024-12-19T09:03:54","slug":"10016-hot-selling-trailer-hydraulic-cylinder-for-agriculture","status":"publish","type":"product","link":"https:\/\/fmp-components.com\/pl\/product\/10016-hot-selling-trailer-hydraulic-cylinder-for-agriculture\/","title":{"rendered":"10016 Gor\u0105co sprzedaj\u0105cy si\u0119 cylinder hydrauliczny przyczepy do rolnictwa"},"content":{"rendered":"<p>Si\u0142ownik hydrauliczny do przyczep 10016, kt\u00f3ry cieszy si\u0119 du\u017c\u0105 popularno\u015bci\u0105, zosta\u0142 zaprojektowany z my\u015bl\u0105 o zwi\u0119kszeniu funkcjonalno\u015bci przyczep rolniczych, zapewniaj\u0105c niezawodn\u0105 prac\u0119 i solidn\u0105 trwa\u0142o\u015b\u0107. Ten si\u0142ownik hydrauliczny jest niezb\u0119dnym elementem dla rolnik\u00f3w, kt\u00f3rzy chc\u0105 zmaksymalizowa\u0107 wydajno\u015b\u0107 i \u0142atwo\u015b\u0107 obs\u0142ugi w swoich pracach rolniczych.<\/p>\n<h4>G\u0142\u00f3wne cechy:<\/h4>\n<ul>\n<li><strong>Wydajna praca uk\u0142adu hydraulicznego:<\/strong><br \/>\nSi\u0142ownik hydrauliczny 10016 zosta\u0142 zaprojektowany z my\u015bl\u0105 o optymalnej wydajno\u015bci p\u0142ynu hydraulicznego, zapewniaj\u0105c p\u0142ynn\u0105 i wydajn\u0105 prac\u0119 podczas podnoszenia i opuszczania skrzy\u0144 \u0142adunkowych przyczep. Ta wydajno\u015b\u0107 ma kluczowe znaczenie dla szybkiego za\u0142adunku i roz\u0142adunku, poprawiaj\u0105c og\u00f3ln\u0105 wydajno\u015b\u0107.<\/li>\n<li><strong>Solidna konstrukcja:<\/strong><br \/>\nWykonany z wysokiej jako\u015bci materia\u0142\u00f3w, ten si\u0142ownik hydrauliczny zosta\u0142 zaprojektowany tak, aby sprosta\u0107 trudnym warunkom panuj\u0105cym w rolnictwie. Jego trwa\u0142a konstrukcja gwarantuje d\u0142ugotrwa\u0142\u0105 wydajno\u015b\u0107, nawet przy du\u017cych obci\u0105\u017ceniach i cz\u0119stym u\u017cytkowaniu.<\/li>\n<li><strong>Wszechstronne zastosowania:<\/strong><br \/>\nZaprojektowany specjalnie do przyczep rolniczych, ten si\u0142ownik hydrauliczny jest na tyle wszechstronny, \u017ce mo\u017cna go stosowa\u0107 w r\u00f3\u017cnych zastosowaniach, takich jak transport siana, przew\u00f3z zwierz\u0105t gospodarskich i og\u00f3lne prace rolnicze. Jego wszechstronno\u015b\u0107 sprawia, \u017ce \u200b\u200bjest cennym uzupe\u0142nieniem ka\u017cdego gospodarstwa rolnego.<\/li>\n<li><strong>Przyjazny dla u\u017cytkownika projekt:<\/strong><br \/>\nSi\u0142ownik 10016 charakteryzuje si\u0119 intuicyjn\u0105 konstrukcj\u0105, kt\u00f3ra upraszcza monta\u017c i obs\u0142ug\u0119. Jest kompatybilny z szerok\u0105 gam\u0105 modeli przyczep, co u\u0142atwia rolnikom modernizacj\u0119 sprz\u0119tu bez konieczno\u015bci przeprowadzania rozleg\u0142ych modyfikacji.<\/li>\n<li><strong>Najlepiej sprzedaj\u0105cy si\u0119 przedmiot:<\/strong><br \/>\nDzi\u0119ki sprawdzonej wydajno\u015bci i niezawodno\u015bci, si\u0142ownik hydrauliczny 10016 sta\u0142 si\u0119 popularnym produktem w\u015br\u00f3d profesjonalist\u00f3w z bran\u017cy rolniczej. Jego popularno\u015b\u0107 \u015bwiadczy o jego jako\u015bci i skuteczno\u015bci w usprawnianiu prac rolniczych.<\/li>\n<\/ul>\n<p><img loading=\"lazy\" decoding=\"async\" class=\"size-full wp-image-976 aligncenter\" src=\"https:\/\/fmp-components.com\/wp-content\/uploads\/2024\/12\/Welded-Tee-Type-Cylinder2.webp\" alt=\"Spawany cylinder typu tr\u00f3jnik\" width=\"764\" height=\"675\" title=\"\" srcset=\"https:\/\/fmp-components.com\/wp-content\/uploads\/2024\/12\/Welded-Tee-Type-Cylinder2.webp 764w, https:\/\/fmp-components.com\/wp-content\/uploads\/2024\/12\/Welded-Tee-Type-Cylinder2-480x424.webp 480w\" sizes=\"(min-width: 0px) and (max-width: 480px) 480px, (min-width: 481px) 764px, 100vw\" \/><\/p>\n<h4>Dane techniczne:<\/h4>\n<table style=\"width: 97.9238%; height: 185px;\">\n<thead>\n<tr style=\"height: 23px;\">\n<th style=\"height: 23px;\">Specyfikacja<\/th>\n<th style=\"height: 23px;\">Opis<\/th>\n<\/tr>\n<\/thead>\n<tbody>\n<tr style=\"height: 23px;\">\n<td style=\"height: 23px;\"><strong>Rozmiar otworu<\/strong><\/td>\n<td style=\"height: 23px;\">Mo\u017cliwo\u015b\u0107 dostosowania<\/td>\n<\/tr>\n<tr style=\"height: 23px;\">\n<td style=\"height: 23px;\"><strong>D\u0142ugo\u015b\u0107 skoku<\/strong><\/td>\n<td style=\"height: 23px;\">Dost\u0119pne r\u00f3\u017cne opcje<\/td>\n<\/tr>\n<tr style=\"height: 23px;\">\n<td style=\"height: 23px;\"><strong>Maksymalne ci\u015bnienie<\/strong><\/td>\n<td style=\"height: 23px;\">Do 3000 PSI<\/td>\n<\/tr>\n<tr style=\"height: 23px;\">\n<td style=\"height: 23px;\"><strong>Tworzywo<\/strong><\/td>\n<td style=\"height: 23px;\">Wysokiej jako\u015bci stal lub aluminium<\/td>\n<\/tr>\n<tr style=\"height: 23px;\">\n<td style=\"height: 23px;\"><strong>Typ po\u0142\u0105czenia<\/strong><\/td>\n<td style=\"height: 23px;\">Ko\u0142nierzowe lub gwintowane<\/td>\n<\/tr>\n<\/tbody>\n<\/table>\n<h4>Zasada dzia\u0142ania:<\/h4>\n<p>Si\u0142ownik hydrauliczny do przyczep 10016 dzia\u0142a w oparciu o zasad\u0119 ci\u015bnienia p\u0142ynu hydraulicznego. Po wt\u0142oczeniu p\u0142ynu hydraulicznego do cylindra, wywiera on si\u0142\u0119 na t\u0142ok, umo\u017cliwiaj\u0105c kontrolowane podnoszenie i opuszczanie skrzyni \u0142adunkowej przyczepy. To efektywne przeniesienie mocy zapewnia rolnikom \u0142atwo\u015b\u0107 i precyzj\u0119 obs\u0142ugi ci\u0119\u017ckich \u0142adunk\u00f3w.<\/p>\n<p>Si\u0142ownik hydrauliczny do przyczep 10016, kt\u00f3ry cieszy si\u0119 du\u017c\u0105 popularno\u015bci\u0105, to niezawodne i wydajne rozwi\u0105zanie usprawniaj\u0105ce prac\u0119 przyczep rolniczych. Jego solidna konstrukcja, \u0142atwo\u015b\u0107 obs\u0142ugi i wszechstronno\u015b\u0107 sprawiaj\u0105, \u017ce jest to niezast\u0105pione narz\u0119dzie dla rolnik\u00f3w, kt\u00f3rzy chc\u0105 zwi\u0119kszy\u0107 swoj\u0105 produktywno\u015b\u0107 i wydajno\u015b\u0107 w polu.<\/p>\n<h3>Cz\u0119sto zadawane pytania<\/h3>\n<p>\u2013 Czy si\u0142owniki hydrauliczne przyczepy mo\u017cna dostosowa\u0107?<br \/>\nTak, oferujemy dostosowanie do Twoich specyfikacji i wymaga\u0144.<\/p>\n<p>\u2013 Jaka jest no\u015bno\u015b\u0107 si\u0142ownika hydraulicznego przyczepy?<br \/>\nNo\u015bno\u015b\u0107 zale\u017cy od modelu. Wi\u0119cej informacji mo\u017cna znale\u017a\u0107 w opisie produktu.<\/p>\n<p>\u2013 Jak dzia\u0142a si\u0142ownik hydrauliczny przyczepy?<br \/>\nCylindry hydrauliczne dzia\u0142aj\u0105 w oparciu o zasad\u0119 mechaniki p\u0142yn\u00f3w. Pod wp\u0142ywem ci\u015bnienia do p\u0142ynu w cylindrze powstaje si\u0142a, kt\u00f3ra mo\u017ce przesuwa\u0107 ci\u0119\u017ckie obiekty.<\/p>\n<p>\u2013 Jaka jest efektywno\u015b\u0107 energetyczna tych cylindr\u00f3w?<br \/>\nNasze si\u0142owniki hydrauliczne do przyczep zaprojektowano tak, aby zu\u017cywa\u0142y mniej energii, dzi\u0119ki czemu s\u0105 ekonomiczne i przyjazne dla \u015brodowiska.<\/p>\n<p>\u2013 Czy te butle s\u0105 bezpieczne?<br \/>\nTak, nasze cylindry s\u0105 wykonane z materia\u0142\u00f3w najwy\u017cszej jako\u015bci i przy wykorzystaniu zaawansowanej technologii, co gwarantuje bezpiecze\u0144stwo i niezawodn\u0105 prac\u0119.<\/p>\n<h2>Zalety cylindra spawanego typu tr\u00f3jnikowego<\/h2>\n<ul>\n<li style=\"list-style-type: none;\">\n<ul>\n<li><strong>Zwi\u0119kszona si\u0142a:<\/strong> Spawane cylindry typu tee s\u0105 znane ze swojej wysokiej wytrzyma\u0142o\u015bci, dzi\u0119ki czemu nadaj\u0105 si\u0119 do zastosowa\u0144 wymagaj\u0105cych podnoszenia ci\u0119\u017car\u00f3w. Proces spawania stosowany podczas produkcji tych cylindr\u00f3w zapewnia, \u017ce cylinder jest wolny od s\u0142abych punkt\u00f3w i mo\u017ce wytrzyma\u0107 wysokie ci\u015bnienie i napr\u0119\u017cenia.<\/li>\n<\/ul>\n<\/li>\n<\/ul>\n<p>Gdy na cylinder wywierany jest nacisk, rozprowadza si\u0119 on r\u00f3wnomiernie po ca\u0142ej powierzchni, co czyni go odpornym na odkszta\u0142cenia. Ta cecha zapewnia, \u017ce cylinder mo\u017ce zachowa\u0107 sw\u00f3j kszta\u0142t i integralno\u015b\u0107 strukturaln\u0105 nawet w ekstremalnych warunkach.<\/p>\n<ul>\n<li style=\"list-style-type: none;\">\n<ul>\n<li><strong>Zapobieganie wyciekom:<\/strong> Spawane cylindry typu tee s\u0105 zaprojektowane tak, aby zapobiega\u0107 wyciekom. Proces spawania stosowany podczas procesu produkcji zapewnia, \u017ce cylinder jest ca\u0142kowicie szczelny i wolny od wszelkich mo\u017cliwych wyciek\u00f3w. Ta cecha sprawia, \u017ce nadaj\u0105 si\u0119 do stosowania w zastosowaniach, w kt\u00f3rych wyciek m\u00f3g\u0142by spowodowa\u0107 powa\u017cne uszkodzenia lub obra\u017cenia.<\/li>\n<\/ul>\n<\/li>\n<\/ul>\n<p>Po\u0142\u0105czenia spawane s\u0105 g\u0142adkie, bez szczelin czy rowk\u00f3w, w kt\u00f3rych mog\u0142yby gromadzi\u0107 si\u0119 zanieczyszczenia lub brud, co zmniejsza ryzyko korozji i uszkodzenia cylindra.<\/p>\n<ul>\n<li style=\"list-style-type: none;\">\n<ul>\n<li><strong>Mo\u017cliwo\u015b\u0107 dostosowania:<\/strong> Spawane cylindry typu tee mo\u017cna dostosowa\u0107 do konkretnych zastosowa\u0144. Cylindry s\u0105 dost\u0119pne w r\u00f3\u017cnych rozmiarach i kszta\u0142tach i mog\u0105 by\u0107 wytwarzane tak, aby spe\u0142nia\u0142y konkretne wymagania danego zastosowania.<\/li>\n<\/ul>\n<\/li>\n<\/ul>\n<p>Proces dostosowywania pozwala na optymalizacj\u0119 wydajno\u015bci cylindra, zapewniaj\u0105c, \u017ce jest on odpowiedni do zamierzonego zastosowania. Ta cecha sprawia, \u017ce spawane cylindry typu tee s\u0105 idealne do stosowania w r\u00f3\u017cnych zastosowaniach przemys\u0142owych, w tym w budownictwie, g\u00f3rnictwie i transporcie materia\u0142\u00f3w.<\/p>\n<ul>\n<li style=\"list-style-type: none;\">\n<ul>\n<li><strong>Op\u0142acalno\u015b\u0107:<\/strong> Spawane cylindry typu tee s\u0105 op\u0142acalne w por\u00f3wnaniu do innych typ\u00f3w cylindr\u00f3w. Proces produkcji tych cylindr\u00f3w jest prosty, co czyni je ta\u0144szymi od innych typ\u00f3w cylindr\u00f3w.<\/li>\n<\/ul>\n<\/li>\n<\/ul>\n<p>Ponadto wysoka wytrzyma\u0142o\u015b\u0107 i trwa\u0142o\u015b\u0107 spawanych cylindr\u00f3w typu tee zmniejszaj\u0105 potrzeb\u0119 cz\u0119stych napraw i wymian, co pozwala zaoszcz\u0119dzi\u0107 na kosztach konserwacji. Ta cecha sprawia, \u017ce s\u0105 one popularnym wyborem dla wielu bran\u017c, szczeg\u00f3lnie tych o ograniczonym bud\u017cecie.<\/p>\n<ul>\n<li style=\"list-style-type: none;\">\n<ul>\n<li><strong>Zwi\u0119kszona wydajno\u015b\u0107:<\/strong> Spawane cylindry typu tee s\u0105 wysoce wydajne i skuteczne. Konstrukcja cylindra zapewnia, \u017ce si\u0142a przy\u0142o\u017cona jest przenoszona bezpo\u015brednio na obci\u0105\u017cenie, co zmniejsza straty energii i zwi\u0119ksza wydajno\u015b\u0107.<\/li>\n<\/ul>\n<\/li>\n<\/ul>\n<p>Spawane po\u0142\u0105czenia s\u0105 mocne i sztywne, minimalizuj\u0105c ugi\u0119cie i zapewniaj\u0105c, \u017ce cylinder zachowuje sw\u00f3j kszta\u0142t i integralno\u015b\u0107 strukturaln\u0105 nawet w ekstremalnych warunkach. Ta cecha sprawia, \u017ce spawane cylindry typu tee s\u0105 idealne do zastosowa\u0144 wymagaj\u0105cych wysokiej wydajno\u015bci i niezawodno\u015bci.<\/p>\n<h2>Zastosowanie cylindra spawanego typu tr\u00f3jnikowego<\/h2>\n<h3>Wst\u0119p<\/h3>\n<p>Si\u0142ownik typu spawany tr\u00f3jnik to rodzaj si\u0142ownika hydraulicznego powszechnie stosowanego w zastosowaniach przemys\u0142owych. Zosta\u0142 zaprojektowany w celu zapewnienia du\u017cej si\u0142y wyj\u015bciowej w kompaktowej i ekonomicznej obudowie. Ten typ si\u0142ownika sk\u0142ada si\u0119 ze spawanego tr\u00f3jnika i t\u0142oczyska przymocowanego do tr\u00f3jnika. Tr\u00f3jnik jest po\u0142\u0105czony z cylindrem cylindra i zawiera t\u0142ok, kt\u00f3ry porusza si\u0119 tam i z powrotem wewn\u0105trz cylindra, generuj\u0105c si\u0142\u0119.<\/p>\n<h3>Zalety cylindra spawanego typu tr\u00f3jnikowego<\/h3>\n<p>Stosowanie cylindr\u00f3w spawanych typu T w zastosowaniach przemys\u0142owych niesie ze sob\u0105 szereg zalet:<\/p>\n<ul>\n<li><b>Kompaktowa konstrukcja:<\/b> Cylindry spawane typu T s\u0105 zaprojektowane tak, aby by\u0142y kompaktowe, dzi\u0119ki czemu idealnie nadaj\u0105 si\u0119 do stosowania w miejscach o ograniczonej przestrzeni.<\/li>\n<li><b>Wysoka wydajno\u015b\u0107:<\/b> Cylindry spawane typu T s\u0105 bardzo wydajne, co oznacza, \u017ce \u200b\u200bmog\u0105 generowa\u0107 du\u017c\u0105 si\u0142\u0119 przy minimalnym nak\u0142adzie energii.<\/li>\n<li><b>Wytrzyma\u0142y:<\/b> Cylindry spawane typu T s\u0105 zaprojektowane tak, aby by\u0142y bardzo trwa\u0142e, co oznacza, \u017ce \u200b\u200bmog\u0105 wytrzyma\u0107 trudne warunki pracy i s\u0142u\u017cy\u0107 przez d\u0142ugi czas.<\/li>\n<li><b>Op\u0142acalne:<\/b> Cylindry spawane typu T s\u0105 ekonomiczne, co oznacza, \u017ce \u200b\u200boferuj\u0105 dobry stosunek jako\u015bci do ceny.<\/li>\n<\/ul>\n<h3>Zastosowania cylindr\u00f3w spawanych typu tr\u00f3jnikowego<\/h3>\n<p>Istnieje wiele zastosowa\u0144 dla cylindr\u00f3w spawanych typu T w r\u00f3\u017cnych ga\u0142\u0119ziach przemys\u0142u, w tym:<\/p>\n<ul>\n<li><b>Produkcja:<\/b> Cylindry spawane typu T s\u0105 wykorzystywane w produkcji do obs\u0142ugi maszyn, przenoszenia ci\u0119\u017ckich \u0142adunk\u00f3w i kszta\u0142towania cz\u0119\u015bci metalowych.<\/li>\n<li><b>Rolnictwo:<\/b> Cylindry typu T spawane stosowane s\u0105 w rolnictwie do obs\u0142ugi uk\u0142ad\u00f3w hydraulicznych w ci\u0105gnikach, kombajnach i innym sprz\u0119cie rolniczym.<\/li>\n<li><b>Budowa:<\/b> Cylindry typu T spawane s\u0105 stosowane w budownictwie do obs\u0142ugi maszyn takich jak d\u017awigi, koparki i koparki podsi\u0119bierne.<\/li>\n<li><b>G\u00f3rnictwo:<\/b> Cylindry typu T spawane s\u0105 stosowane w g\u00f3rnictwie do obs\u0142ugi uk\u0142ad\u00f3w hydraulicznych ci\u0119\u017ckiego sprz\u0119tu, takiego jak buldo\u017cery, \u0142adowarki i wiertnice do ska\u0142.<\/li>\n<li><b>Transport:<\/b> Cylindry typu T spawane s\u0105 stosowane w transporcie do obs\u0142ugi uk\u0142ad\u00f3w hydraulicznych w ci\u0119\u017car\u00f3wkach, autobusach i innych pojazdach.<\/li>\n<\/ul>\n<p>Podsumowuj\u0105c, spawane cylindry typu T s\u0105 wa\u017cnym elementem w wielu zastosowaniach przemys\u0142owych. Zaprojektowano je tak, aby by\u0142y kompaktowe, wydajne, trwa\u0142e i ekonomiczne, co czyni je idealnym wyborem do szerokiego zakresu zastosowa\u0144. Niezale\u017cnie od tego, czy obs\u0142ugujesz maszyny w zak\u0142adzie produkcyjnym, sprz\u0119t rolniczy w gospodarstwie rolnym, czy ci\u0119\u017cki sprz\u0119t w kopalni, spawane cylindry typu T pomog\u0105 Ci wykona\u0107 zadanie sprawnie i skutecznie.<\/p>\n<p><img loading=\"lazy\" decoding=\"async\" class=\"size-full wp-image-974 aligncenter\" src=\"https:\/\/fmp-components.com\/wp-content\/uploads\/2024\/12\/application-of-Welded-Tee-Type-Cylinder.webp\" alt=\"zastosowanie cylindra spawanego typu tr\u00f3jnika\" width=\"760\" height=\"860\" title=\"\" srcset=\"https:\/\/fmp-components.com\/wp-content\/uploads\/2024\/12\/application-of-Welded-Tee-Type-Cylinder.webp 760w, https:\/\/fmp-components.com\/wp-content\/uploads\/2024\/12\/application-of-Welded-Tee-Type-Cylinder-480x543.webp 480w\" sizes=\"(min-width: 0px) and (max-width: 480px) 480px, (min-width: 481px) 760px, 100vw\" \/><\/p>\n<h3>O FMP<\/h3>\n<p>Firma FMP, z ponad 30-letnim do\u015bwiadczeniem we W\u0142oszech, jest wiod\u0105cym producentem i sprzedawc\u0105 r\u00f3\u017cnego rodzaju si\u0142ownik\u00f3w hydraulicznych. Z dum\u0105 oferujemy rozwi\u0105zania dostosowane do indywidualnych potrzeb naszych klient\u00f3w. Dysponuj\u0105c ponad 100 najnowocze\u015bniejszymi urz\u0105dzeniami, w tym automatycznymi spawarkami w os\u0142onie gaz\u00f3w ochronnych, wiertarkami do g\u0142\u0119bokich otwor\u00f3w, tokarkami CNC, szlifierkami do wa\u0142k\u00f3w, automatycznymi maszynami czyszcz\u0105cymi, automatycznymi maszynami monta\u017cowymi, automatycznymi stanowiskami do testowania wydajno\u015bci si\u0142ownik\u00f3w hydraulicznych oraz automatycznymi liniami lakierniczymi, gwarantujemy najwy\u017csze standardy jako\u015bci naszych produkt\u00f3w.<\/p>\n<p><strong>1) Us\u0142uga projektowa:<\/strong> Nasz do\u015bwiadczony zesp\u00f3\u0142 projektowy specjalizuje si\u0119 w projektowaniu i rozwoju produkt\u00f3w. Niezale\u017cnie od tego, czy potrzebujesz nowych produkt\u00f3w, czy ulepsze\u0144 istniej\u0105cych, jeste\u015bmy do Twojej dyspozycji.<\/p>\n<p><strong>2) Us\u0142uga produktowa:<\/strong> Od surowc\u00f3w, przez ci\u0119cie, obr\u00f3bk\u0119 wst\u0119pn\u0105, testowanie, czyszczenie, monta\u017c, pakowanie i transport, skrupulatnie nadzorujemy ka\u017cdy etap, aby zagwarantowa\u0107 najwy\u017csz\u0105 jako\u015b\u0107.<\/p>\n<p><strong>3) Proces przyk\u0142adowy:<\/strong> Mo\u017cemy przygotowa\u0107 pr\u00f3bki zgodnie z Pa\u0144stwa indywidualnymi wymaganiami i stale je modyfikowa\u0107, aby spe\u0142ni\u0107 Pa\u0144stwa oczekiwania. Pa\u0144stwa satysfakcja jest naszym priorytetem.<\/p>\n<p><strong>4) Badania i rozw\u00f3j:<\/strong> Koncentruj\u0105c si\u0119 na trendach rynkowych i wymaganiach klient\u00f3w, nieustannie badamy nowe potrzeby i opracowujemy innowacyjne modele si\u0142ownik\u00f3w hydraulicznych.<\/p>\n<p><strong>5) \u015acis\u0142e przetwarzanie i kontrola:<\/strong> Ka\u017cdy cylinder hydrauliczny przechodzi rygorystyczn\u0105 obr\u00f3bk\u0119 i kontrol\u0119, aby zagwarantowa\u0107 naszym cenionym klientom wyj\u0105tkow\u0105 jako\u015b\u0107 i niezawodno\u015b\u0107.<\/p>\n<p><img decoding=\"async\" src=\"https:\/\/fmp-components.com\/wp-content\/uploads\/2024\/12\/fmp-factory-4.webp\" alt=\"Fabryka FMP\" width=\"800\" title=\"\"><br \/>\nAutor:CX<\/p>","protected":false},"excerpt":{"rendered":"<p>The 10016 Hot Selling Trailer Hydraulic Cylinder is expertly designed to enhance the functionality of agricultural trailers, providing reliable performance and robust durability. This hydraulic cylinder is an essential component for farmers looking to maximize efficiency and ease of operation in their agricultural activities. Key Features: Efficient Hydraulic Performance: The 10016 hydraulic cylinder is engineered [&hellip;]<\/p>","protected":false},"featured_media":1132,"comment_status":"closed","ping_status":"closed","template":"","meta":{"_et_pb_use_builder":"","_et_pb_old_content":"","_et_gb_content_width":""},"product_brand":[],"product_cat":[31],"product_tag":[34,35],"class_list":{"0":"post-936","1":"product","2":"type-product","3":"status-publish","4":"has-post-thumbnail","6":"product_cat-welded-tee-type-cylinder","7":"product_tag-hydraulic-cylinder","8":"product_tag-welded-tee-type-cylinder","10":"first","11":"instock","12":"product-type-simple"},"_links":{"self":[{"href":"https:\/\/fmp-components.com\/pl\/wp-json\/wp\/v2\/product\/936","targetHints":{"allow":["GET"]}}],"collection":[{"href":"https:\/\/fmp-components.com\/pl\/wp-json\/wp\/v2\/product"}],"about":[{"href":"https:\/\/fmp-components.com\/pl\/wp-json\/wp\/v2\/types\/product"}],"replies":[{"embeddable":true,"href":"https:\/\/fmp-components.com\/pl\/wp-json\/wp\/v2\/comments?post=936"}],"wp:featuredmedia":[{"embeddable":true,"href":"https:\/\/fmp-components.com\/pl\/wp-json\/wp\/v2\/media\/1132"}],"wp:attachment":[{"href":"https:\/\/fmp-components.com\/pl\/wp-json\/wp\/v2\/media?parent=936"}],"wp:term":[{"taxonomy":"product_brand","embeddable":true,"href":"https:\/\/fmp-components.com\/pl\/wp-json\/wp\/v2\/product_brand?post=936"},{"taxonomy":"product_cat","embeddable":true,"href":"https:\/\/fmp-components.com\/pl\/wp-json\/wp\/v2\/product_cat?post=936"},{"taxonomy":"product_tag","embeddable":true,"href":"https:\/\/fmp-components.com\/pl\/wp-json\/wp\/v2\/product_tag?post=936"}],"curies":[{"name":"wp","href":"https:\/\/api.w.org\/{rel}","templated":true}]}}