{"id":935,"date":"2024-12-19T03:39:00","date_gmt":"2024-12-19T03:39:00","guid":{"rendered":"https:\/\/fmp-components.com\/product\/10015-factory-price-small-double-acting-hydraulic-piston-cylinder-for-agriculture\/"},"modified":"2024-12-19T09:04:10","modified_gmt":"2024-12-19T09:04:10","slug":"10015-factory-price-small-double-acting-hydraulic-piston-cylinder-for-agriculture","status":"publish","type":"product","link":"https:\/\/fmp-components.com\/pl\/product\/10015-factory-price-small-double-acting-hydraulic-piston-cylinder-for-agriculture\/","title":{"rendered":"10015 Cena fabryczna Ma\u0142y dwustronnego dzia\u0142ania hydrauliczny si\u0142ownik t\u0142okowy do rolnictwa"},"content":{"rendered":"<p>Ma\u0142y si\u0142ownik hydrauliczny dwustronnego dzia\u0142ania o numerze 10015 w cenie fabrycznej zosta\u0142 zaprojektowany specjalnie z my\u015bl\u0105 o wymagaj\u0105cych zastosowaniach rolniczych. \u0141\u0105cz\u0105c wysok\u0105 wydajno\u015b\u0107 z przyst\u0119pn\u0105 cen\u0105, ten si\u0142ownik hydrauliczny jest niezb\u0119dnym narz\u0119dziem do zwi\u0119kszenia wydajno\u015bci i produktywno\u015bci w rolnictwie.<\/p>\n<h4>G\u0142\u00f3wne cechy:<\/h4>\n<ul>\n<li><strong>Mechanizm dwustronnego dzia\u0142ania:<\/strong><br \/>\nTen hydrauliczny si\u0142ownik t\u0142okowy dzia\u0142a zar\u00f3wno w pozycji wysuwanej, jak i wsuwanej, zapewniaj\u0105c wszechstronn\u0105 funkcjonalno\u015b\u0107 w szerokim zakresie zada\u0144 rolniczych. Konstrukcja dwustronnego dzia\u0142ania gwarantuje p\u0142ynny i kontrolowany ruch, dzi\u0119ki czemu idealnie nadaje si\u0119 do zastosowa\u0144 takich jak podnoszenie, pchanie i ci\u0105gni\u0119cie.<\/li>\n<li><strong>Kompaktowy i lekki:<\/strong><br \/>\nNiewielkie rozmiary si\u0142ownika 10015 pozwalaj\u0105 na \u0142atwy monta\u017c w ciasnych przestrzeniach bez utraty wydajno\u015bci. Jego lekka konstrukcja u\u0142atwia manewrowanie, dzi\u0119ki czemu nadaje si\u0119 do r\u00f3\u017cnych maszyn i urz\u0105dze\u0144 rolniczych.<\/li>\n<li><strong>Rozwi\u0105zanie ekonomiczne:<\/strong><br \/>\nOferowany w cenie fabrycznej, ten hydrauliczny si\u0142ownik t\u0142okowy zapewnia doskona\u0142y stosunek jako\u015bci do ceny. Zosta\u0142 zaprojektowany z my\u015bl\u0105 o niezawodnej pracy i pomaganiu rolnikom w efektywnym zarz\u0105dzaniu kosztami.<\/li>\n<li><strong>Trwa\u0142a konstrukcja:<\/strong><br \/>\nWykonany z wysokiej jako\u015bci materia\u0142\u00f3w si\u0142ownik hydrauliczny 10015 zosta\u0142 zaprojektowany z my\u015bl\u0105 o trwa\u0142o\u015bci i d\u0142ugowieczno\u015bci. Jest w stanie sprosta\u0107 trudom panuj\u0105cym w rolnictwie, gwarantuj\u0105c sta\u0142\u0105 wydajno\u015b\u0107 nawet w trudnych warunkach.<\/li>\n<li><strong>Wysoka \u0142adowno\u015b\u0107:<\/strong><br \/>\nTen si\u0142ownik hydrauliczny zosta\u0142 zaprojektowany do obs\u0142ugi du\u017cych obci\u0105\u017ce\u0144, zapewniaj\u0105c si\u0142\u0119 niezb\u0119dn\u0105 do wydajnej pracy. Jego du\u017ca no\u015bno\u015b\u0107 zwi\u0119ksza wydajno\u015b\u0107 podczas prac takich jak uprawa roli, podnoszenie narz\u0119dzi i obs\u0142uga osprz\u0119tu.<\/li>\n<\/ul>\n<p><img decoding=\"async\" src=\"https:\/\/hzpt.com\/wp-content\/uploads\/2023\/12\/random-2.webp\" alt=\"\" title=\"\"><\/p>\n<h4>Dane techniczne:<\/h4>\n<table style=\"width: 95.4545%; height: 176px;\">\n<thead>\n<tr>\n<th>Specyfikacja<\/th>\n<th>Opis<\/th>\n<\/tr>\n<\/thead>\n<tbody>\n<tr>\n<td><strong>Rozmiar otworu<\/strong><\/td>\n<td>Mo\u017cliwo\u015b\u0107 dostosowania<\/td>\n<\/tr>\n<tr>\n<td><strong>D\u0142ugo\u015b\u0107 skoku<\/strong><\/td>\n<td>Dost\u0119pne r\u00f3\u017cne opcje<\/td>\n<\/tr>\n<tr>\n<td><strong>Maksymalne ci\u015bnienie<\/strong><\/td>\n<td>Do 3000 PSI<\/td>\n<\/tr>\n<tr>\n<td><strong>Tworzywo<\/strong><\/td>\n<td>Wysokiej jako\u015bci stal lub aluminium<\/td>\n<\/tr>\n<tr>\n<td><strong>Typ po\u0142\u0105czenia<\/strong><\/td>\n<td>Ko\u0142nierzowe lub gwintowane<\/td>\n<\/tr>\n<\/tbody>\n<\/table>\n<h4>Zasada dzia\u0142ania:<\/h4>\n<p>Ma\u0142y si\u0142ownik hydrauliczny dwustronnego dzia\u0142ania 10015 dzia\u0142a na zasadzie ci\u015bnienia p\u0142ynu hydraulicznego. Po wt\u0142oczeniu p\u0142ynu hydraulicznego do cylindra, wywiera on si\u0142\u0119 na t\u0142ok, generuj\u0105c ruch liniowy w obu kierunkach. Ta funkcja pozwala na wydajn\u0105 i precyzyjn\u0105 kontrol\u0119 r\u00f3\u017cnych operacji rolniczych, zwi\u0119kszaj\u0105c og\u00f3ln\u0105 efektywno\u015b\u0107.<\/p>\n<p>Ma\u0142y si\u0142ownik hydrauliczny dwustronnego dzia\u0142ania o numerze 10015 w cenie fabrycznej to niezawodne i ekonomiczne rozwi\u0105zanie do zastosowa\u0144 rolniczych. Jego trwa\u0142a konstrukcja, kompaktowa budowa i du\u017ca no\u015bno\u015b\u0107 sprawiaj\u0105, \u017ce jest on nieocenionym uzupe\u0142nieniem ka\u017cdego gospodarstwa rolnego, przyczyniaj\u0105c si\u0119 do poprawy wydajno\u015bci i efektywno\u015bci pracy w polu.<\/p>\n<h2>Cz\u0119sto zadawane pytania<\/h2>\n<p>P1: Jaka jest no\u015bno\u015b\u0107 tego si\u0142ownika t\u0142okowego hydraulicznego?<\/p>\n<p>A1: Cylinder jest w stanie wytrzyma\u0107 du\u017ce obci\u0105\u017cenia.<\/p>\n<p>P2: Czy si\u0142ownik t\u0142okowy hydrauliczny jest \u0142atwy w monta\u017cu?<br \/>\n<img decoding=\"async\" src=\"https:\/\/hzpt.com\/wp-content\/uploads\/2023\/12\/random-3.webp\" alt=\"\" title=\"\"><\/p>\n<p>A2: Tak, do naszego produktu do\u0142\u0105czona jest szczeg\u00f3\u0142owa instrukcja instalacji.<\/p>\n<p>P3: Jak cz\u0119sto nale\u017cy wymienia\u0107 olej hydrauliczny?<\/p>\n<p>A3: Olej nale\u017cy wymienia\u0107 zgodnie z dostarczon\u0105 instrukcj\u0105 u\u017cytkowania i konserwacji.<\/p>\n<p>P4: Jaka jest pojemno\u015b\u0107 cylindra t\u0142okowego hydraulicznego?<\/p>\n<p>A4: Nasz hydrauliczny si\u0142ownik t\u0142okowy charakteryzuje si\u0119 du\u017c\u0105 wydajno\u015bci\u0105.<\/p>\n<p>P5: Do jakich typ\u00f3w maszyn nadaje si\u0119 ten si\u0142ownik t\u0142okowy hydrauliczny?<\/p>\n<p>A5: Jest on specjalnie zaprojektowany do maszyn rolniczych.<\/p>\n<h2>Zalety cylindra spawanego typu tr\u00f3jnikowego<\/h2>\n<ul>\n<li style=\"list-style-type: none;\">\n<ul>\n<li><strong>Zwi\u0119kszona si\u0142a:<\/strong> Spawane cylindry typu tee s\u0105 znane ze swojej wysokiej wytrzyma\u0142o\u015bci, dzi\u0119ki czemu nadaj\u0105 si\u0119 do zastosowa\u0144 wymagaj\u0105cych podnoszenia ci\u0119\u017car\u00f3w. Proces spawania stosowany podczas produkcji tych cylindr\u00f3w zapewnia, \u017ce cylinder jest wolny od s\u0142abych punkt\u00f3w i mo\u017ce wytrzyma\u0107 wysokie ci\u015bnienie i napr\u0119\u017cenia.<\/li>\n<\/ul>\n<\/li>\n<\/ul>\n<p>Gdy na cylinder wywierany jest nacisk, rozprowadza si\u0119 on r\u00f3wnomiernie po ca\u0142ej powierzchni, co czyni go odpornym na odkszta\u0142cenia. Ta cecha zapewnia, \u017ce cylinder mo\u017ce zachowa\u0107 sw\u00f3j kszta\u0142t i integralno\u015b\u0107 strukturaln\u0105 nawet w ekstremalnych warunkach.<\/p>\n<ul>\n<li style=\"list-style-type: none;\">\n<ul>\n<li><strong>Zapobieganie wyciekom:<\/strong> Spawane cylindry typu tee s\u0105 zaprojektowane tak, aby zapobiega\u0107 wyciekom. Proces spawania stosowany podczas procesu produkcji zapewnia, \u017ce cylinder jest ca\u0142kowicie szczelny i wolny od wszelkich mo\u017cliwych wyciek\u00f3w. Ta cecha sprawia, \u017ce nadaj\u0105 si\u0119 do stosowania w zastosowaniach, w kt\u00f3rych wyciek m\u00f3g\u0142by spowodowa\u0107 powa\u017cne uszkodzenia lub obra\u017cenia.<\/li>\n<\/ul>\n<\/li>\n<\/ul>\n<p>Po\u0142\u0105czenia spawane s\u0105 g\u0142adkie, bez szczelin czy rowk\u00f3w, w kt\u00f3rych mog\u0142yby gromadzi\u0107 si\u0119 zanieczyszczenia lub brud, co zmniejsza ryzyko korozji i uszkodzenia cylindra.<\/p>\n<ul>\n<li style=\"list-style-type: none;\">\n<ul>\n<li><strong>Mo\u017cliwo\u015b\u0107 dostosowania:<\/strong> Spawane cylindry typu tee mo\u017cna dostosowa\u0107 do konkretnych zastosowa\u0144. Cylindry s\u0105 dost\u0119pne w r\u00f3\u017cnych rozmiarach i kszta\u0142tach i mog\u0105 by\u0107 wytwarzane tak, aby spe\u0142nia\u0142y konkretne wymagania danego zastosowania.<\/li>\n<\/ul>\n<\/li>\n<\/ul>\n<p>Proces dostosowywania pozwala na optymalizacj\u0119 wydajno\u015bci cylindra, zapewniaj\u0105c, \u017ce jest on odpowiedni do zamierzonego zastosowania. Ta cecha sprawia, \u017ce spawane cylindry typu tee s\u0105 idealne do stosowania w r\u00f3\u017cnych zastosowaniach przemys\u0142owych, w tym w budownictwie, g\u00f3rnictwie i transporcie materia\u0142\u00f3w.<\/p>\n<ul>\n<li style=\"list-style-type: none;\">\n<ul>\n<li><strong>Op\u0142acalno\u015b\u0107:<\/strong> Spawane cylindry typu tee s\u0105 op\u0142acalne w por\u00f3wnaniu do innych typ\u00f3w cylindr\u00f3w. Proces produkcji tych cylindr\u00f3w jest prosty, co czyni je ta\u0144szymi od innych typ\u00f3w cylindr\u00f3w.<\/li>\n<\/ul>\n<\/li>\n<\/ul>\n<p>Ponadto wysoka wytrzyma\u0142o\u015b\u0107 i trwa\u0142o\u015b\u0107 spawanych cylindr\u00f3w typu tee zmniejszaj\u0105 potrzeb\u0119 cz\u0119stych napraw i wymian, co pozwala zaoszcz\u0119dzi\u0107 na kosztach konserwacji. Ta cecha sprawia, \u017ce s\u0105 one popularnym wyborem dla wielu bran\u017c, szczeg\u00f3lnie tych o ograniczonym bud\u017cecie.<\/p>\n<ul>\n<li style=\"list-style-type: none;\">\n<ul>\n<li><strong>Zwi\u0119kszona wydajno\u015b\u0107:<\/strong> Spawane cylindry typu tee s\u0105 wysoce wydajne i skuteczne. Konstrukcja cylindra zapewnia, \u017ce si\u0142a przy\u0142o\u017cona jest przenoszona bezpo\u015brednio na obci\u0105\u017cenie, co zmniejsza straty energii i zwi\u0119ksza wydajno\u015b\u0107.<\/li>\n<\/ul>\n<\/li>\n<\/ul>\n<p>Spawane po\u0142\u0105czenia s\u0105 mocne i sztywne, minimalizuj\u0105c ugi\u0119cie i zapewniaj\u0105c, \u017ce cylinder zachowuje sw\u00f3j kszta\u0142t i integralno\u015b\u0107 strukturaln\u0105 nawet w ekstremalnych warunkach. Ta cecha sprawia, \u017ce spawane cylindry typu tee s\u0105 idealne do zastosowa\u0144 wymagaj\u0105cych wysokiej wydajno\u015bci i niezawodno\u015bci.<\/p>\n<h2>Zastosowanie cylindra spawanego typu tr\u00f3jnikowego<\/h2>\n<h3>Wst\u0119p<\/h3>\n<p>Si\u0142ownik typu spawany tr\u00f3jnik to rodzaj si\u0142ownika hydraulicznego powszechnie stosowanego w zastosowaniach przemys\u0142owych. Zosta\u0142 zaprojektowany w celu zapewnienia du\u017cej si\u0142y wyj\u015bciowej w kompaktowej i ekonomicznej obudowie. Ten typ si\u0142ownika sk\u0142ada si\u0119 ze spawanego tr\u00f3jnika i t\u0142oczyska przymocowanego do tr\u00f3jnika. Tr\u00f3jnik jest po\u0142\u0105czony z cylindrem cylindra i zawiera t\u0142ok, kt\u00f3ry porusza si\u0119 tam i z powrotem wewn\u0105trz cylindra, generuj\u0105c si\u0142\u0119.<\/p>\n<h3>Zalety cylindra spawanego typu tr\u00f3jnikowego<\/h3>\n<p>Stosowanie cylindr\u00f3w spawanych typu T w zastosowaniach przemys\u0142owych niesie ze sob\u0105 szereg zalet:<\/p>\n<ul>\n<li><b>Kompaktowa konstrukcja:<\/b> Cylindry spawane typu T s\u0105 zaprojektowane tak, aby by\u0142y kompaktowe, dzi\u0119ki czemu idealnie nadaj\u0105 si\u0119 do stosowania w miejscach o ograniczonej przestrzeni.<\/li>\n<li><b>Wysoka wydajno\u015b\u0107:<\/b> Cylindry spawane typu T s\u0105 bardzo wydajne, co oznacza, \u017ce \u200b\u200bmog\u0105 generowa\u0107 du\u017c\u0105 si\u0142\u0119 przy minimalnym nak\u0142adzie energii.<\/li>\n<li><b>Wytrzyma\u0142y:<\/b> Cylindry spawane typu T s\u0105 zaprojektowane tak, aby by\u0142y bardzo trwa\u0142e, co oznacza, \u017ce \u200b\u200bmog\u0105 wytrzyma\u0107 trudne warunki pracy i s\u0142u\u017cy\u0107 przez d\u0142ugi czas.<\/li>\n<li><b>Op\u0142acalne:<\/b> Cylindry spawane typu T s\u0105 ekonomiczne, co oznacza, \u017ce \u200b\u200boferuj\u0105 dobry stosunek jako\u015bci do ceny.<\/li>\n<\/ul>\n<h3>Zastosowania cylindr\u00f3w spawanych typu tr\u00f3jnikowego<\/h3>\n<p>Istnieje wiele zastosowa\u0144 dla cylindr\u00f3w spawanych typu T w r\u00f3\u017cnych ga\u0142\u0119ziach przemys\u0142u, w tym:<\/p>\n<ul>\n<li><b>Produkcja:<\/b> Cylindry spawane typu T s\u0105 wykorzystywane w produkcji do obs\u0142ugi maszyn, przenoszenia ci\u0119\u017ckich \u0142adunk\u00f3w i kszta\u0142towania cz\u0119\u015bci metalowych.<\/li>\n<li><b>Rolnictwo:<\/b> Cylindry typu T spawane stosowane s\u0105 w rolnictwie do obs\u0142ugi uk\u0142ad\u00f3w hydraulicznych w ci\u0105gnikach, kombajnach i innym sprz\u0119cie rolniczym.<\/li>\n<li><b>Budowa:<\/b> Cylindry typu T spawane s\u0105 stosowane w budownictwie do obs\u0142ugi maszyn takich jak d\u017awigi, koparki i koparki podsi\u0119bierne.<\/li>\n<li><b>G\u00f3rnictwo:<\/b> Cylindry typu T spawane s\u0105 stosowane w g\u00f3rnictwie do obs\u0142ugi uk\u0142ad\u00f3w hydraulicznych ci\u0119\u017ckiego sprz\u0119tu, takiego jak buldo\u017cery, \u0142adowarki i wiertnice do ska\u0142.<\/li>\n<li><b>Transport:<\/b> Cylindry typu T spawane s\u0105 stosowane w transporcie do obs\u0142ugi uk\u0142ad\u00f3w hydraulicznych w ci\u0119\u017car\u00f3wkach, autobusach i innych pojazdach.<\/li>\n<\/ul>\n<p>Podsumowuj\u0105c, spawane cylindry typu T s\u0105 wa\u017cnym elementem w wielu zastosowaniach przemys\u0142owych. Zaprojektowano je tak, aby by\u0142y kompaktowe, wydajne, trwa\u0142e i ekonomiczne, co czyni je idealnym wyborem do szerokiego zakresu zastosowa\u0144. Niezale\u017cnie od tego, czy obs\u0142ugujesz maszyny w zak\u0142adzie produkcyjnym, sprz\u0119t rolniczy w gospodarstwie rolnym, czy ci\u0119\u017cki sprz\u0119t w kopalni, spawane cylindry typu T pomog\u0105 Ci wykona\u0107 zadanie sprawnie i skutecznie.<\/p>\n<p><img loading=\"lazy\" decoding=\"async\" class=\"size-full wp-image-974 aligncenter\" src=\"https:\/\/fmp-components.com\/wp-content\/uploads\/2024\/12\/application-of-Welded-Tee-Type-Cylinder.webp\" alt=\"zastosowanie cylindra spawanego typu tr\u00f3jnika\" width=\"760\" height=\"860\" title=\"\" srcset=\"https:\/\/fmp-components.com\/wp-content\/uploads\/2024\/12\/application-of-Welded-Tee-Type-Cylinder.webp 760w, https:\/\/fmp-components.com\/wp-content\/uploads\/2024\/12\/application-of-Welded-Tee-Type-Cylinder-480x543.webp 480w\" sizes=\"(min-width: 0px) and (max-width: 480px) 480px, (min-width: 481px) 760px, 100vw\" \/><\/p>\n<h3>O FMP<\/h3>\n<p>FMP to profesjonalny producent i sprzedawca r\u00f3\u017cnego rodzaju si\u0142ownik\u00f3w hydraulicznych, z ponad 30-letnim do\u015bwiadczeniem, z siedzib\u0105 we W\u0142oszech. Posiadamy ponad 100 urz\u0105dze\u0144, w tym automatyczne spawarki w os\u0142onie gaz\u00f3w ochronnych, maszyny do g\u0142\u0119bokiego wiercenia, tokarki CNC, szlifierki do wa\u0142k\u00f3w, automatyczne maszyny czyszcz\u0105ce, automatyczne maszyny monta\u017cowe, automatyczne stanowiska do testowania wydajno\u015bci si\u0142ownik\u00f3w hydraulicznych, automatyczne linie lakiernicze i wiele innych.<\/p>\n<p>Nasze cylindry hydrauliczne charakteryzuj\u0105 si\u0119 najwy\u017csz\u0105 jako\u015bci\u0105, poniewa\u017c przechodz\u0105 rygorystyczn\u0105 obr\u00f3bk\u0119 i kontrol\u0119, aby zapewni\u0107 naszym klientom najwy\u017csz\u0105 wydajno\u015b\u0107. Oferujemy szerok\u0105 gam\u0119 produkt\u00f3w, w tym:<\/p>\n<ul>\n<li>Si\u0142ownik hydrauliczny<\/li>\n<li>Cylinder kolczyka cylindra hydraulicznego<\/li>\n<li>Dwukierunkowy automatyczny teleskopowy si\u0142ownik hydrauliczny<\/li>\n<\/ul>\n<p>Oto pi\u0119\u0107 powod\u00f3w, dla kt\u00f3rych warto wybra\u0107 FMP:<\/p>\n<ol>\n<li><strong>Us\u0142uga projektowa:<\/strong> Nasz do\u015bwiadczony zesp\u00f3\u0142 projektant\u00f3w pomo\u017ce Ci stworzy\u0107 nowe produkty lub udoskonali\u0107 istniej\u0105ce, tak aby odpowiada\u0142y Twoim potrzebom.<\/li>\n<li><strong>Us\u0142uga produktowa:<\/strong> Nasze produkty przechodz\u0105 rygorystyczne testy i monta\u017c w celu kontroli jako\u015bci \u2013 od surowc\u00f3w po transport.<\/li>\n<li><strong>Przyk\u0142adowy proces:<\/strong> Mo\u017cemy przygotowa\u0107 pr\u00f3bki wed\u0142ug Twoich wymaga\u0144 i zmodyfikowa\u0107 je tak, aby spe\u0142nia\u0142y Twoje potrzeby.<\/li>\n<li><strong>Badania i rozw\u00f3j:<\/strong> Ci\u0105gle badamy nowe potrzeby rynku i opracowujemy nowe modele, aby by\u0107 o krok przed konkurencj\u0105.<\/li>\n<li><strong>Produkty wysokiej jako\u015bci:<\/strong> Nasze cylindry hydrauliczne wykonane s\u0105 z materia\u0142\u00f3w najwy\u017cszej jako\u015bci i przechodz\u0105 rygorystyczn\u0105 obr\u00f3bk\u0119 i kontrol\u0119, co gwarantuje najlepsz\u0105 wydajno\u015b\u0107 i trwa\u0142o\u015b\u0107 inwestycji.<\/li>\n<\/ol>\n<p>W FMP dok\u0142adamy wszelkich stara\u0144, aby dostarcza\u0107 naszym klientom najlepsze si\u0142owniki hydrauliczne na rynku. Skontaktuj si\u0119 z nami ju\u017c dzi\u015b, aby dowiedzie\u0107 si\u0119 wi\u0119cej o naszych produktach i o tym, jak mo\u017cemy pom\u00f3c Ci w zaspokojeniu Twoich potrzeb w zakresie si\u0142ownik\u00f3w hydraulicznych.<\/p>\n<p><img decoding=\"async\" src=\"https:\/\/fmp-components.com\/wp-content\/uploads\/2024\/12\/fmp-factory-4.webp\" alt=\"Fabryka FMP\" width=\"800\" title=\"\"><br \/>\nAutor:CX<\/p>","protected":false},"excerpt":{"rendered":"<p>The 10015 Factory Price Small Double Acting Hydraulic Piston Cylinder is specifically designed to meet the demanding needs of agricultural applications. Combining high performance with affordability, this hydraulic cylinder is an essential tool for enhancing efficiency and productivity in farming operations. Key Features: Double Acting Mechanism: This hydraulic piston cylinder operates in both extension and [&hellip;]<\/p>","protected":false},"featured_media":1132,"comment_status":"closed","ping_status":"closed","template":"","meta":{"_et_pb_use_builder":"","_et_pb_old_content":"","_et_gb_content_width":""},"product_brand":[],"product_cat":[31],"product_tag":[34,35],"class_list":{"0":"post-935","1":"product","2":"type-product","3":"status-publish","4":"has-post-thumbnail","6":"product_cat-welded-tee-type-cylinder","7":"product_tag-hydraulic-cylinder","8":"product_tag-welded-tee-type-cylinder","10":"first","11":"instock","12":"product-type-simple"},"_links":{"self":[{"href":"https:\/\/fmp-components.com\/pl\/wp-json\/wp\/v2\/product\/935","targetHints":{"allow":["GET"]}}],"collection":[{"href":"https:\/\/fmp-components.com\/pl\/wp-json\/wp\/v2\/product"}],"about":[{"href":"https:\/\/fmp-components.com\/pl\/wp-json\/wp\/v2\/types\/product"}],"replies":[{"embeddable":true,"href":"https:\/\/fmp-components.com\/pl\/wp-json\/wp\/v2\/comments?post=935"}],"wp:featuredmedia":[{"embeddable":true,"href":"https:\/\/fmp-components.com\/pl\/wp-json\/wp\/v2\/media\/1132"}],"wp:attachment":[{"href":"https:\/\/fmp-components.com\/pl\/wp-json\/wp\/v2\/media?parent=935"}],"wp:term":[{"taxonomy":"product_brand","embeddable":true,"href":"https:\/\/fmp-components.com\/pl\/wp-json\/wp\/v2\/product_brand?post=935"},{"taxonomy":"product_cat","embeddable":true,"href":"https:\/\/fmp-components.com\/pl\/wp-json\/wp\/v2\/product_cat?post=935"},{"taxonomy":"product_tag","embeddable":true,"href":"https:\/\/fmp-components.com\/pl\/wp-json\/wp\/v2\/product_tag?post=935"}],"curies":[{"name":"wp","href":"https:\/\/api.w.org\/{rel}","templated":true}]}}